{"id":317,"date":"2024-06-28T04:00:12","date_gmt":"2024-06-28T04:00:12","guid":{"rendered":"https:\/\/rfid-laundry-tag.com\/?post_type=product&#038;p=317"},"modified":"2024-06-28T04:00:12","modified_gmt":"2024-06-28T04:00:12","slug":"iso15693-i-code-slix-nfc-tag","status":"publish","type":"product","link":"https:\/\/rfid-laundry-tag.com\/hr\/iso15693-i-code-slix-nfc-tag\/","title":{"rendered":"ISO15693 I CODE SLIX NFC oznaka"},"content":{"rendered":"<table class=\"hight-light-first-column all magic-1\">\n<tbody>\n<tr>\n<td colspan=\"1\" rowspan=\"1\">\n<div class=\"magic-2\">\n<div class=\"magic-3\" data-spm-anchor-id=\"a2700.pc-decorate.0.i24.7f543333WPG8F0\"><span class=\"magic-4\" data-spm-anchor-id=\"a2700.pc-decorate.0.i23.7f543333WPG8F0\"><span class=\"magic-5\" style=\"color: #000000; font-family: Roboto;\"><b class=\"magic-4\" data-spm-anchor-id=\"a2700.pc-decorate.0.i114.7f543333WPG8F0\">Artikal<\/b><\/span><\/span><\/div>\n<\/div>\n<\/td>\n<td colspan=\"4\" rowspan=\"1\">\n<div class=\"magic-6\">\u00a0ISO15693 I CODE SLIX NFC oznaka<\/div>\n<\/td>\n<\/tr>\n<tr>\n<td colspan=\"1\" rowspan=\"1\">\n<div class=\"magic-2\">\n<div class=\"magic-3\" data-spm-anchor-id=\"a2700.pc-decorate.0.i22.7f543333WPG8F0\"><span class=\"magic-4\" data-spm-anchor-id=\"a2700.pc-decorate.0.i10.7f543333WPG8F0\"><b class=\"magic-4\"><span class=\"magic-5\" style=\"color: #000000; font-family: Roboto;\">Materijal<\/span><\/b><\/span><\/div>\n<\/div>\n<\/td>\n<td colspan=\"4\" rowspan=\"1\">\n<div class=\"magic-9\"><span class=\"magic-5\" style=\"color: #000000;\">Papir \/ PP folija \/ PET \/ Inlay<\/span><\/div>\n<\/td>\n<\/tr>\n<tr>\n<td colspan=\"1\" rowspan=\"1\">\n<div class=\"magic-2\">\n<div class=\"magic-3\" data-spm-anchor-id=\"a2700.pc-decorate.0.i34.7f543333WPG8F0\"><b class=\"magic-13\" data-spm-anchor-id=\"a2700.pc-decorate.0.i111.7f543333WPG8F0\"><span class=\"magic-5\" style=\"color: #000000; font-family: Roboto;\">Frekvencija<\/span><\/b><\/div>\n<\/div>\n<\/td>\n<td colspan=\"4\" rowspan=\"1\">\n<div class=\"magic-6\"><span class=\"magic-5\" style=\"color: #000000; font-family: Roboto;\" data-spm-anchor-id=\"a2700.details.0.i25.244e512bmtbZH7\">13,56 MHz<\/span><\/div>\n<\/td>\n<\/tr>\n<tr>\n<td colspan=\"1\" rowspan=\"1\">\n<div class=\"magic-2\">\n<div class=\"magic-3\" data-spm-anchor-id=\"a2700.pc-decorate.0.i33.7f543333WPG8F0\"><b class=\"magic-4\"><span class=\"magic-5\" style=\"color: #000000; font-family: Roboto;\">Veli\u010dina<\/span><\/b><\/div>\n<\/div>\n<\/td>\n<td colspan=\"4\" rowspan=\"1\">\n<div class=\"magic-9\"><span class=\"magic-5\" style=\"color: #000000;\">50*50\/45*45\/30*15\/40*25\/ Dia 25\/30 ili prilago\u0111ena veli\u010dina<\/span><\/div>\n<\/td>\n<\/tr>\n<tr>\n<td colspan=\"1\" rowspan=\"1\">\n<div class=\"magic-2\">\n<div class=\"magic-3\"><b class=\"magic-14\">Prijave<\/b><\/div>\n<\/div>\n<\/td>\n<td colspan=\"4\" rowspan=\"1\">\n<div class=\"magic-6\" data-spm-anchor-id=\"a2700.details.0.i24.244e512bmtbZH7\"><span class=\"magic-5\" style=\"color: #000000; font-family: Roboto;\">\u0160iroko se koristi u upravljanju imovinom, odje\u0107om, inventarom, knji\u017enicom, nakitom, logistikom itd.<\/span><\/div>\n<\/td>\n<\/tr>\n<\/tbody>\n<\/table>\n<p>&nbsp;<\/p>\n<div class=\"auto-hide-last-sibling-br paragraph_9dc5f paragraph-element\"><strong>RFID umeci:<\/strong>\u00a0RFID ulo\u017eak sastoji se od antene i mikro\u010dipa, gdje \u010dip pohranjuje podatke, a antena je odgovorna za prijenos tih podataka do RFID \u010dita\u010da.<\/div>\n<p>&nbsp;<\/p>\n<div class=\"auto-hide-last-sibling-br paragraph_9dc5f paragraph-element\"><strong>Mokri umeci:<\/strong>\u00a0To su RFID umeci koji se postavljaju na vrh ljepljivog sloja i prozirnog PET (polietilen tereftalat) sloja. PET sloj se koristi za za\u0161titu od fizi\u010dkih o\u0161te\u0107enja. S ljepljivom stranom okrenutom od naljepnice ili materijala, mogu se udobno koristiti za izradu RFID naljepnica, otuda njihova \u0161iroka primjena u izradi naljepnica za razli\u010dite sektore.<\/div>\n<div><\/div>\n<div>\n<div class=\"auto-hide-last-sibling-br paragraph_9dc5f paragraph-element\">\u00a0ISO15693 I CODE SLIX NFC oznaka, izra\u0111ena od raznih materijala poput papira, PP folije, PET-a ili inlaya, i u razli\u010ditim veli\u010dinama, \u0161iroko se koristi. \u010cesto \u0107ete ih prona\u0107i u industrijama kao \u0161to su:<\/div>\n<p><br class=\"container_21264 wrapper_661ac undefined\" \/><\/p>\n<ul class=\"auto-hide-last-sibling-br\">\n<li><strong>Upravljanje imovinom:<\/strong>\u00a0Oznake se koriste za pra\u0107enje fizi\u010dke imovine u razli\u010ditim postavkama, kao \u0161to je oprema za nadzor u zdravstvu ili IT-u.<\/li>\n<li><strong>Upravljanje odje\u0107om:<\/strong>\u00a0U modnoj maloprodaji ove oznake olak\u0161avaju pra\u0107enje zaliha, mjere protiv kra\u0111e i pobolj\u0161avaju korisni\u010dko iskustvo u trgovini.<\/li>\n<li><strong>Upravljanje zalihama:<\/strong>\u00a0U skladi\u0161tima i maloprodaji, RFID oznake se koriste za u\u010dinkovito upravljanje zalihama, smanjenje ru\u010dnog rada i minimiziranje pogre\u0161aka.<\/li>\n<li><strong>Uprava knji\u017enice:<\/strong>\u00a0Koriste se za automatizaciju procesa posu\u0111ivanja i povrata, pobolj\u0161anje upravljanja zalihama i nude sigurnost od kra\u0111e.<\/li>\n<li><strong>Upravljanje nakitom:<\/strong>\u00a0Lagane i to\u010dne, ove oznake nude sigurnu i u\u010dinkovitu kontrolu inventara u industriji nakita.<\/li>\n<li><strong>Logistika:<\/strong> RFID oznake koriste se za pra\u0107enje robe u tranzitu, pobolj\u0161avaju to\u010dnost otpreme i pove\u0107avaju vidljivost u opskrbnom lancu.<\/li>\n<\/ul>\n<div class=\"auto-hide-last-sibling-br paragraph_9dc5f paragraph-element\">Veli\u010dina i oblik oznake mogu se prilagoditi prema specifi\u010dnoj primjeni, pove\u0107avaju\u0107i njihovu fleksibilnost i prilagodljivost u razli\u010ditim slu\u010dajevima uporabe.<\/div>\n<\/div>","protected":false},"excerpt":{"rendered":"<p><strong>ISO15693 I CODE SLIX NFC oznaka:<\/strong>\u00a0Ove oznake su visokofrekventne (13,56MHz) RFID oznake koje su u skladu sa standardom ISO15693. \u010cip I CODE SLIX poznat je po svom izvanrednom rasponu \u010ditanja\/pisanja, idealnom za aplikacije upravljanja imovinom.<\/p>","protected":false},"featured_media":318,"template":"","meta":{"_kad_post_transparent":"default","_kad_post_title":"","_kad_post_layout":"default","_kad_post_sidebar_id":"","_kad_post_content_style":"default","_kad_post_vertical_padding":"default","_kad_post_feature":"","_kad_post_feature_position":"","_kad_post_header":false,"_kad_post_footer":false,"_kad_post_classname":""},"product_brand":[],"product_cat":[54],"product_tag":[133,132],"class_list":{"0":"post-317","1":"product","2":"type-product","3":"status-publish","4":"has-post-thumbnail","6":"product_cat-hot-selling-rfid-tags","7":"product_tag-i-code-slix-nfc-tag","8":"product_tag-iso15693-i-code-slix-nfc-tag","10":"first","11":"instock","12":"shipping-taxable","13":"product-type-simple","14":"entry","15":"content-bg","16":"loop-entry"},"_links":{"self":[{"href":"https:\/\/rfid-laundry-tag.com\/hr\/wp-json\/wp\/v2\/product\/317","targetHints":{"allow":["GET"]}}],"collection":[{"href":"https:\/\/rfid-laundry-tag.com\/hr\/wp-json\/wp\/v2\/product"}],"about":[{"href":"https:\/\/rfid-laundry-tag.com\/hr\/wp-json\/wp\/v2\/types\/product"}],"version-history":[{"count":0,"href":"https:\/\/rfid-laundry-tag.com\/hr\/wp-json\/wp\/v2\/product\/317\/revisions"}],"wp:featuredmedia":[{"embeddable":true,"href":"https:\/\/rfid-laundry-tag.com\/hr\/wp-json\/wp\/v2\/media\/318"}],"wp:attachment":[{"href":"https:\/\/rfid-laundry-tag.com\/hr\/wp-json\/wp\/v2\/media?parent=317"}],"wp:term":[{"taxonomy":"product_brand","embeddable":true,"href":"https:\/\/rfid-laundry-tag.com\/hr\/wp-json\/wp\/v2\/product_brand?post=317"},{"taxonomy":"product_cat","embeddable":true,"href":"https:\/\/rfid-laundry-tag.com\/hr\/wp-json\/wp\/v2\/product_cat?post=317"},{"taxonomy":"product_tag","embeddable":true,"href":"https:\/\/rfid-laundry-tag.com\/hr\/wp-json\/wp\/v2\/product_tag?post=317"}],"curies":[{"name":"radni list","href":"https:\/\/api.w.org\/{rel}","templated":true}]}}