{"id":315,"date":"2024-06-28T01:50:42","date_gmt":"2024-06-28T01:50:42","guid":{"rendered":"https:\/\/rfid-laundry-tag.com\/?post_type=product&#038;p=315"},"modified":"2024-08-19T15:48:20","modified_gmt":"2024-08-19T15:48:20","slug":"tamper-proof-nfc-sticker-ntag424-dna-tt","status":"publish","type":"product","link":"https:\/\/rfid-laundry-tag.com\/hr\/tamper-proof-nfc-sticker-ntag424-dna-tt\/","title":{"rendered":"NFC naljepnica za\u0161ti\u0107ena od neovla\u0161tenog otvaranja NTAG424 DNA TT"},"content":{"rendered":"<h2>NFC naljepnica za\u0161ti\u0107ena od neovla\u0161tenog otvaranja NTAG424 DNA TT<\/h2>\n<table class=\"all magic-15\">\n<tbody>\n<tr>\n<td colspan=\"1\" rowspan=\"1\">\n<div class=\"magic-16\" data-spm-anchor-id=\"a2700.details.0.i75.2d9c3353FQLlpS\">Materijal<\/div>\n<\/td>\n<td colspan=\"4\" rowspan=\"1\">\n<div class=\"magic-17\">Lomljivi papir + Lomljiva antena<\/div>\n<\/td>\n<\/tr>\n<tr>\n<td colspan=\"1\" rowspan=\"1\">\n<div class=\"magic-16\">Veli\u010dina<\/div>\n<\/td>\n<td colspan=\"4\" rowspan=\"1\">\n<div class=\"magic-17\">24*60mm, 20*70mm, 27*77mm, 35*66mm, 35*80mm itd.<\/div>\n<\/td>\n<\/tr>\n<tr>\n<td colspan=\"1\" rowspan=\"1\">\n<div class=\"magic-16\">Ispis<\/div>\n<\/td>\n<td colspan=\"4\" rowspan=\"1\">\n<div class=\"magic-17\">Ispis u punoj boji<\/div>\n<\/td>\n<\/tr>\n<tr>\n<td colspan=\"1\" rowspan=\"1\">\n<div class=\"magic-16\">Frekvencija<\/div>\n<\/td>\n<td colspan=\"4\" rowspan=\"1\">\n<div class=\"magic-17\" data-spm-anchor-id=\"a2700.details.0.i74.2d9c3353FQLlpS\">13,56MHz<\/div>\n<\/td>\n<\/tr>\n<tr>\n<td colspan=\"1\" rowspan=\"1\">\n<div class=\"magic-16\">Protokol<\/div>\n<\/td>\n<td colspan=\"4\" rowspan=\"1\">\n<div class=\"magic-17\">ISO14443A<\/div>\n<\/td>\n<\/tr>\n<tr>\n<td colspan=\"1\" rowspan=\"2\">\n<div class=\"magic-16\">\u010cip<\/div>\n<\/td>\n<td colspan=\"4\" rowspan=\"1\">\n<div class=\"magic-17\">\n<p>NTAG213 TT<\/p>\n<p>* 184 bajta organizirana u 46 stranica s 4 bajta po stranici<br \/>\n* 144 bajta besplatno dostupno korisni\u010dko podru\u010dje za \u010ditanje\/pisanje (36 stranica)<\/p>\n<\/div>\n<\/td>\n<\/tr>\n<tr>\n<td colspan=\"4\" rowspan=\"1\">\n<div class=\"magic-17\">\n<p>NTAG424 DNA TT Tamper (416 bajtova)<\/p>\n<p>Memorija od 416 bajta organizirana u sustav datoteka ISO\/IEC 7816-4:<br \/>\n* Spremnik mogu\u0107nosti od 32 bajta<br \/>\n* NDEF datoteka od 256 bajta<br \/>\n* Za\u0161ti\u0107ena podatkovna datoteka od 128 bajtova<\/p>\n<\/div>\n<\/td>\n<\/tr>\n<tr>\n<td colspan=\"1\" rowspan=\"1\">\n<div class=\"magic-16\">O\u010ditajte udaljenost<\/div>\n<\/td>\n<td colspan=\"4\" rowspan=\"1\">\n<div class=\"magic-17\" data-spm-anchor-id=\"a2700.details.0.i76.2d9c3353FQLlpS\">1-10 CM (povezano s performansama \u010dita\u010da i radnim okru\u017eenjem)<\/div>\n<\/td>\n<\/tr>\n<tr>\n<td colspan=\"1\" rowspan=\"1\">\n<div class=\"magic-16\">Zna\u010dajka<\/div>\n<\/td>\n<td colspan=\"4\" rowspan=\"1\">\n<div class=\"magic-17\">Za\u0161tita od krivotvorina, za\u0161tita od neovla\u0161tenog otvaranja, jednokratna uporaba<\/div>\n<\/td>\n<\/tr>\n<tr>\n<td colspan=\"1\" rowspan=\"1\">\n<div class=\"magic-16\">Prilago\u0111ena podr\u0161ka<\/div>\n<\/td>\n<td colspan=\"4\" rowspan=\"1\">\n<div class=\"magic-17\">Materijal, veli\u010dina, \u010dip, ispis, kodiranje, serijski broj, oblik, pakiranje itd.<\/div>\n<\/td>\n<\/tr>\n<tr>\n<td colspan=\"1\" rowspan=\"1\">\n<div class=\"magic-16\">Potvrda<\/div>\n<\/td>\n<td colspan=\"4\" rowspan=\"1\">\n<div class=\"magic-17\">CE RoHS ISO<\/div>\n<\/td>\n<\/tr>\n<\/tbody>\n<\/table>\n<h3>Kako radi TAG (NTAG213 TagTamper \/ 424 DNA TagTamper).<\/h3>\n<p><strong>Op\u0107e na\u010delo:<\/strong><\/p>\n<p>Sustav TAG koristi\u00a0<strong>RFID tehnologija<\/strong>\u00a0sa specijaliziranim\u00a0<strong>Tag Tamper<\/strong>\u00a0funkcionalnost za otkrivanje neovla\u0161tenog otvaranja paketa. Sastoji se od dvije osnovne komponente:<\/p>\n<ol>\n<li><strong>RFID oznaka:<\/strong>\n<ul>\n<li><strong>Glavna antenska petlja:<\/strong>\u00a0Prenosi radio valove izme\u0111u RFID \u010dita\u010da i IC \u010dipa.<\/li>\n<li><strong>Petlja\/\u017eica za otkrivanje:<\/strong>\u00a0Zasebna \u017eica dizajnirana da pukne nakon diranja. Ovaj prekid trajno bilje\u017ei IC \u010dip.<\/li>\n<\/ul>\n<\/li>\n<li><strong>RFID \u010dita\u010d:<\/strong>\n<ul>\n<li><strong>\u010cita podatke s RFID oznake<\/strong>, uklju\u010duju\u0107i status detekcijske \u017eice.<\/li>\n<li><strong>Prenosi podatke na poslu\u017eitelj<\/strong>, gdje se mo\u017ee analizirati i koristiti za razli\u010dite primjene.<\/li>\n<\/ul>\n<\/li>\n<\/ol>\n<p><strong>Funkcionalnost mijenjanja oznaka:<\/strong><\/p>\n<ul>\n<li>\u017dica za otkrivanje spojena je na IC \u010dip.<\/li>\n<li>Kad je \u017eica prekinuta, \u010dip\u00a0<strong>pohranjuje trajni zapis o neovla\u0161tenom doga\u0111aju<\/strong>.<\/li>\n<li>Ove informacije mogu biti\u00a0<strong>preslikan u ASCII kodu u korisni\u010dku memoriju<\/strong>\u00a0i\u00a0<strong>prijavljen oblaku<\/strong>\u00a0za daljnju analizu.<\/li>\n<\/ul>\n<p><strong>424 DNA Tag Tamper s AES-128 kriptografijom:<\/strong><\/p>\n<ul>\n<li><strong>Jedinstvena NFC autentifikacijska poruka (SUN):<\/strong>\u00a0Svaki put kada se 424 DNA TagTamper dodirne NFC mobitelom ili \u010dita\u010dem, on generira jedinstveno SUN.<\/li>\n<li><strong>Sigurna autentifikacija:<\/strong>\n<ul>\n<li>SUN se \u0161alje glavnom poslu\u017eitelju, zajedno s jedinstvenim URL-om.<\/li>\n<li>Host provodi autentifikaciju koriste\u0107i AES-128 kriptografiju.<\/li>\n<li><strong>Provjera<\/strong>\u00a0se vra\u0107a u \u010dita\u010d\/mobilni ure\u0111aj.<\/li>\n<\/ul>\n<\/li>\n<\/ul>\n<p><strong>Prijave:<\/strong><\/p>\n<ul>\n<li><strong>Napredna za\u0161tita od krivotvorina (provjera autenti\u010dnosti proizvoda):<\/strong>\n<ul>\n<li>Provjerava autenti\u010dnost fizi\u010dke robe.<\/li>\n<li>Identificira prodaju izvan ovla\u0161tenih tr\u017ei\u0161ta.<\/li>\n<\/ul>\n<\/li>\n<li><strong>Otkrivanje neovla\u0161tenog otvaranja i za\u0161tita (pametno pakiranje):<\/strong>\n<ul>\n<li>Otkriva neovla\u0161teno otvaranje proizvoda.<\/li>\n<li>Osigurava integritet proizvoda.<\/li>\n<\/ul>\n<\/li>\n<li><strong>Osigurana ekskluzivna korisni\u010dka iskustva na temelju statusa proizvoda:<\/strong>\n<ul>\n<li>Omogu\u0107uje napredne korisni\u010dke interakcije (prije i nakon prodaje).<\/li>\n<li>Nagra\u0111uje kupce personaliziranim sadr\u017eajem, ponudama i privilegijama.<\/li>\n<\/ul>\n<\/li>\n<li><strong>Za\u0161ti\u0107ene aplikacije za osjetljive podatke:<\/strong>\n<ul>\n<li>\u0160titi osjetljive podatke o proizvodima i korisnicima.<\/li>\n<li>Pokre\u0107e radnju nakon provjerenog slu\u010daja (npr. pla\u0107anje).<\/li>\n<\/ul>\n<\/li>\n<li><strong>Sigurna autentifikacija i konfiguracija ure\u0111aja zatvorene petlje:<\/strong>\n<ul>\n<li>Provjerava autenti\u010dnost potro\u0161nog materijala i dijelova.<\/li>\n<li>Omogu\u0107uje provjeru integriteta.<\/li>\n<li>Automatski prenosi postavke ure\u0111aja.<\/li>\n<\/ul>\n<\/li>\n<\/ul>\n<p><strong>Klju\u010dne prednosti:<\/strong><\/p>\n<ul>\n<li><strong>Visoka sigurnost:<\/strong>\u00a0Zna\u010dajka otkrivanja neovla\u0161tenog otvaranja i kriptografija AES-128 osiguravaju integritet podataka i sprje\u010davaju neovla\u0161teni pristup.<\/li>\n<li><strong>Svestrane primjene:<\/strong>\u00a0Sustav se mo\u017ee koristiti u razli\u010dite svrhe, od provjere autenti\u010dnosti proizvoda do sigurnosti podataka.<\/li>\n<li><strong>Pra\u0107enje u stvarnom vremenu:<\/strong>\u00a0Informacije se \u0161alju u oblak u stvarnom vremenu, \u0161to omogu\u0107uje trenutnu akciju i pra\u0107enje.<\/li>\n<\/ul>","protected":false},"excerpt":{"rendered":"<p>NTAG 424 DNA je visokosigurnosna, sna\u017ena NFC naljepnica za\u0161ti\u0107ena od neovla\u0161tenog otvaranja NTAG424 DNA TT koju osigurava NXP semiconductors. Oznaka je idealna za za\u0161titu imovine i informacija budu\u0107i da sadr\u017ei napredne funkcionalnosti, kao \u0161to su AES kriptografija i SUN provjera autenti\u010dnosti poruka, te \u0161titi pohranu osjetljivih podataka.<\/p>","protected":false},"featured_media":316,"template":"","meta":{"_kad_post_transparent":"default","_kad_post_title":"","_kad_post_layout":"default","_kad_post_sidebar_id":"","_kad_post_content_style":"default","_kad_post_vertical_padding":"default","_kad_post_feature":"","_kad_post_feature_position":"","_kad_post_header":false,"_kad_post_footer":false,"_kad_post_classname":""},"product_brand":[],"product_cat":[54],"product_tag":[135,134],"class_list":{"0":"post-315","1":"product","2":"type-product","3":"status-publish","4":"has-post-thumbnail","6":"product_cat-hot-selling-rfid-tags","7":"product_tag-tamper-proof-nfc-sticker","8":"product_tag-tamper-proof-nfc-sticker-ntag424-dna-tt","10":"first","11":"instock","12":"shipping-taxable","13":"product-type-simple","14":"entry","15":"content-bg","16":"loop-entry"},"_links":{"self":[{"href":"https:\/\/rfid-laundry-tag.com\/hr\/wp-json\/wp\/v2\/product\/315","targetHints":{"allow":["GET"]}}],"collection":[{"href":"https:\/\/rfid-laundry-tag.com\/hr\/wp-json\/wp\/v2\/product"}],"about":[{"href":"https:\/\/rfid-laundry-tag.com\/hr\/wp-json\/wp\/v2\/types\/product"}],"version-history":[{"count":1,"href":"https:\/\/rfid-laundry-tag.com\/hr\/wp-json\/wp\/v2\/product\/315\/revisions"}],"predecessor-version":[{"id":1566,"href":"https:\/\/rfid-laundry-tag.com\/hr\/wp-json\/wp\/v2\/product\/315\/revisions\/1566"}],"wp:featuredmedia":[{"embeddable":true,"href":"https:\/\/rfid-laundry-tag.com\/hr\/wp-json\/wp\/v2\/media\/316"}],"wp:attachment":[{"href":"https:\/\/rfid-laundry-tag.com\/hr\/wp-json\/wp\/v2\/media?parent=315"}],"wp:term":[{"taxonomy":"product_brand","embeddable":true,"href":"https:\/\/rfid-laundry-tag.com\/hr\/wp-json\/wp\/v2\/product_brand?post=315"},{"taxonomy":"product_cat","embeddable":true,"href":"https:\/\/rfid-laundry-tag.com\/hr\/wp-json\/wp\/v2\/product_cat?post=315"},{"taxonomy":"product_tag","embeddable":true,"href":"https:\/\/rfid-laundry-tag.com\/hr\/wp-json\/wp\/v2\/product_tag?post=315"}],"curies":[{"name":"radni list","href":"https:\/\/api.w.org\/{rel}","templated":true}]}}