{"id":313,"date":"2024-06-28T01:43:55","date_gmt":"2024-06-28T01:43:55","guid":{"rendered":"https:\/\/rfid-laundry-tag.com\/?post_type=product&#038;p=313"},"modified":"2024-08-19T15:55:01","modified_gmt":"2024-08-19T15:55:01","slug":"tamper-proof-ntag424-dna-tt-nfc-label","status":"publish","type":"product","link":"https:\/\/rfid-laundry-tag.com\/hr\/tamper-proof-ntag424-dna-tt-nfc-label\/","title":{"rendered":"Za\u0161tita od neovla\u0161tenog otvaranja Ntag424 DNA TT NFC naljepnica"},"content":{"rendered":"<table class=\"hight-light-first-column all magic-8\">\n<tbody>\n<tr>\n<td colspan=\"1\" rowspan=\"1\">\n<div class=\"magic-11\"><span class=\"magic-7\" data-spm-anchor-id=\"a2700.details.0.i73.5472537dnd6ZwT\">Ime proizvoda<\/span><\/div>\n<\/td>\n<td colspan=\"1\" rowspan=\"1\">\n<div class=\"magic-12\"><span class=\"magic-7\">Anti-la\u017ena NFC oznaka<\/span><\/div>\n<\/td>\n<\/tr>\n<tr>\n<td colspan=\"1\" rowspan=\"1\">\n<div class=\"magic-11\"><span class=\"magic-7\">Klju\u010dna rije\u010d<\/span><\/div>\n<\/td>\n<td colspan=\"1\" rowspan=\"1\">\n<div class=\"magic-12\"><span class=\"magic-7\">Za\u0161tita od neovla\u0161tenog otvaranja Ntag424 DNA TT NFC naljepnica<\/span><\/div>\n<\/td>\n<\/tr>\n<tr>\n<td colspan=\"1\" rowspan=\"1\">\n<div class=\"magic-11\"><span class=\"magic-7\">Materijal<\/span><\/div>\n<\/td>\n<td colspan=\"1\" rowspan=\"1\">\n<div class=\"magic-12\"><span class=\"magic-7\">AL+PET+papir<\/span><\/div>\n<\/td>\n<\/tr>\n<tr>\n<td colspan=\"1\" rowspan=\"1\">\n<div class=\"magic-11\"><span class=\"magic-7\">Veli\u010dina<\/span><\/div>\n<\/td>\n<td colspan=\"1\" rowspan=\"1\">\n<div class=\"magic-12\"><span class=\"magic-7\">24*49*0,2 mm<\/span><\/div>\n<\/td>\n<\/tr>\n<tr>\n<td colspan=\"1\" rowspan=\"1\">\n<div class=\"magic-11\"><span class=\"magic-7\">\u010cip<\/span><\/div>\n<\/td>\n<td colspan=\"1\" rowspan=\"1\">\n<div class=\"magic-12\"><span class=\"magic-7\">NTag 424 DNA TT<\/span><\/div>\n<\/td>\n<\/tr>\n<tr>\n<td colspan=\"1\" rowspan=\"1\">\n<div class=\"magic-11\"><span class=\"magic-7\">Memorija<\/span><\/div>\n<\/td>\n<td colspan=\"1\" rowspan=\"1\">\n<div class=\"magic-12\" data-spm-anchor-id=\"a2700.details.0.i72.5472537dnd6ZwT\"><span class=\"magic-7\">416 bajtova<\/span><\/div>\n<\/td>\n<\/tr>\n<tr>\n<td colspan=\"1\" rowspan=\"1\">\n<div class=\"magic-11\"><span class=\"magic-7\">Frekvencija<\/span><\/div>\n<\/td>\n<td colspan=\"1\" rowspan=\"1\">\n<div class=\"magic-12\"><span class=\"magic-7\">13,56 MHz<\/span><\/div>\n<\/td>\n<\/tr>\n<tr>\n<td colspan=\"1\" rowspan=\"1\">\n<div class=\"magic-11\"><span class=\"magic-7\">Protokol<\/span><\/div>\n<\/td>\n<td colspan=\"1\" rowspan=\"1\">\n<div class=\"magic-12\"><span class=\"magic-7\">ISO 14443A<\/span><\/div>\n<\/td>\n<\/tr>\n<tr>\n<td colspan=\"1\" rowspan=\"1\">\n<div class=\"magic-11\"><span class=\"magic-7\">Primjena<\/span><\/div>\n<\/td>\n<td colspan=\"1\" rowspan=\"1\">\n<div class=\"magic-12\"><span class=\"magic-7\">Sigurnost alkohola, vrhunska kozmetika, nakit, upravljanje imovinom itd.<\/span><\/div>\n<\/td>\n<\/tr>\n<tr>\n<td colspan=\"1\" rowspan=\"1\">\n<div class=\"magic-11\"><span class=\"magic-7\">Zna\u010dajka<\/span><\/div>\n<\/td>\n<td colspan=\"1\" rowspan=\"1\">\n<div class=\"magic-12\"><span class=\"magic-7\">PROTIV LA\u017dANJA<\/span><\/div>\n<\/td>\n<\/tr>\n<\/tbody>\n<\/table>\n<p>&nbsp;<\/p>\n<p>NTAG 424 DNA je visokosigurnosna, mo\u0107na NFC oznaka koju osigurava NXP semiconductors. Oznaka je idealna za za\u0161titu imovine i informacija budu\u0107i da sadr\u017ei napredne funkcionalnosti, kao \u0161to su AES kriptografija i SUN provjera autenti\u010dnosti poruka, te \u0161titi pohranu osjetljivih podataka.<\/p>\n<div class=\"auto-hide-last-sibling-br paragraph_9dc5f paragraph-element\">NTAG 424 DNA TT (NT4H2421Tx) predstavlja nevjerojatan napredak u podru\u010dju NFC i IoT aplikacija. Njegov stav prema pove\u0107anoj sigurnosti, a za\u0161tita cjelovitosti proizvoda dokaz je njegovog vrhunskog dizajna.<\/div>\n<p>&nbsp;<\/p>\n<div class=\"auto-hide-last-sibling-br paragraph_9dc5f paragraph-element\"><strong>Zna\u010dajke NTAG 424 DNA TT (NT4H2421Tx):<\/strong><\/div>\n<div><\/div>\n<ol class=\"auto-hide-last-sibling-br\">\n<li>\n<div class=\"auto-hide-last-sibling-br paragraph_9dc5f paragraph-element\"><strong>Visoka sigurnost:<\/strong>\u00a0Uz najsuvremenije sigurnosne mjere, ovaj \u010dip nudi naprednu za\u0161titu od neovla\u0161tenog pristupa i diranja.<\/div>\n<\/li>\n<li>\n<div class=\"auto-hide-last-sibling-br paragraph_9dc5f paragraph-element\"><strong>Detekcija statusa:<\/strong>\u00a0\u010cip koristi napredne algoritme za otkrivanje statusa za brzo identificiranje bilo kakvih anomalija. Ova zna\u010dajka je osobito korisna u otkrivanju poku\u0161aja neovla\u0161tenog mijenjanja proizvoda.<\/div>\n<\/li>\n<li>\n<div class=\"auto-hide-last-sibling-br paragraph_9dc5f paragraph-element\"><strong>Za\u0161tita privatnosti:<\/strong>\u00a0U eri u kojoj se privatnost visoko cijeni, NTAG 424 DNA TT (NT4H2421Tx) tako\u0111er pru\u017ea pouzdane mehanizme za\u0161tite privatnosti od potencijalnih povreda podataka.<\/div>\n<\/li>\n<li>\n<div class=\"auto-hide-last-sibling-br paragraph_9dc5f paragraph-element\"><strong>Dizajn za\u0161ti\u0107en od neovla\u0161tenog otvaranja:<\/strong>\u00a0Proizvod je briljantno dizajniran sa zna\u010dajkama za\u0161tite od neovla\u0161tenog otvaranja kao \u0161to su kori\u0161tenje lomljivih materijala u izradi antene, isjeckan papir i mjere protiv lju\u0161tenja kako bi se osiguralo da oznaka nije prenosiva.<\/div>\n<\/li>\n<li>\n<div class=\"auto-hide-last-sibling-br paragraph_9dc5f paragraph-element\"><strong>U\u010dinkovito otkrivanje:<\/strong>\u00a0Potpune i beskompromisne naljepnice mogu se brzo identificirati \u010dita\u010dem kartica s omogu\u0107enom NFC tehnologijom ili mobilnim telefonom. Ako se neovla\u0161teno mijenja, naljepnica mijenja status detekcije ili postaje ne\u010ditljiva, \u0161to ukazuje na problem s integritetom proizvoda.<\/div>\n<\/li>\n<\/ol>\n<div class=\"auto-hide-last-sibling-br paragraph_9dc5f paragraph-element\"><strong>\u010cesto postavljana pitanja o NTAG 424 DNA TT (NT4H2421Tx):<\/strong><\/div>\n<div><\/div>\n<div class=\"auto-hide-last-sibling-br paragraph_9dc5f paragraph-element\">P:\u00a0<strong>Koje \u0107e aplikacije imati najvi\u0161e koristi od NTAG 424 DNA TT (NT4H2421Tx)?<\/strong><br class=\"container_21264 wrapper_661ac undefined\" \/>O: NTAG 424 DNA TT (NT4H2421Tx) uglavnom se koristi u industrijama koje zahtijevaju visoku razinu sigurnosti, kao \u0161to su luksuzna roba, lijekovi, va\u017eni dokumenti i drugi predmeti koji zahtijevaju stroge mjere protiv krivotvorenja.<\/div>\n<div><\/div>\n<div class=\"auto-hide-last-sibling-br paragraph_9dc5f paragraph-element\">P:\u00a0<strong>Koliko je pouzdana zna\u010dajka otkrivanja neovla\u0161tenog otvaranja?<\/strong><br class=\"container_21264 wrapper_661ac undefined\" \/>O: Oznaka koristi pa\u017eljivo dizajnirane lomljive materijale koji je \u010dine vrlo osjetljivom na bilo kakve poku\u0161aje diranja. Kada se neovla\u0161teno mijenja, mijenja svoj status detekcije ili postaje ne\u010ditljiv, u\u010dinkovito ozna\u010davaju\u0107i sve poku\u0161aje neovla\u0161tenog mijenjanja.<\/div>\n<div class=\"auto-hide-last-sibling-br paragraph_9dc5f paragraph-element\">Ove napredne zna\u010dajke NTAG 424 DNA TT (NT4H2421Tx) slu\u017ee za ja\u010danje sigurnosti, za\u0161tite i autenti\u010dnosti bilo kojeg proizvoda s kojim je povezan.<\/div>","protected":false},"excerpt":{"rendered":"<p>NTAG 424 DNA TT postavlja novi standard u sigurnim NFC i IoT aplikacijama, uvode\u0107i novu generaciju NTAG DNA \u010dipa s najsuvremenijim zna\u010dajkama za sigurnost, detekciju statusa i za\u0161titu privatnosti.<\/p>","protected":false},"featured_media":314,"template":"","meta":{"_kad_post_transparent":"default","_kad_post_title":"","_kad_post_layout":"default","_kad_post_sidebar_id":"","_kad_post_content_style":"default","_kad_post_vertical_padding":"default","_kad_post_feature":"","_kad_post_feature_position":"","_kad_post_header":false,"_kad_post_footer":false,"_kad_post_classname":""},"product_brand":[],"product_cat":[54],"product_tag":[130,131],"class_list":{"0":"post-313","1":"product","2":"type-product","3":"status-publish","4":"has-post-thumbnail","6":"product_cat-hot-selling-rfid-tags","7":"product_tag-tamper-proof-ntag424-dna-tt-nfc-sticker","8":"product_tag-tamper-proof-ntag424-tt-nfc-sticker","10":"first","11":"instock","12":"shipping-taxable","13":"product-type-simple","14":"entry","15":"content-bg","16":"loop-entry"},"_links":{"self":[{"href":"https:\/\/rfid-laundry-tag.com\/hr\/wp-json\/wp\/v2\/product\/313","targetHints":{"allow":["GET"]}}],"collection":[{"href":"https:\/\/rfid-laundry-tag.com\/hr\/wp-json\/wp\/v2\/product"}],"about":[{"href":"https:\/\/rfid-laundry-tag.com\/hr\/wp-json\/wp\/v2\/types\/product"}],"version-history":[{"count":3,"href":"https:\/\/rfid-laundry-tag.com\/hr\/wp-json\/wp\/v2\/product\/313\/revisions"}],"predecessor-version":[{"id":1569,"href":"https:\/\/rfid-laundry-tag.com\/hr\/wp-json\/wp\/v2\/product\/313\/revisions\/1569"}],"wp:featuredmedia":[{"embeddable":true,"href":"https:\/\/rfid-laundry-tag.com\/hr\/wp-json\/wp\/v2\/media\/314"}],"wp:attachment":[{"href":"https:\/\/rfid-laundry-tag.com\/hr\/wp-json\/wp\/v2\/media?parent=313"}],"wp:term":[{"taxonomy":"product_brand","embeddable":true,"href":"https:\/\/rfid-laundry-tag.com\/hr\/wp-json\/wp\/v2\/product_brand?post=313"},{"taxonomy":"product_cat","embeddable":true,"href":"https:\/\/rfid-laundry-tag.com\/hr\/wp-json\/wp\/v2\/product_cat?post=313"},{"taxonomy":"product_tag","embeddable":true,"href":"https:\/\/rfid-laundry-tag.com\/hr\/wp-json\/wp\/v2\/product_tag?post=313"}],"curies":[{"name":"radni list","href":"https:\/\/api.w.org\/{rel}","templated":true}]}}