{"id":3117,"date":"2025-12-18T12:06:28","date_gmt":"2025-12-18T12:06:28","guid":{"rendered":"https:\/\/rfid-laundry-tag.com\/?post_type=product&#038;p=3117"},"modified":"2026-01-04T12:40:55","modified_gmt":"2026-01-04T12:40:55","slug":"textile-iron-durable-heat-sealed-rfid-laundry-tag","status":"publish","type":"product","link":"https:\/\/rfid-laundry-tag.com\/hr\/textile-iron-durable-heat-sealed-rfid-laundry-tag\/","title":{"rendered":"RFID etiketa za pranje rublja s izdr\u017eljivim toplinskim zatvara\u010dem za tekstilno gla\u010danje"},"content":{"rendered":"<div>\n<div>\n<h2>RFID etiketa za pranje rublja s izdr\u017eljivim toplinskim zatvara\u010dem za tekstilno gla\u010danje<\/h2>\n<p>&nbsp;<\/p>\n<p><strong><a href=\"https:\/\/rfid-laundry-tag.com\/hr\/textile-rfid-laundry-tag\/\">RFID oznaka za rublje s toplinskim zatvara\u010dem<\/a>\u00a0\u2013 Izdr\u017eljivo, visokotemperaturno otporno rje\u0161enje za pra\u0107enje tekstila<\/strong><\/p>\n<p>Na\u0161a RFID etiketa za rublje s toplinskim pre\u0161anjem nudi robusno i pouzdano rje\u0161enje za identifikaciju i pra\u0107enje tekstila u sektorima zdravstva, industrijskog pranja rublja i upravljanja uniformama u Europi, SAD-u i Kanadi. Poznata je i kao oznaka za prijenos topline.\u00a0<a href=\"https:\/\/rfid-laundry-tag.com\/hr\/textile-rfid-laundry-tag\/\">RFID oznaka za rublje<\/a>, ili RFID etiketa za rublje s toplinskim zatvaranjem, pru\u017ea iznimne performanse u te\u0161kim uvjetima pranja rublja.<\/p>\n<h2>Prednosti:<\/h2>\n<p align=\"left\" data-spm-anchor-id=\"a2700.details-description.0.i1.404eTMiRTMiR6E\">1). Vodootpornost i otpornost na toplinu<br \/>\n2).200 ciklusa pranja ili 300 puta<br \/>\n3). Udaljenost \u010ditanja od 8~12 metara<br \/>\n4). Vrijeme isporuke je 3 dana<\/p>\n<\/div>\n<h3>Klju\u010dne zna\u010dajke<\/h3>\n<ul>\n<li>Vodootporno i otporno na kemikalije: Dizajnirano da izdr\u017ei deterd\u017eente, omek\u0161iva\u010de, izbjeljiva\u010de (kisik\/klor) i lu\u017eine.<\/li>\n<li>RFID oznaka aktivirana toplinom: Besprijekorno se integrira sa strojevima za toplinsko zatvaranje za brzo i \u010dvrsto pri\u010dvr\u0161\u0107ivanje.<\/li>\n<li>RFID etiketa za rublje za peglanje: Jednostavno se nanosi standardnom toplinskom pre\u0161om ili tehnikama \u0161ivanja, idealna za ugradnju u rubove tekstila ili etikete za njegu.<\/li>\n<li>RFID oznaka za no\u0161enje toplinskim pre\u0161anjem: Osigurava trajno prianjanje, smanjuju\u0107i gubitak oznake tijekom \u017eivotnog ciklusa.<\/li>\n<li>RFID etiketa za rublje visoke temperature: Izra\u0111ena da bude otporna na intenzivnu toplinu i mehani\u010dka naprezanja industrijskih procesa pranja rublja.<\/li>\n<\/ul>\n<div>\n<table width=\"637\">\n<tbody>\n<tr>\n<td width=\"328\">Ime proizvoda:<\/td>\n<td width=\"309\">RFID etiketa za pranje rublja s izdr\u017eljivim toplinskim zatvara\u010dem za tekstilno gla\u010danje<\/td>\n<\/tr>\n<tr>\n<td width=\"328\">RFID standard:<\/td>\n<td width=\"309\">ISO\/IEC 18000-6 TypeC (EPC Gen2)<\/td>\n<\/tr>\n<tr>\n<td width=\"328\">Veli\u010dina i te\u017eina:<\/td>\n<td width=\"309\">\u00a035 mm x 15 mm; 58 mm x 15 mm; 70 mm x 10 mm 70 x 15 mm 75 x 12 mm 75 x 15 mm ili prilago\u0111eno<\/td>\n<\/tr>\n<tr>\n<td width=\"328\">Vrsta \u010dipa:<\/td>\n<td width=\"309\">Monza 4QT, NXP U CODE 9, Alien H9 itd.<\/td>\n<\/tr>\n<tr>\n<td width=\"328\">EPC memorija:<\/td>\n<td width=\"309\">128 bita<\/td>\n<\/tr>\n<tr>\n<td width=\"328\">Korisni\u010dka memorija:<\/td>\n<td width=\"309\">512 bita<\/td>\n<\/tr>\n<tr>\n<td width=\"328\">Raspon o\u010ditanja (2W ERP FCC):<\/td>\n<td width=\"309\">8M~10M<\/td>\n<\/tr>\n<tr>\n<td width=\"328\">Raspon o\u010ditanja (2W ERP ETSI):<\/td>\n<td width=\"309\">8M~10M<\/td>\n<\/tr>\n<tr>\n<td width=\"328\">Ozna\u010davanje:<\/td>\n<td width=\"309\">Ljepilo za vru\u0107e \u017eigosanje, brtva za grijanje, rupa itd.<\/td>\n<\/tr>\n<tr>\n<td width=\"328\">Procijenjeni \u017eivotni vijek:<\/td>\n<td width=\"309\">200 ciklusa pranja ili 300 puta<\/td>\n<\/tr>\n<tr>\n<td width=\"328\">Metoda pranja:<\/td>\n<td width=\"309\">Praonica rublja, Kemijsko \u010di\u0161\u0107enje<\/td>\n<\/tr>\n<tr>\n<td width=\"328\">Tlak ekstrakcije vode:<\/td>\n<td width=\"309\">60 bara<\/td>\n<\/tr>\n<tr>\n<td width=\"328\">Otpornost na vodu:<\/td>\n<td width=\"309\">Otporan na vodu<\/td>\n<\/tr>\n<tr>\n<td width=\"328\">Kemijska otpornost:<\/td>\n<td width=\"309\">Deterd\u017eent, omek\u0161iva\u010d, izbjeljiva\u010d (kisik\/ klor), lu\u017eina<\/td>\n<\/tr>\n<tr>\n<td width=\"328\">Prethodno su\u0161enje u posudi:<\/td>\n<td width=\"309\">125 \u00baC 15-20 minuta<\/td>\n<\/tr>\n<tr>\n<td width=\"328\">Temperatura sterilizacije:<\/td>\n<td width=\"309\">135\u00b0C 15-20 minuta<\/td>\n<\/tr>\n<tr>\n<td width=\"328\">Temperatura pranja:<\/td>\n<td width=\"309\">90\u00b0C, do 15 min.<\/td>\n<\/tr>\n<tr>\n<td width=\"328\">Radna vla\u017enost\/temperatura:<\/td>\n<td width=\"309\">-20 do 110\u00b0C, 8 do 95%RH<\/td>\n<\/tr>\n<tr>\n<td width=\"328\">Vla\u017enost\/temperatura-Skladi\u0161tenje:<\/td>\n<td width=\"309\">-40 do 110\u00b0C, 8 do 95%RH<\/td>\n<\/tr>\n<\/tbody>\n<\/table>\n<\/div>\n<\/div>\n<figure id=\"attachment_3280\" class=\"wp-caption alignnone\" aria-describedby=\"caption-attachment-3280\"><figcaption id=\"caption-attachment-3280\" class=\"wp-caption-text\">\n<figure id=\"attachment_3085\" aria-describedby=\"caption-attachment-3085\" style=\"width: 750px\" class=\"wp-caption alignnone\"><a href=\"https:\/\/rfid-laundry-tag.com\/hr\/textile-rfid-laundry-tag\/\"><img fetchpriority=\"high\" decoding=\"async\" class=\"size-full wp-image-3085\" src=\"https:\/\/rfid-laundry-tag.com\/wp-content\/uploads\/2025\/12\/UHF-RFID-washable-laundry-tag-11.jpg\" alt=\"Washable RFID Tags for Laundry Uniform\" width=\"750\" height=\"750\" srcset=\"https:\/\/rfid-laundry-tag.com\/wp-content\/uploads\/2025\/12\/UHF-RFID-washable-laundry-tag-11.jpg 750w, https:\/\/rfid-laundry-tag.com\/wp-content\/uploads\/2025\/12\/UHF-RFID-washable-laundry-tag-11-300x300.jpg 300w, https:\/\/rfid-laundry-tag.com\/wp-content\/uploads\/2025\/12\/UHF-RFID-washable-laundry-tag-11-150x150.jpg 150w, https:\/\/rfid-laundry-tag.com\/wp-content\/uploads\/2025\/12\/UHF-RFID-washable-laundry-tag-11-12x12.jpg 12w, https:\/\/rfid-laundry-tag.com\/wp-content\/uploads\/2025\/12\/UHF-RFID-washable-laundry-tag-11-600x600.jpg 600w, https:\/\/rfid-laundry-tag.com\/wp-content\/uploads\/2025\/12\/UHF-RFID-washable-laundry-tag-11-100x100.jpg 100w\" sizes=\"(max-width: 750px) 100vw, 750px\" \/><\/a><figcaption id=\"caption-attachment-3085\" class=\"wp-caption-text\">Perive RFID oznake za uniforme za pranje rublja<\/figcaption><\/figure>\n<\/figcaption><\/figure>\n<p>Izra\u0111ena od tkanog poliestera i vrhunskih toplinski aktiviranih ljepila, ova RFID toplinski samoljepljiva etiketa za rublje sigurno se lijepi za pamuk, poliester i mije\u0161ane tkanine. Oznaka podnosi rigorozne cikluse pranja, uklju\u010duju\u0107i sterilizaciju na visokim temperaturama, \u0161to je \u010dini idealnom za upotrebu u RFID sustavima za upravljanje rubljem koji se \u0161iroko koriste u bolnicama i industrijskim praonicama.<\/p>\n<div class=\"entry-content-asset videofit\"><iframe title=\"Za\u0161to koristiti RFID u tekstilnoj praonici?\" src=\"https:\/\/www.youtube.com\/embed\/X_P3EuhS_hE?feature=oembed\" width=\"720\" height=\"405\" frameborder=\"0\" allowfullscreen=\"allowfullscreen\" data-mce-fragment=\"1\"><\/iframe><\/div>\n<div>\n<h3><strong><b>Primjene na globalnim tr\u017ei\u0161tima<\/b><\/strong><\/h3>\n<p>Na\u0161e\u00a0<strong>RFID etiketa za lan za zdravstvo<\/strong>\u00a0Omogu\u0107uje precizno pra\u0107enje posteljine, ru\u010dnika i uniformi, podr\u017eavaju\u0107i kontrolu infekcija i to\u010dnost inventara u bolnicama diljem Sjeverne Amerike i Europe. Tekstilne RFID oznake za bolnice pobolj\u0161avaju upravljanje \u017eivotnim ciklusom posteljine, smanjuju gubitke i pove\u0107avaju operativnu u\u010dinkovitost u okru\u017eenjima koja se temelje na uskla\u0111enosti.<\/p>\n<p>U industrijskim praonicama rublja,\u00a0<strong>RFID periva etiketa za industrijsko pranje rublja<\/strong>\u00a0klju\u010dan je za upravljanje velikom preradom lana, nude\u0107i besprijekornu integraciju u\u00a0<strong>RFID sustavi za upravljanje pranjem rublja<\/strong>\u00a0dizajniran za rigorozne uvjete pranja.\u00a0<strong>jedinstveni RFID \u010dip za pra\u0107enje<\/strong>\u00a0Ugra\u0111ene u izdr\u017eljive RFID oznake za uniforme poma\u017eu multinacionalnim korporacijama i zdravstvenim ustanovama da odr\u017ee odgovornost i optimiziraju cirkulaciju uniformi.<\/p>\n<h3><strong><b>Instalacija i kori\u0161tenje<\/b><\/strong><\/h3>\n<ul>\n<li><strong>Ozna\u010davanje \u0161avova:<\/strong>\u0160ivajte u rubove odje\u0107e dalje od linija pregiba kako biste sprije\u010dili o\u0161te\u0107enja<\/li>\n<li><strong>Toplinsko brtvljenje:<\/strong>Nanesite na 200\u00b0C (392\u00b0F) tijekom 12\u201314 sekundi pomo\u0107u standardnih industrijskih strojeva za toplinsko zatvaranje<\/li>\n<li><strong>U torbici:<\/strong>U\u0161ijte unutar standardnih etiketa za njegu kako biste odr\u017eali estetiku odje\u0107e<\/li>\n<\/ul>\n<figure id=\"attachment_3407\" class=\"wp-caption alignnone\" aria-describedby=\"caption-attachment-3407\"><figcaption id=\"caption-attachment-3407\" class=\"wp-caption-text\">\n<figure id=\"attachment_2970\" aria-describedby=\"caption-attachment-2970\" style=\"width: 1000px\" class=\"wp-caption alignnone\"><a href=\"https:\/\/rfid-laundry-tag.com\/hr\/textile-rfid-laundry-tag\/\"><img decoding=\"async\" class=\"size-full wp-image-2970\" src=\"https:\/\/rfid-laundry-tag.com\/wp-content\/uploads\/2025\/11\/UHF-RFID-washable-laundry-tag-08.jpg\" alt=\"Textile UHF RFID Tags Labels\" width=\"1000\" height=\"1000\" srcset=\"https:\/\/rfid-laundry-tag.com\/wp-content\/uploads\/2025\/11\/UHF-RFID-washable-laundry-tag-08.jpg 1000w, https:\/\/rfid-laundry-tag.com\/wp-content\/uploads\/2025\/11\/UHF-RFID-washable-laundry-tag-08-300x300.jpg 300w, https:\/\/rfid-laundry-tag.com\/wp-content\/uploads\/2025\/11\/UHF-RFID-washable-laundry-tag-08-150x150.jpg 150w, https:\/\/rfid-laundry-tag.com\/wp-content\/uploads\/2025\/11\/UHF-RFID-washable-laundry-tag-08-768x768.jpg 768w, https:\/\/rfid-laundry-tag.com\/wp-content\/uploads\/2025\/11\/UHF-RFID-washable-laundry-tag-08-12x12.jpg 12w, https:\/\/rfid-laundry-tag.com\/wp-content\/uploads\/2025\/11\/UHF-RFID-washable-laundry-tag-08-600x600.jpg 600w, https:\/\/rfid-laundry-tag.com\/wp-content\/uploads\/2025\/11\/UHF-RFID-washable-laundry-tag-08-100x100.jpg 100w\" sizes=\"(max-width: 1000px) 100vw, 1000px\" \/><\/a><figcaption id=\"caption-attachment-2970\" class=\"wp-caption-text\">Tekstilne UHF RFID oznake<\/figcaption><\/figure>\n<\/figcaption><\/figure>\n<p>Integrirane s naprednom tehnologijom toplinskog brtvljenja, ove oznake pru\u017eaju konzistentan pritisak na krpanje i automatsku povratnu informaciju kako bi se osigurala besprijekorna primjena.<\/p>\n<p>&nbsp;<\/p>\n<\/div>","protected":false},"excerpt":{"rendered":"<p>Mi smo 5 najboljih proizvo\u0111a\u010da UHF RFID etiketa za rublje<strong>.RFID etiketa za pranje rublja za tekstilno gla\u010danje, izdr\u017eljiva, toplinski zatvorena <\/strong>osigurava trajno pra\u0107enje tekstila u zdravstvu, praonicama rublja i uniformama diljem Europe, SAD-a i Kanade - otporno na agresivne cikluse pranja.<\/p>","protected":false},"featured_media":3118,"template":"","meta":{"_kad_post_transparent":"default","_kad_post_title":"","_kad_post_layout":"default","_kad_post_sidebar_id":"","_kad_post_content_style":"default","_kad_post_vertical_padding":"default","_kad_post_feature":"","_kad_post_feature_position":"","_kad_post_header":false,"_kad_post_footer":false,"_kad_post_classname":""},"product_brand":[],"product_cat":[16],"product_tag":[24,375,342,339,65,368,30,374,373],"class_list":{"0":"post-3117","1":"product","2":"type-product","3":"status-publish","4":"has-post-thumbnail","6":"product_cat-uhf-rfid-laundry-tags","7":"product_tag-laundry-rfid-tags","8":"product_tag-rfid-laundry-tag-7015mm","9":"product_tag-rfid-laundry-tags","10":"product_tag-rfid-washable-tags","11":"product_tag-textile-rfid-laundry-tags","12":"product_tag-textile-uhf-rfid-tags-labels","13":"product_tag-uhf-rfid-laundry-tag","14":"product_tag-washable-uhf-rfid-labels","15":"product_tag-washable-uhf-rfid-laundry-textile-labels","17":"first","18":"instock","19":"featured","20":"shipping-taxable","21":"product-type-simple","22":"entry","23":"content-bg","24":"loop-entry"},"_links":{"self":[{"href":"https:\/\/rfid-laundry-tag.com\/hr\/wp-json\/wp\/v2\/product\/3117","targetHints":{"allow":["GET"]}}],"collection":[{"href":"https:\/\/rfid-laundry-tag.com\/hr\/wp-json\/wp\/v2\/product"}],"about":[{"href":"https:\/\/rfid-laundry-tag.com\/hr\/wp-json\/wp\/v2\/types\/product"}],"version-history":[{"count":3,"href":"https:\/\/rfid-laundry-tag.com\/hr\/wp-json\/wp\/v2\/product\/3117\/revisions"}],"predecessor-version":[{"id":3168,"href":"https:\/\/rfid-laundry-tag.com\/hr\/wp-json\/wp\/v2\/product\/3117\/revisions\/3168"}],"wp:featuredmedia":[{"embeddable":true,"href":"https:\/\/rfid-laundry-tag.com\/hr\/wp-json\/wp\/v2\/media\/3118"}],"wp:attachment":[{"href":"https:\/\/rfid-laundry-tag.com\/hr\/wp-json\/wp\/v2\/media?parent=3117"}],"wp:term":[{"taxonomy":"product_brand","embeddable":true,"href":"https:\/\/rfid-laundry-tag.com\/hr\/wp-json\/wp\/v2\/product_brand?post=3117"},{"taxonomy":"product_cat","embeddable":true,"href":"https:\/\/rfid-laundry-tag.com\/hr\/wp-json\/wp\/v2\/product_cat?post=3117"},{"taxonomy":"product_tag","embeddable":true,"href":"https:\/\/rfid-laundry-tag.com\/hr\/wp-json\/wp\/v2\/product_tag?post=3117"}],"curies":[{"name":"radni list","href":"https:\/\/api.w.org\/{rel}","templated":true}]}}