{"id":310,"date":"2024-06-26T17:12:34","date_gmt":"2024-06-26T17:12:34","guid":{"rendered":"https:\/\/rfid-laundry-tag.com\/?post_type=product&#038;p=310"},"modified":"2024-06-26T17:15:58","modified_gmt":"2024-06-26T17:15:58","slug":"anti-metal-uhf-rfid-tag","status":"publish","type":"product","link":"https:\/\/rfid-laundry-tag.com\/hr\/anti-metal-uhf-rfid-tag\/","title":{"rendered":"Antimetalna UHF RFID oznaka"},"content":{"rendered":"<h2>Antimetalna UHF RFID oznaka<\/h2>\n<h2>Dostupne prilagodbe:<\/h2>\n<p><strong>Ispis:<\/strong><\/p>\n<ul>\n<li><strong>Mogu\u0107nosti boja:<\/strong>\n<ul>\n<li>Jednobojni tisak<\/li>\n<li>Offset tisak u 4 boje<\/li>\n<\/ul>\n<\/li>\n<li><strong>Ulazni:<\/strong>\n<ul>\n<li>Grafi\u010dki izgled kupac daje u vektorskom formatu<\/li>\n<\/ul>\n<\/li>\n<li><strong>Sadr\u017eaj:<\/strong>\n<ul>\n<li>Ispis EPC koda<\/li>\n<li>Progresivni ispis serijskog koda:\n<ul>\n<li>Iz baze podataka<\/li>\n<li>Iz .xls datoteke<\/li>\n<\/ul>\n<\/li>\n<li>Ispis bar kodova<\/li>\n<li>Ispis QRCoda<\/li>\n<\/ul>\n<\/li>\n<li><strong>Dodatne opcije prilagodbe dostupne su na zahtjev.<\/strong><\/li>\n<\/ul>\n<p><strong>Kodiranje memorije \u010dipa:<\/strong><\/p>\n<ul>\n<li><strong>RFID UHF kodiranje transpondera:<\/strong>\n<ul>\n<li>Kodiranje EPC koda<\/li>\n<li>Zapisivanje memorije UHF oznake:\n<ul>\n<li>Iz baze podataka koju dostavlja klijent<\/li>\n<\/ul>\n<\/li>\n<\/ul>\n<\/li>\n<li><strong>Zaklju\u010davanje memorije:<\/strong>\n<ul>\n<li>Privremeno ili trajno zaklju\u010davanje lozinkom<\/li>\n<\/ul>\n<\/li>\n<li><strong>Povezivanje podataka:<\/strong>\n<ul>\n<li>Pridru\u017eivanje EPC koda i TID koda u bazi podataka<\/li>\n<li>TID kod i pridru\u017eivanje progresivnog\/crti\u010dnog koda<\/li>\n<\/ul>\n<\/li>\n<\/ul>\n<table class=\"has-title all magic-4\">\n<tbody>\n<tr>\n<td colspan=\"1\" rowspan=\"1\">\n<div class=\"magic-5\" data-spm-anchor-id=\"a2700.details.0.i72.6b4c1284vyugjJ\">Materijal<\/div>\n<\/td>\n<td colspan=\"1\" rowspan=\"1\">\n<div class=\"magic-6\">ABS<\/div>\n<\/td>\n<\/tr>\n<tr>\n<td colspan=\"1\" rowspan=\"1\">\n<div class=\"magic-5\">Veli\u010dina<\/div>\n<\/td>\n<td colspan=\"1\" rowspan=\"1\">\n<div class=\"magic-6\">78x31x10mm ili prilago\u0111eno<\/div>\n<\/td>\n<\/tr>\n<tr>\n<td colspan=\"1\" rowspan=\"1\">\n<div class=\"magic-5\">Frekvencija<\/div>\n<\/td>\n<td colspan=\"1\" rowspan=\"1\">\n<div class=\"magic-6\">860-960 mhz<\/div>\n<\/td>\n<\/tr>\n<tr>\n<td colspan=\"1\" rowspan=\"1\">\n<div class=\"magic-5\">Vrsta IC-a (\u010dip)<\/div>\n<\/td>\n<td colspan=\"1\" rowspan=\"1\">\n<div class=\"magic-6\">Impinj Monza R6P<\/div>\n<\/td>\n<\/tr>\n<tr>\n<td colspan=\"1\" rowspan=\"1\">\n<div class=\"magic-5\">Protokol<\/div>\n<\/td>\n<td colspan=\"1\" rowspan=\"1\">\n<div class=\"magic-6\">EPC Global Class 1 Gen2 &amp; ISO18000-6C<\/div>\n<\/td>\n<\/tr>\n<tr>\n<td colspan=\"1\" rowspan=\"1\">\n<div class=\"magic-7\">Memorija<\/div>\n<\/td>\n<td colspan=\"1\" rowspan=\"1\">\n<div class=\"magic-6\">EPC 128 bita, korisnik 32 bita<\/div>\n<\/td>\n<\/tr>\n<tr>\n<td colspan=\"1\" rowspan=\"1\">\n<div class=\"magic-5\">Faktor oblika oznake<\/div>\n<\/td>\n<td colspan=\"1\" rowspan=\"1\">\n<div class=\"magic-6\">Te\u0161ka oznaka<\/div>\n<\/td>\n<\/tr>\n<tr>\n<td colspan=\"1\" rowspan=\"1\">\n<div class=\"magic-5\">Metoda pri\u010dvr\u0161\u0107ivanja<\/div>\n<\/td>\n<td colspan=\"1\" rowspan=\"1\">\n<div class=\"magic-6\" data-spm-anchor-id=\"a2700.details.0.i73.6b4c1284vyugjJ\">Pri\u010dvr\u0161\u0107ivanje vijcima, ljepilo za film<\/div>\n<\/td>\n<\/tr>\n<tr>\n<td colspan=\"1\" rowspan=\"1\">\n<div class=\"magic-5\">Radna temperatura<\/div>\n<\/td>\n<td colspan=\"1\" rowspan=\"1\">\n<div class=\"magic-6\">-35 \u00b0C \/ +90 \u00b0C<\/div>\n<\/td>\n<\/tr>\n<tr>\n<td colspan=\"1\" rowspan=\"1\">\n<div class=\"magic-5\">Pro\u010ditajte Udaljenost<\/div>\n<\/td>\n<td colspan=\"1\" rowspan=\"1\">\n<div class=\"magic-6\" data-spm-anchor-id=\"a2700.details.0.i67.6b4c1284vyugjJ\">Do 10m<\/div>\n<\/td>\n<\/tr>\n<tr>\n<td colspan=\"1\" rowspan=\"1\">\n<div class=\"magic-8\">Primjenjivi povr\u0161inski materijali<\/div>\n<\/td>\n<td colspan=\"1\" rowspan=\"1\">\n<div class=\"magic-6\">Metalne i nemetalne podloge<\/div>\n<\/td>\n<\/tr>\n<tr>\n<td colspan=\"1\" rowspan=\"1\">\n<div class=\"magic-7\">IP ocjena<\/div>\n<\/td>\n<td colspan=\"1\" rowspan=\"1\">\n<div class=\"magic-6\">IP68<\/div>\n<\/td>\n<\/tr>\n<tr>\n<td colspan=\"1\" rowspan=\"1\">\n<div class=\"magic-7\">Primjena<\/div>\n<\/td>\n<td colspan=\"1\" rowspan=\"1\">\n<div class=\"magic-6\">Za imovinu, te\u0161ku industriju i vanjsku upotrebu<\/div>\n<\/td>\n<\/tr>\n<\/tbody>\n<\/table>\n<p>&nbsp;<\/p>\n<p><strong>Zaklju\u010dak:<\/strong><\/p>\n<p>ABS RFID oznaka je svestrano i prilagodljivo rje\u0161enje za razli\u010dite primjene, koje nudi kombinaciju robusnih performansi i fleksibilnih opcija za ispunjavanje specifi\u010dnih potreba.<\/p>","protected":false},"excerpt":{"rendered":"<p>Anti-metal UHF RFID oznaka je sna\u017ena, pasivna UHF RFID oznaka dugog dometa dizajnirana za izvrsnost u zahtjevnim okru\u017eenjima. Mo\u017ee se pouzdano o\u010ditati na, izvan, pa \u010dak i blizu metalnih povr\u0161ina, pru\u017eaju\u0107i iznimnu fleksibilnost za pra\u0107enje imovine. Njegova kompaktna veli\u010dina i robusna, vodootporna konstrukcija osiguravaju dugotrajnu izvedbu u vanjskim i industrijskim primjenama.<\/p>","protected":false},"featured_media":311,"template":"","meta":{"_kad_post_transparent":"default","_kad_post_title":"","_kad_post_layout":"default","_kad_post_sidebar_id":"","_kad_post_content_style":"default","_kad_post_vertical_padding":"default","_kad_post_feature":"","_kad_post_feature_position":"","_kad_post_header":false,"_kad_post_footer":false,"_kad_post_classname":""},"product_brand":[],"product_cat":[54],"product_tag":[128,119],"class_list":{"0":"post-310","1":"product","2":"type-product","3":"status-publish","4":"has-post-thumbnail","6":"product_cat-hot-selling-rfid-tags","7":"product_tag-anti-metal-uhf-rfid-tag","8":"product_tag-on-metal-abs-uhf-rfid-tag","10":"first","11":"instock","12":"shipping-taxable","13":"product-type-simple","14":"entry","15":"content-bg","16":"loop-entry"},"_links":{"self":[{"href":"https:\/\/rfid-laundry-tag.com\/hr\/wp-json\/wp\/v2\/product\/310","targetHints":{"allow":["GET"]}}],"collection":[{"href":"https:\/\/rfid-laundry-tag.com\/hr\/wp-json\/wp\/v2\/product"}],"about":[{"href":"https:\/\/rfid-laundry-tag.com\/hr\/wp-json\/wp\/v2\/types\/product"}],"version-history":[{"count":0,"href":"https:\/\/rfid-laundry-tag.com\/hr\/wp-json\/wp\/v2\/product\/310\/revisions"}],"wp:featuredmedia":[{"embeddable":true,"href":"https:\/\/rfid-laundry-tag.com\/hr\/wp-json\/wp\/v2\/media\/311"}],"wp:attachment":[{"href":"https:\/\/rfid-laundry-tag.com\/hr\/wp-json\/wp\/v2\/media?parent=310"}],"wp:term":[{"taxonomy":"product_brand","embeddable":true,"href":"https:\/\/rfid-laundry-tag.com\/hr\/wp-json\/wp\/v2\/product_brand?post=310"},{"taxonomy":"product_cat","embeddable":true,"href":"https:\/\/rfid-laundry-tag.com\/hr\/wp-json\/wp\/v2\/product_cat?post=310"},{"taxonomy":"product_tag","embeddable":true,"href":"https:\/\/rfid-laundry-tag.com\/hr\/wp-json\/wp\/v2\/product_tag?post=310"}],"curies":[{"name":"radni list","href":"https:\/\/api.w.org\/{rel}","templated":true}]}}