{"id":3084,"date":"2025-12-18T10:22:25","date_gmt":"2025-12-18T10:22:25","guid":{"rendered":"https:\/\/rfid-laundry-tag.com\/?post_type=product&#038;p=3084"},"modified":"2025-12-18T10:22:26","modified_gmt":"2025-12-18T10:22:26","slug":"washable-rfid-tags-for-laundry-uniform","status":"publish","type":"product","link":"https:\/\/rfid-laundry-tag.com\/hr\/washable-rfid-tags-for-laundry-uniform\/","title":{"rendered":"Perive RFID oznake za uniforme za pranje rublja"},"content":{"rendered":"<h2>Perive RFID oznake za uniforme za pranje rublja<\/h2>\n<div class=\"auto-hide-last-sibling-br paragraph_1252f paragraph-element\">\n<div class=\"auto-hide-last-sibling-br paragraph_1252f paragraph-element\">Odje\u0107a <a href=\"https:\/\/rfid-laundry-tag.com\/hr\/uhf-rfid-laundry-tags\/\">Periva RFID oznaka<\/a> je svestrana alternativa tradicionalnim RFID oznakama za rublje, posebno dizajnirana da izdr\u017ei vi\u0161e od 50 ciklusa pranja u ku\u0107anstvu uz minimalno smanjenje (10% na 15%) RFID performansi. Kao idealno isplativo rje\u0161enje, ova vodootporna RFID oznaka savr\u0161ena je za najam i maloprodaju odje\u0107e, obu\u0107e i posteljine.<\/div>\n<div><\/div>\n<div class=\"auto-hide-last-sibling-br paragraph_1252f paragraph-element\">Uz jedinstvenu strukturu i za\u0161titni mehanizam za RFID \u010dip, ova oznaka mo\u017ee izdr\u017eati vi\u0161e od 50 ciklusa pranja u ku\u0107anstvu. Mo\u017ee se neprimjetno ugurati u \u0161av ili umetnuti u naljepnicu za njegu, \u010dine\u0107i ga prakti\u010dki neprimjetnim.<\/div>\n<p>&nbsp;<\/p>\n<div class=\"auto-hide-last-sibling-br paragraph_1252f paragraph-element\">Ono \u0161to razlikuje ovu UHF RFID oznaku od ostalih perivih lanenih oznaka je njegov tanki prozirni dizajn od 0,55 mm, \u0161to ga \u010dini najtanjim na tr\u017ei\u0161tu. Sve u svemu, ovo predstavlja inovativno UHF RFID rje\u0161enje za odje\u0107u koje nudi ekonomi\u010dnost, trajnost i diskreciju.<\/div>\n<div><\/div>\n<div data-spm-anchor-id=\"a2700.details.0.i57.23b419c7xXORP0\"><span data-spm-anchor-id=\"a2700.details.0.i75.23b419c7xXORP0\"><b>Zna\u010dajka:<\/b><br \/>\n1) UHF tehnologija za \u010ditanje stotina oznaka istovremeno.<br \/>\n2) Udaljenost za \u010ditanje ve\u0107a od 8 stopa.<br \/>\n3) Novi mehani\u010dki dizajn za pobolj\u0161ane performanse za ravnu posteljinu.<br \/>\n4) Prikladno za visokotla\u010dne ekstraktore do 60 bara.<br \/>\n5) Prikladno za sterilizaciju u autoklavu.<br \/>\n6) Mali, mekani, fleksibilni materijal idealan za tekstil, posteljinu, odje\u0107u i dodatke.<\/span><\/div>\n<div data-spm-anchor-id=\"a2700.details.0.i57.23b419c7xXORP0\">7) Vrsta ljepila za gla\u010dalo, u\u0161ivena vrsta, s rupom itd.<\/div>\n<\/div>\n<div data-spm-anchor-id=\"a2700.details.0.i57.23b419c7xXORP0\">\n<figure id=\"attachment_3030\" aria-describedby=\"caption-attachment-3030\" style=\"width: 790px\" class=\"wp-caption alignnone\"><a href=\"https:\/\/rfid-laundry-tag.com\/hr\/uhf-rfid-laundry-tags\/\"><img fetchpriority=\"high\" decoding=\"async\" class=\"size-full wp-image-3030\" src=\"https:\/\/rfid-laundry-tag.com\/wp-content\/uploads\/2025\/12\/RFID-Laundry-Tag-Installation-Guide.png\" alt=\"RFID Laundry Tag Installation Guide\" width=\"790\" height=\"777\" srcset=\"https:\/\/rfid-laundry-tag.com\/wp-content\/uploads\/2025\/12\/RFID-Laundry-Tag-Installation-Guide.png 790w, https:\/\/rfid-laundry-tag.com\/wp-content\/uploads\/2025\/12\/RFID-Laundry-Tag-Installation-Guide-300x295.png 300w, https:\/\/rfid-laundry-tag.com\/wp-content\/uploads\/2025\/12\/RFID-Laundry-Tag-Installation-Guide-768x755.png 768w, https:\/\/rfid-laundry-tag.com\/wp-content\/uploads\/2025\/12\/RFID-Laundry-Tag-Installation-Guide-12x12.png 12w, https:\/\/rfid-laundry-tag.com\/wp-content\/uploads\/2025\/12\/RFID-Laundry-Tag-Installation-Guide-600x590.png 600w\" sizes=\"(max-width: 790px) 100vw, 790px\" \/><\/a><figcaption id=\"caption-attachment-3030\" class=\"wp-caption-text\">Vodi\u010d za instalaciju RFID oznake za pranje rublja<\/figcaption><\/figure>\n<\/div>\n<div data-spm-anchor-id=\"a2700.details.0.i57.23b419c7xXORP0\">\n<div class=\"text-content\" data-spm-anchor-id=\"a2700.details.0.i54.23b419c7xXORP0\">\n<h2>Fizi\u010dki:<\/h2>\n<div>Materijal: 100% poliester<br \/>\nVeli\u010dina: 70 mm\u00d715 mm x1,5 mm<br \/>\n\u010cip: UHF<br \/>\nNa\u010din postavljanja naljepnice: \u0161ivanje, gla\u010danje<br \/>\nProtokol: ISO18ooo-6C EPC C1G2<br \/>\nPeglanje: 15 sekundi, na 210 \u2103<br \/>\nEkspozicija: 2,5 bara<br \/>\nSu\u0161enje: 15 minuta na 180\u00b0C<br \/>\nPranje: 15 minuta na 90\u2103<br \/>\nCiklusi pranja: 200+ ciklusa ili 3 godine<br \/>\nUvjeti skladi\u0161tenja: -20-80\u2103, 5-95% relativna vla\u017enost<\/div>\n<\/div>\n<\/div>\n<div>\n<figure id=\"attachment_2943\" aria-describedby=\"caption-attachment-2943\" style=\"width: 800px\" class=\"wp-caption alignnone\"><a href=\"https:\/\/rfid-laundry-tag.com\/hr\/uhf-rfid-laundry-tags\/\"><img decoding=\"async\" class=\"size-full wp-image-2943\" src=\"https:\/\/rfid-laundry-tag.com\/wp-content\/uploads\/2025\/10\/1-1.jpg\" alt=\"Textile UHF RFID Tags Labels\" width=\"800\" height=\"800\" srcset=\"https:\/\/rfid-laundry-tag.com\/wp-content\/uploads\/2025\/10\/1-1.jpg 800w, https:\/\/rfid-laundry-tag.com\/wp-content\/uploads\/2025\/10\/1-1-300x300.jpg 300w, https:\/\/rfid-laundry-tag.com\/wp-content\/uploads\/2025\/10\/1-1-150x150.jpg 150w, https:\/\/rfid-laundry-tag.com\/wp-content\/uploads\/2025\/10\/1-1-768x768.jpg 768w, https:\/\/rfid-laundry-tag.com\/wp-content\/uploads\/2025\/10\/1-1-12x12.jpg 12w, https:\/\/rfid-laundry-tag.com\/wp-content\/uploads\/2025\/10\/1-1-600x600.jpg 600w, https:\/\/rfid-laundry-tag.com\/wp-content\/uploads\/2025\/10\/1-1-100x100.jpg 100w\" sizes=\"(max-width: 800px) 100vw, 800px\" \/><\/a><figcaption id=\"caption-attachment-2943\" class=\"wp-caption-text\">Tekstilne UHF RFID oznake<\/figcaption><\/figure>\n<\/div>\n<div>\n<h2>Prednosti perivih RFID oznaka za uniforme za pranje rublja<\/h2>\n<p>Odabir perivih RFID etiketa za rublje zna\u010di ulaganje u rje\u0161enje koje pojednostavljuje upravljanje pranjem rublja. Ove specijalizirane etikete dizajnirane su da izdr\u017ee industrijske procese pranja rublja bez ugro\u017eavanja performansi. Njihove klju\u010dne prednosti uklju\u010duju:<\/p>\n<ol>\n<li><strong>Pobolj\u0161ano pra\u0107enje<\/strong>RFID tehnologija omogu\u0107uje pra\u0107enje svakog komada rublja u stvarnom vremenu, osiguravaju\u0107i to\u010dno upravljanje zalihama i smanjuju\u0107i gubitke.<\/li>\n<li><strong>Izdr\u017eljivost<\/strong>Dizajnirane da izdr\u017ee visoke temperature i te\u0161ke uvjete pranja, ove izdr\u017eljive RFID oznake jam\u010de dugotrajnost, \u0161to ih \u010dini isplativim izborom.<\/li>\n<li><strong>Pobolj\u0161ana u\u010dinkovitost<\/strong>Automatizacija radnih procesa u praonicama smanjuje ru\u010dne pogre\u0161ke i ubrzava procese prijave i odjave, pove\u0107avaju\u0107i ukupnu u\u010dinkovitost praonica rublja.<\/li>\n<\/ol>\n<p>S cjelovitim razumijevanjem prednosti i mogu\u0107nosti perivih RFID oznaka, mo\u017eete donijeti informiranu odluku za svoje potrebe upravljanja pranjem rublja.<\/p>\n<h3>\u0160to su perive RFID oznake?<\/h3>\n<p>Perive RFID oznake su specijalizirana vrsta\u00a0<strong>RFID oznaka<\/strong>\u00a0dizajnirane posebno za praonice rublja. Ove oznake koriste\u00a0<strong>visokou\u010dinkovita RFID tehnologija<\/strong>\u00a0kako bi se omogu\u0107ilo to\u010dno pra\u0107enje i upravljanje tekstilnim predmetima tijekom njihovog \u017eivotnog ciklusa. Izra\u0111ene od izdr\u017eljivih materijala, perive RFID oznake mogu izdr\u017eati zahtjeve industrijskog pranja rublja, uklju\u010duju\u0107i izlo\u017eenost visokim temperaturama i ponovljenim ciklusima pranja.<\/p>\n<h3>Prednosti kori\u0161tenja RFID oznaka u upravljanju praonicama<\/h3>\n<p>Integriranje\u00a0<strong>RFID tehnologija<\/strong>\u00a0u procese pranja rublja nudi zna\u010dajne prednosti. Ove oznake ne samo da pobolj\u0161avaju to\u010dnost pra\u0107enja predmeta od rublja, ve\u0107 i omogu\u0107uju objektima automatizaciju kontrole zaliha, smanjuju\u0107i tro\u0161kove rada i minimiziraju\u0107i ljudske pogre\u0161ke. \u0160tovi\u0161e.,\u00a0<strong>RFID za pranje rublja<\/strong>\u00a0Sustavi omogu\u0107uju besprijekornu integraciju s postoje\u0107im softverom za upravljanje, pru\u017eaju\u0107i analitiku koja poma\u017ee u pobolj\u0161anju operativne u\u010dinkovitosti.<\/p>\n<h3>Kako koristiti perive RFID oznake<\/h3>\n<p>Kori\u0161tenje perivih RFID oznaka je jednostavno. Svaka oznaka mo\u017ee se pri\u0161iti na\u00a0<strong>odje\u0107a<\/strong>\u00a0ili posteljinu, pru\u017eaju\u0107i jasne identifikatore koje se mogu lako skenirati\u00a0<strong>RFID \u010dita\u010di<\/strong>. Za optimalne performanse klju\u010dno je osigurati da su oznake pravilno postavljene na artikle i kompatibilne s\u00a0<strong>RFID sustav za pranje rublja<\/strong>\u00a0u upotrebi. Redovite revizije artikala ozna\u010denih RFID-om poma\u017eu u odr\u017eavanju to\u010dne evidencije zaliha.<\/p>\n<h3>Recenzije kupaca<\/h3>\n<p>Povratne informacije kupaca isti\u010du transformativni utjecaj na\u0161ih perivih RFID oznaka. Mnogi korisnici izvje\u0161tavaju o zna\u010dajnim pobolj\u0161anjima u upravljanju zalihama i smanjenju izgubljenih predmeta. Reprezentativan citat zadovoljnog klijenta navodi: \u201cImplementacija\u00a0<strong>RFID oznake<\/strong>\u00a0u na\u0161im praonicama rublja znatno je pojednostavio na\u0161e procese, pove\u0107avaju\u0107i na\u0161u ukupnu produktivnost.\u201d<\/p>\n<\/div>\n<h3 class=\"wp-block-heading\">Monta\u017ea<\/h3>\n<p><strong>Ozna\u010davanje \u0161avova<\/strong>: Za u\u0161ivanje u porub tkanine. Za\u0161ijte oznaku za rublje dalje od linija presavijanja.<br \/>\n<strong>Toplinsko brtvljenje<\/strong>: Toplinsko zavarivanje izravno na tekstil na +200\u00b0C (392\u00b0F), 12~14s.<br \/>\n<strong>U vre\u0107ici<\/strong>: Za\u0161iti se kao standardna naljepnica za odr\u017eavanje. Za\u0161ijte oznaku za rublje dalje od linija presavijanja.<\/p>\n<figure id=\"attachment_3036\" aria-describedby=\"caption-attachment-3036\" style=\"width: 1024px\" class=\"wp-caption alignnone\"><a href=\"https:\/\/rfid-laundry-tag.com\/hr\/uhf-rfid-laundry-tags\/\"><img decoding=\"async\" class=\"size-large wp-image-3036\" src=\"https:\/\/rfid-laundry-tag.com\/wp-content\/uploads\/2025\/12\/RFID-Laundry-Tag-Installation-Guide-03--1024x590.png\" alt=\"How to Sew RFID Laundry Tags into Linens and Garments\" width=\"1024\" height=\"590\" srcset=\"https:\/\/rfid-laundry-tag.com\/wp-content\/uploads\/2025\/12\/RFID-Laundry-Tag-Installation-Guide-03--1024x590.png 1024w, https:\/\/rfid-laundry-tag.com\/wp-content\/uploads\/2025\/12\/RFID-Laundry-Tag-Installation-Guide-03--300x173.png 300w, https:\/\/rfid-laundry-tag.com\/wp-content\/uploads\/2025\/12\/RFID-Laundry-Tag-Installation-Guide-03--768x442.png 768w, https:\/\/rfid-laundry-tag.com\/wp-content\/uploads\/2025\/12\/RFID-Laundry-Tag-Installation-Guide-03--18x10.png 18w, https:\/\/rfid-laundry-tag.com\/wp-content\/uploads\/2025\/12\/RFID-Laundry-Tag-Installation-Guide-03--600x345.png 600w, https:\/\/rfid-laundry-tag.com\/wp-content\/uploads\/2025\/12\/RFID-Laundry-Tag-Installation-Guide-03-.png 1148w\" sizes=\"(max-width: 1024px) 100vw, 1024px\" \/><\/a><figcaption id=\"caption-attachment-3036\" class=\"wp-caption-text\">Kako u\u0161iti RFID etikete za rublje na posteljinu i odje\u0107u<\/figcaption><\/figure>\n<div class=\"auto-hide-last-sibling-br paragraph_1252f paragraph-element\"><strong>RFID oznake koje se mogu prati<\/strong>\u00a0sastavni su dio brojnih industrija, omogu\u0107uju\u0107i u\u010dinkovito pra\u0107enje imovine, upravljanje zalihama i pove\u0107anje ukupne operativne produktivnosti. Evo nekih od njegovih primjena u razli\u010ditim sektorima:<\/div>\n<ol class=\"auto-hide-last-sibling-br\">\n<li>\n<div class=\"auto-hide-last-sibling-br paragraph_1252f paragraph-element\"><strong>zdravstvo<\/strong>: Bolnice i druge medicinske ustanove koriste RFID oznake za posteljinu za upravljanje velikim zalihama posteljine, ru\u010dnika, pilinga, uniformi i kirur\u0161kog rublja. To poma\u017ee smanjiti gubitak, upravljati ciklusima pranja rublja i osigurati da \u010dista, svje\u017ea posteljina uvijek bude dostupna prema potrebi.<\/div>\n<\/li>\n<li>\n<div class=\"auto-hide-last-sibling-br paragraph_1252f paragraph-element\"><strong>hoteli<\/strong>: Upravljanje posteljinom ogroman je zadatak u hotelskoj industriji, gdje kru\u017ee tisu\u0107e artikala, od posteljine preko ru\u010dnika do zavjesa i ogrta\u010da. RFID platnene oznake pojednostavljuju pra\u0107enje, osiguravaju pravovremeno \u010di\u0161\u0107enje i zamjenu te poma\u017eu u otkrivanju i sprje\u010davanju kra\u0111e.<\/div>\n<\/li>\n<li>\n<div class=\"auto-hide-last-sibling-br paragraph_1252f paragraph-element\"><strong>Restorani<\/strong>U prehrambenoj industriji, RFID oznake mogu pratiti kori\u0161tenje i \u010di\u0161\u0107enje uniformi, stolnjaka, salveta i kuharskih prega\u010da. To mo\u017ee pobolj\u0161ati standarde \u010disto\u0107e i pomo\u0107i u odr\u017eavanju ugla\u0111enog, profesionalnog izgleda.<\/div>\n<\/li>\n<li>\n<div class=\"auto-hide-last-sibling-br paragraph_1252f paragraph-element\"><strong>Industrija modne odje\u0107e<\/strong>: RFID oznake igraju veliku ulogu u pra\u0107enju artikala u cijelom opskrbnom lancu, od proizvodnje do maloprodaje. Oni mogu pru\u017eiti vrijedne informacije poput podrijetla, povijesti putovanja, pa \u010dak i pojedinosti o tkanini i uputama za njegu.<\/div>\n<\/li>\n<li>\n<div class=\"auto-hide-last-sibling-br paragraph_1252f paragraph-element\"><strong>Radna odje\u0107a\/odje\u0107a otporna na vatru<\/strong>: Tvrtke mogu koristiti RFID oznake za pra\u0107enje i upravljanje specijalnim odjevnim predmetima. To mo\u017ee uklju\u010divati osiguravanje da se vatrootporna ili druga za\u0161titna odje\u0107a redovito pregledava, pravilno \u010disti i po potrebi mijenja.<\/div>\n<\/li>\n<li>\n<div class=\"auto-hide-last-sibling-br paragraph_1252f paragraph-element\"><strong>Obu\u0107a i maske<\/strong>: Posebno va\u017eno u industrijama kao \u0161to su zdravstvo i gra\u0111evinarstvo gdje je sigurnost klju\u010dna, pra\u0107enje upotrebe, \u010di\u0161\u0107enja i odr\u017eavanja predmeta poput maski i za\u0161titnih cipela mo\u017ee se pojednostaviti kori\u0161tenjem RFID oznaka.<\/div>\n<\/li>\n<li>\n<div class=\"auto-hide-last-sibling-br paragraph_1252f paragraph-element\"><strong>Otira\u010di i krpe<\/strong>: Za tvrtke koje pru\u017eaju usluge \u010di\u0161\u0107enja ili upravljanje velikim objektima, RFID oznake na prostirkama i krpama mogu pomo\u0107i u pra\u0107enju kori\u0161tenja i odr\u017eavanja, osiguravaju\u0107i \u010diste i u\u010dinkovite alate u svakom trenutku.<\/div>\n<\/li>\n<\/ol>\n<h3>\u010cesto postavljana pitanja o perivim RFID oznakama<\/h3>\n<p><strong>P: Jesu li RFID oznake vodootporne?<\/strong><br \/>\nO: Da, na\u0161e RFID etikete za rublje dizajnirane su da budu vodootporne, \u0161to osigurava trajnost u vla\u017enim okru\u017eenjima.<\/p>\n<p><strong>P: Koliko ciklusa pranja ove etikete mogu izdr\u017eati?<\/strong><br \/>\nA: Na\u0161e perive RFID oznake obi\u010dno mogu izdr\u017eati do\u00a0<strong>200 ciklusa pranja<\/strong>\u00a0uz zadr\u017eavanje njihove funkcionalnosti pra\u0107enja.<\/p>\n<p><strong>P: Mogu li prilagoditi oznake svojim specifi\u010dnim potrebama?<\/strong><br \/>\nO: Apsolutno! Nudimo\u00a0<strong>prilago\u0111ena RFID rje\u0161enja<\/strong>\u00a0prilago\u0111eno va\u0161im specifi\u010dnim potrebama upravljanja praonicom.<\/p>","protected":false},"excerpt":{"rendered":"<p><strong>RFID oznake koje se mogu prati<\/strong>, \u010desto nazivane RFID oznakama za posteljinu, izra\u0111ene su s nje\u017enom, ali \u010dvrstom gumenom vanj\u0161tinom. To su oznake za odje\u0107u konstruirane da budu fleksibilne i robusne, te da izdr\u017ee do 200 ciklusa pranja i tlak do 60 bara. Na\u0161e UHF RFID oznake za rublje izvrsne su u masovnom o\u010ditavanju, u\u010dinkovito se detektiraju s udaljenosti od nekoliko metara. Dolaze u razli\u010ditim dimenzijama, od 3,8 do 7,6 cm duljine i od 1,25 cm do 2,5 cm \u0161irine. Ove perive RFID oznake nalaze \u0161iroku upotrebu u medicinskom podru\u010dju, \u010desto pri\u010dvr\u0161\u0107ene na za\u0161titna odijela koja nose lije\u010dnici i medicinske sestre, kao i na druge profesionalne uniforme, kostime i predmete za iznajmljivanje poput prostirki.<\/p>","protected":false},"featured_media":3085,"template":"","meta":{"_kad_post_transparent":"default","_kad_post_title":"","_kad_post_layout":"default","_kad_post_sidebar_id":"","_kad_post_content_style":"default","_kad_post_vertical_padding":"default","_kad_post_feature":"","_kad_post_feature_position":"","_kad_post_header":false,"_kad_post_footer":false,"_kad_post_classname":""},"product_brand":[],"product_cat":[16],"product_tag":[24,375,342,339,65,368,30,374,373],"class_list":{"0":"post-3084","1":"product","2":"type-product","3":"status-publish","4":"has-post-thumbnail","6":"product_cat-uhf-rfid-laundry-tags","7":"product_tag-laundry-rfid-tags","8":"product_tag-rfid-laundry-tag-7015mm","9":"product_tag-rfid-laundry-tags","10":"product_tag-rfid-washable-tags","11":"product_tag-textile-rfid-laundry-tags","12":"product_tag-textile-uhf-rfid-tags-labels","13":"product_tag-uhf-rfid-laundry-tag","14":"product_tag-washable-uhf-rfid-labels","15":"product_tag-washable-uhf-rfid-laundry-textile-labels","17":"first","18":"instock","19":"featured","20":"shipping-taxable","21":"product-type-simple","22":"entry","23":"content-bg","24":"loop-entry"},"_links":{"self":[{"href":"https:\/\/rfid-laundry-tag.com\/hr\/wp-json\/wp\/v2\/product\/3084","targetHints":{"allow":["GET"]}}],"collection":[{"href":"https:\/\/rfid-laundry-tag.com\/hr\/wp-json\/wp\/v2\/product"}],"about":[{"href":"https:\/\/rfid-laundry-tag.com\/hr\/wp-json\/wp\/v2\/types\/product"}],"version-history":[{"count":1,"href":"https:\/\/rfid-laundry-tag.com\/hr\/wp-json\/wp\/v2\/product\/3084\/revisions"}],"predecessor-version":[{"id":3087,"href":"https:\/\/rfid-laundry-tag.com\/hr\/wp-json\/wp\/v2\/product\/3084\/revisions\/3087"}],"wp:featuredmedia":[{"embeddable":true,"href":"https:\/\/rfid-laundry-tag.com\/hr\/wp-json\/wp\/v2\/media\/3085"}],"wp:attachment":[{"href":"https:\/\/rfid-laundry-tag.com\/hr\/wp-json\/wp\/v2\/media?parent=3084"}],"wp:term":[{"taxonomy":"product_brand","embeddable":true,"href":"https:\/\/rfid-laundry-tag.com\/hr\/wp-json\/wp\/v2\/product_brand?post=3084"},{"taxonomy":"product_cat","embeddable":true,"href":"https:\/\/rfid-laundry-tag.com\/hr\/wp-json\/wp\/v2\/product_cat?post=3084"},{"taxonomy":"product_tag","embeddable":true,"href":"https:\/\/rfid-laundry-tag.com\/hr\/wp-json\/wp\/v2\/product_tag?post=3084"}],"curies":[{"name":"radni list","href":"https:\/\/api.w.org\/{rel}","templated":true}]}}