{"id":3079,"date":"2025-12-18T10:10:20","date_gmt":"2025-12-18T10:10:20","guid":{"rendered":"https:\/\/rfid-laundry-tag.com\/?post_type=product&#038;p=3079"},"modified":"2026-01-04T13:08:46","modified_gmt":"2026-01-04T13:08:46","slug":"rfid-laundry-tag-7015mm","status":"publish","type":"product","link":"https:\/\/rfid-laundry-tag.com\/hr\/rfid-laundry-tag-7015mm\/","title":{"rendered":"RFID etiketa za rublje - 70*15 mm"},"content":{"rendered":"<h2>RFID etiketa za rublje - 70*15 mm<\/h2>\n<p><b>Koristiti<a href=\"https:\/\/rfid-laundry-tag.com\/hr\/textile-rfid-laundry-tag\/\">\u00a0RFID oznake za rublje<\/a>\u00a0prednosti:<\/b><br \/>\n1) Smanjite tro\u0161kove rada, zajedno s ru\u010dnim UHF \u010dita\u010dem. Skeniranje \u0107e znati koli\u010dinu.<br \/>\n2) Razvrstajte odje\u0107u iz razli\u010ditih hotela ili tvrtki.<br \/>\n3) Analiza podataka, nakon prikupljanja podataka mo\u017eete saznati vi\u0161e, na primjer:<br \/>\n* Koja je kvaliteta tekstila bolja, mo\u017eete odabrati tu tvrtku kako biste u\u0161tedjeli vi\u0161e tro\u0161kova za budu\u0107e narud\u017ebe.<br \/>\n* Koji hotelski ili tvrtni tekstil se lak\u0161e o\u0161te\u0107uje itd.<\/p>\n<div class=\"entry-content-asset videofit\"><iframe title=\"Za\u0161to koristiti RFID u tekstilnoj praonici?\" src=\"https:\/\/www.youtube.com\/embed\/X_P3EuhS_hE?feature=oembed\" width=\"720\" height=\"405\" frameborder=\"0\" allowfullscreen=\"allowfullscreen\" data-mce-fragment=\"1\"><\/iframe><\/div>\n<div class=\"table-with-header rounded-lg border border-solid border-grey-line2-normal w-fit max-w-full mb-2\">\n<div class=\"overflow-x-auto custom-scrollbar custom-scrollbar-float max-w-full\">\n<table class=\"w-fit !mb-0 !max-w-none\">\n<thead>\n<tr>\n<th>Zna\u010dajka<\/th>\n<th>Specifikacija<\/th>\n<\/tr>\n<\/thead>\n<tbody>\n<tr>\n<td><strong>Ime proizvoda<\/strong><\/td>\n<td><strong>RFID oznaka za pranje rublja<\/strong><\/td>\n<\/tr>\n<tr>\n<td><strong>RFID standard<\/strong><\/td>\n<td>ISO\/IEC 18000-6 TypeC (EPC Gen2)<\/td>\n<\/tr>\n<tr>\n<td><strong>Veli\u010dina i te\u017eina<\/strong><\/td>\n<td>70 \u00d7 15 mm, 0,6 g<\/td>\n<\/tr>\n<tr>\n<td><strong>Vrsta \u010dipa<\/strong><\/td>\n<td>NXP U KOD 8, NXP U KOD 9<\/td>\n<\/tr>\n<tr>\n<td><strong>EPC memorija<\/strong><\/td>\n<td>128 bita<\/td>\n<\/tr>\n<tr>\n<td><strong>Korisni\u010dka memorija<\/strong><\/td>\n<td>512 bita<\/td>\n<\/tr>\n<tr>\n<td><strong>Opseg \u010ditanja<\/strong><\/td>\n<td>8 m (2W ERP FCC\/ETSI)<\/td>\n<\/tr>\n<tr>\n<td><strong>Ozna\u010davanje<\/strong><\/td>\n<td>\u0160ivanje, Ljepilo za vru\u0107e \u017eigosanje<\/td>\n<\/tr>\n<tr>\n<td><strong>Procijenjeni \u017eivotni vijek<\/strong><\/td>\n<td>200 ciklusa pranja ili 3 godine<\/td>\n<\/tr>\n<tr>\n<td><strong>Metoda pranja<\/strong><\/td>\n<td>Praonica rublja, Kemijsko \u010di\u0161\u0107enje<\/td>\n<\/tr>\n<tr>\n<td><strong>Tlak ekstrakcije vode<\/strong><\/td>\n<td>60 bara<\/td>\n<\/tr>\n<tr>\n<td><strong>Vodootpornost<\/strong><\/td>\n<td>Otporan na vodu<\/td>\n<\/tr>\n<tr>\n<td><strong>Otpornost na kemikalije<\/strong><\/td>\n<td>Deterd\u017eent, omek\u0161iva\u010d, izbjeljiva\u010d (kisik\/klor), lu\u017eina<\/td>\n<\/tr>\n<tr>\n<td>\u00a0Gla\u010dalo:<\/td>\n<td>190 \u00baC ~225 \u00baC tijekom 10~15 sekundi<\/td>\n<\/tr>\n<\/tbody>\n<\/table>\n<\/div>\n<\/div>\n<h3 class=\"wp-block-heading\">Monta\u017ea<\/h3>\n<p><strong>Ozna\u010davanje \u0161avova<\/strong>: Za u\u0161ivanje u porub tkanine. Za\u0161ijte oznaku za rublje dalje od linija presavijanja.<br \/>\n<strong>Toplinsko brtvljenje<\/strong>: Toplinsko zavarivanje izravno na tekstil na +200\u00b0C (392\u00b0F), 12~14s.<br \/>\n<strong>U vre\u0107ici<\/strong>: Za\u0161iti se kao standardna naljepnica za odr\u017eavanje. Za\u0161ijte oznaku za rublje dalje od linija presavijanja.<\/p>\n<p>&nbsp;<\/p>\n<p><strong>Predstavljanje proizvoda:<\/strong><br \/>\n*Vi\u0161e od 200 puta industrijsko pranje.<br \/>\n*100% Test pisanja u memoriju\uff1b<br \/>\n*Materijal i dizajn su testirani na pouzdanost;<br \/>\n*Proizvod je pregledan na 100% RF konzistentnost od strane finske opreme Tagformace.<br \/>\n* PRAVO 200 puta industrijsko pranje.<br \/>\n* Mekano, fleksibilno;<br \/>\n* Izdr\u017eati tlak od 60 atmosfera.<\/p>\n<figure id=\"attachment_3434\" class=\"wp-caption alignnone\" aria-describedby=\"caption-attachment-3434\">\n<p><figure id=\"attachment_3081\" aria-describedby=\"caption-attachment-3081\" style=\"width: 1000px\" class=\"wp-caption alignnone\"><a href=\"https:\/\/rfid-laundry-tag.com\/hr\/textile-rfid-laundry-tag\/\"><img fetchpriority=\"high\" decoding=\"async\" class=\"size-full wp-image-3081\" src=\"https:\/\/rfid-laundry-tag.com\/wp-content\/uploads\/2025\/12\/UHF-RFID-washable-laundry-tag-08.jpg\" alt=\"RFID Laundry Tag-70*15mm\" width=\"1000\" height=\"1000\" srcset=\"https:\/\/rfid-laundry-tag.com\/wp-content\/uploads\/2025\/12\/UHF-RFID-washable-laundry-tag-08.jpg 1000w, https:\/\/rfid-laundry-tag.com\/wp-content\/uploads\/2025\/12\/UHF-RFID-washable-laundry-tag-08-300x300.jpg 300w, https:\/\/rfid-laundry-tag.com\/wp-content\/uploads\/2025\/12\/UHF-RFID-washable-laundry-tag-08-150x150.jpg 150w, https:\/\/rfid-laundry-tag.com\/wp-content\/uploads\/2025\/12\/UHF-RFID-washable-laundry-tag-08-768x768.jpg 768w, https:\/\/rfid-laundry-tag.com\/wp-content\/uploads\/2025\/12\/UHF-RFID-washable-laundry-tag-08-12x12.jpg 12w, https:\/\/rfid-laundry-tag.com\/wp-content\/uploads\/2025\/12\/UHF-RFID-washable-laundry-tag-08-600x600.jpg 600w, https:\/\/rfid-laundry-tag.com\/wp-content\/uploads\/2025\/12\/UHF-RFID-washable-laundry-tag-08-100x100.jpg 100w\" sizes=\"(max-width: 1000px) 100vw, 1000px\" \/><\/a><figcaption id=\"caption-attachment-3081\" class=\"wp-caption-text\">RFID etiketa za rublje - 70*15 mm<\/figcaption><\/figure><figcaption id=\"caption-attachment-3434\" class=\"wp-caption-text\">\u00a0<\/figcaption><\/figure>\n<p><strong>Primjena proizvoda:<\/strong><br \/>\n* Industrijsko pranje;<br \/>\n* Upravljanje uniformama zaposlenika i \u0161kola;<br \/>\n* Upravljanje medicinskom odje\u0107om;<br \/>\n* Upravljanje patrolama osoblja;<br \/>\n* Upravljanje proizvodnjom u tvornicama odje\u0107e.<\/p>\n<h2 data-spm-anchor-id=\"a2700.details-description.0.i0.40e8juJgjuJgsa\"><b><span class=\"magic-29\" data-spm-anchor-id=\"a2700.details-description.0.i4.40e8juJgjuJgsa\">Glavne prednosti:<\/span><\/b><\/h2>\n<div data-spm-anchor-id=\"a2700.details-description.0.i0.40e8juJgjuJgsa\">\n<div data-spm-anchor-id=\"a2700.details-description.0.i3.40e8juJgjuJgsa\"><span class=\"magic-30\"><span class=\"magic-31\">* Instaliran na metalnoj i nemetalnoj povr\u0161ini ima dobre radiofrekvencijske performanse, 100% putem europske uvozne oznake;<br \/>\nIspitivanje sustava za ispitivanje sukladnosti * nakon validacije i kori\u0161tenja od strane me\u0111unarodno poznatih kupaca;<\/span><\/span><\/div>\n<\/div>\n<div class=\"auto-hide-last-sibling-br paragraph_1252f paragraph-element\">\n<figure id=\"attachment_3033\" aria-describedby=\"caption-attachment-3033\" style=\"width: 768px\" class=\"wp-caption alignnone\"><a href=\"https:\/\/rfid-laundry-tag.com\/hr\/textile-rfid-laundry-tag\/\"><img decoding=\"async\" class=\"size-large wp-image-3033\" src=\"https:\/\/rfid-laundry-tag.com\/wp-content\/uploads\/2025\/12\/RFID-Laundry-Tag-Installation-Guide-01-768x1024.png\" alt=\"RFID Laundry Tags\" width=\"768\" height=\"1024\" srcset=\"https:\/\/rfid-laundry-tag.com\/wp-content\/uploads\/2025\/12\/RFID-Laundry-Tag-Installation-Guide-01-768x1025.png 768w, https:\/\/rfid-laundry-tag.com\/wp-content\/uploads\/2025\/12\/RFID-Laundry-Tag-Installation-Guide-01-225x300.png 225w, https:\/\/rfid-laundry-tag.com\/wp-content\/uploads\/2025\/12\/RFID-Laundry-Tag-Installation-Guide-01-9x12.png 9w, https:\/\/rfid-laundry-tag.com\/wp-content\/uploads\/2025\/12\/RFID-Laundry-Tag-Installation-Guide-01-600x801.png 600w, https:\/\/rfid-laundry-tag.com\/wp-content\/uploads\/2025\/12\/RFID-Laundry-Tag-Installation-Guide-01.png 790w\" sizes=\"(max-width: 768px) 100vw, 768px\" \/><\/a><figcaption id=\"caption-attachment-3033\" class=\"wp-caption-text\">RFID oznake za pranje rublja<\/figcaption><\/figure>\n<\/div>\n<div>\n<div class=\"J_module\">\n<h2 id=\"ali-anchor-AliMagic-0o5zmv\" class=\"magic-0\" data-section=\"AliMagic-0o5zmv\" data-section-title=\"FAQ\" data-spm-anchor-id=\"a2700.details-description.0.i2.40e8juJgjuJgsa\"><strong>\u010cesto postavljana pitanja<\/strong><\/h2>\n<div data-section=\"AliMagic-0o5zmv\" data-section-title=\"FAQ\" data-spm-anchor-id=\"a2700.details-description.0.i2.40e8juJgjuJgsa\"><\/div>\n<\/div>\n<div class=\"J_module\">\n<div class=\"detail-decorate-json-renderer-container\">\n<div class=\"magic-17\">\n<div class=\"magic-18\">\n<div class=\"magic-19\">\n<div class=\"magic-20\">\n<div data-spm-anchor-id=\"a2700.details-description.0.i5.40e8juJgjuJgsa\"><b class=\"magic-32\">1. Mo\u017eete li nam ponuditi nekoliko uzoraka?<\/b><\/div>\n<div data-spm-anchor-id=\"a2700.details-description.0.i5.40e8juJgjuJgsa\">Nakon \u0161to jasno znamo koji su vam proizvodi potrebni, mo\u017eemo vam ponuditi sli\u010dan postoje\u0107i uzorak za referencu. Uzorak je besplatan, a tro\u0161kove dostave pla\u0107ate vi. Ako vam je potreban prilago\u0111eni uzorak na temelju va\u0161eg dizajna i zahtjeva, napla\u0107uje se razumna cijena uzorka.<\/div>\n<div data-spm-anchor-id=\"a2700.details-description.0.i5.40e8juJgjuJgsa\"><\/div>\n<div data-spm-anchor-id=\"a2700.details-description.0.i5.40e8juJgjuJgsa\"><b class=\"magic-32\">2. Nismo stru\u010dni kupac u va\u0161oj tehnologiji, koje informacije trebate od nas za ponudu?<\/b><\/div>\n<div data-spm-anchor-id=\"a2700.details-description.0.i5.40e8juJgjuJgsa\">Dragi prijatelju, molimo vas da nas jasno obavijestite o primjeni RFID oznake, koji cilj \u017eelite posti\u0107i, predlo\u017eit \u0107emo vam odgovaraju\u0107i proizvod po povoljnoj cijeni.<\/div>\n<div data-spm-anchor-id=\"a2700.details-description.0.i5.40e8juJgjuJgsa\"><\/div>\n<div data-spm-anchor-id=\"a2700.details-description.0.i5.40e8juJgjuJgsa\"><b class=\"magic-32\">3. Imamo primjedbu da smo platili, ali nam niste poslali robu. .<\/b>\u00a0Vode\u0107a smo tvrtka za RFID oznake koja godinama po\u0161teno posluje na me\u0111unarodnom tr\u017ei\u0161tu. Uvijek dobivamo pozitivne povratne informacije od na\u0161ih kupaca diljem svijeta.<\/div>\n<div data-spm-anchor-id=\"a2700.details-description.0.i5.40e8juJgjuJgsa\"><\/div>\n<div data-spm-anchor-id=\"a2700.details-description.0.i5.40e8juJgjuJgsa\"><span class=\"magic-32\"><b><span class=\"magic-30\">4. Mo\u017eemo li posjetiti va\u0161u tvornicu?<\/span><\/b><\/span>\u00a0Da, srda\u010dno pozdravljamo va\u0161 obilazak tvornice. I \u010dast nam je biti va\u0161 vodi\u010d na va\u0161em putovanju u Kinu.<\/div>\n<\/div>\n<div data-spm-anchor-id=\"a2700.details-description.0.i5.40e8juJgjuJgsa\">\n<figure id=\"attachment_3036\" aria-describedby=\"caption-attachment-3036\" style=\"width: 1024px\" class=\"wp-caption alignnone\"><a href=\"https:\/\/rfid-laundry-tag.com\/hr\/textile-rfid-laundry-tag\/\"><img decoding=\"async\" class=\"size-large wp-image-3036\" src=\"https:\/\/rfid-laundry-tag.com\/wp-content\/uploads\/2025\/12\/RFID-Laundry-Tag-Installation-Guide-03--1024x590.png\" alt=\"How to Sew RFID Laundry Tags into Linens and Garments\" width=\"1024\" height=\"590\" srcset=\"https:\/\/rfid-laundry-tag.com\/wp-content\/uploads\/2025\/12\/RFID-Laundry-Tag-Installation-Guide-03--1024x590.png 1024w, https:\/\/rfid-laundry-tag.com\/wp-content\/uploads\/2025\/12\/RFID-Laundry-Tag-Installation-Guide-03--300x173.png 300w, https:\/\/rfid-laundry-tag.com\/wp-content\/uploads\/2025\/12\/RFID-Laundry-Tag-Installation-Guide-03--768x442.png 768w, https:\/\/rfid-laundry-tag.com\/wp-content\/uploads\/2025\/12\/RFID-Laundry-Tag-Installation-Guide-03--18x10.png 18w, https:\/\/rfid-laundry-tag.com\/wp-content\/uploads\/2025\/12\/RFID-Laundry-Tag-Installation-Guide-03--600x345.png 600w, https:\/\/rfid-laundry-tag.com\/wp-content\/uploads\/2025\/12\/RFID-Laundry-Tag-Installation-Guide-03-.png 1148w\" sizes=\"(max-width: 1024px) 100vw, 1024px\" \/><\/a><figcaption id=\"caption-attachment-3036\" class=\"wp-caption-text\">Kako u\u0161iti RFID etikete za rublje na posteljinu i odje\u0107u<\/figcaption><\/figure>\n<\/div>\n<\/div>\n<\/div>\n<\/div>\n<\/div>\n<\/div>\n<\/div>","protected":false},"excerpt":{"rendered":"<div class=\"elementor-element elementor-element-4f79c63 e-flex e-con-boxed e-con e-parent e-lazyloaded\" data-id=\"4f79c63\" data-element_type=\"container\" data-settings=\"{&quot;_ha_eqh_enable&quot;:false}\">\n<div class=\"e-con-inner\">\n<div class=\"elementor-element elementor-element-be3873c elementor-widget elementor-widget-woocommerce-product-short-description\" data-id=\"be3873c\" data-element_type=\"widget\" data-widget_type=\"woocommerce-product-short-description.default\">\n<div class=\"elementor-widget-container\">\n<div class=\"woocommerce-product-details__short-description\"><\/div>\n<\/div>\n<\/div>\n<\/div>\n<\/div>\n<div class=\"elementor-element elementor-element-3ad806e e-flex e-con-boxed e-con e-parent e-lazyloaded\" data-id=\"3ad806e\" data-element_type=\"container\" data-settings=\"{&quot;_ha_eqh_enable&quot;:false}\">\n<div class=\"e-con-inner\">\n<div class=\"elementor-element elementor-element-362020f elementor-widget elementor-widget-woocommerce-product-data-tabs\" data-id=\"362020f\" data-element_type=\"widget\" data-widget_type=\"woocommerce-product-data-tabs.default\">\n<div class=\"elementor-widget-container\">\n<div class=\"woocommerce-tabs wc-tabs-wrapper\">\n<h3 class=\"wp-block-heading\">RFID etiketa za rublje - 70*15 mm<\/h3>\n<p>1, Veli\u010dina je 70 * 15 mm<br \/>\n2, Zajam\u010deno za 200 ili 300 ciklusa pranja kroz sterilizaciju, odvodnjavanje, zagrijavanje pegle pod tlakom od 60 bara, grijanje na 200\u00b0C.<br \/>\n3, Vrijeme isporuke je 1~2 dana<\/p>\n<\/div>\n<\/div>\n<\/div>\n<\/div>\n<\/div>","protected":false},"featured_media":3080,"template":"","meta":{"_kad_post_transparent":"default","_kad_post_title":"","_kad_post_layout":"default","_kad_post_sidebar_id":"","_kad_post_content_style":"default","_kad_post_vertical_padding":"default","_kad_post_feature":"","_kad_post_feature_position":"","_kad_post_header":false,"_kad_post_footer":false,"_kad_post_classname":""},"product_brand":[],"product_cat":[16],"product_tag":[378,24,375,342,339,380,65,368,30,379,374,373],"class_list":{"0":"post-3079","1":"product","2":"type-product","3":"status-publish","4":"has-post-thumbnail","6":"product_cat-uhf-rfid-laundry-tags","7":"product_tag-laundry-management","8":"product_tag-laundry-rfid-tags","9":"product_tag-rfid-laundry-tag-7015mm","10":"product_tag-rfid-laundry-tags","11":"product_tag-rfid-washable-tags","12":"product_tag-smart-textile","13":"product_tag-textile-rfid-laundry-tags","14":"product_tag-textile-uhf-rfid-tags-labels","15":"product_tag-uhf-rfid-laundry-tag","16":"product_tag-uniform-management","17":"product_tag-washable-uhf-rfid-labels","18":"product_tag-washable-uhf-rfid-laundry-textile-labels","20":"first","21":"instock","22":"featured","23":"shipping-taxable","24":"product-type-simple","25":"entry","26":"content-bg","27":"loop-entry"},"_links":{"self":[{"href":"https:\/\/rfid-laundry-tag.com\/hr\/wp-json\/wp\/v2\/product\/3079","targetHints":{"allow":["GET"]}}],"collection":[{"href":"https:\/\/rfid-laundry-tag.com\/hr\/wp-json\/wp\/v2\/product"}],"about":[{"href":"https:\/\/rfid-laundry-tag.com\/hr\/wp-json\/wp\/v2\/types\/product"}],"version-history":[{"count":3,"href":"https:\/\/rfid-laundry-tag.com\/hr\/wp-json\/wp\/v2\/product\/3079\/revisions"}],"predecessor-version":[{"id":3170,"href":"https:\/\/rfid-laundry-tag.com\/hr\/wp-json\/wp\/v2\/product\/3079\/revisions\/3170"}],"wp:featuredmedia":[{"embeddable":true,"href":"https:\/\/rfid-laundry-tag.com\/hr\/wp-json\/wp\/v2\/media\/3080"}],"wp:attachment":[{"href":"https:\/\/rfid-laundry-tag.com\/hr\/wp-json\/wp\/v2\/media?parent=3079"}],"wp:term":[{"taxonomy":"product_brand","embeddable":true,"href":"https:\/\/rfid-laundry-tag.com\/hr\/wp-json\/wp\/v2\/product_brand?post=3079"},{"taxonomy":"product_cat","embeddable":true,"href":"https:\/\/rfid-laundry-tag.com\/hr\/wp-json\/wp\/v2\/product_cat?post=3079"},{"taxonomy":"product_tag","embeddable":true,"href":"https:\/\/rfid-laundry-tag.com\/hr\/wp-json\/wp\/v2\/product_tag?post=3079"}],"curies":[{"name":"radni list","href":"https:\/\/api.w.org\/{rel}","templated":true}]}}