{"id":3076,"date":"2025-12-18T09:52:47","date_gmt":"2025-12-18T09:52:47","guid":{"rendered":"https:\/\/rfid-laundry-tag.com\/?post_type=product&#038;p=3076"},"modified":"2026-01-04T13:40:48","modified_gmt":"2026-01-04T13:40:48","slug":"fabric-washable-uhf-rfid-laundry-tags","status":"publish","type":"product","link":"https:\/\/rfid-laundry-tag.com\/hr\/fabric-washable-uhf-rfid-laundry-tags\/","title":{"rendered":"UHF RFID etikete za pranje rublja koje se mogu prati u tkanini"},"content":{"rendered":"<div class=\"auto-hide-last-sibling-br paragraph_1252f paragraph-element\">\n<h2 class=\"auto-hide-last-sibling-br paragraph_1252f paragraph-element\">UHF RFID etikete za pranje rublja koje se mogu prati u tkanini<\/h2>\n<p><a href=\"https:\/\/rfid-laundry-tag.com\/hr\/textile-rfid-laundry-tag\/\">Oznake za tekstilno UHF pranje rublja\u00a0<\/a>Projektirani su kako bi zadovoljili potrebe pra\u0107enja u sektoru pranja rublja, posebno u hotelima i bolnicama. Izra\u0111eni su za izdr\u017eljivost i prikladni su za razli\u010dite procese, uklju\u010duju\u0107i pranje, su\u0161enje, kemijsko \u010di\u0161\u0107enje i gla\u010danje.<\/p>\n<p>Ove oznake imaju visoku osjetljivost, \u0161to omogu\u0107uje istovremeno o\u010ditavanje vi\u0161e oznaka i u\u010dinkovito funkcioniranje \u010dak i usred razli\u010ditih smetnji signala.<\/p>\n<div data-spm-anchor-id=\"a2700.details.0.i57.23b419c7xXORP0\"><span data-spm-anchor-id=\"a2700.details.0.i75.23b419c7xXORP0\"><b>Zna\u010dajka UHF RFID oznaka za pranje rublja koje se mogu prati u tkanini:<\/b><br \/>\n1) UHF tehnologija za \u010ditanje stotina oznaka istovremeno.<br \/>\n2) Udaljenost \u010ditanja ve\u0107a od 8 m~12 m.<br \/>\n3) Mo\u017ee se prati 200 puta do 300 puta<\/span><\/div>\n<div data-spm-anchor-id=\"a2700.details.0.i57.23b419c7xXORP0\">\n<div class=\"entry-content-asset videofit\"><iframe title=\"Tvornica UHF RFID etiketa za pranje rublja s grija\u0107im ljepilom i testom \u010ditanja na udaljenosti od 12 m\" src=\"https:\/\/www.youtube.com\/embed\/cOnG5fgEIs4?feature=oembed\" width=\"720\" height=\"405\" frameborder=\"0\" allowfullscreen=\"allowfullscreen\" data-mce-fragment=\"1\"><\/iframe><\/div>\n<\/div>\n<\/div>\n<div data-spm-anchor-id=\"a2700.details.0.i57.23b419c7xXORP0\"><\/div>\n<div data-spm-anchor-id=\"a2700.details.0.i57.23b419c7xXORP0\">\n<div class=\"text-content\" data-spm-anchor-id=\"a2700.details.0.i54.23b419c7xXORP0\">\n<table>\n<tbody>\n<tr>\n<td width=\"139\">Naziv proizvoda<\/td>\n<td width=\"600\">UHF RFID etikete za pranje rublja koje se mogu prati u tkanini<\/td>\n<\/tr>\n<tr>\n<td width=\"139\">Materijal<\/td>\n<td width=\"600\">Tkanina\/tkanina itd.<\/td>\n<\/tr>\n<tr>\n<td width=\"139\">Model \u010dipa<\/td>\n<td width=\"600\">UCODE\u00ae 9<\/td>\n<\/tr>\n<tr>\n<td width=\"139\">Memorija<\/td>\n<td width=\"600\">EPC: 96 bita<\/td>\n<\/tr>\n<tr>\n<td width=\"139\">Protokol<\/td>\n<td width=\"600\">EPC C1 G2<\/td>\n<\/tr>\n<tr>\n<td width=\"139\">Veli\u010dina<\/td>\n<td width=\"600\">70*15 mm, 86*16 mm; 50*20 mm; 72*16 mm; 35*15 mm itd.<\/td>\n<\/tr>\n<tr>\n<td width=\"139\">Boja<\/td>\n<td width=\"600\">Bijela<\/td>\n<\/tr>\n<tr>\n<td width=\"139\">Radno vrijeme<\/td>\n<td width=\"600\">Prosjek je 200 puta, neki mogu i vi\u0161e od 300 puta.<\/td>\n<\/tr>\n<tr>\n<td width=\"139\">Radna temperatura<\/td>\n<td width=\"600\">-25\u2103 do +150\u2103<\/td>\n<\/tr>\n<tr>\n<td width=\"139\">Pro\u010ditajte Udaljenost<\/td>\n<td width=\"600\">3-10 milijuna<\/td>\n<\/tr>\n<tr>\n<td width=\"139\">Primjena<\/td>\n<td width=\"600\">Rje\u0161enje za pranje rublja, praonica rublja, industrijsko pranje rublja, upravljanje hotelskom odje\u0107om, upravljanje supermarketima\/trgovinama odje\u0107om itd.<\/td>\n<\/tr>\n<\/tbody>\n<\/table>\n<\/div>\n<\/div>\n<div><\/div>\n<h3 class=\"wp-block-heading\">Kako instalirati perive UHF RFID oznake za rublje od tkanine<\/h3>\n<p><strong>Ozna\u010davanje \u0161avova<\/strong>: Za u\u0161ivanje u porub tkanine. Za\u0161ijte oznaku za rublje dalje od linija presavijanja.<br \/>\n<strong>Toplinsko brtvljenje<\/strong>: Toplinsko zavarivanje izravno na tekstil na +200\u00b0C (392\u00b0F), 12~14s.<br \/>\n<strong>U vre\u0107ici<\/strong>: Za\u0161iti se kao standardna naljepnica za odr\u017eavanje. Za\u0161ijte oznaku za rublje dalje od linija presavijanja.<\/p>\n<p><b>RFID oznake za rublje mogu se \u0161iroko primjenjivati u sljede\u0107im podru\u010djima:<br \/>\n<\/b>1) Upravljanje pra\u0107enjem<br \/>\n2) Tvornica\/skladi\u0161te\/hotel\/bolnica\/zabavni park<br \/>\n3) Bolni\u010dke uniforme\/Posteljina\/Palete\/Platenske torbe<br \/>\n4) Kemijsko \u010di\u0161\u0107enje<br \/>\n5) Koristi se u hotelskoj prostirci\/ Pri\u010dvr\u0161\u0107eno na tekstil\/ Radnu odje\u0107u<br \/>\n6) Pera\u010di novca<\/p>\n<h2>\u0160to su RFID \u010dipovi za lan?<\/h2>\n<p><a href=\"https:\/\/rfid-laundry-tag.com\/hr\/textile-rfid-laundry-tag\/\">RFID \u010dipovi za lan<\/a> su kompaktne, izdr\u017eljive oznake s ugra\u0111enim mikro\u010dipom i antenom za radiofrekvencijsku identifikaciju (RFID), posebno dizajnirane za pra\u0107enje tekstila poput plahti, ru\u010dnika i uniformi u industrijskim okru\u017eenjima. Ovi \u010dipovi mogu se toplinski zatvoriti ili u\u0161iti u tkanine, \u0161to omogu\u0107uje automatsku identifikaciju i pra\u0107enje tijekom njihovog \u017eivotnog ciklusa. Za razliku od tradicionalnih barkodova, RFID \u010dipovi ne zahtijevaju izravnu vidljivost za skeniranje, \u0161to omogu\u0107uje u\u010dinkovito pra\u0107enje \u010dak i kada su predmeti slo\u017eeni ili pakirani u vre\u0107e.<\/p>\n<h2>Prednosti RFID-a u tekstilnoj praonici:<\/h2>\n<p>Kako sektori industrijske praonice rublja i najma odje\u0107e rastu, raste i potreba za automatizacijom i preciznim upravljanjem zalihama. Trenutno manje od 1% globalne industrije praonica rublja koristi RFID tehnologiju, ali oni koji su je usvojili izvje\u0161tavaju o zna\u010dajnim prednostima. RFID se smatra klju\u010dnim za tehnolo\u0161ka unapre\u0111enja u sektoru praonica rublja, s o\u010dekivanjima pove\u0107ane primjene u sljede\u0107ih nekoliko godina. Smanjenje tro\u0161kova i pobolj\u0161anje kvalitete RFID ure\u0111aja i tekstilnih oznaka pru\u017eaju konkurentsku prednost koja poti\u010de inovacije.<\/p>\n<ol>\n<li><strong>Pojednostavljena klasifikacija odje\u0107e:<\/strong>\u00a0RFID oznake pri\u010dvr\u0161\u0107ene na odje\u0107u omogu\u0107uju automatizirano sortiranje tijekom pranja i obrade, smanjuju\u0107i potrebu za ru\u010dnim radom i pobolj\u0161avaju\u0107i u\u010dinkovitost.<\/li>\n<li><strong>To\u010dni zapisi ciklusa pranja:<\/strong>\u00a0Pra\u0107enje ciklusa pranja poma\u017ee u predvi\u0111anju \u017eivotnog vijeka odje\u0107e. Sustav upozorava korisnike kada se artikli bli\u017ee kraju svog \u017eivotnog vijeka, olak\u0161avaju\u0107i pravovremeno naru\u010divanje i upravljanje zalihama.<\/li>\n<li><strong>Brzi pregled zaliha:<\/strong>\u00a0RFID oznake omogu\u0107uju brzu provjeru zaliha, poma\u017eu\u0107i u sprje\u010davanju gubitka ili kra\u0111e i osiguravaju\u0107i operativnu u\u010dinkovitost.<\/li>\n<li><strong>Minimiziranje gubitaka i kra\u0111e:<\/strong>\u00a0Svaka RFID oznaka ima jedinstveni identifikator, \u0161to omogu\u0107uje precizno pra\u0107enje izgubljenih ili ukradenih predmeta, \u0161to mo\u017ee pomo\u0107i u povratu tro\u0161kova.<\/li>\n<\/ol>\n<h2>Kako RFID \u010dipovi za lan rade u industrijskoj praonici rublja:<\/h2>\n<ul>\n<li><strong>Ozna\u010davanje i registracija:<\/strong>\u00a0Svaki predmet je ugra\u0111en RFID \u010dipom povezanim s bazom podataka koja sadr\u017ei njegove detalje.<\/li>\n<li><strong>Automatizirano pra\u0107enje:<\/strong>\u00a0RFID \u010dita\u010di na klju\u010dnim mjestima u procesu pranja rublja bilje\u017ee podatke u stvarnom vremenu dok se predmeti kre\u0107u kroz proces prikupljanja, pranja i distribucije.<\/li>\n<li><strong>Sortiranje i obrada:<\/strong>\u00a0Sustav automatizira sortiranje prema vrsti ili klijentu, smanjuju\u0107i tro\u0161kove rada.<\/li>\n<li><strong>Upravljanje zalihama:<\/strong>\u00a0Kontinuirana a\u017euriranja podataka pru\u017eaju uvid u razine zaliha i obrasce kori\u0161tenja, osiguravaju\u0107i dostupnost i sprje\u010davaju\u0107i prekomjerno skladi\u0161tenje.<\/li>\n<\/ul>\n<p>Sveukupno, <a href=\"https:\/\/rfid-laundry-tag.com\/hr\/rfid-chips-for-uniform-and-linen\/\">RFID \u010dipovi za lan<\/a> optimizirati rad industrijskih praonica rublja kroz pobolj\u0161ano pra\u0107enje, u\u010dinkovitost i sprje\u010davanje gubitaka.<\/p>","protected":false},"excerpt":{"rendered":"<div class=\"elementor-element elementor-element-4f79c63 e-flex e-con-boxed e-con e-parent e-lazyloaded\" data-id=\"4f79c63\" data-element_type=\"container\" data-settings=\"{&quot;_ha_eqh_enable&quot;:false}\">\n<div class=\"e-con-inner\">\n<div class=\"elementor-element elementor-element-be3873c elementor-widget elementor-widget-woocommerce-product-short-description\" data-id=\"be3873c\" data-element_type=\"widget\" data-widget_type=\"woocommerce-product-short-description.default\">\n<div class=\"elementor-widget-container\">\n<div class=\"woocommerce-product-details__short-description\"><\/div>\n<\/div>\n<\/div>\n<\/div>\n<\/div>\n<div class=\"elementor-element elementor-element-3ad806e e-flex e-con-boxed e-con e-parent e-lazyloaded\" data-id=\"3ad806e\" data-element_type=\"container\" data-settings=\"{&quot;_ha_eqh_enable&quot;:false}\">\n<div class=\"e-con-inner\">\n<div class=\"elementor-element elementor-element-362020f elementor-widget elementor-widget-woocommerce-product-data-tabs\" data-id=\"362020f\" data-element_type=\"widget\" data-widget_type=\"woocommerce-product-data-tabs.default\">\n<div class=\"elementor-widget-container\">\n<div class=\"woocommerce-tabs wc-tabs-wrapper\"><strong>UHF RFID etikete za pranje rublja koje se mogu prati u tkanini<\/strong> za hotele i bolnice, perivo 200-300 puta, istovremeno \u010dita stotine oznaka s udaljenosti od 8-12 metara, idealno za u\u010dinkovito pra\u0107enje.<\/div>\n<\/div>\n<\/div>\n<\/div>\n<\/div>","protected":false},"featured_media":3077,"template":"","meta":{"_kad_post_transparent":"default","_kad_post_title":"","_kad_post_layout":"default","_kad_post_sidebar_id":"","_kad_post_content_style":"default","_kad_post_vertical_padding":"default","_kad_post_feature":"","_kad_post_feature_position":"","_kad_post_header":false,"_kad_post_footer":false,"_kad_post_classname":""},"product_brand":[],"product_cat":[19],"product_tag":[381,378,24,342,339,380,65,368,30,379,374,373],"class_list":{"0":"post-3076","1":"product","2":"type-product","3":"status-publish","4":"has-post-thumbnail","6":"product_cat-textile-rfid-laundry-tag","7":"product_tag-industrial-iot","8":"product_tag-laundry-management","9":"product_tag-laundry-rfid-tags","10":"product_tag-rfid-laundry-tags","11":"product_tag-rfid-washable-tags","12":"product_tag-smart-textile","13":"product_tag-textile-rfid-laundry-tags","14":"product_tag-textile-uhf-rfid-tags-labels","15":"product_tag-uhf-rfid-laundry-tag","16":"product_tag-uniform-management","17":"product_tag-washable-uhf-rfid-labels","18":"product_tag-washable-uhf-rfid-laundry-textile-labels","20":"first","21":"instock","22":"featured","23":"shipping-taxable","24":"product-type-simple","25":"entry","26":"content-bg","27":"loop-entry"},"_links":{"self":[{"href":"https:\/\/rfid-laundry-tag.com\/hr\/wp-json\/wp\/v2\/product\/3076","targetHints":{"allow":["GET"]}}],"collection":[{"href":"https:\/\/rfid-laundry-tag.com\/hr\/wp-json\/wp\/v2\/product"}],"about":[{"href":"https:\/\/rfid-laundry-tag.com\/hr\/wp-json\/wp\/v2\/types\/product"}],"version-history":[{"count":3,"href":"https:\/\/rfid-laundry-tag.com\/hr\/wp-json\/wp\/v2\/product\/3076\/revisions"}],"predecessor-version":[{"id":3172,"href":"https:\/\/rfid-laundry-tag.com\/hr\/wp-json\/wp\/v2\/product\/3076\/revisions\/3172"}],"wp:featuredmedia":[{"embeddable":true,"href":"https:\/\/rfid-laundry-tag.com\/hr\/wp-json\/wp\/v2\/media\/3077"}],"wp:attachment":[{"href":"https:\/\/rfid-laundry-tag.com\/hr\/wp-json\/wp\/v2\/media?parent=3076"}],"wp:term":[{"taxonomy":"product_brand","embeddable":true,"href":"https:\/\/rfid-laundry-tag.com\/hr\/wp-json\/wp\/v2\/product_brand?post=3076"},{"taxonomy":"product_cat","embeddable":true,"href":"https:\/\/rfid-laundry-tag.com\/hr\/wp-json\/wp\/v2\/product_cat?post=3076"},{"taxonomy":"product_tag","embeddable":true,"href":"https:\/\/rfid-laundry-tag.com\/hr\/wp-json\/wp\/v2\/product_tag?post=3076"}],"curies":[{"name":"radni list","href":"https:\/\/api.w.org\/{rel}","templated":true}]}}