{"id":304,"date":"2024-06-26T16:50:11","date_gmt":"2024-06-26T16:50:11","guid":{"rendered":"https:\/\/rfid-laundry-tag.com\/?post_type=product&#038;p=304"},"modified":"2024-06-26T17:00:07","modified_gmt":"2024-06-26T17:00:07","slug":"on-duty-ntag215-nfc-patrol-tag","status":"publish","type":"product","link":"https:\/\/rfid-laundry-tag.com\/hr\/on-duty-ntag215-nfc-patrol-tag\/","title":{"rendered":"Na du\u017enosti Ntag215 NFC patrolna oznaka"},"content":{"rendered":"<p><strong>Na du\u017enosti Ntag215 NFC patrolna oznaka <\/strong><\/p>\n<p>NTAG215 je razvio NXP Semiconductors kao standardni NFC tag ICs za kori\u0161tenje u aplikacijama masovnog tr\u017ei\u0161ta kao \u0161to su maloprodaja, igre i potro\u0161a\u010dka elektronika, u kombinaciji s NFC ure\u0111ajima ili NFC kompatibilnim ure\u0111ajima za blizinsko spajanje. NTAG215 (od sada, op\u0107enito zvan NTAG21x) dizajnirani su za potpunu uskla\u0111enost s NFC Forum Type 2 Tag i ISO\/IEC14443 Type A specifikacijama. Memorija je 504 bajta.<\/p>\n<table class=\"hight-light-first-column all magic-11\">\n<tbody>\n<tr>\n<td colspan=\"1\" rowspan=\"1\">\n<div class=\"magic-12\" data-spm-anchor-id=\"a2700.details.0.i57.12287cd6Tl6d8d\">Veli\u010dina<\/div>\n<\/td>\n<td colspan=\"4\" rowspan=\"1\">\n<div class=\"magic-13\">Promjer 25 mm<\/div>\n<\/td>\n<\/tr>\n<tr>\n<td colspan=\"1\" rowspan=\"1\">\n<div class=\"magic-12\">Boja<\/div>\n<\/td>\n<td colspan=\"4\" rowspan=\"1\">\n<div class=\"magic-16\">Crna, bijela, \u017euta, crvena ili prilago\u0111ena<\/div>\n<\/td>\n<\/tr>\n<tr>\n<td colspan=\"1\" rowspan=\"1\">\n<div class=\"magic-12\">\u010cip<\/div>\n<\/td>\n<td colspan=\"4\" rowspan=\"1\">\n<div class=\"magic-13\">NTAG215<\/div>\n<\/td>\n<\/tr>\n<tr>\n<td colspan=\"1\" rowspan=\"1\">\n<div class=\"magic-12\">Frekvencija<\/div>\n<\/td>\n<td colspan=\"4\" rowspan=\"1\">\n<div class=\"magic-13\">13,56 mhz<\/div>\n<\/td>\n<\/tr>\n<tr>\n<td colspan=\"1\" rowspan=\"1\">\n<div class=\"magic-12\">Protokol<\/div>\n<\/td>\n<td colspan=\"4\" rowspan=\"1\">\n<div class=\"magic-13\">ISO14443A, NFC forum tipa 2<\/div>\n<\/td>\n<\/tr>\n<tr>\n<td colspan=\"1\" rowspan=\"1\">\n<div class=\"magic-12\">Materijal<\/div>\n<\/td>\n<td colspan=\"4\" rowspan=\"1\">\n<div class=\"magic-13\">ABS<\/div>\n<\/td>\n<\/tr>\n<tr>\n<td colspan=\"1\" rowspan=\"1\">\n<div class=\"magic-12\">Radna temperatura<\/div>\n<\/td>\n<td colspan=\"4\" rowspan=\"1\">\n<div class=\"magic-13\">-20 do 85 stupnjeva C<\/div>\n<\/td>\n<\/tr>\n<tr>\n<td colspan=\"1\" rowspan=\"1\">\n<div class=\"magic-12\">Primjena<\/div>\n<\/td>\n<td colspan=\"4\" rowspan=\"1\">\n<div class=\"magic-16\">Lanac praonica rublja, jaka kemikalija, ure\u0111aj za pla\u0107anje, uporaba na otvorenom, kemikalije, industrija, logistika, patrolna stra\u017ea, \u010dlanstvo, transportni kontejner, palete itd.<\/div>\n<\/td>\n<\/tr>\n<tr>\n<td colspan=\"1\" rowspan=\"1\">\n<div class=\"magic-12\">Ocjena vodootpornosti<\/div>\n<\/td>\n<td colspan=\"4\" rowspan=\"1\">\n<div class=\"magic-16\">IP67<\/div>\n<\/td>\n<\/tr>\n<tr>\n<td colspan=\"1\" rowspan=\"1\">\n<div class=\"magic-12\">Raspon \u010ditanja<\/div>\n<\/td>\n<td colspan=\"4\" rowspan=\"1\">\n<div class=\"magic-16\">5-10cm, ovisi o \u010dita\u010du<\/div>\n<\/td>\n<\/tr>\n<tr>\n<td colspan=\"1\" rowspan=\"1\">\n<div class=\"magic-12\">Craft<\/div>\n<\/td>\n<td colspan=\"4\" rowspan=\"1\">\n<div class=\"magic-16\">Laserski ugravirani serijski broj, barkod i tako dalje<\/div>\n<\/td>\n<\/tr>\n<tr>\n<td colspan=\"1\" rowspan=\"1\">\n<div class=\"magic-12\">Monta\u017ea<\/div>\n<\/td>\n<td colspan=\"4\" rowspan=\"1\">\n<div class=\"magic-16\">Ljepilom ili vijcima, ili zakovicama<\/div>\n<\/td>\n<\/tr>\n<\/tbody>\n<\/table>\n<p>&nbsp;<\/p>\n<h2>Na du\u017enosti Ntag215 NFC Patrol Tag aplikacija<\/h2>\n<p>Ovaj dokument opisuje potencijalnu primjenu za Ntag215 NFC oznaku u kontekstu patrolne du\u017enosti.<\/p>\n<p><strong>Scenarij:<\/strong><\/p>\n<p>Za\u0161titar ili patrolni policajac mora se prijaviti na odre\u0111enim mjestima tijekom svoje smjene. Cilj je automatizirati proces snimanja tih prijava, pru\u017eanje podataka o lokaciji u stvarnom vremenu i potencijalno pokretanje dodatnih radnji.<\/p>\n<p><strong>Primjena:<\/strong><\/p>\n<ol>\n<li><strong>Oznake NFC patrole:<\/strong>\n<ul>\n<li>Ntag215 NFC oznake pri\u010dvr\u0161\u0107ene su na strate\u0161ka mjesta oko patrolne rute (npr. ulazi u zgrade, sigurnosne kontrolne to\u010dke, ozna\u010dene zone).<\/li>\n<li>Svakoj se oznaci dodjeljuje jedinstveni ID i potencijalno identifikator lokacije.<\/li>\n<\/ul>\n<\/li>\n<li><strong>Mobilna aplikacija:<\/strong>\n<ul>\n<li>Za\u0161titno osoblje koristi pametni telefon ili tablet s namjenskom aplikacijom.<\/li>\n<li>Aplikacija se povezuje s NFC oznakom jednostavnim dodirom ili detekcijom blizine.<\/li>\n<li>Nakon kontakta s oznakom, aplikacija:\n<ul>\n<li>Bilje\u017ei vrijeme i datum prijave.<\/li>\n<li>Bilje\u017ei ID oznake i potencijalno njegovu lokaciju.<\/li>\n<li>Automatski a\u017eurira status i lokaciju patrolnog policajca na sredi\u0161njoj nadzornoj plo\u010di.<\/li>\n<\/ul>\n<\/li>\n<\/ul>\n<\/li>\n<li><strong>Centralna nadzorna plo\u010da:<\/strong>\n<ul>\n<li>Platforma temeljena na webu ili u oblaku prikazuje informacije o patrolnim policajcima u stvarnom vremenu.<\/li>\n<li>Vizualizira njihovu lokaciju, vrijeme prijave i sva upozorenja.<\/li>\n<li>Ova se nadzorna plo\u010da tako\u0111er mo\u017ee koristiti za:\n<ul>\n<li>Pokreni obavijesti za kasne prijave ili propu\u0161tena zaustavljanja.<\/li>\n<li>Pratite aktivnost za upravljanje u\u010dinkom.<\/li>\n<li>Automatski generirajte izvje\u0161\u0107a i zapisnike.<\/li>\n<\/ul>\n<\/li>\n<\/ul>\n<\/li>\n<\/ol>\n<p><strong>Prednosti:<\/strong><\/p>\n<ul>\n<li><strong>Automatska prijava:<\/strong>\u00a0Uklanja ru\u010dne unose u dnevnik i mogu\u0107e pogre\u0161ke.<\/li>\n<li><strong>Pra\u0107enje lokacije u stvarnom vremenu:<\/strong>\u00a0Pru\u017ea neposrednu svijest o polo\u017eajima patrolnih policajaca.<\/li>\n<li><strong>Pobolj\u0161ana odgovornost:<\/strong>\u00a0Nudi pouzdan revizijski trag patrolnih aktivnosti.<\/li>\n<li><strong>Pobolj\u0161ana sigurnost:<\/strong>\u00a0Omogu\u0107uje brz odgovor na incidente i upozorenja.<\/li>\n<li><strong>Uvidi temeljeni na podacima:<\/strong>\u00a0Podr\u017eava analizu performansi i optimizaciju patrolnih ruta.<\/li>\n<\/ul>\n<p><strong>Pojedinosti o implementaciji:<\/strong><\/p>\n<ul>\n<li><strong>Programiranje oznaka:<\/strong>\u00a0Oznake Ntag215 lako se mogu programirati pomo\u0107u NFC alata i mogu pohraniti informacije poput identifikatora lokacije, pristupnih kodova ili upozorenja.<\/li>\n<li><strong>Razvoj mobilne aplikacije:<\/strong>\u00a0Aplikacija bi trebala koristiti NFC funkciju ure\u0111aja, omogu\u0107uju\u0107i sigurnu komunikaciju s oznakama.<\/li>\n<li><strong>Integracija nadzorne plo\u010de:<\/strong>\u00a0Podaci prikupljeni iz oznaka mogu se integrirati s platformom temeljenom na oblaku ili postoje\u0107im sigurnosnim sustavima.<\/li>\n<li><strong>Enkripcija podataka:<\/strong>\u00a0Osjetljivi podaci mogu se \u0161ifrirati radi sigurnosti i privatnosti.<\/li>\n<\/ul>\n<p><strong>Razmatranja:<\/strong><\/p>\n<ul>\n<li><strong>Trajnost oznake:<\/strong>\u00a0Oznake Ntag215 otporne su na \u010dimbenike okoli\u0161a, ali ih treba prikladno instalirati za dugotrajnu upotrebu.<\/li>\n<li><strong>Mre\u017ena povezanost:<\/strong>\u00a0Za prijenos podataka i pristup nadzornoj plo\u010di potrebna je pouzdana internetska ili mre\u017ena povezanost.<\/li>\n<li><strong>Privatnost i sigurnost:<\/strong>\u00a0Provedite odgovaraju\u0107e sigurnosne mjere i protokole za za\u0161titu privatnosti podataka.<\/li>\n<li><strong>Analiza tro\u0161kova:<\/strong>\u00a0Uzmite u obzir tro\u0161kove oznaka, razvoja aplikacija i potencijalne infrastrukture u oblaku.<\/li>\n<\/ul>\n<p>&nbsp;<\/p>\n<p>&nbsp;<\/p>","protected":false},"excerpt":{"rendered":"<p>Ntag215 NFC oznaka nudi vrijedan alat za pobolj\u0161anje u\u010dinkovitosti i sigurnosti patroliranja. Ova aplikacija mo\u017ee pojednostaviti procese patroliranja, pobolj\u0161ati odgovornost i pru\u017eiti vrijedne uvide u podatke za bolje dono\u0161enje odluka.<\/p>","protected":false},"featured_media":305,"template":"","meta":{"_kad_post_transparent":"default","_kad_post_title":"","_kad_post_layout":"default","_kad_post_sidebar_id":"","_kad_post_content_style":"default","_kad_post_vertical_padding":"default","_kad_post_feature":"","_kad_post_feature_position":"","_kad_post_header":false,"_kad_post_footer":false,"_kad_post_classname":""},"product_brand":[],"product_cat":[54],"product_tag":[118,124],"class_list":{"0":"post-304","1":"product","2":"type-product","3":"status-publish","4":"has-post-thumbnail","6":"product_cat-hot-selling-rfid-tags","7":"product_tag-anti-metal-nfc-patrol-tag","8":"product_tag-on-duty-ntag215-nfc-patrol-tag","10":"first","11":"instock","12":"shipping-taxable","13":"product-type-simple","14":"entry","15":"content-bg","16":"loop-entry"},"_links":{"self":[{"href":"https:\/\/rfid-laundry-tag.com\/hr\/wp-json\/wp\/v2\/product\/304","targetHints":{"allow":["GET"]}}],"collection":[{"href":"https:\/\/rfid-laundry-tag.com\/hr\/wp-json\/wp\/v2\/product"}],"about":[{"href":"https:\/\/rfid-laundry-tag.com\/hr\/wp-json\/wp\/v2\/types\/product"}],"version-history":[{"count":0,"href":"https:\/\/rfid-laundry-tag.com\/hr\/wp-json\/wp\/v2\/product\/304\/revisions"}],"wp:featuredmedia":[{"embeddable":true,"href":"https:\/\/rfid-laundry-tag.com\/hr\/wp-json\/wp\/v2\/media\/305"}],"wp:attachment":[{"href":"https:\/\/rfid-laundry-tag.com\/hr\/wp-json\/wp\/v2\/media?parent=304"}],"wp:term":[{"taxonomy":"product_brand","embeddable":true,"href":"https:\/\/rfid-laundry-tag.com\/hr\/wp-json\/wp\/v2\/product_brand?post=304"},{"taxonomy":"product_cat","embeddable":true,"href":"https:\/\/rfid-laundry-tag.com\/hr\/wp-json\/wp\/v2\/product_cat?post=304"},{"taxonomy":"product_tag","embeddable":true,"href":"https:\/\/rfid-laundry-tag.com\/hr\/wp-json\/wp\/v2\/product_tag?post=304"}],"curies":[{"name":"radni list","href":"https:\/\/api.w.org\/{rel}","templated":true}]}}