{"id":302,"date":"2024-06-26T16:45:35","date_gmt":"2024-06-26T16:45:35","guid":{"rendered":"https:\/\/rfid-laundry-tag.com\/?post_type=product&#038;p=302"},"modified":"2024-06-26T16:49:46","modified_gmt":"2024-06-26T16:49:46","slug":"on-duty-ntag213-nfc-patrol-tag","status":"publish","type":"product","link":"https:\/\/rfid-laundry-tag.com\/hr\/on-duty-ntag213-nfc-patrol-tag\/","title":{"rendered":"Na du\u017enosti Ntag213 NFC patrolna oznaka"},"content":{"rendered":"<p><strong>Na du\u017enosti Ntag213 NFC patrolna oznaka<\/strong><\/p>\n<p>NTAG213, NTAG215 i NTAG216 razvio je NXP Semiconductors kao standardne NFC oznake IC-ove koji se koriste u aplikacijama masovnog tr\u017ei\u0161ta kao \u0161to su maloprodaja, igre i potro\u0161a\u010dka elektronika, u kombinaciji s NFC ure\u0111ajima ili NFC kompatibilnim ure\u0111ajima za blizinsko spajanje. NTAG213, NTAG215 i NTAG216 (od sada, op\u0107enito zvani NTAG21x) dizajnirani su za potpunu uskla\u0111enost s NFC Forum Type 2 Tag i ISO\/IEC14443 Type A specifikacijama.<\/p>\n<table class=\"hight-light-first-column all magic-11\">\n<tbody>\n<tr>\n<td colspan=\"1\" rowspan=\"1\">\n<div class=\"magic-12\" data-spm-anchor-id=\"a2700.details.0.i57.12287cd6Tl6d8d\">Veli\u010dina<\/div>\n<\/td>\n<td colspan=\"4\" rowspan=\"1\">\n<div class=\"magic-13\">Promjer 25 mm<\/div>\n<\/td>\n<\/tr>\n<tr>\n<td colspan=\"1\" rowspan=\"1\">\n<div class=\"magic-12\">Boja<\/div>\n<\/td>\n<td colspan=\"4\" rowspan=\"1\">\n<div class=\"magic-16\">Crna, bijela, \u017euta, crvena ili prilago\u0111ena<\/div>\n<\/td>\n<\/tr>\n<tr>\n<td colspan=\"1\" rowspan=\"1\">\n<div class=\"magic-12\">\u010cip<\/div>\n<\/td>\n<td colspan=\"4\" rowspan=\"1\">\n<div class=\"magic-13\">NTAG213,NTAG215,NTAG216<\/div>\n<\/td>\n<\/tr>\n<tr>\n<td colspan=\"1\" rowspan=\"1\">\n<div class=\"magic-12\">Frekvencija<\/div>\n<\/td>\n<td colspan=\"4\" rowspan=\"1\">\n<div class=\"magic-13\">13,56 mhz<\/div>\n<\/td>\n<\/tr>\n<tr>\n<td colspan=\"1\" rowspan=\"1\">\n<div class=\"magic-12\">Protokol<\/div>\n<\/td>\n<td colspan=\"4\" rowspan=\"1\">\n<div class=\"magic-13\">ISO14443A, NFC forum tipa 2<\/div>\n<\/td>\n<\/tr>\n<tr>\n<td colspan=\"1\" rowspan=\"1\">\n<div class=\"magic-12\">Materijal<\/div>\n<\/td>\n<td colspan=\"4\" rowspan=\"1\">\n<div class=\"magic-13\">ABS<\/div>\n<\/td>\n<\/tr>\n<tr>\n<td colspan=\"1\" rowspan=\"1\">\n<div class=\"magic-12\">Radna temperatura<\/div>\n<\/td>\n<td colspan=\"4\" rowspan=\"1\">\n<div class=\"magic-13\">-20 do 85 stupnjeva C<\/div>\n<\/td>\n<\/tr>\n<tr>\n<td colspan=\"1\" rowspan=\"1\">\n<div class=\"magic-12\">Primjena<\/div>\n<\/td>\n<td colspan=\"4\" rowspan=\"1\">\n<div class=\"magic-16\">Lanac praonica rublja, jaka kemikalija, ure\u0111aj za pla\u0107anje, uporaba na otvorenom, kemikalije, industrija, logistika, patrolna stra\u017ea, \u010dlanstvo, transportni kontejner, palete itd.<\/div>\n<\/td>\n<\/tr>\n<tr>\n<td colspan=\"1\" rowspan=\"1\">\n<div class=\"magic-12\">Ocjena vodootpornosti<\/div>\n<\/td>\n<td colspan=\"4\" rowspan=\"1\">\n<div class=\"magic-16\">IP67<\/div>\n<\/td>\n<\/tr>\n<tr>\n<td colspan=\"1\" rowspan=\"1\">\n<div class=\"magic-12\">Raspon \u010ditanja<\/div>\n<\/td>\n<td colspan=\"4\" rowspan=\"1\">\n<div class=\"magic-16\">5-10cm, ovisi o \u010dita\u010du<\/div>\n<\/td>\n<\/tr>\n<tr>\n<td colspan=\"1\" rowspan=\"1\">\n<div class=\"magic-12\">Craft<\/div>\n<\/td>\n<td colspan=\"4\" rowspan=\"1\">\n<div class=\"magic-16\">Laserski ugravirani serijski broj, barkod i tako dalje<\/div>\n<\/td>\n<\/tr>\n<tr>\n<td colspan=\"1\" rowspan=\"1\">\n<div class=\"magic-12\">Monta\u017ea<\/div>\n<\/td>\n<td colspan=\"4\" rowspan=\"1\">\n<div class=\"magic-16\">Ljepilom ili vijcima, ili zakovicama<\/div>\n<\/td>\n<\/tr>\n<\/tbody>\n<\/table>\n<h2>Na du\u017enosti NTAG213 NFC Patrol Tag aplikacije<\/h2>\n<p>On Duty NTAG213 NFC patrolna oznaka svestran je alat za pobolj\u0161anje sigurnosti, u\u010dinkovitosti i pra\u0107enja u razli\u010ditim aplikacijama. Evo nekoliko primjera:<\/p>\n<p><strong>Sigurnost i kontrola pristupa:<\/strong><\/p>\n<ul>\n<li><strong>Patrolni stra\u017ear:<\/strong>\u00a0Oznake se mogu dodijeliti pojedina\u010dnim slu\u017ebenicima sigurnosti, omogu\u0107uju\u0107i pra\u0107enje njihove lokacije i aktivnosti u stvarnom vremenu. To poma\u017ee u nadziranju patrolnih ruta, osiguravanju pravovremenih odgovora i pru\u017eanju dokaza prisutnosti na odre\u0111enim kontrolnim to\u010dkama.<\/li>\n<li><strong>Kontrola pristupa:<\/strong>\u00a0Integrirane sa sustavom NFC \u010dita\u010da, oznake mogu odobriti ili zabraniti pristup odre\u0111enim podru\u010djima ili resursima na temelju identiteta korisnika i razina autorizacije. To pove\u0107ava sigurnost i ograni\u010dava neovla\u0161teni ulazak.<\/li>\n<li><strong>Pra\u0107enje sredstava:<\/strong>\u00a0Pri\u010dvrstite oznake na vrijednu opremu ili imovinu kako biste pratili njihovu lokaciju, kretanje i kori\u0161tenje. To poma\u017ee u sprje\u010davanju kra\u0111e, optimizira upravljanje zalihama i prati rasporede odr\u017eavanja opreme.<\/li>\n<\/ul>\n<p><strong>Tijek rada i u\u010dinkovitost:<\/strong><\/p>\n<ul>\n<li><strong>Pra\u0107enje radnih naloga:<\/strong>\u00a0Oznake se mogu koristiti za snimanje i pra\u0107enje radnih naloga, pru\u017eaju\u0107i a\u017euriranja statusa u stvarnom vremenu i olak\u0161avaju\u0107i u\u010dinkovito upravljanje tijekovima rada.<\/li>\n<li><strong>Vrijeme i prisustvo:<\/strong>\u00a0Integrirajte oznake s vremenskim satovima s omogu\u0107enim NFC-om za bilje\u017eenje vremena dolaska i odlaska zaposlenika, pobolj\u0161avaju\u0107i to\u010dnost i eliminiraju\u0107i pogre\u0161ke ru\u010dnog mjerenja vremena.<\/li>\n<li><strong>Upravljanje zalihama:<\/strong>\u00a0Stavkama zaliha prilo\u017eite oznake za automatizirano upravljanje zalihama, smanjuju\u0107i ru\u010dno prebrojavanje i pru\u017eaju\u0107i vidljivost razina zaliha u stvarnom vremenu.<\/li>\n<\/ul>\n<p><strong>Ostale aplikacije:<\/strong><\/p>\n<ul>\n<li><strong>Prodaja ulaznica za doga\u0111aj:<\/strong>\u00a0Oznake mogu poslu\u017eiti kao ulaznice za doga\u0111aje, osiguravaju\u0107i kontrolu ulaska, dopu\u0161taju\u0107i sudionicima pristup ekskluzivnom sadr\u017eaju i omogu\u0107avaju\u0107i besprijekorne transakcije.<\/li>\n<li><strong>Programi vjernosti:<\/strong>\u00a0Integrirajte oznake s programima vjernosti kako biste ponudili personalizirane nagrade, popuste i ekskluzivne pogodnosti vjernim kupcima.<\/li>\n<li><strong>Pohrana podataka:<\/strong>\u00a0Memorija oznake mo\u017ee se koristiti za pohranu informacija kao \u0161to su specifikacije proizvoda, zapisi o odr\u017eavanju ili podrijetlo proizvoda. To omogu\u0107uje jednostavan pristup relevantnim podacima putem ure\u0111aja koji podr\u017eavaju NFC.<\/li>\n<\/ul>\n<p><strong>Prednosti kori\u0161tenja oznaka NTAG213 NFC Patrol:<\/strong><\/p>\n<ul>\n<li><strong>Pobolj\u0161ana sigurnost:<\/strong>\u00a0Pove\u0107ana kontrola nad pristupom, pra\u0107enjem imovine i aktivnostima zaposlenika.<\/li>\n<li><strong>Pobolj\u0161ana u\u010dinkovitost:<\/strong>\u00a0Pojednostavljeni tijek rada, automatizirano prikupljanje podataka i smanjeni ru\u010dni procesi.<\/li>\n<li><strong>Pra\u0107enje u stvarnom vremenu:<\/strong>\u00a0Stalno pra\u0107enje imovine, osoblja i aktivnosti.<\/li>\n<li><strong>Isplativost:<\/strong>\u00a0Smanjuje oslanjanje na ru\u010dne procese, potencijalno \u0161tedi vrijeme i resurse.<\/li>\n<li><strong>Prilago\u0111eno korisniku:<\/strong>\u00a0Jednostavna integracija s postoje\u0107im sustavima i jednostavna interakcija putem NFC-omogu\u0107enih ure\u0111aja.<\/li>\n<\/ul>\n<p><strong>Sve u svemu, NTAG213 NFC patrolna oznaka nudi robusno i svestrano rje\u0161enje za \u0161irok raspon aplikacija, omogu\u0107uju\u0107i organizacijama da pobolj\u0161aju sigurnost, optimiziraju tijek rada i pobolj\u0161aju operativnu u\u010dinkovitost.<\/strong><\/p>","protected":false},"excerpt":{"rendered":"<p>Na du\u017enosti Ntag213 NFC patrolna oznaka: obi\u010dne NFC oznake ne rade dobro na metalnim povr\u0161inama. To je zato \u0161to metal ometa elektromagnetske signale koji se koriste za komunikaciju. Me\u0111utim, nova vrsta oznaka, tzv <strong>NFC oznake na metalu<\/strong>, rje\u0161ava ovaj problem. Ove oznake su posebno dizajnirane da besprijekorno funkcioniraju na metalu ili bilo kojem drugom vodljivom materijalu. Predstavljaju proboj za NFC aplikacije u okru\u017eenjima u kojima ima metala u izobilju.<\/p>","protected":false},"featured_media":303,"template":"","meta":{"_kad_post_transparent":"default","_kad_post_title":"","_kad_post_layout":"default","_kad_post_sidebar_id":"","_kad_post_content_style":"default","_kad_post_vertical_padding":"default","_kad_post_feature":"","_kad_post_feature_position":"","_kad_post_header":false,"_kad_post_footer":false,"_kad_post_classname":""},"product_brand":[],"product_cat":[54],"product_tag":[118,123],"class_list":{"0":"post-302","1":"product","2":"type-product","3":"status-publish","4":"has-post-thumbnail","6":"product_cat-hot-selling-rfid-tags","7":"product_tag-anti-metal-nfc-patrol-tag","8":"product_tag-on-duty-ntag213-nfc-patrol-tag","10":"first","11":"instock","12":"shipping-taxable","13":"product-type-simple","14":"entry","15":"content-bg","16":"loop-entry"},"_links":{"self":[{"href":"https:\/\/rfid-laundry-tag.com\/hr\/wp-json\/wp\/v2\/product\/302","targetHints":{"allow":["GET"]}}],"collection":[{"href":"https:\/\/rfid-laundry-tag.com\/hr\/wp-json\/wp\/v2\/product"}],"about":[{"href":"https:\/\/rfid-laundry-tag.com\/hr\/wp-json\/wp\/v2\/types\/product"}],"version-history":[{"count":0,"href":"https:\/\/rfid-laundry-tag.com\/hr\/wp-json\/wp\/v2\/product\/302\/revisions"}],"wp:featuredmedia":[{"embeddable":true,"href":"https:\/\/rfid-laundry-tag.com\/hr\/wp-json\/wp\/v2\/media\/303"}],"wp:attachment":[{"href":"https:\/\/rfid-laundry-tag.com\/hr\/wp-json\/wp\/v2\/media?parent=302"}],"wp:term":[{"taxonomy":"product_brand","embeddable":true,"href":"https:\/\/rfid-laundry-tag.com\/hr\/wp-json\/wp\/v2\/product_brand?post=302"},{"taxonomy":"product_cat","embeddable":true,"href":"https:\/\/rfid-laundry-tag.com\/hr\/wp-json\/wp\/v2\/product_cat?post=302"},{"taxonomy":"product_tag","embeddable":true,"href":"https:\/\/rfid-laundry-tag.com\/hr\/wp-json\/wp\/v2\/product_tag?post=302"}],"curies":[{"name":"radni list","href":"https:\/\/api.w.org\/{rel}","templated":true}]}}