{"id":299,"date":"2024-06-26T15:49:09","date_gmt":"2024-06-26T15:49:09","guid":{"rendered":"https:\/\/rfid-laundry-tag.com\/?post_type=product&#038;p=299"},"modified":"2024-06-26T15:49:09","modified_gmt":"2024-06-26T15:49:09","slug":"uhf-industrial-on-metal-rfid-tags","status":"publish","type":"product","link":"https:\/\/rfid-laundry-tag.com\/hr\/uhf-industrial-on-metal-rfid-tags\/","title":{"rendered":"UHF industrijske na metalnim RFID oznakama"},"content":{"rendered":"<table class=\"has-title all magic-4\">\n<tbody>\n<tr>\n<td colspan=\"1\" rowspan=\"1\">\n<div class=\"magic-5\" data-spm-anchor-id=\"a2700.details.0.i63.6b4c1284UGSrnr\">Materijal<\/div>\n<\/td>\n<td colspan=\"1\" rowspan=\"1\">\n<div class=\"magic-6\">ABS<\/div>\n<\/td>\n<\/tr>\n<tr>\n<td colspan=\"1\" rowspan=\"1\">\n<div class=\"magic-5\">Veli\u010dina<\/div>\n<\/td>\n<td colspan=\"1\" rowspan=\"1\">\n<div class=\"magic-6\">78x31x10mm ili prilago\u0111eno<\/div>\n<\/td>\n<\/tr>\n<tr>\n<td colspan=\"1\" rowspan=\"1\">\n<div class=\"magic-5\">Frekvencija<\/div>\n<\/td>\n<td colspan=\"1\" rowspan=\"1\">\n<div class=\"magic-6\">860-960 mhz<\/div>\n<\/td>\n<\/tr>\n<tr>\n<td colspan=\"1\" rowspan=\"1\">\n<div class=\"magic-5\">Vrsta IC-a (\u010dip)<\/div>\n<\/td>\n<td colspan=\"1\" rowspan=\"1\">\n<div class=\"magic-6\">Impinj Monza R6P<\/div>\n<\/td>\n<\/tr>\n<tr>\n<td colspan=\"1\" rowspan=\"1\">\n<div class=\"magic-5\">Protokol<\/div>\n<\/td>\n<td colspan=\"1\" rowspan=\"1\">\n<div class=\"magic-6\" data-spm-anchor-id=\"a2700.details.0.i64.6b4c1284UGSrnr\">EPC Global Class 1 Gen2 &amp; ISO18000-6C<\/div>\n<\/td>\n<\/tr>\n<tr>\n<td colspan=\"1\" rowspan=\"1\">\n<div class=\"magic-7\">Memorija<\/div>\n<\/td>\n<td colspan=\"1\" rowspan=\"1\">\n<div class=\"magic-6\">EPC 128 bita, korisnik 32 bita<\/div>\n<\/td>\n<\/tr>\n<tr>\n<td colspan=\"1\" rowspan=\"1\">\n<div class=\"magic-5\">Faktor oblika oznake<\/div>\n<\/td>\n<td colspan=\"1\" rowspan=\"1\">\n<div class=\"magic-6\">Te\u0161ka oznaka<\/div>\n<\/td>\n<\/tr>\n<tr>\n<td colspan=\"1\" rowspan=\"1\">\n<div class=\"magic-5\">Metoda pri\u010dvr\u0161\u0107ivanja<\/div>\n<\/td>\n<td colspan=\"1\" rowspan=\"1\">\n<div class=\"magic-6\">Pri\u010dvr\u0161\u0107ivanje vijcima, ljepilo za film<\/div>\n<\/td>\n<\/tr>\n<tr>\n<td colspan=\"1\" rowspan=\"1\">\n<div class=\"magic-5\">Radna temperatura<\/div>\n<\/td>\n<td colspan=\"1\" rowspan=\"1\">\n<div class=\"magic-6\">-35 \u00b0C \/ +90 \u00b0C<\/div>\n<\/td>\n<\/tr>\n<tr>\n<td colspan=\"1\" rowspan=\"1\">\n<div class=\"magic-5\">Pro\u010ditajte Udaljenost<\/div>\n<\/td>\n<td colspan=\"1\" rowspan=\"1\">\n<div class=\"magic-6\">Do 10m<\/div>\n<\/td>\n<\/tr>\n<tr>\n<td colspan=\"1\" rowspan=\"1\">\n<div class=\"magic-8\">Primjenjivi povr\u0161inski materijali<\/div>\n<\/td>\n<td colspan=\"1\" rowspan=\"1\">\n<div class=\"magic-6\">Metalne i nemetalne podloge<\/div>\n<\/td>\n<\/tr>\n<tr>\n<td colspan=\"1\" rowspan=\"1\">\n<div class=\"magic-7\">IP ocjena<\/div>\n<\/td>\n<td colspan=\"1\" rowspan=\"1\">\n<div class=\"magic-6\">IP68<\/div>\n<\/td>\n<\/tr>\n<tr>\n<td colspan=\"1\" rowspan=\"1\">\n<div class=\"magic-7\">Primjena<\/div>\n<\/td>\n<td colspan=\"1\" rowspan=\"1\">\n<div class=\"magic-6\" data-spm-anchor-id=\"a2700.details.0.i62.6b4c1284UGSrnr\">Za imovinu, te\u0161ku industriju i vanjsku upotrebu<\/div>\n<\/td>\n<\/tr>\n<\/tbody>\n<\/table>\n<p>&nbsp;<\/p>\n<h2>UHF RFID oznake za industrijska okru\u017eenja<\/h2>\n<p><strong>Zna\u010dajke:<\/strong><\/p>\n<ul>\n<li><strong>Kompatibilnost s industrijskim standardima:<\/strong>\u00a0Pridr\u017eava se standarda ISO18000-6C (EPC C1G2), jam\u010de\u0107i besprijekornu integraciju s postoje\u0107im UHF RFID sustavima.<\/li>\n<li><strong>Univerzalna povr\u0161inska kompatibilnost:<\/strong>\u00a0Mogu se pri\u010dvrstiti na razli\u010dite povr\u0161ine kao \u0161to su metal, plastika, pa \u010dak i teku\u0107ine, \u0161to ih \u010dini idealnim za razne primjene.<\/li>\n<li><strong>Vrhunska izdr\u017eljivost:<\/strong>\u00a0IP68 ocijenjen za izuzetnu otpornost na prodor pra\u0161ine i vode, osiguravaju\u0107i pouzdan rad u izazovnim okru\u017eenjima.<\/li>\n<li><strong>Beskompromisna izvedba:<\/strong>\u00a0Dizajniran da bude i vodootporan i protiv sudara, jam\u010de\u0107i to\u010dna i dosljedna o\u010ditanja \u010dak iu zahtjevnim uvjetima.<\/li>\n<\/ul>\n<p><strong>Prijave:<\/strong><\/p>\n<ul>\n<li><strong>Upravljanje imovinom:<\/strong>\u00a0Pratite lokaciju i status vrijedne opreme i imovine.<\/li>\n<li><strong>Optimizacija opskrbnog lanca:<\/strong>\u00a0Pojednostavite logisti\u010dke i automobilske procese u\u010dinkovitim pra\u0107enjem inventara, vozila i dijelova.<\/li>\n<li><strong>U\u010dinkovitost proizvodnje:<\/strong>\u00a0Optimizirajte proizvodne procese i pratite produktivnost radnika za pove\u0107anu u\u010dinkovitost.<\/li>\n<li><strong>Upravljanje resursima i sigurnost:<\/strong>\u00a0Omogu\u0107ite pouzdano pra\u0107enje opreme i resursa u zahtjevnim okru\u017eenjima kao \u0161to su nafta i plin i rudarstvo, dok tako\u0111er pove\u0107avate sigurnost radnika.<\/li>\n<\/ul>\n<p><strong>Prednosti:<\/strong><\/p>\n<ul>\n<li><strong>To\u010dni podaci u stvarnom vremenu:<\/strong>\u00a0Steknite trenutni uvid u operacije, olak\u0161avaju\u0107i bolje dono\u0161enje odluka.<\/li>\n<li><strong>Pobolj\u0161ana kontrola inventara:<\/strong>\u00a0Smanjite gubitak i rasipanje odr\u017eavanjem sveobuhvatne vidljivosti imovine.<\/li>\n<li><strong>Pojednostavljene operacije:<\/strong>\u00a0Optimizirajte tijek rada i smanjite vrijeme zastoja za bolju u\u010dinkovitost.<\/li>\n<li><strong>Pove\u0107ana sigurnost:<\/strong>\u00a0Prepoznajte potencijalne rizike i za\u0161titite radnike u zahtjevnim okru\u017eenjima.<\/li>\n<\/ul>","protected":false},"excerpt":{"rendered":"<p>ABS RFID oznaka je pasivna UHF RFID oznaka dugog dometa koja mo\u017ee \u010ditati na, izvan i blizu metalnih povr\u0161ina. Dizajniran u malom obliku, ima izdr\u017eljivu vodonepropusnu kapsulaciju za dugotrajnu upotrebu u vanjskim i industrijskim okru\u017eenjima.<\/p>","protected":false},"featured_media":300,"template":"","meta":{"_kad_post_transparent":"default","_kad_post_title":"","_kad_post_layout":"default","_kad_post_sidebar_id":"","_kad_post_content_style":"default","_kad_post_vertical_padding":"default","_kad_post_feature":"","_kad_post_feature_position":"","_kad_post_header":false,"_kad_post_footer":false,"_kad_post_classname":""},"product_brand":[],"product_cat":[54],"product_tag":[122,121],"class_list":{"0":"post-299","1":"product","2":"type-product","3":"status-publish","4":"has-post-thumbnail","6":"product_cat-hot-selling-rfid-tags","7":"product_tag-on-metal-rfid-tags","8":"product_tag-uhf-industrial-on-metal-rfid-tags","10":"first","11":"instock","12":"shipping-taxable","13":"product-type-simple","14":"entry","15":"content-bg","16":"loop-entry"},"_links":{"self":[{"href":"https:\/\/rfid-laundry-tag.com\/hr\/wp-json\/wp\/v2\/product\/299","targetHints":{"allow":["GET"]}}],"collection":[{"href":"https:\/\/rfid-laundry-tag.com\/hr\/wp-json\/wp\/v2\/product"}],"about":[{"href":"https:\/\/rfid-laundry-tag.com\/hr\/wp-json\/wp\/v2\/types\/product"}],"version-history":[{"count":0,"href":"https:\/\/rfid-laundry-tag.com\/hr\/wp-json\/wp\/v2\/product\/299\/revisions"}],"wp:featuredmedia":[{"embeddable":true,"href":"https:\/\/rfid-laundry-tag.com\/hr\/wp-json\/wp\/v2\/media\/300"}],"wp:attachment":[{"href":"https:\/\/rfid-laundry-tag.com\/hr\/wp-json\/wp\/v2\/media?parent=299"}],"wp:term":[{"taxonomy":"product_brand","embeddable":true,"href":"https:\/\/rfid-laundry-tag.com\/hr\/wp-json\/wp\/v2\/product_brand?post=299"},{"taxonomy":"product_cat","embeddable":true,"href":"https:\/\/rfid-laundry-tag.com\/hr\/wp-json\/wp\/v2\/product_cat?post=299"},{"taxonomy":"product_tag","embeddable":true,"href":"https:\/\/rfid-laundry-tag.com\/hr\/wp-json\/wp\/v2\/product_tag?post=299"}],"curies":[{"name":"radni list","href":"https:\/\/api.w.org\/{rel}","templated":true}]}}