{"id":2864,"date":"2024-11-05T13:39:10","date_gmt":"2024-11-05T13:39:10","guid":{"rendered":"https:\/\/rfid-laundry-tag.com\/?post_type=product&#038;p=2864"},"modified":"2024-11-05T13:58:17","modified_gmt":"2024-11-05T13:58:17","slug":"nfc-keychain-ntag213-ntag215-ntag216","status":"publish","type":"product","link":"https:\/\/rfid-laundry-tag.com\/hr\/nfc-keychain-ntag213-ntag215-ntag216\/","title":{"rendered":"NFC privjesak za klju\u010deve Ntag213 Ntag215 Ntag216"},"content":{"rendered":"<h2>NFC privjesak za klju\u010deve Ntag213 Ntag215 Ntag216<\/h2>\n<table class=\"all magic-12\">\n<tbody>\n<tr>\n<td colspan=\"1\" rowspan=\"1\">\n<div class=\"magic-13\">\u010cip<\/div>\n<\/td>\n<td colspan=\"1\" rowspan=\"1\">\n<div class=\"magic-14\">NTAG\u00ae 213,Ntag215,Ntag216<\/div>\n<\/td>\n<\/tr>\n<tr>\n<td colspan=\"1\" rowspan=\"1\">\n<div class=\"magic-13\">Protokol<\/div>\n<\/td>\n<td colspan=\"1\" rowspan=\"1\">\n<div class=\"magic-14\">ISO 14443A<\/div>\n<\/td>\n<\/tr>\n<tr>\n<td colspan=\"1\" rowspan=\"1\">\n<div class=\"magic-13\">Veli\u010dina<\/div>\n<\/td>\n<td colspan=\"1\" rowspan=\"1\">\n<div class=\"magic-14\">41 * 32 mm ili prilago\u0111eno<\/div>\n<\/td>\n<\/tr>\n<tr>\n<td colspan=\"1\" rowspan=\"1\">\n<div class=\"magic-13\">Memorija<\/div>\n<\/td>\n<td colspan=\"1\" rowspan=\"1\">\n<div class=\"magic-14\" data-spm-anchor-id=\"a2700.details.0.i42.450c1986usT9sY\">144 bajta, 504 bajta, 888 bajta<\/div>\n<\/td>\n<\/tr>\n<tr>\n<td colspan=\"1\" rowspan=\"1\">\n<div class=\"magic-13\">Frekvencija<\/div>\n<\/td>\n<td colspan=\"1\" rowspan=\"1\">\n<div class=\"magic-14\">13,56 MHz<\/div>\n<\/td>\n<\/tr>\n<tr>\n<td colspan=\"1\" rowspan=\"1\">\n<div class=\"magic-13\">Materijal<\/div>\n<\/td>\n<td colspan=\"1\" rowspan=\"1\">\n<div class=\"magic-14\">ABS, plastika ili prilago\u0111eno<\/div>\n<\/td>\n<\/tr>\n<tr>\n<td colspan=\"1\" rowspan=\"1\">\n<div class=\"magic-13\">Napi\u0161i Izdr\u017eljivost<\/div>\n<\/td>\n<td colspan=\"1\" rowspan=\"1\">\n<div class=\"magic-14\">\u2265100000 ciklusa<\/div>\n<\/td>\n<\/tr>\n<tr>\n<td colspan=\"1\" rowspan=\"1\">\n<div class=\"magic-13\">Opseg \u010ditanja<\/div>\n<\/td>\n<td colspan=\"1\" rowspan=\"1\">\n<div class=\"magic-14\">1-6 cm<\/div>\n<\/td>\n<\/tr>\n<tr>\n<td colspan=\"1\" rowspan=\"1\">\n<div class=\"magic-13\">Primjena<\/div>\n<\/td>\n<td colspan=\"1\" rowspan=\"1\">\n<div class=\"magic-14\">Kontrola pristupa, sustav zaklju\u010davanja vrata, itd.<\/div>\n<\/td>\n<\/tr>\n<tr>\n<td colspan=\"1\" rowspan=\"1\">\n<div class=\"magic-13\">Boja<\/div>\n<\/td>\n<td colspan=\"1\" rowspan=\"1\">\n<div class=\"magic-14\">Crna, \u017euta, crvena, zelena, plava, ru\u017ei\u010dasta ili prilago\u0111ena.<\/div>\n<\/td>\n<\/tr>\n<tr>\n<td colspan=\"1\" rowspan=\"1\">\n<div class=\"magic-13\">Carft<\/div>\n<\/td>\n<td colspan=\"1\" rowspan=\"1\">\n<div class=\"magic-14\">Ispis u jednoj boji ili u vi\u0161e boja, ispis barkoda ili QR koda, kodiranje podataka itd.<\/div>\n<\/td>\n<\/tr>\n<tr>\n<td colspan=\"1\" rowspan=\"1\">\n<div class=\"magic-13\">Pi\u0161ite cikluse<\/div>\n<\/td>\n<td colspan=\"1\" rowspan=\"1\">\n<div class=\"magic-14\">\u2265100000 ciklusa<\/div>\n<\/td>\n<\/tr>\n<tr>\n<td colspan=\"1\" rowspan=\"1\">\n<div class=\"magic-13\">Radna temperatura<\/div>\n<\/td>\n<td colspan=\"1\" rowspan=\"1\">\n<div class=\"magic-14\">-20 \u2103 do +55 \u2103<\/div>\n<\/td>\n<\/tr>\n<tr>\n<td colspan=\"1\" rowspan=\"1\">\n<div class=\"magic-13\">Format isporuke<\/div>\n<\/td>\n<td colspan=\"1\" rowspan=\"1\">\n<div class=\"magic-14\" data-spm-anchor-id=\"a2700.details.0.i41.450c1986usT9sY\">100 kom\/vre\u0107i, 10 vre\u0107ica\/kartonu<\/div>\n<\/td>\n<\/tr>\n<\/tbody>\n<\/table>\n<h3>Zna\u010dajke \u010dipova Ntag213 Ntag215 Ntag216<\/h3>\n<div id=\"featuresXsp\" class=\"features-list toggle-opacity in\">\n<div class=\"features-xsp\">\n<div class=\"collapse-mobile ste-list-ul\">\n<ul class=\"boxes\">\n<li>Beskontaktni prijenos podataka i opskrba energijom<\/li>\n<li>Radna frekvencija od 13,56 MHz<\/li>\n<li>Prijenos podataka od 106 kbit\/s<\/li>\n<li>Cjelovitost podataka 16-bitnog CRC-a, paritet, kodiranje bitova, brojanje bitova<\/li>\n<li>Radna udaljenost do 100 mm (ovisno o razli\u010ditim parametrima kao \u0161to su npr. jakost polja i geometrija antene)<\/li>\n<li>7-bajtni serijski broj (kaskadna razina 2 prema ISO\/IEC 14443-3)<\/li>\n<li>UID ASCII zrcalo za automatsku serijalizaciju NDEF poruka<\/li>\n<li>Automatski NFC broja\u010d aktiviran naredbom za \u010ditanje<\/li>\n<li>ASCII zrcalo NFC broja\u010da za automatsko dodavanje vrijednosti NFC broja\u010da u NDEF poruku<\/li>\n<li>Potpis izvornosti temeljen na ECC-u<\/li>\n<li>Naredba za brzo \u010ditanje<\/li>\n<li>Prava za\u0161tita od sudara<\/li>\n<li>50 pF ulaznog kapaciteta<\/li>\n<\/ul>\n<\/div>\n<div class=\"collapse-mobile ste-list-ul\">\n<ul class=\"boxes\">\n<li>180, 540 ili 924 bajta organiziranih u 45, 135 ili 231 stranice s 4 bajta po stranici<\/li>\n<li>144, 504 ili 888 bajtova slobodno dostupno korisni\u010dko podru\u010dje za \u010ditanje\/pisanje (36, 126 ili 222 stranice)<\/li>\n<li>Spremnik inicijaliziranih mogu\u0107nosti od 4 bajta s jednokratnim programabilnim pristupnim bitovima<\/li>\n<li>Programabilna funkcija zaklju\u010davanja samo za \u010ditanje po stranici za prvih 16 stranica<\/li>\n<li>Programabilna funkcija zaklju\u010davanja samo za \u010ditanje iznad prvih 16 stranica po dvostrukoj stranici za NTAG 213 ili po 16 stranica za NTAG 215 i NTAG 216<\/li>\n<li>Podesiva za\u0161tita lozinkom s opcijskim ograni\u010denjem neuspje\u0161nih poku\u0161aja<\/li>\n<li>Potpora protiv kidanja za spremnik kapaciteta (CC) i nastavke za zaklju\u010davanje<\/li>\n<li>ECC podr\u017eana provjera izvornosti<\/li>\n<li>Vrijeme \u010duvanja podataka 10 godina<\/li>\n<li>Napi\u0161ite izdr\u017eljivost 100 000 ciklusa<\/li>\n<\/ul>\n<\/div>\n<\/div>\n<\/div>\n<h2>\u0160to je NFC privjesak za klju\u010deve?<\/h2>\n<h3>Razumijevanje NFC tehnologije<\/h3>\n<p>NFC ili <strong>Komunikacija kratkog polja<\/strong>, oblik je be\u017ei\u010dne komunikacije koji ure\u0111ajima omogu\u0107uje razmjenu podataka na malim udaljenostima. Jednostavnim pritiskom na <strong>Omogu\u0107en NFC<\/strong> ure\u0111aja na kompatibilni \u010dita\u010d, mo\u017eete obavljati razne zadatke\u2014kao \u0161to je pla\u0107anje, dijeljenje podataka za kontakt ili pristup sigurnim podru\u010djima.<\/p>\n<h3>Uloga NFC privjesaka za klju\u010deve<\/h3>\n<p>An <strong>NFC privjesak za klju\u010deve<\/strong> integrira ovu mo\u0107nu tehnologiju u kompaktan, prijenosni format. Ovi privjesci za klju\u010deve dolaze opremljeni s <strong>NFC \u010dip<\/strong>, omogu\u0107uju\u0107i korisnicima obavljanje zadataka poput dijeljenja digitalnih posjetnica, upravljanja pametnim ku\u0107nim ure\u0111ajima ili pristupa sigurnim zgradama samo jednim dodirom.<\/p>\n<h2>Klju\u010dne zna\u010dajke NFC privjesaka za klju\u010deve<\/h2>\n<h3>Mogu\u0107nosti prilagodbe<\/h3>\n<p><strong>Prilago\u0111eni NFC privjesci za klju\u010deve<\/strong> vrlo su svestrani. Mogu se personalizirati pomo\u0107u a <strong>prilago\u0111eni logo<\/strong>, jedinstveni dizajn ili specifi\u010dni podaci za zadovoljavanje raznih potreba. Trebate li brendirani <strong>logo privjesak za klju\u010deve<\/strong> za promotivne doga\u0111aje ili osobne <strong>prilago\u0111eni privjesak za klju\u010deve<\/strong> za svakodnevnu upotrebu, mogu\u0107nosti su beskrajne.<\/p>\n<h3>Izdr\u017eljiv dizajn i izrada<\/h3>\n<p>Ve\u0107ina NFC privjesaka za klju\u010deve izra\u0111ena je od robusnih materijala kao \u0161to su <strong>PVC<\/strong> ili <strong>epoksi<\/strong>, osiguravaju\u0107i izdr\u017eljivost i dugovje\u010dnost. Dizajnirani su da izdr\u017ee svakodnevno tro\u0161enje, \u0161to ih \u010dini pouzdanim priborom za svakoga.<\/p>\n<h3>Sigurnosne zna\u010dajke<\/h3>\n<p>NFC privjesci za klju\u010deve \u010desto dolaze s naprednim sigurnosnim zna\u010dajkama, kao \u0161to su <strong>za\u0161tita lozinkom<\/strong>, <strong>funkcije protiv sudara<\/strong>, i <strong>originalnost potpisa<\/strong>. Oni osiguravaju da su podaci pohranjeni na privjesku sigurni od neovla\u0161tenog pristupa.<\/p>\n<h2>Prednosti kori\u0161tenja NFC privjeska za klju\u010deve<\/h2>\n<h3>Prakti\u010dnost na dohvat ruke<\/h3>\n<p>Zamislite da mo\u017eete otklju\u010dati vrata svog ureda ili podijeliti svoje podatke za kontakt s <strong>jednostavno dodirnite<\/strong> va\u0161eg privjeska za klju\u010deve. NFC privjesci za klju\u010deve nude neusporedivu prakti\u010dnost pojednostavljuju\u0107i svakodnevne zadatke i smanjuju\u0107i potrebu za fizi\u010dkim klju\u010devima ili posjetnicama.<\/p>\n<h3>Svestrane primjene<\/h3>\n<p>NFC privjesci za klju\u010deve mogu se koristiti u razli\u010ditim scenarijima:<\/p>\n<ul>\n<li><strong>Kontrola pristupa:<\/strong> Siguran pristup uredima, teretanama ili dizalima.<\/li>\n<li><strong>Digitalne posjetnice:<\/strong> Podijelite svoje podatke za kontakt bez napora.<\/li>\n<li><strong>Provjera autenti\u010dnosti proizvoda:<\/strong> Provjerite autenti\u010dnost robnih marki proizvoda.<\/li>\n<li><strong>Kontrola pametne ku\u0107e:<\/strong> S lako\u0107om upravljajte svojim pametnim ku\u0107nim ure\u0111ajima.<\/li>\n<\/ul>\n<h3>Ekolo\u0161ki prihvatljivo rje\u0161enje<\/h3>\n<p>Smanjenjem potrebe za fizi\u010dkim klju\u010devima i papirnatim posjetnicama, NFC privjesci pridonose odr\u017eivijem okoli\u0161u. Njihovo <strong>materijali koji se mogu reciklirati<\/strong> i digitalna funkcionalnost \u010dine ih ekolo\u0161ki prihvatljivim izborom.<\/p>\n<h2>Kako koristiti NFC privjesak za klju\u010deve<\/h2>\n<h3>Postavljanje va\u0161eg NFC privjeska za klju\u010deve<\/h3>\n<p>Kori\u0161tenje NFC privjeska za klju\u010deve je jednostavno:<\/p>\n<ol>\n<li><strong>Kodirajte NFC \u010dip:<\/strong> Upotrijebite aplikaciju kompatibilnu s NFC-om za programiranje \u010dipa sa \u017eeljenim podacima.<\/li>\n<li><strong>Pri\u010dvrstite na svoje klju\u010deve:<\/strong> Pri\u010dvrstite privjesak za klju\u010deve ili torbu.<\/li>\n<li><strong>Dodirnite i idite:<\/strong> Jednostavno dodirnite svoj NFC privjesak za klju\u010deve kompatibilnim \u010dita\u010dem kako biste izvr\u0161ili \u017eeljenu radnju.<\/li>\n<\/ol>\n<h3>Kompatibilnost s ure\u0111ajima<\/h3>\n<p>NFC privjesci za klju\u010deve su <strong>kompatibilan s NFC-om<\/strong>-pametni telefoni, tableti i razni NFC \u010dita\u010di. Ova kompatibilnost osigurava \u0161iroku upotrebljivost na razli\u010ditim platformama i ure\u0111ajima, uklju\u010duju\u0107i <strong>Android<\/strong> i iOS.<\/p>\n<h2>Recenzije i povratne informacije kupaca<\/h2>\n<h3>\u0160to korisnici ka\u017eu<\/h3>\n<p>Kupci su pohvalili NFC privjeske za klju\u010deve zbog njihove svestranosti i jednostavnosti kori\u0161tenja. Mnogi isti\u010du pogodnost zamjene vi\u0161e fizi\u010dkih kartica i klju\u010deva jednim, kompaktnim ure\u0111ajem. Korisnici tako\u0111er cijene mogu\u0107nost da <strong>prilagoditi<\/strong> njihove privjeske za klju\u010deve, dodaju\u0107i osobni pe\u010dat ovom visokotehnolo\u0161kom dodatku.<\/p>\n<h3>Uobi\u010dajene brige<\/h3>\n<p>Neki su korisnici izrazili zabrinutost zbog po\u010detne krivulje u\u010denja i potrebe za ure\u0111ajem koji podr\u017eava NFC. Me\u0111utim, kada se jednom upoznaju s tehnologijom, ve\u0107ina smatra da zna\u010dajno pobolj\u0161ava njihovu svakodnevnu rutinu.<\/p>\n<h2>FAQ<\/h2>\n<p><strong>P: Koliki je kapacitet pohrane NFC privjeska za klju\u010deve?<\/strong><br \/>\nO: Ovisno o modelu, NFC privjesci za klju\u010deve mogu pohraniti razli\u010dite koli\u010dine podataka, obi\u010dno u rasponu od jednostavnih URL-ova do slo\u017eenijih podataka za kontakt.<\/p>\n<p><strong>P: Mogu li koristiti NFC privjesak za beskontaktno pla\u0107anje?<\/strong><br \/>\nO: Iako se neki NFC privjesci za klju\u010deve mogu programirati za funkcije pla\u0107anja, to uvelike ovisi o vrsti \u010dipa i kompatibilnosti sa sustavima pla\u0107anja.<\/p>\n<p><strong>P: Jesu li NFC privjesci za klju\u010deve vodootporni?<\/strong><br \/>\nO: Mnogi NFC privjesci za klju\u010deve dizajnirani su da budu vodootporni ili otporni na vodu, \u0161to osigurava da mogu izdr\u017eati svakodnevnu upotrebu.<\/p>\n<h2>Zaklju\u010dak<\/h2>\n<p>An <strong>NFC privjesak za klju\u010deve<\/strong> vi\u0161e je nego samo moderan dodatak; to je ulaz u pametniji, povezaniji \u017eivot. Sa svojim <strong>prilagodljiv<\/strong> zna\u010dajke, robusnu sigurnost i \u0161irok raspon primjena, to je ulaganje koje pobolj\u0161ava osobni i profesionalni \u017eivot. Bilo da ste zaljubljenik u tehnologiju ili poslovni profesionalac, NFC privjesak za klju\u010deve nezaobilazan je alat za digitalno doba.<\/p>","protected":false},"excerpt":{"rendered":"<p><strong><em>NFC privjesak za klju\u010deve Ntag213 Ntag215 Ntag216<\/em><\/strong> nudi idealnu kombinaciju sigurnosti, pouzdanosti i prakti\u010dnosti za korisnika. Njegovo <strong>beskontaktna tehnologija<\/strong>, <strong>kompaktan dizajn<\/strong>, i <strong>vi\u0161enamjenska svestranost<\/strong> \u010dine ga savr\u0161enim izborom za moderne sustave kontrole pristupa, pla\u0107anja i identifikacije.<\/p>","protected":false},"featured_media":2865,"template":"","meta":{"_kad_post_transparent":"default","_kad_post_title":"","_kad_post_layout":"default","_kad_post_sidebar_id":"","_kad_post_content_style":"default","_kad_post_vertical_padding":"default","_kad_post_feature":"","_kad_post_feature_position":"","_kad_post_header":false,"_kad_post_footer":false,"_kad_post_classname":""},"product_brand":[],"product_cat":[54],"product_tag":[346,349,344,345,343],"class_list":{"0":"post-2864","1":"product","2":"type-product","3":"status-publish","4":"has-post-thumbnail","6":"product_cat-hot-selling-rfid-tags","7":"product_tag-nfc-key-tag","8":"product_tag-nfc-key-tags","9":"product_tag-nfc-keychain","10":"product_tag-rfid-fob","11":"product_tag-rfid-keyfobs","13":"first","14":"instock","15":"shipping-taxable","16":"product-type-simple","17":"entry","18":"content-bg","19":"loop-entry"},"_links":{"self":[{"href":"https:\/\/rfid-laundry-tag.com\/hr\/wp-json\/wp\/v2\/product\/2864","targetHints":{"allow":["GET"]}}],"collection":[{"href":"https:\/\/rfid-laundry-tag.com\/hr\/wp-json\/wp\/v2\/product"}],"about":[{"href":"https:\/\/rfid-laundry-tag.com\/hr\/wp-json\/wp\/v2\/types\/product"}],"version-history":[{"count":2,"href":"https:\/\/rfid-laundry-tag.com\/hr\/wp-json\/wp\/v2\/product\/2864\/revisions"}],"predecessor-version":[{"id":2867,"href":"https:\/\/rfid-laundry-tag.com\/hr\/wp-json\/wp\/v2\/product\/2864\/revisions\/2867"}],"wp:featuredmedia":[{"embeddable":true,"href":"https:\/\/rfid-laundry-tag.com\/hr\/wp-json\/wp\/v2\/media\/2865"}],"wp:attachment":[{"href":"https:\/\/rfid-laundry-tag.com\/hr\/wp-json\/wp\/v2\/media?parent=2864"}],"wp:term":[{"taxonomy":"product_brand","embeddable":true,"href":"https:\/\/rfid-laundry-tag.com\/hr\/wp-json\/wp\/v2\/product_brand?post=2864"},{"taxonomy":"product_cat","embeddable":true,"href":"https:\/\/rfid-laundry-tag.com\/hr\/wp-json\/wp\/v2\/product_cat?post=2864"},{"taxonomy":"product_tag","embeddable":true,"href":"https:\/\/rfid-laundry-tag.com\/hr\/wp-json\/wp\/v2\/product_tag?post=2864"}],"curies":[{"name":"radni list","href":"https:\/\/api.w.org\/{rel}","templated":true}]}}