{"id":2860,"date":"2024-11-05T13:06:31","date_gmt":"2024-11-05T13:06:31","guid":{"rendered":"https:\/\/rfid-laundry-tag.com\/?post_type=product&#038;p=2860"},"modified":"2024-11-05T13:13:50","modified_gmt":"2024-11-05T13:13:50","slug":"rfid-keyfobs-abs-iso14443a","status":"publish","type":"product","link":"https:\/\/rfid-laundry-tag.com\/hr\/rfid-keyfobs-abs-iso14443a\/","title":{"rendered":"RFID privjesci za klju\u010deve ABS ISO14443A"},"content":{"rendered":"<h2>RFID privjesci za klju\u010deve ABS ISO14443A<\/h2>\n<table class=\"has-title all magic-13\">\n<tbody>\n<tr>\n<td colspan=\"1\" rowspan=\"2\">\n<div class=\"magic-14\">materijal<\/div>\n<\/td>\n<td colspan=\"1\" rowspan=\"1\">\n<div class=\"magic-15\">Materijal antene: Aluminijska folija<\/div>\n<\/td>\n<\/tr>\n<tr>\n<td colspan=\"1\" rowspan=\"1\">\n<div class=\"magic-15\" data-spm-anchor-id=\"a2700.details.0.i43.3c939b1b0qFtg1\">povr\u0161inski materijal: ABS\/ko\u017ea\/drvo<\/div>\n<\/td>\n<\/tr>\n<tr>\n<td colspan=\"1\" rowspan=\"1\">\n<div class=\"magic-17\">veli\u010dina<\/div>\n<\/td>\n<td colspan=\"1\" rowspan=\"1\">\n<div class=\"magic-15\" data-spm-anchor-id=\"a2700.details.0.i41.3c939b1b0qFtg1\">40,38*31,5 mm, 35,5 * 28 mm, 51,5 * 32 mm., ili prilago\u0111eno<\/div>\n<\/td>\n<\/tr>\n<tr>\n<td colspan=\"1\" rowspan=\"1\">\n<div class=\"magic-17\">Obrt po narud\u017ebi<\/div>\n<\/td>\n<td colspan=\"1\" rowspan=\"1\">\n<div class=\"magic-15\">logo Sitotisak\/UID kod, serijski kod ili prilago\u0111eno<\/div>\n<\/td>\n<\/tr>\n<tr>\n<td colspan=\"1\" rowspan=\"1\">\n<div class=\"magic-17\">Radna temperatura<\/div>\n<\/td>\n<td colspan=\"1\" rowspan=\"1\">\n<div class=\"magic-15\">-20\u00b0C~+90\u00b0C<\/div>\n<\/td>\n<\/tr>\n<tr>\n<td colspan=\"1\" rowspan=\"1\">\n<div class=\"magic-17\">kodirati<\/div>\n<\/td>\n<td colspan=\"1\" rowspan=\"1\">\n<div class=\"magic-15\">\u010dip za pisanje dostupan<\/div>\n<\/td>\n<\/tr>\n<tr>\n<td colspan=\"1\" rowspan=\"1\">\n<div class=\"magic-17\">opcije boja<\/div>\n<\/td>\n<td colspan=\"1\" rowspan=\"1\">\n<div class=\"magic-15\" data-spm-anchor-id=\"a2700.details.0.i42.3c939b1b0qFtg1\">Crvena, plava, crna, ljubi\u010dasta, naran\u010dasta, \u017euta (mo\u017ee se prilagoditi)<\/div>\n<\/td>\n<\/tr>\n<tr>\n<td colspan=\"1\" rowspan=\"1\">\n<div class=\"magic-17\">udaljenost \u010ditanja<\/div>\n<\/td>\n<td colspan=\"1\" rowspan=\"1\">\n<div class=\"magic-15\">1~10 cm (ovisi o \u010dita\u010du)<\/div>\n<\/td>\n<\/tr>\n<tr>\n<td colspan=\"1\" rowspan=\"1\">\n<div class=\"magic-17\">aplikacije<\/div>\n<\/td>\n<td colspan=\"1\" rowspan=\"1\">\n<div class=\"magic-15\" data-spm-anchor-id=\"a2700.details.0.i40.3c939b1b0qFtg1\">sustav \u010dlanstva\/teretana\/kontrola pristupa\/pla\u0107anje itd.<\/div>\n<\/td>\n<\/tr>\n<\/tbody>\n<\/table>\n<p><strong>RFID privjesci za klju\u010deve<\/strong> su na \u010delu sigurnog i prakti\u010dnog upravljanja pristupom. Ovi mali, lagani ure\u0111aji koriste <strong>radiofrekvencijska identifikacija<\/strong> (RFID) tehnologija koja omogu\u0107uje brz i nesmetan ulazak u osigurana podru\u010dja. Obi\u010dno se koriste u raznim industrijama, uklju\u010duju\u0107i ugostiteljstvo, poslovne zgrade i stambene objekte, za sigurne sustave kontrole pristupa.<\/p>\n<p>U ovom opisu proizvoda istra\u017eit \u0107emo zna\u010dajke i prednosti <strong>RFID privjesci za klju\u010deve<\/strong>, usredoto\u010duju\u0107i se na <strong>ABS ISO14443A<\/strong> specifikacija. Razgovarat \u0107emo o tome za\u0161to su ovi privjesci preferirani izbor i za tvrtke i za pojedince koji tra\u017ee u\u010dinkovita, sigurna i jednostavna rje\u0161enja za pristup.<\/p>\n<p><strong>RFID privjesci za klju\u010deve<\/strong> su na \u010delu sigurnog i prakti\u010dnog upravljanja pristupom. Ovi mali, lagani ure\u0111aji koriste <strong>radiofrekvencijska identifikacija<\/strong> (RFID) tehnologija koja omogu\u0107uje brz i nesmetan ulazak u osigurana podru\u010dja. Obi\u010dno se koriste u raznim industrijama, uklju\u010duju\u0107i ugostiteljstvo, poslovne zgrade i stambene objekte, za sigurne sustave kontrole pristupa.<\/p>\n<h2><strong>\u0160to je RFID privjesak za klju\u010deve?<\/strong><\/h2>\n<p>An <strong>RFID privjesak za klju\u010deve<\/strong> je kompaktan, prijenosni ure\u0111aj koji komunicira s <strong>RFID \u010dita\u010d<\/strong> dopustiti pristup sigurnom podru\u010dju. Obi\u010dno sadr\u017ei mali mikro\u010dip i antenu ugra\u0111enu u izdr\u017eljivi ure\u0111aj <strong>ABS ku\u0107i\u0161te<\/strong>. The <strong>Frekvencija 13,56 MHz<\/strong> kori\u0161ten od strane ISO14443A RFID privjesaka za klju\u010deve osigurava pouzdanu i brzu detekciju, \u0161to ih \u010dini vrlo u\u010dinkovitim rje\u0161enjem za sustave kontrole pristupa.<\/p>\n<p>Za razliku od tradicionalnih klju\u010deva ili kartica, an <strong>RFID privjesak za klju\u010deve<\/strong> ne zahtijeva fizi\u010dki kontakt s \u010dita\u010dem; djeluje na <strong>beskontaktno<\/strong> na\u010dela, \u010dine\u0107i ga sigurnijim i prakti\u010dnijim. Korisnici mogu jednostavno dodirnuti svoj privjesak u blizini \u010dita\u010da kako bi dobili pristup, eliminiraju\u0107i potrebu za ru\u010dnim otklju\u010davanjem ili PIN kodovima.<\/p>\n<hr \/>\n<h2><strong>Klju\u010dne zna\u010dajke RFID privjesaka za klju\u010deve<\/strong><\/h2>\n<h3><strong>1. Sigurna kontrola pristupa<\/strong><\/h3>\n<p>Jedna od najve\u0107ih prednosti kori\u0161tenja <strong>RFID privjesci za klju\u010deve<\/strong> je pobolj\u0161ana sigurnost. Ovi ure\u0111aji nude vi\u0161estruke slojeve za\u0161tite, uklju\u010duju\u0107i protokole \u0161ifriranja, sprje\u010davaju\u0107i neovla\u0161tene korisnike da dobiju pristup. The <strong>13,56 MHz<\/strong> frekvencija koju koristi <strong>ISO14443A privjesci za klju\u010deve<\/strong> osigurava visoku kompatibilnost s razli\u010ditim <strong>sustavi kontrole pristupa<\/strong>, od hotelskih brava do ulaza na uredska vrata.<\/p>\n<p>Kori\u0161tenjem RFID tehnologije, <strong>RFID privjesci za klju\u010deve<\/strong> ponuda <strong>ulaz bez klju\u010da<\/strong>, smanjuju\u0107i rizik od obijanja brave ili neovla\u0161tenog umno\u017eavanja. Kada se integrira u <strong>kontrola pristupa<\/strong> sustavima, ovi fobovi slu\u017ee kao sigurni token za provjeru i autentifikaciju korisnika uz minimalan napor.<\/p>\n<h3><strong>2. Izdr\u017eljiva ABS konstrukcija<\/strong><\/h3>\n<p>Izgradnja <strong>RFID privjesci za klju\u010deve<\/strong> jednako je va\u017ena kao i njihova funkcionalnost. Ovi privjesci su napravljeni od <strong>ABS plastika<\/strong>, koji je izdr\u017eljiv, lagan materijal koji mo\u017ee izdr\u017eati razli\u010dite uvjete okoline. Bez obzira koristite li ih u uredskom okru\u017eenju ili ih nosite na privjesku za klju\u010deve, ovi privjesci za klju\u010deve napravljeni su da traju.<\/p>\n<p>The <strong>ABS ku\u0107i\u0161te<\/strong> ne samo da \u0161titi unutarnje komponente, ve\u0107 tako\u0111er osigurava da privjesak ostane operativan \u010dak i nakon dulje upotrebe. Njihova kompaktna veli\u010dina i robustan dizajn \u010dine ih otpornima na tro\u0161enje i habanje, osiguravaju\u0107i dugotrajno rje\u0161enje za potrebe kontrole pristupa.<\/p>\n<h3><strong>3. Jednostavna integracija s RFID sustavima<\/strong><\/h3>\n<p><strong>RFID privjesci za klju\u010deve<\/strong> potpuno su kompatibilni s ve\u0107inom <strong>RFID sustavi<\/strong>. Bilo da nadogra\u0111ujete tradicionalne kartice s klju\u010devima ili instalirate potpuno novi sustav kontrole pristupa, ovi se privjesci za klju\u010deve besprijekorno integriraju s postoje\u0107om infrastrukturom. The <strong>ISO14443A<\/strong> Standard je \u0161iroko priznat i koristi se u raznim industrijama, osiguravaju\u0107i kompatibilnost s \u010dita\u010dima i softverom.<\/p>\n<p>Nadalje, mnogi <strong>RFID privjesci za klju\u010deve<\/strong> su <strong>prepisiv<\/strong>, omogu\u0107uju\u0107i tvrtkama promjenu pristupnih vjerodajnica prema potrebi bez kupnje novih fobova. Ovaj <strong>fleksibilnost<\/strong> \u010dini RFID klju\u010deve izvrsnim dugoro\u010dnim ulaganjem za organizacije koje tra\u017ee skalabilna rje\u0161enja pristupa.<\/p>\n<hr \/>\n<h2><strong>Za\u0161to odabrati ISO14443A RFID privjeske za klju\u010deve?<\/strong><\/h2>\n<h3><strong>4. Visoka frekvencija za br\u017ei odziv<\/strong><\/h3>\n<p><strong>13,56 MHz RFID privjesci za klju\u010deve<\/strong>, poput <strong>ISO14443A<\/strong>, nude visokofrekventni raspon koji omogu\u0107uje <strong>brzo otkrivanje<\/strong> i komunikacija s RFID \u010dita\u010dem. Ovaj visokofrekventni raspon osigurava brz i u\u010dinkovit pristup, pobolj\u0161avaju\u0107i korisni\u010dko iskustvo.<\/p>\n<p>Kada dr\u017eite privjesak u blizini \u010dita\u010da, sustav brzo identificira vjerodajnice pohranjene unutar privjeska, dopu\u0161taju\u0107i pristup u djeli\u0107u sekunde. Ovo brzo vrijeme odziva posebno je va\u017eno u podru\u010djima s velikim prometom, osiguravaju\u0107i da se ne stvaraju kolone i da ljudi mogu ulaziti i izlaziti bez ka\u0161njenja.<\/p>\n<h3><strong>5. Svestranost u vi\u0161e aplikacija<\/strong><\/h3>\n<p><strong>RFID privjesci za klju\u010deve<\/strong> vrlo su svestrani i mogu se koristiti u razli\u010ditim primjenama izvan samo brava za vrata. Neke uobi\u010dajene upotrebe za <strong>RFID privjesci za klju\u010deve<\/strong> uklju\u010duju:<\/p>\n<ul>\n<li><strong>Pristup hotelskoj sobi:<\/strong> Gosti mogu koristiti svoj privjesak za otklju\u010davanje vrata hotelske sobe.<\/li>\n<li><strong>Sigurnost na radnom mjestu:<\/strong> Zaposlenici mogu koristiti fob za pristup uredima, sobama s poslu\u017eiteljima ili ograni\u010denim podru\u010djima.<\/li>\n<li><strong>Pla\u0107anje i identifikacija:<\/strong> Odre\u0111eno <strong>RFID privjesci za klju\u010deve<\/strong> tako\u0111er se mo\u017ee koristiti za pla\u0107anje ili identifikaciju u programima za \u010dlanstvo.<\/li>\n<\/ul>\n<p>Zahvaljuju\u0107i svojoj maloj veli\u010dini i prenosivosti, ovi privjesci su prakti\u010dno rje\u0161enje za \u0161irok raspon industrija.<\/p>\n<h3><strong>6. Beskontaktna tehnologija za prakti\u010dnost i higijenu<\/strong><\/h3>\n<p>U dana\u0161njem svijetu, <strong>beskontaktna tehnologija<\/strong> privukao je zna\u010dajnu pozornost zbog higijenskih prednosti koje pru\u017ea. <strong>RFID privjesci za klju\u010deve<\/strong> su beskontaktni, \u0161to zna\u010di da korisnici ne moraju fizi\u010dki dodirivati bravu ili \u010dita\u010d. To smanjuje rizik od prijenosa klica i bakterija, \u0161to ga \u010dini idealnim izborom za okru\u017eenja poput bolnica, \u0161kola i ureda gdje je higijena klju\u010dna.<\/p>\n<p>\u0160tovi\u0161e, ovo <strong>ulaz bez klju\u010da<\/strong> sustav dodaje udobnost. Korisnici ne moraju tra\u017eiti klju\u010deve ili pamtiti PIN-ove - mogu jednostavno nositi svoje <strong>RFID privjesak za klju\u010deve<\/strong> na privjesku za klju\u010deve ili u d\u017eepu, spremni za kori\u0161tenje kad god zatrebaju.<\/p>\n<p>ove <strong>RFID privjesci za klju\u010deve<\/strong> djelovati na a <strong>Frekvencija 13,56 MHz<\/strong>, \u0161to ih \u010dini kompatibilnima s ve\u0107inom <strong>RFID \u010dita\u010di<\/strong> koristi se u modernim sustavima kontrole pristupa. Privjesci su izra\u0111eni od visokokvalitetnog <strong>ABS plastika<\/strong>, osiguravaju\u0107i izdr\u017eljiv i lagan dizajn koji je i prenosiv i dugotrajan.<\/p>\n<hr \/>\n<h2><strong>Utjecaj na okoli\u0161 i odr\u017eivost<\/strong><\/h2>\n<p>Kako se organizacije kre\u0107u prema <strong>beskontaktni pristup<\/strong> i sigurnosnih rje\u0161enja, va\u017eno je uzeti u obzir utjecaj ovih proizvoda na okoli\u0161. The <strong>ABS plastika<\/strong> koristi se u <strong>RFID privjesci za klju\u010deve<\/strong> je materijal koji se \u0161iroko mo\u017ee reciklirati. Dodatno, <strong>RFID sustavi<\/strong> sami poma\u017eu smanjiti potrebu za fizi\u010dkim klju\u010devima i tradicionalnim bravama, dodatno smanjuju\u0107i ukupni otisak na okoli\u0161.<\/p>\n<p>\u0160tovi\u0161e, mnogi <strong>RFID privjesci za klju\u010deve<\/strong> mo\u017ee biti <strong>prepisan<\/strong>, \u0161to zna\u010di da ih nema potrebe neprestano mijenjati. Time se smanjuje elektroni\u010dki otpad, \u010dine\u0107i ih odr\u017eivim izborom za tvrtke i pojedince koji tra\u017ee ekolo\u0161ka rje\u0161enja.<\/p>\n<hr \/>\n<h2><strong>Recenzije i povratne informacije kupaca<\/strong><\/h2>\n<p>Mnogi kupci cijene prakti\u010dnost i sigurnost koju <strong>RFID privjesci za klju\u010deve<\/strong> osigurati. Evo kratkog sa\u017eetka uobi\u010dajenih povratnih informacija:<\/p>\n<ul>\n<li><strong>\u201cPogodan i brz pristup!\u201d<\/strong> \u2013 Mnogi korisnici isti\u010du brzinu i u\u010dinkovitost <strong>RFID privjesci za klju\u010deve<\/strong>. Brzo vrijeme odziva \u010dini ih idealnim izborom za prometna okru\u017eenja poput poslovnih zgrada i hotela.<\/li>\n<li><strong>\u201cIzdr\u017eljiv i pouzdan\u201d<\/strong> \u2013 Kupci tako\u0111er cijene <strong>izdr\u017eljiva konstrukcija<\/strong> privjesaka, pri \u010demu su mnogi primijetili da su izdr\u017eali mjesece ili godine svakodnevne uporabe.<\/li>\n<li><strong>\u201cOdli\u010dno za hotele\u201d<\/strong> \u2013 Ugostiteljske tvrtke u\u017eivaju u jednostavnosti kori\u0161tenja <strong>RFID privjesci za klju\u010deve<\/strong> za pristup gostiju, eliminiraju\u0107i potrebu za tradicionalnim klju\u010devima sobe.<\/li>\n<\/ul>\n<hr \/>\n<h2><strong>FAQ<\/strong><\/h2>\n<h3><strong>1. Mogu li se RFID privjesci programirati?<\/strong><\/h3>\n<p>Da, mnogi <strong>RFID privjesci za klju\u010deve<\/strong> su <strong>prepisiv<\/strong>, \u0161to zna\u010di da mo\u017eete promijeniti podatke pohranjene na njima, kao \u0161to su vjerodajnice za pristup.<\/p>\n<h3><strong>2. Koliko daleko RFID privjesak mo\u017ee oda\u0161iljati?<\/strong><\/h3>\n<p>Raspon an <strong>RFID privjesak za klju\u010deve<\/strong> obi\u010dno se prote\u017ee od <strong>0 do 10 cm<\/strong> ovisno o \u010ditatelju i uvjetima okoline.<\/p>\n<h3><strong>3. Jesu li RFID privjesci sigurni?<\/strong><\/h3>\n<p>Da, <strong>RFID privjesci za klju\u010deve<\/strong> su vrlo sigurni. \u010cesto uklju\u010duju enkripciju i druge za\u0161titne zna\u010dajke za sprje\u010davanje neovla\u0161tenog pristupa.<\/p>\n<h3><strong>4. Koje industrije koriste RFID privjeske za klju\u010deve?<\/strong><\/h3>\n<p><strong>RFID privjesci za klju\u010deve<\/strong> koriste se u raznim industrijama, uklju\u010duju\u0107i ugostiteljstvo, zdravstvo, korporativne urede, pa \u010dak i za klju\u010deve automobila.<\/p>\n<hr \/>\n<h2><strong>Zaklju\u010dak: Za\u0161to kupiti RFID privjeske za klju\u010deve?<\/strong><\/h2>\n<p>Ulaganje u <strong>RFID privjesci za klju\u010deve<\/strong> pru\u017ea pobolj\u0161anu sigurnost, prakti\u010dnost i trajnost za tvrtke i pojedince. Bilo da \u017eelite pojednostaviti svoj <strong>sustav kontrole pristupa<\/strong>, implementirati <strong>ulaz bez klju\u010da<\/strong> u va\u0161em hotelu ili pobolj\u0161ati sigurnost u va\u0161em uredu, <strong>RFID privjesci za klju\u010deve<\/strong> su prakti\u010dno rje\u0161enje koje je isplativo i pouzdano.<\/p>\n<p>Uz njihovu naprednu tehnologiju, laku integraciju sa <strong>RFID sustavi<\/strong>, i dugotrajna gradnja, <strong>RFID privjesci za klju\u010deve<\/strong> predstavljaju rje\u0161enje usmjereno prema budu\u0107nosti za dana\u0161nje sigurnosne izazove.<\/p>\n<p>&nbsp;<\/p>","protected":false},"excerpt":{"rendered":"<p><strong>RFID privjesci za klju\u010deve<\/strong> ABS ISO14443A nudi mogu\u0107nosti dvostruke frekvencije (13,56MHz\/125KHz), izdr\u017eljiv dizajn, programabilni UID i napredne sigurnosne zna\u010dajke poput anti-kloniranja i \u0161ifrirane komunikacije.<\/p>","protected":false},"featured_media":2861,"template":"","meta":{"_kad_post_transparent":"default","_kad_post_title":"","_kad_post_layout":"default","_kad_post_sidebar_id":"","_kad_post_content_style":"default","_kad_post_vertical_padding":"default","_kad_post_feature":"","_kad_post_feature_position":"","_kad_post_header":false,"_kad_post_footer":false,"_kad_post_classname":""},"product_brand":[],"product_cat":[54],"product_tag":[346,344,345,343,351,350],"class_list":{"0":"post-2860","1":"product","2":"type-product","3":"status-publish","4":"has-post-thumbnail","6":"product_cat-hot-selling-rfid-tags","7":"product_tag-nfc-key-tag","8":"product_tag-nfc-keychain","9":"product_tag-rfid-fob","10":"product_tag-rfid-keyfobs","11":"product_tag-rfid-keyfobs-abs","12":"product_tag-rfid-keyfobs-iso14443a","14":"first","15":"instock","16":"shipping-taxable","17":"product-type-simple","18":"entry","19":"content-bg","20":"loop-entry"},"_links":{"self":[{"href":"https:\/\/rfid-laundry-tag.com\/hr\/wp-json\/wp\/v2\/product\/2860","targetHints":{"allow":["GET"]}}],"collection":[{"href":"https:\/\/rfid-laundry-tag.com\/hr\/wp-json\/wp\/v2\/product"}],"about":[{"href":"https:\/\/rfid-laundry-tag.com\/hr\/wp-json\/wp\/v2\/types\/product"}],"version-history":[{"count":2,"href":"https:\/\/rfid-laundry-tag.com\/hr\/wp-json\/wp\/v2\/product\/2860\/revisions"}],"predecessor-version":[{"id":2863,"href":"https:\/\/rfid-laundry-tag.com\/hr\/wp-json\/wp\/v2\/product\/2860\/revisions\/2863"}],"wp:featuredmedia":[{"embeddable":true,"href":"https:\/\/rfid-laundry-tag.com\/hr\/wp-json\/wp\/v2\/media\/2861"}],"wp:attachment":[{"href":"https:\/\/rfid-laundry-tag.com\/hr\/wp-json\/wp\/v2\/media?parent=2860"}],"wp:term":[{"taxonomy":"product_brand","embeddable":true,"href":"https:\/\/rfid-laundry-tag.com\/hr\/wp-json\/wp\/v2\/product_brand?post=2860"},{"taxonomy":"product_cat","embeddable":true,"href":"https:\/\/rfid-laundry-tag.com\/hr\/wp-json\/wp\/v2\/product_cat?post=2860"},{"taxonomy":"product_tag","embeddable":true,"href":"https:\/\/rfid-laundry-tag.com\/hr\/wp-json\/wp\/v2\/product_tag?post=2860"}],"curies":[{"name":"radni list","href":"https:\/\/api.w.org\/{rel}","templated":true}]}}