{"id":2853,"date":"2024-11-05T12:54:13","date_gmt":"2024-11-05T12:54:13","guid":{"rendered":"https:\/\/rfid-laundry-tag.com\/?post_type=product&#038;p=2853"},"modified":"2024-11-05T13:04:21","modified_gmt":"2024-11-05T13:04:21","slug":"proximity-abs-tk4100-key-fob","status":"publish","type":"product","link":"https:\/\/rfid-laundry-tag.com\/hr\/proximity-abs-tk4100-key-fob\/","title":{"rendered":"Proximity ABS TK4100 privjesak za klju\u010deve"},"content":{"rendered":"<h2>Proximity ABS TK4100 privjesak za klju\u010deve<\/h2>\n<table class=\"has-title all magic-13\">\n<tbody>\n<tr>\n<td colspan=\"1\" rowspan=\"2\">\n<div class=\"magic-14\">materijal<\/div>\n<\/td>\n<td colspan=\"1\" rowspan=\"1\">\n<div class=\"magic-15\">Materijal antene: Aluminijska folija<\/div>\n<\/td>\n<\/tr>\n<tr>\n<td colspan=\"1\" rowspan=\"1\">\n<div class=\"magic-15\">povr\u0161inski materijal: ABS\/ko\u017ea\/drvo<\/div>\n<\/td>\n<\/tr>\n<tr>\n<td colspan=\"1\" rowspan=\"1\">\n<div class=\"magic-17\">veli\u010dina<\/div>\n<\/td>\n<td colspan=\"1\" rowspan=\"1\">\n<div class=\"magic-15\" data-spm-anchor-id=\"a2700.details.0.i41.3c939b1b0qFtg1\">40,38*31,5 mm, 35,5 * 28 mm, 51,5 * 32 mm., ili prilago\u0111eno<\/div>\n<\/td>\n<\/tr>\n<tr>\n<td colspan=\"1\" rowspan=\"1\">\n<div class=\"magic-17\">Obrt po narud\u017ebi<\/div>\n<\/td>\n<td colspan=\"1\" rowspan=\"1\">\n<div class=\"magic-15\">logo Sitotisak\/UID kod, serijski kod ili prilago\u0111eno<\/div>\n<\/td>\n<\/tr>\n<tr>\n<td colspan=\"1\" rowspan=\"1\">\n<div class=\"magic-17\">Radna temperatura<\/div>\n<\/td>\n<td colspan=\"1\" rowspan=\"1\">\n<div class=\"magic-15\">-20\u00b0C~+90\u00b0C<\/div>\n<\/td>\n<\/tr>\n<tr>\n<td colspan=\"1\" rowspan=\"1\">\n<div class=\"magic-17\">kodirati<\/div>\n<\/td>\n<td colspan=\"1\" rowspan=\"1\">\n<div class=\"magic-15\">\u010dip za pisanje dostupan<\/div>\n<\/td>\n<\/tr>\n<tr>\n<td colspan=\"1\" rowspan=\"1\">\n<div class=\"magic-17\">opcije boja<\/div>\n<\/td>\n<td colspan=\"1\" rowspan=\"1\">\n<div class=\"magic-15\">Crvena, plava, crna, ljubi\u010dasta, naran\u010dasta, \u017euta (mo\u017ee se prilagoditi)<\/div>\n<\/td>\n<\/tr>\n<tr>\n<td colspan=\"1\" rowspan=\"1\">\n<div class=\"magic-17\">udaljenost \u010ditanja<\/div>\n<\/td>\n<td colspan=\"1\" rowspan=\"1\">\n<div class=\"magic-15\">1~10 cm (ovisi o \u010dita\u010du)<\/div>\n<\/td>\n<\/tr>\n<tr>\n<td colspan=\"1\" rowspan=\"1\">\n<div class=\"magic-17\">aplikacije<\/div>\n<\/td>\n<td colspan=\"1\" rowspan=\"1\">\n<div class=\"magic-15\" data-spm-anchor-id=\"a2700.details.0.i40.3c939b1b0qFtg1\">sustav \u010dlanstva\/teretana\/kontrola pristupa\/pla\u0107anje itd.<\/div>\n<\/td>\n<\/tr>\n<\/tbody>\n<\/table>\n<p>&nbsp;<\/p>\n<p>Svaki <strong>Proximity ABS TK4100 privjesak za klju\u010deve<\/strong> dolazi unaprijed programiran s jedinstvenim znamenkastim ID brojem, \u0161to ga \u010dini idealnim izborom za kori\u0161tenje u RFID-u <strong>Sustavi blizinske kontrole pristupa<\/strong>. Ovi privjesci za klju\u010deve dizajnirani su za besprijekornu integraciju sa sustavima koji upravljaju pristupom vratima, elektri\u010dnim bravama, pa \u010dak i video portafonima, osiguravaju\u0107i sigurno i pouzdano otklju\u010davanje.<\/p>\n<p>Privjesci za klju\u010deve izra\u0111eni su od izdr\u017eljivog <strong>ABS materijal<\/strong>, ponuda <strong>vodootporan<\/strong> za\u0161tita kako bi se osigurala dugotrajna izvedba u razli\u010ditim okru\u017eenjima. Svaki privjesak za klju\u010deve pri\u010dvr\u0161\u0107en je na a <strong>metalni privjesak za klju\u010deve<\/strong>, \u0161to olak\u0161ava no\u0161enje i pri\u010dvr\u0161\u0107ivanje na privjeske za klju\u010deve ili uzice. To ih \u010dini prikladnima za korisnike dok zadr\u017eavaju svoju funkcionalnost u te\u0161kim uvjetima.<\/p>\n<p>Ovi privjesci za klju\u010deve na\u0161iroko se koriste u <strong>sustavi kontrole pristupa<\/strong>, omogu\u0107uju\u0107i funkcije kao \u0161to su otklju\u010davanje vrata, upravljanje lozinkama i dopu\u0161tenja pristupa. Oni su <strong>kompatibilan sa standardnim EM ID pristupnim ure\u0111ajima<\/strong> ili <strong>ID \u010dita\u010di<\/strong>, \u0161to ih \u010dini vrlo svestranim za razne aplikacije kontrole pristupa.<\/p>","protected":false},"excerpt":{"rendered":"<p>The <strong>Proximity ABS TK4100 privjesak za klju\u010deve<\/strong> je vrlo pouzdan, izdr\u017eljiv i siguran RFID privjesak za klju\u010deve pogodan za razli\u010dite sustave kontrole pristupa. Unaprijed programiran s jedinstvenim ID-om, \u0161iroko se koristi za <strong>otklju\u010davanje vrata<\/strong>, <strong>upravljanje lozinkama<\/strong>, i vi\u0161e. Izra\u0111en od vodootpornog ABS materijala s metalnim privjeskom za klju\u010deve, idealan je za unutarnju i vanjsku upotrebu.<\/p>","protected":false},"featured_media":2855,"template":"","meta":{"_kad_post_transparent":"default","_kad_post_title":"","_kad_post_layout":"default","_kad_post_sidebar_id":"","_kad_post_content_style":"default","_kad_post_vertical_padding":"default","_kad_post_feature":"","_kad_post_feature_position":"","_kad_post_header":false,"_kad_post_footer":false,"_kad_post_classname":""},"product_brand":[],"product_cat":[54],"product_tag":[348,346,349,344,345,343],"class_list":{"0":"post-2853","1":"product","2":"type-product","3":"status-publish","4":"has-post-thumbnail","6":"product_cat-hot-selling-rfid-tags","7":"product_tag-nfc-key-fobs-ntag213","8":"product_tag-nfc-key-tag","9":"product_tag-nfc-key-tags","10":"product_tag-nfc-keychain","11":"product_tag-rfid-fob","12":"product_tag-rfid-keyfobs","14":"first","15":"instock","16":"shipping-taxable","17":"product-type-simple","18":"entry","19":"content-bg","20":"loop-entry"},"_links":{"self":[{"href":"https:\/\/rfid-laundry-tag.com\/hr\/wp-json\/wp\/v2\/product\/2853","targetHints":{"allow":["GET"]}}],"collection":[{"href":"https:\/\/rfid-laundry-tag.com\/hr\/wp-json\/wp\/v2\/product"}],"about":[{"href":"https:\/\/rfid-laundry-tag.com\/hr\/wp-json\/wp\/v2\/types\/product"}],"version-history":[{"count":2,"href":"https:\/\/rfid-laundry-tag.com\/hr\/wp-json\/wp\/v2\/product\/2853\/revisions"}],"predecessor-version":[{"id":2859,"href":"https:\/\/rfid-laundry-tag.com\/hr\/wp-json\/wp\/v2\/product\/2853\/revisions\/2859"}],"wp:featuredmedia":[{"embeddable":true,"href":"https:\/\/rfid-laundry-tag.com\/hr\/wp-json\/wp\/v2\/media\/2855"}],"wp:attachment":[{"href":"https:\/\/rfid-laundry-tag.com\/hr\/wp-json\/wp\/v2\/media?parent=2853"}],"wp:term":[{"taxonomy":"product_brand","embeddable":true,"href":"https:\/\/rfid-laundry-tag.com\/hr\/wp-json\/wp\/v2\/product_brand?post=2853"},{"taxonomy":"product_cat","embeddable":true,"href":"https:\/\/rfid-laundry-tag.com\/hr\/wp-json\/wp\/v2\/product_cat?post=2853"},{"taxonomy":"product_tag","embeddable":true,"href":"https:\/\/rfid-laundry-tag.com\/hr\/wp-json\/wp\/v2\/product_tag?post=2853"}],"curies":[{"name":"radni list","href":"https:\/\/api.w.org\/{rel}","templated":true}]}}