{"id":2850,"date":"2024-11-05T12:42:51","date_gmt":"2024-11-05T12:42:51","guid":{"rendered":"https:\/\/rfid-laundry-tag.com\/?post_type=product&#038;p=2850"},"modified":"2024-11-05T12:49:55","modified_gmt":"2024-11-05T12:49:55","slug":"nfc-key-fobs-ntag213","status":"publish","type":"product","link":"https:\/\/rfid-laundry-tag.com\/hr\/nfc-key-fobs-ntag213\/","title":{"rendered":"NFC privjesci za klju\u010deve Ntag213"},"content":{"rendered":"<h2>NFC privjesci za klju\u010deve Ntag213<\/h2>\n<p>NFC privjesci za klju\u010deve, kao \u0161to je Ntag213, revolucioniraju na\u010din na koji komuniciramo s na\u0161im okru\u017eenjima, nude\u0107i sigurna, beskontaktna rje\u0161enja za kontrolu pristupa, identifikaciju i vi\u0161e. Bez obzira trebate li sustav za ulazak bez klju\u010da za svoj ured, hotel ili osobno vozilo, Ntag213 NFC privjesak za klju\u010deve pru\u017ea besprijekorno i pouzdano iskustvo. Ovaj opis proizvoda zadubljuje se u prednosti, zna\u010dajke i upotrebu Ntag213 NFC privjeska za klju\u010deve, nude\u0107i sveobuhvatne detalje za one koji razmi\u0161ljaju o ovoj naprednoj tehnologiji.<\/p>\n<hr \/>\n<h2>Pregled proizvoda<\/h2>\n<p>The <strong>NFC privjesak za klju\u010deve Ntag213<\/strong> je beskontaktni ure\u0111aj visokih performansi koji koristi tehnologiju komunikacije blizu polja (NFC). Dizajniran da bude kompaktan, siguran i jednostavan za kori\u0161tenje, ovaj privjesak za klju\u010deve omogu\u0107uje \u0161irok raspon aplikacija uklju\u010duju\u0107i kontrolu pristupa, sustave pla\u0107anja i autentifikaciju proizvoda. S fokusom na sigurnost, jednostavnost kori\u0161tenja i u\u010dinkovitost, Ntag213 privjesak za klju\u010deve pru\u017ea vrhunsku funkcionalnost za tvrtke, hotele, domove i \u0161ire.<\/p>\n<h3>Za\u0161to kupiti Ntag213 NFC privjesak za klju\u010deve?<\/h3>\n<p>Ntag213 je vi\u0161e od obi\u010dnog privjeska za klju\u010deve\u2014to je pouzdano i sigurno rje\u0161enje za pristup. Nude\u0107i kombinaciju performansi visoke kvalitete, jednostavnosti integracije i kompatibilnosti s postoje\u0107im sustavima, idealan je izbor za tvrtke koje \u017eele nadograditi svoje sigurnosne mjere ili pojedince koji tra\u017ee u\u010dinkovitiji na\u010din upravljanja svojim pristupom. Evo za\u0161to se isplati ulo\u017eiti:<\/p>\n<ul>\n<li><strong>Pouzdana sigurnost:<\/strong> S ugra\u0111enom enkripcijom i jedinstvenim identifikatorom (UID), ovaj privjesak za klju\u010deve osigurava siguran pristup bez opasnosti od dupliciranja ili neovla\u0161tenog kori\u0161tenja.<\/li>\n<li><strong>Dugotrajna izdr\u017eljivost:<\/strong> Dizajniran za svakodnevnu upotrebu, Ntag213 NFC privjesak za klju\u010deve mo\u017ee se pohvaliti dugim vijekom trajanja s do 100 000 ciklusa pisanja i vremenom zadr\u017eavanja podataka od 10 godina.<\/li>\n<li><strong>Svestrana kompatibilnost:<\/strong> Njegova kompatibilnost s oba <strong>13,56 MHz RFID sustavi<\/strong> i <strong>Ure\u0111aji s omogu\u0107enom NFC tehnologijom<\/strong> \u010dini ga svestranim rje\u0161enjem za razne primjene.<\/li>\n<\/ul>\n<p>Uronimo dublje u klju\u010dne zna\u010dajke i prednosti Ntag213 NFC privjeska za klju\u010deve.<\/p>\n<hr \/>\n<h2>NFC tehnologija: Okosnica modernih sigurnosnih rje\u0161enja<\/h2>\n<p>Tehnologija NFC (Near-Field Communication) pokreta\u010dka je snaga sustava beskontaktnog pristupa. <strong>Ntag213<\/strong> jedna je od najpopularnijih NFC oznaka koju je razvio <strong>NXP\u00ae poluvodi\u010di<\/strong>, pridr\u017eavaju\u0107i se <strong>Oznaka NFC foruma tipa 2<\/strong> standard. Ova uskla\u0111enost osigurava da ure\u0111aj radi besprijekorno s NFC-omogu\u0107enim pametnim telefonima, tabletima i namjenskim NFC \u010dita\u010dima.<\/p>\n<h3>Besprijekorna integracija sa sustavima kontrole pristupa<\/h3>\n<p>Bilo da se radi o <strong>sistem ulaska u hotel<\/strong>, <strong>ulaz u ured bez klju\u010da<\/strong>, ili osobni sustav kontrole pristupa, NFC tehnologija pojednostavljuje proces. The <strong>Ntag213 NFC privjesak za klju\u010deve<\/strong> kriti\u010dna je komponenta modernih pristupnih rje\u0161enja, nude\u0107i a <strong>sigurna, beskontaktna metoda<\/strong> za otklju\u010davanje vrata, dobivanje pristupa ograni\u010denim podru\u010djima, pa \u010dak i pla\u0107anje. Sa svojim intuitivnim zna\u010dajkama blizine, korisnici mogu otklju\u010dati vrata jednostavnim dr\u017eanjem privjeska blizu \u010dita\u010da s NFC-om.<\/p>\n<h3>Pove\u0107ana prakti\u010dnost za korisnike<\/h3>\n<p>NFC tehnologija uklanja potrebu za tradicionalnim klju\u010devima ili fizi\u010dkim karticama, omogu\u0107uju\u0107i br\u017ei i u\u010dinkovitiji pristup. The <strong>\u010ditaj udaljenost<\/strong> do 100 mm (ovisno o geometriji antene) osigurava da se privjesak mo\u017ee lako skenirati bez potrebe za izravnim kontaktom. Ova zna\u010dajka pru\u017ea dodatnu pogodnost i vlasnicima tvrtki i korisnicima.<\/p>\n<hr \/>\n<h2>Klju\u010dne zna\u010dajke Ntag213 NFC privjeska za klju\u010deve<\/h2>\n<h3>1. <strong>Ugra\u0111ene sigurnosne zna\u010dajke za siguran pristup<\/strong><\/h3>\n<p>Sigurnost je glavni prioritet kada je u pitanju kontrola pristupa i <strong>Ntag213 NFC privjesak za klju\u010deve<\/strong> pru\u017ea upravo to. Sa svojim <strong>jedinstveni 7-bajtni UID<\/strong>, ure\u0111aj osigurava da je svaki privjesak jedinstven, sprje\u010davaju\u0107i neovla\u0161teno umno\u017eavanje. The <strong>za\u0161tita lozinkom<\/strong> i <strong>Potpis izvornosti temeljen na ECC-u<\/strong> dodatno za\u0161titite podatke i osigurajte da se fob ne mo\u017ee mijenjati.<\/p>\n<ul>\n<li><strong>Za\u0161tita lozinkom<\/strong>: Mogu\u0107nost konfiguriranja 32-bitne lozinke osigurava da samo ovla\u0161teni korisnici mogu pristupiti sustavu.<\/li>\n<li><strong>ECC potpis<\/strong>: The <strong>Potpis izvornosti temeljen na ECC-u<\/strong> nudi dodatni sloj sigurnosti, \u0161to ote\u017eava prevarantima krivotvoriti privjesak.<\/li>\n<\/ul>\n<h3>2. <strong>Upotreba vi\u0161e aplikacija<\/strong><\/h3>\n<p>Jedna od najzna\u010dajnijih prednosti <strong>Ntag213 NFC privjesak za klju\u010deve<\/strong> je njegova svestranost. Mo\u017ee se koristiti za razli\u010dite primjene, uklju\u010duju\u0107i:<\/p>\n<ul>\n<li><strong>Kontrola pristupa:<\/strong> Koristi se za otklju\u010davanje vrata u uredima, hotelima ili domovima.<\/li>\n<li><strong>Sustavi pla\u0107anja:<\/strong> Sigurno, beskontaktno pla\u0107anje putem mobilne NFC integracije.<\/li>\n<li><strong>Provjera autenti\u010dnosti proizvoda:<\/strong> Provjerite autenti\u010dnost vrhunskih proizvoda ili robe.<\/li>\n<li><strong>Pametno ogla\u0161avanje:<\/strong> Pobolj\u0161ajte marketin\u0161ke kampanje izvan ku\u0107e koriste\u0107i NFC oznake ugra\u0111ene u tiskane medije.<\/li>\n<\/ul>\n<h3>3. <strong>Trajnost i dugovje\u010dnost<\/strong><\/h3>\n<p>s a <strong>napi\u0161ite izdr\u017eljivost od 100 000 ciklusa<\/strong> i a <strong>vrijeme \u010duvanja podataka od 10 godina<\/strong>, the <strong>Ntag213 NFC privjesak za klju\u010deve<\/strong> izgra\u0111en je da traje. Bez obzira na to koristi li se svakodnevno u prometnom uredskom okru\u017eenju ili kao dio aplikacije s malim prometom, ovaj privjesak za klju\u010deve mo\u017ee izdr\u017eati dugotrajnu upotrebu bez pogor\u0161anja performansi.<\/p>\n<h3>4. <strong>Kompaktan i lagan dizajn<\/strong><\/h3>\n<p>Ntag213 privjesak za klju\u010deve je kompaktan i lagan, \u0161to ga \u010dini lakim za no\u0161enje. jeste <strong>kompatibilan s privjescima za klju\u010deve<\/strong>, omogu\u0107uju\u0107i korisnicima da ga pri\u010dvrste na svoje klju\u010deve radi prakti\u010dnog pristupa. The <strong>mali otisak<\/strong> \u010dini ga idealnim za aplikacije koje zahtijevaju rje\u0161enja koja \u0161tede prostor, kao \u0161to su ugra\u0111ene oznake u naljepnice proizvoda ili kartice za igranje.<\/p>\n<hr \/>\n<h2>Utjecaj na okoli\u0161 i odr\u017eivost<\/h2>\n<p>Kako tvrtke i potro\u0161a\u010di nastavljaju davati prioritet odr\u017eivosti, <strong>Ntag213 NFC privjesak za klju\u010deve<\/strong> je dizajniran imaju\u0107i na umu odgovornost prema okoli\u0161u. Njegovo <strong>niska potro\u0161nja energije<\/strong> i dugotrajna izdr\u017eljivost pridonose smanjenom otpadu i manjem broju zamjena tijekom vremena. Osim toga, kao a <strong>pasivna RFID oznaka<\/strong>, Ntag213 ne zahtijeva bateriju za rad, \u0161to dodatno smanjuje njegov utjecaj na okoli\u0161.<\/p>\n<hr \/>\n<h2>Kako koristiti Ntag213 NFC privjesak za klju\u010deve<\/h2>\n<p>Kori\u0161tenje <strong>Ntag213 NFC privjesak za klju\u010deve<\/strong> je jednostavan i jasan:<\/p>\n<ol>\n<li><strong>Programiranje<\/strong>: Koristite kompatibilni NFC softver ili \u010dita\u010de za programiranje privjeska s potrebnim informacijama, kao \u0161to su pristupne vjerodajnice ili podaci o pla\u0107anju.<\/li>\n<li><strong>Integracija<\/strong>: Integrirajte fob s NFC-omogu\u0107enim sustavom kontrole pristupa ili terminalom za pla\u0107anje.<\/li>\n<li><strong>Aktivacija<\/strong>: Dr\u017eite privjesak blizu NFC \u010dita\u010da za pristup ili dovr\u0161etak transakcije. The <strong>beskontaktno<\/strong> interakcija osigurava glatku i u\u010dinkovitu upotrebu.<\/li>\n<\/ol>\n<hr \/>\n<h2>Recenzije kupaca<\/h2>\n<p>Mnogi su korisnici pohvalili <strong>Ntag213 NFC privjesak za klju\u010deve<\/strong> za svoje <strong>jednostavnost kori\u0161tenja<\/strong>, <strong>sigurnosti<\/strong>, i <strong>pouzdanost<\/strong>. Evo nekoliko izjava zadovoljnih kupaca:<\/p>\n<ul>\n<li><strong>John D., voditelj ureda<\/strong>: \u201cNtag213 je u\u010dinio pristup na\u0161oj poslovnoj zgradi lak\u0161im nego ikad. Siguran je, jednostavan za kori\u0161tenje i vi\u0161e ne moram brinuti o izgubljenim klju\u010devima.\u201d<\/li>\n<li><strong>Sarah T., vlasnica hotela<\/strong>: \u201cImplementirali smo Ntag213 za na\u0161 sustav hotelskih klju\u010deva i zna\u010dajno je pobolj\u0161ao zadovoljstvo gostiju. Brz je, siguran i vrlo prakti\u010dan.\u201d<\/li>\n<\/ul>\n<hr \/>\n<h2>FAQ<\/h2>\n<h3>P1: Mogu li sam programirati Ntag213 privjesak?<\/h3>\n<p>Da, mo\u017eete programirati Ntag213 privjesak pomo\u0107u kompatibilnih NFC \u010dita\u010da i softvera. To olak\u0161ava integraciju foba s va\u0161im postoje\u0107im sustavima.<\/p>\n<h3>P2: Koliko dugo traje baterija privjeska za klju\u010deve Ntag213?<\/h3>\n<p>Ntag213 privjesak za klju\u010deve ne zahtijeva bateriju jer radi pomo\u0107u <strong>pasivna RFID tehnologija<\/strong>, crpi energiju iz NFC \u010dita\u010da kada je u neposrednoj blizini.<\/p>\n<h3>P3: Koji je raspon o\u010ditanja Ntag213 NFC privjeska za klju\u010deve?<\/h3>\n<p>Tipi\u010dni raspon \u010ditanja je do 100 mm, ovisno o \u010dimbenicima kao \u0161to su <strong>dizajn antene \u010dita\u010da<\/strong> i jakosti polja.<\/p>\n<hr \/>\n<h2>Zaklju\u010dak: Za\u0161to odabrati Ntag213 NFC privjesak za klju\u010deve?<\/h2>\n<p>The <strong>Ntag213 NFC privjesak za klju\u010deve<\/strong> nudi idealnu kombinaciju sigurnosti, pouzdanosti i prakti\u010dnosti za korisnika. Njegovo <strong>beskontaktna tehnologija<\/strong>, <strong>kompaktan dizajn<\/strong>, i <strong>vi\u0161enamjenska svestranost<\/strong> \u010dine ga savr\u0161enim izborom za moderne sustave kontrole pristupa, pla\u0107anja i identifikacije. Bilo da ste tvrtka koja \u017eeli pobolj\u0161ati svoju sigurnosnu infrastrukturu ili potro\u0161a\u010d koji tra\u017ei prakti\u010dno, sigurno rje\u0161enje za svoje osobne potrebe pristupa, Ntag213 je mudra investicija.<\/p>\n<p>Osigurajte svoj pristup danas s <strong>Ntag213 NFC privjesak za klju\u010deve<\/strong>\u2014 budu\u0107nost beskontaktne sigurnosti je ovdje.<\/p>","protected":false},"excerpt":{"rendered":"<p><strong>Ntag213 NFC privjesak za klju\u010deve<\/strong> nudi idealnu kombinaciju sigurnosti, pouzdanosti i prakti\u010dnosti za korisnika. Njegovo <strong>beskontaktna tehnologija<\/strong>, <strong>kompaktan dizajn<\/strong>, i <strong>vi\u0161enamjenska svestranost<\/strong> \u010dine ga savr\u0161enim izborom za moderne sustave kontrole pristupa, pla\u0107anja i identifikacije.<\/p>","protected":false},"featured_media":2845,"template":"","meta":{"_kad_post_transparent":"default","_kad_post_title":"","_kad_post_layout":"default","_kad_post_sidebar_id":"","_kad_post_content_style":"default","_kad_post_vertical_padding":"default","_kad_post_feature":"","_kad_post_feature_position":"","_kad_post_header":false,"_kad_post_footer":false,"_kad_post_classname":""},"product_brand":[],"product_cat":[54],"product_tag":[348,346,349,344,345,343],"class_list":{"0":"post-2850","1":"product","2":"type-product","3":"status-publish","4":"has-post-thumbnail","6":"product_cat-hot-selling-rfid-tags","7":"product_tag-nfc-key-fobs-ntag213","8":"product_tag-nfc-key-tag","9":"product_tag-nfc-key-tags","10":"product_tag-nfc-keychain","11":"product_tag-rfid-fob","12":"product_tag-rfid-keyfobs","14":"first","15":"instock","16":"shipping-taxable","17":"product-type-simple","18":"entry","19":"content-bg","20":"loop-entry"},"_links":{"self":[{"href":"https:\/\/rfid-laundry-tag.com\/hr\/wp-json\/wp\/v2\/product\/2850","targetHints":{"allow":["GET"]}}],"collection":[{"href":"https:\/\/rfid-laundry-tag.com\/hr\/wp-json\/wp\/v2\/product"}],"about":[{"href":"https:\/\/rfid-laundry-tag.com\/hr\/wp-json\/wp\/v2\/types\/product"}],"version-history":[{"count":2,"href":"https:\/\/rfid-laundry-tag.com\/hr\/wp-json\/wp\/v2\/product\/2850\/revisions"}],"predecessor-version":[{"id":2852,"href":"https:\/\/rfid-laundry-tag.com\/hr\/wp-json\/wp\/v2\/product\/2850\/revisions\/2852"}],"wp:featuredmedia":[{"embeddable":true,"href":"https:\/\/rfid-laundry-tag.com\/hr\/wp-json\/wp\/v2\/media\/2845"}],"wp:attachment":[{"href":"https:\/\/rfid-laundry-tag.com\/hr\/wp-json\/wp\/v2\/media?parent=2850"}],"wp:term":[{"taxonomy":"product_brand","embeddable":true,"href":"https:\/\/rfid-laundry-tag.com\/hr\/wp-json\/wp\/v2\/product_brand?post=2850"},{"taxonomy":"product_cat","embeddable":true,"href":"https:\/\/rfid-laundry-tag.com\/hr\/wp-json\/wp\/v2\/product_cat?post=2850"},{"taxonomy":"product_tag","embeddable":true,"href":"https:\/\/rfid-laundry-tag.com\/hr\/wp-json\/wp\/v2\/product_tag?post=2850"}],"curies":[{"name":"radni list","href":"https:\/\/api.w.org\/{rel}","templated":true}]}}