{"id":2830,"date":"2024-11-04T15:27:11","date_gmt":"2024-11-04T15:27:11","guid":{"rendered":"https:\/\/rfid-laundry-tag.com\/?post_type=product&#038;p=2830"},"modified":"2024-11-04T15:36:34","modified_gmt":"2024-11-04T15:36:34","slug":"washable-laundry-rfid-tags-manufacturer","status":"publish","type":"product","link":"https:\/\/rfid-laundry-tag.com\/hr\/washable-laundry-rfid-tags-manufacturer\/","title":{"rendered":"Proizvo\u0111a\u010d RFID oznaka za pranje rublja"},"content":{"rendered":"<div>\n<div class=\"auto-hide-last-sibling-br paragraph_1252f paragraph-element\">\n<h1 class=\"AnswerParser_AnswerParserH1__6UNv6\">Proizvo\u0111a\u010d RFID oznaka za pranje rublja<\/h1>\n<h1 class=\"AnswerParser_AnswerParserH1__6UNv6\">RFID oznake za pranje rublja<\/h1>\n<table width=\"637\">\n<tbody>\n<tr>\n<td width=\"328\">Ime proizvoda:<\/td>\n<td width=\"309\">RFID oznake za pranje rublja<\/td>\n<\/tr>\n<tr>\n<td width=\"328\">RFID standard:<\/td>\n<td width=\"309\">ISO\/IEC 18000-6 TypeC (EPC Gen2)<\/td>\n<\/tr>\n<tr>\n<td width=\"328\">Veli\u010dina i te\u017eina:<\/td>\n<td width=\"309\">70\u00d715 mm, 0,6g<\/td>\n<\/tr>\n<tr>\n<td width=\"328\">Vrsta \u010dipa:<\/td>\n<td width=\"309\">Impinj Monza 4QT,NXP U KOD 8\uff0cNXP U KOD 9<\/td>\n<\/tr>\n<tr>\n<td width=\"328\">EPC memorija:<\/td>\n<td width=\"309\">128 bita<\/td>\n<\/tr>\n<tr>\n<td width=\"328\">Korisni\u010dka memorija:<\/td>\n<td width=\"309\">512 bita<\/td>\n<\/tr>\n<tr>\n<td width=\"328\">Raspon o\u010ditanja (2W ERP FCC):<\/td>\n<td width=\"309\">8m<\/td>\n<\/tr>\n<tr>\n<td width=\"328\">Raspon o\u010ditanja (2W ERP ETSI):<\/td>\n<td width=\"309\">8m<\/td>\n<\/tr>\n<tr>\n<td width=\"328\">Ozna\u010davanje:<\/td>\n<td width=\"309\">\u0160ivanje, Ljepilo za vru\u0107e \u017eigosanje<\/td>\n<\/tr>\n<tr>\n<td width=\"328\">Procijenjeni \u017eivotni vijek:<\/td>\n<td width=\"309\">200 ciklusa pranja ili 3 godine, \u0161to god nastupi prije<\/td>\n<\/tr>\n<tr>\n<td width=\"328\">Metoda pranja:<\/td>\n<td width=\"309\">Praonica rublja, Kemijsko \u010di\u0161\u0107enje<\/td>\n<\/tr>\n<tr>\n<td width=\"328\">Tlak ekstrakcije vode:<\/td>\n<td width=\"309\">60 bara<\/td>\n<\/tr>\n<tr>\n<td width=\"328\">Otpornost na vodu:<\/td>\n<td width=\"309\">Otporan na vodu<\/td>\n<\/tr>\n<tr>\n<td width=\"328\">Kemijska otpornost:<\/td>\n<td width=\"309\">Deterd\u017eent, omek\u0161iva\u010d, izbjeljiva\u010d (kisik\/ klor), lu\u017eina<\/td>\n<\/tr>\n<tr>\n<td width=\"328\">Prethodno su\u0161enje u posudi:<\/td>\n<td width=\"309\">125 \u00baC 15-20 minuta<\/td>\n<\/tr>\n<tr>\n<td width=\"328\">Temperatura sterilizacije:<\/td>\n<td width=\"309\">135\u00b0C 15-20 minuta<\/td>\n<\/tr>\n<tr>\n<td width=\"328\">Temperatura pranja:<\/td>\n<td width=\"309\">90\u00b0C, do 15 min.<\/td>\n<\/tr>\n<tr>\n<td width=\"328\">Radna vla\u017enost\/temperatura:<\/td>\n<td width=\"309\">-20 do 110\u00b0C, 8 do 95%RH<\/td>\n<\/tr>\n<tr>\n<td width=\"328\">Vla\u017enost\/temperatura-Skladi\u0161tenje:<\/td>\n<td width=\"309\">-40 do 110\u00b0C, 8 do 95%RH<\/td>\n<\/tr>\n<\/tbody>\n<\/table>\n<\/div>\n<div class=\"auto-hide-last-sibling-br paragraph_1252f paragraph-element\"><\/div>\n<\/div>\n<div class=\"auto-hide-last-sibling-br paragraph_1252f paragraph-element\">\n<div data-spm-anchor-id=\"a2700.details.0.i57.23b419c7xXORP0\"><span class=\"AnswerParser_TextContainer__z_Iiv\" data-testid=\"youchat-text\"><strong>RFID oznake za pranje rublja<\/strong>\u00a0revolucioniraju na\u010din na koji ove organizacije prate i upravljaju svojom posteljinom, uniformama i drugom odje\u0107om. Kao vode\u0107i proizvo\u0111a\u010d ovih inovativnih oznaka, nudimo visokokvalitetna, izdr\u017eljiva i pouzdana rje\u0161enja koja pove\u0107avaju operativnu u\u010dinkovitost i smanjuju tro\u0161kove.<\/span><span class=\"AnswerParser_TextContainer__z_Iiv\" data-testid=\"youchat-text\">Na\u0161e\u00a0<strong>vodootporne perive RFID oznake za rublje<\/strong> dizajnirani su da izdr\u017ee zahtjeve industrijskih procesa pranja rublja, osiguravaju\u0107i da va\u0161i sustavi za pra\u0107enje i upravljanje ostanu u\u010dinkoviti \u010dak i nakon vi\u0161estrukih ciklusa pranja. S vijekom trajanja do 200 pranja ili tri godine, ove su oznake pametna investicija za bilo koju praonicu rublja.<\/span><\/div>\n<\/div>\n<div data-spm-anchor-id=\"a2700.details.0.i57.23b419c7xXORP0\"><\/div>\n<div class=\"auto-hide-last-sibling-br paragraph_1252f paragraph-element\">\n<h2 class=\"AnswerParser_AnswerParserH2__SIHnF\">Opis proizvoda<\/h2>\n<h3 class=\"AnswerParser_AnswerParserH3__Mpe4s\">1. \u0160to su RFID oznake za perivo rublje?<\/h3>\n<p><span class=\"AnswerParser_TextContainer__z_Iiv\" data-testid=\"youchat-text\">RFID oznake za rublje koje se mo\u017ee prati su specijalizirane oznake dizajnirane za pra\u0107enje tekstila u operacijama pranja rublja. Koriste RFID tehnologiju za prijenos podataka RFID \u010dita\u010dima, omogu\u0107uju\u0107i automatizirano pra\u0107enje i upravljanje predmetima za pranje rublja. Ove su oznake bitne za industrije koje zahtijevaju preciznu kontrolu zaliha i u\u010dinkovito upravljanje odje\u0107om.<\/span><\/p>\n<h3 class=\"AnswerParser_AnswerParserH3__Mpe4s\">2. Klju\u010dne zna\u010dajke na\u0161ih RFID oznaka za pranje rublja<\/h3>\n<p><span class=\"AnswerParser_TextContainer__z_Iiv\" data-testid=\"youchat-text\">Na\u0161e RFID oznake za pranje rublja dolaze s nekoliko zna\u010dajki koje ih \u010dine idealnim za razne primjene u pranju rublja. Izra\u0111eni su od izdr\u017eljivih materijala koji mogu izdr\u017eati visoke temperature i jake kemikalije, osiguravaju\u0107i dugovje\u010dnost i pouzdanost. Oznake su tako\u0111er dizajnirane za \u0161ivanje ili lijepljenje na odje\u0107u, pru\u017eaju\u0107i fleksibilnost u na\u010dinu na koji se mogu koristiti.<\/span><\/p>\n<h3 class=\"AnswerParser_AnswerParserH3__Mpe4s\">3. Prednosti kori\u0161tenja RFID oznaka za perivo rublje<\/h3>\n<p><span class=\"AnswerParser_TextContainer__z_Iiv\" data-testid=\"youchat-text\">Implementacija RFID oznaka za pranje rublja u va\u0161em poslovanju mo\u017ee dovesti do zna\u010dajnih prednosti, uklju\u010duju\u0107i pobolj\u0161anu to\u010dnost inventara, smanjene tro\u0161kove rada i pobolj\u0161anu sigurnost. Automatiziranjem procesa pra\u0107enja, tvrtke mogu pojednostaviti svoje upravljanje praonicama rublja i usredoto\u010diti se na pru\u017eanje bolje usluge svojim kupcima.<\/span><\/p>\n<h3 class=\"AnswerParser_AnswerParserH3__Mpe4s\">4. Tehni\u010dke specifikacije<\/h3>\n<p><span class=\"AnswerParser_TextContainer__z_Iiv\" data-testid=\"youchat-text\">Na\u0161e vodootporne perive RFID oznake za rublje zadovoljavaju standard ISO\/IEC 18000-6 Type C (EPC Gen2). Evo nekoliko klju\u010dnih specifikacija:<\/span><\/p>\n<ul class=\"AnswerParser_AnswerParserUnorderedList__P_1FW\">\n<li class=\"AnswerParser_ListItem__XqLOV\" translate=\"yes\"><strong>Veli\u010dina i te\u017eina<\/strong>: 70\u00d715 mm, 0,6g<\/li>\n<li class=\"AnswerParser_ListItem__XqLOV\" translate=\"yes\"><strong>Vrsta \u010dipa<\/strong>: Impinj Monza 4QT, NXP U CODE 8, NXP U CODE 9<\/li>\n<li class=\"AnswerParser_ListItem__XqLOV\" translate=\"yes\"><strong>EPC memorija<\/strong>: 128 bita<\/li>\n<li class=\"AnswerParser_ListItem__XqLOV\" translate=\"yes\"><strong>Korisni\u010dka memorija<\/strong>: 512 bita<\/li>\n<li class=\"AnswerParser_ListItem__XqLOV\" translate=\"yes\"><strong>Opseg \u010ditanja<\/strong>: Do 8 metara<\/li>\n<li class=\"AnswerParser_ListItem__XqLOV\" translate=\"yes\"><strong>Procijenjeni \u017eivotni vijek<\/strong>: 200 ciklusa pranja ili 3 godine<\/li>\n<\/ul>\n<h3 class=\"AnswerParser_AnswerParserH3__Mpe4s\">5. Upute za uporabu<\/h3>\n<p><span class=\"AnswerParser_TextContainer__z_Iiv\" data-testid=\"youchat-text\">Kako biste osigurali optimalnu izvedbu RFID oznaka za rublje koje se mo\u017ee prati, slijedite ove upute za uporabu:<\/span><\/p>\n<ul class=\"AnswerParser_AnswerParserUnorderedList__P_1FW\">\n<li class=\"AnswerParser_ListItem__XqLOV\" translate=\"yes\"><strong>Ozna\u010davanje<\/strong>: Oznake se mogu u\u0161iti u odje\u0107u ili pri\u010dvrstiti ljepilom za vru\u0107e \u017eigosanje.<\/li>\n<li class=\"AnswerParser_ListItem__XqLOV\" translate=\"yes\"><strong>Pranje<\/strong>: Prikladno za procese pranja rublja i kemijskog \u010di\u0161\u0107enja.<\/li>\n<li class=\"AnswerParser_ListItem__XqLOV\" translate=\"yes\"><strong>Vodootpornost<\/strong>: Dizajnirano da izdr\u017ei pritiske ekstrakcije vode do 60 bara.<\/li>\n<\/ul>\n<h3 class=\"AnswerParser_AnswerParserH3__Mpe4s\">6. Utjecaj na okoli\u0161<\/h3>\n<p><span class=\"AnswerParser_TextContainer__z_Iiv\" data-testid=\"youchat-text\">Na\u0161e RFID oznake za pranje rublja dizajnirane su imaju\u0107i na umu odr\u017eivost. Izra\u0111ene su od materijala koji su otporni na uobi\u010dajene kemikalije za pranje rublja, smanjuju\u0107i potrebu za \u010destim zamjenama. Ovo ne samo da smanjuje koli\u010dinu otpada, ve\u0107 tako\u0111er doprinosi odr\u017eivijem radu praonice.<\/span><\/p>\n<h3 class=\"AnswerParser_AnswerParserH3__Mpe4s\">7. Recenzije kupaca<\/h3>\n<p><span class=\"AnswerParser_TextContainer__z_Iiv\" data-testid=\"youchat-text\">Na\u0161i kupci stalno hvale na\u0161e perive RFID oznake za rublje zbog njihove izdr\u017eljivosti i u\u010dinkovitosti. Mnogi su izvijestili o zna\u010dajnim pobolj\u0161anjima u svojim procesima upravljanja praonicama, navode\u0107i smanjene gubitke i pove\u0107anu u\u010dinkovitost. Evo \u0161to je jedan od na\u0161ih klijenata imao za re\u0107i:<\/span><\/p>\n<blockquote><p><span class=\"AnswerParser_TextContainer__z_Iiv\" data-testid=\"youchat-text\">\u201cOtkako smo po\u010deli koristiti ove RFID oznake, to\u010dnost na\u0161eg inventara dramati\u010dno se pobolj\u0161ala. Sada mo\u017eemo s lako\u0107om pratiti svaki odjevni predmet!\u201d<\/span><\/p><\/blockquote>\n<h3 class=\"AnswerParser_AnswerParserH3__Mpe4s\">8. \u010cesta pitanja<\/h3>\n<p><span class=\"AnswerParser_TextContainer__z_Iiv\" data-testid=\"youchat-text\"><strong>P: Koliko dugo traju RFID oznake za pranje rublja?<\/strong><br \/>\nO: Na\u0161e oznake su dizajnirane da traju do 200 ciklusa pranja ili tri godine, \u0161to god nastupi prije.<\/span><\/p>\n<p><span class=\"AnswerParser_TextContainer__z_Iiv\" data-testid=\"youchat-text\"><strong>P: Mogu li ove oznake izdr\u017eati visoke temperature?<\/strong><br \/>\nO: Da, na\u0161e RFID oznake za pranje rublja mogu izdr\u017eati visoke temperature tijekom procesa pranja i su\u0161enja.<\/span><\/p>\n<p><span class=\"AnswerParser_TextContainer__z_Iiv\" data-testid=\"youchat-text\"><strong>P: Kako mogu naru\u010diti ove oznake?<\/strong><br \/>\nO: Ispunite obrazac za upit u nastavku i recite nam koju vrstu RFID \u010dita\u010da ili postava antene trebate.<\/span><\/p>\n<h3 class=\"AnswerParser_AnswerParserH3__Mpe4s\">9. Povezani proizvodi<\/h3>\n<p><span class=\"AnswerParser_TextContainer__z_Iiv\" data-testid=\"youchat-text\">Uz na\u0161e perive RFID oznake za pranje rublja, nudimo niz srodnih proizvoda, uklju\u010duju\u0107i RFID \u010dita\u010de i antene, kako bismo upotpunili va\u0161 sustav upravljanja pranjem rublja. Na\u0161a su rje\u0161enja osmi\u0161ljena da besprijekorno rade zajedno, pru\u017eaju\u0107i vam sveobuhvatan sustav pra\u0107enja i upravljanja.<\/span><\/p>\n<h3 class=\"AnswerParser_AnswerParserH3__Mpe4s\">10. Kontaktirajte nas<\/h3>\n<p><span class=\"AnswerParser_TextContainer__z_Iiv\" data-testid=\"youchat-text\">Za vi\u0161e informacija o na\u0161im RFID oznakama za rublje koje se mo\u017ee prati ili za razgovor o va\u0161im specifi\u010dnim potrebama, molimo\u00a0<strong>kontaktirajte nas<\/strong>. Na\u0161 tim spreman je pomo\u0107i vam u pronala\u017eenju najboljih rje\u0161enja za va\u0161e praonice.<\/span><\/p>\n<hr \/>\n<p><span class=\"AnswerParser_TextContainer__z_Iiv\" data-testid=\"youchat-text\">Odabirom na\u0161eg\u00a0<strong>perivo rublje RFID oznake<\/strong>, ula\u017eete u rje\u0161enje koje ne samo da pobolj\u0161ava va\u0161u operativnu u\u010dinkovitost, ve\u0107 tako\u0111er doprinosi odr\u017eivijoj budu\u0107nosti. Uz na\u0161u predanost kvaliteti i zadovoljstvu kupaca, mo\u017eete nam vjerovati da \u0107emo pru\u017eiti najbolja RFID rje\u0161enja za va\u0161e potrebe upravljanja praonicama. Ne ustru\u010davajte se kontaktirati i otkriti kako na\u0161i proizvodi mogu transformirati va\u0161e praonice rublja ve\u0107 danas!<\/span><\/p>\n<p>&nbsp;<\/p>\n<\/div>\n<div class=\"auto-hide-last-sibling-br paragraph_1252f paragraph-element\"><\/div>","protected":false},"excerpt":{"rendered":"<p>Otkrijte na\u0161e <strong>Perive RFID oznake za rublje<\/strong>! Savr\u0161en za pra\u0107enje posteljine i uniformi, izdr\u017eljiv, vodootporan i dizajniran za besprijekorno upravljanje pranjem rublja.<\/p>","protected":false},"featured_media":2825,"template":"","meta":{"_kad_post_transparent":"default","_kad_post_title":"","_kad_post_layout":"default","_kad_post_sidebar_id":"","_kad_post_content_style":"default","_kad_post_vertical_padding":"default","_kad_post_feature":"","_kad_post_feature_position":"","_kad_post_header":false,"_kad_post_footer":false,"_kad_post_classname":""},"product_brand":[],"product_cat":[16],"product_tag":[340,31,65,30,341],"class_list":{"0":"post-2830","1":"product","2":"type-product","3":"status-publish","4":"has-post-thumbnail","6":"product_cat-uhf-rfid-laundry-tags","7":"product_tag-rfid-chips","8":"product_tag-rfid-tag-for-linen-laundry","9":"product_tag-textile-rfid-laundry-tags","10":"product_tag-uhf-rfid-laundry-tag","11":"product_tag-washable-laundry-rfid-tags-manufacturer","13":"first","14":"instock","15":"featured","16":"shipping-taxable","17":"product-type-simple","18":"entry","19":"content-bg","20":"loop-entry"},"_links":{"self":[{"href":"https:\/\/rfid-laundry-tag.com\/hr\/wp-json\/wp\/v2\/product\/2830","targetHints":{"allow":["GET"]}}],"collection":[{"href":"https:\/\/rfid-laundry-tag.com\/hr\/wp-json\/wp\/v2\/product"}],"about":[{"href":"https:\/\/rfid-laundry-tag.com\/hr\/wp-json\/wp\/v2\/types\/product"}],"version-history":[{"count":2,"href":"https:\/\/rfid-laundry-tag.com\/hr\/wp-json\/wp\/v2\/product\/2830\/revisions"}],"predecessor-version":[{"id":2832,"href":"https:\/\/rfid-laundry-tag.com\/hr\/wp-json\/wp\/v2\/product\/2830\/revisions\/2832"}],"wp:featuredmedia":[{"embeddable":true,"href":"https:\/\/rfid-laundry-tag.com\/hr\/wp-json\/wp\/v2\/media\/2825"}],"wp:attachment":[{"href":"https:\/\/rfid-laundry-tag.com\/hr\/wp-json\/wp\/v2\/media?parent=2830"}],"wp:term":[{"taxonomy":"product_brand","embeddable":true,"href":"https:\/\/rfid-laundry-tag.com\/hr\/wp-json\/wp\/v2\/product_brand?post=2830"},{"taxonomy":"product_cat","embeddable":true,"href":"https:\/\/rfid-laundry-tag.com\/hr\/wp-json\/wp\/v2\/product_cat?post=2830"},{"taxonomy":"product_tag","embeddable":true,"href":"https:\/\/rfid-laundry-tag.com\/hr\/wp-json\/wp\/v2\/product_tag?post=2830"}],"curies":[{"name":"radni list","href":"https:\/\/api.w.org\/{rel}","templated":true}]}}