{"id":2822,"date":"2024-11-04T14:49:24","date_gmt":"2024-11-04T14:49:24","guid":{"rendered":"https:\/\/rfid-laundry-tag.com\/?post_type=product&#038;p=2822"},"modified":"2024-11-04T15:12:28","modified_gmt":"2024-11-04T15:12:28","slug":"waterproof-washable-rfid-laundry-tag","status":"publish","type":"product","link":"https:\/\/rfid-laundry-tag.com\/hr\/waterproof-washable-rfid-laundry-tag\/","title":{"rendered":"Vodootporna periva RFID oznaka za rublje"},"content":{"rendered":"<div>\n<div class=\"auto-hide-last-sibling-br paragraph_1252f paragraph-element\">\n<h2>Vodootporna periva RFID oznaka za rublje<\/h2>\n<table width=\"637\">\n<tbody>\n<tr>\n<td width=\"328\">Ime proizvoda:<\/td>\n<td width=\"309\">Vodootporna periva RFID oznaka za rublje<\/td>\n<\/tr>\n<tr>\n<td width=\"328\">RFID standard:<\/td>\n<td width=\"309\">ISO\/IEC 18000-6 TypeC (EPC Gen2)<\/td>\n<\/tr>\n<tr>\n<td width=\"328\">Veli\u010dina i te\u017eina:<\/td>\n<td width=\"309\">70\u00d715 mm, 0,6g<\/td>\n<\/tr>\n<tr>\n<td width=\"328\">Vrsta \u010dipa:<\/td>\n<td width=\"309\">Impinj Monza 4QT,NXP U KOD 8\uff0cNXP U KOD 9<\/td>\n<\/tr>\n<tr>\n<td width=\"328\">EPC memorija:<\/td>\n<td width=\"309\">128 bita<\/td>\n<\/tr>\n<tr>\n<td width=\"328\">Korisni\u010dka memorija:<\/td>\n<td width=\"309\">512 bita<\/td>\n<\/tr>\n<tr>\n<td width=\"328\">Raspon o\u010ditanja (2W ERP FCC):<\/td>\n<td width=\"309\">8m<\/td>\n<\/tr>\n<tr>\n<td width=\"328\">Raspon o\u010ditanja (2W ERP ETSI):<\/td>\n<td width=\"309\">8m<\/td>\n<\/tr>\n<tr>\n<td width=\"328\">Ozna\u010davanje:<\/td>\n<td width=\"309\">\u0160ivanje, Ljepilo za vru\u0107e \u017eigosanje<\/td>\n<\/tr>\n<tr>\n<td width=\"328\">Procijenjeni \u017eivotni vijek:<\/td>\n<td width=\"309\">200 ciklusa pranja ili 3 godine, \u0161to god nastupi prije<\/td>\n<\/tr>\n<tr>\n<td width=\"328\">Metoda pranja:<\/td>\n<td width=\"309\">Praonica rublja, Kemijsko \u010di\u0161\u0107enje<\/td>\n<\/tr>\n<tr>\n<td width=\"328\">Tlak ekstrakcije vode:<\/td>\n<td width=\"309\">60 bara<\/td>\n<\/tr>\n<tr>\n<td width=\"328\">Otpornost na vodu:<\/td>\n<td width=\"309\">Otporan na vodu<\/td>\n<\/tr>\n<tr>\n<td width=\"328\">Kemijska otpornost:<\/td>\n<td width=\"309\">Deterd\u017eent, omek\u0161iva\u010d, izbjeljiva\u010d (kisik\/ klor), lu\u017eina<\/td>\n<\/tr>\n<tr>\n<td width=\"328\">Prethodno su\u0161enje u posudi:<\/td>\n<td width=\"309\">125 \u00baC 15-20 minuta<\/td>\n<\/tr>\n<tr>\n<td width=\"328\">Temperatura sterilizacije:<\/td>\n<td width=\"309\">135\u00b0C 15-20 minuta<\/td>\n<\/tr>\n<tr>\n<td width=\"328\">Temperatura pranja:<\/td>\n<td width=\"309\">90\u00b0C, do 15 min.<\/td>\n<\/tr>\n<tr>\n<td width=\"328\">Radna vla\u017enost\/temperatura:<\/td>\n<td width=\"309\">-20 do 110\u00b0C, 8 do 95%RH<\/td>\n<\/tr>\n<tr>\n<td width=\"328\">Vla\u017enost\/temperatura-Skladi\u0161tenje:<\/td>\n<td width=\"309\">-40 do 110\u00b0C, 8 do 95%RH<\/td>\n<\/tr>\n<\/tbody>\n<\/table>\n<\/div>\n<div class=\"auto-hide-last-sibling-br paragraph_1252f paragraph-element\"><\/div>\n<\/div>\n<div class=\"auto-hide-last-sibling-br paragraph_1252f paragraph-element\">\n<div data-spm-anchor-id=\"a2700.details.0.i57.23b419c7xXORP0\"><span data-spm-anchor-id=\"a2700.details.0.i75.23b419c7xXORP0\"><b>Zna\u010dajka:<\/b><br \/>\n1) UHF tehnologija za \u010ditanje stotina oznaka istovremeno.<br \/>\n2) Udaljenost za \u010ditanje ve\u0107a od 8 stopa.<br \/>\n3) Novi mehani\u010dki dizajn za pobolj\u0161ane performanse za ravnu posteljinu.<br \/>\n4) Prikladno za visokotla\u010dne ekstraktore do 60 bara.<br \/>\n5) Prikladno za sterilizaciju u autoklavu.<br \/>\n6) Mali, mekani, fleksibilni materijal idealan za tekstil, posteljinu, odje\u0107u i dodatke.<\/span><\/div>\n<\/div>\n<div data-spm-anchor-id=\"a2700.details.0.i57.23b419c7xXORP0\"><\/div>\n<div data-spm-anchor-id=\"a2700.details.0.i57.23b419c7xXORP0\"><span class=\"AnswerParser_TextContainer__z_Iiv\" data-testid=\"youchat-text\">The\u00a0<strong>Vodootporna periva RFID oznaka za rublje<\/strong>\u00a0je revolucionarno rje\u0161enje dizajnirano za pojednostavljenje pra\u0107enja i upravljanja odje\u0107om, posteljinom i uniformama. Ove oznake ne samo da pove\u0107avaju operativnu u\u010dinkovitost, ve\u0107 tako\u0111er omogu\u0107uju zna\u010dajne u\u0161tede tro\u0161kova i pobolj\u0161anu kontrolu inventara. Sa svojim izdr\u017eljivim dizajnom koji se mo\u017ee prati, idealni su za cikluse pranja na visokim temperaturama, \u0161to ih \u010dini pametnom investicijom za bilo koje pranje rublja.<\/span><\/p>\n<h2 class=\"AnswerParser_AnswerParserH2__SIHnF\">Za\u0161to odabrati vodootporne perive RFID oznake za rublje?<\/h2>\n<p><span class=\"AnswerParser_TextContainer__z_Iiv\" data-testid=\"youchat-text\">Prednosti kori\u0161tenja\u00a0<strong>RFID oznake za rublje<\/strong>\u00a0su brojni. Omogu\u0107uju automatizirano pra\u0107enje rublja, smanjuju\u0107i ru\u010dni rad i minimaliziraju\u0107i pogre\u0161ke. Ova tehnologija omogu\u0107uje upravljanje zalihama u stvarnom vremenu, osiguravaju\u0107i da je svaki odjevni predmet evidentiran. Osim toga, zna\u010dajke vodootpornosti i perivosti ovih oznaka osiguravaju dugotrajnost i pouzdanost, \u010dak i u najzahtjevnijim okru\u017eenjima pranja rublja. Ulaganjem u\u00a0<strong>RFID oznake za rublje<\/strong>, poduze\u0107a mogu pobolj\u0161ati svoju operativnu u\u010dinkovitost, pobolj\u0161ati zadovoljstvo kupaca i na kraju pove\u0107ati profitabilnost.<\/span><\/div>\n<h3 class=\"wp-block-heading\">Monta\u017ea<\/h3>\n<p><strong>Ozna\u010davanje \u0161avova<\/strong>: Za u\u0161ivanje u porub tkanine. Za\u0161ijte oznaku za rublje dalje od linija presavijanja.<br \/>\n<strong>Toplinsko brtvljenje<\/strong>: Toplinsko zavarivanje izravno na tekstil na +200\u00b0C (392\u00b0F), 12~14s.<br \/>\n<strong>U vre\u0107ici<\/strong>: Za\u0161iti se kao standardna naljepnica za odr\u017eavanje. Za\u0161ijte oznaku za rublje dalje od linija presavijanja.<\/p>\n<div class=\"auto-hide-last-sibling-br paragraph_1252f paragraph-element\">\n<div><\/div>\n<p style=\"font-weight: 400;\"><span style=\"font-style: inherit; font-weight: inherit;\" data-spm-anchor-id=\"a2700.details.0.i52.7e74253fSAfL7T\">Kako <\/span><b><strong style=\"font-style: inherit;\">JAKO<\/strong><\/b><span style=\"font-style: inherit; font-weight: inherit;\"> oni su ?<\/span><\/p>\n<p><b><strong>\u2460<\/strong><\/b>.Mogu li se RFID \u010dipovi o\u0161tetiti pod visokim temperaturama?<span style=\"font-style: inherit; font-weight: inherit;\"> \u2013<\/span><b><strong>\u2714 Na\u0161a RFID tekstilna oznaka za pranje rublja dizajnirana je za kori\u0161tenje na 200 \u00b0C<\/strong><\/b><span style=\"font-style: inherit; font-weight: inherit;\">.<\/span><\/p>\n<p style=\"font-weight: 400;\"><b><strong>\u2461<\/strong><\/b>Koliko puta smijemo prati etikete koje su pri\u010dvr\u0161\u0107ene na tekstilne proizvode uniformi? <b><strong>\u2013\u2714Na\u0161a RFID tekstilna oznaka za pranje rublja mo\u017ee se prati vi\u0161e od 200 puta zajam\u010deno 2 godine nakon slanja.<\/strong><\/b><\/p>\n<p style=\"font-weight: 400;\"><b><strong>\u2462<\/strong><\/b>Ho\u0107emo li potro\u0161iti presti\u017ene uniforme na tekstilne proizvode, nastaviti raditi u slu\u010daju smrskavanja \u010dipova? <b><strong>\u2013\u2714Dizajnirali smo na\u0161u tekstilnu oznaku za pranje rublja da izdr\u017ei pritisak od 60 bara u procesu pre\u0161anja va\u0161ih tekstilnih proizvoda.<\/strong><\/b><\/p>\n<p style=\"font-weight: 400;\"><b><strong>\u2463<\/strong><\/b>Gdje stavljate RFID tekstilne oznake za pranje rublja na tekstil za uniforme? <b><strong>\u2013 \u2714RFID tekstilne oznake za pranje rublja postavljaju se prema raspolo\u017eivosti uniformi.<\/strong><\/b><\/p>\n<h3 class=\"AnswerParser_AnswerParserH3__Mpe4s\">Zna\u010dajke vodootpornih perivih RFID oznaka za rublje<\/h3>\n<p><span class=\"AnswerParser_TextContainer__z_Iiv\" data-testid=\"youchat-text\">The\u00a0<strong>Vodootporna periva RFID oznaka za rublje<\/strong>\u00a0dizajniran je s nekoliko klju\u010dnih zna\u010dajki koje ga \u010dine esencijalnim alatom za upravljanje pranjem rublja. Ove oznake izra\u0111ene su od izdr\u017eljivih materijala koji podnose visoke temperature i te\u0161ke uvjete pranja. Opremljeni su UHF RFID tehnologijom, koja omogu\u0107uje domet o\u010ditanja do 6 metara, \u0161to je idealno za pra\u0107enje vi\u0161e predmeta istovremeno.<\/span><span class=\"AnswerParser_TextContainer__z_Iiv\" data-testid=\"youchat-text\">\u0160tovi\u0161e, ove su oznake lagane, te\u017ee samo 0,6 grama i dolaze u kompaktnoj veli\u010dini od 70 \u00d7 15 mm, \u0161to ih \u010dini jednostavnim za pri\u010dvr\u0161\u0107ivanje na razli\u010dite tekstile bez dodavanja mase. Oznake se mogu u\u0161iti u odje\u0107u ili pri\u010dvrstiti pomo\u0107u ljepila, \u0161to omogu\u0107uje fleksibilnost u primjeni.<\/span><\/p>\n<h3 class=\"AnswerParser_AnswerParserH3__Mpe4s\">Tehni\u010dke specifikacije<\/h3>\n<p><span class=\"AnswerParser_TextContainer__z_Iiv\" data-testid=\"youchat-text\">Razumijevanje tehni\u010dkih specifikacija\u00a0<strong>RFID oznaka za rublje<\/strong>\u00a0klju\u010dna je za tvrtke koje \u017eele implementirati ovu tehnologiju. Oznake su u skladu sa standardom ISO\/IEC 18000-6 Type C (EPC Gen2), osiguravaju\u0107i kompatibilnost sa \u0161irokim rasponom RFID \u010dita\u010da.<\/span><\/p>\n<ul class=\"AnswerParser_AnswerParserUnorderedList__P_1FW\">\n<li class=\"AnswerParser_ListItem__XqLOV\" translate=\"yes\"><strong>Vrsta \u010dipa<\/strong>: Impinj Monza 4QT, NXP U CODE 8, NXP U CODE 9<\/li>\n<li class=\"AnswerParser_ListItem__XqLOV\" translate=\"yes\"><strong>EPC memorija<\/strong>: 128 bita<\/li>\n<li class=\"AnswerParser_ListItem__XqLOV\" translate=\"yes\"><strong>Korisni\u010dka memorija<\/strong>: 512 bita<\/li>\n<li class=\"AnswerParser_ListItem__XqLOV\" translate=\"yes\"><strong>Ciklusi pranja<\/strong>: Dizajnirano da izdr\u017ei preko 200 ciklusa pranja bez gubitka funkcionalnosti.<\/li>\n<\/ul>\n<p><span class=\"AnswerParser_TextContainer__z_Iiv\" data-testid=\"youchat-text\">Ove specifikacije isti\u010du izdr\u017eljivost i pouzdanost oznake, \u0161to je \u010dini prikladnom za razne primjene u praonicama rublja.<\/span><\/p>\n<h3 class=\"AnswerParser_AnswerParserH3__Mpe4s\">Prednosti kori\u0161tenja RFID oznaka za pranje rublja<\/h3>\n<p><span class=\"AnswerParser_TextContainer__z_Iiv\" data-testid=\"youchat-text\">Provedba\u00a0<strong>RFID oznake za rublje<\/strong>\u00a0nudi brojne pogodnosti za tvrtke. Prvo, zna\u010dajno smanjuju vrijeme potro\u0161eno na upravljanje zalihama. Uz automatizirano pra\u0107enje, osoblje mo\u017ee brzo locirati i upravljati predmetima za pranje, \u0161to dovodi do pove\u0107ane produktivnosti.<\/span><span class=\"AnswerParser_TextContainer__z_Iiv\" data-testid=\"youchat-text\">Drugo, ove oznake pove\u0107avaju sigurnost sprje\u010davanjem gubitka i kra\u0111e odjevnih predmeta. Sposobnost pra\u0107enja svake stavke u stvarnom vremenu osigurava da tvrtke mogu odr\u017eavati to\u010dnu evidenciju svojih inventara. Na kraju, podaci prikupljeni iz RFID sustava mogu pru\u017eiti vrijedan uvid u rad praonica, poma\u017eu\u0107i tvrtkama da optimiziraju svoje procese i smanje tro\u0161kove.<\/span><\/p>\n<h3 class=\"AnswerParser_AnswerParserH3__Mpe4s\">Utjecaj na okoli\u0161<\/h3>\n<p><span class=\"AnswerParser_TextContainer__z_Iiv\" data-testid=\"youchat-text\">The\u00a0<strong>Vodootporna periva RFID oznaka za rublje<\/strong>\u00a0nije koristan samo za poduze\u0107a nego i za okoli\u0161. Smanjenjem potrebe za ru\u010dnim pra\u0107enjem i minimiziranjem pogre\u0161aka, ove oznake doprinose u\u010dinkovitijem pranju rublja, \u0161to mo\u017ee dovesti do manje potro\u0161nje vode i energije.<\/span><span class=\"AnswerParser_TextContainer__z_Iiv\" data-testid=\"youchat-text\">Osim toga, trajnost ovih oznaka zna\u010di da ih nije potrebno \u010desto mijenjati, \u010dime se smanjuje otpad. Tvrtke se tako\u0111er mogu odlu\u010diti za implementaciju RFID sustava koji su kompatibilni s ekolo\u0161kim praksama, dodatno unapre\u0111uju\u0107i njihove napore u pogledu odr\u017eivosti.<\/span><\/p>\n<h3 class=\"AnswerParser_AnswerParserH3__Mpe4s\">Upute za kori\u0161tenje<\/h3>\n<p><span class=\"AnswerParser_TextContainer__z_Iiv\" data-testid=\"youchat-text\">Kako bi se pove\u0107ala u\u010dinkovitost\u00a0<strong>RFID oznake za rublje<\/strong>, neophodna je pravilna uporaba. Evo nekoliko klju\u010dnih koraka za implementaciju:<\/span><\/p>\n<ol class=\"AnswerParser_AnswerParserOrderedList__kl_2Y\">\n<li class=\"AnswerParser_ListItem__XqLOV\" translate=\"yes\"><span class=\"AnswerParser_TextContainer__z_Iiv\" data-testid=\"youchat-text\"><strong>Ozna\u010davanje<\/strong>: Pri\u010dvrstite RFID oznake na odje\u0107u ili posteljinu pomo\u0107u metoda \u0161ivanja ili lijepljenja. Provjerite jesu li oznake dobro pri\u010dvr\u0161\u0107ene kako bi izdr\u017eale pranje.<\/span><\/li>\n<li class=\"AnswerParser_ListItem__XqLOV\" translate=\"yes\"><span class=\"AnswerParser_TextContainer__z_Iiv\" data-testid=\"youchat-text\"><strong>Skeniranje<\/strong>: Koristite RFID \u010dita\u010d za skeniranje oznaka tijekom procesa pranja rublja. To se mo\u017ee u\u010diniti na razli\u010ditim mjestima, uklju\u010duju\u0107i isporuku, pranje i preuzimanje.<\/span><\/li>\n<li class=\"AnswerParser_ListItem__XqLOV\" translate=\"yes\"><span class=\"AnswerParser_TextContainer__z_Iiv\" data-testid=\"youchat-text\"><strong>Upravljanje podacima<\/strong>: Koristite RFID softver za upravljanje i analizu podataka prikupljenih s oznaka. To \u0107e pomo\u0107i u pra\u0107enju razina zaliha i identificiranju svih odstupanja.<\/span><\/li>\n<\/ol>\n<h3 class=\"AnswerParser_AnswerParserH3__Mpe4s\">Recenzije kupaca<\/h3>\n<p><span class=\"AnswerParser_TextContainer__z_Iiv\" data-testid=\"youchat-text\">Povratne informacije kupaca vitalni su aspekt razumijevanja u\u010dinkovitosti\u00a0<strong>RFID oznake za rublje<\/strong>. Mnogi su korisnici izvijestili o zna\u010dajnim pobolj\u0161anjima u svojim operacijama pranja nakon implementacije ovih oznaka.<\/span><span class=\"AnswerParser_TextContainer__z_Iiv\" data-testid=\"youchat-text\">Na primjer, upravitelj hotela primijetio je: \u201cOtkako smo po\u010deli koristiti RFID oznake za pranje rublja, na\u0161e upravljanje zalihama postalo je besprijekorno. Mo\u017eemo pratiti na\u0161u posteljinu i uniforme bez napora, \u0161to nam je u\u0161tedjelo vrijeme i novac.\u201d<\/span><span class=\"AnswerParser_TextContainer__z_Iiv\" data-testid=\"youchat-text\">Drugi kupac iz zdravstvene ustanove rekao je: \u201eTrajnost ovih oznaka je impresivna. Podnose vi\u0161estruke cikluse pranja bez ikakvih problema, osiguravaju\u0107i uskla\u0111enost s na\u0161im strogim higijenskim standardima.\u201d<\/span><\/p>\n<h3 class=\"AnswerParser_AnswerParserH3__Mpe4s\">Srodni proizvodi<\/h3>\n<p><span class=\"AnswerParser_TextContainer__z_Iiv\" data-testid=\"youchat-text\">Osim na\u00a0<strong>Vodootporna periva RFID oznaka za rublje<\/strong>, postoji nekoliko srodnih proizvoda koji mogu pobolj\u0161ati sustave upravljanja pranjem rublja. To uklju\u010duje:<\/span><\/p>\n<ul class=\"AnswerParser_AnswerParserUnorderedList__P_1FW\">\n<li class=\"AnswerParser_ListItem__XqLOV\" translate=\"yes\"><strong>RFID naljepnice<\/strong>: Idealno za manje predmete ili specifi\u010dne primjene.<\/li>\n<li class=\"AnswerParser_ListItem__XqLOV\" translate=\"yes\"><strong>RFID naljepnice<\/strong>: Svestran i jednostavan za nano\u0161enje na razli\u010dite povr\u0161ine.<\/li>\n<li class=\"AnswerParser_ListItem__XqLOV\" translate=\"yes\"><strong>RFID \u010dita\u010di<\/strong>: Neophodno za u\u010dinkovito skeniranje i upravljanje ozna\u010denim stavkama.<\/li>\n<\/ul>\n<h3 class=\"AnswerParser_AnswerParserH3__Mpe4s\">\u00a0\u010cesto postavljana pitanja (FAQ)<\/h3>\n<p><span class=\"AnswerParser_TextContainer__z_Iiv\" data-testid=\"youchat-text\"><strong>P: Koliko dugo traju RFID oznake za pranje rublja?<\/strong><br \/>\nO: Na\u0161\u00a0<strong>RFID oznake za rublje<\/strong>\u00a0dizajnirani su da izdr\u017ee preko 200 ciklusa pranja, osiguravaju\u0107i dugotrajnu u\u010dinkovitost.<\/span><\/p>\n<p><span class=\"AnswerParser_TextContainer__z_Iiv\" data-testid=\"youchat-text\"><strong>P: Mogu li se ove oznake koristiti za pranje na visokoj temperaturi?<\/strong><br \/>\nO: Da, ove oznake su posebno dizajnirane da izdr\u017ee visoke temperature, \u0161to ih \u010dini prikladnima za industrijske praonice rublja.<\/span><\/p>\n<p><span class=\"AnswerParser_TextContainer__z_Iiv\" data-testid=\"youchat-text\"><strong>P: Kako mogu naru\u010diti RFID oznake za pranje rublja?<\/strong><br \/>\nO: Da biste naru\u010dili ili se raspitali o mogu\u0107nostima prilagodbe, molimo ispunite obrazac za kontakt na na\u0161oj web stranici, a na\u0161 tim \u0107e vam pomo\u0107i u najkra\u0107em roku.<\/span><\/p>\n<h3 class=\"AnswerParser_AnswerParserH3__Mpe4s\">Zaklju\u010dak<\/h3>\n<p><span class=\"AnswerParser_TextContainer__z_Iiv\" data-testid=\"youchat-text\">The\u00a0<strong>Vodootporna periva RFID oznaka za rublje<\/strong>\u00a0mijenja pravila igre za tvrtke koje \u017eele unaprijediti svoje procese upravljanja pranjem rublja. Sa svojim izdr\u017eljivim dizajnom, naprednom tehnologijom i brojnim prednostima, to je investicija koja se isplati u u\u010dinkovitosti i u\u0161tedi tro\u0161kova.<\/span><span class=\"AnswerParser_TextContainer__z_Iiv\" data-testid=\"youchat-text\">Usvajanjem RFID tehnologije, tvrtke mogu pojednostaviti svoje poslovanje, pobolj\u0161ati to\u010dnost inventara i u kona\u010dnici pru\u017eiti bolju uslugu svojim klijentima. Ne propustite priliku da revolucionirate svoje upravljanje pranjem rublja\u2014<strong>kontaktirajte nas<\/strong>\u00a0danas kako biste saznali vi\u0161e o na\u0161im RFID rje\u0161enjima i kako mogu koristiti va\u0161oj organizaciji.<\/span><\/p>\n<p>&nbsp;<\/p>\n<\/div>\n<div class=\"auto-hide-last-sibling-br paragraph_1252f paragraph-element\"><\/div>","protected":false},"excerpt":{"rendered":"<p><strong>Vodootporna periva RFID oznaka za rublje<\/strong>\u00a0mijenja pravila igre za tvrtke koje \u017eele unaprijediti svoje procese upravljanja pranjem rublja. Sa svojim izdr\u017eljivim dizajnom, naprednom tehnologijom i brojnim prednostima, to je investicija koja se isplati u u\u010dinkovitosti i u\u0161tedi tro\u0161kova.<\/p>","protected":false},"featured_media":2827,"template":"","meta":{"_kad_post_transparent":"default","_kad_post_title":"","_kad_post_layout":"default","_kad_post_sidebar_id":"","_kad_post_content_style":"default","_kad_post_vertical_padding":"default","_kad_post_feature":"","_kad_post_feature_position":"","_kad_post_header":false,"_kad_post_footer":false,"_kad_post_classname":""},"product_brand":[],"product_cat":[16],"product_tag":[340,31,65,30,325],"class_list":{"0":"post-2822","1":"product","2":"type-product","3":"status-publish","4":"has-post-thumbnail","6":"product_cat-uhf-rfid-laundry-tags","7":"product_tag-rfid-chips","8":"product_tag-rfid-tag-for-linen-laundry","9":"product_tag-textile-rfid-laundry-tags","10":"product_tag-uhf-rfid-laundry-tag","11":"product_tag-washable-rfid-laundry-tag","13":"first","14":"instock","15":"featured","16":"shipping-taxable","17":"product-type-simple","18":"entry","19":"content-bg","20":"loop-entry"},"_links":{"self":[{"href":"https:\/\/rfid-laundry-tag.com\/hr\/wp-json\/wp\/v2\/product\/2822","targetHints":{"allow":["GET"]}}],"collection":[{"href":"https:\/\/rfid-laundry-tag.com\/hr\/wp-json\/wp\/v2\/product"}],"about":[{"href":"https:\/\/rfid-laundry-tag.com\/hr\/wp-json\/wp\/v2\/types\/product"}],"version-history":[{"count":2,"href":"https:\/\/rfid-laundry-tag.com\/hr\/wp-json\/wp\/v2\/product\/2822\/revisions"}],"predecessor-version":[{"id":2829,"href":"https:\/\/rfid-laundry-tag.com\/hr\/wp-json\/wp\/v2\/product\/2822\/revisions\/2829"}],"wp:featuredmedia":[{"embeddable":true,"href":"https:\/\/rfid-laundry-tag.com\/hr\/wp-json\/wp\/v2\/media\/2827"}],"wp:attachment":[{"href":"https:\/\/rfid-laundry-tag.com\/hr\/wp-json\/wp\/v2\/media?parent=2822"}],"wp:term":[{"taxonomy":"product_brand","embeddable":true,"href":"https:\/\/rfid-laundry-tag.com\/hr\/wp-json\/wp\/v2\/product_brand?post=2822"},{"taxonomy":"product_cat","embeddable":true,"href":"https:\/\/rfid-laundry-tag.com\/hr\/wp-json\/wp\/v2\/product_cat?post=2822"},{"taxonomy":"product_tag","embeddable":true,"href":"https:\/\/rfid-laundry-tag.com\/hr\/wp-json\/wp\/v2\/product_tag?post=2822"}],"curies":[{"name":"radni list","href":"https:\/\/api.w.org\/{rel}","templated":true}]}}