{"id":2792,"date":"2024-10-29T11:28:05","date_gmt":"2024-10-29T11:28:05","guid":{"rendered":"https:\/\/rfid-laundry-tag.com\/?post_type=product&#038;p=2792"},"modified":"2024-10-29T13:03:05","modified_gmt":"2024-10-29T13:03:05","slug":"fdx-b-134-2khz-rfid-animal-id-glass-tag-syringe-transponder","status":"publish","type":"product","link":"https:\/\/rfid-laundry-tag.com\/hr\/fdx-b-134-2khz-rfid-animal-id-glass-tag-syringe-transponder\/","title":{"rendered":"FDX-B 134.2khz RFID ID \u017eivotinja Transponder \u0161price sa staklenom oznakom"},"content":{"rendered":"<h2>FDX-B 134.2khz RFID ID \u017eivotinja Transponder \u0161price sa staklenom oznakom<\/h2>\n<p><span class=\"AnswerParser_TextContainer__z_Iiv\" data-testid=\"youchat-text\"><strong>FDX-B 134.2kHz RFID ID \u017eivotinja Transponder \u0161price sa staklenom oznakom<\/strong>\u00a0je vrhunsko rje\u0161enje za identifikaciju i upravljanje \u017eivotinjama. Osmi\u0161ljena posebno za ku\u0107ne ljubimce i stoku, ova staklena RFID oznaka osigurava to\u010dno pra\u0107enje i identifikaciju, \u0161to je \u010dini klju\u010dnim alatom za veterinare, uzgajiva\u010de i vlasnike ku\u0107nih ljubimaca. Sa svojim robusnim zna\u010dajkama i pouzdanom izvedbom, u ovaj proizvod vrijedi ulo\u017eiti svatko tko se bavi brigom i upravljanjem \u017eivotinjama.<\/span><\/p>\n<h2 class=\"AnswerParser_AnswerParserH2__SIHnF\">Za\u0161to odabrati FDX-B 134.2kHz RFID staklenu oznaku za identifikaciju \u017eivotinja?<\/h2>\n<p><span class=\"AnswerParser_TextContainer__z_Iiv\" data-testid=\"youchat-text\">FDX-B RFID staklena oznaka nije samo jednostavan alat za identifikaciju; nudi brojne prednosti koje pobolj\u0161avaju upravljanje \u017eivotinjama. Njegovo\u00a0<strong>biostaklo<\/strong>\u00a0konstrukcija osigurava trajnost i biokompatibilnost, \u0161to ga \u010dini sigurnim za implantaciju. Oznaka radi na frekvenciji od\u00a0<strong>134,2 kHz<\/strong>, koji je u skladu s me\u0111unarodnim standardima (ISO11784\/785, ISO14443A), osiguravaju\u0107i pouzdane performanse u raznim aplikacijama. Osim toga,\u00a0<strong>100% medicinska sterilizacija<\/strong>\u00a0jam\u010di da je oznaka sigurna za upotrebu kod \u017eivotinja, smanjuju\u0107i rizik od infekcije ili komplikacija nakon implantacije.<\/span><\/p>\n<h3 class=\"AnswerParser_AnswerParserH3__Mpe4s\">Opis proizvoda<\/h3>\n<h4 class=\"AnswerParser_AnswerParserH4__ghxg8\">1. Zna\u010dajke proizvoda<\/h4>\n<p><span class=\"AnswerParser_TextContainer__z_Iiv\" data-testid=\"youchat-text\">FDX-B RFID staklena oznaka dolazi u razli\u010ditim veli\u010dinama, uklju\u010duju\u0107i\u00a0<strong>1,25*7 mm<\/strong>,\u00a0<strong>1,4*8 mm<\/strong>,\u00a0<strong>2*8 mm<\/strong>,\u00a0<strong>2*12 mm<\/strong>, i\u00a0<strong>3*15 mm<\/strong>. Ovaj asortiman omogu\u0107uje fleksibilnost u primjeni, opskrbljuju\u0107i razli\u010dite veli\u010dine \u017eivotinja od malih ku\u0107nih ljubimaca do ve\u0107e stoke. Oznaka je\u00a0<strong>antibakterijski, antialergijski i protiv odbacivanja<\/strong>\u00a0zna\u010dajke osiguravaju da je siguran za sve vrste \u017eivotinja, pru\u017eaju\u0107i bezbri\u017enost vlasnicima ku\u0107nih ljubimaca i veterinarima.<\/span><\/p>\n<h4 class=\"AnswerParser_AnswerParserH4__ghxg8\">2. Tehni\u010dke specifikacije<\/h4>\n<table class=\"hight-light-first-column all magic-18\">\n<tbody>\n<tr>\n<td colspan=\"1\" rowspan=\"1\">\n<div class=\"magic-19\">Artikal<\/div>\n<\/td>\n<td colspan=\"1\" rowspan=\"1\">\n<div class=\"magic-20\">RFID staklena oznaka<\/div>\n<\/td>\n<\/tr>\n<tr>\n<td colspan=\"1\" rowspan=\"1\">\n<div class=\"magic-19\">Materijal<\/div>\n<\/td>\n<td colspan=\"1\" rowspan=\"1\">\n<div class=\"magic-20\">Biostaklo<\/div>\n<\/td>\n<\/tr>\n<tr>\n<td colspan=\"1\" rowspan=\"1\">\n<div class=\"magic-19\">Dostupna veli\u010dina<\/div>\n<\/td>\n<td colspan=\"1\" rowspan=\"1\">\n<div class=\"magic-20\">1,25*7 mm, 1,4*8 mm, 2*8 mm, 2*12 mm, 3*15 mm itd.<\/div>\n<\/td>\n<\/tr>\n<tr>\n<td colspan=\"1\" rowspan=\"1\">\n<div class=\"magic-19\">Radna frekvencija<\/div>\n<\/td>\n<td colspan=\"1\" rowspan=\"1\">\n<div class=\"magic-20\" data-spm-anchor-id=\"a2700.details.0.i46.2ffc6c8dJHsoYV\">134,2 KHz, 125 KHz, 13,56 MHz<\/div>\n<\/td>\n<\/tr>\n<tr>\n<td colspan=\"1\" rowspan=\"1\">\n<div class=\"magic-19\">protokolarno<\/div>\n<\/td>\n<td colspan=\"1\" rowspan=\"1\">\n<div class=\"magic-20\">ISO11784\/785, IS014443A<\/div>\n<\/td>\n<\/tr>\n<tr>\n<td colspan=\"1\" rowspan=\"1\">\n<div class=\"magic-19\">Umjetni\u010dki obrt<\/div>\n<\/td>\n<td colspan=\"1\" rowspan=\"1\">\n<div class=\"magic-20\">Programiranje ID broja<\/div>\n<\/td>\n<\/tr>\n<tr>\n<td colspan=\"1\" rowspan=\"1\">\n<div class=\"magic-19\">Sterilizacija<\/div>\n<\/td>\n<td colspan=\"1\" rowspan=\"1\">\n<div class=\"magic-20\">100% Medicinska sterilizacija<\/div>\n<\/td>\n<\/tr>\n<tr>\n<td colspan=\"1\" rowspan=\"1\">\n<div class=\"magic-19\">Zna\u010dajka \u010dipa<\/div>\n<\/td>\n<td colspan=\"1\" rowspan=\"1\">\n<div class=\"magic-20\">Antibakterijski, antialergijski, protiv odbacivanja<\/div>\n<\/td>\n<\/tr>\n<tr>\n<td colspan=\"1\" rowspan=\"1\">\n<div class=\"magic-19\">Primjena<\/div>\n<\/td>\n<td colspan=\"1\" rowspan=\"1\">\n<div class=\"magic-20\" data-spm-anchor-id=\"a2700.details.0.i45.2ffc6c8dJHsoYV\">Upravljanje ku\u0107nim ljubimcima itd<\/div>\n<\/td>\n<\/tr>\n<\/tbody>\n<\/table>\n<p><span class=\"AnswerParser_TextContainer__z_Iiv\" data-testid=\"youchat-text\">Ove specifikacije isti\u010du svestranost i pouzdanost oznake, \u010dine\u0107i je prikladnom za razli\u010dite potrebe identifikacije \u017eivotinja.<\/span><\/p>\n<h4 class=\"AnswerParser_AnswerParserH4__ghxg8\">3. Upute za uporabu<\/h4>\n<p><span class=\"AnswerParser_TextContainer__z_Iiv\" data-testid=\"youchat-text\">FDX-B RFID staklena oznaka dizajnirana je za jednostavnu implantaciju pomo\u0107u specijalizirane \u0161price. Postupak je jednostavan:<\/span><\/p>\n<ol class=\"AnswerParser_AnswerParserOrderedList__kl_2Y\">\n<li class=\"AnswerParser_ListItem__XqLOV\" translate=\"yes\"><strong>Pripremite \u0161trcaljku<\/strong>\u00a0s RFID staklenom oznakom.<\/li>\n<li class=\"AnswerParser_ListItem__XqLOV\" translate=\"yes\"><strong>Prona\u0111ite mjesto implantacije<\/strong>\u00a0na \u017eivotinji, obi\u010dno izme\u0111u lopatica.<\/li>\n<li class=\"AnswerParser_ListItem__XqLOV\" translate=\"yes\"><strong>Ubrizgajte oznaku<\/strong>\u00a0koriste\u0107i \u0161trcaljku, paze\u0107i da je stavite pod ko\u017eu.<\/li>\n<\/ol>\n<p><span class=\"AnswerParser_TextContainer__z_Iiv\" data-testid=\"youchat-text\">Ovaj jednostavan postupak omogu\u0107uje brzo i u\u010dinkovito ozna\u010davanje \u017eivotinja, smanjuju\u0107i stres i za \u017eivotinju i za voditelja.<\/span><\/p>\n<h4 class=\"AnswerParser_AnswerParserH4__ghxg8\">4. Utjecaj na okoli\u0161<\/h4>\n<p><span class=\"AnswerParser_TextContainer__z_Iiv\" data-testid=\"youchat-text\">FDX-B RFID staklena oznaka dizajnirana je imaju\u0107i na umu odr\u017eivost. Biostaklo je ekolo\u0161ki prihvatljivo i mo\u017ee se sigurno zbrinuti bez \u0161tete po ekosustav. Dodatno, proces proizvodnje pridr\u017eava se strogih ekolo\u0161kih standarda, osiguravaju\u0107i minimalan otpad i potro\u0161nju energije.<\/span><\/p>\n<h4 class=\"AnswerParser_AnswerParserH4__ghxg8\">5. Recenzije kupaca<\/h4>\n<p><span class=\"AnswerParser_TextContainer__z_Iiv\" data-testid=\"youchat-text\">Kupci su hvalili FDX-B RFID staklenu oznaku zbog pouzdanosti i jednostavnosti kori\u0161tenja. Mnogi veterinari izvje\u0161\u0107uju da su oznake zna\u010dajno pobolj\u0161ale njihovu sposobnost pra\u0107enja i upravljanja \u017eivotinjama, \u0161to je dovelo do boljih zdravstvenih rezultata. Vlasnici ku\u0107nih ljubimaca cijene mir koji dolazi sa spoznajom da se njihovi ljubimci mogu lako identificirati ako se izgube.<\/span><\/p>\n<h4 class=\"AnswerParser_AnswerParserH4__ghxg8\">6. \u010cesta pitanja<\/h4>\n<p><span class=\"AnswerParser_TextContainer__z_Iiv\" data-testid=\"youchat-text\"><strong>P: Koliko dugo RFID oznaka traje nakon implantacije?<\/strong><br \/>\nO: FDX-B RFID staklena oznaka dizajnirana je da traje cijeli \u017eivot \u017eivotinje, pru\u017eaju\u0107i trajnu identifikaciju.<\/span><span class=\"AnswerParser_TextContainer__z_Iiv\" data-testid=\"youchat-text\"><strong>P: Je li proces implantacije bolan za \u017eivotinju?<\/strong><br \/>\nO: Proces implantacije je brz i minimalno invazivan, uzrokuje samo malu nelagodu, sli\u010dno kao kod cijepljenja.<\/span><span class=\"AnswerParser_TextContainer__z_Iiv\" data-testid=\"youchat-text\"><strong>P: Mo\u017ee li se oznaka \u010ditati iz daljine?<\/strong><br \/>\nO: Da, oznaka se mo\u017ee o\u010ditati s udaljenosti od nekoliko centimetara, ovisno o \u010dita\u010du koji se koristi.<\/span><\/p>\n<h4 class=\"AnswerParser_AnswerParserH4__ghxg8\">7. Povezani proizvodi<\/h4>\n<p><span class=\"AnswerParser_TextContainer__z_Iiv\" data-testid=\"youchat-text\">Osim FDX-B RFID staklene oznake, nudimo niz srodnih proizvoda, uklju\u010duju\u0107i RFID \u010dita\u010de i softverska rje\u0161enja za upravljanje \u017eivotinjama. Ovi proizvodi mogu pobolj\u0161ati va\u0161e mogu\u0107nosti pra\u0107enja i pojednostaviti va\u0161e operacije.<\/span><\/p>\n<h4 class=\"AnswerParser_AnswerParserH4__ghxg8\">8. Osiguranje kvalitete<\/h4>\n<p><span class=\"AnswerParser_TextContainer__z_Iiv\" data-testid=\"youchat-text\">FDX-B RFID staklena oznaka proizvedena je pod strogim mjerama kontrole kvalitete, osiguravaju\u0107i dosljednu kvalitetu i performanse. Akreditiran je prema raznim me\u0111unarodnim standardima, uklju\u010duju\u0107i ISO 9001, ISO 14001 i ISO 45001, \u0161to jam\u010di njegovu pouzdanost i sigurnost.<\/span><\/p>\n<h4 class=\"AnswerParser_AnswerParserH4__ghxg8\">9. Zaklju\u010dak<\/h4>\n<p><span class=\"AnswerParser_TextContainer__z_Iiv\" data-testid=\"youchat-text\">Ulaganje u\u00a0<strong>FDX-B 134.2kHz RFID ID \u017eivotinja Transponder \u0161price sa staklenom oznakom<\/strong>\u00a0je pametan izbor za sve koji se bave brigom o \u017eivotinjama. Njegove napredne zna\u010dajke, jednostavnost kori\u0161tenja i predanost sigurnosti \u010dine ga neprocjenjivim alatom za u\u010dinkovito upravljanje \u017eivotinjama. Bez obzira jeste li veterinar, uzgajiva\u010d ili vlasnik ku\u0107nog ljubimca, ova staklena RFID oznaka pobolj\u0161at \u0107e va\u0161u sposobnost pra\u0107enja i u\u010dinkovitog identificiranja \u017eivotinja.<\/span><\/p>\n<h4 class=\"AnswerParser_AnswerParserH4__ghxg8\">10. Poziv na akciju<\/h4>\n<p><span class=\"AnswerParser_TextContainer__z_Iiv\" data-testid=\"youchat-text\">Jeste li spremni pobolj\u0161ati svoje prakse upravljanja \u017eivotinjama?\u00a0<strong>Kontaktirajte nas danas<\/strong>\u00a0kako biste saznali vi\u0161e o FDX-B RFID staklenoj oznaci i istra\u017eili na\u0161u ponudu RFID rje\u0161enja. Ispunite na\u0161 obrazac za upit za besplatni uzorak ili kako biste razgovarali o svojim specifi\u010dnim potrebama s na\u0161im stru\u010dnjacima!<\/span><\/p>","protected":false},"excerpt":{"rendered":"<p>FDX-B 134.2kHz RFID ID \u017eivotinja stakleni transponder \u0161trcaljke je vrhunsko rje\u0161enje za identifikaciju i upravljanje \u017eivotinjama.<\/p>","protected":false},"featured_media":2793,"template":"","meta":{"_kad_post_transparent":"default","_kad_post_title":"","_kad_post_layout":"default","_kad_post_sidebar_id":"","_kad_post_content_style":"default","_kad_post_vertical_padding":"default","_kad_post_feature":"","_kad_post_feature_position":"","_kad_post_header":false,"_kad_post_footer":false,"_kad_post_classname":""},"product_brand":[],"product_cat":[54],"product_tag":[327,330,329,328],"class_list":{"0":"post-2792","1":"product","2":"type-product","3":"status-publish","4":"has-post-thumbnail","6":"product_cat-hot-selling-rfid-tags","7":"product_tag-fdx-b-134-2khz-rfid-animal-tag","8":"product_tag-rfid-animal-id-glass-tag-syringe","9":"product_tag-rfid-glass-tag-syringe-animal-microchip","10":"product_tag-rfid-pet-microchip-implant-capsule","12":"first","13":"instock","14":"shipping-taxable","15":"product-type-simple","16":"entry","17":"content-bg","18":"loop-entry"},"_links":{"self":[{"href":"https:\/\/rfid-laundry-tag.com\/hr\/wp-json\/wp\/v2\/product\/2792","targetHints":{"allow":["GET"]}}],"collection":[{"href":"https:\/\/rfid-laundry-tag.com\/hr\/wp-json\/wp\/v2\/product"}],"about":[{"href":"https:\/\/rfid-laundry-tag.com\/hr\/wp-json\/wp\/v2\/types\/product"}],"version-history":[{"count":2,"href":"https:\/\/rfid-laundry-tag.com\/hr\/wp-json\/wp\/v2\/product\/2792\/revisions"}],"predecessor-version":[{"id":2797,"href":"https:\/\/rfid-laundry-tag.com\/hr\/wp-json\/wp\/v2\/product\/2792\/revisions\/2797"}],"wp:featuredmedia":[{"embeddable":true,"href":"https:\/\/rfid-laundry-tag.com\/hr\/wp-json\/wp\/v2\/media\/2793"}],"wp:attachment":[{"href":"https:\/\/rfid-laundry-tag.com\/hr\/wp-json\/wp\/v2\/media?parent=2792"}],"wp:term":[{"taxonomy":"product_brand","embeddable":true,"href":"https:\/\/rfid-laundry-tag.com\/hr\/wp-json\/wp\/v2\/product_brand?post=2792"},{"taxonomy":"product_cat","embeddable":true,"href":"https:\/\/rfid-laundry-tag.com\/hr\/wp-json\/wp\/v2\/product_cat?post=2792"},{"taxonomy":"product_tag","embeddable":true,"href":"https:\/\/rfid-laundry-tag.com\/hr\/wp-json\/wp\/v2\/product_tag?post=2792"}],"curies":[{"name":"radni list","href":"https:\/\/api.w.org\/{rel}","templated":true}]}}