{"id":2790,"date":"2024-10-29T10:34:39","date_gmt":"2024-10-29T10:34:39","guid":{"rendered":"https:\/\/rfid-laundry-tag.com\/?post_type=product&#038;p=2790"},"modified":"2024-10-29T10:49:45","modified_gmt":"2024-10-29T10:49:45","slug":"rfid-pet-microchip-implant-capsule","status":"publish","type":"product","link":"https:\/\/rfid-laundry-tag.com\/hr\/rfid-pet-microchip-implant-capsule\/","title":{"rendered":"RFID mikro\u010dip kapsula implantata za ku\u0107ne ljubimce"},"content":{"rendered":"<p><span class=\"AnswerParser_TextContainer__z_Iiv\" data-testid=\"youchat-text\"><strong>RFID mikro\u010dip kapsula implantata za ku\u0107ne ljubimce<\/strong>\u00a0nudi pouzdano i u\u010dinkovito rje\u0161enje za vlasnike ku\u0107nih ljubimaca koji \u017eele pratiti svoje \u017eivotinje. Ovaj inovativni proizvod osmi\u0161ljen je za pru\u017eanje trajne metode identifikacije koja je sigurna i u\u010dinkovita. Sa svojom naprednom tehnologijom i medicinskim materijalima, ovaj mikro\u010dip je neophodan za odgovorno dr\u017eanje ku\u0107nih ljubimaca.<\/span><\/p>\n<h2 class=\"AnswerParser_AnswerParserH2__SIHnF\">Za\u0161to odabrati RFID kapsulu za implantaciju mikro\u010dipa za ku\u0107ne ljubimce?<\/h2>\n<p><span class=\"AnswerParser_TextContainer__z_Iiv\" data-testid=\"youchat-text\">RFID Pet mikro\u010dip kapsula implantata nije samo proizvod; to je predanost sigurnosti va\u0161eg ljubimca. Ugradnjom ovog mikro\u010dipa osiguravate da se va\u0161 ljubimac mo\u017ee lako identificirati ako se ikada izgubi. Mikro\u010dip je malen, izdr\u017eljiv i izra\u0111en od\u00a0<strong>biostaklo<\/strong>, \u0161to ga \u010dini sigurnim za implantaciju. Uz razli\u010dite dostupne veli\u010dine, uklju\u010duju\u0107i\u00a0<strong>1,25*7 mm<\/strong>,\u00a0<strong>2*12 mm<\/strong>, i vi\u0161e, mo\u017ee se koristiti za ku\u0107ne ljubimce svih veli\u010dina, od malih riba do velikih pasa.<\/span><\/p>\n<h3 class=\"AnswerParser_AnswerParserH3__Mpe4s\">Klju\u010dne prednosti:<\/h3>\n<ul class=\"AnswerParser_AnswerParserUnorderedList__P_1FW\">\n<li class=\"AnswerParser_ListItem__XqLOV\" translate=\"yes\"><strong>Trajna identifikacija<\/strong>: Za razliku od ogrlica ili oznaka, mikro\u010dip se ne mo\u017ee izgubiti ili ukloniti.<\/li>\n<li class=\"AnswerParser_ListItem__XqLOV\" translate=\"yes\"><strong>Sterilizacija medicinske kvalitete<\/strong>: Svaka kapsula prolazi\u00a0<strong>100% medicinska sterilizacija<\/strong>, osiguravaju\u0107i sigurnost tijekom implantacije.<\/li>\n<li class=\"AnswerParser_ListItem__XqLOV\" translate=\"yes\"><strong>Antibakterijska i antialergijska svojstva<\/strong>: \u010cip je dizajniran za smanjenje rizika od infekcije i alergijskih reakcija.<\/li>\n<\/ul>\n<h2 class=\"AnswerParser_AnswerParserH2__SIHnF\">Zna\u010dajke proizvoda<\/h2>\n<h3 class=\"AnswerParser_AnswerParserH3__Mpe4s\">1. Napredna tehnologija<\/h3>\n<p><span class=\"AnswerParser_TextContainer__z_Iiv\" data-testid=\"youchat-text\">RFID Pet mikro\u010dip kapsula implantata radi na frekvenciji od\u00a0<strong>134,2 KHz<\/strong>, u skladu s\u00a0<strong>ISO11784\/785<\/strong>\u00a0i\u00a0<strong>ISO14443A<\/strong>\u00a0protokoli. To osigurava kompatibilnost s raznim RFID \u010dita\u010dima, \u0161to olak\u0161ava skeniranje i dohva\u0107anje podataka va\u0161eg ljubimca.<\/span><\/p>\n<h3 class=\"AnswerParser_AnswerParserH3__Mpe4s\">2. Izdr\u017eljiv i siguran materijal<\/h3>\n<p><span class=\"AnswerParser_TextContainer__z_Iiv\" data-testid=\"youchat-text\">Izgra\u0111en od\u00a0<strong>biostaklo<\/strong>, mikro\u010dip je dizajniran da izdr\u017ei surov \u017eivotni stil \u017eivotinja. The\u00a0<strong>parilenski premaz<\/strong>\u00a0sprje\u010dava migraciju nakon implantacije, osiguravaju\u0107i da \u010dip ostane sigurno na mjestu.<\/span><\/p>\n<h3 class=\"AnswerParser_AnswerParserH3__Mpe4s\">3. Mogu\u0107nosti veli\u010dine<\/h3>\n<p><span class=\"AnswerParser_TextContainer__z_Iiv\" data-testid=\"youchat-text\">Dostupna u vi\u0161e veli\u010dina, RFID Pet Microchip Implant Capsule slu\u017ei razli\u010ditim \u017eivotinjama:<\/span><\/p>\n<ul class=\"AnswerParser_AnswerParserUnorderedList__P_1FW\">\n<li class=\"AnswerParser_ListItem__XqLOV\" translate=\"yes\"><strong>1,25*7 mm<\/strong>: Idealno za male ku\u0107ne ljubimce poput riba i mi\u0161eva.<\/li>\n<li class=\"AnswerParser_ListItem__XqLOV\" translate=\"yes\"><strong>2*12 mm<\/strong>: Obi\u010dno se koristi za pse, ma\u010dke i ve\u0107e \u017eivotinje.<\/li>\n<\/ul>\n<h3 class=\"AnswerParser_AnswerParserH3__Mpe4s\">4. Jednostavna implantacija<\/h3>\n<p><span class=\"AnswerParser_TextContainer__z_Iiv\" data-testid=\"youchat-text\">Mikro\u010dip se mo\u017ee jednostavno ugraditi pomo\u0107u \u0161price, \u010dine\u0107i proces brzim i bezbolnim za va\u0161eg ljubimca. The\u00a0<strong>injektor<\/strong>\u00a0je dizajniran za preciznost, osiguravaju\u0107i da je \u010dip ispravno postavljen.<\/span><\/p>\n<h3 class=\"AnswerParser_AnswerParserH3__Mpe4s\">5. Programabilni ID broj<\/h3>\n<p><span class=\"AnswerParser_TextContainer__z_Iiv\" data-testid=\"youchat-text\">Svaki mikro\u010dip dolazi s jedinstvenim ID brojem koji se mo\u017ee programirati za povezivanje s podacima va\u0161eg ljubimca, uklju\u010duju\u0107i povijest bolesti i podatke o vlasniku. Ova zna\u010dajka pove\u0107ava \u0161anse za uspje\u0161an ponovni susret ako va\u0161 ljubimac nestane.<\/span><\/p>\n<h2 class=\"AnswerParser_AnswerParserH2__SIHnF\">Utjecaj na okoli\u0161<\/h2>\n<p><span class=\"AnswerParser_TextContainer__z_Iiv\" data-testid=\"youchat-text\">RFID Pet Microchip Implant Capsule je dizajniran imaju\u0107i na umu odr\u017eivost. Materijali koji se koriste su ekolo\u0161ki prihvatljivi, a proizvodni proces se pridr\u017eava strogih\u00a0<strong>ISO 9001<\/strong>\u00a0i\u00a0<strong>ISO 14001<\/strong>\u00a0standardima. Ova predanost kvaliteti i odr\u017eivosti osigurava da donosite odgovoran izbor za svog ljubimca i planet.<\/span><\/p>\n<h2 class=\"AnswerParser_AnswerParserH2__SIHnF\">Recenzije kupaca<\/h2>\n<p><span class=\"AnswerParser_TextContainer__z_Iiv\" data-testid=\"youchat-text\">Mnogi vlasnici ku\u0107nih ljubimaca prona\u0161li su mir nakon ugradnje RFID Pet Microchip Capsule u svoje ljubimce. Evo nekoliko svjedo\u010danstava:<\/span><\/p>\n<ul class=\"AnswerParser_AnswerParserUnorderedList__P_1FW\">\n<li class=\"AnswerParser_ListItem__XqLOV\" translate=\"yes\"><strong>Sara T.<\/strong>: \u201cBrinula sam se da \u0107e se moja ma\u010dka izgubiti, ali sada se osje\u0107am mnogo bolje znaju\u0107i da ima mikro\u010dip. Mala je to cijena za njezinu sigurnost!\u201d<\/li>\n<li class=\"AnswerParser_ListItem__XqLOV\" translate=\"yes\"><strong>John D.<\/strong>: \u201cProces implantacije bio je brz i jednostavan. Toplo preporu\u010dujem ovaj proizvod svim vlasnicima ku\u0107nih ljubimaca.\u201d<\/li>\n<\/ul>\n<h2 class=\"AnswerParser_AnswerParserH2__SIHnF\">FAQ<\/h2>\n<h3 class=\"AnswerParser_AnswerParserH3__Mpe4s\">Kako radi RFID Pet Microchip?<\/h3>\n<p><span class=\"AnswerParser_TextContainer__z_Iiv\" data-testid=\"youchat-text\">Mikro\u010dip koristi tehnologiju radiofrekvencijske identifikacije za prijenos jedinstvenog ID broja va\u0161eg ljubimca na skener. Te se informacije zatim mogu povezati s va\u0161im podacima za kontakt.<\/span><\/p>\n<h3 class=\"AnswerParser_AnswerParserH3__Mpe4s\">Je li proces implantacije bolan za mog ljubimca?<\/h3>\n<p><span class=\"AnswerParser_TextContainer__z_Iiv\" data-testid=\"youchat-text\">Implantacija je sli\u010dna rutinskom cijepljenju i op\u0107enito je brza i bezbolna. Ve\u0107ina ku\u0107nih ljubimaca osje\u0107a minimalnu nelagodu.<\/span><\/p>\n<h3 class=\"AnswerParser_AnswerParserH3__Mpe4s\">Mo\u017ee li se mikro\u010dip ukloniti?<\/h3>\n<p><span class=\"AnswerParser_TextContainer__z_Iiv\" data-testid=\"youchat-text\">Ne, RFID mikro\u010dip za ku\u0107ne ljubimce dizajniran je da bude trajni oblik identifikacije. Ne mo\u017ee se ukloniti nakon implantacije.<\/span><\/p>\n<h3 class=\"AnswerParser_AnswerParserH3__Mpe4s\">\u0160to ako se moj ljubimac izgubi?<\/h3>\n<p><span class=\"AnswerParser_TextContainer__z_Iiv\" data-testid=\"youchat-text\">Ako va\u0161 ljubimac bude prona\u0111en i skeniran, jedinstveni ID broj omogu\u0107it \u0107e pristup va\u0161im podacima za kontakt, \u0161to \u0107e omogu\u0107iti brzo ponovno okupljanje.<\/span><\/p>\n<h2 class=\"AnswerParser_AnswerParserH2__SIHnF\">Zaklju\u010dak<\/h2>\n<p><span class=\"AnswerParser_TextContainer__z_Iiv\" data-testid=\"youchat-text\">Ulaganje u\u00a0<strong>RFID mikro\u010dip kapsula implantata za ku\u0107ne ljubimce<\/strong>\u00a0je proaktivan korak prema osiguravanju sigurnosti i dobrobiti va\u0161eg ljubimca. Sa svojom naprednom tehnologijom, izdr\u017eljivim materijalima i jednostavno\u0161\u0107u kori\u0161tenja, ovaj mikro\u010dip je neophodan alat za odgovorno dr\u017eanje ku\u0107nih ljubimaca. Nemojte \u010dekati da bude prekasno\u2014osigurajte budu\u0107nost svog ljubimca ve\u0107 danas s ovim pouzdanim rje\u0161enjem za identifikaciju.<\/span><span class=\"AnswerParser_TextContainer__z_Iiv\" data-testid=\"youchat-text\">Za vi\u0161e informacija ili naru\u010divanje, ispunite na\u0161 obrazac za upit. Va\u0161 ljubimac zaslu\u017euje najbolje!<\/span><\/p>","protected":false},"excerpt":{"rendered":"<p>RFID kapsula za implantaciju mikro\u010dipa za ku\u0107ne ljubimce nudi pouzdanu, humanu identifikaciju \u017eivotinja s izdr\u017eljivim dizajnom od biostakla, osiguravaju\u0107i sigurnost i to\u010dnost za razli\u010dite vrste.<\/p>","protected":false},"featured_media":2787,"template":"","meta":{"_kad_post_transparent":"default","_kad_post_title":"","_kad_post_layout":"default","_kad_post_sidebar_id":"","_kad_post_content_style":"default","_kad_post_vertical_padding":"default","_kad_post_feature":"","_kad_post_feature_position":"","_kad_post_header":false,"_kad_post_footer":false,"_kad_post_classname":""},"product_brand":[],"product_cat":[54],"product_tag":[327,326,329,328],"class_list":{"0":"post-2790","1":"product","2":"type-product","3":"status-publish","4":"has-post-thumbnail","6":"product_cat-hot-selling-rfid-tags","7":"product_tag-fdx-b-134-2khz-rfid-animal-tag","8":"product_tag-rfid-animal-id-glass-tag","9":"product_tag-rfid-glass-tag-syringe-animal-microchip","10":"product_tag-rfid-pet-microchip-implant-capsule","12":"first","13":"instock","14":"shipping-taxable","15":"product-type-simple","16":"entry","17":"content-bg","18":"loop-entry"},"_links":{"self":[{"href":"https:\/\/rfid-laundry-tag.com\/hr\/wp-json\/wp\/v2\/product\/2790","targetHints":{"allow":["GET"]}}],"collection":[{"href":"https:\/\/rfid-laundry-tag.com\/hr\/wp-json\/wp\/v2\/product"}],"about":[{"href":"https:\/\/rfid-laundry-tag.com\/hr\/wp-json\/wp\/v2\/types\/product"}],"version-history":[{"count":1,"href":"https:\/\/rfid-laundry-tag.com\/hr\/wp-json\/wp\/v2\/product\/2790\/revisions"}],"predecessor-version":[{"id":2791,"href":"https:\/\/rfid-laundry-tag.com\/hr\/wp-json\/wp\/v2\/product\/2790\/revisions\/2791"}],"wp:featuredmedia":[{"embeddable":true,"href":"https:\/\/rfid-laundry-tag.com\/hr\/wp-json\/wp\/v2\/media\/2787"}],"wp:attachment":[{"href":"https:\/\/rfid-laundry-tag.com\/hr\/wp-json\/wp\/v2\/media?parent=2790"}],"wp:term":[{"taxonomy":"product_brand","embeddable":true,"href":"https:\/\/rfid-laundry-tag.com\/hr\/wp-json\/wp\/v2\/product_brand?post=2790"},{"taxonomy":"product_cat","embeddable":true,"href":"https:\/\/rfid-laundry-tag.com\/hr\/wp-json\/wp\/v2\/product_cat?post=2790"},{"taxonomy":"product_tag","embeddable":true,"href":"https:\/\/rfid-laundry-tag.com\/hr\/wp-json\/wp\/v2\/product_tag?post=2790"}],"curies":[{"name":"radni list","href":"https:\/\/api.w.org\/{rel}","templated":true}]}}