{"id":2784,"date":"2024-10-29T10:04:23","date_gmt":"2024-10-29T10:04:23","guid":{"rendered":"https:\/\/rfid-laundry-tag.com\/?post_type=product&#038;p=2784"},"modified":"2024-10-29T10:32:07","modified_gmt":"2024-10-29T10:32:07","slug":"134-2khz-tube-rfid-glass-tag","status":"publish","type":"product","link":"https:\/\/rfid-laundry-tag.com\/hr\/134-2khz-tube-rfid-glass-tag\/","title":{"rendered":"134,2KHz cijevna RFID staklena oznaka"},"content":{"rendered":"<p><span class=\"AnswerParser_TextContainer__z_Iiv\" data-testid=\"youchat-text\"><strong>134,2KHz cijevna RFID staklena oznaka<\/strong>\u00a0je inovativno i pouzdano rje\u0161enje za identifikaciju i upravljanje \u017eivotinjama. Dizajnirana posebno za ispunjavanje ISO standarda, ova RFID staklena oznaka pru\u017ea iznimnu razinu to\u010dnosti i izdr\u017eljivosti, \u0161to je \u010dini idealnim izborom za vlasnike ku\u0107nih ljubimaca, veterinare i upravitelje stoke. Sa svojom kompaktnom veli\u010dinom i naprednim zna\u010dajkama, ovaj proizvod osigurava u\u010dinkovito pra\u0107enje i identifikaciju \u017eivotinja, unaprje\u0111uju\u0107i prakse upravljanja u raznim aplikacijama.<\/span><\/p>\n<h2 class=\"AnswerParser_AnswerParserH2__SIHnF\">Prednosti cijevne RFID staklene oznake od 134,2 KHz<\/h2>\n<p><span class=\"AnswerParser_TextContainer__z_Iiv\" data-testid=\"youchat-text\">Ulaganje u 134,2KHz cijevnu RFID staklenu oznaku nudi brojne prednosti. Omogu\u0107uje besprijekornu metodu identifikacije koja nije samo u\u010dinkovita nego i humana. Oznaka je izra\u0111ena od biostakla, \u010dime je sigurna za implantaciju \u017eivotinjama. Njegov medicinski postupak sterilizacije jam\u010di da je svaka oznaka bez kontaminanata, \u010dime se smanjuje rizik od infekcija. Nadalje, antibakterijske i antialergijske zna\u010dajke etikete osiguravaju da \u017eivotinje ostanu udobne nakon implantacije.<\/span><span class=\"AnswerParser_TextContainer__z_Iiv\" data-testid=\"youchat-text\">Ova staklena RFID oznaka dostupna je u razli\u010ditim veli\u010dinama (1.25<em>7 mm, 1.4<\/em>8 mm, 2<em>8 mm, 2<\/em>12 mm i 3*15 mm), za razli\u010dite vrste i veli\u010dine \u017eivotinja. Radi na radnoj frekvenciji od 134,2 KHz, \u0161to ga \u010dini prikladnim za \u0161irok raspon primjena, od upravljanja ku\u0107nim ljubimcima do pra\u0107enja stoke.<\/span><\/p>\n<h2 class=\"AnswerParser_AnswerParserH2__SIHnF\">Opis proizvoda<\/h2>\n<h3 class=\"AnswerParser_AnswerParserH3__Mpe4s\">1. \u0160to je RFID staklena oznaka?<\/h3>\n<p><span class=\"AnswerParser_TextContainer__z_Iiv\" data-testid=\"youchat-text\">Staklene RFID oznake, poznate i kao RFID kapsule, mali su transponderi dizajnirani prvenstveno za identifikaciju \u017eivotinja. Koriste tehnologiju radiofrekvencijske identifikacije (RFID) kako bi omogu\u0107ili to\u010dno pra\u0107enje i upravljanje \u017eivotinjama. Staklena cijevna RFID oznaka od 134,2 KHz posebno je dizajnirana za ispunjavanje protokola ISO11784\/785 i ISO14443A, osiguravaju\u0107i kompatibilnost s raznim RFID sustavima.<\/span><\/p>\n<h3 class=\"AnswerParser_AnswerParserH3__Mpe4s\">2. Klju\u010dne zna\u010dajke 134,2KHz RFID staklene oznake<\/h3>\n<ul class=\"AnswerParser_AnswerParserUnorderedList__P_1FW\">\n<li class=\"AnswerParser_ListItem__XqLOV\" translate=\"yes\"><strong>Materijal<\/strong>: RFID staklena oznaka izra\u0111ena je od biostakla, izdr\u017eljivog i biokompatibilnog materijala koji osigurava sigurnost i dobrobit implantiranih \u017eivotinja.<\/li>\n<li class=\"AnswerParser_ListItem__XqLOV\" translate=\"yes\"><strong>Dostupne veli\u010dine<\/strong>: Oznaka se nudi u vi\u0161e veli\u010dina, uklju\u010duju\u0107i 1,25<em>7 mm (idealno za male ljubimce), 2<\/em>12 mm (obi\u010dno se koristi za pse i ma\u010dke) i druge veli\u010dine prikladne za razli\u010dite vrste.<\/li>\n<li class=\"AnswerParser_ListItem__XqLOV\" translate=\"yes\"><strong>Radna frekvencija<\/strong>: Rade\u0107i na frekvenciji od 134,2 KHz, ova je oznaka dizajnirana za pouzdan rad u razli\u010ditim okru\u017eenjima.<\/li>\n<\/ul>\n<h3 class=\"AnswerParser_AnswerParserH3__Mpe4s\">3. Tehni\u010dke specifikacije<\/h3>\n<div class=\"AnswerParser_TableContainer__Erb6v\" data-testid=\"table-container\">\n<table>\n<thead>\n<tr>\n<th style=\"text-align: left;\">Specifikacija<\/th>\n<th style=\"text-align: left;\">pojedinosti<\/th>\n<\/tr>\n<\/thead>\n<tbody>\n<tr>\n<td><strong>Materijal<\/strong><\/td>\n<td>Biostaklo<\/td>\n<\/tr>\n<tr>\n<td><strong>Dostupne veli\u010dine<\/strong><\/td>\n<td>1.25<em>7 mm, 1.4<\/em>8 mm, 2<em>8 mm, 2<\/em>12mm, 3*15mm<\/td>\n<\/tr>\n<tr>\n<td><strong>Radna frekvencija<\/strong><\/td>\n<td>134,2 KHz, 125 KHz, 13,56 MHz<\/td>\n<\/tr>\n<tr>\n<td><strong>Protokol<\/strong><\/td>\n<td>ISO11784\/785, ISO14443A<\/td>\n<\/tr>\n<tr>\n<td><strong>Sterilizacija<\/strong><\/td>\n<td>100% Medicinska sterilizacija<\/td>\n<\/tr>\n<tr>\n<td><strong>Zna\u010dajke \u010dipa<\/strong><\/td>\n<td>Antibakterijski, antialergijski, protiv odbacivanja<\/td>\n<\/tr>\n<\/tbody>\n<\/table>\n<\/div>\n<h3 class=\"AnswerParser_AnswerParserH3__Mpe4s\">4. Upute za uporabu<\/h3>\n<p><span class=\"AnswerParser_TextContainer__z_Iiv\" data-testid=\"youchat-text\">Instalacija 134,2KHz cijevi RFID staklene oznake je jednostavna. Mo\u017ee se jednostavno ugraditi pomo\u0107u \u0161price, \u0161to ga \u010dini brzim i bezbolnim zahvatom za \u017eivotinje. Oznaku treba postaviti supkutano, omogu\u0107uju\u0107i joj da ostane sigurno na mjestu, a istovremeno pru\u017ea pouzdanu identifikaciju.<\/span><\/p>\n<h3 class=\"AnswerParser_AnswerParserH3__Mpe4s\">5. Utjecaj na okoli\u0161<\/h3>\n<p><span class=\"AnswerParser_TextContainer__z_Iiv\" data-testid=\"youchat-text\">RFID staklena oznaka dizajnirana je s minimalnim utjecajem na okoli\u0161. Biostaklo se mo\u017ee reciklirati, a proizvodni proces po\u0161tuje stroge ekolo\u0161ke standarde. Osim toga, oznake se proizvode prema certifikatima ISO 9001 i ISO 14001, \u010dime se osiguravaju odr\u017eive prakse tijekom cijelog proizvodnog procesa.<\/span><\/p>\n<h3 class=\"AnswerParser_AnswerParserH3__Mpe4s\">6. Recenzije kupaca<\/h3>\n<p><span class=\"AnswerParser_TextContainer__z_Iiv\" data-testid=\"youchat-text\">Kupci su pohvalili 134.2KHz Tube RFID Glass Tag zbog njegove pouzdanosti i jednostavnosti kori\u0161tenja. Mnogi ga veterinari preporu\u010duju za identifikaciju ku\u0107nih ljubimaca, isti\u010du\u0107i njegovu udobnost za \u017eivotinje i njegovu to\u010dnost u pra\u0107enju. Voditelji sto\u010darstva tako\u0111er cijene njegovu izdr\u017eljivost i bezbri\u017enost koju pru\u017ea pri upravljanju svojim stadima.<\/span><\/p>\n<h3 class=\"AnswerParser_AnswerParserH3__Mpe4s\">7. \u010cesta pitanja<\/h3>\n<p><span class=\"AnswerParser_TextContainer__z_Iiv\" data-testid=\"youchat-text\"><strong>P: Koliko dugo traje RFID staklena oznaka?<\/strong><br \/>\nO: RFID staklena oznaka dizajnirana je za dugotrajnu upotrebu, \u010desto traje cijeli \u017eivot \u017eivotinje ako se pravilno ugradi.<\/span><\/p>\n<p><span class=\"AnswerParser_TextContainer__z_Iiv\" data-testid=\"youchat-text\"><strong>P: Je li oznaka sigurna za sve \u017eivotinje?<\/strong><br \/>\nO: Da, materijal od biostakla i postupci medicinske sterilizacije osiguravaju da je siguran za sve vrste \u017eivotinja, uklju\u010duju\u0107i ku\u0107ne ljubimce i stoku.<\/span><\/p>\n<p><span class=\"AnswerParser_TextContainer__z_Iiv\" data-testid=\"youchat-text\"><strong>P: Mo\u017ee li se oznaka \u010ditati iz daljine?<\/strong><br \/>\nO: Da, raspon \u010ditanja mo\u017ee varirati ovisno o \u010dita\u010du koji se koristi, ali obi\u010dno omogu\u0107uje u\u010dinkovito skeniranje bez potrebe za izravnim kontaktom.<\/span><\/p>\n<h3 class=\"AnswerParser_AnswerParserH3__Mpe4s\">8. Povezani proizvodi<\/h3>\n<p><span class=\"AnswerParser_TextContainer__z_Iiv\" data-testid=\"youchat-text\">Istra\u017eite na\u0161u ponudu srodnih proizvoda, uklju\u010duju\u0107i RFID naljepnice, RFID naljepnice i druga RFID rje\u0161enja za ozna\u010davanje koja nadopunjuju 134,2KHz Tube RFID staklenu oznaku. Ovi proizvodi mogu pobolj\u0161ati va\u0161e identifikacijske sustave i pojednostaviti va\u0161e procese upravljanja \u017eivotinjama.<\/span><\/p>\n<h3 class=\"AnswerParser_AnswerParserH3__Mpe4s\">9. Zaklju\u010dak<\/h3>\n<p><span class=\"AnswerParser_TextContainer__z_Iiv\" data-testid=\"youchat-text\">The\u00a0<strong>134,2KHz cijevna RFID staklena oznaka<\/strong>\u00a0nudi vrhunsko rje\u0161enje za identifikaciju i upravljanje \u017eivotinjama. Sa svojim robusnim dizajnom, u\u010dinkovitim radom i humanom primjenom, predstavlja pouzdan alat za vlasnike ku\u0107nih ljubimaca i upravitelje stoke. Ulo\u017eite u budu\u0107nost pra\u0107enja i upravljanja \u017eivotinjama s ovim vrhunskim RFID rje\u0161enjem.<\/span><\/p>","protected":false},"excerpt":{"rendered":"<p>Staklena cijevna RFID oznaka od 134,2 KHz nudi pouzdanu, humanu identifikaciju \u017eivotinja s izdr\u017eljivim dizajnom od biostakla, osiguravaju\u0107i sigurnost i to\u010dnost za razli\u010dite vrste.<\/p>","protected":false},"featured_media":2785,"template":"","meta":{"_kad_post_transparent":"default","_kad_post_title":"","_kad_post_layout":"default","_kad_post_sidebar_id":"","_kad_post_content_style":"default","_kad_post_vertical_padding":"default","_kad_post_feature":"","_kad_post_feature_position":"","_kad_post_header":false,"_kad_post_footer":false,"_kad_post_classname":""},"product_brand":[],"product_cat":[54],"product_tag":[327,326,328],"class_list":{"0":"post-2784","1":"product","2":"type-product","3":"status-publish","4":"has-post-thumbnail","6":"product_cat-hot-selling-rfid-tags","7":"product_tag-fdx-b-134-2khz-rfid-animal-tag","8":"product_tag-rfid-animal-id-glass-tag","9":"product_tag-rfid-pet-microchip-implant-capsule","11":"first","12":"instock","13":"shipping-taxable","14":"product-type-simple","15":"entry","16":"content-bg","17":"loop-entry"},"_links":{"self":[{"href":"https:\/\/rfid-laundry-tag.com\/hr\/wp-json\/wp\/v2\/product\/2784","targetHints":{"allow":["GET"]}}],"collection":[{"href":"https:\/\/rfid-laundry-tag.com\/hr\/wp-json\/wp\/v2\/product"}],"about":[{"href":"https:\/\/rfid-laundry-tag.com\/hr\/wp-json\/wp\/v2\/types\/product"}],"version-history":[{"count":1,"href":"https:\/\/rfid-laundry-tag.com\/hr\/wp-json\/wp\/v2\/product\/2784\/revisions"}],"predecessor-version":[{"id":2789,"href":"https:\/\/rfid-laundry-tag.com\/hr\/wp-json\/wp\/v2\/product\/2784\/revisions\/2789"}],"wp:featuredmedia":[{"embeddable":true,"href":"https:\/\/rfid-laundry-tag.com\/hr\/wp-json\/wp\/v2\/media\/2785"}],"wp:attachment":[{"href":"https:\/\/rfid-laundry-tag.com\/hr\/wp-json\/wp\/v2\/media?parent=2784"}],"wp:term":[{"taxonomy":"product_brand","embeddable":true,"href":"https:\/\/rfid-laundry-tag.com\/hr\/wp-json\/wp\/v2\/product_brand?post=2784"},{"taxonomy":"product_cat","embeddable":true,"href":"https:\/\/rfid-laundry-tag.com\/hr\/wp-json\/wp\/v2\/product_cat?post=2784"},{"taxonomy":"product_tag","embeddable":true,"href":"https:\/\/rfid-laundry-tag.com\/hr\/wp-json\/wp\/v2\/product_tag?post=2784"}],"curies":[{"name":"radni list","href":"https:\/\/api.w.org\/{rel}","templated":true}]}}