{"id":2775,"date":"2024-10-24T16:17:52","date_gmt":"2024-10-24T16:17:52","guid":{"rendered":"https:\/\/rfid-laundry-tag.com\/?post_type=product&#038;p=2775"},"modified":"2024-10-29T09:32:48","modified_gmt":"2024-10-29T09:32:48","slug":"waterproof-washable-uhf-textile-rfid-laundry-tag-with-hole","status":"publish","type":"product","link":"https:\/\/rfid-laundry-tag.com\/hr\/waterproof-washable-uhf-textile-rfid-laundry-tag-with-hole\/","title":{"rendered":"Vodootporna periva UHF tekstilna RFID oznaka za rublje s rupom"},"content":{"rendered":"<h1><strong>Vodootporna periva UHF tekstilna RFID oznaka za rublje s rupom<\/strong><\/h1>\n<p><strong>Vodootporna periva UHF tekstilna RFID oznaka za rublje s rupom,<\/strong>revolucionarni proizvod osmi\u0161ljen za pobolj\u0161anje pra\u0107enja i upravljanja predmetima za pranje rublja. Dizajnirana za izdr\u017eljivost i jednostavnu upotrebu, ova RFID oznaka klju\u010dna je za odr\u017eavanje operativne u\u010dinkovitosti u razli\u010ditim okru\u017eenjima, od industrijskih praonica do bolnica i hotela. \u010citajte dalje kako biste otkrili brojne prednosti ugradnje ovih oznaka u va\u0161e praonice rublja.<\/p>\n<table class=\"all magic-7\">\n<tbody>\n<tr>\n<td colspan=\"1\" rowspan=\"1\">\n<div class=\"magic-8\" data-spm-anchor-id=\"a2700.details.0.i41.3a7a13dayRHcNe\">RFID standard:<\/div>\n<\/td>\n<td colspan=\"1\" rowspan=\"1\">\n<div class=\"magic-9\">ISO\/IEC 18000-6 TypeC (EPC Gen2)<\/div>\n<\/td>\n<\/tr>\n<tr>\n<td colspan=\"1\" rowspan=\"1\">\n<div class=\"magic-8\">Veli\u010dina i te\u017eina:<\/div>\n<\/td>\n<td colspan=\"1\" rowspan=\"1\">\n<div class=\"magic-9\">70\u00d715 mm, 0,7g<\/div>\n<\/td>\n<\/tr>\n<tr>\n<td colspan=\"1\" rowspan=\"1\">\n<div class=\"magic-8\">Vrsta \u010dipa:<\/div>\n<\/td>\n<td colspan=\"1\" rowspan=\"1\">\n<div class=\"magic-9\">NXP Ucode 9<\/div>\n<\/td>\n<\/tr>\n<tr>\n<td colspan=\"1\" rowspan=\"1\">\n<div class=\"magic-8\">EPC memorija:<\/div>\n<\/td>\n<td colspan=\"1\" rowspan=\"1\">\n<div class=\"magic-9\">128 bita<\/div>\n<\/td>\n<\/tr>\n<tr>\n<td colspan=\"1\" rowspan=\"1\">\n<div class=\"magic-8\">Korisni\u010dka memorija:<\/div>\n<\/td>\n<td colspan=\"1\" rowspan=\"1\">\n<div class=\"magic-9\">96 bita<\/div>\n<\/td>\n<\/tr>\n<tr>\n<td colspan=\"1\" rowspan=\"1\">\n<div class=\"magic-8\">Raspon \u010ditanja (fiksni \u010dita\u010d):<\/div>\n<\/td>\n<td colspan=\"1\" rowspan=\"1\">\n<div class=\"magic-9\">10m<\/div>\n<\/td>\n<\/tr>\n<tr>\n<td colspan=\"1\" rowspan=\"1\">\n<div class=\"magic-8\">Raspon \u010ditanja (ru\u010dni \u010dita\u010d):<\/div>\n<\/td>\n<td colspan=\"1\" rowspan=\"1\">\n<div class=\"magic-9\">8m<\/div>\n<\/td>\n<\/tr>\n<tr>\n<td colspan=\"1\" rowspan=\"1\">\n<div class=\"magic-8\">Ozna\u010davanje:<\/div>\n<\/td>\n<td colspan=\"1\" rowspan=\"1\">\n<div class=\"magic-9\">\u0160ivanje, toplinsko zavarivanje<\/div>\n<\/td>\n<\/tr>\n<tr>\n<td colspan=\"1\" rowspan=\"1\">\n<div class=\"magic-8\">Procijenjeni \u017eivotni vijek:<\/div>\n<\/td>\n<td colspan=\"1\" rowspan=\"1\">\n<div class=\"magic-9\">200 ciklusa pranja ili 3 godine, \u0161to god nastupi prije<\/div>\n<\/td>\n<\/tr>\n<tr>\n<td colspan=\"1\" rowspan=\"1\">\n<div class=\"magic-8\">Metoda pranja:<\/div>\n<\/td>\n<td colspan=\"1\" rowspan=\"1\">\n<div class=\"magic-9\">Praonica rublja, Kemijsko \u010di\u0161\u0107enje<\/div>\n<\/td>\n<\/tr>\n<tr>\n<td colspan=\"1\" rowspan=\"1\">\n<div class=\"magic-8\">Tlak ekstrakcije vode:<\/div>\n<\/td>\n<td colspan=\"1\" rowspan=\"1\">\n<div class=\"magic-9\">60 bara<\/div>\n<\/td>\n<\/tr>\n<tr>\n<td colspan=\"1\" rowspan=\"1\">\n<div class=\"magic-8\">Otpornost na vodu:<\/div>\n<\/td>\n<td colspan=\"1\" rowspan=\"1\">\n<div class=\"magic-9\">Otporan na vodu<\/div>\n<\/td>\n<\/tr>\n<tr>\n<td colspan=\"1\" rowspan=\"1\">\n<div class=\"magic-8\">Kemijska otpornost:<\/div>\n<\/td>\n<td colspan=\"1\" rowspan=\"1\">\n<div class=\"magic-9\">Deterd\u017eent, omek\u0161iva\u010d, izbjeljiva\u010d (kisik\/ klor), lu\u017eina<\/div>\n<\/td>\n<\/tr>\n<tr>\n<td colspan=\"1\" rowspan=\"1\">\n<div class=\"magic-8\">Prethodno su\u0161enje u posudi:<\/div>\n<\/td>\n<td colspan=\"1\" rowspan=\"1\">\n<div class=\"magic-9\">125 \u00baC 15-20 minuta<\/div>\n<\/td>\n<\/tr>\n<tr>\n<td colspan=\"1\" rowspan=\"1\">\n<div class=\"magic-8\" data-spm-anchor-id=\"a2700.details.0.i43.3a7a13dayRHcNe\">Temperatura sterilizacije:<\/div>\n<\/td>\n<td colspan=\"1\" rowspan=\"1\">\n<div class=\"magic-9\">135\u00b0C 15-20 minuta<\/div>\n<\/td>\n<\/tr>\n<tr>\n<td colspan=\"1\" rowspan=\"1\">\n<div class=\"magic-8\">Temperatura pranja:<\/div>\n<\/td>\n<td colspan=\"1\" rowspan=\"1\">\n<div class=\"magic-9\">90\u00b0C, do 15 min.<\/div>\n<\/td>\n<\/tr>\n<tr>\n<td colspan=\"1\" rowspan=\"1\">\n<div class=\"magic-8\">Radna vla\u017enost\/temperatura:<\/div>\n<\/td>\n<td colspan=\"1\" rowspan=\"1\">\n<div class=\"magic-9\" data-spm-anchor-id=\"a2700.details.0.i42.3a7a13dayRHcNe\">-20 do 110\u00b0C, 8 do 95%RH<\/div>\n<\/td>\n<\/tr>\n<tr>\n<td colspan=\"1\" rowspan=\"1\">\n<div class=\"magic-8\">Vla\u017enost\/temperatura-Skladi\u0161tenje:<\/div>\n<\/td>\n<td colspan=\"1\" rowspan=\"1\">\n<div class=\"magic-9\">-40 do 110\u00b0C, 8 do 95%RH<\/div>\n<\/td>\n<\/tr>\n<\/tbody>\n<\/table>\n<h3>Za\u0161to odabrati vodootporne perive UHF tekstilne RFID oznake za rublje?<\/h3>\n<p>Ulaganje u RFID oznake za pranje rublja nudi mno\u0161tvo prednosti, omogu\u0107uju\u0107i tvrtkama da pojednostave svoje procese. Evo nekoliko uvjerljivih razloga za razmatranje\u00a0<strong>RFID oznaka za rublje<\/strong>\u00a0za va\u0161e operacije pranja rublja:<\/p>\n<ul>\n<li><strong>Pobolj\u0161ano pra\u0107enje i upravljanje:<\/strong>\u00a0Recite zbogom izgubljenim ili zagubljenim predmetima. UHF tehnologija osigurava da se svaki odjevni predmet ili rublje mo\u017ee to\u010dno pratiti, smanjuju\u0107i ru\u010dne pogre\u0161ke i pobolj\u0161avaju\u0107i upravljanje zalihama.<\/li>\n<li><strong>Trajnost i pouzdanost:<\/strong>\u00a0Napravljene da izdr\u017ee rigorozne uvjete pranja rublja, ove RFID oznake mogu izdr\u017eati visoke temperature i vi\u0161e ciklusa pranja (do 200), \u0161to ih \u010dini idealnim rje\u0161enjem za komercijalne i industrijske primjene u praonicama rublja.<\/li>\n<li><strong>Svestranost u upotrebi:<\/strong>\u00a0Uz mogu\u0107nost \u0161ivanja ili toplinskog zavarivanja na razli\u010dite tekstile, ove\u00a0<strong>RFID oznake koje se mogu prati<\/strong>\u00a0savr\u0161eni su za hotele, bolnice i sve ustanove koje zahtijevaju strogo upravljanje posteljinom.<\/li>\n<\/ul>\n<h3>Klju\u010dne zna\u010dajke vodootporne perive UHF tekstilne RFID oznake za rublje<\/h3>\n<h4>1. Napredna RFID tehnologija<\/h4>\n<p>Na\u0161e\u00a0<strong>RFID oznake za rublje<\/strong>\u00a0uskla\u0111eni su s ISO\/IEC 18000-6 Type C (EPC Gen2), \u010dime se osigurava da zadovoljavaju industrijske standarde za performanse i pouzdanost. Integracija vrhunske UHF tehnologije omogu\u0107uje brzi prijenos podataka i u\u010dinkovite procese pra\u0107enja.<\/p>\n<h4>2. Veli\u010dina i te\u017eina<\/h4>\n<p>S dimenzijama od\u00a0<strong>70\u00d715 mm<\/strong>\u00a0i lagani dizajn od samo\u00a0<strong>0,7 g<\/strong>, ove oznake lako je ugraditi u bilo koji odjevni predmet bez dodavanja mase ili neudobnosti. Kompaktna veli\u010dina omogu\u0107uje besprijekornu integraciju u razne tkanine, bilo za\u00a0<strong>uniforme, posteljinu ili druge predmete za pranje rublja<\/strong>.<\/p>\n<h4>3. Visoki raspon o\u010ditanja<\/h4>\n<p>The\u00a0<strong>raspon \u010ditanja<\/strong>\u00a0je kriti\u010dan faktor za u\u010dinkovite RFID sustave. Na\u0161e oznake mogu posti\u0107i a\u00a0<strong>udaljenost \u010ditanja do 10 metara s fiksnim \u010dita\u010dima<\/strong>\u00a0i\u00a0<strong>8 metara s ru\u010dnim \u010dita\u010dima<\/strong>. Ovaj pro\u0161ireni raspon optimizira proces pra\u0107enja, omogu\u0107uju\u0107i u\u010dinkovite provjere inventara i upravljanje radnim procesom u u\u017eurbanim okru\u017eenjima praonica rublja.<\/p>\n<h4>4. Izdr\u017eljiv u te\u0161kim uvjetima<\/h4>\n<p>Ovi su dizajnirani za izdr\u017eljivost\u00a0<strong>vodootporne RFID oznake<\/strong>\u00a0mo\u017ee izdr\u017eati rigorozne procese \u010di\u0161\u0107enja, uklju\u010duju\u0107i:<\/p>\n<ul>\n<li><strong>Temperatura pranja:<\/strong>\u00a0Sve do\u00a0<strong>90\u00b0C<\/strong>\u00a015 minuta, osiguravaju\u0107i temeljito \u010di\u0161\u0107enje.<\/li>\n<li><strong>Temperatura sterilizacije:<\/strong>\u00a0Sposoban izdr\u017eati procese sterilizacije na\u00a0<strong>135\u00b0C<\/strong>\u00a015-20 minuta, \u0161to ih \u010dini prikladnima za medicinska okru\u017eenja.<\/li>\n<li><strong>Kemijska otpornost:<\/strong>\u00a0Otporan na uobi\u010dajene kemikalije za pranje rublja kao \u0161to su deterd\u017eenti, omek\u0161iva\u010di i izbjeljiva\u010di, osiguravaju\u0107i dugotrajnost i dosljednu izvedbu.<\/li>\n<\/ul>\n<h4>5. Razmatranja okoli\u0161a<\/h4>\n<p>Ove oznake su dizajnirane da izdr\u017ee\u00a0<strong>visoki pritisci ekstrakcije vode<\/strong>\u00a0od do\u00a0<strong>60 bara<\/strong>, osiguravaju\u0107i da ostanu funkcionalni \u010dak iu najzahtjevnijim uvjetima pranja. Materijali koji se koriste su ekolo\u0161ki prihvatljivi, \u0161to dodatno pove\u0107ava njihovu vrijednost.<\/p>\n<h4>6. Upute o vijeku trajanja i uporabi<\/h4>\n<p>S procijenjenim vijekom trajanja od\u00a0<strong>200 ciklusa pranja ili 3 godine<\/strong>\u00a0(\u0161to god prvo nastupi), na\u0161e RFID oznake za rublje napravljene su da traju. Mogu neprimjetno prije\u0107i iz okru\u017eenja za pranje rublja u okru\u017eenja za kemijsko \u010di\u0161\u0107enje, \u0161to ih \u010dini svestranim za razli\u010dite operativne potrebe.<\/p>\n<h3>Srodni proizvodi<\/h3>\n<p>Da nadopunimo na\u0161e\u00a0<strong>vodootporne perive UHF tekstilne RFID oznake za rublje<\/strong>, razmislite o istra\u017eivanju ovih povezanih proizvoda:<\/p>\n<ul>\n<li><strong>RFID \u010dita\u010di:<\/strong>\u00a0Osnovni alati za u\u010dinkovito \u010ditanje i pra\u0107enje RFID oznaka unutar va\u0161eg poslovanja.<\/li>\n<li><strong>Potrep\u0161tine za ozna\u010davanje:<\/strong>\u00a0Mogu\u0107nosti \u0161ivanja, toplinskog zavarivanja ili pri\u010dvr\u0161\u0107ivanja RFID oznaka na razli\u010dite tekstilije.<\/li>\n<li><strong>Softverska rje\u0161enja:<\/strong>\u00a0Softver za upravljanje RFID-om za pra\u0107enje zaliha i pobolj\u0161anje va\u0161eg sustava upravljanja praonicama.<\/li>\n<\/ul>\n<h3>Utjecaj na okoli\u0161 i koristi za industriju<\/h3>\n<ol>\n<li><strong>Smanjeni otpad:<\/strong>\u00a0U\u010dinkovitim pra\u0107enjem posteljine i odje\u0107e, ove oznake poma\u017eu u smanjenju otpada od izgubljenih ili zagubljenih predmeta, pridonose\u0107i odr\u017eivijim praksama u industriji pranja rublja.<\/li>\n<li><strong>Optimizirano upravljanje resursima:<\/strong>\u00a0U\u010dinkovito pra\u0107enje dovodi do optimiziranih operacija pranja rublja, osiguravaju\u0107i da se sva posteljina i odjevni predmeti odr\u017eavaju na vrhunskoj kvaliteti, u kona\u010dnici produ\u017euju\u0107i njihov \u017eivotni vijek i smanjuju\u0107i tro\u0161kove zamjene.<\/li>\n<li><strong>Pobolj\u0161ano zadovoljstvo korisnika:<\/strong>\u00a0U\u010dinkovito upravljanje zalihama zna\u010di da kupci svoju posteljinu dobivaju na vrijeme i organizirano, \u0161to dovodi do pobolj\u0161anog korisni\u010dkog iskustva u industrijama kao \u0161to su ugostiteljstvo i zdravstvena njega.<\/li>\n<\/ol>\n<h3>Recenzije i iskustva kupaca<\/h3>\n<p>Na\u0161i klijenti su izvijestili o zna\u010dajnim pobolj\u0161anjima u svojim operacijama pranja nakon implementacije na\u0161ih vodootpornih perivih UHF tekstilnih RFID oznaka za pranje rublja. Evo nekoliko svjedo\u010danstava:<\/p>\n<ul>\n<li><strong>\u201cOtkako smo po\u010deli koristiti ove RFID oznake za pranje rublja, drasti\u010dno smo smanjili vrijeme potro\u0161eno na tra\u017eenje izgubljenih stvari. Na\u0161a se u\u010dinkovitost pobolj\u0161ala, a na\u0161e se osoblje mo\u017ee usredoto\u010diti na pru\u017eanje kvalitetne usluge,&quot;<\/strong>\u00a0ka\u017ee Linda, menad\u017eerica lokalnog hotela.<\/li>\n<li><strong>\u201cTrajnost ovih oznaka bila je impresivna. Podnose na\u0161e rigorozne cikluse pranja i jo\u0161 uvijek savr\u0161eno funkcioniraju. Toplo ih preporu\u010dujem za bilo koju komercijalnu uslugu pranja rublja,\u201d<\/strong>\u00a0ka\u017ee Mark, voditelj operacija u industrijskoj praonici rublja.<\/li>\n<\/ul>\n<h3>\u010cesto postavljana pitanja (FAQ)<\/h3>\n<h4>1. Koji je raspon radne temperature za ove RFID oznake?<\/h4>\n<p>RFID oznake mogu raditi unutar temperaturnog raspona od\u00a0<strong>-20 do 110\u00b0C<\/strong>\u00a0i tolerirati\u00a0<strong>8 do 95% relativna vla\u017enost<\/strong>, osiguravaju\u0107i da mogu funkcionirati u razli\u010ditim okru\u017eenjima.<\/p>\n<h4>2. Kako pri\u010dvrstiti RFID oznake za rublje na odje\u0107u?<\/h4>\n<p>Oznake se mogu pri\u010dvrstiti putem\u00a0<strong>\u0161ivanje ili toplinsko zavarivanje<\/strong>, pru\u017eaju\u0107i fleksibilnost na temelju va\u0161ih operativnih potreba i vrsta odje\u0107e.<\/p>\n<h4>3. Mogu li se ove oznake koristiti za kemijsko \u010di\u0161\u0107enje?<\/h4>\n<p>Da, ove RFID oznake su dovoljno svestrane za kori\u0161tenje u oba\u00a0<strong>postavke pranja rublja i kemijskog \u010di\u0161\u0107enja<\/strong>.<\/p>\n<h4>4. Kako maksimalno produ\u017eiti \u017eivotni vijek mojih RFID oznaka za rublje?<\/h4>\n<p>Kako biste osigurali dugovje\u010dnost, pridr\u017eavajte se prilo\u017eenih uputa za pranje i su\u0161enje i izbjegavajte izlaganje ekstremnim kemikalijama osim standardnih deterd\u017eenata i omek\u0161iva\u010da.<\/p>\n<h3>Zaklju\u010dak: transformirajte svoje upravljanje pranjem rublja pomo\u0107u RFID tehnologije<\/h3>\n<p>The\u00a0<strong>Vodootporna periva UHF tekstilna RFID oznaka za rublje s rupom<\/strong>\u00a0je vi\u0161e od obi\u010dnog pribora za pranje rublja; to je bitan alat za modernu\u00a0<strong>upravljanje praonicama<\/strong>. Ulaganjem u izdr\u017eljive, pouzdane oznake jednostavne za kori\u0161tenje, mo\u017eete pojednostaviti rad, smanjiti gubitke i pobolj\u0161ati ukupnu u\u010dinkovitost svojih usluga pranja rublja.<\/p>","protected":false},"excerpt":{"rendered":"<p>Vodootporna periva UHF tekstilna RFID oznaka za pranje rublja s rupom, dizajnirana za izdr\u017eljivost i u\u010dinkovito pra\u0107enje u industrijskim praonicama rublja.<\/p>","protected":false},"featured_media":2776,"template":"","meta":{"_kad_post_transparent":"default","_kad_post_title":"","_kad_post_layout":"default","_kad_post_sidebar_id":"","_kad_post_content_style":"default","_kad_post_vertical_padding":"default","_kad_post_feature":"","_kad_post_feature_position":"","_kad_post_header":false,"_kad_post_footer":false,"_kad_post_classname":""},"product_brand":[],"product_cat":[19],"product_tag":[324,65,30,325],"class_list":{"0":"post-2775","1":"product","2":"type-product","3":"status-publish","4":"has-post-thumbnail","6":"product_cat-textile-rfid-laundry-tag","7":"product_tag-rfid-laundry-tag","8":"product_tag-textile-rfid-laundry-tags","9":"product_tag-uhf-rfid-laundry-tag","10":"product_tag-washable-rfid-laundry-tag","12":"first","13":"instock","14":"featured","15":"shipping-taxable","16":"product-type-simple","17":"entry","18":"content-bg","19":"loop-entry"},"_links":{"self":[{"href":"https:\/\/rfid-laundry-tag.com\/hr\/wp-json\/wp\/v2\/product\/2775","targetHints":{"allow":["GET"]}}],"collection":[{"href":"https:\/\/rfid-laundry-tag.com\/hr\/wp-json\/wp\/v2\/product"}],"about":[{"href":"https:\/\/rfid-laundry-tag.com\/hr\/wp-json\/wp\/v2\/types\/product"}],"version-history":[{"count":3,"href":"https:\/\/rfid-laundry-tag.com\/hr\/wp-json\/wp\/v2\/product\/2775\/revisions"}],"predecessor-version":[{"id":2782,"href":"https:\/\/rfid-laundry-tag.com\/hr\/wp-json\/wp\/v2\/product\/2775\/revisions\/2782"}],"wp:featuredmedia":[{"embeddable":true,"href":"https:\/\/rfid-laundry-tag.com\/hr\/wp-json\/wp\/v2\/media\/2776"}],"wp:attachment":[{"href":"https:\/\/rfid-laundry-tag.com\/hr\/wp-json\/wp\/v2\/media?parent=2775"}],"wp:term":[{"taxonomy":"product_brand","embeddable":true,"href":"https:\/\/rfid-laundry-tag.com\/hr\/wp-json\/wp\/v2\/product_brand?post=2775"},{"taxonomy":"product_cat","embeddable":true,"href":"https:\/\/rfid-laundry-tag.com\/hr\/wp-json\/wp\/v2\/product_cat?post=2775"},{"taxonomy":"product_tag","embeddable":true,"href":"https:\/\/rfid-laundry-tag.com\/hr\/wp-json\/wp\/v2\/product_tag?post=2775"}],"curies":[{"name":"radni list","href":"https:\/\/api.w.org\/{rel}","templated":true}]}}