{"id":277,"date":"2024-06-26T08:06:00","date_gmt":"2024-06-26T08:06:00","guid":{"rendered":"https:\/\/rfid-laundry-tag.com\/?post_type=product&#038;p=277"},"modified":"2024-06-26T08:06:01","modified_gmt":"2024-06-26T08:06:01","slug":"on-metal-uhf-rfid-sticker","status":"publish","type":"product","link":"https:\/\/rfid-laundry-tag.com\/hr\/on-metal-uhf-rfid-sticker\/","title":{"rendered":"Na metalnoj UHF RFID naljepnici"},"content":{"rendered":"<table style=\"border-collapse: collapse; width: 370.82pt;\" border=\"0\" width=\"618\" cellspacing=\"0\" cellpadding=\"0\">\n<tbody>\n<tr style=\"height: 17.40pt;\">\n<td class=\"et2\" style=\"height: 17.40pt; width: 127.80pt;\" width=\"213\" height=\"29\">Ime proizvoda<\/td>\n<td class=\"et3\" style=\"width: 243.00pt;\" width=\"405\">Na metalnoj UHF RFID naljepnici<\/td>\n<\/tr>\n<tr style=\"height: 41.00pt;\">\n<td class=\"et4\" style=\"height: 41.00pt; width: 127.80pt;\" width=\"213\" height=\"68\">Materijal<\/td>\n<td class=\"et5\" style=\"width: 243.00pt;\" width=\"405\">Oblo\u017eeni papir+EFVA pjena<\/td>\n<\/tr>\n<tr style=\"height: 25.00pt;\">\n<td class=\"et4\" style=\"height: 25.00pt; width: 127.80pt;\" width=\"213\" height=\"41\">Veli\u010dina<\/td>\n<td class=\"et5\" style=\"width: 243.00pt;\" width=\"405\">90*25*1,2 mm, 60*25*1,2 mm, 70*30 itd.<\/td>\n<\/tr>\n<tr style=\"height: 17.40pt;\">\n<td class=\"et4\" style=\"height: 17.40pt; width: 127.80pt;\" width=\"213\" height=\"29\">\u010cip<\/td>\n<td class=\"et5\" style=\"width: 243.00pt;\" width=\"405\">Monza R6,U9 itd<\/td>\n<\/tr>\n<tr style=\"height: 40.00pt;\">\n<td class=\"et4\" style=\"height: 40.00pt; width: 127.80pt;\" width=\"213\" height=\"66\">Protokol<\/td>\n<td class=\"et5\" style=\"width: 243.00pt;\" width=\"405\">ISO\/IEC18000-6C<\/td>\n<\/tr>\n<tr style=\"height: 17.40pt;\">\n<td class=\"et4\" style=\"height: 17.40pt; width: 127.80pt;\" width=\"213\" height=\"29\">Frekvencija<\/td>\n<td class=\"et5\" style=\"width: 243.00pt;\" width=\"405\">902-928MHz<\/td>\n<\/tr>\n<tr style=\"height: 63.00pt;\">\n<td class=\"et4\" style=\"height: 63.00pt; width: 127.80pt;\" width=\"213\" height=\"105\">Personalizacija<\/td>\n<td class=\"et5\" style=\"width: 243.00pt;\" width=\"405\">Ispis logotipa, kodiranje<\/td>\n<\/tr>\n<tr style=\"height: 60.00pt;\">\n<td class=\"et6\" style=\"height: 60.00pt; width: 127.80pt;\" width=\"213\" height=\"100\">Primjena<\/td>\n<td class=\"et7\" style=\"width: 243.00pt;\" width=\"405\">skladi\u0161na polica, IT imovina\/Metalni spremnik\/Pra\u0107enje opreme i ure\u0111aja<\/td>\n<\/tr>\n<\/tbody>\n<\/table>\n<p>&nbsp;<\/p>\n<p>Mnogo lak\u0161e, fleksibilnije, s mogu\u0107no\u0161\u0107u ispisa i svestranije od ve\u0107ine RFID tvrdih metalnih oznaka, ove naljepnice nude sve te zna\u010dajke po znatno ni\u017eoj cijeni. S ovim anti-metalnim RFID oznakama, sigurni ste u u\u010dinkovitost i pristupa\u010dnost bez ugro\u017eavanja performansi.<\/p>\n<div class=\"auto-hide-last-sibling-br paragraph_9dc5f paragraph-element\">Printable On Metal RFID Tag nudi brojne zna\u010dajne zna\u010dajke koje ga \u010dine idealnim izborom za razli\u010dite primjene:<\/div>\n<ol class=\"auto-hide-last-sibling-br\">\n<li>\n<div class=\"auto-hide-last-sibling-br paragraph_9dc5f paragraph-element\">Savr\u0161ena izvedba RFID-a na metalnim povr\u0161inama: Oznaka je posebno dizajnirana da pru\u017ei optimalnu izvedbu kada se pri\u010dvrsti na metalne entitete.<\/div>\n<\/li>\n<li>\n<div class=\"auto-hide-last-sibling-br paragraph_9dc5f paragraph-element\">Ultra-mala i ultra-tanka: S debljinom od samo 1 mm, RFID oznaka je nevjerojatno kompaktna, \u0161to je \u010dini idealnom za termalni transfer ispis.<\/div>\n<\/li>\n<li>\n<div class=\"auto-hide-last-sibling-br paragraph_9dc5f paragraph-element\">Fleksibilnost: Oznaka je dizajnirana da bude fleksibilna, \u0161to zna\u010di da se mo\u017ee prilagoditi zakrivljenim povr\u0161inama bez ikakvih problema.<\/div>\n<\/li>\n<li>\n<div class=\"auto-hide-last-sibling-br paragraph_9dc5f paragraph-element\">Dug domet o\u010ditanja: Jednom pri\u010dvr\u0161\u0107ena na metalnu povr\u0161inu, oznaka se mo\u017ee pohvaliti impresivnim rasponom o\u010ditanja do 8 metara, nude\u0107i izvrsnu sljedivost.<\/div>\n<\/li>\n<li>\n<div class=\"auto-hide-last-sibling-br paragraph_9dc5f paragraph-element\">Podr\u0161ka za frekvencije: oznaka podr\u017eava i FCC (Federal Communications Commission) i ETSI (Europski institut za telekomunikacijske standarde) frekvencije, \u0161to ga \u010dini prilagodljivim za kori\u0161tenje u razli\u010ditim regijama.<\/div>\n<\/li>\n<li>\n<div class=\"auto-hide-last-sibling-br paragraph_9dc5f paragraph-element\">Vrhunska za\u0161tita: s ocjenom IP68, RFID oznaka je otporna na pra\u0161inu i mo\u017ee izdr\u017eati uranjanje u vodu, \u0161to je \u010dini izvrsnim izborom za te\u0161ka okru\u017eenja ili aplikacije gdje je potrebna otpornost na te\u0161ke uvjete.<\/div>\n<\/li>\n<\/ol>\n<div class=\"auto-hide-last-sibling-br paragraph_9dc5f paragraph-element\">Kombinacija ovih zna\u010dajki \u010dini RFID oznaku za ispis na metalu mo\u0107nim i svestranim alatom za pra\u0107enje i upravljanje imovinom na metalnim povr\u0161inama.<\/div>","protected":false},"excerpt":{"rendered":"<div class=\"auto-hide-last-sibling-br paragraph_9dc5f paragraph-element\">Ultratanka i fleksibilna antimetalna UHF naljepnica debljine je manje od 1,2 mm. Nude\u0107i pouzdano rje\u0161enje za ispis RFID imovinskih oznaka na licu mjesta, ove se naljepnice mogu jednostavno ispisati i kodirati kori\u0161tenjem RFID pisa\u010da kao \u0161to je SATO CL4NX ili Toshiba SX-5. Ova vrsta RFID naljepnice je mekana i fleksibilna, \u0161to je savr\u0161eno prikladan za ravne ili minimalno zakrivljene metalne povr\u0161ine. Bilo da se radi o IT sredstvu, medicinskom ure\u0111aju, metalnoj cijevi ili metalnom spremniku, ova oznaka idealno pristaje. Kombinira visoke performanse i ekonomi\u010dnost u jednom paketu.<\/div>","protected":false},"featured_media":278,"template":"","meta":{"_kad_post_transparent":"default","_kad_post_title":"","_kad_post_layout":"default","_kad_post_sidebar_id":"","_kad_post_content_style":"default","_kad_post_vertical_padding":"default","_kad_post_feature":"","_kad_post_feature_position":"","_kad_post_header":false,"_kad_post_footer":false,"_kad_post_classname":""},"product_brand":[],"product_cat":[54],"product_tag":[105],"class_list":{"0":"post-277","1":"product","2":"type-product","3":"status-publish","4":"has-post-thumbnail","6":"product_cat-hot-selling-rfid-tags","7":"product_tag-on-metal-uhf-rfid-sticker","9":"first","10":"instock","11":"shipping-taxable","12":"product-type-simple","13":"entry","14":"content-bg","15":"loop-entry"},"_links":{"self":[{"href":"https:\/\/rfid-laundry-tag.com\/hr\/wp-json\/wp\/v2\/product\/277","targetHints":{"allow":["GET"]}}],"collection":[{"href":"https:\/\/rfid-laundry-tag.com\/hr\/wp-json\/wp\/v2\/product"}],"about":[{"href":"https:\/\/rfid-laundry-tag.com\/hr\/wp-json\/wp\/v2\/types\/product"}],"version-history":[{"count":0,"href":"https:\/\/rfid-laundry-tag.com\/hr\/wp-json\/wp\/v2\/product\/277\/revisions"}],"wp:featuredmedia":[{"embeddable":true,"href":"https:\/\/rfid-laundry-tag.com\/hr\/wp-json\/wp\/v2\/media\/278"}],"wp:attachment":[{"href":"https:\/\/rfid-laundry-tag.com\/hr\/wp-json\/wp\/v2\/media?parent=277"}],"wp:term":[{"taxonomy":"product_brand","embeddable":true,"href":"https:\/\/rfid-laundry-tag.com\/hr\/wp-json\/wp\/v2\/product_brand?post=277"},{"taxonomy":"product_cat","embeddable":true,"href":"https:\/\/rfid-laundry-tag.com\/hr\/wp-json\/wp\/v2\/product_cat?post=277"},{"taxonomy":"product_tag","embeddable":true,"href":"https:\/\/rfid-laundry-tag.com\/hr\/wp-json\/wp\/v2\/product_tag?post=277"}],"curies":[{"name":"radni list","href":"https:\/\/api.w.org\/{rel}","templated":true}]}}