{"id":2761,"date":"2024-10-21T16:41:28","date_gmt":"2024-10-21T16:41:28","guid":{"rendered":"https:\/\/rfid-laundry-tag.com\/?post_type=product&#038;p=2761"},"modified":"2024-10-21T16:54:52","modified_gmt":"2024-10-21T16:54:52","slug":"iso15693-i-code-slix-patrol-nfc-tag","status":"publish","type":"product","link":"https:\/\/rfid-laundry-tag.com\/hr\/iso15693-i-code-slix-patrol-nfc-tag\/","title":{"rendered":"ISO15693 I CODE SLIX Patrol NFC oznaka"},"content":{"rendered":"<h1>ISO15693 I CODE SLIX Patrol NFC oznaka<\/h1>\n<p>The\u00a0<strong>ICODE SLI X Patrol NFC oznaka<\/strong>\u00a0je dizajniran za one koji zahtijevaju pouzdanost i performanse u izazovnim okru\u017eenjima. Ovo napredno\u00a0<strong>NFC oznaka<\/strong>\u00a0savr\u0161en je za patrolne aplikacije, omogu\u0107uju\u0107i besprijekornu komunikaciju s ure\u0111ajima koji podr\u017eavaju NFC. Izgra\u0111en da izdr\u017ei test vremena i te\u0161ke uvjete, nudi nevjerojatno\u00a0<strong>IP65<\/strong>\u00a0ocjenom, osiguravaju\u0107i da ostane funkcionalan \u010dak i kada je izlo\u017een vlazi i pra\u0161ini. Sa svojim mogu\u0107nostima prilagodbe i velikom izdr\u017eljivo\u0161\u0107u, ICODE SLI X je bitan alat za sigurnosno osoblje, pra\u0107enje imovine i razne industrijske primjene.<\/p>\n<h2 class=\"AnswerParser_AnswerParserH2__SIHnF\">Zna\u010dajke i prednosti ICODE SLI X NFC oznake<\/h2>\n<ul class=\"AnswerParser_AnswerParserUnorderedList__P_1FW\">\n<li class=\"AnswerParser_ListItem__XqLOV\" translate=\"yes\"><strong>Izdr\u017eljiva konstrukcija<\/strong>: Izra\u0111eno od\u00a0<strong>ABS<\/strong>\u00a0materijala, ICODE SLI X je otporan na fizi\u010dka o\u0161te\u0107enja i \u010dimbenike okoli\u0161a.<\/li>\n<li class=\"AnswerParser_ListItem__XqLOV\" translate=\"yes\"><strong>Svestrane veli\u010dine<\/strong>: Dostupno u\u00a0<strong>25 mm, 30 mm i 52 mm<\/strong>\u00a0opcije promjera, ova se oznaka mo\u017ee prilagoditi specifi\u010dnim potrebama primjene.<\/li>\n<li class=\"AnswerParser_ListItem__XqLOV\" translate=\"yes\"><strong>Visoka izvedba<\/strong>: Djeluje na\u00a0<strong>13,56MHz<\/strong>, oznaka pru\u017ea vrhunske performanse u prijenosu podataka, omogu\u0107uju\u0107i brzu i pouzdanu komunikaciju.<\/li>\n<\/ul>\n<table class=\"all magic-8\">\n<tbody>\n<tr>\n<td colspan=\"1\" rowspan=\"1\">\n<div class=\"magic-9\" data-spm-anchor-id=\"a2700.details.0.i71.50be21afmO5Aid\">\u010cip<\/div>\n<\/td>\n<td colspan=\"1\" rowspan=\"1\">\n<div class=\"magic-10\">ICODE SLI X (prilago\u0111eno)<\/div>\n<\/td>\n<\/tr>\n<tr>\n<td colspan=\"1\" rowspan=\"1\">\n<div class=\"magic-9\">Dimenzije<\/div>\n<\/td>\n<td colspan=\"1\" rowspan=\"1\">\n<div class=\"magic-10\" data-spm-anchor-id=\"a2700.details.0.i73.50be21afmO5Aid\">Promjer 25 mm, 30 mm, 52 mm (prilago\u0111eno)<\/div>\n<\/td>\n<\/tr>\n<tr>\n<td colspan=\"1\" rowspan=\"1\">\n<div class=\"magic-9\">Debljina<\/div>\n<\/td>\n<td colspan=\"1\" rowspan=\"1\">\n<div class=\"magic-10\">3 mm, veli\u010dina rupe: promjer 5 mm<\/div>\n<\/td>\n<\/tr>\n<tr>\n<td colspan=\"1\" rowspan=\"1\">\n<div class=\"magic-9\">Materijal<\/div>\n<\/td>\n<td colspan=\"1\" rowspan=\"1\">\n<div class=\"magic-10\">ABS<\/div>\n<\/td>\n<\/tr>\n<tr>\n<td colspan=\"1\" rowspan=\"1\">\n<div class=\"magic-9\">IP ocjena<\/div>\n<\/td>\n<td colspan=\"1\" rowspan=\"1\">\n<div class=\"magic-10\">IP 65<\/div>\n<\/td>\n<\/tr>\n<tr>\n<td colspan=\"1\" rowspan=\"1\">\n<div class=\"magic-9\">Primjena Temp<\/div>\n<\/td>\n<td colspan=\"1\" rowspan=\"1\">\n<div class=\"magic-10\">-40~80\u00b0<\/div>\n<\/td>\n<\/tr>\n<tr>\n<td colspan=\"1\" rowspan=\"1\">\n<div class=\"magic-9\">Radna temp<\/div>\n<\/td>\n<td colspan=\"1\" rowspan=\"1\">\n<div class=\"magic-10\" data-spm-anchor-id=\"a2700.details.0.i72.50be21afmO5Aid\">-40~70\u00b0C<\/div>\n<\/td>\n<\/tr>\n<tr>\n<td colspan=\"1\" rowspan=\"1\">\n<div class=\"magic-9\">Memorija<\/div>\n<\/td>\n<td colspan=\"1\" rowspan=\"1\">\n<div class=\"magic-10\">1K bita (Ovisi o \u010dipu)<\/div>\n<\/td>\n<\/tr>\n<tr>\n<td colspan=\"1\" rowspan=\"1\">\n<div class=\"magic-9\">Frekvencijski raspon s najboljim performansama<\/div>\n<\/td>\n<td colspan=\"1\" rowspan=\"1\">\n<div class=\"magic-10\">13,56MHz<\/div>\n<\/td>\n<\/tr>\n<tr>\n<td colspan=\"1\" rowspan=\"1\">\n<div class=\"magic-9\">IC \u017eivot<\/div>\n<\/td>\n<td colspan=\"1\" rowspan=\"1\">\n<div class=\"magic-10\">Izdr\u017eljivost pisanja od 100 000 ciklusa Zadr\u017eavanje datuma<\/div>\n<\/td>\n<\/tr>\n<\/tbody>\n<\/table>\n<p>&nbsp;<\/p>\n<h3 class=\"AnswerParser_AnswerParserH3__Mpe4s\">1. Kompatibilnost i funkcionalnost NFC oznake<\/h3>\n<p><span class=\"AnswerParser_TextContainer__z_Iiv\" data-testid=\"youchat-text\">The\u00a0<strong>ICODE SLI X NFC oznaka<\/strong>\u00a0kompatibilan je sa \u0161irokim rasponom\u00a0<strong>Ure\u0111aji s omogu\u0107enom NFC tehnologijom<\/strong>, uklju\u010duju\u0107i pametne telefone i tablete. Ova kompatibilnost korisnicima omogu\u0107uje jednostavno\u00a0<strong>\u010ditaj NFC<\/strong>\u00a0oznake koriste\u0107i svoje ure\u0111aje, bez obzira na to koriste li\u00a0<strong>iPhone<\/strong>\u00a0ili an\u00a0<strong>Android<\/strong>\u00a0telefon. Integracija\u00a0<strong>NFC tehnologija<\/strong>\u00a0zna\u010di da korisnici mogu brzo prisloniti svoje ure\u0111aje na oznaku za trenutni pristup podacima, \u0161to ga \u010dini idealnim za posjetnice, sustave sigurnog unosa ili dijeljenje informacija.<\/span><span class=\"AnswerParser_TextContainer__z_Iiv\" data-testid=\"youchat-text\">Oznaka je dizajnirana za kori\u0161tenje u raznim aplikacijama, omogu\u0107uju\u0107i tvrtkama da pojednostave poslovanje i pobolj\u0161aju komunikaciju. Bilo da ga koristite kao dio a\u00a0<strong>patrolni sustav<\/strong>\u00a0ili za pra\u0107enje imovine, ICODE SLI X pru\u017ea pouzdano rje\u0161enje koje se mo\u017ee pokazati neprocjenjivim u svakodnevnim operacijama.<\/span><\/p>\n<h3 class=\"AnswerParser_AnswerParserH3__Mpe4s\">2. Performanse NFC oznake na metalu<\/h3>\n<p><span class=\"AnswerParser_TextContainer__z_Iiv\" data-testid=\"youchat-text\">Jedna od istaknutih zna\u010dajki ICODE SLI X je njegova sposobnost da u\u010dinkovito funkcionira kao\u00a0<strong>metalna NFC oznaka<\/strong>. Tradicionalne NFC oznake \u010desto se bore s metalnim povr\u0161inama zbog smetnji, ali ova oznaka koristi napredne\u00a0<strong>antimetalna tehnologija<\/strong>\u00a0kako bi se osigurala pouzdana izvedba. To zna\u010di da ga mo\u017eete sigurno pri\u010dvrstiti na metalne povr\u0161ine bez gubitka funkcionalnosti, \u0161to ga \u010dini savr\u0161enim za industrijske postavke ili sigurnosne kontrolne to\u010dke.<\/span><span class=\"AnswerParser_TextContainer__z_Iiv\" data-testid=\"youchat-text\">Kada je pri\u010dvr\u0161\u0107en na metal, ICODE SLI X odr\u017eava sna\u017enu vezu s NFC ure\u0111ajima, omogu\u0107uju\u0107i besprijekoran prijenos podataka bez potrebe za dodatnom opremom. Ova zna\u010dajka posebno je korisna za tvrtke koje \u017eele implementirati\u00a0<strong>beskontaktna rje\u0161enja<\/strong>\u00a0u te\u0161kim okru\u017eenjima.<\/span><\/p>\n<h3 class=\"AnswerParser_AnswerParserH3__Mpe4s\">3. Mogu\u0107nosti prilagodbe za razli\u010dite primjene<\/h3>\n<p><span class=\"AnswerParser_TextContainer__z_Iiv\" data-testid=\"youchat-text\">Prilagodba je klju\u010dna kada se radi o implementaciji NFC tehnologije u raznim industrijama. ICODE SLI X mo\u017ee se prilagoditi specifi\u010dnim zahtjevima, uklju\u010duju\u0107i veli\u010dinu i kapacitet memorije. S opcijama za\u00a0<strong>25 mm, 30 mm i 52 mm<\/strong>\u00a0promjera, tvrtke mogu odabrati savr\u0161enu veli\u010dinu za svoje potrebe.<\/span><span class=\"AnswerParser_TextContainer__z_Iiv\" data-testid=\"youchat-text\">Dodatno, kapacitet memorije se mo\u017ee prilagoditi, dopu\u0161taju\u0107i razli\u010dite potrebe za pohranom podataka. Trebate li jednostavan\u00a0<strong>NFC naljepnica<\/strong>\u00a0za posjetnicu ili slo\u017eenije rje\u0161enje za pra\u0107enje imovine, ICODE SLI X mo\u017ee se prilagoditi kako bi pru\u017eio pravu funkcionalnost.<\/span><\/p>\n<h3 class=\"AnswerParser_AnswerParserH3__Mpe4s\">4. Dizajn otporan na okoli\u0161<\/h3>\n<p><span class=\"AnswerParser_TextContainer__z_Iiv\" data-testid=\"youchat-text\">S an\u00a0<strong>IP65<\/strong>\u00a0ICODE SLI X je dizajniran da izdr\u017ei izlo\u017eenost pra\u0161ini i vlazi, \u0161to ga \u010dini prikladnim za vanjsku i industrijsku upotrebu. Oznaka mo\u017ee raditi na temperaturama u rasponu od\u00a0<strong>-40\u00b0C do 80\u00b0C<\/strong>, osiguravaju\u0107i dosljedne performanse u ekstremnim uvjetima.<\/span><span class=\"AnswerParser_TextContainer__z_Iiv\" data-testid=\"youchat-text\">Ova robusnost zna\u010di da se tvrtke mogu osloniti na ICODE SLI X za\u00a0<strong>dugotrajna uporaba<\/strong>, smanjuju\u0107i potrebu za \u010destim zamjenama i u kona\u010dnici smanjuju\u0107i tro\u0161kove. Trajnost oznake osigurava da mo\u017ee pre\u017eivjeti u najte\u017eim okru\u017eenjima, \u0161to je \u010dini pametnom investicijom za bilo koju operaciju.<\/span><\/p>\n<h3 class=\"AnswerParser_AnswerParserH3__Mpe4s\">5. Jednostavna instalacija i kori\u0161tenje<\/h3>\n<p><span class=\"AnswerParser_TextContainer__z_Iiv\" data-testid=\"youchat-text\">Instalacija ICODE SLI X je jednostavna, zahvaljuju\u0107i svom dizajnu koji sadr\u017ei a\u00a0<strong>rupa za vijak<\/strong>\u00a0za sigurno pri\u010dvr\u0161\u0107ivanje. Bilo da ga odlu\u010dite pridr\u017eavati\u00a0<strong>ljepilo NFC<\/strong>\u00a0podlogom ili vijcima na mjesto, postupak postavljanja je jednostavan i u\u010dinkovit.<\/span><span class=\"AnswerParser_TextContainer__z_Iiv\" data-testid=\"youchat-text\">Nakon instaliranja, kori\u0161tenje oznake je jednako jednostavno. Korisnici mogu jednostavno\u00a0<strong>dodirnite oznaku<\/strong>\u00a0sa svojim\u00a0<strong>Telefon s omogu\u0107enom NFC tehnologijom<\/strong>\u00a0za pristup informacijama ili izvr\u0161avanje naredbi. Ova jednostavnost kori\u0161tenja \u010dini ICODE SLI X idealnim izborom za tvrtke koje \u017eele implementirati\u00a0<strong>be\u017ei\u010dna komunikacija<\/strong>\u00a0bez slo\u017eenosti tradicionalnih sustava.<\/span><\/p>\n<h3 class=\"AnswerParser_AnswerParserH3__Mpe4s\">6. \u010cesto postavljana pitanja o ICODE SLI X NFC oznaci<\/h3>\n<p><span class=\"AnswerParser_TextContainer__z_Iiv\" data-testid=\"youchat-text\"><strong>P: Mo\u017ee li se ICODE SLI X koristiti za beskontaktno pla\u0107anje?<\/strong><br \/>\nO: Iako je ICODE SLI X dizajniran za prijenos podataka i komunikaciju, mo\u017ee se integrirati u sustave koji podr\u017eavaju beskontaktna pla\u0107anja, ali sam po sebi nije ure\u0111aj za obradu pla\u0107anja.<\/span><\/p>\n<p><span class=\"AnswerParser_TextContainer__z_Iiv\" data-testid=\"youchat-text\"><strong>P: Je li ICODE SLI X vodootporan?<\/strong><br \/>\nO: ICODE SLI X ima ocjenu IP65, \u0161to ga \u010dini otpornim na pra\u0161inu i prskanje vodom, ali nije u potpunosti vodootporan. Pogodan je za vanjsku upotrebu u razli\u010ditim vremenskim uvjetima.<\/span><\/p>\n<p><span class=\"AnswerParser_TextContainer__z_Iiv\" data-testid=\"youchat-text\"><strong>P: Koliko dugo traje baterija?<\/strong><br \/>\nO: NFC oznake poput ICODE SLI X nemaju bateriju; crpe energiju iz ure\u0111aja koji podr\u017eava NFC kada se dodirnu, osiguravaju\u0107i dugotrajnu funkcionalnost uz minimalno odr\u017eavanje.<\/span><\/p>","protected":false},"excerpt":{"rendered":"<p>The <strong>ICODE SLI X Patrol NFC oznaka<\/strong> isti\u010de se kao pouzdano i svestrano RFID rje\u0161enje za rad i ophodnju za potrebe komunikacije na metalu.<\/p>","protected":false},"featured_media":2763,"template":"","meta":{"_kad_post_transparent":"default","_kad_post_title":"","_kad_post_layout":"default","_kad_post_sidebar_id":"","_kad_post_content_style":"default","_kad_post_vertical_padding":"default","_kad_post_feature":"","_kad_post_feature_position":"","_kad_post_header":false,"_kad_post_footer":false,"_kad_post_classname":""},"product_brand":[],"product_cat":[54],"product_tag":[133,320,321],"class_list":{"0":"post-2761","1":"product","2":"type-product","3":"status-publish","4":"has-post-thumbnail","6":"product_cat-hot-selling-rfid-tags","7":"product_tag-i-code-slix-nfc-tag","8":"product_tag-iso15693-nfc-tag","9":"product_tag-patrol-nfc-tag","11":"first","12":"instock","13":"shipping-taxable","14":"product-type-simple","15":"entry","16":"content-bg","17":"loop-entry"},"_links":{"self":[{"href":"https:\/\/rfid-laundry-tag.com\/hr\/wp-json\/wp\/v2\/product\/2761","targetHints":{"allow":["GET"]}}],"collection":[{"href":"https:\/\/rfid-laundry-tag.com\/hr\/wp-json\/wp\/v2\/product"}],"about":[{"href":"https:\/\/rfid-laundry-tag.com\/hr\/wp-json\/wp\/v2\/types\/product"}],"version-history":[{"count":1,"href":"https:\/\/rfid-laundry-tag.com\/hr\/wp-json\/wp\/v2\/product\/2761\/revisions"}],"predecessor-version":[{"id":2765,"href":"https:\/\/rfid-laundry-tag.com\/hr\/wp-json\/wp\/v2\/product\/2761\/revisions\/2765"}],"wp:featuredmedia":[{"embeddable":true,"href":"https:\/\/rfid-laundry-tag.com\/hr\/wp-json\/wp\/v2\/media\/2763"}],"wp:attachment":[{"href":"https:\/\/rfid-laundry-tag.com\/hr\/wp-json\/wp\/v2\/media?parent=2761"}],"wp:term":[{"taxonomy":"product_brand","embeddable":true,"href":"https:\/\/rfid-laundry-tag.com\/hr\/wp-json\/wp\/v2\/product_brand?post=2761"},{"taxonomy":"product_cat","embeddable":true,"href":"https:\/\/rfid-laundry-tag.com\/hr\/wp-json\/wp\/v2\/product_cat?post=2761"},{"taxonomy":"product_tag","embeddable":true,"href":"https:\/\/rfid-laundry-tag.com\/hr\/wp-json\/wp\/v2\/product_tag?post=2761"}],"curies":[{"name":"radni list","href":"https:\/\/api.w.org\/{rel}","templated":true}]}}