{"id":275,"date":"2024-06-21T16:36:22","date_gmt":"2024-06-21T16:36:22","guid":{"rendered":"https:\/\/rfid-laundry-tag.com\/?post_type=product&#038;p=275"},"modified":"2024-08-14T15:51:48","modified_gmt":"2024-08-14T15:51:48","slug":"arc-uhf-rfid-label-for-retail-inventory","status":"publish","type":"product","link":"https:\/\/rfid-laundry-tag.com\/hr\/arc-uhf-rfid-label-for-retail-inventory\/","title":{"rendered":"ARC UHF RFID naljepnica za maloprodajni inventar"},"content":{"rendered":"<table class=\"is-zebra all magic-8\">\n<tbody>\n<tr>\n<td colspan=\"1\" rowspan=\"1\">\n<div class=\"magic-9\">Specifikacija:<\/div>\n<\/td>\n<td colspan=\"1\" rowspan=\"1\">\n<div class=\"magic-10\" data-spm-anchor-id=\"a2700.details.0.i56.7f4b711d2WlIPD\">80mm*20mm,70*14.5mm,30*50mm, (prilagodljivo)<\/div>\n<\/td>\n<\/tr>\n<tr>\n<td colspan=\"1\" rowspan=\"1\">\n<div class=\"magic-9\">Materijali za pakiranje:<\/div>\n<\/td>\n<td colspan=\"1\" rowspan=\"1\">\n<div class=\"magic-10\">Premazani papir \/PVC\/PET, itd<\/div>\n<\/td>\n<\/tr>\n<tr>\n<td colspan=\"1\" rowspan=\"1\">\n<div class=\"magic-9\">Opseg primjene:<\/div>\n<\/td>\n<td colspan=\"1\" rowspan=\"1\">\n<div class=\"magic-10\">Maloprodaja u supermarketu, odje\u0107a, obu\u0107a i \u0161e\u0161iri, sljedivost protiv krivotvorina, upravljanje skladi\u0161tenjem itd.<\/div>\n<\/td>\n<\/tr>\n<tr>\n<td colspan=\"1\" rowspan=\"1\">\n<div class=\"magic-9\">Ciklus prepisivanja:<\/div>\n<\/td>\n<td colspan=\"1\" rowspan=\"1\">\n<div class=\"magic-10\">10W puta<\/div>\n<\/td>\n<\/tr>\n<tr>\n<td colspan=\"1\" rowspan=\"1\">\n<div class=\"magic-11\">Udaljenost osjeta:<\/div>\n<\/td>\n<td colspan=\"1\" rowspan=\"1\">\n<div class=\"magic-12\">\u00a015m<\/div>\n<\/td>\n<\/tr>\n<tr>\n<td colspan=\"1\" rowspan=\"1\">\n<div class=\"magic-11\">\u010cip:<\/div>\n<\/td>\n<td colspan=\"1\" rowspan=\"1\">\n<div class=\"magic-12\">Alien Higgs 3, H9, H10, U9, U10 itd<\/div>\n<\/td>\n<\/tr>\n<tr>\n<td colspan=\"1\" rowspan=\"1\">\n<div class=\"magic-11\">Zna\u010dajke:<\/div>\n<\/td>\n<td colspan=\"1\" rowspan=\"1\">\n<div class=\"magic-12\">ARC certificiran, ispisan i kompatibilan s raznim markama pisa\u010da<\/div>\n<\/td>\n<\/tr>\n<tr>\n<td colspan=\"1\" rowspan=\"1\">\n<div class=\"magic-13\">Radna frekvencija:<\/div>\n<\/td>\n<td colspan=\"1\" rowspan=\"1\">\n<div class=\"magic-14\" data-spm-anchor-id=\"a2700.details.0.i55.7f4b711d2WlIPD\">860-960MHz<\/div>\n<\/td>\n<\/tr>\n<\/tbody>\n<\/table>\n<p>&nbsp;<\/p>\n<p><b>RFID naljepnice<\/b> op\u0107enito se upravlja RFID lijepljenjem i jednostavnom upotrebom i lijepljenjem. To je relativno jednostavan sloj entiteta, ekonomija slojeva i sklop. RFID lijepljenje je vrsta aplikacije koja mora biti prakti\u010dna na ciljnoj povr\u0161ini, a tako\u0111er se mo\u017ee lako primijeniti na odje\u0107u. Primjenjuje se na upravljanje\/naplata supermarketa, upravljanje prijevozom, upravljanje imovinom itd.<\/p>\n<p><b>Tiskarski obrt:<\/b> 1. Postupci ispisa kao \u0161to su tisak u roli, digitalni tisak, tisak na listove, sitotisak, dvodimenzionalno raspr\u0161ivanje koda, raspr\u0161ivanje barkoda, varijabilna koli\u010dina barkoda itd. 2. Materijali za ispis su: presvu\u010deni papir, PVC, PET bijeli, sinteti\u010dki papir, termalni papir, prozirni zmaj, dvostruko ljepljivi papir.<\/p>\n<div><b>Izborno: <\/b><\/div>\n<div data-spm-anchor-id=\"a2700.details.0.i77.2a8f6864Jckp2O\">Personalizirana prilagodba; sitotisak, broj ispisan sprejem (UID kod, EPC kod, bar kod, itd.) Osigurajte opciju ljepila. Usluga kodiranja. Ostale usluge prema va\u0161em zahtjevu.<\/div>\n<div data-spm-anchor-id=\"a2700.details.0.i77.2a8f6864Jckp2O\"><\/div>\n<div data-spm-anchor-id=\"a2700.details.0.i77.2a8f6864Jckp2O\">\n<div class=\"J_module\">\n<div id=\"ali-anchor-AliMagic-o3qbn0\" class=\"magic-12\" data-section=\"AliMagic-o3qbn0\" data-section-title=\"Avaliable Chip\" data-spm-anchor-id=\"a2700.details.0.i50.22492d905vHxQE\">Dostupan \u010dip<\/div>\n<\/div>\n<div class=\"J_module\">\n<div class=\"ife-detail-decorate-table\">\n<table class=\"all magic-23\">\n<tbody>\n<tr>\n<td colspan=\"1\" rowspan=\"3\">\n<div class=\"magic-24\">\n<div class=\"magic-2\" data-spm-anchor-id=\"a2700.custom-template.0.i380.a89a33331THEnR\"><b class=\"magic-25\">\u00a0<\/b><\/div>\n<div class=\"magic-2\" data-spm-anchor-id=\"a2700.custom-template.0.i380.a89a33331THEnR\"><b class=\"magic-25\">Vrsta \u010dipa<\/b><\/div>\n<\/div>\n<\/td>\n<td colspan=\"2\" rowspan=\"1\">\n<div class=\"magic-26\">\n<div class=\"magic-2\" data-spm-anchor-id=\"a2700.custom-template.0.i9.4058333366sJMP\"><b class=\"magic-25\">Rezervirano<\/b><\/div>\n<\/div>\n<\/td>\n<td colspan=\"1\" rowspan=\"1\">\n<div class=\"magic-29\">\n<div class=\"magic-2\"><b class=\"magic-25\" data-spm-anchor-id=\"a2700.custom-template.0.i425.a89a33331THEnR\">EPC<\/b><\/div>\n<\/div>\n<\/td>\n<td colspan=\"1\" rowspan=\"1\">\n<div class=\"magic-30\">\n<div class=\"magic-2\"><b>Korisnik<\/b><\/div>\n<\/div>\n<\/td>\n<td colspan=\"1\" rowspan=\"3\">\n<div class=\"magic-31\">\n<div class=\"magic-2\"><b>\u00a0<\/b><\/div>\n<div class=\"magic-2\"><b>Protokol<\/b><\/div>\n<\/div>\n<\/td>\n<td colspan=\"1\" rowspan=\"3\">\n<div class=\"magic-32\">\n<div class=\"magic-2\"><b>\u00a0<\/b><\/div>\n<div class=\"magic-2\"><b>Frekvencija<\/b><\/div>\n<\/div>\n<\/td>\n<\/tr>\n<tr>\n<td colspan=\"1\" rowspan=\"2\">\n<div class=\"magic-34\">\n<div class=\"magic-2\" data-spm-anchor-id=\"a2700.custom-template.0.i437.a89a33331THEnR\">Pristup<\/div>\n<div class=\"magic-2\">(bitovi)<\/div>\n<\/div>\n<\/td>\n<td colspan=\"1\" rowspan=\"2\">\n<div class=\"magic-35\">\n<div class=\"magic-2\">Ubiti<\/div>\n<div class=\"magic-2\" data-spm-anchor-id=\"a2700.details.0.i51.22492d905vHxQE\">(bitovi)<\/div>\n<\/div>\n<\/td>\n<td colspan=\"1\" rowspan=\"2\">\n<div class=\"magic-34\">\n<div class=\"magic-2\">EPC<\/div>\n<div class=\"magic-2\">(bitovi)<\/div>\n<\/div>\n<\/td>\n<td colspan=\"1\" rowspan=\"2\">\n<div class=\"magic-36\">\n<div class=\"magic-2\">korisnik<\/div>\n<div class=\"magic-2\">(bitovi)<\/div>\n<\/div>\n<\/td>\n<\/tr>\n<tr>\n<td colspan=\"7\" rowspan=\"1\">\n<div class=\"magic-39\">\n<div class=\"magic-2\" data-spm-anchor-id=\"a2700.custom-template.0.i20.a89a3333ytXRbS\"><b data-spm-anchor-id=\"a2700.custom-template.0.i12.4058333366sJMP\"><span class=\"magic-40\">NXP<\/span><\/b><\/div>\n<\/div>\n<\/td>\n<\/tr>\n<tr>\n<td colspan=\"1\" rowspan=\"1\">\n<div class=\"magic-33\">UCODE\u00ae 9<\/div>\n<\/td>\n<td colspan=\"1\" rowspan=\"1\">\n<div class=\"magic-29\">\n<div class=\"magic-2\">32<\/div>\n<\/div>\n<\/td>\n<td colspan=\"1\" rowspan=\"1\">\n<div class=\"magic-28\">\n<div class=\"magic-2\">32<\/div>\n<\/div>\n<\/td>\n<td colspan=\"1\" rowspan=\"1\">\n<div class=\"magic-29\">\n<div class=\"magic-2\" data-spm-anchor-id=\"a2700.custom-template.0.i5.a89a3333hCDHmj\">96<\/div>\n<\/div>\n<\/td>\n<td colspan=\"1\" rowspan=\"1\">\n<div class=\"magic-30\">\n<div class=\"magic-2\">\u2013<\/div>\n<\/div>\n<\/td>\n<td colspan=\"1\" rowspan=\"4\">\n<div class=\"magic-31\">\n<div class=\"magic-2\" data-spm-anchor-id=\"a2700.custom-template.0.i472.a89a33331THEnR\"><\/div>\n<div class=\"magic-2\" data-spm-anchor-id=\"a2700.custom-template.0.i473.a89a33331THEnR\"><\/div>\n<div class=\"magic-2\" data-spm-anchor-id=\"a2700.custom-template.0.i473.a89a33331THEnR\">ISO18000-6C<\/div>\n<div class=\"magic-2\" data-spm-anchor-id=\"a2700.custom-template.0.i466.a89a33331THEnR\">Klasa 1 Gen 2<\/div>\n<\/div>\n<\/td>\n<td colspan=\"1\" rowspan=\"4\">\n<div class=\"magic-32\">\n<div class=\"magic-2\"><\/div>\n<div class=\"magic-2\"><\/div>\n<div class=\"magic-2\">860~960MHz<\/div>\n<\/div>\n<\/td>\n<\/tr>\n<tr>\n<td colspan=\"1\" rowspan=\"1\">\n<div class=\"magic-33\">UCODE\u00ae 8\/8m<\/div>\n<\/td>\n<td colspan=\"1\" rowspan=\"1\">\n<div class=\"magic-29\">\n<div class=\"magic-2\">32<\/div>\n<\/div>\n<\/td>\n<td colspan=\"1\" rowspan=\"1\">\n<div class=\"magic-28\">\n<div class=\"magic-2\">32<\/div>\n<\/div>\n<\/td>\n<td colspan=\"1\" rowspan=\"1\">\n<div class=\"magic-29\">\n<div class=\"magic-2\">128\/96<\/div>\n<\/div>\n<\/td>\n<td colspan=\"1\" rowspan=\"1\">\n<div class=\"magic-41\">\n<div class=\"magic-2\">0\/32<\/div>\n<\/div>\n<\/td>\n<\/tr>\n<tr>\n<td colspan=\"1\" rowspan=\"1\">\n<div class=\"magic-33\">UCODE\u00ae 7m<\/div>\n<\/td>\n<td colspan=\"1\" rowspan=\"1\">\n<div class=\"magic-29\">\n<div class=\"magic-2\">32<\/div>\n<\/div>\n<\/td>\n<td colspan=\"1\" rowspan=\"1\">\n<div class=\"magic-28\">\n<div class=\"magic-2\">0<\/div>\n<\/div>\n<\/td>\n<td colspan=\"1\" rowspan=\"1\">\n<div class=\"magic-29\">\n<div class=\"magic-2\">128<\/div>\n<\/div>\n<\/td>\n<td colspan=\"1\" rowspan=\"1\">\n<div class=\"magic-41\">\n<div class=\"magic-2\">32<\/div>\n<\/div>\n<\/td>\n<\/tr>\n<tr>\n<td colspan=\"1\" rowspan=\"1\">\n<div class=\"magic-33\">UCODE\u00ae 7<\/div>\n<\/td>\n<td colspan=\"1\" rowspan=\"1\">\n<div class=\"magic-29\">\n<div class=\"magic-2\">32<\/div>\n<\/div>\n<\/td>\n<td colspan=\"1\" rowspan=\"1\">\n<div class=\"magic-28\">\n<div class=\"magic-2\">32<\/div>\n<\/div>\n<\/td>\n<td colspan=\"1\" rowspan=\"1\">\n<div class=\"magic-29\">\n<div class=\"magic-2\">128<\/div>\n<\/div>\n<\/td>\n<td colspan=\"1\" rowspan=\"1\">\n<div class=\"magic-41\">\n<div class=\"magic-2\">0<\/div>\n<\/div>\n<\/td>\n<\/tr>\n<tr>\n<td colspan=\"7\" rowspan=\"1\">\n<div class=\"magic-42\"><b data-spm-anchor-id=\"a2700.custom-template.0.i92.a89a3333ytXRbS\">UCODE su registrirani za\u0161titni znakovi NXP BV i koriste se pod licencom.<\/b><\/div>\n<\/td>\n<\/tr>\n<\/tbody>\n<\/table>\n<\/div>\n<\/div>\n<\/div>","protected":false},"excerpt":{"rendered":"<p><span data-spm-anchor-id=\"a2700.details.0.i75.2a8f6864Jckp2O\">Walmart koristi RFID za pove\u0107anje zadovoljstva i u\u010dinkovitosti kupaca pove\u0107anjem to\u010dnosti preuzimanja i smanjenjem pojave nezadovoljavaju\u0107ih artikala.<\/span><\/p>","protected":false},"featured_media":276,"template":"","meta":{"_kad_post_transparent":"default","_kad_post_title":"","_kad_post_layout":"default","_kad_post_sidebar_id":"","_kad_post_content_style":"default","_kad_post_vertical_padding":"default","_kad_post_feature":"","_kad_post_feature_position":"","_kad_post_header":false,"_kad_post_footer":false,"_kad_post_classname":""},"product_brand":[],"product_cat":[54],"product_tag":[104,103,98],"class_list":{"0":"post-275","1":"product","2":"type-product","3":"status-publish","4":"has-post-thumbnail","6":"product_cat-hot-selling-rfid-tags","7":"product_tag-arc-uhf-rfid-label","8":"product_tag-arc-uhf-rfid-label-for-retail-inventory","9":"product_tag-uhf-rfid-label","11":"first","12":"instock","13":"shipping-taxable","14":"product-type-simple","15":"entry","16":"content-bg","17":"loop-entry"},"_links":{"self":[{"href":"https:\/\/rfid-laundry-tag.com\/hr\/wp-json\/wp\/v2\/product\/275","targetHints":{"allow":["GET"]}}],"collection":[{"href":"https:\/\/rfid-laundry-tag.com\/hr\/wp-json\/wp\/v2\/product"}],"about":[{"href":"https:\/\/rfid-laundry-tag.com\/hr\/wp-json\/wp\/v2\/types\/product"}],"version-history":[{"count":1,"href":"https:\/\/rfid-laundry-tag.com\/hr\/wp-json\/wp\/v2\/product\/275\/revisions"}],"predecessor-version":[{"id":1302,"href":"https:\/\/rfid-laundry-tag.com\/hr\/wp-json\/wp\/v2\/product\/275\/revisions\/1302"}],"wp:featuredmedia":[{"embeddable":true,"href":"https:\/\/rfid-laundry-tag.com\/hr\/wp-json\/wp\/v2\/media\/276"}],"wp:attachment":[{"href":"https:\/\/rfid-laundry-tag.com\/hr\/wp-json\/wp\/v2\/media?parent=275"}],"wp:term":[{"taxonomy":"product_brand","embeddable":true,"href":"https:\/\/rfid-laundry-tag.com\/hr\/wp-json\/wp\/v2\/product_brand?post=275"},{"taxonomy":"product_cat","embeddable":true,"href":"https:\/\/rfid-laundry-tag.com\/hr\/wp-json\/wp\/v2\/product_cat?post=275"},{"taxonomy":"product_tag","embeddable":true,"href":"https:\/\/rfid-laundry-tag.com\/hr\/wp-json\/wp\/v2\/product_tag?post=275"}],"curies":[{"name":"radni list","href":"https:\/\/api.w.org\/{rel}","templated":true}]}}