{"id":2742,"date":"2024-10-11T16:12:50","date_gmt":"2024-10-11T16:12:50","guid":{"rendered":"https:\/\/rfid-laundry-tag.com\/?post_type=product&#038;p=2742"},"modified":"2024-10-29T14:33:03","modified_gmt":"2024-10-29T14:33:03","slug":"epoxy-menu-nfc-tags","status":"publish","type":"product","link":"https:\/\/rfid-laundry-tag.com\/hr\/epoxy-menu-nfc-tags\/","title":{"rendered":"Epoxy NFC oznake izbornika"},"content":{"rendered":"<p><span class=\"AnswerParser_TextContainer__z_Iiv\" data-testid=\"youchat-text\"><strong>Epoxy NFC oznake izbornika<\/strong>\u00a0iskoristite vrhunsku tehnologiju NFC-a i QR koda za promjenu na\u010dina na koji gosti komuniciraju s izbornicima. Ove inovativne oznake omogu\u0107uju korisnicima brzo pregledavanje i naru\u010divanje izravno sa svojih pametnih telefona, pobolj\u0161avaju\u0107i njihovo iskustvo objedovanja dok pojednostavljuje rad restorana, kafi\u0107a i barova. S prilagodljivim dizajnom i robusnim zna\u010dajkama, ove oznake su nezaobilazne za svaku modernu ustanovu.<\/span><\/p>\n<h2 class=\"AnswerParser_AnswerParserH2__SIHnF\">Opis proizvoda<\/h2>\n<h3 class=\"AnswerParser_AnswerParserH3__Mpe4s\">1. \u0160to su Epoxy Menu NFC oznake?<\/h3>\n<p><span class=\"AnswerParser_TextContainer__z_Iiv\" data-testid=\"youchat-text\">Epoxy Menu NFC oznake napredni su digitalni alati dizajnirani za olak\u0161avanje besprijekornog pristupa jelovnicima i naru\u010divanja. Izra\u0111ene od izdr\u017eljivih materijala poput PVC-a i opremljene NFC \u010dipovima, ove oznake mogu se prilagoditi logotipima, serijskim brojevima, pa \u010dak i dinami\u010dkim QR kodovima. Njihova epoksidna ljepljiva povr\u0161ina osigurava dugotrajnost i otpornost, \u0161to ih \u010dini prikladnima za razli\u010dita okru\u017eenja.<\/span><\/p>\n<h3 class=\"AnswerParser_AnswerParserH3__Mpe4s\">2. Klju\u010dne zna\u010dajke Epoxy Menu NFC oznaka<\/h3>\n<ul class=\"AnswerParser_AnswerParserUnorderedList__P_1FW\">\n<li class=\"AnswerParser_ListItem__XqLOV\" translate=\"yes\"><strong>Izdr\u017eljivost<\/strong>: Povr\u0161ina od epoksidne smole pru\u017ea iznimnu za\u0161titu od ulja, vode, ogrebotina i UV zraka, osiguravaju\u0107i da oznake ostanu funkcionalne i vizualno privla\u010dne tijekom vremena.<\/li>\n<li class=\"AnswerParser_ListItem__XqLOV\" translate=\"yes\"><strong>Svestranost<\/strong>: S dostupnim veli\u010dinama u okruglim (F60 mm, F75 mm, F100 mm) i kvadratnim (80x80 mm), ove oznake mogu se prilagoditi kako bi odgovarale bilo kojem zahtjevu estetike dizajna ili brendiranja.<\/li>\n<li class=\"AnswerParser_ListItem__XqLOV\" translate=\"yes\"><strong>Kompatibilnost<\/strong>: Antimetalni sloj omogu\u0107uje ovim oznakama da u\u010dinkovito funkcioniraju i na metalnim i na nemetalnim povr\u0161inama, \u0161to ih \u010dini idealnim za razli\u010dite primjene.<\/li>\n<\/ul>\n<h3 class=\"AnswerParser_AnswerParserH3__Mpe4s\">3. Tehni\u010dke specifikacije<\/h3>\n<table class=\"has-title all magic-15\">\n<tbody>\n<tr>\n<td colspan=\"1\" rowspan=\"1\">\n<div class=\"magic-16\" data-spm-anchor-id=\"a2700.details.0.i39.7beebf0eKrXqHT\"><span class=\"magic-17\">Artikal<\/span><\/div>\n<\/td>\n<td colspan=\"1\" rowspan=\"1\">\n<div class=\"magic-18\"><span class=\"magic-17\">Epoxy NFC oznake izbornika <\/span><\/div>\n<\/td>\n<\/tr>\n<tr>\n<td colspan=\"1\" rowspan=\"1\">\n<div class=\"magic-16\"><span class=\"magic-17\">Posebne zna\u010dajke<\/span><\/div>\n<\/td>\n<td colspan=\"1\" rowspan=\"1\">\n<div class=\"magic-18\"><span class=\"magic-17\">Vodootporan\/otporan na vremenske uvjete<\/span><\/div>\n<\/td>\n<\/tr>\n<tr>\n<td colspan=\"1\" rowspan=\"1\">\n<div class=\"magic-16\"><span class=\"magic-17\">Komunikacijsko su\u010delje<\/span><\/div>\n<\/td>\n<td colspan=\"1\" rowspan=\"1\">\n<div class=\"magic-18\"><span class=\"magic-17\">NFC<\/span><\/div>\n<\/td>\n<\/tr>\n<tr>\n<td colspan=\"1\" rowspan=\"1\">\n<div class=\"magic-16\"><span class=\"magic-17\">Frekvencija<\/span><\/div>\n<\/td>\n<td colspan=\"1\" rowspan=\"1\">\n<div class=\"magic-18\"><span class=\"magic-17\">13,56 MHz<\/span><\/div>\n<\/td>\n<\/tr>\n<tr>\n<td colspan=\"1\" rowspan=\"1\">\n<div class=\"magic-16\"><span class=\"magic-17\">Materijal<\/span><\/div>\n<\/td>\n<td colspan=\"1\" rowspan=\"1\">\n<div class=\"magic-18\">Epoksi + PET\/PVC + NFC ulo\u017eak + antimetalni sloj + 3M ljepilo<\/div>\n<\/td>\n<\/tr>\n<tr>\n<td colspan=\"1\" rowspan=\"1\">\n<div class=\"magic-16\">Veli\u010dina<\/div>\n<\/td>\n<td colspan=\"1\" rowspan=\"1\">\n<div class=\"magic-18\">Okrugli: F60mm, F75mm, F100mm; Kvadratni: 80x80 mm ili prilago\u0111eni<\/div>\n<\/td>\n<\/tr>\n<tr>\n<td colspan=\"1\" rowspan=\"1\">\n<div class=\"magic-16\"><span class=\"magic-17\">Protokol<\/span><\/div>\n<\/td>\n<td colspan=\"1\" rowspan=\"1\">\n<div class=\"magic-18\"><span class=\"magic-17\">ISO 14443A<\/span><\/div>\n<\/td>\n<\/tr>\n<tr>\n<td colspan=\"1\" rowspan=\"1\">\n<div class=\"magic-16\"><span class=\"magic-17\">\u010cip<\/span><\/div>\n<\/td>\n<td colspan=\"1\" rowspan=\"1\">\n<div class=\"magic-18\">NTAG213, NTAG215, NTAG216 (dostupni i drugi \u010dipovi)<\/div>\n<\/td>\n<\/tr>\n<tr>\n<td colspan=\"1\" rowspan=\"1\">\n<div class=\"magic-16\"><span class=\"magic-17\">Memorija<\/span><\/div>\n<\/td>\n<td colspan=\"1\" rowspan=\"1\">\n<div class=\"magic-18\"><span class=\"magic-17\">144 bajta, 504 bajta, 888 bajta itd<\/span><\/div>\n<\/td>\n<\/tr>\n<tr>\n<td colspan=\"1\" rowspan=\"1\">\n<div class=\"magic-16\"><span class=\"magic-17\">Udaljenost \u010ditanja<\/span><\/div>\n<\/td>\n<td colspan=\"1\" rowspan=\"1\">\n<div class=\"magic-18\"><span class=\"magic-17\">3-15 cm ovisi o \u010dita\u010du i veli\u010dini oznake<\/span><\/div>\n<\/td>\n<\/tr>\n<tr>\n<td colspan=\"1\" rowspan=\"1\">\n<div class=\"magic-16\"><span class=\"magic-17\">Ispis<\/span><\/div>\n<\/td>\n<td colspan=\"1\" rowspan=\"1\">\n<div class=\"magic-18\"><span class=\"magic-17\">CMYK 4C tisak\/Offsetni tisak\/Sitotisak<\/span><\/div>\n<\/td>\n<\/tr>\n<tr>\n<td colspan=\"1\" rowspan=\"1\">\n<div class=\"magic-16\"><span class=\"magic-17\">Zanat<\/span><\/div>\n<\/td>\n<td colspan=\"1\" rowspan=\"1\">\n<div class=\"magic-18\"><span class=\"magic-17\">Laserski kod\\UV tinta\\Serijski broj\\Utiskivanje\\Termi\u010dki ispis<\/span><\/div>\n<\/td>\n<\/tr>\n<tr>\n<td colspan=\"1\" rowspan=\"1\">\n<div class=\"magic-16\"><span class=\"magic-17\">Povr\u0161inski<\/span><\/div>\n<\/td>\n<td colspan=\"1\" rowspan=\"1\">\n<div class=\"magic-18\"><span class=\"magic-17\">Sjajni \/ mat \/ matirani \/ prozirni<\/span><\/div>\n<\/td>\n<\/tr>\n<tr>\n<td colspan=\"1\" rowspan=\"1\">\n<div class=\"magic-16\"><span class=\"magic-17\">Funkcija<\/span><\/div>\n<\/td>\n<td colspan=\"1\" rowspan=\"1\">\n<div class=\"magic-18\"><span class=\"magic-17\" data-spm-anchor-id=\"a2700.details.0.i40.7beebf0eKrXqHT\">NFC dru\u0161tveni mediji, upravljanje logistikom, upravljanje imovinom, upravljanje opskrbnim lancem, upravljanje vozilima, kontrola proizvodnje, upravljanje skladi\u0161tem, upravljanje proizvodima, provjera proizvoda, pra\u0107enje imovine, pra\u0107enje rukovanja prtljagom, upravljanje inventarom, pla\u0107anje, narukvica, itd. Laminacija, pouzdano, glatko povr\u0161ina za ispis.<\/span><\/div>\n<\/td>\n<\/tr>\n<tr>\n<td colspan=\"1\" rowspan=\"1\">\n<div class=\"magic-16\"><span class=\"magic-17\">Te\u017eina kartice standardne veli\u010dine<\/span><\/div>\n<\/td>\n<td colspan=\"1\" rowspan=\"1\">\n<div class=\"magic-18\"><span class=\"magic-17\">120*120*4mm 0,058KG\/KOM\u00a0 \u00a0<\/span><\/p>\n<div data-spm-anchor-id=\"a2700.pc-decorate.0.i47.51c0333312LtHT\"><span class=\"magic-17\">Svaki paket naljepnica s Opp prozirnom vre\u0107icom,\u00a0\u00a0<\/span><\/div>\n<div data-spm-anchor-id=\"a2700.pc-decorate.0.i114.51c0333312LtHT\"><span class=\"magic-17\">320kom\/Crtani film<\/span><\/div>\n<\/div>\n<\/td>\n<\/tr>\n<\/tbody>\n<\/table>\n<h3 class=\"AnswerParser_AnswerParserH3__Mpe4s\">4. Mogu\u0107nosti prilagodbe<\/h3>\n<p><span class=\"AnswerParser_TextContainer__z_Iiv\" data-testid=\"youchat-text\">Jedna od istaknutih zna\u010dajki Epoxy Menu NFC oznaka je njihova mogu\u0107nost prilagodbe. Tvrtke mogu utisnuti svoje logotipe, jedinstvene identifikatore, pa \u010dak i dinami\u010dke QR kodove koji povezuju na odre\u0111ene promocije ili jelovnike. Ova razina personalizacije ne samo da pobolj\u0161ava vidljivost robne marke, ve\u0107 i uklju\u010duje kupce na jedinstven na\u010din.<\/span><\/p>\n<h3 class=\"AnswerParser_AnswerParserH3__Mpe4s\">5. Primjene u ugostiteljstvu<\/h3>\n<p><span class=\"AnswerParser_TextContainer__z_Iiv\" data-testid=\"youchat-text\">Epoxy Menu NFC oznake savr\u0161ene su za razli\u010dite primjene, uklju\u010duju\u0107i:<\/span><\/p>\n<ul class=\"AnswerParser_AnswerParserUnorderedList__P_1FW\">\n<li class=\"AnswerParser_ListItem__XqLOV\" translate=\"yes\"><strong>Digitalni izbornici<\/strong>: Gosti mogu pristupiti izborniku jednostavnim dodirivanjem pametnog telefona uz oznaku ili skeniranjem QR koda, smanjuju\u0107i potrebu za fizi\u010dkim izbornicima.<\/li>\n<li class=\"AnswerParser_ListItem__XqLOV\" translate=\"yes\"><strong>Brza naplata<\/strong>: Pojednostavite proces pla\u0107anja integracijom veza za pla\u0107anje izravno u NFC oznake.<\/li>\n<li class=\"AnswerParser_ListItem__XqLOV\" translate=\"yes\"><strong>Veze na dru\u0161tvene mre\u017ee<\/strong>: Potaknite klijente da podijele svoja iskustva povezivanjem na stranice dru\u0161tvenih medija ili platforme za recenzije.<\/li>\n<\/ul>\n<h3 class=\"AnswerParser_AnswerParserH3__Mpe4s\">6. Utjecaj na okoli\u0161<\/h3>\n<p><span class=\"AnswerParser_TextContainer__z_Iiv\" data-testid=\"youchat-text\">Kori\u0161tenje Epoxy Menu NFC oznaka mo\u017ee zna\u010dajno smanjiti otpadni papir povezan s tradicionalnim jelovnicima. Odlu\u010duju\u0107i se za digitalna rje\u0161enja, tvrtke pridonose odr\u017eivosti okoli\u0161a, a istovremeno pove\u0107avaju udobnost za korisnike.<\/span><\/p>\n<h3 class=\"AnswerParser_AnswerParserH3__Mpe4s\">7. Recenzije i povratne informacije kupaca<\/h3>\n<p><span class=\"AnswerParser_TextContainer__z_Iiv\" data-testid=\"youchat-text\">Kupci su pohvalili\u00a0<strong>Epoxy NFC oznake izbornika<\/strong>\u00a0zbog njihove trajnosti i jednostavnosti upotrebe. Mnogi su primijetili da su oznake pobolj\u0161ale njihovo iskustvo objedovanja pru\u017eanjem brzog pristupa jelovnicima i smanjenjem vremena \u010dekanja. Mogu\u0107nost a\u017euriranja stavki izbornika u stvarnom vremenu tako\u0111er je istaknuta kao zna\u010dajna prednost.<\/span><\/p>\n<h3 class=\"AnswerParser_AnswerParserH3__Mpe4s\">8. \u010cesta pitanja<\/h3>\n<p><span class=\"AnswerParser_TextContainer__z_Iiv\" data-testid=\"youchat-text\"><strong>P: Kako mogu instalirati Epoxy Menu NFC oznake?<\/strong><br \/>\nO: Jednostavno odlijepite podlogu 3M ljepila i zalijepite oznaku na \u010distu, suhu povr\u0161inu. Pobrinite se da bude postavljen na mjestu gdje mu korisnici mogu lako pristupiti.<\/span><span class=\"AnswerParser_TextContainer__z_Iiv\" data-testid=\"youchat-text\"><strong>P: Mogu li a\u017eurirati informacije o NFC oznakama?<\/strong><br \/>\nO: Da! Informacije se mogu a\u017eurirati u bilo kojem trenutku, \u0161to vam omogu\u0107uje da svoj jelovnik odr\u017eavate a\u017euriranim bez potrebe za novim oznakama.<\/span><span class=\"AnswerParser_TextContainer__z_Iiv\" data-testid=\"youchat-text\"><strong>P: Koja je minimalna koli\u010dina za narud\u017ebu?<\/strong><br \/>\nO: Minimalna koli\u010dina za narud\u017ebu je 100 komada, s boljom cijenom dostupnom za narud\u017ebe od 500 komada ili vi\u0161e.<\/span><\/p>\n<h3 class=\"AnswerParser_AnswerParserH3__Mpe4s\">9. Za\u0161to odabrati Epoxy Menu NFC oznake?<\/h3>\n<p><span class=\"AnswerParser_TextContainer__z_Iiv\" data-testid=\"youchat-text\">Ulaganje u\u00a0<strong>Epoxy NFC oznake izbornika<\/strong>\u00a0zna\u010di ulaganje u budu\u0107nost u kojoj je iskustvo korisnika prioritet. Ove oznake ne samo da pove\u0107avaju operativnu u\u010dinkovitost, ve\u0107 tako\u0111er daju moderan dodir tradicionalnim iskustvima objedovanja. Sa svojim robusnim zna\u010dajkama i prilagodljivim opcijama, oni su bitan alat za svaku ustanovu koja \u017eeli ostati ispred na konkurentnom ugostiteljskom tr\u017ei\u0161tu.<\/span><\/p>\n<h3 class=\"AnswerParser_AnswerParserH3__Mpe4s\">10. Zapo\u010dnite ve\u0107 danas!<\/h3>\n<p><span class=\"AnswerParser_TextContainer__z_Iiv\" data-testid=\"youchat-text\">Jeste li spremni unaprijediti svoje iskustvo objedovanja?\u00a0<strong>Kontaktirajte nas danas<\/strong>\u00a0zatra\u017eite besplatni uzorak na\u0161ih Epoxy Menu NFC oznaka i uvjerite se sami u razliku. Uz na\u0161u predanost kvaliteti i zadovoljstvu kupaca, tu smo da vam pomognemo na svakom koraku.<\/span><\/p>","protected":false},"excerpt":{"rendered":"<p>Obnovite blagovanje s Epoxy Menu NFC oznakama! Omogu\u0107ite brzi pristup jelovniku i narud\u017ebama putem pametnih telefona, pobolj\u0161avaju\u0107i iskustvo gostiju i optimiziraju\u0107i rad restorana.<\/p>","protected":false},"featured_media":2800,"template":"","meta":{"_kad_post_transparent":"default","_kad_post_title":"","_kad_post_layout":"default","_kad_post_sidebar_id":"","_kad_post_content_style":"default","_kad_post_vertical_padding":"default","_kad_post_feature":"","_kad_post_feature_position":"","_kad_post_header":false,"_kad_post_footer":false,"_kad_post_classname":""},"product_brand":[],"product_cat":[54],"product_tag":[277,333,217,332,331],"class_list":{"0":"post-2742","1":"product","2":"type-product","3":"status-publish","4":"has-post-thumbnail","6":"product_cat-hot-selling-rfid-tags","7":"product_tag-menu-nfc-tags","8":"product_tag-nfc-epoxy-sticker","9":"product_tag-nfc-tags","10":"product_tag-restaurant-desk-nfc-menu-tag","11":"product_tag-table-nfc-tags","13":"first","14":"instock","15":"shipping-taxable","16":"product-type-simple","17":"entry","18":"content-bg","19":"loop-entry"},"_links":{"self":[{"href":"https:\/\/rfid-laundry-tag.com\/hr\/wp-json\/wp\/v2\/product\/2742","targetHints":{"allow":["GET"]}}],"collection":[{"href":"https:\/\/rfid-laundry-tag.com\/hr\/wp-json\/wp\/v2\/product"}],"about":[{"href":"https:\/\/rfid-laundry-tag.com\/hr\/wp-json\/wp\/v2\/types\/product"}],"version-history":[{"count":1,"href":"https:\/\/rfid-laundry-tag.com\/hr\/wp-json\/wp\/v2\/product\/2742\/revisions"}],"predecessor-version":[{"id":2801,"href":"https:\/\/rfid-laundry-tag.com\/hr\/wp-json\/wp\/v2\/product\/2742\/revisions\/2801"}],"wp:featuredmedia":[{"embeddable":true,"href":"https:\/\/rfid-laundry-tag.com\/hr\/wp-json\/wp\/v2\/media\/2800"}],"wp:attachment":[{"href":"https:\/\/rfid-laundry-tag.com\/hr\/wp-json\/wp\/v2\/media?parent=2742"}],"wp:term":[{"taxonomy":"product_brand","embeddable":true,"href":"https:\/\/rfid-laundry-tag.com\/hr\/wp-json\/wp\/v2\/product_brand?post=2742"},{"taxonomy":"product_cat","embeddable":true,"href":"https:\/\/rfid-laundry-tag.com\/hr\/wp-json\/wp\/v2\/product_cat?post=2742"},{"taxonomy":"product_tag","embeddable":true,"href":"https:\/\/rfid-laundry-tag.com\/hr\/wp-json\/wp\/v2\/product_tag?post=2742"}],"curies":[{"name":"radni list","href":"https:\/\/api.w.org\/{rel}","templated":true}]}}