{"id":2714,"date":"2024-09-28T14:57:16","date_gmt":"2024-09-28T14:57:16","guid":{"rendered":"https:\/\/rfid-laundry-tag.com\/?post_type=product&#038;p=2714"},"modified":"2024-09-28T15:13:47","modified_gmt":"2024-09-28T15:13:47","slug":"custom-laundry-rfid-tag","status":"publish","type":"product","link":"https:\/\/rfid-laundry-tag.com\/hr\/custom-laundry-rfid-tag\/","title":{"rendered":"Prilago\u0111ena RFID oznaka za pranje rublja"},"content":{"rendered":"<div>\n<div class=\"auto-hide-last-sibling-br paragraph_1252f paragraph-element\">\n<table width=\"637\">\n<tbody>\n<tr>\n<td width=\"328\">Ime proizvoda:<\/td>\n<td width=\"309\"><strong>Prilago\u0111ena RFID oznaka za pranje rublja<\/strong><\/td>\n<\/tr>\n<tr>\n<td width=\"328\">RFID standard:<\/td>\n<td width=\"309\">ISO\/IEC 18000-6 TypeC (EPC Gen2)<\/td>\n<\/tr>\n<tr>\n<td width=\"328\">Veli\u010dina i te\u017eina:<\/td>\n<td width=\"309\">70\u00d715 mm, 0,6g<\/td>\n<\/tr>\n<tr>\n<td width=\"328\">Vrsta \u010dipa:<\/td>\n<td width=\"309\">Impinj Monza 4QT,NXP U KOD 8\uff0cNXP U KOD 9<\/td>\n<\/tr>\n<tr>\n<td width=\"328\">EPC memorija:<\/td>\n<td width=\"309\">128 bita<\/td>\n<\/tr>\n<tr>\n<td width=\"328\">Korisni\u010dka memorija:<\/td>\n<td width=\"309\">512 bita<\/td>\n<\/tr>\n<tr>\n<td width=\"328\">Raspon o\u010ditanja (2W ERP FCC):<\/td>\n<td width=\"309\">8m<\/td>\n<\/tr>\n<tr>\n<td width=\"328\">Raspon o\u010ditanja (2W ERP ETSI):<\/td>\n<td width=\"309\">8m<\/td>\n<\/tr>\n<tr>\n<td width=\"328\">Ozna\u010davanje:<\/td>\n<td width=\"309\">\u0160ivanje, Ljepilo za vru\u0107e \u017eigosanje<\/td>\n<\/tr>\n<tr>\n<td width=\"328\">Procijenjeni \u017eivotni vijek:<\/td>\n<td width=\"309\">200 ciklusa pranja ili 3 godine, \u0161to god nastupi prije<\/td>\n<\/tr>\n<tr>\n<td width=\"328\">Metoda pranja:<\/td>\n<td width=\"309\">Praonica rublja, Kemijsko \u010di\u0161\u0107enje<\/td>\n<\/tr>\n<tr>\n<td width=\"328\">Tlak ekstrakcije vode:<\/td>\n<td width=\"309\">60 bara<\/td>\n<\/tr>\n<tr>\n<td width=\"328\">Otpornost na vodu:<\/td>\n<td width=\"309\">Otporan na vodu<\/td>\n<\/tr>\n<tr>\n<td width=\"328\">Kemijska otpornost:<\/td>\n<td width=\"309\">Deterd\u017eent, omek\u0161iva\u010d, izbjeljiva\u010d (kisik\/ klor), lu\u017eina<\/td>\n<\/tr>\n<tr>\n<td width=\"328\">Prethodno su\u0161enje u posudi:<\/td>\n<td width=\"309\">125 \u00baC 15-20 minuta<\/td>\n<\/tr>\n<tr>\n<td width=\"328\">Temperatura sterilizacije:<\/td>\n<td width=\"309\">135\u00b0C 15-20 minuta<\/td>\n<\/tr>\n<tr>\n<td width=\"328\">Temperatura pranja:<\/td>\n<td width=\"309\">90\u00b0C, do 15 min.<\/td>\n<\/tr>\n<tr>\n<td width=\"328\">Radna vla\u017enost\/temperatura:<\/td>\n<td width=\"309\">-20 do 110\u00b0C, 8 do 95%RH<\/td>\n<\/tr>\n<tr>\n<td width=\"328\">Vla\u017enost\/temperatura-Skladi\u0161tenje:<\/td>\n<td width=\"309\">-40 do 110\u00b0C, 8 do 95%RH<\/td>\n<\/tr>\n<\/tbody>\n<\/table>\n<\/div>\n<\/div>\n<div class=\"auto-hide-last-sibling-br paragraph_1252f paragraph-element\">\n<h2 class=\"AnswerParser_AnswerParserH2__SIHnF\">Za\u0161to odabrati prilago\u0111enu RFID oznaku za pranje rublja?<\/h2>\n<p><span class=\"AnswerParser_TextContainer__z_Iiv\" data-testid=\"youchat-text\">Ulaganje u a\u00a0<strong>prilago\u0111ena RFID oznaka za pranje rublja<\/strong>\u00a0pobolj\u0161ava operativnu u\u010dinkovitost, smanjuje gubitke i pobolj\u0161ava kontrolu zaliha. Automatiziranjem procesa pra\u0107enja, tvrtke mogu u\u0161tedjeti vrijeme i resurse, a istodobno osigurati to\u010dnu evidenciju tekstilnih predmeta. Trajnost i kemijska otpornost ovih oznaka \u010dini ih idealnim za razli\u010dita okru\u017eenja za pranje rublja, pru\u017eaju\u0107i bezbri\u017enost korisnicima.<\/span><\/p>\n<h2 class=\"AnswerParser_AnswerParserH2__SIHnF\">Zna\u010dajke prilago\u0111ene RFID oznake za pranje rublja<\/h2>\n<h3 class=\"AnswerParser_AnswerParserH3__Mpe4s\">1. Izdr\u017eljiv dizajn koji se mo\u017ee prati<\/h3>\n<p><span class=\"AnswerParser_TextContainer__z_Iiv\" data-testid=\"youchat-text\">The\u00a0<strong>prilago\u0111ena RFID oznaka za pranje rublja<\/strong>\u00a0je posebno dizajniran da izdr\u017ei zahtjeve komercijalnog pranja rublja. S veli\u010dinom od 70 \u00d7 15 mm i te\u017einom od samo 0,6 g, lagan je, ali dovoljno robustan da izdr\u017ei do 200 ciklusa pranja ili tri godine kori\u0161tenja. Izra\u0111ena od materijala otpornih na vodu i kemikalije, ova oznaka mo\u017ee pre\u017eivjeti u te\u0161kim uvjetima, uklju\u010duju\u0107i izlo\u017eenost deterd\u017eentima, omek\u0161iva\u010dima i izbjeljiva\u010dima.<\/span><\/p>\n<h3 class=\"AnswerParser_AnswerParserH3__Mpe4s\">2. Napredna RFID tehnologija<\/h3>\n<p><span class=\"AnswerParser_TextContainer__z_Iiv\" data-testid=\"youchat-text\">Radi prema standardu ISO\/IEC 18000-6 Type C (EPC Gen2), ovo\u00a0<strong>RFID oznaka za rublje<\/strong>\u00a0ima impresivan raspon o\u010ditanja od 8 metara, \u0161to olak\u0161ava pra\u0107enje rublja bez potrebe za izravnom vidljivo\u0161\u0107u. Napredni tipovi \u010dipova, uklju\u010duju\u0107i Impinj Monza 4QT i NXP U CODE 8\/9, omogu\u0107uju u\u010dinkovit prijenos podataka i pouzdan rad, \u010dak i u izazovnim uvjetima.<\/span><\/p>\n<h3 class=\"AnswerParser_AnswerParserH3__Mpe4s\">3. Svestrane mogu\u0107nosti ozna\u010davanja<\/h3>\n<p><span class=\"AnswerParser_TextContainer__z_Iiv\" data-testid=\"youchat-text\">The\u00a0<strong>prilago\u0111ena RFID oznaka za pranje rublja<\/strong>\u00a0nudi fleksibilna rje\u0161enja za ozna\u010davanje, uklju\u010duju\u0107i \u0161ivanje i metode vru\u0107eg \u017eigosanja. Ova svestranost omogu\u0107uje jednostavnu integraciju u razli\u010dite tekstilne predmete, osiguravaju\u0107i da oznake ostanu sigurno pri\u010dvr\u0161\u0107ene tijekom svog \u017eivotnog ciklusa.<\/span><\/p>\n<h3 class=\"AnswerParser_AnswerParserH3__Mpe4s\">4. Otpornost na kemikalije i temperaturu<\/h3>\n<p><span class=\"AnswerParser_TextContainer__z_Iiv\" data-testid=\"youchat-text\">Dizajniran da izdr\u017ei visoke temperature,\u00a0<strong>RFID oznaka<\/strong>\u00a0mo\u017ee izdr\u017eati temperature pranja do 90\u00b0C u trajanju od 15 minuta i sterilizaciju na 135\u00b0C u trajanju od 15-20 minuta. Uz tlak ekstrakcije vode od 60 bara, ove plo\u010dice izra\u0111ene su za rukovanje te\u0161kim okru\u017eenjima pranja, \u0161to ih \u010dini prikladnima za industrijske primjene u praonicama.<\/span><\/p>\n<h3 class=\"AnswerParser_AnswerParserH3__Mpe4s\">5. Pobolj\u0161ano upravljanje zalihama<\/h3>\n<p><span class=\"AnswerParser_TextContainer__z_Iiv\" data-testid=\"youchat-text\">Kori\u0161tenje\u00a0<strong>RFID pra\u0107enje rublja<\/strong>\u00a0tehnologija omogu\u0107uje tvrtkama da pojednostave svoje operacije pranja rublja. Oznake olak\u0161avaju u\u010dinkovito upravljanje zalihama, poma\u017eu u sprje\u010davanju gubitaka i osiguravaju da su sve stavke evidentirane. Ova razina pra\u0107enja neophodna je za zdravstvene ustanove, hotele i druge organizacije s velikom koli\u010dinom pranja rublja.<\/span><\/p>\n<h3 class=\"AnswerParser_AnswerParserH3__Mpe4s\">6. Utjecaj na okoli\u0161<\/h3>\n<p><span class=\"AnswerParser_TextContainer__z_Iiv\" data-testid=\"youchat-text\">The\u00a0<strong>prilago\u0111ena RFID oznaka za pranje rublja<\/strong>\u00a0nije samo izdr\u017eljiv nego i ekolo\u0161ki prihvatljiv. Smanjenjem potrebe za ru\u010dnim pra\u0107enjem i minimiziranjem gubitaka tekstila, ove oznake pridonose odr\u017eivijoj praksi pranja rublja. Primjena RFID tehnologije mo\u017ee dovesti do smanjenja otpada i pobolj\u0161anih napora za recikliranje.<\/span><\/div>\n<div><\/div>\n<div>\n<h2 class=\"AnswerParser_AnswerParserH2__SIHnF\">Upute za kori\u0161tenje<\/h2>\n<ol class=\"AnswerParser_AnswerParserOrderedList__kl_2Y\">\n<li class=\"AnswerParser_ListItem__XqLOV\" translate=\"yes\"><strong>Ozna\u010davanje<\/strong>: Odaberite \u017eeljenu metodu ozna\u010davanja (\u0161ivanje ili vru\u0107e \u017eigosanje) kako biste sigurno pri\u010dvrstili RFID oznaku na svoju odje\u0107u ili posteljinu.<\/li>\n<li class=\"AnswerParser_ListItem__XqLOV\" translate=\"yes\"><strong>Pranje<\/strong>: Slijedite upute za pranje, paze\u0107i da je oznaka izlo\u017eena preporu\u010denim temperaturama i kemijskim postavkama.<\/li>\n<li class=\"AnswerParser_ListItem__XqLOV\" translate=\"yes\"><strong>Pra\u0107enje<\/strong>: Upotrijebite RFID \u010dita\u010d za u\u010dinkovito pra\u0107enje i upravljanje zalihama rublja, osiguravaju\u0107i to\u010dnu evidenciju i minimiziraju\u0107i gubitke.<\/li>\n<\/ol>\n<h2 class=\"AnswerParser_AnswerParserH2__SIHnF\">Recenzije kupaca<\/h2>\n<p><span class=\"AnswerParser_TextContainer__z_Iiv\" data-testid=\"youchat-text\">\u201cKori\u0161tenje\u00a0<strong>prilago\u0111ena RFID oznaka za pranje rublja<\/strong>\u00a0je transformirao na\u0161e operacije praonice rublja. U mogu\u0107nosti smo neprimjetno pratiti na\u0161u posteljinu i primijetili smo zna\u010dajno smanjenje gubitaka.\u201d \u2013 Sarah, upraviteljica hotela<\/span><span class=\"AnswerParser_TextContainer__z_Iiv\" data-testid=\"youchat-text\">\u201cOvo RFID rje\u0161enje je izdr\u017eljivo i podnosi na\u0161e industrijske procese pranja rublja bez ikakvih problema. Topla preporuka!\u201d \u2013 Mark, direktor operacija<\/span><\/p>\n<h2 class=\"AnswerParser_AnswerParserH2__SIHnF\">\u010cesto postavljana pitanja (FAQ)<\/h2>\n<p><span class=\"AnswerParser_TextContainer__z_Iiv\" data-testid=\"youchat-text\"><strong>P: Koliko dugo traje RFID oznaka?<\/strong><br \/>\nO: The\u00a0<strong>prilago\u0111ena RFID oznaka za pranje rublja<\/strong>\u00a0dizajniran je da traje do 200 ciklusa pranja ili tri godine, \u0161to god nastupi prije.<\/span><\/div>\n<div><span class=\"AnswerParser_TextContainer__z_Iiv\" data-testid=\"youchat-text\"><strong>P: Mo\u017ee li oznaka izdr\u017eati visoke temperature?<\/strong><br \/>\nO: Da, oznaka je dizajnirana da izdr\u017ei temperature pranja do 90\u00b0C i temperature sterilizacije od 135\u00b0C.<\/span><\/div>\n<div><span class=\"AnswerParser_TextContainer__z_Iiv\" data-testid=\"youchat-text\"><strong>P: Kako mogu pri\u010dvrstiti RFID oznaku na svoj tekstil?<\/strong><br \/>\nO: Oznaka se mo\u017ee u\u0161iti u tkaninu ili pri\u010dvrstiti ljepilom za vru\u0107e \u017eigosanje, ovisno o va\u0161im \u017eeljama.<\/span><\/div>\n<div><span class=\"AnswerParser_TextContainer__z_Iiv\" data-testid=\"youchat-text\"><strong>P: Je li RFID oznaka vodootporna?<\/strong><br \/>\nO: Da, oznaka je vodootporna i mo\u017ee izdr\u017eati izlaganje raznim kemikalijama i uvjetima pranja.<\/span><\/p>\n<h3 class=\"AnswerParser_AnswerParserH3__Mpe4s\">Srodni proizvodi<\/h3>\n<ul class=\"AnswerParser_AnswerParserUnorderedList__P_1FW\">\n<li class=\"AnswerParser_ListItem__XqLOV\" translate=\"yes\"><strong>RFID oznake za posteljinu<\/strong>: Idealno za pra\u0107enje posteljine u hotelima i zdravstvenim ustanovama.<\/li>\n<li class=\"AnswerParser_ListItem__XqLOV\" translate=\"yes\"><strong>RFID oznake koje se mogu prati<\/strong>: Savr\u0161eno za odjevne predmete koji zahtijevaju \u010desto pranje i pra\u0107enje.<\/li>\n<li class=\"AnswerParser_ListItem__XqLOV\" translate=\"yes\"><strong>Rje\u0161enja za industrijske praonice rublja<\/strong>: Prilago\u0111ena RFID rje\u0161enja za velike koli\u010dine pranja rublja.<\/li>\n<\/ul>\n<\/div>\n<div data-spm-anchor-id=\"a2700.details.0.i57.23b419c7xXORP0\">\n<div class=\"auto-hide-last-sibling-br paragraph_1252f paragraph-element\"><\/div>\n<\/div>\n<div class=\"auto-hide-last-sibling-br paragraph_1252f paragraph-element\"><\/div>","protected":false},"excerpt":{"rendered":"<p>Sigurno ozna\u010dite svoju odje\u0107u trajnom oznakom <strong>RFID oznake za pranje rublja<\/strong>, dizajniran za visoke temperature, vodootporan i idealan za u\u010dinkovito pra\u0107enje rublja.<\/p>","protected":false},"featured_media":2715,"template":"","meta":{"_kad_post_transparent":"default","_kad_post_title":"","_kad_post_layout":"default","_kad_post_sidebar_id":"","_kad_post_content_style":"default","_kad_post_vertical_padding":"default","_kad_post_feature":"","_kad_post_feature_position":"","_kad_post_header":false,"_kad_post_footer":false,"_kad_post_classname":""},"product_brand":[],"product_cat":[19],"product_tag":[315,297,31,30],"class_list":{"0":"post-2714","1":"product","2":"type-product","3":"status-publish","4":"has-post-thumbnail","6":"product_cat-textile-rfid-laundry-tag","7":"product_tag-custom-laundry-rfid-tag","8":"product_tag-rfid-chips-for-uniform","9":"product_tag-rfid-tag-for-linen-laundry","10":"product_tag-uhf-rfid-laundry-tag","12":"first","13":"instock","14":"featured","15":"shipping-taxable","16":"product-type-simple","17":"entry","18":"content-bg","19":"loop-entry"},"_links":{"self":[{"href":"https:\/\/rfid-laundry-tag.com\/hr\/wp-json\/wp\/v2\/product\/2714","targetHints":{"allow":["GET"]}}],"collection":[{"href":"https:\/\/rfid-laundry-tag.com\/hr\/wp-json\/wp\/v2\/product"}],"about":[{"href":"https:\/\/rfid-laundry-tag.com\/hr\/wp-json\/wp\/v2\/types\/product"}],"version-history":[{"count":1,"href":"https:\/\/rfid-laundry-tag.com\/hr\/wp-json\/wp\/v2\/product\/2714\/revisions"}],"predecessor-version":[{"id":2716,"href":"https:\/\/rfid-laundry-tag.com\/hr\/wp-json\/wp\/v2\/product\/2714\/revisions\/2716"}],"wp:featuredmedia":[{"embeddable":true,"href":"https:\/\/rfid-laundry-tag.com\/hr\/wp-json\/wp\/v2\/media\/2715"}],"wp:attachment":[{"href":"https:\/\/rfid-laundry-tag.com\/hr\/wp-json\/wp\/v2\/media?parent=2714"}],"wp:term":[{"taxonomy":"product_brand","embeddable":true,"href":"https:\/\/rfid-laundry-tag.com\/hr\/wp-json\/wp\/v2\/product_brand?post=2714"},{"taxonomy":"product_cat","embeddable":true,"href":"https:\/\/rfid-laundry-tag.com\/hr\/wp-json\/wp\/v2\/product_cat?post=2714"},{"taxonomy":"product_tag","embeddable":true,"href":"https:\/\/rfid-laundry-tag.com\/hr\/wp-json\/wp\/v2\/product_tag?post=2714"}],"curies":[{"name":"radni list","href":"https:\/\/api.w.org\/{rel}","templated":true}]}}