{"id":2699,"date":"2024-09-26T14:38:21","date_gmt":"2024-09-26T14:38:21","guid":{"rendered":"https:\/\/rfid-laundry-tag.com\/?post_type=product&#038;p=2699"},"modified":"2024-09-26T15:40:42","modified_gmt":"2024-09-26T15:40:42","slug":"mifare-desfire-ev2-2k-4k-8k-rfid-nfc-inlay","status":"publish","type":"product","link":"https:\/\/rfid-laundry-tag.com\/hr\/mifare-desfire-ev2-2k-4k-8k-rfid-nfc-inlay\/","title":{"rendered":"MIFARE Desfire EV2 2K 4K 8K RFID NFC ULO\u017dAK"},"content":{"rendered":"<p><span class=\"AnswerParser_TextContainer__z_Iiv\" data-testid=\"youchat-text\"><strong>MIFARE Desfire EV2 2K 4K 8K RFID NFC ULO\u017dAK<\/strong> <\/span><\/p>\n<p><span class=\"AnswerParser_TextContainer__z_Iiv\" data-testid=\"youchat-text\">The\u00a0<strong>MIFARE\u00ae DESFire\u00ae EV2<\/strong>\u00a0najnovija je evolucija RFID tehnologije, koja nudi neusporedivu sigurnost, svestranost i u\u010dinkovitost. Razvijeno od strane NXP-a, ovo napredno rje\u0161enje za pametne kartice ispunjava stroge zahtjeve modernih aplikacija, od sigurne kontrole pristupa do besprijekornih sustava javnog prijevoza. Uz pobolj\u0161ane kriptografske mogu\u0107nosti i fleksibilnu arhitekturu aplikacija, MIFARE DESFire EV2 idealan je izbor za tvrtke i vlade koje \u017eele implementirati pouzdana i skalabilna beskontaktna rje\u0161enja.<\/span><\/p>\n<h2 class=\"AnswerParser_AnswerParserH2__SIHnF\">Sveobuhvatna RFID i NFC integracija<\/h2>\n<h3 class=\"AnswerParser_AnswerParserH3__Mpe4s\">Napredne MIFARE DESFire mogu\u0107nosti<\/h3>\n<p><span class=\"AnswerParser_TextContainer__z_Iiv\" data-testid=\"youchat-text\">Linija proizvoda MIFARE DESFire poznata je po svojim naprednim zna\u010dajkama i sna\u017enoj sigurnosti. Verzija EV2 pro\u0161iruje ove mogu\u0107nosti podr\u0161kom za vi\u0161e aplikacija na jednoj kartici, velikim brzinama prijenosa podataka i pobolj\u0161anim opcijama pohrane memorije. Uz DES, 2K3DES, 3K3DES i AES enkripciju, MIFARE DESFire EV2 osigurava siguran prijenos podataka preko razli\u010ditih platformi.<\/span><\/p>\n<h3 class=\"AnswerParser_AnswerParserH3__Mpe4s\">Fleksibilne mogu\u0107nosti umetanja<\/h3>\n<p><span class=\"AnswerParser_TextContainer__z_Iiv\" data-testid=\"youchat-text\">RFID umetci klju\u010dna su komponenta u izgradnji skalabilnih i prilagodljivih rje\u0161enja. Opcije umetanja MIFARE DESFire EV2 nude fleksibilnost u faktorima oblika kao \u0161to su kartice, naljepnice i narukvice, prilagodljive potrebama razli\u010ditih aplikacija. Bilo da se radi o prijevoznim kartama ili programima vjernosti, ulo\u017eak pru\u017ea temeljnu tehnologiju za pouzdanu izvedbu.<\/span><\/p>\n<h3 class=\"AnswerParser_AnswerParserH3__Mpe4s\">NXP MIFARE DESFire EV2 Sigurnost<\/h3>\n<p><span class=\"AnswerParser_TextContainer__z_Iiv\" data-testid=\"youchat-text\">Sigurnost je u srcu MIFARE DESFire EV2. Ima Common Criteria EAL5+ certifikat, \u0161to ga \u010dini prikladnim za visokosigurnosne aplikacije kao \u0161to su elektroni\u010dke putovnice i bankovne kartice. Ovaj certifikat osigurava najvi\u0161u razinu sigurnosti za za\u0161titu osjetljivih podataka i sprje\u010davanje neovla\u0161tenog pristupa.<\/span><\/p>\n<h2 class=\"AnswerParser_AnswerParserH2__SIHnF\">Zna\u010dajke i prednosti proizvoda<\/h2>\n<h3 class=\"AnswerParser_AnswerParserH3__Mpe4s\">Brzi prijenos podataka i robusna enkripcija<\/h3>\n<p><span class=\"AnswerParser_TextContainer__z_Iiv\" data-testid=\"youchat-text\">S brzinama prijenosa podataka do 848 kbit\/s, MIFARE DESFire EV2 omogu\u0107uje brzu i u\u010dinkovitu komunikaciju izme\u0111u ure\u0111aja. Njegove robusne metode \u0161ifriranja, uklju\u010duju\u0107i AES, osiguravaju da svi podaci ostanu sigurni tijekom prijenosa, pru\u017eaju\u0107i bezbri\u017enost i korisnicima i operaterima.<\/span><\/p>\n<h3 class=\"AnswerParser_AnswerParserH3__Mpe4s\">Mogu\u0107nosti memorije velikog kapaciteta<\/h3>\n<p><span class=\"AnswerParser_TextContainer__z_Iiv\" data-testid=\"youchat-text\">MIFARE DESFire EV2 nudi razli\u010dite veli\u010dine memorije, uklju\u010duju\u0107i 2 kB, 4 kB, 8 kB, 16 kB ili 32 kB, zadovoljavaju\u0107i razli\u010dite potrebe za pohranom. Ova fleksibilnost omogu\u0107uje pohranjivanje vi\u0161e aplikacija i velikih skupova podataka, \u0161to ga \u010dini idealnim za slo\u017eena okru\u017eenja.<\/span><\/p>\n<h3 class=\"AnswerParser_AnswerParserH3__Mpe4s\">Besprijekorna integracija s NFC i RFID sustavima<\/h3>\n<p><span class=\"AnswerParser_TextContainer__z_Iiv\" data-testid=\"youchat-text\">Dizajniran da bude u skladu sa standardima ISO\/IEC 14443 A, MIFARE DESFire EV2 se neprimjetno integrira s postoje\u0107im infrastrukturama NFC \u010dita\u010da. Ova kompatibilnost osigurava da tvrtke mogu nadograditi svoje sustave bez potrebe za opse\u017enim izmjenama, \u010dime se smanjuju tro\u0161kovi i vrijeme implementacije.<\/span><\/p>\n<h2 class=\"AnswerParser_AnswerParserH2__SIHnF\">Kori\u0161tenje i primjene<\/h2>\n<h3 class=\"AnswerParser_AnswerParserH3__Mpe4s\">Inicijative pametnog grada<\/h3>\n<p><span class=\"AnswerParser_TextContainer__z_Iiv\" data-testid=\"youchat-text\">MIFARE DESFire EV2 kamen je temeljac pametnih gradskih aplikacija, omogu\u0107uju\u0107i integrirane usluge kao \u0161to su javni prijevoz, pristup gradskim atrakcijama i lokalni programi vjernosti. Njegova sposobnost podr\u0161ke za vi\u0161e aplikacija na jednoj kartici \u010dini ga prakti\u010dnim za korisnike i u\u010dinkovitim za administratore.<\/span><\/p>\n<h3 class=\"AnswerParser_AnswerParserH3__Mpe4s\">Kontrola pristupa i upravljanje identitetom<\/h3>\n<p><span class=\"AnswerParser_TextContainer__z_Iiv\" data-testid=\"youchat-text\">U sustavima kontrole pristupa, MIFARE DESFire EV2 pru\u017ea sigurno rje\u0161enje za upravljanje i autentifikaciju korisnika. Njegova napredna enkripcija i veliki kapacitet memorije omogu\u0107uju detaljne zapise pristupa i provjeru autenti\u010dnosti korisnika na vi\u0161e razina, pobolj\u0161avaju\u0107i sigurnosne protokole.<\/span><\/p>\n<h3 class=\"AnswerParser_AnswerParserH3__Mpe4s\">Rje\u0161enja za vjernost i mikropla\u0107anja<\/h3>\n<p><span class=\"AnswerParser_TextContainer__z_Iiv\" data-testid=\"youchat-text\">Trgovci i pru\u017eatelji usluga mogu iskoristiti MIFARE DESFire EV2 za aplikacije vjernosti i mikropla\u0107anja. Njegova brza obrada podataka i mogu\u0107nosti sigurne transakcije \u010dine ga idealnim za brzo i precizno rukovanje velikim koli\u010dinama transakcija.<\/span><\/p>\n<h2 class=\"AnswerParser_AnswerParserH2__SIHnF\">Tehni\u010dke specifikacije<\/h2>\n<div class=\"AnswerParser_TableContainer__Erb6v\" data-testid=\"table-container\">\n<table>\n<thead>\n<tr>\n<th style=\"text-align: left;\">Zna\u010dajka<\/th>\n<th style=\"text-align: left;\">Specifikacija<\/th>\n<\/tr>\n<\/thead>\n<tbody>\n<tr>\n<td>RF su\u010delje<\/td>\n<td>ISO\/IEC 14443 Tip A<\/td>\n<\/tr>\n<tr>\n<td>Brzine prijenosa podataka<\/td>\n<td>106, 212, 424, 848 kbit\/s<\/td>\n<\/tr>\n<tr>\n<td>Mogu\u0107nosti memorije<\/td>\n<td>2kB, 4kB, 8kB, 16kB, 32kB<\/td>\n<\/tr>\n<tr>\n<td>Sigurnost<\/td>\n<td>AES, DES, 2K3DES, 3K3DES \u0161ifriranje<\/td>\n<\/tr>\n<tr>\n<td>Certifikacija<\/td>\n<td>Uobi\u010dajeni kriteriji EAL5+<\/td>\n<\/tr>\n<tr>\n<td>Podr\u0161ka za aplikacije<\/td>\n<td>Do 32 datoteke po aplikaciji<\/td>\n<\/tr>\n<tr>\n<td>Radna udaljenost<\/td>\n<td>Do 100 mm (ovisno o geometriji antene)<\/td>\n<\/tr>\n<\/tbody>\n<\/table>\n<\/div>\n<h2 class=\"AnswerParser_AnswerParserH2__SIHnF\">Utjecaj na okoli\u0161 i odr\u017eivost<\/h2>\n<p><span class=\"AnswerParser_TextContainer__z_Iiv\" data-testid=\"youchat-text\">MIFARE DESFire EV2 je dizajniran imaju\u0107i na umu odr\u017eivost. Njegovo dugo zadr\u017eavanje podataka i visoka izdr\u017eljivost pisanja smanjuju potrebu za \u010destim zamjenama, smanjuju\u0107i otpad i utjecaj na okoli\u0161. Osim toga, njegova kompatibilnost s postoje\u0107im infrastrukturama poma\u017ee u izbjegavanju nepotrebnih nadogradnji, \u010duvaju\u0107i resurse.<\/span><\/p>\n<h2 class=\"AnswerParser_AnswerParserH2__SIHnF\">Recenzije i izjave kupaca<\/h2>\n<p><span class=\"AnswerParser_TextContainer__z_Iiv\" data-testid=\"youchat-text\">\u201cOtkako smo integrirali MIFARE DESFire EV2 u na\u0161 sustav javnog prijevoza, vidjeli smo zna\u010dajno pobolj\u0161anje u brzini i pouzdanosti transakcija. Na\u0161i klijenti cijene besprijekorno iskustvo.\u201d \u2013\u00a0<strong>Gradska uprava za promet<\/strong><\/span><span class=\"AnswerParser_TextContainer__z_Iiv\" data-testid=\"youchat-text\">\u201cSigurnosne zna\u010dajke MIFARE DESFire EV2 promijenile su igru za na\u0161a rje\u0161enja za kontrolu pristupa. Sada mo\u017eemo ponuditi na\u0161im klijentima razinu sigurnosti koja je prije bila nedosti\u017ena.\u201d \u2013\u00a0<strong>Pru\u017eatelj sigurnosnih rje\u0161enja<\/strong><\/span><\/p>\n<h2 class=\"AnswerParser_AnswerParserH2__SIHnF\">\u010cesto postavljana pitanja (FAQ)<\/h2>\n<p><span class=\"AnswerParser_TextContainer__z_Iiv\" data-testid=\"youchat-text\"><strong>P: Po \u010demu se MIFARE Desfire EV2 2K 4K 8K RFID NFC INLAY razlikuje od prethodnih modela?<\/strong><br \/>\nO: Model EV2 nudi pobolj\u0161ane metode \u0161ifriranja, ve\u0107e mogu\u0107nosti memorije i podr\u017eava vi\u0161e aplikacija, \u0161to ga \u010dini svestranijim i sigurnijim od njegovih prethodnika.<\/span><\/p>\n<p><span class=\"AnswerParser_TextContainer__z_Iiv\" data-testid=\"youchat-text\"><strong>P: Je li MIFARE Desfire EV2 2K 4K 8K RFID NFC INLAY kompatibilan s postoje\u0107im NFC \u010dita\u010dima?<\/strong><br \/>\nO: Da, u skladu je sa standardima ISO\/IEC 14443, osiguravaju\u0107i besprijekornu kompatibilnost s trenutnom NFC infrastrukturom.<\/span><\/p>\n<p><span class=\"AnswerParser_TextContainer__z_Iiv\" data-testid=\"youchat-text\"><strong>P: Mo\u017ee li se MIFARE Desfire EV2 2K 4K 8K RFID NFC INLAY koristiti za mobilna pla\u0107anja?<\/strong><br \/>\nO: Apsolutno, njegove mogu\u0107nosti sigurnih transakcija i brzi prijenos podataka \u010dine ga idealnim za rje\u0161enja za mobilno pla\u0107anje.<\/span><\/p>","protected":false},"excerpt":{"rendered":"<p>MIFARE Desfire EV2 2K 4K 8K RFID NFC INLAY napredno je RFID rje\u0161enje koje nudi visoku sigurnost, brz prijenos podataka, fleksibilne mogu\u0107nosti memorije i besprijekornu integraciju za vi\u0161e aplikacija.<\/p>","protected":false},"featured_media":2700,"template":"","meta":{"_kad_post_transparent":"default","_kad_post_title":"","_kad_post_layout":"default","_kad_post_sidebar_id":"","_kad_post_content_style":"default","_kad_post_vertical_padding":"default","_kad_post_feature":"","_kad_post_feature_position":"","_kad_post_header":false,"_kad_post_footer":false,"_kad_post_classname":""},"product_brand":[],"product_cat":[189],"product_tag":[313,111,108],"class_list":{"0":"post-2699","1":"product","2":"type-product","3":"status-publish","4":"has-post-thumbnail","6":"product_cat-rfid-inlay","7":"product_tag-mifare-desfire-inlay","8":"product_tag-nfc-inlay","9":"product_tag-rfid-inlay","11":"first","12":"instock","13":"shipping-taxable","14":"product-type-simple","15":"entry","16":"content-bg","17":"loop-entry"},"_links":{"self":[{"href":"https:\/\/rfid-laundry-tag.com\/hr\/wp-json\/wp\/v2\/product\/2699","targetHints":{"allow":["GET"]}}],"collection":[{"href":"https:\/\/rfid-laundry-tag.com\/hr\/wp-json\/wp\/v2\/product"}],"about":[{"href":"https:\/\/rfid-laundry-tag.com\/hr\/wp-json\/wp\/v2\/types\/product"}],"version-history":[{"count":2,"href":"https:\/\/rfid-laundry-tag.com\/hr\/wp-json\/wp\/v2\/product\/2699\/revisions"}],"predecessor-version":[{"id":2703,"href":"https:\/\/rfid-laundry-tag.com\/hr\/wp-json\/wp\/v2\/product\/2699\/revisions\/2703"}],"wp:featuredmedia":[{"embeddable":true,"href":"https:\/\/rfid-laundry-tag.com\/hr\/wp-json\/wp\/v2\/media\/2700"}],"wp:attachment":[{"href":"https:\/\/rfid-laundry-tag.com\/hr\/wp-json\/wp\/v2\/media?parent=2699"}],"wp:term":[{"taxonomy":"product_brand","embeddable":true,"href":"https:\/\/rfid-laundry-tag.com\/hr\/wp-json\/wp\/v2\/product_brand?post=2699"},{"taxonomy":"product_cat","embeddable":true,"href":"https:\/\/rfid-laundry-tag.com\/hr\/wp-json\/wp\/v2\/product_cat?post=2699"},{"taxonomy":"product_tag","embeddable":true,"href":"https:\/\/rfid-laundry-tag.com\/hr\/wp-json\/wp\/v2\/product_tag?post=2699"}],"curies":[{"name":"radni list","href":"https:\/\/api.w.org\/{rel}","templated":true}]}}