{"id":2689,"date":"2024-09-26T09:32:20","date_gmt":"2024-09-26T09:32:20","guid":{"rendered":"https:\/\/rfid-laundry-tag.com\/?post_type=product&#038;p=2689"},"modified":"2024-09-26T14:30:31","modified_gmt":"2024-09-26T14:30:31","slug":"rfid-nfc-mifare-desfire-inlay","status":"publish","type":"product","link":"https:\/\/rfid-laundry-tag.com\/hr\/rfid-nfc-mifare-desfire-inlay\/","title":{"rendered":"RFID NFC MIFARE Desfire INLAY"},"content":{"rendered":"<h1>RFID NFC MIFARE Desfire INLAY<\/h1>\n<p>The<strong> RFID NFC MIFARE Desfire INLAY<\/strong>\u00a0je napredno rje\u0161enje dizajnirano za aplikacije koje zahtijevaju robusnu sigurnost i iznimne performanse. Sa svojim ugra\u0111enim RFID \u010dipom i prilagodljivim zna\u010dajkama, ovaj ulo\u017eak nudi besprijekoran do\u017eivljaj za razli\u010dite namjene \u2013 od kontrole pristupa do sustava pla\u0107anja. Bilo da ste tvrtka koja \u017eeli nadograditi svoje identifikacijske metode ili pojedinac koji \u017eeli sigurne transakcije, MIFARE DESFire umetci predstavljaju uvjerljiv izbor.<\/p>\n<h3>Zna\u010dajke MIFARE_DESFIRE EV2 2K\/4k\/8K<\/h3>\n<div id=\"featuresXsp\" class=\"features-list toggle-opacity in\">\n<div class=\"features-xsp\">\n<div class=\"collapse-mobile ste-list\">\n<h3>RF su\u010delje: ISO\/IEC 14443 Tip A<\/h3>\n<ul class=\"boxes\">\n<li>Beskontaktno su\u010delje u skladu s ISO\/IEC 14443-2\/3 A<\/li>\n<li>Nizak Hmin koji omogu\u0107uje radnu udaljenost do 100 mm (ovisno o snazi koju osigurava PCD i geometrija antene)<\/li>\n<li>Brzi prijenos podataka: 106 kbit\/s, 212 kbit\/s, 424 kbit\/s, 848 kbit\/s<\/li>\n<li>Jedinstveni identifikator od 7 bajta (opcija za slu\u010dajni ID)<\/li>\n<li>Koristi ISO\/IEC 14443-4 protokol prijenosa<\/li>\n<li>Podesivi FSCI za podr\u0161ku do veli\u010dine okvira od 128 bajta (novo)<\/li>\n<\/ul>\n<\/div>\n<div class=\"collapse-mobile ste-list\">\n<h3>Nepostojana memorija<\/h3>\n<ul class=\"boxes\">\n<li>2 kB, 4 kB, 8 kB, 16 kB ili 32 kB NV<\/li>\n<li>Zadr\u017eavanje podataka 25 godina<\/li>\n<li>Napi\u0161ite izdr\u017eljivost tipi\u010dnih 500 000 ciklusa<\/li>\n<li>Brzi ciklusi programiranja (brisanje\/pisanje)<\/li>\n<\/ul>\n<\/div>\n<div class=\"collapse-mobile ste-list\">\n<h3>NV-organizacija memorije<\/h3>\n<ul class=\"boxes\">\n<li>Fleksibilan datote\u010dni sustav: korisnik mo\u017ee slobodno definirati strukture aplikacija na PICC-u<\/li>\n<li>Prakti\u010dno nema ograni\u010denja u broju aplikacija po PICC-u (novo)<\/li>\n<li>Do 32 datoteke u svakoj aplikaciji (dostupno je 6 vrsta datoteka: standardna podatkovna datoteka, sigurnosna kopija podatkovne datoteke, vrijednosna datoteka, datoteka linearnog zapisa, datoteka cikli\u010dkog zapisa i MAC datoteka transakcije)<\/li>\n<li>Veli\u010dina datoteke odre\u0111ena je tijekom izrade (ne za transakcijsku MAC datoteku)<\/li>\n<\/ul>\n<\/div>\n<\/div>\n<\/div>\n<h2>Klju\u010dne prednosti RFID NFC MIFARE Desfire INLAY<\/h2>\n<p>MIFARE DESPire <a href=\"https:\/\/rfid-laundry-tag.com\/hr\/rfid-inlay\/\">RFID umetci<\/a> nisu samo oznake; oni predstavljaju korak u budu\u0107nost u kojoj u\u010dinkovitost, fleksibilnost i sigurnost koegzistiraju. Ovi se umetci mogu prilagoditi va\u0161im specifi\u010dnim potrebama, prikazuju\u0107i va\u0161u marku uz pru\u017eanje pobolj\u0161ane funkcionalnosti. Raznovrsnost platforme MIFARE DESFire omogu\u0107uje razli\u010dite aplikacije od beskontaktnog pla\u0107anja do sigurnih sustava kontrole pristupa.<\/p>\n<h3>Zna\u010dajke MIFARE DESFire RFID umetka<\/h3>\n<p>MIFARE DESFire <a href=\"https:\/\/rfid-laundry-tag.com\/hr\/rfid-inlay\/\">RFID umetak<\/a> nudi brojne zna\u010dajke koje ga \u010dine bitnim alatom u modernim RFID aplikacijama. To uklju\u010duje kompatibilnost s ure\u0111ajima koji podr\u017eavaju NFC, vi\u0161estruke podatkovne kapacitete (do 32k) i sigurne standarde \u0161ifriranja koji \u0161tite korisni\u010dke podatke.<\/p>\n<h3>Snaga tehnologije MIFARE DESFire<\/h3>\n<p>MIFARE DESFire tehnologija je na \u010delu RFID industrije, poznata po svojoj u\u010dinkovitosti u prijenosu podataka i sigurnosti. Platforma je u skladu sa sigurnosnim certifikatom Common Criteria EAL5+, \u0161to je \u010dini pouzdanom za osjetljive aplikacije kao \u0161to su bankovne kartice i elektroni\u010dke putovnice.<\/p>\n<h3>Svestrane primjene RFID umetaka<\/h3>\n<p>Mogu\u0107nosti prilagodbe za MIFARE DESFire <a href=\"https:\/\/rfid-laundry-tag.com\/hr\/rfid-inlay\/\">RFID umetci<\/a> su ogromni. Od usluga pametnog grada do programa vjernosti i rje\u0161enja za bezgotovinsko pla\u0107anje, funkcionalnosti su prilago\u0111ene zahtjevima moderne tehnologije.<\/p>\n<h3>Mogu\u0107nosti prilagodbe za va\u0161e poslovanje<\/h3>\n<p>Uz MIFARE DESFire <a href=\"https:\/\/rfid-laundry-tag.com\/hr\/rfid-inlay\/\">RFID umetci<\/a>, mo\u017eete prilagoditi sve, od oblika i veli\u010dine do tiskanih logotipa i serijskih brojeva. Ova fleksibilnost pove\u0107ava vidljivost marke i pru\u017ea jedinstveno korisni\u010dko iskustvo prilago\u0111eno specifi\u010dnim poslovnim potrebama.<\/p>\n<h3>Pobolj\u0161ane sigurnosne zna\u010dajke<\/h3>\n<p>Sigurnosne mjere ugra\u0111ene u MIFARE DESFire RFID Inlays su bez premca. Uz me\u0111usobnu trostruku provjeru autenti\u010dnosti i AES enkripciju za prijenos podataka, korisnici mogu biti sigurni da \u0107e njihovi podaci ostati privatni i sigurni.<\/p>\n<h3>Ekolo\u0161ki prihvatljiva razmatranja<\/h3>\n<p>Kako RFID tehnologija prihva\u0107a odr\u017eivost, MIFARE DESFire Inlays mogu se proizvesti od ekolo\u0161ki osvije\u0161tenih materijala. Ovaj aspekt ne samo da smanjuje utjecaj na okoli\u0161, ve\u0107 i uskla\u0111uje va\u0161e poslovanje s modernim potro\u0161a\u010dkim vrijednostima.<\/p>\n<h3>Kratak pregled tehni\u010dkih specifikacija<\/h3>\n<div>\n<div class=\"overflow-x-auto custom-scrollbar custom-scrollbar-wide mb-2\">\n<table class=\"w-fit !mb-2 !max-w-none\">\n<thead>\n<tr>\n<th style=\"text-align: left;\"><strong>Specifikacija<\/strong><\/th>\n<th style=\"text-align: left;\"><strong>Opis<\/strong><\/th>\n<\/tr>\n<\/thead>\n<tbody>\n<tr>\n<td><strong>RF su\u010delje<\/strong><\/td>\n<td>ISO\/IEC 14443 Tip A<\/td>\n<\/tr>\n<tr>\n<td><strong>Radna udaljenost<\/strong><\/td>\n<td>Do 100 mm<\/td>\n<\/tr>\n<tr>\n<td><strong>Brzine prijenosa podataka<\/strong><\/td>\n<td>106 kbit\/s do 848 kbit\/s<\/td>\n<\/tr>\n<tr>\n<td><strong>Mogu\u0107nosti memorije<\/strong><\/td>\n<td>2k, 4k, 8k, 16k ili 32k NV<\/td>\n<\/tr>\n<tr>\n<td><strong>Jedinstveni identifikator<\/strong><\/td>\n<td>7 bajtova s opcijom slu\u010dajnog ID-a<\/td>\n<\/tr>\n<tr>\n<td><strong>Sigurnosni certifikat<\/strong><\/td>\n<td>Uobi\u010dajeni kriteriji EAL5+<\/td>\n<\/tr>\n<\/tbody>\n<\/table>\n<\/div>\n<\/div>\n<h3>Izjave kupaca<\/h3>\n<p>Klijenti iz raznih sektora hvale MIFARE DESFire umetke zbog njihove izvedbe i pouzdanosti. Povratne informacije nagla\u0161avaju jednostavnost integracije, u\u010dinkovitost u radu i sveukupno zadovoljstvo sigurnosnim zna\u010dajkama.<\/p>\n<h3>\u010cesto postavljana pitanja (FAQ)<\/h3>\n<p><strong>Koja je maksimalna veli\u010dina memorije za MIFARE DESFire umetke?<\/strong><\/p>\n<ul>\n<li style=\"list-style-type: none;\">\n<ul>\n<li>Maksimalna dostupna veli\u010dina memorije je 32k.<\/li>\n<\/ul>\n<\/li>\n<\/ul>\n<p><strong>Jesu li ovi umetci kompatibilni s postoje\u0107im NFC \u010dita\u010dima?<\/strong><\/p>\n<ul>\n<li style=\"list-style-type: none;\">\n<ul>\n<li>Da, potpuno su kompatibilni s postoje\u0107om infrastrukturom NFC \u010dita\u010da.<\/li>\n<\/ul>\n<\/li>\n<\/ul>\n<p><strong>Mogu li prilagoditi postavke prijenosa podataka?<\/strong><\/p>\n<ul>\n<li style=\"list-style-type: none;\">\n<ul>\n<li>Da, mo\u017eete konfigurirati veli\u010dinu okvira tako da odgovara va\u0161im potrebama aplikacije.<\/li>\n<\/ul>\n<\/li>\n<\/ul>\n<h3>Zavr\u0161ne misli o MIFARE DESFire RFID umetcima<\/h3>\n<p>MIFARE DESFire RFID Inlay utjelovljuje savr\u0161en spoj sigurnosti, performansi i svestranosti. S mogu\u0107nostima prilagodbe, visokim sigurnosnim standardima i nizom aplikacija, ulaganje u ovu tehnologiju pametan je izbor za tvrtke i pojedince.<\/p>\n<p>Otklju\u010dajte sigurnost i u\u010dinkovitost sljede\u0107e razine s\u00a0<strong>MIFARE DESFire RFID umetci<\/strong>.\u00a0<strong>Kontaktirajte nas<\/strong>\u00a0danas kako bismo istra\u017eili kako na\u0161a rje\u0161enja mogu zadovoljiti va\u0161e potrebe i unaprijediti va\u0161e poslovne sposobnosti. Bilo da \u017eelite pobolj\u0161ati kontrole pristupa, optimizirati sustave pla\u0107anja ili integrirati pametno rje\u0161enje za pra\u0107enje, tehnologija MIFARE DESFire va\u0161 je klju\u010d za sigurnu budu\u0107nost.<\/p>","protected":false},"excerpt":{"rendered":"<p>Otkrijte RFID NFC MIFARE Desfire INLAY\u2014sigurna, svestrana i prilagodljiva rje\u0161enja za kontrolu pristupa i pla\u0107anja, koja osiguravaju pobolj\u0161anu u\u010dinkovitost i sigurnost.<\/p>","protected":false},"featured_media":2673,"template":"","meta":{"_kad_post_transparent":"default","_kad_post_title":"","_kad_post_layout":"default","_kad_post_sidebar_id":"","_kad_post_content_style":"default","_kad_post_vertical_padding":"default","_kad_post_feature":"","_kad_post_feature_position":"","_kad_post_header":false,"_kad_post_footer":false,"_kad_post_classname":""},"product_brand":[],"product_cat":[189],"product_tag":[313,111,108],"class_list":{"0":"post-2689","1":"product","2":"type-product","3":"status-publish","4":"has-post-thumbnail","6":"product_cat-rfid-inlay","7":"product_tag-mifare-desfire-inlay","8":"product_tag-nfc-inlay","9":"product_tag-rfid-inlay","11":"first","12":"instock","13":"shipping-taxable","14":"product-type-simple","15":"entry","16":"content-bg","17":"loop-entry"},"_links":{"self":[{"href":"https:\/\/rfid-laundry-tag.com\/hr\/wp-json\/wp\/v2\/product\/2689","targetHints":{"allow":["GET"]}}],"collection":[{"href":"https:\/\/rfid-laundry-tag.com\/hr\/wp-json\/wp\/v2\/product"}],"about":[{"href":"https:\/\/rfid-laundry-tag.com\/hr\/wp-json\/wp\/v2\/types\/product"}],"version-history":[{"count":2,"href":"https:\/\/rfid-laundry-tag.com\/hr\/wp-json\/wp\/v2\/product\/2689\/revisions"}],"predecessor-version":[{"id":2693,"href":"https:\/\/rfid-laundry-tag.com\/hr\/wp-json\/wp\/v2\/product\/2689\/revisions\/2693"}],"wp:featuredmedia":[{"embeddable":true,"href":"https:\/\/rfid-laundry-tag.com\/hr\/wp-json\/wp\/v2\/media\/2673"}],"wp:attachment":[{"href":"https:\/\/rfid-laundry-tag.com\/hr\/wp-json\/wp\/v2\/media?parent=2689"}],"wp:term":[{"taxonomy":"product_brand","embeddable":true,"href":"https:\/\/rfid-laundry-tag.com\/hr\/wp-json\/wp\/v2\/product_brand?post=2689"},{"taxonomy":"product_cat","embeddable":true,"href":"https:\/\/rfid-laundry-tag.com\/hr\/wp-json\/wp\/v2\/product_cat?post=2689"},{"taxonomy":"product_tag","embeddable":true,"href":"https:\/\/rfid-laundry-tag.com\/hr\/wp-json\/wp\/v2\/product_tag?post=2689"}],"curies":[{"name":"radni list","href":"https:\/\/api.w.org\/{rel}","templated":true}]}}