{"id":268,"date":"2024-06-21T15:32:44","date_gmt":"2024-06-21T15:32:44","guid":{"rendered":"https:\/\/rfid-laundry-tag.com\/?post_type=product&#038;p=268"},"modified":"2024-06-28T10:04:38","modified_gmt":"2024-06-28T10:04:38","slug":"uhf-rfid-label-alien-h9","status":"publish","type":"product","link":"https:\/\/rfid-laundry-tag.com\/hr\/uhf-rfid-label-alien-h9\/","title":{"rendered":"UHF RFID oznaka Alien H9"},"content":{"rendered":"<h2>UHF RFID oznaka Alien H9<\/h2>\n<p><span style=\"font-family: inherit; font-size: 24px; font-weight: bold;\">UHF RFID naljepnica za pra\u0107enje inventara<\/span><\/p>\n<div class=\"J_module\">\n<div class=\"ife-detail-decorate-table\">\n<table class=\"all magic-10\">\n<tbody>\n<tr>\n<td colspan=\"1\" rowspan=\"1\">\n<div class=\"magic-11\">\u010cip<\/div>\n<\/td>\n<td colspan=\"1\" rowspan=\"1\">\n<div class=\"magic-12\">Vanzemaljac H9<\/div>\n<\/td>\n<\/tr>\n<tr>\n<td colspan=\"1\" rowspan=\"1\">\n<div class=\"magic-11\">Frekvencija<\/div>\n<\/td>\n<td colspan=\"1\" rowspan=\"1\">\n<div class=\"magic-12\">860\uff5e960MHz<\/div>\n<\/td>\n<\/tr>\n<tr>\n<td colspan=\"1\" rowspan=\"1\">\n<div class=\"magic-11\">Materijal<\/div>\n<\/td>\n<td colspan=\"1\" rowspan=\"1\">\n<div class=\"magic-12\">Premazani papir\/PET\/Sinteti\u010dki papir\/Termo papir\/prilagodba<\/div>\n<\/td>\n<\/tr>\n<tr>\n<td colspan=\"1\" rowspan=\"1\">\n<div class=\"magic-11\">Na\u010din rada<\/div>\n<\/td>\n<td colspan=\"1\" rowspan=\"1\">\n<div class=\"magic-12\">Pasivna<\/div>\n<\/td>\n<\/tr>\n<tr>\n<td colspan=\"1\" rowspan=\"1\">\n<div class=\"magic-11\">IC \u017eivot<\/div>\n<\/td>\n<td colspan=\"1\" rowspan=\"1\">\n<div class=\"magic-12\">100 000 programskih ciklusa, 10 godina \u010duvanja podataka<\/div>\n<\/td>\n<\/tr>\n<tr>\n<td colspan=\"1\" rowspan=\"1\">\n<div class=\"magic-11\">Radna temperatura\/vla\u017enost<\/div>\n<\/td>\n<td colspan=\"1\" rowspan=\"1\">\n<div class=\"magic-12\">-25~50\u2103\/20%~80% RH<\/div>\n<\/td>\n<\/tr>\n<tr>\n<td colspan=\"1\" rowspan=\"1\">\n<div class=\"magic-11\">Temperatura\/vla\u017enost skladi\u0161tenja<\/div>\n<\/td>\n<td colspan=\"1\" rowspan=\"1\">\n<div class=\"magic-12\">+23\u00b0C\u00b15\u00b0C\/ 50%\u00b110% RH (bez kondenzacije).<\/div>\n<\/td>\n<\/tr>\n<tr>\n<td colspan=\"1\" rowspan=\"1\">\n<div class=\"magic-11\">Antena<\/div>\n<\/td>\n<td colspan=\"1\" rowspan=\"1\">\n<div class=\"magic-12\">Graviranje aluminija, 94,8*8,1 mm<\/div>\n<\/td>\n<\/tr>\n<tr>\n<td colspan=\"1\" rowspan=\"1\">\n<div class=\"magic-11\">Mokri ulo\u017eak\/veli\u010dina naljepnice<\/div>\n<\/td>\n<td colspan=\"1\" rowspan=\"1\">\n<div class=\"magic-12\">98*15mm ili prilagodba<\/div>\n<\/td>\n<\/tr>\n<tr>\n<td colspan=\"1\" rowspan=\"1\">\n<div class=\"magic-11\">Ispis<\/div>\n<\/td>\n<td colspan=\"1\" rowspan=\"1\">\n<div class=\"magic-12\">Ispis u punoj boji, logotip, crti\u010dni kod, QR kod itd<\/div>\n<\/td>\n<\/tr>\n<tr>\n<td colspan=\"1\" rowspan=\"1\">\n<div class=\"magic-11\">Uzorak<\/div>\n<\/td>\n<td colspan=\"1\" rowspan=\"1\">\n<div class=\"magic-12\">Uzorak je besplatan za va\u0161 test kvalitete<\/div>\n<\/td>\n<\/tr>\n<tr>\n<td colspan=\"1\" rowspan=\"1\">\n<div class=\"magic-11\">Protokol<\/div>\n<\/td>\n<td colspan=\"1\" rowspan=\"1\">\n<div class=\"magic-12\">ISO\/IEC 18000-6C EPC Class1 Gen2<\/div>\n<\/td>\n<\/tr>\n<tr>\n<td colspan=\"1\" rowspan=\"1\">\n<div class=\"magic-11\">Pakiranje<\/div>\n<\/td>\n<td colspan=\"1\" rowspan=\"1\">\n<div class=\"magic-12\">1000-5000 kom\/rola, 4 role\/karton<\/div>\n<\/td>\n<\/tr>\n<tr>\n<td colspan=\"1\" rowspan=\"1\">\n<div class=\"magic-11\">Mjesto porijekla<\/div>\n<\/td>\n<td colspan=\"1\" rowspan=\"1\">\n<div class=\"magic-12\">Chengdu, Kina<\/div>\n<\/td>\n<\/tr>\n<tr>\n<td colspan=\"1\" rowspan=\"4\">\n<div class=\"magic-11\">Primjena\/Rje\u0161enje<\/div>\n<\/td>\n<td colspan=\"1\" rowspan=\"1\">\n<div class=\"magic-12\">Sigurna kontrola pristupa\/bezgotovinsko pla\u0107anje \u010clanstvo i programi vjernosti<\/div>\n<\/td>\n<\/tr>\n<tr>\n<td colspan=\"1\" rowspan=\"1\">\n<div class=\"magic-12\" data-spm-anchor-id=\"a2700.details.0.i80.59c943e8HVzkHD\">Pristup doga\u0111ajima i brendiranje\/Dru\u0161tveni mediji\/Maloprodaja<\/div>\n<\/td>\n<\/tr>\n<tr>\n<td colspan=\"1\" rowspan=\"1\">\n<div class=\"magic-12\">Okoli\u0161\/Igre i igra\u010dke Lokacija\/Elektronika\/Sajmovi<\/div>\n<\/td>\n<\/tr>\n<tr>\n<td colspan=\"1\" rowspan=\"1\">\n<div class=\"magic-12\">Doga\u0111aji\/Zahtjevi za poziv\/Vizitke<\/div>\n<\/td>\n<\/tr>\n<\/tbody>\n<\/table>\n<p>&nbsp;<\/p>\n<\/div>\n<\/div>\n<div class=\"J_module\">\n<div><\/div>\n<div class=\"auto-hide-last-sibling-br paragraph_9dc5f paragraph-element\">UHF RFID naljepnice (Ultra High Frequency Radio Frequency Identification Labels) doista su svestrani alati s velikom primjenom u raznim sektorima.<\/div>\n<div class=\"auto-hide-last-sibling-br paragraph_9dc5f paragraph-element\">Identifikacija: Ove naljepnice mogu jednostavno pohraniti osobne podatke, \u0161to je korisno u scenarijima provjere identiteta, \u0161to ih \u010dini pouzdanim izborom za razne institucije koje zahtijevaju sigurne i u\u010dinkovite metode identifikacije.<\/div>\n<div><\/div>\n<div class=\"auto-hide-last-sibling-br paragraph_9dc5f paragraph-element\">Javni prijevoz i prodaja karata za doga\u0111aje: UHF RFID naljepnice obi\u010dno se koriste u automatiziranim sustavima za prodaju karata kao \u0161to su \u017eetoni za podzemnu \u017eeljeznicu ili autobus, kao i za prodaju karata za doga\u0111aje, gdje omogu\u0107avaju brz i u\u010dinkovit ulazak.<\/div>\n<div><\/div>\n<div class=\"auto-hide-last-sibling-br paragraph_9dc5f paragraph-element\">Elektroni\u010dka naplata cestarine: kori\u0161tenje UHF RFID naljepnica ovdje omogu\u0107uje brzo pla\u0107anje cestarine bez potrebe za zaustavljanjem vozila, zna\u010dajno smanjuju\u0107i promet i pove\u0107avaju\u0107i udobnost za korisnike.<\/div>\n<div><\/div>\n<div class=\"auto-hide-last-sibling-br paragraph_9dc5f paragraph-element\">Upravljanje imovinom: Oznake se mogu pri\u010dvrstiti na imovinu omogu\u0107uju\u0107i pra\u0107enje u stvarnom vremenu, lokaciju i a\u017euriranje informacija, pobolj\u0161avaju\u0107i upravljanje inventarom i smanjuju\u0107i gubitak ili kra\u0111u.<\/div>\n<div><\/div>\n<div class=\"auto-hide-last-sibling-br paragraph_9dc5f paragraph-element\">Knji\u017enice i iznajmljivanja: Koriste se za pra\u0107enje knjiga ili drugih predmeta koji ulaze i izlaze iz knji\u017enice, \u010dine\u0107i proces posudbe i povrata u\u010dinkovitijim. Tako\u0111er se mogu primijeniti u uslugama iznajmljivanja za bolje upravljanje iznajmljenim stvarima.<\/div>\n<div><\/div>\n<div class=\"auto-hide-last-sibling-br paragraph_9dc5f paragraph-element\">Sustav vjernosti: UHF RFID naljepnice mogu se koristiti na karticama vjernosti ili nagradnim karticama za tvrtke, pove\u0107avaju\u0107i zadr\u017eavanje kupaca i pru\u017eaju\u0107i odli\u010dno korisni\u010dko iskustvo.<\/div>\n<div><\/div>\n<div class=\"auto-hide-last-sibling-br paragraph_9dc5f paragraph-element\">Upravljanje kontrolom pristupa: Na mjestima koja zahtijevaju siguran pristup kao \u0161to su uredi, stambeni prostori ili odre\u0111ena javna podru\u010dja, ove se oznake mogu koristiti za u\u010dinkovitu kontrolu pristupa, dodaju\u0107i dodatni sloj sigurnosti.<\/div>\n<div><\/div>\n<div class=\"auto-hide-last-sibling-br paragraph_9dc5f paragraph-element\">\u0160tovi\u0161e, na\u0161e prilago\u0111ene usluge programiranja i kodiranja mogu odgovarati specifi\u010dnim potrebama kupca, \u010dine\u0107i UHF RFID naljepnice vrlo isplativim i prakti\u010dnim rje\u0161enjem za mnoge tvrtke i usluge.<\/div>\n<div><\/div>\n<\/div>\n<div><\/div>\n<div><strong>Za\u0161to odabrati NAS?<\/strong><\/div>\n<div><\/div>\n<div>Mi smo vode\u0107i pru\u017eatelj RFID tehnologije s vi\u0161e od 11 godina iskustva, donosimo naprednu u\u010dinkovitost, pouzdanost i to\u010dnost globalnim opskrbnim lancima kupaca s vode\u0107im proizvodima, rje\u0161enjima i tehnologijama u industriji. Kao proizvo\u0111a\u010d na globalnoj razini, kupcima nudimo platformu temeljnih tehnologija, uklju\u010duju\u0107i kontrolu pristupa, ozna\u010davanje \u017eivotinja, komunikaciju kratkog polja (NFC), razne RFID \u010dita\u010de i rje\u0161enja. Na\u0161a rje\u0161enja imaju visoko konfigurabilne okvire aplikacija i elegantna korisni\u010dka su\u010delja s naprednom analitikom, omogu\u0107uju\u0107i end-to-end poslovnu inteligenciju i vidljivost podataka u vi\u0161e industrija.<\/div>","protected":false},"excerpt":{"rendered":"<p>UHF RFID oznaka mo\u017ee se na\u0161iroko primijeniti u identifikaciji, javnom prijevozu, elektroni\u010dkoj naplati cestarine za ulaznice za doga\u0111aje, upravljanju imovinom, knji\u017enicama i iznajmljivanju, sustavu lojalnosti i upravljanju kontrolom pristupa itd. Pru\u017eamo usluge programiranja i kodiranja koje to\u010dno odgovaraju zahtjevima kupca za programiranje ili kodiranje.<\/p>","protected":false},"featured_media":270,"template":"","meta":{"_kad_post_transparent":"default","_kad_post_title":"","_kad_post_layout":"default","_kad_post_sidebar_id":"","_kad_post_content_style":"default","_kad_post_vertical_padding":"default","_kad_post_feature":"","_kad_post_feature_position":"","_kad_post_header":false,"_kad_post_footer":false,"_kad_post_classname":""},"product_brand":[],"product_cat":[54],"product_tag":[102,100,98],"class_list":{"0":"post-268","1":"product","2":"type-product","3":"status-publish","4":"has-post-thumbnail","6":"product_cat-hot-selling-rfid-tags","7":"product_tag-paper-uhf-rfid-sticker","8":"product_tag-rfid-label","9":"product_tag-uhf-rfid-label","11":"first","12":"instock","13":"shipping-taxable","14":"product-type-simple","15":"entry","16":"content-bg","17":"loop-entry"},"_links":{"self":[{"href":"https:\/\/rfid-laundry-tag.com\/hr\/wp-json\/wp\/v2\/product\/268","targetHints":{"allow":["GET"]}}],"collection":[{"href":"https:\/\/rfid-laundry-tag.com\/hr\/wp-json\/wp\/v2\/product"}],"about":[{"href":"https:\/\/rfid-laundry-tag.com\/hr\/wp-json\/wp\/v2\/types\/product"}],"version-history":[{"count":0,"href":"https:\/\/rfid-laundry-tag.com\/hr\/wp-json\/wp\/v2\/product\/268\/revisions"}],"wp:featuredmedia":[{"embeddable":true,"href":"https:\/\/rfid-laundry-tag.com\/hr\/wp-json\/wp\/v2\/media\/270"}],"wp:attachment":[{"href":"https:\/\/rfid-laundry-tag.com\/hr\/wp-json\/wp\/v2\/media?parent=268"}],"wp:term":[{"taxonomy":"product_brand","embeddable":true,"href":"https:\/\/rfid-laundry-tag.com\/hr\/wp-json\/wp\/v2\/product_brand?post=268"},{"taxonomy":"product_cat","embeddable":true,"href":"https:\/\/rfid-laundry-tag.com\/hr\/wp-json\/wp\/v2\/product_cat?post=268"},{"taxonomy":"product_tag","embeddable":true,"href":"https:\/\/rfid-laundry-tag.com\/hr\/wp-json\/wp\/v2\/product_tag?post=268"}],"curies":[{"name":"radni list","href":"https:\/\/api.w.org\/{rel}","templated":true}]}}