{"id":265,"date":"2024-06-21T15:26:22","date_gmt":"2024-06-21T15:26:22","guid":{"rendered":"https:\/\/rfid-laundry-tag.com\/?post_type=product&#038;p=265"},"modified":"2024-08-14T16:48:09","modified_gmt":"2024-08-14T16:48:09","slug":"uhf-rfid-sticker-nxp-u-code-9","status":"publish","type":"product","link":"https:\/\/rfid-laundry-tag.com\/hr\/uhf-rfid-sticker-nxp-u-code-9\/","title":{"rendered":"UHF RFID naljepnica-NXP U KOD 9"},"content":{"rendered":"<h2>UHF RFID naljepnica-NXP U KOD 9<\/h2>\n<p><span style=\"font-family: inherit; font-size: 24px; font-weight: bold;\">UHF RFID naljepnica za pra\u0107enje izvora upravljanja zalihama<\/span><\/p>\n<div class=\"J_module\">\n<div class=\"ife-detail-decorate-table\">\n<table class=\"all magic-10\">\n<tbody>\n<tr>\n<td colspan=\"1\" rowspan=\"1\">\n<div class=\"magic-11\">\u010cip<\/div>\n<\/td>\n<td colspan=\"1\" rowspan=\"1\">\n<div class=\"magic-12\">NXP U KOD 9<\/div>\n<\/td>\n<\/tr>\n<tr>\n<td colspan=\"1\" rowspan=\"1\">\n<div class=\"magic-11\">Frekvencija<\/div>\n<\/td>\n<td colspan=\"1\" rowspan=\"1\">\n<div class=\"magic-12\">860\uff5e960MHz<\/div>\n<\/td>\n<\/tr>\n<tr>\n<td colspan=\"1\" rowspan=\"1\">\n<div class=\"magic-11\">Materijal<\/div>\n<\/td>\n<td colspan=\"1\" rowspan=\"1\">\n<div class=\"magic-12\">Premazani papir\/PET\/Sinteti\u010dki papir\/Termo papir\/prilagodba<\/div>\n<\/td>\n<\/tr>\n<tr>\n<td colspan=\"1\" rowspan=\"1\">\n<div class=\"magic-11\">Na\u010din rada<\/div>\n<\/td>\n<td colspan=\"1\" rowspan=\"1\">\n<div class=\"magic-12\">Pasivna<\/div>\n<\/td>\n<\/tr>\n<tr>\n<td colspan=\"1\" rowspan=\"1\">\n<div class=\"magic-11\">IC \u017eivot<\/div>\n<\/td>\n<td colspan=\"1\" rowspan=\"1\">\n<div class=\"magic-12\">100 000 programskih ciklusa, 10 godina \u010duvanja podataka<\/div>\n<\/td>\n<\/tr>\n<tr>\n<td colspan=\"1\" rowspan=\"1\">\n<div class=\"magic-11\">Radna temperatura\/vla\u017enost<\/div>\n<\/td>\n<td colspan=\"1\" rowspan=\"1\">\n<div class=\"magic-12\">-25~50\u2103\/20%~80% RH<\/div>\n<\/td>\n<\/tr>\n<tr>\n<td colspan=\"1\" rowspan=\"1\">\n<div class=\"magic-11\">Temperatura\/vla\u017enost skladi\u0161tenja<\/div>\n<\/td>\n<td colspan=\"1\" rowspan=\"1\">\n<div class=\"magic-12\">+23\u00b0C\u00b15\u00b0C\/ 50%\u00b110% RH (bez kondenzacije).<\/div>\n<\/td>\n<\/tr>\n<tr>\n<td colspan=\"1\" rowspan=\"1\">\n<div class=\"magic-11\">Antena<\/div>\n<\/td>\n<td colspan=\"1\" rowspan=\"1\">\n<div class=\"magic-12\">Graviranje aluminija, 94,8*8,1 mm<\/div>\n<\/td>\n<\/tr>\n<tr>\n<td colspan=\"1\" rowspan=\"1\">\n<div class=\"magic-11\">Mokri ulo\u017eak\/veli\u010dina naljepnice<\/div>\n<\/td>\n<td colspan=\"1\" rowspan=\"1\">\n<div class=\"magic-12\">98*15mm ili prilagodba<\/div>\n<\/td>\n<\/tr>\n<tr>\n<td colspan=\"1\" rowspan=\"1\">\n<div class=\"magic-11\">Ispis<\/div>\n<\/td>\n<td colspan=\"1\" rowspan=\"1\">\n<div class=\"magic-12\">Ispis u punoj boji, logotip, crti\u010dni kod, QR kod itd<\/div>\n<\/td>\n<\/tr>\n<tr>\n<td colspan=\"1\" rowspan=\"1\">\n<div class=\"magic-11\">Uzorak<\/div>\n<\/td>\n<td colspan=\"1\" rowspan=\"1\">\n<div class=\"magic-12\">Uzorak je besplatan za va\u0161 test kvalitete<\/div>\n<\/td>\n<\/tr>\n<tr>\n<td colspan=\"1\" rowspan=\"1\">\n<div class=\"magic-11\">Protokol<\/div>\n<\/td>\n<td colspan=\"1\" rowspan=\"1\">\n<div class=\"magic-12\">ISO\/IEC 18000-6C EPC Class1 Gen2<\/div>\n<\/td>\n<\/tr>\n<tr>\n<td colspan=\"1\" rowspan=\"1\">\n<div class=\"magic-11\">Pakiranje<\/div>\n<\/td>\n<td colspan=\"1\" rowspan=\"1\">\n<div class=\"magic-12\">1000-5000 kom\/rola, 4 role\/karton<\/div>\n<\/td>\n<\/tr>\n<tr>\n<td colspan=\"1\" rowspan=\"1\">\n<div class=\"magic-11\">Mjesto porijekla<\/div>\n<\/td>\n<td colspan=\"1\" rowspan=\"1\">\n<div class=\"magic-12\">Chengdu, Kina<\/div>\n<\/td>\n<\/tr>\n<tr>\n<td colspan=\"1\" rowspan=\"4\">\n<div class=\"magic-11\">Primjena\/Rje\u0161enje<\/div>\n<\/td>\n<td colspan=\"1\" rowspan=\"1\">\n<div class=\"magic-12\">Sigurna kontrola pristupa\/bezgotovinsko pla\u0107anje \u010clanstvo i programi vjernosti<\/div>\n<\/td>\n<\/tr>\n<tr>\n<td colspan=\"1\" rowspan=\"1\">\n<div class=\"magic-12\" data-spm-anchor-id=\"a2700.details.0.i80.59c943e8HVzkHD\">Pristup doga\u0111ajima i brendiranje\/Dru\u0161tveni mediji\/Maloprodaja<\/div>\n<\/td>\n<\/tr>\n<tr>\n<td colspan=\"1\" rowspan=\"1\">\n<div class=\"magic-12\">Okoli\u0161\/Igre i igra\u010dke Lokacija\/Elektronika\/Sajmovi<\/div>\n<\/td>\n<\/tr>\n<tr>\n<td colspan=\"1\" rowspan=\"1\">\n<div class=\"magic-12\">Doga\u0111aji\/Zahtjevi za poziv\/Vizitke<\/div>\n<\/td>\n<\/tr>\n<\/tbody>\n<\/table>\n<p>&nbsp;<\/p>\n<\/div>\n<\/div>\n<div class=\"text-title\"><span class=\"magic-26\" style=\"color: #000000;\">Na\u010din rada sustava<\/span><\/div>\n<div class=\"text-content\" data-spm-anchor-id=\"a2700.details.0.i55.72f139f1jxVcfh\">Nudimo inteligentna rje\u0161enja za upravljanje temeljena na RFID tehnologiji, koja mogu pomo\u0107i tvrtkama u digitalnom upravljanju u podru\u010dju upravljanja imovinom, leasinga, skladi\u0161ta i logistike.<\/div>\n<div data-spm-anchor-id=\"a2700.details.0.i55.72f139f1jxVcfh\"><\/div>\n<div class=\"J_module\">\n<p>RFID Inlay je poseban izraz za RFID industriju, koji se odnosi na unaprijed laminirani proizvod sastavljen od vi\u0161eslojnog PVC-a ili drugih materijala koji sadr\u017ee \u010dipove i zavojnice. Nakon razli\u010ditih oblika pakiranja mogu se izraditi razli\u010dite vrste RFID oznaka. Inlay se mo\u017ee shvatiti kao poluproizvodi bez enkapsulacije RFID oznaka. RFID inlej se mo\u017ee podijeliti na suhi i mokri inlej. RFID Dry inlay ne sadr\u017ei stra\u017enje ljepilo, a njegova struktura je paket antena + \u010dip + \u010dip; RFID mokri ulo\u017eak sadr\u017ei stra\u017enje ljepilo koje se mo\u017ee izravno pri\u010dvrstiti na objekte. Struktura je antena + \u010dip + paket \u010dipa + PET + Ljepilo + Papir za osloba\u0111anje Zahtjevi frekvencije: 869-915 mhz-uhf \/ 13,56 mhz-iso14443 \/ 13,56 mhz-iso 15693. MIND ima tehni\u010dare i nudi usluge dizajna antene kako bi zadovoljio razli\u010dite zahtjeve kupaca.<\/p>\n<\/div>","protected":false},"excerpt":{"rendered":"<p>UHF RFID naljepnica-NXP U KOD 9. UHF RFID naljepnica uskla\u0111ena je sa standardom EPC C1G2 (ISO18000-6C), \u0161to omogu\u0107uje njezinu univerzalnu upotrebu zahvaljuju\u0107i radnoj frekvenciji od 860-960MHz. Svaka naljepnica dolazi s posebnim ID-om i mo\u017ee sadr\u017eavati personalizirane podatke. Ova zna\u010dajka omogu\u0107uje njegovu \u0161iroku primjenu u upravljanju razli\u010ditim sektorima uklju\u010duju\u0107i odje\u0107u, pra\u0107enje prtljage u zra\u010dnim lukama, logistiku i upravljanje imovinom.<\/p>","protected":false},"featured_media":267,"template":"","meta":{"_kad_post_transparent":"default","_kad_post_title":"","_kad_post_layout":"default","_kad_post_sidebar_id":"","_kad_post_content_style":"default","_kad_post_vertical_padding":"default","_kad_post_feature":"","_kad_post_feature_position":"","_kad_post_header":false,"_kad_post_footer":false,"_kad_post_classname":""},"product_brand":[],"product_cat":[54],"product_tag":[102],"class_list":{"0":"post-265","1":"product","2":"type-product","3":"status-publish","4":"has-post-thumbnail","6":"product_cat-hot-selling-rfid-tags","7":"product_tag-paper-uhf-rfid-sticker","9":"first","10":"instock","11":"shipping-taxable","12":"product-type-simple","13":"entry","14":"content-bg","15":"loop-entry"},"_links":{"self":[{"href":"https:\/\/rfid-laundry-tag.com\/hr\/wp-json\/wp\/v2\/product\/265","targetHints":{"allow":["GET"]}}],"collection":[{"href":"https:\/\/rfid-laundry-tag.com\/hr\/wp-json\/wp\/v2\/product"}],"about":[{"href":"https:\/\/rfid-laundry-tag.com\/hr\/wp-json\/wp\/v2\/types\/product"}],"version-history":[{"count":1,"href":"https:\/\/rfid-laundry-tag.com\/hr\/wp-json\/wp\/v2\/product\/265\/revisions"}],"predecessor-version":[{"id":1337,"href":"https:\/\/rfid-laundry-tag.com\/hr\/wp-json\/wp\/v2\/product\/265\/revisions\/1337"}],"wp:featuredmedia":[{"embeddable":true,"href":"https:\/\/rfid-laundry-tag.com\/hr\/wp-json\/wp\/v2\/media\/267"}],"wp:attachment":[{"href":"https:\/\/rfid-laundry-tag.com\/hr\/wp-json\/wp\/v2\/media?parent=265"}],"wp:term":[{"taxonomy":"product_brand","embeddable":true,"href":"https:\/\/rfid-laundry-tag.com\/hr\/wp-json\/wp\/v2\/product_brand?post=265"},{"taxonomy":"product_cat","embeddable":true,"href":"https:\/\/rfid-laundry-tag.com\/hr\/wp-json\/wp\/v2\/product_cat?post=265"},{"taxonomy":"product_tag","embeddable":true,"href":"https:\/\/rfid-laundry-tag.com\/hr\/wp-json\/wp\/v2\/product_tag?post=265"}],"curies":[{"name":"radni list","href":"https:\/\/api.w.org\/{rel}","templated":true}]}}