{"id":2641,"date":"2024-09-22T15:06:11","date_gmt":"2024-09-22T15:06:11","guid":{"rendered":"https:\/\/rfid-laundry-tag.com\/?post_type=product&#038;p=2641"},"modified":"2024-09-22T15:36:05","modified_gmt":"2024-09-22T15:36:05","slug":"on-heavy-duty-nfc-tag-for-patrol","status":"publish","type":"product","link":"https:\/\/rfid-laundry-tag.com\/hr\/on-heavy-duty-nfc-tag-for-patrol\/","title":{"rendered":"On Heavy Duty NFC oznaka za patrolu"},"content":{"rendered":"<p>U\u010dinkovito upravljanje patrolama klju\u010dno je za sigurnost i u\u010dinkovite operacije u raznim industrijama kao \u0161to su zgrade, tvornice i skladi\u0161ta. The\u00a0<strong>On Heavy Duty NFC oznaka za patrolu<\/strong>\u00a0osmi\u0161ljen je za pobolj\u0161anje procesa nadzora patrolnog osoblja, osiguravaju\u0107i sveobuhvatnu evidenciju i neusporedivu odgovornost. Ova inovativna tehnologija ne samo da pojednostavljuje pra\u0107enje patrola, ve\u0107 tako\u0111er stvara okru\u017eenje pogodno za sigurnost i operativnu u\u010dinkovitost.<\/p>\n<h2>\u00a0Uvod u NFC oznake za te\u0161ke uvjete rada<\/h2>\n<p>U okru\u017eenju koje neprestano zahtijeva odgovornost i preciznost,\u00a0<strong>Na NFC oznakama za te\u0161ke uvjete rada<\/strong>\u00a0pru\u017eiti pouzdano rje\u0161enje za upravljanje ophodnjom. Ove oznake omogu\u0107uju menad\u017eerima i vo\u0111ama da patroliraju aktivnosti, osiguravaju\u0107i da se svaki korak prati i to\u010dno bilje\u017ei. Kori\u0161tenjem\u00a0<strong>metalni NFC<\/strong>\u00a0tehnologije, ove su oznake dizajnirane za prianjanje na povr\u0161ine u najzahtjevnijim okru\u017eenjima.<\/p>\n<p>The\u00a0<strong>NFC oznaka<\/strong>\u00a0opslu\u017euje vi\u0161e industrija, poma\u017eu\u0107i premostiti jaz izme\u0111u ru\u010dnih sustava pra\u0107enja i automatiziranih, u\u010dinkovitih procesa pra\u0107enja. Integracijom takve napredne tehnologije u va\u0161e sigurnosne operacije, mo\u017eete o\u010dekivati neusporedivu razinu usluge i u\u010dinkovitosti.<\/p>\n<h2>Klju\u010dne zna\u010dajke NFC oznaka<\/h2>\n<p><strong>Na NFC oznakama za te\u0161ke uvjete rada<\/strong>\u00a0sastoje se od nekoliko klju\u010dnih zna\u010dajki po kojima se isti\u010du na tr\u017ei\u0161tu:<\/p>\n<ul>\n<li><strong>Izdr\u017eljiva konstrukcija:<\/strong>\u00a0Projektirane za upotrebu u te\u0161kim uvjetima, ove oznake mogu izdr\u017eati te\u0161ke uvjete i dizajnirane su za pri\u010dvr\u0161\u0107ivanje na bilo koju metalnu povr\u0161inu. Njihov robustan dizajn otporan je na habanje, osiguravaju\u0107i dugotrajnu izvedbu.<\/li>\n<li><strong>Napredna NTAG tehnologija:<\/strong>\u00a0Osnivanje\u00a0<strong>ntag213<\/strong>\u00a0\u010dip jam\u010di brzi prijenos podataka i u\u010dinkovit rad. S kapacitetom memorije od 180 bajtova, oznaka je sposobna pohraniti potrebne podatke za u\u010dinkovito pra\u0107enje.<\/li>\n<li><strong>Kompatibilnost s metalnim povr\u0161inama:<\/strong>\u00a0The\u00a0<strong>anti-metal<\/strong>\u00a0Ova zna\u010dajka omogu\u0107uje u\u010dinkovito funkcioniranje ovih oznaka kada se postave na bilo koju metalnu povr\u0161inu, osiguravaju\u0107i pouzdanost u razli\u010ditim radnim okru\u017eenjima.<\/li>\n<\/ul>\n<h2>Prednosti kori\u0161tenja NFC oznaka u patrolnim operacijama<\/h2>\n<p>Provedba\u00a0<strong>NFC<\/strong>\u00a0tehnologija unutar patrolnih operacija donosi brojne prednosti:<\/p>\n<ul>\n<li><strong>Pra\u0107enje u stvarnom vremenu:<\/strong>\u00a0Upravitelji mogu promatrati rute i vrijeme patrola u stvarnom vremenu, \u0161to zna\u010dajno poma\u017ee u pobolj\u0161anju sigurnosnih protokola i osigurava da svaka patrola bude zavr\u0161ena prema planu.<\/li>\n<li><strong>U\u010dinkovito vo\u0111enje evidencije:<\/strong>\u00a0The\u00a0<strong>NFC oznaka<\/strong>\u00a0omogu\u0107uje jednostavno bilje\u017eenje patrolnih aktivnosti, \u0161to poma\u017ee u smanjenju ljudske pogre\u0161ke i pojednostavljuje administrativne zadatke povezane s izvje\u0161\u0107ivanjem.<\/li>\n<\/ul>\n<p>Ulaganje u\u00a0<strong>NFC na metalu<\/strong>\u00a0oznake prevodi se u bolje upravljanje resursima i pobolj\u0161ane sigurnosne mjere odgovora.<\/p>\n<h2>Kako instalirati NFC oznake<\/h2>\n<p>Instaliranje\u00a0<strong>Na NFC oznakama za te\u0161ke uvjete rada<\/strong>\u00a0je jednostavan. Evo kako:<\/p>\n<ol>\n<li><strong>Priprema povr\u0161ine:<\/strong>\u00a0Provjerite je li odabrana metalna povr\u0161ina \u010dista i bez pra\u0161ine ili vlage kako bi se postiglo sna\u017eno prianjanje ljepila.<\/li>\n<li><strong>Pozicioniranje oznake:<\/strong>\u00a0Odredite optimalnu lokaciju za oznaku. Koristite a\u00a0<strong>rupa za vijak<\/strong>\u00a0ako je potrebno za trajnije rje\u0161enje ili upotrijebite ljepljivu podlogu za jednostavno nano\u0161enje.<\/li>\n<li><strong>Testiranje oznake:<\/strong>\u00a0Nakon primjene provjerite raspon o\u010ditanja i funkcionalnost kako biste zajam\u010dili pravilan rad.<\/li>\n<\/ol>\n<p>Pravilna instalacija osigurat \u0107e dugotrajnost i pobolj\u0161ati u\u010dinkovitost va\u0161eg sustava upravljanja ophodnjom.<\/p>\n<p><img fetchpriority=\"high\" decoding=\"async\" class=\"alignnone wp-image-2646\" src=\"https:\/\/rfid-laundry-tag.com\/wp-content\/uploads\/2024\/09\/7_H17fee47b9eae43d5a80c5a2bc6771f13t-300x300.jpg\" alt=\"NFC TAGS\" width=\"489\" height=\"489\" srcset=\"https:\/\/rfid-laundry-tag.com\/wp-content\/uploads\/2024\/09\/7_H17fee47b9eae43d5a80c5a2bc6771f13t-300x300.jpg 300w, https:\/\/rfid-laundry-tag.com\/wp-content\/uploads\/2024\/09\/7_H17fee47b9eae43d5a80c5a2bc6771f13t-150x150.jpg 150w, https:\/\/rfid-laundry-tag.com\/wp-content\/uploads\/2024\/09\/7_H17fee47b9eae43d5a80c5a2bc6771f13t-768x768.jpg 768w, https:\/\/rfid-laundry-tag.com\/wp-content\/uploads\/2024\/09\/7_H17fee47b9eae43d5a80c5a2bc6771f13t-12x12.jpg 12w, https:\/\/rfid-laundry-tag.com\/wp-content\/uploads\/2024\/09\/7_H17fee47b9eae43d5a80c5a2bc6771f13t-600x600.jpg 600w, https:\/\/rfid-laundry-tag.com\/wp-content\/uploads\/2024\/09\/7_H17fee47b9eae43d5a80c5a2bc6771f13t-100x100.jpg 100w, https:\/\/rfid-laundry-tag.com\/wp-content\/uploads\/2024\/09\/7_H17fee47b9eae43d5a80c5a2bc6771f13t.jpg 1000w\" sizes=\"(max-width: 489px) 100vw, 489px\" \/><\/p>\n<h2>Tehni\u010dke specifikacije NFC oznaka za te\u0161ke uvjete rada<\/h2>\n<p>Ispod su va\u017ene tehni\u010dke specifikacije za\u00a0<strong>Na NFC oznakama za te\u0161ke uvjete rada<\/strong>:<\/p>\n<div>\n<div class=\"overflow-x-auto custom-scrollbar custom-scrollbar-wide mb-2\">\n<table class=\"w-fit !mb-2 !max-w-none\">\n<thead>\n<tr>\n<th style=\"text-align: left;\">Zna\u010dajka<\/th>\n<th style=\"text-align: left;\">Specifikacija<\/th>\n<\/tr>\n<\/thead>\n<tbody>\n<tr>\n<td>Veli\u010dina<\/td>\n<td>25 mm, 30 mm<\/td>\n<\/tr>\n<tr>\n<td>\u010cip<\/td>\n<td>NTAG213<\/td>\n<\/tr>\n<tr>\n<td>Frekvencija<\/td>\n<td>13,56MHz<\/td>\n<\/tr>\n<tr>\n<td>Protokol<\/td>\n<td>ISO\/IEC 14443A<\/td>\n<\/tr>\n<tr>\n<td>Memorija<\/td>\n<td>180 bajtova<\/td>\n<\/tr>\n<tr>\n<td>Radna temperatura<\/td>\n<td>-20 do 65 stupnjeva C<\/td>\n<\/tr>\n<tr>\n<td>Vrijeme isporuke<\/td>\n<td>7 radnih dana<\/td>\n<\/tr>\n<tr>\n<td>Zadr\u017eavanje podataka<\/td>\n<td>\u226510 godina<\/td>\n<\/tr>\n<tr>\n<td>Raspon \u010ditanja<\/td>\n<td>0-10 cm<\/td>\n<\/tr>\n<\/tbody>\n<\/table>\n<\/div>\n<\/div>\n<p>Razumijevanje ovih specifikacija poma\u017ee korisnicima u odre\u0111ivanju najbolje oznake za njihove specifi\u010dne potrebe.<\/p>\n<h2>Utjecaj NFC oznaka na okoli\u0161<\/h2>\n<p>Utjecaj kori\u0161tenja na okoli\u0161\u00a0<strong>NFC tehnologija<\/strong>\u00a0je sve ve\u0107a zabrinutost. Sre\u0107om, ove su oznake dizajnirane imaju\u0107i na umu odr\u017eive prakse:<\/p>\n<ul>\n<li><strong>Kori\u0161teni materijali:<\/strong>\u00a0Materijali kori\u0161teni u proizvodnji\u00a0<strong>metalni NFC<\/strong>\u00a0oznake su odabrane zbog svoje dugovje\u010dnosti i mogu\u0107nosti recikliranja.<\/li>\n<li><strong>Smanjeni otpad:<\/strong>\u00a0Uklanjanjem potrebe za papirnatim dnevnicima i ru\u010dnim vo\u0111enjem evidencije, organizacije mogu zna\u010dajno smanjiti svoj trag papirnog otpada.<\/li>\n<\/ul>\n<p>Zagrljeni\u00a0<strong>NFC oznake<\/strong>\u00a0ne samo da pove\u0107ava sigurnost, ve\u0107 je i uskla\u0111ena s ekolo\u0161kim operativnim praksama.<\/p>\n<h3>Iskustva i recenzije kupaca<\/h3>\n<p>Primjene u stvarnom svijetu\u00a0<strong>NFC oznaka<\/strong>\u00a0mogu utjecati na odluke o kupnji. Ovdje se bavimo svjedo\u010danstvima i iskustvima kupaca.<\/p>\n<h2>\u010cesto postavljana pitanja o NFC oznakama za te\u0161ke uvjete rada<\/h2>\n<p><strong>P: Mogu li se ove NFC oznake koristiti u vrlo vru\u0107im ili hladnim uvjetima?<\/strong><br \/>\nO: Da, raspon radne temperature od -20 do 65 stupnjeva C \u010dini ih prikladnima za razli\u010dita okru\u017eenja.<\/p>\n<p><strong>P: Koliko dugo traju podaci na oznaci?<\/strong><br \/>\nO: Razdoblje \u010duvanja podataka je minimalno 10 godina, \u010dime se osigurava dugoro\u010dna pouzdanost.<\/p>\n<p>Ako imate jo\u0161 pitanja, slobodno se obratite za poja\u0161njenja.<\/p>\n<p>U zaklju\u010dku,\u00a0<strong>On Heavy Duty NFC oznake za patrolu<\/strong>\u00a0nezamjenjivi su alat za suvremene organizacije koje \u017eele unaprijediti svoje sigurnosne i upravlja\u010dke prakse. Sa svojom naprednom tehnologijom, izdr\u017eljivo\u0161\u0107u i prilagodljivo\u0161\u0107u, ove oznake donose zna\u010dajna operativna pobolj\u0161anja.<\/p>","protected":false},"excerpt":{"rendered":"<p>Pobolj\u0161ajte u\u010dinkovitost patroliranja s na\u0161om On Heavy Duty NFC oznakom, dizajniranom za metalne povr\u0161ine. Izdr\u017eljiv, pouzdan i savr\u0161en za pojednostavljeno upravljanje sigurno\u0161\u0107u.<\/p>","protected":false},"featured_media":2642,"template":"","meta":{"_kad_post_transparent":"default","_kad_post_title":"","_kad_post_layout":"default","_kad_post_sidebar_id":"","_kad_post_content_style":"default","_kad_post_vertical_padding":"default","_kad_post_feature":"","_kad_post_feature_position":"","_kad_post_header":false,"_kad_post_footer":false,"_kad_post_classname":""},"product_brand":[],"product_cat":[54],"product_tag":[305,216,290],"class_list":{"0":"post-2641","1":"product","2":"type-product","3":"status-publish","4":"has-post-thumbnail","6":"product_cat-hot-selling-rfid-tags","7":"product_tag-heavy-duty-nfc-tags","8":"product_tag-nfc-patrol-tag","9":"product_tag-nfc-tag","11":"first","12":"instock","13":"shipping-taxable","14":"product-type-simple","15":"entry","16":"content-bg","17":"loop-entry"},"_links":{"self":[{"href":"https:\/\/rfid-laundry-tag.com\/hr\/wp-json\/wp\/v2\/product\/2641","targetHints":{"allow":["GET"]}}],"collection":[{"href":"https:\/\/rfid-laundry-tag.com\/hr\/wp-json\/wp\/v2\/product"}],"about":[{"href":"https:\/\/rfid-laundry-tag.com\/hr\/wp-json\/wp\/v2\/types\/product"}],"version-history":[{"count":1,"href":"https:\/\/rfid-laundry-tag.com\/hr\/wp-json\/wp\/v2\/product\/2641\/revisions"}],"predecessor-version":[{"id":2647,"href":"https:\/\/rfid-laundry-tag.com\/hr\/wp-json\/wp\/v2\/product\/2641\/revisions\/2647"}],"wp:featuredmedia":[{"embeddable":true,"href":"https:\/\/rfid-laundry-tag.com\/hr\/wp-json\/wp\/v2\/media\/2642"}],"wp:attachment":[{"href":"https:\/\/rfid-laundry-tag.com\/hr\/wp-json\/wp\/v2\/media?parent=2641"}],"wp:term":[{"taxonomy":"product_brand","embeddable":true,"href":"https:\/\/rfid-laundry-tag.com\/hr\/wp-json\/wp\/v2\/product_brand?post=2641"},{"taxonomy":"product_cat","embeddable":true,"href":"https:\/\/rfid-laundry-tag.com\/hr\/wp-json\/wp\/v2\/product_cat?post=2641"},{"taxonomy":"product_tag","embeddable":true,"href":"https:\/\/rfid-laundry-tag.com\/hr\/wp-json\/wp\/v2\/product_tag?post=2641"}],"curies":[{"name":"radni list","href":"https:\/\/api.w.org\/{rel}","templated":true}]}}