{"id":2638,"date":"2024-09-22T14:53:50","date_gmt":"2024-09-22T14:53:50","guid":{"rendered":"https:\/\/rfid-laundry-tag.com\/?post_type=product&#038;p=2638"},"modified":"2024-09-22T14:53:51","modified_gmt":"2024-09-22T14:53:51","slug":"on-metal-nfc-screw-tag-for-checkpoint-security","status":"publish","type":"product","link":"https:\/\/rfid-laundry-tag.com\/hr\/on-metal-nfc-screw-tag-for-checkpoint-security\/","title":{"rendered":"Metalna NFC oznaka za vijak za sigurnost kontrolne to\u010dke"},"content":{"rendered":"<p><strong>Metalna NFC oznaka za vijak za sigurnost kontrolne to\u010dke:<\/strong>\u00a0Osigurajte robusnu sigurnost kontrolne to\u010dke s na\u0161om izdr\u017eljivom metalnom NFC plo\u010dicom za vijak. Izgra\u0111en s NTAG213 za pouzdan prijenos podataka na metalnim povr\u0161inama, neprimjetno se integrira u va\u0161e sigurnosne protokole, pru\u017eaju\u0107i brzi pristup i pra\u0107enje u stvarnom vremenu za pove\u0107anje sigurnosti i u\u010dinkovitosti.<\/p>\n<h2>Zna\u010dajke metalne NFC oznake za vijak<\/h2>\n<p>The\u00a0<strong>Metalna NFC oznaka za vijak<\/strong>\u00a0dizajniran je s nekoliko zna\u010dajnih zna\u010dajki koje ga \u010dine svestranim rje\u0161enjem:<\/p>\n<ul>\n<li><strong>Izdr\u017eljivost<\/strong>: Konstruirano s an\u00a0<strong>ABS \u0161koljka<\/strong>\u00a0koja mo\u017ee izdr\u017eati te\u0161ke uvjete rada, ova je oznaka otporna na pra\u0161inu, vodu i kemijsku koroziju, posti\u017eu\u0107i\u00a0<strong>IP67<\/strong>\u00a0stupanj za\u0161tite.<\/li>\n<li><strong>Visoka izvedba<\/strong>: Oznaka zapo\u0161ljava\u00a0<strong>NTAG213<\/strong>\u00a0tehnologija za omogu\u0107avanje velikih brzina \u010ditanja, s brzinama prijenosa podataka do\u00a0<strong>106 kbit\/s<\/strong>, \u0161to omogu\u0107uje u\u010dinkovit rad u prometnim okru\u017eenjima.<\/li>\n<li><strong>Tehnologija protiv metala<\/strong>: The\u00a0<strong>anti-metal<\/strong>\u00a0funkcija osigurava da oznaka u\u010dinkovito radi \u010dak i kada je pri\u010dvr\u0161\u0107ena na metalne povr\u0161ine, \u0161to bi ina\u010de ometalo NFC signale.<\/li>\n<\/ul>\n<p>Ove zna\u010dajke \u010dine On-Metal NFC Screw Tag idealnim za primjene u logistici, kontroli prisutnosti i drugim industrijama gdje su izdr\u017eljivost i izvedba najva\u017eniji.<\/p>\n<h2>Tehni\u010dke specifikacije<\/h2>\n<div>\n<div class=\"overflow-x-auto custom-scrollbar custom-scrollbar-wide mb-2\">\n<table class=\"w-fit !mb-2 !max-w-none\">\n<thead>\n<tr>\n<th>Specifikacija<\/th>\n<th>pojedinosti<\/th>\n<\/tr>\n<\/thead>\n<tbody>\n<tr>\n<td><strong>\u010cip<\/strong><\/td>\n<td>NTAG213<\/td>\n<\/tr>\n<tr>\n<td><strong>Memorija<\/strong><\/td>\n<td>144\/504\/888\/1K bajtova<\/td>\n<\/tr>\n<tr>\n<td><strong>Protokol<\/strong><\/td>\n<td>ISO 14443A<\/td>\n<\/tr>\n<tr>\n<td><strong>Frekvencija<\/strong><\/td>\n<td>13,56MHz<\/td>\n<\/tr>\n<tr>\n<td><strong>Mogu\u0107nosti boja<\/strong><\/td>\n<td>Crna, bijela, \u017euta<\/td>\n<\/tr>\n<tr>\n<td><strong>Promjer<\/strong><\/td>\n<td>25\/30\/35\/40\/52 mm (dostupne prilago\u0111ene veli\u010dine)<\/td>\n<\/tr>\n<tr>\n<td><strong>Debljina<\/strong><\/td>\n<td>5 mm<\/td>\n<\/tr>\n<tr>\n<td><strong>Te\u017eina<\/strong><\/td>\n<td>3 g<\/td>\n<\/tr>\n<tr>\n<td><strong>Radna temp<\/strong><\/td>\n<td>-25\u00b0C do 70\u00b0C<\/td>\n<\/tr>\n<tr>\n<td><strong>Mogu\u0107nost brisanja<\/strong><\/td>\n<td>&gt; 100 000 brisanja<\/td>\n<\/tr>\n<tr>\n<td><strong>Udaljenost \u010ditanja<\/strong><\/td>\n<td>2-20 cm (ovisno o okru\u017eenju)<\/td>\n<\/tr>\n<\/tbody>\n<\/table>\n<\/div>\n<\/div>\n<p>Naoru\u017ean ovim mogu\u0107nostima, On-Metal NFC Screw Tag predstavlja mo\u0107an alat za razne\u00a0<strong>NFC aplikacije<\/strong>.<\/p>\n<h2>Primjene u razli\u010ditim industrijama<\/h2>\n<p>Svestranost On-Metal NFC oznake za vijak omogu\u0107uje njegovu upotrebu u vi\u0161e sektora:<\/p>\n<ul>\n<li><strong>Kontrola pristupa<\/strong>: Jednostavno upravljajte ulaznim to\u010dkama na sigurnim lokacijama pri\u010dvr\u0161\u0107ivanjem\u00a0<strong>NFC oznake<\/strong>\u00a0do vrata ili kapija. Oznake se mogu povezati s korisni\u010dkim profilima za besprijekornu autentifikaciju.<\/li>\n<li><strong>Logistika i upravljanje zalihama<\/strong>: Pojednostavite pra\u0107enje robe postavljanjem oznaka na metalne spremnike. Trajnost ovih oznaka osigurava da izdr\u017ee zahtjeve proizvodnje i slanja.<\/li>\n<li><strong>Javni prijevoz<\/strong>: Pobolj\u0161ajte korisni\u010dko iskustvo upotrebom On-Metal NFC oznaka za sustave izdavanja karata, omogu\u0107uju\u0107i voza\u010dima da provjere svoj status ili jednostavno dopune svoje ra\u010dune.<\/li>\n<\/ul>\n<p>Implementacijom ovih oznaka, tvrtke mogu pojednostaviti poslovanje i zna\u010dajno pobolj\u0161ati pru\u017eanje usluga.<\/p>\n<h2>Prednosti kori\u0161tenja NTAG213, NTAG215 i NTAG216<\/h2>\n<p>NTAG213, NTAG215 i NTAG216 \u010dipovi tvrtke NXP Semiconductors nude razli\u010dite prednosti:<\/p>\n<ol>\n<li><strong>Segmentacija<\/strong>: Korisnici mogu segmentirati memoriju za vi\u0161e aplikacija, \u010dine\u0107i oznake fleksibilnim u funkcionalnosti.<\/li>\n<li><strong>Sigurnosne zna\u010dajke<\/strong>: Opremljen sa\u00a0<em><strong>Potpisi izvornosti temeljeni na ECC-u<\/strong><\/em>\u00a0i\u00a0<strong>za\u0161tita lozinkom<\/strong>, te oznake \u0161tite podatke od neovla\u0161tenog pristupa i osiguravaju cjelovitost.<\/li>\n<li><strong>Visoki kapacitet i izvedba<\/strong>: Mogu\u0107nosti pro\u0161irene memorije \u010dine ga prikladnim za aplikacije koje zahtijevaju zna\u010dajnu pohranu podataka uz zadr\u017eavanje mogu\u0107nosti brzog \u010ditanja.<\/li>\n<\/ol>\n<p>Ove prednosti omogu\u0107uju tvrtkama da prilagode svoja rje\u0161enja prema specifi\u010dnim operativnim potrebama.<\/p>\n<h2>Upute za instalaciju i kori\u0161tenje<\/h2>\n<p>Instaliranje metalne oznake za NFC vijak je jednostavno:<\/p>\n<ol>\n<li><strong>Odaberite lokaciju<\/strong>: Odaberite ravnu povr\u0161inu na metalnom predmetu gdje \u0107ete staviti oznaku. Osigurajte\u00a0<strong>povr\u0161inski<\/strong>\u00a0je \u010disto i suho.<\/li>\n<li><strong>Osigurajte vijcima<\/strong>: Koristite prilo\u017eene vijke\u00a0<em>rupe za vijke<\/em>\u00a0na oznaci za trajno u\u010dvr\u0161\u0107enje.<\/li>\n<li><strong>Opcija ljepila<\/strong>: Alternativno, oznaka se mo\u017ee pri\u010dvrstiti pomo\u0107u jakog ljepila ako je po\u017eeljno.<\/li>\n<\/ol>\n<p>Jednom instalirane, oznake se mogu lako skenirati s kompatibilnim ure\u0111ajima koji podr\u017eavaju NFC, omogu\u0107uju\u0107i trenutni pristup informacijama pohranjenim na oznaci.<\/p>\n<h2>\u010cesto postavljana pitanja o metalnim NFC oznakama<\/h2>\n<p><strong>P: Mo\u017ee li On-Metal NFC oznaka za vijak raditi na svim metalnim povr\u0161inama?<\/strong><br \/>\nO: Da, zahvaljuju\u0107i specijalizaciji\u00a0<strong>antimetalna tehnologija<\/strong>, oznaka u\u010dinkovito djeluje na razli\u010ditim metalnim povr\u0161inama bez smetnji.<\/p>\n<p><strong>P: Kako mogu programirati ili pisati podatke u oznaku NTAG213?<\/strong><br \/>\nO: Programiranje se mo\u017ee izvr\u0161iti kori\u0161tenjem kompatibilnih NFC-omogu\u0107enih ure\u0111aja s odgovaraju\u0107om aplikacijom. Za slo\u017eenije aplikacije razmislite o kori\u0161tenju namjenskog NFC softvera za pisanje.<\/p>\n<p><strong>P: Koji je radni temperaturni raspon za ove oznake?<\/strong><br \/>\nO: Oznake u\u010dinkovito funkcioniraju na temperaturama od\u00a0<strong>-25\u00b0C do 70\u00b0C<\/strong>.<\/p>\n<h2>Razmatranja okoli\u0161a<\/h2>\n<p>The\u00a0<strong>Metalna NFC oznaka za vijak<\/strong>\u00a0je dizajniran imaju\u0107i na umu odr\u017eivost. Njegova robusna konstrukcija smanjuje potrebu za zamjenama, smanjuju\u0107i otpad. \u0160tovi\u0161e, kada se pravilno odla\u017eu, elementi kori\u0161teni u proizvodnji ovih oznaka mogu se reciklirati.<\/p>","protected":false},"excerpt":{"rendered":"<p>Pobolj\u0161ajte svoje operacije s metalnom NFC oznakom za vijak. Izdr\u017eljiv, svestran i opremljen NFC tehnologijom za besprijekoran prijenos podataka na metalnim povr\u0161inama.<\/p>","protected":false},"featured_media":2639,"template":"","meta":{"_kad_post_transparent":"default","_kad_post_title":"","_kad_post_layout":"default","_kad_post_sidebar_id":"","_kad_post_content_style":"default","_kad_post_vertical_padding":"default","_kad_post_feature":"","_kad_post_feature_position":"","_kad_post_header":false,"_kad_post_footer":false,"_kad_post_classname":""},"product_brand":[],"product_cat":[54],"product_tag":[305,216,304],"class_list":{"0":"post-2638","1":"product","2":"type-product","3":"status-publish","4":"has-post-thumbnail","6":"product_cat-hot-selling-rfid-tags","7":"product_tag-heavy-duty-nfc-tags","8":"product_tag-nfc-patrol-tag","9":"product_tag-nfc-screw-tag","11":"first","12":"instock","13":"shipping-taxable","14":"product-type-simple","15":"entry","16":"content-bg","17":"loop-entry"},"_links":{"self":[{"href":"https:\/\/rfid-laundry-tag.com\/hr\/wp-json\/wp\/v2\/product\/2638","targetHints":{"allow":["GET"]}}],"collection":[{"href":"https:\/\/rfid-laundry-tag.com\/hr\/wp-json\/wp\/v2\/product"}],"about":[{"href":"https:\/\/rfid-laundry-tag.com\/hr\/wp-json\/wp\/v2\/types\/product"}],"version-history":[{"count":1,"href":"https:\/\/rfid-laundry-tag.com\/hr\/wp-json\/wp\/v2\/product\/2638\/revisions"}],"predecessor-version":[{"id":2640,"href":"https:\/\/rfid-laundry-tag.com\/hr\/wp-json\/wp\/v2\/product\/2638\/revisions\/2640"}],"wp:featuredmedia":[{"embeddable":true,"href":"https:\/\/rfid-laundry-tag.com\/hr\/wp-json\/wp\/v2\/media\/2639"}],"wp:attachment":[{"href":"https:\/\/rfid-laundry-tag.com\/hr\/wp-json\/wp\/v2\/media?parent=2638"}],"wp:term":[{"taxonomy":"product_brand","embeddable":true,"href":"https:\/\/rfid-laundry-tag.com\/hr\/wp-json\/wp\/v2\/product_brand?post=2638"},{"taxonomy":"product_cat","embeddable":true,"href":"https:\/\/rfid-laundry-tag.com\/hr\/wp-json\/wp\/v2\/product_cat?post=2638"},{"taxonomy":"product_tag","embeddable":true,"href":"https:\/\/rfid-laundry-tag.com\/hr\/wp-json\/wp\/v2\/product_tag?post=2638"}],"curies":[{"name":"radni list","href":"https:\/\/api.w.org\/{rel}","templated":true}]}}