{"id":2581,"date":"2024-09-19T13:02:28","date_gmt":"2024-09-19T13:02:28","guid":{"rendered":"https:\/\/rfid-laundry-tag.com\/?post_type=product&#038;p=2581"},"modified":"2024-09-19T13:40:21","modified_gmt":"2024-09-19T13:40:21","slug":"on-metal-nfc-screw-tag-ntag213","status":"publish","type":"product","link":"https:\/\/rfid-laundry-tag.com\/hr\/on-metal-nfc-screw-tag-ntag213\/","title":{"rendered":"Metalna NFC oznaka za vijak Ntag213"},"content":{"rendered":"<p>The <strong>Metalna NFC oznaka za vijak<\/strong> je vrlo izdr\u017eljiva NFC oznaka dizajnirana posebno za industrijsku upotrebu. Njegovo <strong>ABS ili PVC konstrukcija<\/strong> osigurava da jest <strong>vodootporan<\/strong> i <strong>otporan na toplinu<\/strong>, \u0161to ga \u010dini prikladnim za zahtjevna okru\u017eenja poput visoke vla\u017enosti ili ekstremnih temperatura.<\/p>\n<h3>Glavne zna\u010dajke:<\/h3>\n<ul>\n<li><strong>Vrsta \u010dipa<\/strong>: NXP NTAG213 (kompatibilan sa svim mobilnim ure\u0111ajima)<\/li>\n<li><strong>Oblik<\/strong>: Okrugla<\/li>\n<li><strong>Veli\u010dina<\/strong>: 30 mm u promjeru, plus 2,5 mm debljine<\/li>\n<li><strong>Veli\u010dina antene<\/strong>: 25 mm<\/li>\n<li><strong>Ukupna memorija<\/strong>: 144 bajta<\/li>\n<li><strong>Formatirana memorija<\/strong>: 137 bajtova<\/li>\n<li><strong>Radna frekvencija<\/strong>: 13,56 MHz<\/li>\n<\/ul>\n<h3>Idealno za:<\/h3>\n<ul>\n<li>Koristiti na metalnim povr\u0161inama bez smetnji.<\/li>\n<li>Velika udaljenost \u010ditanja \u010dak iu te\u0161kim industrijskim uvjetima.<\/li>\n<li>Kompatibilnost sa svim ure\u0111ajima koji podr\u017eavaju NFC (npr. pametni telefoni, tableti).<\/li>\n<\/ul>\n<p>Ova je oznaka tako\u0111er prilagodljiva, nudi razli\u010dite vrste \u010dipova i <strong>Mogu\u0107nosti ispisa ID-a<\/strong>. Mo\u017ee se pri\u010dvrstiti vijkom ili ljepilom, osiguravaju\u0107i sigurno pri\u010dvr\u0161\u0107ivanje na metalne predmete.<\/p>\n<h3 class=\"AnswerParser_AnswerParserH3__Mpe4s\">Tehni\u010dke specifikacije<\/h3>\n<div class=\"AnswerParser_TableContainer__Erb6v\" data-testid=\"table-container\">\n<table>\n<thead>\n<tr>\n<th>Zna\u010dajka<\/th>\n<th>Specifikacija<\/th>\n<\/tr>\n<\/thead>\n<tbody>\n<tr>\n<td>Promjer<\/td>\n<td>30 mm<\/td>\n<\/tr>\n<tr>\n<td>Debljina<\/td>\n<td>3 mm<\/td>\n<\/tr>\n<tr>\n<td>Otvor za vijak<\/td>\n<td>3 mm<\/td>\n<\/tr>\n<tr>\n<td>Vrsta \u010dipa<\/td>\n<td>NTAG213<\/td>\n<\/tr>\n<tr>\n<td>Memorija<\/td>\n<td>144 bajta<\/td>\n<\/tr>\n<tr>\n<td>Frekvencija<\/td>\n<td>13,56 MHz (HF)<\/td>\n<\/tr>\n<\/tbody>\n<\/table>\n<\/div>\n<h2 class=\"AnswerParser_AnswerParserH2__SIHnF\">Ntag213 \u010dip: vrhunska NFC tehnologija<\/h2>\n<p><span class=\"AnswerParser_TextContainer__z_Iiv\" data-testid=\"youchat-text\">U srcu na\u0161e metalne NFC oznake za vijak nalazi se mo\u0107ni Ntag213 \u010dip koji nudi:<\/span><\/p>\n<ul class=\"AnswerParser_AnswerParserUnorderedList__P_1FW\">\n<li class=\"AnswerParser_ListItem__XqLOV\" translate=\"yes\">144 bajta korisni\u010dke memorije<\/li>\n<li class=\"AnswerParser_ListItem__XqLOV\" translate=\"yes\">Velike brzine \u010ditanja i pisanja<\/li>\n<li class=\"AnswerParser_ListItem__XqLOV\" translate=\"yes\">Kompatibilnost sa svim ure\u0111ajima koji podr\u017eavaju NFC<\/li>\n<\/ul>\n<p><span class=\"AnswerParser_TextContainer__z_Iiv\" data-testid=\"youchat-text\">Ovaj napredni \u010dip osigurava brz i pouzdan prijenos va\u0161ih podataka, \u0161to ga \u010dini savr\u0161enim za \u0161irok raspon NFC aplikacija.<\/span><\/p>\n<h2 class=\"AnswerParser_AnswerParserH2__SIHnF\">Performanse na metalu: Prevladavanje izazova smetnji<\/h2>\n<p><span class=\"AnswerParser_TextContainer__z_Iiv\" data-testid=\"youchat-text\">Tradicionalne NFC oznake \u010desto se bore kada se postave na metalne povr\u0161ine zbog interferencije signala. Na\u0161e metalne NFC oznake za vijke posebno su dizajnirane za:<\/span><\/p>\n<ul class=\"AnswerParser_AnswerParserUnorderedList__P_1FW\">\n<li class=\"AnswerParser_ListItem__XqLOV\" translate=\"yes\">Odr\u017eava optimalnu u\u010dinkovitost na metalnim povr\u0161inama<\/li>\n<li class=\"AnswerParser_ListItem__XqLOV\" translate=\"yes\">Osigurajte dosljedne raspone o\u010ditanja<\/li>\n<li class=\"AnswerParser_ListItem__XqLOV\" translate=\"yes\">Uklonite potrebu za odstojnicima ili dodatnim ljepilima<\/li>\n<\/ul>\n<p><span class=\"AnswerParser_TextContainer__z_Iiv\" data-testid=\"youchat-text\">Kori\u0161tenjem napredne tehnologije protiv metala, ove oznake osiguravaju pouzdanu komunikaciju \u010dak i kada su pri\u010dvr\u0161\u0107ene izravno na metalne predmete.<\/span><\/p>\n<h2 class=\"AnswerParser_AnswerParserH2__SIHnF\">Jednostavna integracija: kompatibilan s va\u0161om postoje\u0107om NFC infrastrukturom<\/h2>\n<p><span class=\"AnswerParser_TextContainer__z_Iiv\" data-testid=\"youchat-text\">Na\u0161e metalne oznake za NFC vijke dizajnirane su za besprijekornu integraciju s va\u0161im trenutnim NFC ekosustavom. Oni su:<\/span><\/p>\n<ul class=\"AnswerParser_AnswerParserUnorderedList__P_1FW\">\n<li class=\"AnswerParser_ListItem__XqLOV\" translate=\"yes\">Kompatibilan sa svim standardnim NFC \u010dita\u010dima<\/li>\n<li class=\"AnswerParser_ListItem__XqLOV\" translate=\"yes\">Lako se programira pomo\u0107u pametnih telefona s NFC-om<\/li>\n<li class=\"AnswerParser_ListItem__XqLOV\" translate=\"yes\">Prikladno za Android i iOS ure\u0111aje<\/li>\n<\/ul>\n<p><span class=\"AnswerParser_TextContainer__z_Iiv\" data-testid=\"youchat-text\">Ova svestranost osigurava da mo\u017eete implementirati ove oznake bez potrebe za skupim nadogradnjama infrastrukture.<\/span><\/p>\n<h2 class=\"AnswerParser_AnswerParserH2__SIHnF\">Mogu\u0107nosti prilagodbe: prilagodite svoje oznake svojim potrebama<\/h2>\n<p><span class=\"AnswerParser_TextContainer__z_Iiv\" data-testid=\"youchat-text\">Shva\u0107amo da svaki posao ima jedinstvene zahtjeve. Zato nudimo niz mogu\u0107nosti prilagodbe za na\u0161e metalne oznake NFC vijaka:<\/span><\/p>\n<ul class=\"AnswerParser_AnswerParserUnorderedList__P_1FW\">\n<li class=\"AnswerParser_ListItem__XqLOV\" translate=\"yes\">Tisak po narud\u017ebi s va\u0161im logotipom ili robnom markom<\/li>\n<li class=\"AnswerParser_ListItem__XqLOV\" translate=\"yes\">Razli\u010dite opcije boja koje odgovaraju va\u0161oj estetici<\/li>\n<li class=\"AnswerParser_ListItem__XqLOV\" translate=\"yes\">Personalizirano kodiranje s va\u0161im specifi\u010dnim podacima<\/li>\n<\/ul>\n<p><span class=\"AnswerParser_TextContainer__z_Iiv\" data-testid=\"youchat-text\">Na\u0161 tim stru\u010dnjaka spreman je pomo\u0107i vam stvoriti savr\u0161eno NFC rje\u0161enje za va\u0161e poslovne potrebe.<\/span><\/p>\n<h2 class=\"AnswerParser_AnswerParserH2__SIHnF\">Utjecaj na okoli\u0161: Odr\u017eiva NFC rje\u0161enja<\/h2>\n<p><span class=\"AnswerParser_TextContainer__z_Iiv\" data-testid=\"youchat-text\">U dana\u0161njem ekolo\u0161ki osvije\u0161tenom svijetu, predani smo pru\u017eanju odr\u017eivih NFC rje\u0161enja. Na\u0161e oznake NFC vijaka na metalu:<\/span><\/p>\n<ul class=\"AnswerParser_AnswerParserUnorderedList__P_1FW\">\n<li class=\"AnswerParser_ListItem__XqLOV\" translate=\"yes\">Izra\u0111eni su od materijala koji se mogu reciklirati<\/li>\n<li class=\"AnswerParser_ListItem__XqLOV\" translate=\"yes\">Imaju dug vijek trajanja, smanjuju\u0107i otpad<\/li>\n<li class=\"AnswerParser_ListItem__XqLOV\" translate=\"yes\">Doprinesite sustavima bez papira, smanjuju\u0107i ukupni utjecaj na okoli\u0161<\/li>\n<\/ul>\n<p><span class=\"AnswerParser_TextContainer__z_Iiv\" data-testid=\"youchat-text\">Odabirom na\u0161ih oznaka ne ula\u017eete samo u vrhunsku tehnologiju, ve\u0107 iu odr\u017eiviju budu\u0107nost.<\/span><\/p>\n<h2 class=\"AnswerParser_AnswerParserH2__SIHnF\">Isplativo rje\u0161enje: Pove\u0107ajte povrat ulaganja<\/h2>\n<p><span class=\"AnswerParser_TextContainer__z_Iiv\" data-testid=\"youchat-text\">Dok po\u010detna cijena metalnih NFC oznaka za vijke mo\u017ee biti vi\u0161a od tradicionalnih oznaka na temelju naljepnica, one nude zna\u010dajne dugoro\u010dne prednosti:<\/span><\/p>\n<ul class=\"AnswerParser_AnswerParserUnorderedList__P_1FW\">\n<li class=\"AnswerParser_ListItem__XqLOV\" translate=\"yes\">Smanjeni tro\u0161kovi zamjene zahvaljuju\u0107i vrhunskoj izdr\u017eljivosti<\/li>\n<li class=\"AnswerParser_ListItem__XqLOV\" translate=\"yes\">Pobolj\u0161ana u\u010dinkovitost u pra\u0107enju i upravljanju imovinom<\/li>\n<li class=\"AnswerParser_ListItem__XqLOV\" translate=\"yes\">Potencijal za pojednostavljeno poslovanje i u\u0161tedu tro\u0161kova<\/li>\n<\/ul>\n<p><span class=\"AnswerParser_TextContainer__z_Iiv\" data-testid=\"youchat-text\">Ulaganje u na\u0161e visokokvalitetne NFC oznake mo\u017ee dovesti do zna\u010dajnih povrata ulaganja tijekom vremena.<\/span><\/p>\n<h2 class=\"AnswerParser_AnswerParserH2__SIHnF\">Jednostavna instalacija i upute za kori\u0161tenje<\/h2>\n<p><span class=\"AnswerParser_TextContainer__z_Iiv\" data-testid=\"youchat-text\">Po\u010detak rada s na\u0161im metalnim NFC oznakama za vijke je jednostavan:<\/span><\/p>\n<ol class=\"AnswerParser_AnswerParserOrderedList__kl_2Y\">\n<li class=\"AnswerParser_ListItem__XqLOV\" translate=\"yes\">O\u010distite metalnu povr\u0161inu na koju \u0107ete pri\u010dvrstiti oznaku<\/li>\n<li class=\"AnswerParser_ListItem__XqLOV\" translate=\"yes\">Koristite rupu za vijak od 3 mm da sigurno pri\u010dvrstite oznaku<\/li>\n<li class=\"AnswerParser_ListItem__XqLOV\" translate=\"yes\">Programirajte oznaku pomo\u0107u svog ure\u0111aja koji podr\u017eava NFC<\/li>\n<li class=\"AnswerParser_ListItem__XqLOV\" translate=\"yes\">Po\u010dnite koristiti svoju novoinstaliranu NFC oznaku!<\/li>\n<\/ol>\n<p><span class=\"AnswerParser_TextContainer__z_Iiv\" data-testid=\"youchat-text\">Za detaljne upute i vodi\u010de za programiranje provjerite svoju pristiglu po\u0161tu nakon kupnje za na\u0161 opse\u017ean korisni\u010dki priru\u010dnik.<\/span><\/p>\n<h2 class=\"AnswerParser_AnswerParserH2__SIHnF\">\u010cesto postavljana pitanja<\/h2>\n<p><span class=\"AnswerParser_TextContainer__z_Iiv\" data-testid=\"youchat-text\"><strong>P: Mogu li se ove oznake koristiti na nemetalnim povr\u0161inama?<\/strong>\u00a0<\/span><\/p>\n<p><span class=\"AnswerParser_TextContainer__z_Iiv\" data-testid=\"youchat-text\">O: Da, iako su optimizirane za metalne povr\u0161ine, na\u0161e oznake rade jednako dobro i na nemetalnim materijalima.<\/span><\/p>\n<p><span class=\"AnswerParser_TextContainer__z_Iiv\" data-testid=\"youchat-text\"><strong>P: Koji je raspon \u010ditanja ovih NFC oznaka?<\/strong>\u00a0<\/span><\/p>\n<p><span class=\"AnswerParser_TextContainer__z_Iiv\" data-testid=\"youchat-text\">O: Tipi\u010dni raspon \u010ditanja je do 5 cm, ovisno o ure\u0111aju za \u010ditanje koji se koristi.<\/span><\/p>\n<p><span class=\"AnswerParser_TextContainer__z_Iiv\" data-testid=\"youchat-text\"><strong>P: Jesu li ove oznake vodootporne?<\/strong>\u00a0<\/span><\/p>\n<p><span class=\"AnswerParser_TextContainer__z_Iiv\" data-testid=\"youchat-text\">O: Da, metalna konstrukcija ih \u010dini vrlo otpornim na vodu i druge teku\u0107ine.<\/span><\/p>","protected":false},"excerpt":{"rendered":"<p>The <strong>Metalna NFC oznaka za vijak<\/strong> je vrlo izdr\u017eljiva NFC oznaka dizajnirana posebno za industrijsku upotrebu.<\/p>","protected":false},"featured_media":2582,"template":"","meta":{"_kad_post_transparent":"default","_kad_post_title":"","_kad_post_layout":"default","_kad_post_sidebar_id":"","_kad_post_content_style":"default","_kad_post_vertical_padding":"default","_kad_post_feature":"","_kad_post_feature_position":"","_kad_post_header":false,"_kad_post_footer":false,"_kad_post_classname":""},"product_brand":[],"product_cat":[54],"product_tag":[295,216,290,294],"class_list":{"0":"post-2581","1":"product","2":"type-product","3":"status-publish","4":"has-post-thumbnail","6":"product_cat-hot-selling-rfid-tags","7":"product_tag-nfc-disc-tag","8":"product_tag-nfc-patrol-tag","9":"product_tag-nfc-tag","10":"product_tag-on-metal-nfc-screw-tag","12":"first","13":"instock","14":"shipping-taxable","15":"product-type-simple","16":"entry","17":"content-bg","18":"loop-entry"},"_links":{"self":[{"href":"https:\/\/rfid-laundry-tag.com\/hr\/wp-json\/wp\/v2\/product\/2581","targetHints":{"allow":["GET"]}}],"collection":[{"href":"https:\/\/rfid-laundry-tag.com\/hr\/wp-json\/wp\/v2\/product"}],"about":[{"href":"https:\/\/rfid-laundry-tag.com\/hr\/wp-json\/wp\/v2\/types\/product"}],"version-history":[{"count":1,"href":"https:\/\/rfid-laundry-tag.com\/hr\/wp-json\/wp\/v2\/product\/2581\/revisions"}],"predecessor-version":[{"id":2586,"href":"https:\/\/rfid-laundry-tag.com\/hr\/wp-json\/wp\/v2\/product\/2581\/revisions\/2586"}],"wp:featuredmedia":[{"embeddable":true,"href":"https:\/\/rfid-laundry-tag.com\/hr\/wp-json\/wp\/v2\/media\/2582"}],"wp:attachment":[{"href":"https:\/\/rfid-laundry-tag.com\/hr\/wp-json\/wp\/v2\/media?parent=2581"}],"wp:term":[{"taxonomy":"product_brand","embeddable":true,"href":"https:\/\/rfid-laundry-tag.com\/hr\/wp-json\/wp\/v2\/product_brand?post=2581"},{"taxonomy":"product_cat","embeddable":true,"href":"https:\/\/rfid-laundry-tag.com\/hr\/wp-json\/wp\/v2\/product_cat?post=2581"},{"taxonomy":"product_tag","embeddable":true,"href":"https:\/\/rfid-laundry-tag.com\/hr\/wp-json\/wp\/v2\/product_tag?post=2581"}],"curies":[{"name":"radni list","href":"https:\/\/api.w.org\/{rel}","templated":true}]}}