{"id":2576,"date":"2024-09-17T14:08:34","date_gmt":"2024-09-17T14:08:34","guid":{"rendered":"https:\/\/rfid-laundry-tag.com\/?post_type=product&#038;p=2576"},"modified":"2024-09-17T14:08:35","modified_gmt":"2024-09-17T14:08:35","slug":"custom-anti-metal-nfc-coin-tag","status":"publish","type":"product","link":"https:\/\/rfid-laundry-tag.com\/hr\/custom-anti-metal-nfc-coin-tag\/","title":{"rendered":"Prilago\u0111ena anti-metalna NFC oznaka kovanica"},"content":{"rendered":"<h3>Prilago\u0111ena anti-metalna NFC oznaka kovanica<\/h3>\n<h2 class=\"AnswerParser_AnswerParserH2__SIHnF\">\u0160to su prilago\u0111ene antimetalne NFC oznake za kovanice?<\/h2>\n<p><span class=\"AnswerParser_TextContainer__z_Iiv\" data-testid=\"youchat-text\"><strong>Prilago\u0111ene antimetalne NFC oznake za kovanice<\/strong>\u00a0su posebno dizajnirane NFC oznake koje se mogu ugraditi u razne proizvode ili promotivne materijale. Za razliku od standardnih NFC oznaka, ove oznake dizajnirane su za u\u010dinkovito djelovanje na metalnim povr\u0161inama, \u0161to ih \u010dini svestranim za brojne primjene. Oznake se mogu prilagoditi u veli\u010dini i dizajnu, omogu\u0107uju\u0107i tvrtkama stvaranje jedinstvenih rje\u0161enja koja pobolj\u0161avaju interakciju s korisnicima.<\/span><span class=\"AnswerParser_TextContainer__z_Iiv\" data-testid=\"youchat-text\">Ove NFC oznake nov\u010di\u0107a mogu se ugraditi u pametne plakate, izloge, pa \u010dak i izravno na proizvode, omogu\u0107uju\u0107i potro\u0161a\u010dima da dodirnu svoje pametne telefone s NFC-om kako bi trenutno pristupili relevantnim informacijama ili kampanjama.<\/span><\/p>\n<h2 class=\"AnswerParser_AnswerParserH2__SIHnF\">Kako funkcionira NFC tehnologija?<\/h2>\n<p><span class=\"AnswerParser_TextContainer__z_Iiv\" data-testid=\"youchat-text\">NFC tehnologija omogu\u0107uje komunikaciju kratkog dometa izme\u0111u ure\u0111aja. Evo kako to funkcionira kada korisnik stupi u interakciju s NFC oznakom:<\/span><\/p>\n<ol class=\"AnswerParser_AnswerParserOrderedList__kl_2Y\">\n<li class=\"AnswerParser_ListItem__XqLOV\" translate=\"yes\"><strong>Dodirnite Interakcija<\/strong>: Kada kupac svojim pametnim telefonom koji podr\u017eava NFC dodirne NFC oznaku, telefon detektira jedinstveni identifikator oznake.<\/li>\n<li class=\"AnswerParser_ListItem__XqLOV\" translate=\"yes\"><strong>Otkrivanje URL-a<\/strong>: NFC oznaka sadr\u017ei URL koji je povezan s odre\u0111enom kampanjom ili informacijama.<\/li>\n<li class=\"AnswerParser_ListItem__XqLOV\" translate=\"yes\"><strong>Razmjena podataka<\/strong>: Pametni telefon \u0161alje URL serveru u oblaku, koji dohva\u0107a podatke o kampanji povezani s tim URL-om.<\/li>\n<li class=\"AnswerParser_ListItem__XqLOV\" translate=\"yes\"><strong>Prikaz na pametnom telefonu<\/strong>: Dohva\u0107ene informacije o kampanji zatim se prikazuju na pametnom telefonu potro\u0161a\u010da, omogu\u0107uju\u0107i trenutni pristup sadr\u017eaju kao \u0161to su promotivne ponude, pojedinosti o proizvodu ili interaktivna iskustva.<\/li>\n<\/ol>\n<p><span class=\"AnswerParser_TextContainer__z_Iiv\" data-testid=\"youchat-text\">Ova besprijekorna razmjena informacija pove\u0107ava anga\u017eman korisnika i pojednostavljuje na\u010din na koji se marke povezuju sa svojom publikom.<\/span><\/p>\n<h2 class=\"AnswerParser_AnswerParserH2__SIHnF\">Prednosti kori\u0161tenja prilago\u0111enih NFC oznaka nov\u010di\u0107a<\/h2>\n<p><span class=\"AnswerParser_TextContainer__z_Iiv\" data-testid=\"youchat-text\">Kori\u0161tenje prilago\u0111enih NFC oznaka za nov\u010di\u0107e nudi brojne prednosti:<\/span><\/p>\n<ul class=\"AnswerParser_AnswerParserUnorderedList__P_1FW\">\n<li class=\"AnswerParser_ListItem__XqLOV\" translate=\"yes\"><strong>Besprijekorna interakcija<\/strong>: Za razliku od WiFi marketinga, NFC ne zahtijeva od potro\u0161a\u010da da konfiguriraju svoje pametne telefone. Korisnici mogu brzo pristupiti informacijama jednostavnim dodirom, \u0161to ga \u010dini jednostavnim iskustvom.<\/li>\n<li class=\"AnswerParser_ListItem__XqLOV\" translate=\"yes\"><strong>Pobolj\u0161ani anga\u017eman<\/strong>: NFC oznake za nov\u010di\u0107e omogu\u0107uju robnim markama stvaranje interaktivnih i dinami\u010dnih marketin\u0161kih kampanja koje privla\u010de pozornost potro\u0161a\u010da i promi\u010du lojalnost marki.<\/li>\n<li class=\"AnswerParser_ListItem__XqLOV\" translate=\"yes\"><strong>Svestranost<\/strong>: Ove oznake mogu se primijeniti na razli\u010dite povr\u0161ine, uklju\u010duju\u0107i metal, \u0161to ih \u010dini prikladnima za \u0161irok raspon proizvoda i promotivnih materijala.<\/li>\n<\/ul>\n<p><span class=\"AnswerParser_TextContainer__z_Iiv\" data-testid=\"youchat-text\">Ove prednosti pozicioniraju NFC oznake za nov\u010di\u0107e kao mo\u0107an alat za moderne marketin\u0161ke strategije.<\/span><\/p>\n<h2 class=\"AnswerParser_AnswerParserH2__SIHnF\">Mogu\u0107nosti materijala i dizajna za NFC oznake za nov\u010di\u0107e<\/h2>\n<p><span class=\"AnswerParser_TextContainer__z_Iiv\" data-testid=\"youchat-text\">Prilago\u0111ene NFC oznake za nov\u010di\u0107e izra\u0111ene su od izdr\u017eljivih materijala koji osiguravaju dugovje\u010dnost i funkcionalnost:<\/span><\/p>\n<ul class=\"AnswerParser_AnswerParserUnorderedList__P_1FW\">\n<li class=\"AnswerParser_ListItem__XqLOV\" translate=\"yes\"><strong>PVC\/PET<\/strong>: Ovi materijali se obi\u010dno koriste zbog svoje \u010dvrsto\u0107e i fleksibilnosti, \u0161to ih \u010dini idealnim za svakodnevnu upotrebu.<\/li>\n<li class=\"AnswerParser_ListItem__XqLOV\" translate=\"yes\"><strong>Materijal protiv metala<\/strong>: Jedinstveni dizajn protiv metala omogu\u0107uje kori\u0161tenje NFC oznaka na metalnim povr\u0161inama bez smetnji, osiguravaju\u0107i pouzdan rad.<\/li>\n<\/ul>\n<p><span class=\"AnswerParser_TextContainer__z_Iiv\" data-testid=\"youchat-text\">Osim toga, veli\u010dina NFC oznaka za nov\u010di\u0107e mo\u017ee se prilagoditi kako bi zadovoljila specifi\u010dne potrebe, pru\u017eaju\u0107i fleksibilnost u dizajnu i primjeni.<\/span><\/p>\n<h2 class=\"AnswerParser_AnswerParserH2__SIHnF\">Tehnike tiska i izrade<\/h2>\n<p><span class=\"AnswerParser_TextContainer__z_Iiv\" data-testid=\"youchat-text\">Dostupne mogu\u0107nosti ispisa i izrade prilago\u0111enih NFC oznaka za nov\u010di\u0107e uklju\u010duju:<\/span><\/p>\n<ul class=\"AnswerParser_AnswerParserUnorderedList__P_1FW\">\n<li class=\"AnswerParser_ListItem__XqLOV\" translate=\"yes\"><strong>CMYK ofsetni tisak\/digitalni tisak<\/strong>: Ove tehnike omogu\u0107uju visokokvalitetne \u0161arene dizajne koji mogu sadr\u017eavati logotipe, robne marke i druge vizualne elemente.<\/li>\n<li class=\"AnswerParser_ListItem__XqLOV\" translate=\"yes\"><strong>Tehnike izrade<\/strong>: Svaka oznaka mo\u017ee se izraditi s jedinstvenim zna\u010dajkama, poput numeriranja ili kodiranja, kako bi se pobolj\u0161ala funkcionalnost i markiranje.<\/li>\n<\/ul>\n<p><span class=\"AnswerParser_TextContainer__z_Iiv\" data-testid=\"youchat-text\">Ove opcije osiguravaju da se svaka NFC oznaka za nov\u010di\u0107e mo\u017ee prilagoditi tako da odra\u017eava identitet robne marke uz odr\u017eavanje visokih standarda kvalitete.<\/span><\/p>\n<h2 class=\"AnswerParser_AnswerParserH2__SIHnF\">Primjena NFC oznaka za nov\u010di\u0107e u marketingu<\/h2>\n<p><span class=\"AnswerParser_TextContainer__z_Iiv\" data-testid=\"youchat-text\">NFC oznake za nov\u010di\u0107e mogu se koristiti u raznim marketin\u0161kim aplikacijama, uklju\u010duju\u0107i:<\/span><\/p>\n<ul class=\"AnswerParser_AnswerParserUnorderedList__P_1FW\">\n<li class=\"AnswerParser_ListItem__XqLOV\" translate=\"yes\"><strong>Pametni plakati<\/strong>: Robne marke mogu ugraditi NFC oznake nov\u010di\u0107a u plakate kako bi privukle potro\u0161a\u010de interaktivnim sadr\u017eajem, poput videozapisa ili promotivnih ponuda.<\/li>\n<li class=\"AnswerParser_ListItem__XqLOV\" translate=\"yes\"><strong>Pakiranje proizvoda<\/strong>: Integriranjem NFC oznaka u pakiranje proizvoda, tvrtke mogu korisnicima omogu\u0107iti jednostavan pristup informacijama o proizvodu, uklju\u010duju\u0107i upute, savjete za kori\u0161tenje i posebne ponude.<\/li>\n<li class=\"AnswerParser_ListItem__XqLOV\" translate=\"yes\"><strong>Kampanje doga\u0111aja<\/strong>: NFC oznake nov\u010di\u0107a mogu se koristiti na doga\u0111ajima kako bi se olak\u0161ao brzi pristup informacijama o doga\u0111ajima, rasporedima i promotivnim materijalima.<\/li>\n<\/ul>\n<p><span class=\"AnswerParser_TextContainer__z_Iiv\" data-testid=\"youchat-text\">Ove aplikacije pokazuju svestranost NFC oznaka za nov\u010di\u0107e u pobolj\u0161anju marketin\u0161kih napora i anga\u017emana potro\u0161a\u010da.<\/span><\/p>\n<h2 class=\"AnswerParser_AnswerParserH2__SIHnF\">Minimalna koli\u010dina narud\u017ebe i dostupnost uzoraka<\/h2>\n<p><span class=\"AnswerParser_TextContainer__z_Iiv\" data-testid=\"youchat-text\">Kada razmatrate prilago\u0111ene NFC oznake za nov\u010di\u0107e, va\u017eno je imati na umu sljede\u0107e:<\/span><\/p>\n<ul class=\"AnswerParser_AnswerParserUnorderedList__P_1FW\">\n<li class=\"AnswerParser_ListItem__XqLOV\" translate=\"yes\"><strong>Minimalna koli\u010dina za narud\u017ebu (MOQ)<\/strong>: MOQ za prilago\u0111ene NFC oznake nov\u010di\u0107a je\u00a0<strong>500<\/strong>\u00a0jedinice, osiguravaju\u0107i da tvrtke mogu u\u010dinkovito skalirati svoje promotivne napore.<\/li>\n<li class=\"AnswerParser_ListItem__XqLOV\" translate=\"yes\"><strong>Dostupnost uzoraka<\/strong>: Besplatni uzorci dostupni su na zahtjev, omogu\u0107uju\u0107i tvrtkama da procijene kvalitetu i funkcionalnost NFC oznaka prije nego \u0161to daju ve\u0107e narud\u017ebe.<\/li>\n<\/ul>\n<p><span class=\"AnswerParser_TextContainer__z_Iiv\" data-testid=\"youchat-text\">Ova fleksibilnost olak\u0161ava tvrtkama ugradnju NFC tehnologije u svoje marketin\u0161ke strategije.<\/span><\/p>\n<h2 class=\"AnswerParser_AnswerParserH2__SIHnF\">Sigurnosne zna\u010dajke NFC tehnologije<\/h2>\n<p><span class=\"AnswerParser_TextContainer__z_Iiv\" data-testid=\"youchat-text\">NFC tehnologija uklju\u010duje nekoliko sigurnosnih zna\u010dajki za za\u0161titu podataka i transakcija:<\/span><\/p>\n<ul class=\"AnswerParser_AnswerParserUnorderedList__P_1FW\">\n<li class=\"AnswerParser_ListItem__XqLOV\" translate=\"yes\"><strong>Enkripcija<\/strong>: Podaci razmijenjeni izme\u0111u NFC oznake i pametnog telefona mogu se \u0161ifrirati, osiguravaju\u0107i da osjetljive informacije ostanu sigurne.<\/li>\n<li class=\"AnswerParser_ListItem__XqLOV\" translate=\"yes\"><strong>Otpornost na neovla\u0161teno kori\u0161tenje<\/strong>: Mnoge NFC oznake dizajnirane su da budu otporne na neovla\u0161teno rukovanje, pru\u017eaju\u0107i dodatni sloj sigurnosti za robne marke i potro\u0161a\u010de.<\/li>\n<\/ul>\n<p><span class=\"AnswerParser_TextContainer__z_Iiv\" data-testid=\"youchat-text\">Ove sigurnosne zna\u010dajke \u010dine NFC tehnologiju pouzdanim izborom za tvrtke koje \u017eele privu\u0107i klijente uz za\u0161titu njihovih podataka.<\/span><\/p>\n<h2 class=\"AnswerParser_AnswerParserH2__SIHnF\">\u010cesto postavljana pitanja o prilago\u0111enim antimetalnim NFC oznakama za kovanice<\/h2>\n<p><span class=\"AnswerParser_TextContainer__z_Iiv\" data-testid=\"youchat-text\"><strong>P: Mogu li se NFC oznake nov\u010di\u0107a ponovno upotrijebiti?<\/strong><br \/>\nO: NFC oznake za nov\u010di\u0107e obi\u010dno se mogu koristiti vi\u0161e puta, ovisno o vrsti \u010dipa i jesu li programirani za pohranu novih podataka.<\/span><\/p>\n<p><span class=\"AnswerParser_TextContainer__z_Iiv\" data-testid=\"youchat-text\"><strong>P: Koji su ure\u0111aji kompatibilni s NFC oznakama za nov\u010di\u0107e?<\/strong><br \/>\nO: NFC oznake za nov\u010di\u0107e kompatibilne su s ve\u0107inom pametnih telefona s NFC-om, uklju\u010duju\u0107i Android ure\u0111aje i iPhone.<\/span><\/p>\n<p><span class=\"AnswerParser_TextContainer__z_Iiv\" data-testid=\"youchat-text\"><strong>P: Jesu li NFC oznake za nov\u010di\u0107e vodootporne?<\/strong><br \/>\nO: Iako su NFC oznake za nov\u010di\u0107e dizajnirane za izdr\u017eljivost, njihova otpornost na vodu mo\u017ee varirati ovisno o kori\u0161tenim materijalima. Bitno je provjeriti specifikacije za detalje.<\/span><\/p>","protected":false},"excerpt":{"rendered":"<p>Prilago\u0111ene Anti-Metal NFC oznake kovanica omogu\u0107uju besprijekoran anga\u017eman potro\u0161a\u010da. Dodirnite za trenuta\u010dni pristup informacijama, savr\u0161eno za marketing na metalnim povr\u0161inama.<\/p>","protected":false},"featured_media":2577,"template":"","meta":{"_kad_post_transparent":"default","_kad_post_title":"","_kad_post_layout":"default","_kad_post_sidebar_id":"","_kad_post_content_style":"default","_kad_post_vertical_padding":"default","_kad_post_feature":"","_kad_post_feature_position":"","_kad_post_header":false,"_kad_post_footer":false,"_kad_post_classname":""},"product_brand":[],"product_cat":[54],"product_tag":[292,290,293],"class_list":{"0":"post-2576","1":"product","2":"type-product","3":"status-publish","4":"has-post-thumbnail","6":"product_cat-hot-selling-rfid-tags","7":"product_tag-anti-metal-nfc-coin-tag","8":"product_tag-nfc-tag","9":"product_tag-nfc-token","11":"first","12":"instock","13":"shipping-taxable","14":"product-type-simple","15":"entry","16":"content-bg","17":"loop-entry"},"_links":{"self":[{"href":"https:\/\/rfid-laundry-tag.com\/hr\/wp-json\/wp\/v2\/product\/2576","targetHints":{"allow":["GET"]}}],"collection":[{"href":"https:\/\/rfid-laundry-tag.com\/hr\/wp-json\/wp\/v2\/product"}],"about":[{"href":"https:\/\/rfid-laundry-tag.com\/hr\/wp-json\/wp\/v2\/types\/product"}],"version-history":[{"count":1,"href":"https:\/\/rfid-laundry-tag.com\/hr\/wp-json\/wp\/v2\/product\/2576\/revisions"}],"predecessor-version":[{"id":2580,"href":"https:\/\/rfid-laundry-tag.com\/hr\/wp-json\/wp\/v2\/product\/2576\/revisions\/2580"}],"wp:featuredmedia":[{"embeddable":true,"href":"https:\/\/rfid-laundry-tag.com\/hr\/wp-json\/wp\/v2\/media\/2577"}],"wp:attachment":[{"href":"https:\/\/rfid-laundry-tag.com\/hr\/wp-json\/wp\/v2\/media?parent=2576"}],"wp:term":[{"taxonomy":"product_brand","embeddable":true,"href":"https:\/\/rfid-laundry-tag.com\/hr\/wp-json\/wp\/v2\/product_brand?post=2576"},{"taxonomy":"product_cat","embeddable":true,"href":"https:\/\/rfid-laundry-tag.com\/hr\/wp-json\/wp\/v2\/product_cat?post=2576"},{"taxonomy":"product_tag","embeddable":true,"href":"https:\/\/rfid-laundry-tag.com\/hr\/wp-json\/wp\/v2\/product_tag?post=2576"}],"curies":[{"name":"radni list","href":"https:\/\/api.w.org\/{rel}","templated":true}]}}