{"id":2571,"date":"2024-09-17T13:42:59","date_gmt":"2024-09-17T13:42:59","guid":{"rendered":"https:\/\/rfid-laundry-tag.com\/?post_type=product&#038;p=2571"},"modified":"2024-09-17T13:43:00","modified_gmt":"2024-09-17T13:43:00","slug":"custom-guard-nfc-token-on-metal","status":"publish","type":"product","link":"https:\/\/rfid-laundry-tag.com\/hr\/custom-guard-nfc-token-on-metal\/","title":{"rendered":"Custom Guard NFC token NA METALU"},"content":{"rendered":"<h3>Custom Guard NFC token NA METALU<\/h3>\n<h3>Glavne zna\u010dajke:<\/h3>\n<ul>\n<li><strong>Vrsta \u010dipa<\/strong>: NTAG213, poznat po velikom kapacitetu memorije, pogodan za razli\u010dite primjene.<\/li>\n<li><strong>Funkcionalnost na metalu<\/strong>: Opremljen izolacijskim slojem protiv metala debljine 0,2 mm, koji omogu\u0107uje pouzdan NFC rad na metalnim povr\u0161inama.<\/li>\n<li><strong>Materijal<\/strong>: Izra\u0111ena od glatke, \u010dvrste PVC plastike, dizajnirana da bude vodootporna i posebno prilago\u0111ena logotipima ili umjetni\u010dkim djelima; dostupan i u crnoj boji.<\/li>\n<li><strong>Ljepilo<\/strong>: Dolazi s 3M 9448A maramicom, laganim akrilnim ljepilom koje osigurava sna\u017eno spajanje na razli\u010dite povr\u0161ine; dostupna je i opcija bez ljepila.<\/li>\n<li><strong>Opcije veli\u010dine<\/strong>: Dostupan u razli\u010ditim oblicima kao \u0161to su kru\u017eni (25 mm, 30 mm, 35 mm) i kvadratni (30 mm x 30 mm), s mogu\u0107no\u0161\u0107u prilago\u0111enih veli\u010dina.<\/li>\n<li><strong>Na\u010dini rada<\/strong>: Podr\u017eava funkcije \u010ditanja i pisanja za pohranu i dohva\u0107anje podataka.<\/li>\n<li><strong>Pro\u010ditajte Udaljenost<\/strong>: Mogu\u0107nost \u010ditanja s udaljenosti od 1-30 cm, ovisno o specifi\u010dnim uvjetima uporabe.<\/li>\n<li><strong>Mogu\u0107nosti zanata<\/strong>: Prilagodljive zavr\u0161ne obrade uklju\u010duju\u0107i sjajne, mat, hologramske i opcije za lasersko numeriranje ili QR kodove.<\/li>\n<\/ul>\n<h3>Prijave:<\/h3>\n<ul>\n<li><strong>Kontrola pristupa<\/strong>: Idealno za nadzor i kontrolu pristupa u razli\u010ditim okru\u017eenjima.<\/li>\n<li><strong>Automatizacija<\/strong>: Mo\u017ee se koristiti u automatiziranim sustavima za potrebe pra\u0107enja i identifikacije.<\/li>\n<li><strong>Upravljanje zalihama<\/strong>: Korisno za upravljanje zalihama i inventarom s identifikacijom ozna\u010denih artikala u stvarnom vremenu.<\/li>\n<li><strong>Guard Tours<\/strong>: Posebno dizajniran za kori\u0161tenje u sustavima obilaska stra\u017ee, osiguravaju\u0107i u\u010dinkovito pra\u0107enje sigurnosnog osoblja.<\/li>\n<\/ul>\n<p>Ova vrsta NFC tokena besprijekorno kombinira funkcionalnost i jednostavnost kori\u0161tenja, \u0161to ga \u010dini izvrsnim izborom za razne NFC aplikacije u sigurnosti i upravljanju imovinom.<\/p>","protected":false},"excerpt":{"rendered":"<p>Metalni NFC tokeni revolucionirali su na\u010din na koji komuniciramo s tehnologijom, posebno u podru\u010dju sigurnosti i upravljanja imovinom.<\/p>","protected":false},"featured_media":2572,"template":"","meta":{"_kad_post_transparent":"default","_kad_post_title":"","_kad_post_layout":"default","_kad_post_sidebar_id":"","_kad_post_content_style":"default","_kad_post_vertical_padding":"default","_kad_post_feature":"","_kad_post_feature_position":"","_kad_post_header":false,"_kad_post_footer":false,"_kad_post_classname":""},"product_brand":[],"product_cat":[54],"product_tag":[],"class_list":{"0":"post-2571","1":"product","2":"type-product","3":"status-publish","4":"has-post-thumbnail","6":"product_cat-hot-selling-rfid-tags","8":"first","9":"instock","10":"shipping-taxable","11":"product-type-simple","12":"entry","13":"content-bg","14":"loop-entry"},"_links":{"self":[{"href":"https:\/\/rfid-laundry-tag.com\/hr\/wp-json\/wp\/v2\/product\/2571","targetHints":{"allow":["GET"]}}],"collection":[{"href":"https:\/\/rfid-laundry-tag.com\/hr\/wp-json\/wp\/v2\/product"}],"about":[{"href":"https:\/\/rfid-laundry-tag.com\/hr\/wp-json\/wp\/v2\/types\/product"}],"version-history":[{"count":2,"href":"https:\/\/rfid-laundry-tag.com\/hr\/wp-json\/wp\/v2\/product\/2571\/revisions"}],"predecessor-version":[{"id":2575,"href":"https:\/\/rfid-laundry-tag.com\/hr\/wp-json\/wp\/v2\/product\/2571\/revisions\/2575"}],"wp:featuredmedia":[{"embeddable":true,"href":"https:\/\/rfid-laundry-tag.com\/hr\/wp-json\/wp\/v2\/media\/2572"}],"wp:attachment":[{"href":"https:\/\/rfid-laundry-tag.com\/hr\/wp-json\/wp\/v2\/media?parent=2571"}],"wp:term":[{"taxonomy":"product_brand","embeddable":true,"href":"https:\/\/rfid-laundry-tag.com\/hr\/wp-json\/wp\/v2\/product_brand?post=2571"},{"taxonomy":"product_cat","embeddable":true,"href":"https:\/\/rfid-laundry-tag.com\/hr\/wp-json\/wp\/v2\/product_cat?post=2571"},{"taxonomy":"product_tag","embeddable":true,"href":"https:\/\/rfid-laundry-tag.com\/hr\/wp-json\/wp\/v2\/product_tag?post=2571"}],"curies":[{"name":"radni list","href":"https:\/\/api.w.org\/{rel}","templated":true}]}}