{"id":2567,"date":"2024-09-16T05:27:07","date_gmt":"2024-09-16T05:27:07","guid":{"rendered":"https:\/\/rfid-laundry-tag.com\/?post_type=product&#038;p=2567"},"modified":"2024-09-16T05:27:07","modified_gmt":"2024-09-16T05:27:07","slug":"custom-printing-on-metal-nfc-sticker-ntag213","status":"publish","type":"product","link":"https:\/\/rfid-laundry-tag.com\/hr\/custom-printing-on-metal-nfc-sticker-ntag213\/","title":{"rendered":"Prilago\u0111eni ispis na metalnoj NFC naljepnici NTAG213"},"content":{"rendered":"<p><strong>Na metalnoj NFC naljepnici<\/strong>\u00a0opremljen pouzdanim\u00a0<strong>NTAG213 NFC \u010dip<\/strong>. Ove inovativne naljepnice dizajnirane su za besprijekoran rad na metalnim povr\u0161inama, otklju\u010davaju\u0107i dinami\u010dan na\u010din za uklju\u010divanje kupaca, brzu razmjenu informacija i pobolj\u0161anje marketin\u0161kih strategija. Bilo da \u017eelite prikazati svoj logotip, pru\u017eiti informacije o proizvodu ili pove\u0107ati interaktivnost kupaca, na\u0161e metalne NFC naljepnice rje\u0161enje su koje ste tra\u017eili.<\/p>\n<table class=\"has-title is-zebra hight-light-first-column all magic-22\">\n<tbody>\n<tr>\n<td colspan=\"1\" rowspan=\"1\">\n<div class=\"magic-23\" data-spm-anchor-id=\"a2700.details.0.i46.640212393xXGMO\">Naziv proizvoda<\/div>\n<\/td>\n<td colspan=\"4\" rowspan=\"1\">\n<div class=\"magic-24\">Prilago\u0111eni ispis na metalnoj NFC naljepnici NTAG213<\/div>\n<\/td>\n<\/tr>\n<tr>\n<td colspan=\"1\" rowspan=\"1\">\n<div class=\"magic-23\">Radna frekvencija<\/div>\n<\/td>\n<td colspan=\"4\" rowspan=\"1\">\n<div class=\"magic-24\">13,56 MHz<\/div>\n<\/td>\n<\/tr>\n<tr>\n<td colspan=\"1\" rowspan=\"1\">\n<div class=\"magic-23\">Protokol<\/div>\n<\/td>\n<td colspan=\"4\" rowspan=\"1\">\n<div class=\"magic-24\">\u00a0ISO14443A NFC forum tipa 2<\/div>\n<\/td>\n<\/tr>\n<tr>\n<td colspan=\"1\" rowspan=\"1\">\n<div class=\"magic-23\">Materijal<\/div>\n<\/td>\n<td colspan=\"4\" rowspan=\"1\">\n<div class=\"magic-27\">Papir ili bijeli PET ili meki\/tvrdi PVC<\/div>\n<\/td>\n<\/tr>\n<tr>\n<td colspan=\"1\" rowspan=\"1\">\n<div class=\"magic-23\">IC<\/div>\n<\/td>\n<td colspan=\"4\" rowspan=\"1\">\n<div class=\"magic-27\">NXP Ntag213<\/div>\n<\/td>\n<\/tr>\n<tr>\n<td colspan=\"1\" rowspan=\"1\">\n<div class=\"magic-23\">Antena<\/div>\n<\/td>\n<td colspan=\"4\" rowspan=\"1\">\n<div class=\"magic-27\">Urezana antena<\/div>\n<\/td>\n<\/tr>\n<tr>\n<td colspan=\"1\" rowspan=\"1\">\n<div class=\"magic-23\">Pohrana podataka<\/div>\n<\/td>\n<td colspan=\"4\" rowspan=\"1\">\n<div class=\"magic-27\">20 godina<\/div>\n<\/td>\n<\/tr>\n<tr>\n<td colspan=\"1\" rowspan=\"1\">\n<div class=\"magic-23\">\u017divot \u010dipa<\/div>\n<\/td>\n<td colspan=\"4\" rowspan=\"1\">\n<div class=\"magic-27\">Napi\u0161ite izdr\u017eljivost preko 100 000 ciklusa<\/div>\n<\/td>\n<\/tr>\n<tr>\n<td colspan=\"1\" rowspan=\"1\">\n<div class=\"magic-23\">Temperatura skladi\u0161tenja<\/div>\n<\/td>\n<td colspan=\"4\" rowspan=\"1\">\n<div class=\"magic-27\">-40~+85\u00b0C<\/div>\n<\/td>\n<\/tr>\n<tr>\n<td colspan=\"1\" rowspan=\"1\">\n<div class=\"magic-23\">Radna temperatura<\/div>\n<\/td>\n<td colspan=\"4\" rowspan=\"1\">\n<div class=\"magic-27\">-20~+75\u00b0C<\/div>\n<\/td>\n<\/tr>\n<tr>\n<td colspan=\"1\" rowspan=\"1\">\n<div class=\"magic-23\">Vla\u017enost skladi\u0161tenja<\/div>\n<\/td>\n<td colspan=\"4\" rowspan=\"1\">\n<div class=\"magic-27\">5%\uff5e95%<\/div>\n<\/td>\n<\/tr>\n<tr>\n<td colspan=\"1\" rowspan=\"1\">\n<div class=\"magic-23\">Na\u010din instalacije<\/div>\n<\/td>\n<td colspan=\"4\" rowspan=\"1\">\n<div class=\"magic-27\">Pridr\u017eavajte se objekata koje \u017eelimo identificirati<\/div>\n<\/td>\n<\/tr>\n<tr>\n<td colspan=\"1\" rowspan=\"1\">\n<div class=\"magic-23\">Na\u010din rada<\/div>\n<\/td>\n<td colspan=\"4\" rowspan=\"1\">\n<div class=\"magic-27\">Pasivno (pasivne RFID naljepnice)<\/div>\n<\/td>\n<\/tr>\n<tr>\n<td colspan=\"1\" rowspan=\"1\">\n<div class=\"magic-23\">Individualizirana usluga<\/div>\n<\/td>\n<td colspan=\"4\" rowspan=\"1\">\n<div class=\"magic-27\">Unaprijed programirano: EPC<br \/>\nIspis: logotip, laserski UID, slova, barkod, QR, znamenke, slogan<\/div>\n<\/td>\n<\/tr>\n<tr>\n<td colspan=\"1\" rowspan=\"1\">\n<div class=\"magic-23\">Primjena<\/div>\n<\/td>\n<td colspan=\"4\" rowspan=\"1\">\n<div class=\"magic-27\">\n<div data-spm-anchor-id=\"a2700.pc-decorate.0.i167.373e3333414ktv\">Beskontaktno pla\u0107anje<\/div>\n<div data-spm-anchor-id=\"a2700.pc-decorate.0.i167.373e3333414ktv\">dru\u0161tveni mediji<\/div>\n<div data-spm-anchor-id=\"a2700.pc-decorate.0.i168.373e3333414ktv\">ure\u0111aji sredstva mobilni telefoni, tableti, ra\u010dunala<\/div>\n<div data-spm-anchor-id=\"a2700.pc-decorate.0.i168.373e3333414ktv\">Logistika, Maloprodaja Moda, nakit i kozmetika<\/div>\n<div data-spm-anchor-id=\"a2700.pc-decorate.0.i168.373e3333414ktv\">Pregledi strojeva i opreme<\/div>\n<div data-spm-anchor-id=\"a2700.pc-decorate.0.i168.373e3333414ktv\">Identifikacija i kontrola pristupa\u2026<\/div>\n<\/div>\n<\/td>\n<\/tr>\n<\/tbody>\n<\/table>\n<h2>Za\u0161to odabrati metalne NFC naljepnice Ntag213?<\/h2>\n<p>Ulaganje u metalne NFC naljepnice ne samo da podi\u017ee vidljivost va\u0161eg brenda, ve\u0107 i pobolj\u0161ava korisni\u010dko iskustvo. Koriste\u0107i an\u00a0<strong>NTAG213<\/strong>\u00a0\u010dipom, ove naljepnice mogu u\u010dinkovito pohranjivati i prenositi podatke. Dolaze s a\u00a0<strong>144-bajta<\/strong>\u00a0kapacitet pohrane, nude\u0107i dovoljno prostora za bitne informacije kao \u0161to su URL-ovi web-mjesta, podaci za kontakt ili promotivne ponude.<\/p>\n<h3>Klju\u010dne prednosti metalnih NFC naljepnica<\/h3>\n<ul>\n<li><strong>Svestrana prilagodba<\/strong>: Prilagodite svaku naljepnicu logotipovima, bar kodovima ili tekstom ispisanim u CMYK i crnoj boji. Na\u0161e naljepnice mogu se prilagoditi va\u0161im potrebama brendiranja.<\/li>\n<li><strong>Izdr\u017eljivost<\/strong>: Izra\u0111ene da izdr\u017ee razli\u010dite uvjete okoline, ove naljepnice su dizajnirane s feritnim slojem za iznimnu u\u010dinkovitost na metalnim povr\u0161inama.<\/li>\n<li><strong>Jednostavnost kori\u0161tenja<\/strong>: Jednostavna i brza interakcija \u2013 samo dodirnite naljepnicu svojom\u00a0<strong>iPhone<\/strong>\u00a0ili\u00a0<strong>Android<\/strong>\u00a0ure\u0111aj za trenutni pristup odre\u0111enom sadr\u017eaju.<\/li>\n<\/ul>\n<h2>Razumijevanje NTAG213 NFC tehnologije<\/h2>\n<p>NTAG213 NFC \u010dip jedno je od najpouzdanijih rje\u0161enja u NFC sektoru, posebno izra\u0111eno kako bi se osigurala kompatibilnost s iOS i Android ure\u0111ajima. S kapacitetom memorije od\u00a0<strong>144 bajta<\/strong>, sadr\u017ei dovoljno podataka za osnovne slu\u010dajeve upotrebe. Ono \u0161to izdvaja NTAG213 su njegove pobolj\u0161ane zna\u010dajke protiv sudara, koje omogu\u0107uju rad vi\u0161e NFC oznaka istovremeno bez sukoba.<\/p>\n<p>Kada korisnici svojim pametnim telefonom dodirnu metalnu NFC naljepnicu, trenutno se povezuju sa \u017eeljenim digitalnim sadr\u017eajem bez potrebe za preuzimanjem bilo koje aplikacije. Ovaj\u00a0<strong>plug-and-play<\/strong>\u00a0funkcionalnost smanjuje prepreke za interakciju, \u0161to ga \u010dini idealnim alatom za tvrtke koje \u017eele u\u010dinkovito uklju\u010diti potro\u0161a\u010de.<\/p>\n<h2>Mogu\u0107nosti prilagodbe za metalne naljepnice<\/h2>\n<p>Jedan od najatraktivnijih aspekata metalnih NFC naljepnica je raspon dostupnih opcija prilagodbe. Od oblika i veli\u010dina do izbora tiska, mo\u017eete razviti proizvod koji odgovara imid\u017eu va\u0161e marke.<\/p>\n<ul>\n<li><strong>Tiskani dizajni<\/strong>: Upotrijebite visokokvalitetne tehnike ispisa kako biste prikazali \u017eivopisne logotipe, elegantna slova i jedinstvene crti\u010dne kodove. Birajte izme\u0111u sjajnih ili mat zavr\u0161nih slojeva kako biste se uskladili s estetikom svog proizvoda.<\/li>\n<li><strong>Izbori materijala<\/strong>: Na\u0161e naljepnice na metalu mogu se tiskati na razli\u010ditim materijalima uklju\u010duju\u0107i\u00a0<strong>PVC<\/strong>,\u00a0<strong>LJUBIMAC<\/strong>, ili\u00a0<strong>Papir<\/strong>, omogu\u0107uju\u0107i fleksibilnost u kori\u0161tenju i primjeni.<\/li>\n<\/ul>\n<p>Ova razina prilagodbe osigurava da va\u0161e NFC naljepnice ne samo dobro funkcioniraju, ve\u0107 slu\u017ee i kao vizualni prikaz va\u0161eg brenda.<\/p>\n<h2>Prednosti antimetalnih NFC naljepnica<\/h2>\n<p>NFC naljepnice dizajnirane za upotrebu na metalnim povr\u0161inama suo\u010davaju se s jedinstvenim izazovima. Tradicionalne naljepnice \u010desto ne uspijevaju u ovom okru\u017eenju, ali na\u0161e NFC naljepnice protiv metala pru\u017eaju vrhunsko rje\u0161enje:<\/p>\n<ul>\n<li><strong>Feritni sloj<\/strong>: Integrirani feritni sloj poma\u017ee u u\u010dinkovitom suzbijanju smetnji signala koje se obi\u010dno javljaju kada se naljepnice lijepe na metal, osiguravaju\u0107i nesmetan prijenos podataka.<\/li>\n<li><strong>Pobolj\u0161ana izvedba<\/strong>: Ove naljepnice odr\u017eavaju izvrstan domet i stabilnost komunikacije, promi\u010du\u0107i zadovoljstvo korisnika i smanjuju\u0107i frustraciju.<\/li>\n<\/ul>\n<p>Odabirom na\u0161ih anti-metalnih NFC naljepnica, mo\u017eete pru\u017eiti neprekinuto iskustvo za svoje klijente, u kona\u010dnici pove\u0107avaju\u0107i u\u010dinkovitost va\u0161ih kampanja.<\/p>\n<h2>Odabir pravog ljepila za va\u0161e potrebe<\/h2>\n<p>Odabir pravog ljepila za va\u0161e metalne NFC naljepnice klju\u010dan je za osiguranje dugotrajnosti i izdr\u017eljivosti. Razli\u010dite primjene mogu zahtijevati razli\u010dite vrste ljepila:<\/p>\n<ul>\n<li><strong>Sna\u017eno lijepljenje<\/strong>: Za primjene koje uklju\u010duju izlaganje vlazi ili razli\u010ditim temperaturama, potrebno je sna\u017eno ljepilo.<\/li>\n<li><strong>Uklonjivo ljepilo<\/strong>: Ako vam je potrebna privremena aplikacija, razmislite o uklonjivim ljepilima koja omogu\u0107uju jednostavno premje\u0161tanje ili uklanjanje bez ostavljanja ostataka.<\/li>\n<\/ul>\n<p>Ako odvojite vrijeme za odabir pravog ljepila, mo\u017eete jam\u010diti dugovje\u010dnost i u\u010dinkovitost svojih NFC naljepnica.<\/p>\n<h2>Primjena metalnih NFC naljepnica<\/h2>\n<p>Svestranost metalnih NFC naljepnica zna\u010di da se mogu koristiti u raznim sektorima. Evo nekoliko istaknutih aplikacija:<\/p>\n<ul>\n<li><strong>Maloprodajni marketing<\/strong>: Trenuta\u010dnim promocijama, a\u017euriranjima i informacijama o proizvodu mo\u017ee se pristupiti dodirivanjem naljepnice na zaslonu proizvoda.<\/li>\n<li><strong>Upravljanje doga\u0111ajima<\/strong>: Uklju\u010dite NFC naljepnice u propusnice za doga\u0111aje i zna\u010dke za brzi pristup rasporedima, biografijama i mogu\u0107nostima umre\u017eavanja.<\/li>\n<li><strong>Pra\u0107enje imovine<\/strong>: Organizacije mogu koristiti ove naljepnice za pojednostavljenje upravljanja zalihama. Pri\u010dvrstite ih na opremu za laku identifikaciju i pra\u0107enje stanja.<\/li>\n<\/ul>\n<p>Potencijalne aplikacije su beskrajne, savr\u0161eno pozicionirane da pobolj\u0161aju korisni\u010dko iskustvo i poslovni anga\u017eman.<\/p>\n<h2>Usporedba s drugim NFC oznakama<\/h2>\n<p>Kada razmatrate NFC proizvode, va\u017eno je razumjeti kako\u00a0<strong>metalne NFC oznake<\/strong>\u00a0razlikuju od ostalih opcija.<\/p>\n<ul>\n<li><strong>Performanse<\/strong>: Za razliku od standardnih NFC oznaka, naljepnice na metalu nude vrhunsku izvedbu na metalnim povr\u0161inama zahvaljuju\u0107i svom specifi\u010dnom dizajnu i feritnoj podlozi.<\/li>\n<li><strong>Kapacitet<\/strong>: Dok\u00a0<strong>NTAG215<\/strong>\u00a0ponude\u00a0<strong>504 bajta<\/strong>\u00a0memorije, NTAG213 je vi\u0161e nego dovoljan za ve\u0107inu aplikacija koje trebaju osnovne URL veze ili mali tekst, \u0161to ga \u010dini ekonomi\u010dnim i u\u010dinkovitim izborom.<\/li>\n<\/ul>\n<p>Razumijevanje ovih klju\u010dnih razlika poma\u017ee tvrtkama da izaberu pravo NFC rje\u0161enje za svoje specifi\u010dne potrebe.<\/p>\n<h2>\u010cesto postavljana pitanja<\/h2>\n<p>Evo nekih uobi\u010dajenih upita o na\u0161im metalnim NFC naljepnicama:<\/p>\n<ol>\n<li><strong>Koji su ure\u0111aji kompatibilni s NFC naljepnicama?<\/strong>\n<ul>\n<li>Oba\u00a0<strong>iPhone<\/strong>\u00a0i\u00a0<strong>Android<\/strong>\u00a0ure\u0111aji podr\u017eavaju NFC tehnologiju, omogu\u0107uju\u0107i \u0161irok raspon interakcija.<\/li>\n<\/ul>\n<\/li>\n<li><strong>Koliko podataka mo\u017ee pohraniti NTAG213 NFC \u010dip?<\/strong>\n<ul>\n<li>NTAG213 \u010dip ima kapacitet pohrane od\u00a0<strong>144 bajta<\/strong>, pogodan za kratak tekst ili poveznice.<\/li>\n<\/ul>\n<\/li>\n<li><strong>Mogu li se naljepnice tiskati s prilago\u0111enim dizajnom?<\/strong>\n<ul>\n<li>Apsolutno! Na\u0161e naljepnice mogu se prilagoditi va\u0161im logotipima, bar kodovima ili bilo kojim dizajnom tiska po va\u0161em izboru.<\/li>\n<\/ul>\n<\/li>\n<\/ol>","protected":false},"excerpt":{"rendered":"<p>Otkrijte svestranu metalnu NFC naljepnicu NTAG213. Prilagodite se za brendiranje, u\u017eivajte u izdr\u017eljivosti i otklju\u010dajte trenutnu interakciju s pametnim telefonima!<\/p>","protected":false},"featured_media":2568,"template":"","meta":{"_kad_post_transparent":"default","_kad_post_title":"","_kad_post_layout":"default","_kad_post_sidebar_id":"","_kad_post_content_style":"default","_kad_post_vertical_padding":"default","_kad_post_feature":"","_kad_post_feature_position":"","_kad_post_header":false,"_kad_post_footer":false,"_kad_post_classname":""},"product_brand":[],"product_cat":[54],"product_tag":[290,291,289],"class_list":{"0":"post-2567","1":"product","2":"type-product","3":"status-publish","4":"has-post-thumbnail","6":"product_cat-hot-selling-rfid-tags","7":"product_tag-nfc-tag","8":"product_tag-ntag213-nfc-label","9":"product_tag-on-metal-nfc-sticker-ntag213","11":"first","12":"instock","13":"shipping-taxable","14":"product-type-simple","15":"entry","16":"content-bg","17":"loop-entry"},"_links":{"self":[{"href":"https:\/\/rfid-laundry-tag.com\/hr\/wp-json\/wp\/v2\/product\/2567","targetHints":{"allow":["GET"]}}],"collection":[{"href":"https:\/\/rfid-laundry-tag.com\/hr\/wp-json\/wp\/v2\/product"}],"about":[{"href":"https:\/\/rfid-laundry-tag.com\/hr\/wp-json\/wp\/v2\/types\/product"}],"version-history":[{"count":2,"href":"https:\/\/rfid-laundry-tag.com\/hr\/wp-json\/wp\/v2\/product\/2567\/revisions"}],"predecessor-version":[{"id":2570,"href":"https:\/\/rfid-laundry-tag.com\/hr\/wp-json\/wp\/v2\/product\/2567\/revisions\/2570"}],"wp:featuredmedia":[{"embeddable":true,"href":"https:\/\/rfid-laundry-tag.com\/hr\/wp-json\/wp\/v2\/media\/2568"}],"wp:attachment":[{"href":"https:\/\/rfid-laundry-tag.com\/hr\/wp-json\/wp\/v2\/media?parent=2567"}],"wp:term":[{"taxonomy":"product_brand","embeddable":true,"href":"https:\/\/rfid-laundry-tag.com\/hr\/wp-json\/wp\/v2\/product_brand?post=2567"},{"taxonomy":"product_cat","embeddable":true,"href":"https:\/\/rfid-laundry-tag.com\/hr\/wp-json\/wp\/v2\/product_cat?post=2567"},{"taxonomy":"product_tag","embeddable":true,"href":"https:\/\/rfid-laundry-tag.com\/hr\/wp-json\/wp\/v2\/product_tag?post=2567"}],"curies":[{"name":"radni list","href":"https:\/\/api.w.org\/{rel}","templated":true}]}}