{"id":2543,"date":"2024-09-15T11:34:50","date_gmt":"2024-09-15T11:34:50","guid":{"rendered":"https:\/\/rfid-laundry-tag.com\/?post_type=product&#038;p=2543"},"modified":"2024-09-15T11:53:19","modified_gmt":"2024-09-15T11:53:19","slug":"uhf-rfid-sticker-for-car","status":"publish","type":"product","link":"https:\/\/rfid-laundry-tag.com\/hr\/uhf-rfid-sticker-for-car\/","title":{"rendered":"UHF RFID naljepnica za auto"},"content":{"rendered":"<div data-elementor-type=\"product-post\" data-elementor-id=\"2543\" class=\"elementor elementor-2543\" data-elementor-settings=\"{&quot;ha_cmc_init_switcher&quot;:&quot;no&quot;}\" data-elementor-post-type=\"product\">\n\t\t\t\t<div class=\"elementor-element elementor-element-71a1224 e-flex e-con-boxed e-con e-parent\" data-id=\"71a1224\" data-element_type=\"container\" data-e-type=\"container\" data-settings=\"{&quot;_ha_eqh_enable&quot;:false}\">\n\t\t\t\t\t<div class=\"e-con-inner\">\n\t\t\t\t<div class=\"elementor-element elementor-element-7f470072 elementor-widget elementor-widget-text-editor\" data-id=\"7f470072\" data-element_type=\"widget\" data-e-type=\"widget\" data-widget_type=\"text-editor.default\">\n\t\t\t\t<div class=\"elementor-widget-container\">\n\t\t\t\t\t\t\t\t\t<h2 class=\"AnswerParser_AnswerParserH2__SIHnF\"><span style=\"color: #000000;\">\u0160to su UHF RFID naljepnice?<\/span><\/h2><p><span style=\"color: #000000;\"><span class=\"AnswerParser_TextContainer__z_Iiv\" data-testid=\"youchat-text\"><strong>UHF RFID naljepnice<\/strong>\u00a0su specijalizirane naljepnice namijenjene identifikaciji i pra\u0107enju vozila. Ove naljepnice sadr\u017ee UHF RFID oznaku koja radi unutar frekvencijskog raspona od\u00a0<strong>860-960 MHz<\/strong>, omogu\u0107uju\u0107i komunikaciju velikog dometa s RFID \u010dita\u010dima. Naljepnice se obi\u010dno izra\u0111uju s izdr\u017eljivom ljepljivom podlogom, \u0161to ih \u010dini jednostavnim za nano\u0161enje na razli\u010dite povr\u0161ine, uklju\u010duju\u0107i vjetrobranska stakla i registarske plo\u010dice.<\/span><span class=\"AnswerParser_TextContainer__z_Iiv\" data-testid=\"youchat-text\">Ove RFID naljepnice dizajnirane su da izdr\u017ee \u010dimbenike okoli\u0161a, osiguravaju\u0107i pouzdan rad u razli\u010ditim uvjetima. Njihova kompaktna veli\u010dina i lagani dizajn \u010dine ih idealnim za kori\u0161tenje na vozilima bez dodavanja nepotrebnog volumena.<\/span><\/span><\/p><h2 class=\"AnswerParser_AnswerParserH2__SIHnF\"><span style=\"color: #000000;\"><a href=\"https:\/\/rfid-laundry-tag.com\/hr\/hot-selling-rfid-tags\/page\/2\/\"><img fetchpriority=\"high\" decoding=\"async\" class=\"alignnone wp-image-2547 size-full\" src=\"https:\/\/rfid-laundry-tag.com\/wp-content\/uploads\/2024\/09\/OIP-C-4.jpg\" alt=\"\" width=\"474\" height=\"274\" srcset=\"https:\/\/rfid-laundry-tag.com\/wp-content\/uploads\/2024\/09\/OIP-C-4.jpg 474w, https:\/\/rfid-laundry-tag.com\/wp-content\/uploads\/2024\/09\/OIP-C-4-300x173.jpg 300w, https:\/\/rfid-laundry-tag.com\/wp-content\/uploads\/2024\/09\/OIP-C-4-18x10.jpg 18w\" sizes=\"(max-width: 474px) 100vw, 474px\" \/><\/a>Kako rade UHF RFID naljepnice?<\/span><\/h2><p><span style=\"color: #000000;\"><span class=\"AnswerParser_TextContainer__z_Iiv\" data-testid=\"youchat-text\">UHF RFID naljepnice funkcioniraju pomo\u0107u radiofrekvencijske identifikacijske tehnologije. Svaka naljepnica sadr\u017ei jedinstveni identifikator pohranjen u RFID oznaci. Kada vozilo opremljeno naljepnicom pro\u0111e unutar dometa RFID \u010dita\u010da, \u010dita\u010d emitira radio valove koji aktiviraju oznaku. Oznaka zatim \u0161alje svoj jedinstveni identifikator natrag do \u010dita\u010da, omogu\u0107uju\u0107i automatsku identifikaciju i pra\u0107enje vozila.<\/span><span class=\"AnswerParser_TextContainer__z_Iiv\" data-testid=\"youchat-text\">Ovaj proces omogu\u0107uje prikupljanje i pra\u0107enje podataka u stvarnom vremenu, \u0161to tvrtkama i pojedincima olak\u0161ava u\u010dinkovito upravljanje njihovim vozilima. Mogu\u0107nosti dugog dometa UHF RFID tehnologije omogu\u0107uju detekciju s udaljenosti od nekoliko metara, pove\u0107avaju\u0107i prakti\u010dnost i upotrebljivost.<\/span><\/span><\/p><h2 class=\"AnswerParser_AnswerParserH2__SIHnF\"><span style=\"color: #000000;\">Prednosti kori\u0161tenja UHF RFID naljepnica za vozila<\/span><\/h2><p><span class=\"AnswerParser_TextContainer__z_Iiv\" style=\"color: #000000;\" data-testid=\"youchat-text\">Kori\u0161tenje UHF RFID naljepnica za vozila nudi brojne prednosti:<\/span><\/p><ul class=\"AnswerParser_AnswerParserUnorderedList__P_1FW\"><li class=\"AnswerParser_ListItem__XqLOV\" translate=\"yes\"><span style=\"color: #000000;\"><strong>Pobolj\u0161ano pra\u0107enje<\/strong>: RFID naljepnice omogu\u0107uju to\u010dno pra\u0107enje vozila u stvarnom vremenu, \u0161to olak\u0161ava pra\u0107enje njihove lokacije i statusa.<\/span><\/li><li class=\"AnswerParser_ListItem__XqLOV\" translate=\"yes\"><span style=\"color: #000000;\"><strong>Pobolj\u0161ana kontrola pristupa<\/strong>: Ove naljepnice mogu se integrirati u sustave kontrole pristupa, omogu\u0107uju\u0107i nesmetan ulazak u ograni\u010dena podru\u010dja kao \u0161to su parkirali\u0161ta i ogra\u0111ena naselja.<\/span><\/li><li class=\"AnswerParser_ListItem__XqLOV\" translate=\"yes\"><span style=\"color: #000000;\"><strong>Isplativo rje\u0161enje<\/strong>: UHF RFID naljepnice su ekonomi\u010dan na\u010din implementacije sustava za pra\u0107enje i upravljanje vozilima, smanjuju\u0107i potrebu za ru\u010dnim provjerama i pobolj\u0161avaju\u0107i operativnu u\u010dinkovitost.<\/span><\/li><\/ul><p><span class=\"AnswerParser_TextContainer__z_Iiv\" style=\"color: #000000;\" data-testid=\"youchat-text\">Ove prednosti \u010dine UHF RFID naljepnice pametnom investicijom za tvrtke i pojedince koji \u017eele pobolj\u0161ati svoje procese upravljanja vozilima.<\/span><\/p><p><a href=\"https:\/\/rfid-laundry-tag.com\/hr\/hot-selling-rfid-tags\/page\/2\/\"><img decoding=\"async\" class=\"alignnone size-full wp-image-2549\" src=\"https:\/\/rfid-laundry-tag.com\/wp-content\/uploads\/2024\/09\/uhf-rfid-windshield-sticker-tagS.jpg\" alt=\"UHF RFID Stickers for Cars\" width=\"1000\" height=\"437\" srcset=\"https:\/\/rfid-laundry-tag.com\/wp-content\/uploads\/2024\/09\/uhf-rfid-windshield-sticker-tagS.jpg 1000w, https:\/\/rfid-laundry-tag.com\/wp-content\/uploads\/2024\/09\/uhf-rfid-windshield-sticker-tagS-300x131.jpg 300w, https:\/\/rfid-laundry-tag.com\/wp-content\/uploads\/2024\/09\/uhf-rfid-windshield-sticker-tagS-768x336.jpg 768w, https:\/\/rfid-laundry-tag.com\/wp-content\/uploads\/2024\/09\/uhf-rfid-windshield-sticker-tagS-18x8.jpg 18w, https:\/\/rfid-laundry-tag.com\/wp-content\/uploads\/2024\/09\/uhf-rfid-windshield-sticker-tagS-600x262.jpg 600w\" sizes=\"(max-width: 1000px) 100vw, 1000px\" \/><\/a><\/p><h2 class=\"AnswerParser_AnswerParserH2__SIHnF\"><span style=\"color: #000000;\">Primjena UHF RFID naljepnica u upravljanju vozilima<\/span><\/h2><p><span class=\"AnswerParser_TextContainer__z_Iiv\" style=\"color: #000000;\" data-testid=\"youchat-text\">UHF RFID naljepnice imaju \u0161irok raspon primjena u upravljanju vozilima, uklju\u010duju\u0107i:<\/span><\/p><ul class=\"AnswerParser_AnswerParserUnorderedList__P_1FW\"><li class=\"AnswerParser_ListItem__XqLOV\" translate=\"yes\"><span style=\"color: #000000;\"><strong>Upravljanje voznim parkom<\/strong>: Tvrtke mogu koristiti RFID naljepnice za pra\u0107enje svojih voznih parkova, pra\u0107enje upotrebe i optimizaciju ruta za u\u010dinkovitost.<\/span><\/li><li class=\"AnswerParser_ListItem__XqLOV\" translate=\"yes\"><span style=\"color: #000000;\"><strong>Kontrola pristupa parkingu<\/strong>: RFID naljepnice mogu se koristiti za automatizirane sustave parkiranja, omogu\u0107uju\u0107i vozilima ulazak i izlazak bez potrebe za fizi\u010dkim kartama ili propusnicama.<\/span><\/li><li class=\"AnswerParser_ListItem__XqLOV\" translate=\"yes\"><span style=\"color: #000000;\"><strong>Upravljanje zalihama<\/strong>: U skladi\u0161tima i logistici, RFID naljepnice poma\u017eu u pra\u0107enju vozila i imovine, osiguravaju\u0107i to\u010dnu evidenciju inventara i smanjuju\u0107i gubitke.<\/span><\/li><\/ul><p><span class=\"AnswerParser_TextContainer__z_Iiv\" style=\"color: #000000;\" data-testid=\"youchat-text\">Ove aplikacije pokazuju svestranost i u\u010dinkovitost UHF RFID naljepnica u razli\u010ditim scenarijima upravljanja vozilom.<\/span><\/p><h2 class=\"AnswerParser_AnswerParserH2__SIHnF\"><span style=\"color: #000000;\">Tehni\u010dke specifikacije UHF RFID naljepnica<\/span><\/h2><div class=\"AnswerParser_TableContainer__Erb6v\" data-testid=\"table-container\"><table><thead><tr><th style=\"text-align: left;\"><span style=\"color: #000000;\">Zna\u010dajka<\/span><\/th><th style=\"text-align: left;\"><span style=\"color: #000000;\">Specifikacija<\/span><\/th><\/tr><\/thead><tbody><tr><td style=\"text-align: left;\"><span style=\"color: #000000;\">Frekvencija<\/span><\/td><td style=\"text-align: left;\"><span style=\"color: #000000;\">860-960 MHz<\/span><\/td><\/tr><tr><td><span style=\"color: #000000;\">\u010cips<\/span><\/td><td><span style=\"color: #000000;\">U kod 9, Alien H3, Alien 9, itd<\/span><\/td><\/tr><tr><td><span style=\"color: #000000;\">Ljepilo<\/span><\/td><td><span style=\"color: #000000;\">Izdr\u017eljiv, otporan na vremenske uvjete<\/span><\/td><\/tr><tr><td><span style=\"color: #000000;\">Opseg \u010ditanja<\/span><\/td><td><span style=\"color: #000000;\">Do nekoliko metara<\/span><\/td><\/tr><tr><td><span style=\"color: #000000;\">Kompatibilnost<\/span><\/td><td><span style=\"color: #000000;\">Radi s UHF RFID \u010dita\u010dima<\/span><\/td><\/tr><tr><td><span style=\"color: #000000;\">Dimenzije<\/span><\/td><td><span style=\"color: #000000;\">Dostupne prilagodljive veli\u010dine<\/span><\/td><\/tr><\/tbody><\/table><h2 class=\"AnswerParser_AnswerParserH2__SIHnF\"><span style=\"color: #000000;\">Utjecaj UHF RFID naljepnica na okoli\u0161<\/span><\/h2><p><span class=\"AnswerParser_TextContainer__z_Iiv\" style=\"color: #000000;\" data-testid=\"youchat-text\">UHF RFID naljepnice dizajnirane su imaju\u0107i na umu odr\u017eivost. Materijali kori\u0161teni u njihovoj proizvodnji \u010desto se mogu reciklirati, a same naljepnice su izdr\u017eljive, \u0161to smanjuje potrebu za \u010destim zamjenama. Implementacijom RFID tehnologije, tvrtke tako\u0111er mogu smanjiti otpad od papira povezan s tradicionalnim metodama pra\u0107enja vozila, pridonose\u0107i odr\u017eivijem radu.<\/span><\/p><h2 class=\"AnswerParser_AnswerParserH2__SIHnF\"><span style=\"color: #000000;\">Recenzije i povratne informacije kupaca<\/span><\/h2><p><span style=\"color: #000000;\"><span class=\"AnswerParser_TextContainer__z_Iiv\" data-testid=\"youchat-text\">Kupci koji su koristili UHF RFID naljepnice za svoja vozila izvijestili su o visokoj razini zadovoljstva. Mnogi cijene jednostavnost instalacije i pogodnost automatskog pra\u0107enja. Korisnici su primijetili da se naljepnice dobro pona\u0161aju u razli\u010ditim vremenskim uvjetima i da pru\u017eaju pouzdanu kontrolu pristupa parkirali\u0161tima.<\/span><span class=\"AnswerParser_TextContainer__z_Iiv\" data-testid=\"youchat-text\">Pozitivne povratne informacije nagla\u0161avaju u\u010dinkovitost UHF RFID naljepnica u pobolj\u0161anju procesa upravljanja vozilima, \u0161to ih \u010dini popularnim izborom me\u0111u tvrtkama i pojedincima.<\/span><\/span><\/p><h2 class=\"AnswerParser_AnswerParserH2__SIHnF\"><span style=\"color: #000000;\">\u010cesto postavljana pitanja o UHF RFID naljepnicama za automobile<\/span><\/h2><p><span style=\"color: #000000;\"><span class=\"AnswerParser_TextContainer__z_Iiv\" data-testid=\"youchat-text\"><strong>P: Mogu li se UHF RFID naljepnice ukloniti i ponovno upotrijebiti?<\/strong><br \/>O: Iako su UHF RFID naljepnice dizajnirane za izdr\u017eljivost, obi\u010dno su namijenjene za jednokratnu upotrebu. Njihovo uklanjanje mo\u017ee ugroziti njihova svojstva lijepljenja.\u00a0 \u00a0 \u00a0 \u00a0 \u00a0<\/span><\/span><\/p><p><span style=\"color: #000000;\"><span class=\"AnswerParser_TextContainer__z_Iiv\" data-testid=\"youchat-text\"><strong>P: Koliko dugo traju UHF RFID naljepnice?<\/strong><br \/>O: Uz pravilnu instalaciju i njegu, UHF RFID naljepnice mogu trajati nekoliko godina, \u010dak i pod te\u0161kim uvjetima okoline.\u00a0<\/span><\/span><\/p><p><span style=\"color: #000000;\"><span class=\"AnswerParser_TextContainer__z_Iiv\" data-testid=\"youchat-text\"> \u00a0<\/span><span class=\"AnswerParser_TextContainer__z_Iiv\" data-testid=\"youchat-text\"><strong>P: Jesu li UHF RFID naljepnice vodootporne?<\/strong><br \/>O: Da, ve\u0107ina UHF RFID naljepnica dizajnirana je da bude otporna na vremenske uvjete, \u0161to ih \u010dini prikladnima za vanjsku upotrebu.<\/span><\/span><\/p><\/div>\t\t\t\t\t\t\t\t<\/div>\n\t\t\t\t<\/div>\n\t\t\t\t\t<\/div>\n\t\t\t\t<\/div>\n\t\t\t\t<\/div>","protected":false},"excerpt":{"rendered":"<p>UHF RFID naljepnice nude pouzdanu identifikaciju vozila za kontrolu pristupa i upravljanje inventarom, pobolj\u0161avaju\u0107i nadzor voznog parka i u\u010dinkovitost parkiranja.<\/p>","protected":false},"featured_media":2544,"template":"","meta":{"_kad_post_transparent":"default","_kad_post_title":"","_kad_post_layout":"default","_kad_post_sidebar_id":"","_kad_post_content_style":"default","_kad_post_vertical_padding":"default","_kad_post_feature":"","_kad_post_feature_position":"","_kad_post_header":false,"_kad_post_footer":false,"_kad_post_classname":""},"product_brand":[],"product_cat":[54],"product_tag":[100,285,284],"class_list":{"0":"post-2543","1":"product","2":"type-product","3":"status-publish","4":"has-post-thumbnail","6":"product_cat-hot-selling-rfid-tags","7":"product_tag-rfid-label","8":"product_tag-rfid-tag","9":"product_tag-uhf-rfid-sticker","11":"first","12":"instock","13":"shipping-taxable","14":"product-type-simple","15":"entry","16":"content-bg","17":"loop-entry"},"_links":{"self":[{"href":"https:\/\/rfid-laundry-tag.com\/hr\/wp-json\/wp\/v2\/product\/2543","targetHints":{"allow":["GET"]}}],"collection":[{"href":"https:\/\/rfid-laundry-tag.com\/hr\/wp-json\/wp\/v2\/product"}],"about":[{"href":"https:\/\/rfid-laundry-tag.com\/hr\/wp-json\/wp\/v2\/types\/product"}],"version-history":[{"count":5,"href":"https:\/\/rfid-laundry-tag.com\/hr\/wp-json\/wp\/v2\/product\/2543\/revisions"}],"predecessor-version":[{"id":2558,"href":"https:\/\/rfid-laundry-tag.com\/hr\/wp-json\/wp\/v2\/product\/2543\/revisions\/2558"}],"wp:featuredmedia":[{"embeddable":true,"href":"https:\/\/rfid-laundry-tag.com\/hr\/wp-json\/wp\/v2\/media\/2544"}],"wp:attachment":[{"href":"https:\/\/rfid-laundry-tag.com\/hr\/wp-json\/wp\/v2\/media?parent=2543"}],"wp:term":[{"taxonomy":"product_brand","embeddable":true,"href":"https:\/\/rfid-laundry-tag.com\/hr\/wp-json\/wp\/v2\/product_brand?post=2543"},{"taxonomy":"product_cat","embeddable":true,"href":"https:\/\/rfid-laundry-tag.com\/hr\/wp-json\/wp\/v2\/product_cat?post=2543"},{"taxonomy":"product_tag","embeddable":true,"href":"https:\/\/rfid-laundry-tag.com\/hr\/wp-json\/wp\/v2\/product_tag?post=2543"}],"curies":[{"name":"radni list","href":"https:\/\/api.w.org\/{rel}","templated":true}]}}