{"id":204,"date":"2024-06-18T09:26:05","date_gmt":"2024-06-18T09:26:05","guid":{"rendered":"https:\/\/rfid-laundry-tag.com\/?post_type=product&#038;p=204"},"modified":"2024-09-26T03:20:13","modified_gmt":"2024-09-26T03:20:13","slug":"textile-fabric-rfid-laundry-tags","status":"publish","type":"product","link":"https:\/\/rfid-laundry-tag.com\/hr\/textile-fabric-rfid-laundry-tags\/","title":{"rendered":"Tekstilne tkanine RFID oznake za pranje rublja"},"content":{"rendered":"<div>\n<div class=\"auto-hide-last-sibling-br paragraph_1252f paragraph-element\">\n<table width=\"637\">\n<tbody>\n<tr>\n<td width=\"328\">Ime proizvoda:<\/td>\n<td width=\"309\"><strong>Tekstilne tkanine RFID oznake za pranje rublja<\/strong><\/td>\n<\/tr>\n<tr>\n<td width=\"328\">RFID standard:<\/td>\n<td width=\"309\">ISO\/IEC 18000-6 TypeC (EPC Gen2)<\/td>\n<\/tr>\n<tr>\n<td width=\"328\">Veli\u010dina i te\u017eina:<\/td>\n<td width=\"309\">70\u00d715 mm, 0,6g<\/td>\n<\/tr>\n<tr>\n<td width=\"328\">Vrsta \u010dipa:<\/td>\n<td width=\"309\">Impinj Monza 4QT,NXP U KOD 8\uff0cNXP U KOD 9<\/td>\n<\/tr>\n<tr>\n<td width=\"328\">EPC memorija:<\/td>\n<td width=\"309\">128 bita<\/td>\n<\/tr>\n<tr>\n<td width=\"328\">Korisni\u010dka memorija:<\/td>\n<td width=\"309\">512 bita<\/td>\n<\/tr>\n<tr>\n<td width=\"328\">Raspon o\u010ditanja (2W ERP FCC):<\/td>\n<td width=\"309\">8m<\/td>\n<\/tr>\n<tr>\n<td width=\"328\">Raspon o\u010ditanja (2W ERP ETSI):<\/td>\n<td width=\"309\">8m<\/td>\n<\/tr>\n<tr>\n<td width=\"328\">Ozna\u010davanje:<\/td>\n<td width=\"309\">\u0160ivanje, Ljepilo za vru\u0107e \u017eigosanje<\/td>\n<\/tr>\n<tr>\n<td width=\"328\">Procijenjeni \u017eivotni vijek:<\/td>\n<td width=\"309\">200 ciklusa pranja ili 3 godine, \u0161to god nastupi prije<\/td>\n<\/tr>\n<tr>\n<td width=\"328\">Metoda pranja:<\/td>\n<td width=\"309\">Praonica rublja, Kemijsko \u010di\u0161\u0107enje<\/td>\n<\/tr>\n<tr>\n<td width=\"328\">Tlak ekstrakcije vode:<\/td>\n<td width=\"309\">60 bara<\/td>\n<\/tr>\n<tr>\n<td width=\"328\">Otpornost na vodu:<\/td>\n<td width=\"309\">Otporan na vodu<\/td>\n<\/tr>\n<tr>\n<td width=\"328\">Kemijska otpornost:<\/td>\n<td width=\"309\">Deterd\u017eent, omek\u0161iva\u010d, izbjeljiva\u010d (kisik\/ klor), lu\u017eina<\/td>\n<\/tr>\n<tr>\n<td width=\"328\">Prethodno su\u0161enje u posudi:<\/td>\n<td width=\"309\">125 \u00baC 15-20 minuta<\/td>\n<\/tr>\n<tr>\n<td width=\"328\">Temperatura sterilizacije:<\/td>\n<td width=\"309\">135\u00b0C 15-20 minuta<\/td>\n<\/tr>\n<tr>\n<td width=\"328\">Temperatura pranja:<\/td>\n<td width=\"309\">90\u00b0C, do 15 min.<\/td>\n<\/tr>\n<tr>\n<td width=\"328\">Radna vla\u017enost\/temperatura:<\/td>\n<td width=\"309\">-20 do 110\u00b0C, 8 do 95%RH<\/td>\n<\/tr>\n<tr>\n<td width=\"328\">Vla\u017enost\/temperatura-Skladi\u0161tenje:<\/td>\n<td width=\"309\">-40 do 110\u00b0C, 8 do 95%RH<\/td>\n<\/tr>\n<\/tbody>\n<\/table>\n<\/div>\n<div class=\"auto-hide-last-sibling-br paragraph_1252f paragraph-element\"><\/div>\n<\/div>\n<div data-spm-anchor-id=\"a2700.details.0.i57.23b419c7xXORP0\">\n<div class=\"auto-hide-last-sibling-br paragraph_1252f paragraph-element\">\n<h2>Zna\u010dajke tekstilnih RFID oznaka za pranje rublja<\/h2>\n<h3>1. Izdr\u017eljiv i periv<\/h3>\n<p>Na\u0161e\u00a0<strong>RFID oznake koje se mogu prati<\/strong>\u00a0pomno su dizajnirani da izdr\u017ee te\u0161ke uvjete pranja rublja. Mogu izdr\u017eati do\u00a0<strong>200 ciklusa pranja<\/strong>, otporan na visoke temperature tijekom procesa pranja i su\u0161enja. Trajni materijali i kori\u0161tena tehnologija osiguravaju da ovi\u00a0<strong>oznake se mogu pri\u0161iti<\/strong>\u00a0u razne predmete, uklju\u010duju\u0107i posteljinu i odje\u0107u, bez ugro\u017eavanja njihovog integriteta. Bilo da se radi o vru\u0107em pranju na\u00a0<strong>90\u00b0C<\/strong>\u00a0ili sterilizacija na\u00a0<strong>135\u00b0C<\/strong>, ove oznake izra\u0111ene su da izdr\u017ee zahtjeve industrijskog pranja rublja.<\/p>\n<h3>2. Besprijekorna integracija s RFID sustavima<\/h3>\n<p>The\u00a0<strong>UHF RFID tehnologija<\/strong>\u00a0ugra\u0111en u oznake za pranje rublja omogu\u0107uje besprijekornu integraciju s postoje\u0107im sustavima za upravljanje praonicama. Bilo da koristite\u00a0<strong>RFID \u010dita\u010di<\/strong>\u00a0za automatizirano pra\u0107enje ili njihovo uklju\u010divanje u opse\u017eniji\u00a0<strong>upravljanje zalihama<\/strong>\u00a0sustava, te oznake pru\u017eaju potrebnu kompatibilnost potrebnu za pojednostavljene operacije. Pouzdan raspon o\u010ditanja od do\u00a0<strong>8 metara<\/strong>\u00a0osigurava to\u010dno pra\u0107enje, dr\u017ee\u0107i inventar va\u0161eg rublja pod kontrolom.<\/p>\n<h3>3. Pobolj\u0161ane mogu\u0107nosti pra\u0107enja i upravljanja<\/h3>\n<p>S\u00a0<strong>RFID oznake za rublje<\/strong>, omogu\u0107eno vam je pra\u0107enje svakog komada rublja kroz svaku fazu pranja\u00a0<strong>proces pranja rublja<\/strong>. U\u010dinkovita identifikacija i pra\u0107enje inventara vodi do uvida koji se mogu poduzeti, pobolj\u0161avaju\u0107i ukupnu kontrolu inventara. Mo\u017eete pratiti kretanje svakog\u00a0<strong>tekstilni predmet<\/strong>, osiguravaju\u0107i da se odmah vrate ispravnim osobama ili lokacijama. Ova vidljivost klju\u010dna je za odr\u017eavanje zadovoljstva kupaca u industrijama kao \u0161to su ugostiteljstvo i zdravstvo.<\/p>\n<h3>4. Robusna kemijska otpornost<\/h3>\n<p>Na\u0161e\u00a0<strong>oznake za rublje od tkanine<\/strong>\u00a0dizajnirani su da podnose razne kemikalije koje se obi\u010dno koriste u industrijskim praonicama. Otporni su na deterd\u017eente, omek\u0161iva\u010de i izbjeljiva\u010de, uklju\u010duju\u0107i varijante s kisikom i klorom. Ova kemijska otpornost produljuje \u017eivotni vijek etiketa i osigurava pouzdanu izvedbu, \u010dak i u najsurovijim okru\u017eenjima pranja.<\/p>\n<h3>5. Vi\u0161e opcija ozna\u010davanja<\/h3>\n<p>Tekstilne RFID oznake za pranje rublja nude svestranu ponudu\u00a0<strong>mogu\u0107nosti ozna\u010davanja<\/strong>. Kupci mogu birati izme\u0111u\u00a0<strong>\u0161ivanje<\/strong>\u00a0oznake izravno u odje\u0107u ili pomo\u0107u\u00a0<strong>ljepilo za vru\u0107e \u017eigosanje<\/strong>\u00a0za sigurno pri\u010dvr\u0161\u0107ivanje. Ova prilagodljivost omogu\u0107uje jednostavnu integraciju u postoje\u0107i tekstil bez naru\u0161avanja njihove funkcije ili izgleda.<\/p>\n<h3 class=\"wp-block-heading\">Postavljanje tekstilnih RFID oznaka za rublje<\/h3>\n<p><strong>Ozna\u010davanje \u0161avova<\/strong>: Za u\u0161ivanje u porub tkanine. Za\u0161ijte oznaku za rublje dalje od linija presavijanja.<br \/>\n<strong>Toplinsko brtvljenje<\/strong>: Toplinsko zavarivanje izravno na tekstil na +200\u00b0C (392\u00b0F), 12~14s.<br \/>\n<strong>U vre\u0107ici<\/strong>: Za\u0161iti se kao standardna naljepnica za odr\u017eavanje. Za\u0161ijte oznaku za rublje dalje od linija presavijanja.<\/p>\n<h2>Prednosti RFID upravljanja praonicama<\/h2>\n<h3>Pobolj\u0161ana operativna u\u010dinkovitost<\/h3>\n<p>Inkorporiranje\u00a0<strong>RFID oznake<\/strong>\u00a0u tvoju\u00a0<strong>upravljanje praonicama<\/strong>\u00a0procesa znatno pobolj\u0161ava operativnu u\u010dinkovitost. Automatizirani sustavi pra\u0107enja eliminiraju potrebu za radno intenzivnim ru\u010dnim procesima, smanjuju\u0107i vrijeme osoblja i tro\u0161kove povezane s pra\u0107enjem artikala. To omogu\u0107uje zaposlenicima da se usredoto\u010de na klju\u010dne zadatke koji dodaju vrijednost poslovanju, pove\u0107avaju\u0107i ukupnu produktivnost.<\/p>\n<h3>Vrhunsko pra\u0107enje imovine<\/h3>\n<p>S RFID tehnologijom mo\u017eete pratiti svaki komad rublja kroz cijeli njegov \u017eivotni ciklus, od po\u010detne obrade do povratka u servis. Ova vrhunska sposobnost pra\u0107enja imovine poma\u017ee u sprje\u010davanju gubitaka i osigurava da su sve stavke evidentirane, \u0161to je posebno va\u017eno u okru\u017eenjima s velikim prometom kao \u0161to su bolnice i hoteli.<\/p>\n<h3>Uskla\u0111enost s industrijskim standardima<\/h3>\n<p>RFID oznake za pranje rublja dizajnirane su kako bi zadovoljile stroge industrijske standarde za trajnost i u\u010dinkovitost. Njihov robustan dizajn prikladan je za okru\u017eenja s velikim zahtjevima, \u0161to ih \u010dini idealnim za komercijalne primjene. Odabirom na\u0161ih tekstilnih RFID oznaka uskla\u0111ujete svoje operacije pranja rublja s vode\u0107im praksama, osiguravaju\u0107i da va\u0161e poslovanje ostane konkurentno.<\/p>\n<hr \/>\n<h2>Izjave kupaca<\/h2>\n<blockquote><p>\u201cZna\u010dajno smo smanjili izgubljeno rublje otkako smo implementirali RFID oznake za pranje rublja. Sustav pra\u0107enja transformirao je na\u0161e upravljanje praonicama!&quot; \u2014\u00a0<em>Mary T., upraviteljica objekta<\/em><\/p><\/blockquote>\n<blockquote><p>&quot;Ne samo da RFID oznake izdr\u017ee tijekom pranja, ve\u0107 su znatno pobolj\u0161ale na\u0161e vrijeme obrade.&quot; \u2014\u00a0<em>John D., direktor operacija<\/em><\/p><\/blockquote>\n<hr \/>\n<h2>\u010cesto postavljana pitanja (FAQ)<\/h2>\n<p><strong>P: Koliko dugo mogu trajati RFID oznake za pranje rublja?<\/strong><br \/>\nO: Na\u0161\u00a0<strong>RFID oznake za rublje<\/strong>\u00a0imaju procijenjeni \u017eivotni vijek od\u00a0<strong>200 ciklusa pranja ili 3 godine<\/strong>, ovisno o uvjetima uporabe.<\/p>\n<p><strong>P: Mogu li ove oznake izdr\u017eati visoke temperature?<\/strong><br \/>\nO: Da, ove oznake su dizajnirane da izdr\u017ee temperature pranja do\u00a0<strong>90\u00b0C<\/strong>, sterilizacija na\u00a0<strong>135\u00b0C<\/strong>, i uvjetima predsu\u0161enja, \u0161to ih \u010dini savr\u0161enim za industrijske praonice.<\/p>\n<p><strong>P: Jesu li oznake otporne na kemikalije?<\/strong><br \/>\nO: Apsolutno. Ove oznake su otporne na uobi\u010dajene kemikalije za pranje rublja, uklju\u010duju\u0107i deterd\u017eente, omek\u0161iva\u010de i izbjeljiva\u010de.<\/p>\n<h3>Zaklju\u010dak<\/h3>\n<div class=\"auto-hide-last-sibling-br paragraph_1252f paragraph-element\"><strong>Tekstilne tkanine RFID oznake za pranje rublja<\/strong> su posebno dizajnirane RFID oznake namijenjene za tekstil koji se podvrgava opse\u017enim procesima industrijskog pranja, uklju\u010duju\u0107i sterilizaciju i gla\u010danje.<\/div>\n<div class=\"auto-hide-last-sibling-br paragraph_1252f paragraph-element\">ove <strong>Tekstilne tkanine RFID oznake za pranje rublja<\/strong> temeljni su za u\u010dinkovitu identifikaciju, pra\u0107enje i upravljanje posteljinom i tekstilom. Za tvrtke koje se oslanjaju na kontinuiranu cirkulaciju \u010distog tekstila, uniformi, radne odje\u0107e, medicinske odje\u0107e ili sredstava za \u010di\u0161\u0107enje, ove oznake za pranje rublja mogu zna\u010dajno pobolj\u0161ati performanse automatiziranih sustava. Omogu\u0107uju br\u017ee i to\u010dnije pra\u0107enje velikog broja pojedina\u010dnih artikala, \u010dime se ja\u010da kontrola zaliha i smanjuju gubici. To donosi zna\u010dajnu u\u0161tedu vremena i tro\u0161kova, kao i pove\u0107anu produktivnost za takve ustanove.<\/div>\n<\/div>\n<\/div>\n<div class=\"auto-hide-last-sibling-br paragraph_1252f paragraph-element\">\n<div class=\"auto-hide-last-sibling-br paragraph_1252f paragraph-element\"><strong>RFID tekstilna oznaka<\/strong> za uniformu za pranje rublja nezamjenjivi su u bezbroj industrija, klju\u010dni za u\u010dinkovito pra\u0107enje imovine, upravljanje zalihama i ja\u010danje ukupne operativne u\u010dinkovitosti. Evo kratkog pregleda njihove primjene u razli\u010ditim sektorima:<\/div>\n<div><\/div>\n<p>&nbsp;<\/p>\n<\/div>\n<div class=\"auto-hide-last-sibling-br paragraph_1252f paragraph-element\"><\/div>","protected":false},"excerpt":{"rendered":"<p>Tekstilne tkanine RFID oznake za pranje rublja, izra\u0111ene naprednom UHF tehnologijom (860-960 MHz), u skladu su s globalnim standardima kao \u0161to su EPC Class1 Gen2 i ISO 18000. Ove UHF tekstilne oznake za pranje rublja nude spoj fleksibilnosti i \u010dvrsto\u0107e koji mo\u017ee izdr\u017eati vi\u0161e od 200 pranja ciklusa i tlaka do 60 bara. Izvanredna karakteristika UHF RFID tkanine za pranje rublja je njegov potencijal da omogu\u0107i masovno o\u010ditavanje s udaljenosti od nekoliko metara, slu\u017ee\u0107i kao vrlo u\u010dinkovit instrument za upravljanje pranjem rublja.<\/p>","protected":false},"featured_media":2675,"template":"","meta":{"_kad_post_transparent":"default","_kad_post_title":"","_kad_post_layout":"default","_kad_post_sidebar_id":"","_kad_post_content_style":"default","_kad_post_vertical_padding":"default","_kad_post_feature":"","_kad_post_feature_position":"","_kad_post_header":false,"_kad_post_footer":false,"_kad_post_classname":""},"product_brand":[],"product_cat":[19],"product_tag":[297,31,65,30],"class_list":{"0":"post-204","1":"product","2":"type-product","3":"status-publish","4":"has-post-thumbnail","6":"product_cat-textile-rfid-laundry-tag","7":"product_tag-rfid-chips-for-uniform","8":"product_tag-rfid-tag-for-linen-laundry","9":"product_tag-textile-rfid-laundry-tags","10":"product_tag-uhf-rfid-laundry-tag","12":"first","13":"instock","14":"featured","15":"shipping-taxable","16":"product-type-simple","17":"entry","18":"content-bg","19":"loop-entry"},"_links":{"self":[{"href":"https:\/\/rfid-laundry-tag.com\/hr\/wp-json\/wp\/v2\/product\/204","targetHints":{"allow":["GET"]}}],"collection":[{"href":"https:\/\/rfid-laundry-tag.com\/hr\/wp-json\/wp\/v2\/product"}],"about":[{"href":"https:\/\/rfid-laundry-tag.com\/hr\/wp-json\/wp\/v2\/types\/product"}],"version-history":[{"count":3,"href":"https:\/\/rfid-laundry-tag.com\/hr\/wp-json\/wp\/v2\/product\/204\/revisions"}],"predecessor-version":[{"id":2678,"href":"https:\/\/rfid-laundry-tag.com\/hr\/wp-json\/wp\/v2\/product\/204\/revisions\/2678"}],"wp:featuredmedia":[{"embeddable":true,"href":"https:\/\/rfid-laundry-tag.com\/hr\/wp-json\/wp\/v2\/media\/2675"}],"wp:attachment":[{"href":"https:\/\/rfid-laundry-tag.com\/hr\/wp-json\/wp\/v2\/media?parent=204"}],"wp:term":[{"taxonomy":"product_brand","embeddable":true,"href":"https:\/\/rfid-laundry-tag.com\/hr\/wp-json\/wp\/v2\/product_brand?post=204"},{"taxonomy":"product_cat","embeddable":true,"href":"https:\/\/rfid-laundry-tag.com\/hr\/wp-json\/wp\/v2\/product_cat?post=204"},{"taxonomy":"product_tag","embeddable":true,"href":"https:\/\/rfid-laundry-tag.com\/hr\/wp-json\/wp\/v2\/product_tag?post=204"}],"curies":[{"name":"radni list","href":"https:\/\/api.w.org\/{rel}","templated":true}]}}