{"id":185,"date":"2024-06-15T17:36:34","date_gmt":"2024-06-15T17:36:34","guid":{"rendered":"https:\/\/rfid-laundry-tag.com\/?post_type=product&#038;p=185"},"modified":"2024-06-15T17:36:34","modified_gmt":"2024-06-15T17:36:34","slug":"uhf-paper-rfid-clothing-label-tags","status":"publish","type":"product","link":"https:\/\/rfid-laundry-tag.com\/hr\/uhf-paper-rfid-clothing-label-tags\/","title":{"rendered":"UHF papirnate RFID oznake za odje\u0107u"},"content":{"rendered":"<table class=\"has-title all magic-1\">\n<tbody>\n<tr>\n<td colspan=\"1\" rowspan=\"1\">\n<div class=\"magic-2\" data-spm-anchor-id=\"a2700.details.0.i84.7cea6afbA2IkLB\">Ime proizvoda<\/div>\n<\/td>\n<td colspan=\"1\" rowspan=\"1\">\n<div class=\"magic-3\">UHF papirnate RFID oznake za odje\u0107u<\/div>\n<\/td>\n<\/tr>\n<tr>\n<td colspan=\"1\" rowspan=\"1\">\n<div class=\"magic-2\">Veli\u010dina<\/div>\n<\/td>\n<td colspan=\"1\" rowspan=\"1\">\n<div class=\"magic-3\">90x40mm ili prilago\u0111eno<\/div>\n<\/td>\n<\/tr>\n<tr>\n<td colspan=\"1\" rowspan=\"1\">\n<div class=\"magic-2\">Frekvencija<\/div>\n<\/td>\n<td colspan=\"1\" rowspan=\"1\">\n<div class=\"magic-3\">860-960 mhz<\/div>\n<\/td>\n<\/tr>\n<tr>\n<td colspan=\"1\" rowspan=\"1\">\n<div class=\"magic-2\">Vrsta IC-a (\u010dip)<\/div>\n<\/td>\n<td colspan=\"1\" rowspan=\"1\">\n<div class=\"magic-3\">NXP Ucode 8 ili 9<\/div>\n<\/td>\n<\/tr>\n<tr>\n<td colspan=\"1\" rowspan=\"1\">\n<div class=\"magic-2\">Protokol<\/div>\n<\/td>\n<td colspan=\"1\" rowspan=\"1\">\n<div class=\"magic-3\">ISO18000 6C<\/div>\n<\/td>\n<\/tr>\n<tr>\n<td colspan=\"1\" rowspan=\"1\">\n<div class=\"magic-4\">Memorija<\/div>\n<\/td>\n<td colspan=\"1\" rowspan=\"1\">\n<div class=\"magic-3\">EPC 96 bita<\/div>\n<\/td>\n<\/tr>\n<tr>\n<td colspan=\"1\" rowspan=\"1\">\n<div class=\"magic-2\">Materijal<\/div>\n<\/td>\n<td colspan=\"1\" rowspan=\"1\">\n<div class=\"magic-3\">Papir. PET , ITD<\/div>\n<\/td>\n<\/tr>\n<tr>\n<td colspan=\"1\" rowspan=\"1\">\n<div class=\"magic-2\">Ispis<\/div>\n<\/td>\n<td colspan=\"1\" rowspan=\"1\">\n<div class=\"magic-3\" data-spm-anchor-id=\"a2700.details.0.i85.7cea6afbA2IkLB\">Logo, qr kod, bar kod, serijski broj<\/div>\n<\/td>\n<\/tr>\n<tr>\n<td colspan=\"1\" rowspan=\"1\">\n<div class=\"magic-2\">Radna temperatura<\/div>\n<\/td>\n<td colspan=\"1\" rowspan=\"1\">\n<div class=\"magic-3\">-30 \u00b0C \u2013 +80 \u00b0C<\/div>\n<\/td>\n<\/tr>\n<tr>\n<td colspan=\"1\" rowspan=\"1\">\n<div class=\"magic-2\">Pro\u010ditajte Udaljenost<\/div>\n<\/td>\n<td colspan=\"1\" rowspan=\"1\">\n<div class=\"magic-3\">Do 15m<\/div>\n<\/td>\n<\/tr>\n<tr>\n<td colspan=\"1\" rowspan=\"1\">\n<div class=\"magic-5\">Dodaci Za<\/div>\n<\/td>\n<td colspan=\"1\" rowspan=\"1\">\n<div class=\"magic-3\">Posteljina i odje\u0107a<\/div>\n<\/td>\n<\/tr>\n<tr>\n<td colspan=\"1\" rowspan=\"1\">\n<div class=\"magic-4\">IP ocjena<\/div>\n<\/td>\n<td colspan=\"1\" rowspan=\"1\">\n<div class=\"magic-3\">IP67<\/div>\n<\/td>\n<\/tr>\n<tr>\n<td colspan=\"1\" rowspan=\"1\">\n<div class=\"magic-4\">Boja<\/div>\n<\/td>\n<td colspan=\"1\" rowspan=\"1\">\n<div class=\"magic-3\">Bijela<\/div>\n<\/td>\n<\/tr>\n<\/tbody>\n<\/table>\n<p>&nbsp;<\/p>\n<p><strong>UHF RFID oznake za odje\u0107u<\/strong> slu\u017ee kao sigurna metoda identifikacije predmeta. Mogu se postaviti kako bi se sprije\u010dilo krivotvorenje i kontrolirao pristup ograni\u010denim podru\u010djima, pove\u0107avaju\u0107i i sigurnost i to\u010dnost u va\u0161im poslovnim operacijama. Odaberite na\u0161e UHF RFID oznake za odje\u0107u kako biste pojednostavili upravljanje zalihama i pove\u0107ali sigurnost maloprodaje.<\/p>\n<p>Uz nekoliko aplikacija koje se pro\u0161iruju na pra\u0107enje imovine, upravljanje zalihama odje\u0107e, lanac nabave odje\u0107e i upravljanje maloprodajom odje\u0107e, na\u0161e UHF RFID papirnate vise\u0107e oznake mogu dramati\u010dno pobolj\u0161ati va\u0161e mogu\u0107nosti pra\u0107enja i pra\u0107enja, u kona\u010dnici optimiziraju\u0107i va\u0161e poslovne operacije.<\/p>","protected":false},"excerpt":{"rendered":"<p>UHF papirnate RFID oznake za odje\u0107u male su oznake posebno dizajnirane za pra\u0107enje odje\u0107e i odjevnih predmeta. Uklju\u010duju ultravisoku frekvenciju (UHF) RFID tehnologiju, osiguravaju\u0107i optimalnu izvedbu pra\u0107enja. UHF RFID oznake za odje\u0107u posebno su formulirane za modnu maloprodajnu industriju. Ove RFID papirnate vise\u0107e oznake, koje imaju ugra\u0111ene RFID (Radio Frequency Identification) \u010dipove, pri\u010dvr\u0161\u0107ene su na odjevne predmete, omogu\u0107uju\u0107i njihovo skeniranje UHF RFID \u010dita\u010dem.<\/p>\n<div class=\"auto-hide-last-sibling-br paragraph_1252f paragraph-element\">Ove oznake igraju klju\u010dnu ulogu u pra\u0107enju i upravljanju zalihama u maloprodajnim trgovinama, skladi\u0161tima i distribucijskim centrima. Omogu\u0107uju pra\u0107enje zaliha u stvarnom vremenu, omogu\u0107uju\u0107i maloprodajnim tvrtkama da precizno nadziru razine zaliha, minimiziraju slu\u010dajeve rasprodaje i u kona\u010dnici pove\u0107avaju prodaju.<\/div>","protected":false},"featured_media":186,"template":"","meta":{"_kad_post_transparent":"default","_kad_post_title":"","_kad_post_layout":"default","_kad_post_sidebar_id":"","_kad_post_content_style":"default","_kad_post_vertical_padding":"default","_kad_post_feature":"","_kad_post_feature_position":"","_kad_post_header":false,"_kad_post_footer":false,"_kad_post_classname":""},"product_brand":[],"product_cat":[53],"product_tag":[89,90,88],"class_list":{"0":"post-185","1":"product","2":"type-product","3":"status-publish","4":"has-post-thumbnail","6":"product_cat-rfid-clothes-tag","7":"product_tag-rfid-clothing-tags","8":"product_tag-rfid-paper-hang-tags","9":"product_tag-uhf-paper-rfid-clothing-label-tags","11":"first","12":"instock","13":"shipping-taxable","14":"product-type-simple","15":"entry","16":"content-bg","17":"loop-entry"},"_links":{"self":[{"href":"https:\/\/rfid-laundry-tag.com\/hr\/wp-json\/wp\/v2\/product\/185","targetHints":{"allow":["GET"]}}],"collection":[{"href":"https:\/\/rfid-laundry-tag.com\/hr\/wp-json\/wp\/v2\/product"}],"about":[{"href":"https:\/\/rfid-laundry-tag.com\/hr\/wp-json\/wp\/v2\/types\/product"}],"version-history":[{"count":0,"href":"https:\/\/rfid-laundry-tag.com\/hr\/wp-json\/wp\/v2\/product\/185\/revisions"}],"wp:featuredmedia":[{"embeddable":true,"href":"https:\/\/rfid-laundry-tag.com\/hr\/wp-json\/wp\/v2\/media\/186"}],"wp:attachment":[{"href":"https:\/\/rfid-laundry-tag.com\/hr\/wp-json\/wp\/v2\/media?parent=185"}],"wp:term":[{"taxonomy":"product_brand","embeddable":true,"href":"https:\/\/rfid-laundry-tag.com\/hr\/wp-json\/wp\/v2\/product_brand?post=185"},{"taxonomy":"product_cat","embeddable":true,"href":"https:\/\/rfid-laundry-tag.com\/hr\/wp-json\/wp\/v2\/product_cat?post=185"},{"taxonomy":"product_tag","embeddable":true,"href":"https:\/\/rfid-laundry-tag.com\/hr\/wp-json\/wp\/v2\/product_tag?post=185"}],"curies":[{"name":"radni list","href":"https:\/\/api.w.org\/{rel}","templated":true}]}}