{"id":1785,"date":"2024-09-02T08:15:43","date_gmt":"2024-09-02T08:15:43","guid":{"rendered":"https:\/\/rfid-laundry-tag.com\/?post_type=product&#038;p=1785"},"modified":"2024-09-08T04:11:02","modified_gmt":"2024-09-08T04:11:02","slug":"uhf-rfid-label-tag-led-flash-light-location-for-library-management","status":"publish","type":"product","link":"https:\/\/rfid-laundry-tag.com\/hr\/uhf-rfid-label-tag-led-flash-light-location-for-library-management\/","title":{"rendered":"UHF RFID naljepnica Oznaka LED bljeskalica Mjesto svjetla Za upravljanje knji\u017enicom"},"content":{"rendered":"<div data-elementor-type=\"product-post\" data-elementor-id=\"1785\" class=\"elementor elementor-1785\" data-elementor-settings=\"{&quot;ha_cmc_init_switcher&quot;:&quot;no&quot;}\" data-elementor-post-type=\"product\">\n\t\t\t\t<div class=\"elementor-element elementor-element-1c13a178 e-flex e-con-boxed e-con e-parent\" data-id=\"1c13a178\" data-element_type=\"container\" data-e-type=\"container\" data-settings=\"{&quot;_ha_eqh_enable&quot;:false}\">\n\t\t\t\t\t<div class=\"e-con-inner\">\n\t\t\t\t<div class=\"elementor-element elementor-element-7e836d6a elementor-widget elementor-widget-text-editor\" data-id=\"7e836d6a\" data-element_type=\"widget\" data-e-type=\"widget\" data-widget_type=\"text-editor.default\">\n\t\t\t\t<div class=\"elementor-widget-container\">\n\t\t\t\t\t\t\t\t\t<p><span style=\"color: #000000;\">UHF RFID Label Tag LED bljeskalica je inovativno rje\u0161enje koje kombinira snagu RFID tehnologije s vizualnim LED indikatorom, pobolj\u0161avaju\u0107i u\u010dinkovitost inventara i upravljanja imovinom. Ove oznake su potpuno prilagodljive, omogu\u0107uju\u0107i vam da odaberete dimenzije, boju LED svjetla i jo\u0161 mnogo toga u skladu s va\u0161im specifi\u010dnim zahtjevima. S dostupnim veli\u010dinama od 18x75 mm i 14x96 mm, te elegantnom debljinom od samo 0,2 mm, ove su naljepnice izra\u0111ene od robusnog PET materijala, osiguravaju\u0107i izdr\u017eljivost \u010dak i u izazovnim okru\u017eenjima.<\/span><\/p><p><span style=\"color: #000000;\">Rade\u0107i u frekvencijskom rasponu od 900-928MHz, ove naljepnice pru\u017eaju optimalne performanse, \u0161to ih \u010dini idealnim za razne industrije. Specifikacije memorije uklju\u010duju TID 96 bita, EPC 160 bita i USER 1312 bita, nude\u0107i dovoljno pohrane podataka za potrebe pra\u0107enja i identifikacije. Dizajnirane da izdr\u017ee radne temperature od -20\u00b0C do 70\u00b0C, ove UHF RFID naljepnice s LED bljeskalicama prikladne su za \u0161irok raspon primjena, uklju\u010duju\u0107i pra\u0107enje imovine, upravljanje inventarom i vi\u0161e.<\/span><\/p><table class=\"all magic-10\"><tbody><tr><td colspan=\"1\" rowspan=\"1\"><div class=\"magic-11\" data-spm-anchor-id=\"a2700.details.0.i38.105812c6mFAirA\"><span style=\"color: #000000;\">\u010cip<\/span><\/div><\/td><td colspan=\"1\" rowspan=\"1\"><div class=\"magic-12\"><span style=\"color: #000000;\">Prilago\u0111eno<\/span><\/div><\/td><\/tr><tr><td colspan=\"1\" rowspan=\"1\"><div class=\"magic-11\" data-spm-anchor-id=\"a2700.details.0.i47.105812c6mFAirA\"><span style=\"color: #000000;\">Dimenzije<\/span><\/div><\/td><td colspan=\"1\" rowspan=\"1\"><div class=\"magic-12\"><span style=\"color: #000000;\">18*75 mm, 14*96 mm, 100*10 mm<\/span><\/div><\/td><\/tr><tr><td colspan=\"1\" rowspan=\"1\"><div class=\"magic-11\"><span style=\"color: #000000;\">Debljina<\/span><\/div><\/td><td colspan=\"1\" rowspan=\"1\"><div class=\"magic-12\"><span style=\"color: #000000;\">0,2 mm<\/span><\/div><\/td><\/tr><tr><td colspan=\"1\" rowspan=\"1\"><div class=\"magic-11\"><span style=\"color: #000000;\">Materijal<\/span><\/div><\/td><td colspan=\"1\" rowspan=\"1\"><div class=\"magic-12\"><span style=\"color: #000000;\">LJUBIMAC<\/span><\/div><\/td><\/tr><tr><td colspan=\"1\" rowspan=\"1\"><div class=\"magic-11\"><span style=\"color: #000000;\">IP ocjena<\/span><\/div><\/td><td colspan=\"1\" rowspan=\"1\"><div class=\"magic-12\"><span style=\"color: #000000;\">N\/A<\/span><\/div><\/td><\/tr><tr><td colspan=\"1\" rowspan=\"1\"><div class=\"magic-11\"><span style=\"color: #000000;\">Primjena Temp<\/span><\/div><\/td><td colspan=\"1\" rowspan=\"1\"><div class=\"magic-12\"><span style=\"color: #000000;\">-20~70\u2103<\/span><\/div><\/td><\/tr><tr><td colspan=\"1\" rowspan=\"1\"><div class=\"magic-11\"><span style=\"color: #000000;\">Radna temp<\/span><\/div><\/td><td colspan=\"1\" rowspan=\"1\"><div class=\"magic-12\"><span style=\"color: #000000;\">-20~70\u2103<\/span><\/div><\/td><\/tr><tr><td colspan=\"1\" rowspan=\"1\"><div class=\"magic-11\"><span style=\"color: #000000;\">Memorija<\/span><\/div><\/td><td colspan=\"1\" rowspan=\"1\"><div class=\"magic-12\"><span style=\"color: #000000;\">TID 96 bita; EPC 160 bita; USER 1312 bita<\/span><\/div><\/td><\/tr><tr><td colspan=\"1\" rowspan=\"1\"><div class=\"magic-11\"><span style=\"color: #000000;\">Frekvencijski raspon s najboljim performansama<\/span><\/div><\/td><td colspan=\"1\" rowspan=\"1\"><div class=\"magic-12\"><span style=\"color: #000000;\">900-928MHz (prilago\u0111eno)<\/span><\/div><\/td><\/tr><tr><td colspan=\"1\" rowspan=\"1\"><div class=\"magic-11\"><span style=\"color: #000000;\">IC \u017eivot<\/span><\/div><\/td><td colspan=\"1\" rowspan=\"1\" data-spm-anchor-id=\"a2700.details.0.i45.105812c6mFAirA\"><div class=\"magic-12\" data-spm-anchor-id=\"a2700.details.0.i39.105812c6mFAirA\"><span style=\"color: #000000;\">Napi\u0161ite izdr\u017eljivost od 100 000 ciklusa<\/span><br \/><span style=\"color: #000000;\">Zadr\u017eavanje datuma 10 godina<\/span><\/div><\/td><\/tr><tr><td colspan=\"1\" rowspan=\"1\"><div class=\"magic-11\"><span style=\"color: #000000;\">Protokol<\/span><\/div><\/td><td colspan=\"1\" rowspan=\"1\"><div class=\"magic-12\" data-spm-anchor-id=\"a2700.details.0.i46.105812c6mFAirA\"><span style=\"color: #000000;\">ISO\/IEC 18000-6C<\/span><\/div><\/td><\/tr><\/tbody><\/table><p><a href=\"https:\/\/rfid-laundry-tag.com\/hr\/proizvod\/uhf-rfid-label-tag-led-flash-light-location-for-library-management\/\"><img fetchpriority=\"high\" decoding=\"async\" class=\"alignnone size-full wp-image-1795\" src=\"https:\/\/rfid-laundry-tag.com\/wp-content\/uploads\/2024\/09\/4_H368fba2542f847448067aa52a880c6fdM.jpg\" alt=\"\" width=\"750\" height=\"750\" srcset=\"https:\/\/rfid-laundry-tag.com\/wp-content\/uploads\/2024\/09\/4_H368fba2542f847448067aa52a880c6fdM.jpg 750w, https:\/\/rfid-laundry-tag.com\/wp-content\/uploads\/2024\/09\/4_H368fba2542f847448067aa52a880c6fdM-300x300.jpg 300w, https:\/\/rfid-laundry-tag.com\/wp-content\/uploads\/2024\/09\/4_H368fba2542f847448067aa52a880c6fdM-150x150.jpg 150w, https:\/\/rfid-laundry-tag.com\/wp-content\/uploads\/2024\/09\/4_H368fba2542f847448067aa52a880c6fdM-12x12.jpg 12w, https:\/\/rfid-laundry-tag.com\/wp-content\/uploads\/2024\/09\/4_H368fba2542f847448067aa52a880c6fdM-600x600.jpg 600w, https:\/\/rfid-laundry-tag.com\/wp-content\/uploads\/2024\/09\/4_H368fba2542f847448067aa52a880c6fdM-100x100.jpg 100w\" sizes=\"(max-width: 750px) 100vw, 750px\" \/><\/a><\/p><p><span style=\"color: #000000;\">Jedinstvena LED zna\u010dajka dodaje vizualnu komponentu RFID oznaci, omogu\u0107uju\u0107i brzu i jednostavnu identifikaciju, zna\u010dajno ubrzavaju\u0107i procese gdje je potrebna brza vizualna potvrda. Naljepnice su kompatibilne s ISO\/IEC 18000-6C protokolima, osiguravaju\u0107i besprijekornu integraciju s postoje\u0107im RFID sustavima. Uz izdr\u017eljivost pisanja od 100.000 ciklusa i zadr\u017eavanje podataka do 10 godina, ove naljepnice pru\u017eaju pouzdano i dugotrajno rje\u0161enje za va\u0161e potrebe pra\u0107enja. Bilo da trebate upravljati inventarom, pratiti imovinu ili implementirati u\u010dinkovitiji identifikacijski sustav, RFID LED naljepnice nude svestrano i robusno rje\u0161enje prilago\u0111eno va\u0161im potrebama.<\/span><\/p><p><span style=\"color: #000000;\">RFID LED naljepnica je napredna ljepljiva naljepnica koja integrira RFID tehnologiju s vizualnim LED indikatorom, pru\u017eaju\u0107i inovativno rje\u0161enje za pra\u0107enje imovine i upravljanje inventarom. Svaka naljepnica opremljena je radiofrekvencijskim transponderom i antenom, \u0161to omogu\u0107uje besprijekornu komunikaciju s RF \u010dita\u010dima. Posebnost ove naljepnice je LED komponenta, koja svijetli nakon aktivacije, nude\u0107i brzu i jasnu vizualnu identifikaciju artikala.<\/span><\/p><p><span style=\"color: #000000;\">Ove LED oznake su svestrane i mogu se koristiti u mno\u0161tvu aplikacija, kao \u0161to je upravljanje zalihama, pra\u0107enje imovine i logistika opskrbnog lanca. Prilagodljiva priroda LED naljepnice omogu\u0107uje prilagodbe veli\u010dine, boje LED svjetla i kapaciteta memorije kako bi odgovarale specifi\u010dnim operativnim potrebama. Bez obzira koriste li se u skladi\u0161tima, maloprodajnim okru\u017eenjima ili industrijskim postavkama, ove naljepnice poma\u017eu pojednostaviti procese pru\u017eaju\u0107i dvostruku metodu identifikacije\u2014RFID skeniranje i vizualnu potvrdu\u2014\u0161to ih \u010dini nezamjenjivima za pobolj\u0161anje to\u010dnosti i u\u010dinkovitosti u pra\u0107enju vrijedne imovine.<\/span><\/p>\t\t\t\t\t\t\t\t<\/div>\n\t\t\t\t<\/div>\n\t\t\t\t\t<\/div>\n\t\t\t\t<\/div>\n\t\t\t\t<\/div>","protected":false},"excerpt":{"rendered":"<p>UHF RFID Label Tag LED bljeskalica s vizualnim indikatorima za u\u010dinkovito pra\u0107enje inventara. Izdr\u017eljivi PET, 900-928MHz, -20\u00b0C do 70\u00b0C, savr\u0161en za razne primjene.<\/p>","protected":false},"featured_media":1786,"template":"","meta":{"_kad_post_transparent":"default","_kad_post_title":"","_kad_post_layout":"default","_kad_post_sidebar_id":"","_kad_post_content_style":"default","_kad_post_vertical_padding":"default","_kad_post_feature":"","_kad_post_feature_position":"","_kad_post_header":false,"_kad_post_footer":false,"_kad_post_classname":""},"product_brand":[],"product_cat":[54],"product_tag":[275,98,269],"class_list":{"0":"post-1785","1":"product","2":"type-product","3":"status-publish","4":"has-post-thumbnail","6":"product_cat-hot-selling-rfid-tags","7":"product_tag-led-light-rfid-label","8":"product_tag-uhf-rfid-label","9":"product_tag-uhf-rfid-label-tag-led-flash-light","11":"first","12":"instock","13":"shipping-taxable","14":"product-type-simple","15":"entry","16":"content-bg","17":"loop-entry"},"_links":{"self":[{"href":"https:\/\/rfid-laundry-tag.com\/hr\/wp-json\/wp\/v2\/product\/1785","targetHints":{"allow":["GET"]}}],"collection":[{"href":"https:\/\/rfid-laundry-tag.com\/hr\/wp-json\/wp\/v2\/product"}],"about":[{"href":"https:\/\/rfid-laundry-tag.com\/hr\/wp-json\/wp\/v2\/types\/product"}],"version-history":[{"count":5,"href":"https:\/\/rfid-laundry-tag.com\/hr\/wp-json\/wp\/v2\/product\/1785\/revisions"}],"predecessor-version":[{"id":1911,"href":"https:\/\/rfid-laundry-tag.com\/hr\/wp-json\/wp\/v2\/product\/1785\/revisions\/1911"}],"wp:featuredmedia":[{"embeddable":true,"href":"https:\/\/rfid-laundry-tag.com\/hr\/wp-json\/wp\/v2\/media\/1786"}],"wp:attachment":[{"href":"https:\/\/rfid-laundry-tag.com\/hr\/wp-json\/wp\/v2\/media?parent=1785"}],"wp:term":[{"taxonomy":"product_brand","embeddable":true,"href":"https:\/\/rfid-laundry-tag.com\/hr\/wp-json\/wp\/v2\/product_brand?post=1785"},{"taxonomy":"product_cat","embeddable":true,"href":"https:\/\/rfid-laundry-tag.com\/hr\/wp-json\/wp\/v2\/product_cat?post=1785"},{"taxonomy":"product_tag","embeddable":true,"href":"https:\/\/rfid-laundry-tag.com\/hr\/wp-json\/wp\/v2\/product_tag?post=1785"}],"curies":[{"name":"radni list","href":"https:\/\/api.w.org\/{rel}","templated":true}]}}