{"id":176,"date":"2024-06-15T16:46:13","date_gmt":"2024-06-15T16:46:13","guid":{"rendered":"https:\/\/rfid-laundry-tag.com\/?post_type=product&#038;p=176"},"modified":"2024-06-15T16:46:13","modified_gmt":"2024-06-15T16:46:13","slug":"nylon-rfid-wash-care-clothing-label","status":"publish","type":"product","link":"https:\/\/rfid-laundry-tag.com\/hr\/nylon-rfid-wash-care-clothing-label\/","title":{"rendered":"Najlonska RFID naljepnica za pranje i njegu odje\u0107e"},"content":{"rendered":"<div class=\"J_module\">\n<div class=\"ife-detail-decorate-table\">\n<table class=\"hight-light-first-column all magic-14\">\n<tbody>\n<tr>\n<td colspan=\"1\" rowspan=\"1\">\n<div class=\"magic-15\" data-spm-anchor-id=\"a2700.details.0.i95.236a58c1ycsfva\">Naziv proizvodnje:<\/div>\n<\/td>\n<td colspan=\"1\" rowspan=\"1\">\n<div class=\"magic-16\">Najlonska RFID naljepnica za pranje i njegu odje\u0107e<\/div>\n<\/td>\n<\/tr>\n<tr>\n<td colspan=\"1\" rowspan=\"1\">\n<div class=\"magic-15\"><span class=\"magic-17\">Materijal:<\/span><\/div>\n<\/td>\n<td colspan=\"1\" rowspan=\"1\">\n<div class=\"magic-16\">Poliester\/sastav\/saten\/pamuk\/netkani\/PET itd.<\/div>\n<\/td>\n<\/tr>\n<tr>\n<td colspan=\"1\" rowspan=\"1\">\n<div class=\"magic-15\"><span class=\"magic-17\">Veli\u010dina:<\/span><\/div>\n<\/td>\n<td colspan=\"1\" rowspan=\"1\">\n<div class=\"magic-16\"><span class=\"magic-17\">80*38mm\/60*30mm ili prilago\u0111eno<\/span><\/div>\n<\/td>\n<\/tr>\n<tr>\n<td colspan=\"1\" rowspan=\"1\">\n<div class=\"magic-15\"><span class=\"magic-17\">Tip:<\/span><\/div>\n<\/td>\n<td colspan=\"1\" rowspan=\"1\">\n<div class=\"magic-16\"><span class=\"magic-17\">Pasivno, RFID<\/span><\/div>\n<\/td>\n<\/tr>\n<tr>\n<td colspan=\"1\" rowspan=\"1\">\n<div class=\"magic-15\">RF protokol:<\/div>\n<\/td>\n<td colspan=\"1\" rowspan=\"1\">\n<div class=\"magic-16\">ISO 18000-6C; EPC klasa 1, generacija 2<\/div>\n<\/td>\n<\/tr>\n<tr>\n<td colspan=\"1\" rowspan=\"1\">\n<div class=\"magic-15\"><span class=\"magic-17\">Frekvencija:<\/span><\/div>\n<\/td>\n<td colspan=\"1\" rowspan=\"1\">\n<div class=\"magic-16\"><span class=\"magic-17\">860~960MHz<\/span><\/div>\n<\/td>\n<\/tr>\n<tr>\n<td colspan=\"1\" rowspan=\"1\">\n<div class=\"magic-15\">\u010cip<\/div>\n<\/td>\n<td colspan=\"1\" rowspan=\"1\">\n<div class=\"magic-16\">Impinj Monza R6\/R6-P, NXP UCODE8\/UCODE9 itd.<\/div>\n<\/td>\n<\/tr>\n<tr>\n<td colspan=\"1\" rowspan=\"1\">\n<div class=\"magic-15\"><span class=\"magic-17\">Udaljenost \u010ditanja:<\/span><\/div>\n<\/td>\n<td colspan=\"1\" rowspan=\"1\">\n<div class=\"magic-16\"><span class=\"magic-17\">UHF: 1~10m (ovisi o \u010dita\u010du i anteni)<\/span><\/div>\n<\/td>\n<\/tr>\n<tr>\n<td colspan=\"1\" rowspan=\"1\">\n<div class=\"magic-15\"><span class=\"magic-17\">Fiksni na\u010din:<\/span><\/div>\n<\/td>\n<td colspan=\"1\" rowspan=\"1\">\n<div class=\"magic-16\"><span class=\"magic-17\">\u0160ivanje \/ gla\u010danje<\/span><\/div>\n<\/td>\n<\/tr>\n<tr>\n<td colspan=\"1\" rowspan=\"1\">\n<div class=\"magic-15\"><span class=\"magic-17\">Ispis:<\/span><\/div>\n<\/td>\n<td colspan=\"1\" rowspan=\"1\">\n<div class=\"magic-16\"><span class=\"magic-17\">Ispis, kodiranje, serijski broj, dizajn itd.<\/span><\/div>\n<\/td>\n<\/tr>\n<tr>\n<td colspan=\"1\" rowspan=\"1\">\n<div class=\"magic-15\"><span class=\"magic-17\">IC vijek trajanja:<\/span><\/div>\n<\/td>\n<td colspan=\"1\" rowspan=\"1\">\n<div class=\"magic-16\" data-spm-anchor-id=\"a2700.details.0.i94.236a58c1ycsfva\"><span class=\"magic-17\">100 000 programskih ciklusa<br \/>\n10 godina \u010duvanja podataka<\/span><\/div>\n<\/td>\n<\/tr>\n<tr>\n<td colspan=\"1\" rowspan=\"1\">\n<div class=\"magic-15\"><span class=\"magic-17\">Dostupnost uzorka:<\/span><\/div>\n<\/td>\n<td colspan=\"1\" rowspan=\"1\">\n<div class=\"magic-16\"><span class=\"magic-17\">Besplatni uzorci dostupni su na zahtjev<\/span><\/div>\n<\/td>\n<\/tr>\n<tr>\n<td colspan=\"1\" rowspan=\"1\">\n<div class=\"magic-15\"><span class=\"magic-17\">Prijave:\u00a0<\/span><\/div>\n<\/td>\n<td colspan=\"1\" rowspan=\"1\">\n<div class=\"magic-16\"><span class=\"magic-17\">\u00b7 Upravljanje zalihama<br \/>\n\u00b7 Lanac opskrbe<br \/>\n\u00b7 Maloprodaja<\/span><\/div>\n<\/td>\n<\/tr>\n<tr>\n<td colspan=\"1\" rowspan=\"1\">\n<div class=\"magic-15\"><span class=\"magic-17\">Koristiti<\/span><\/div>\n<\/td>\n<td colspan=\"1\" rowspan=\"1\">\n<div class=\"magic-16\"><span class=\"magic-17\">Odjevni predmeti, odje\u0107a, torbe, obu\u0107a itd.<\/span><\/div>\n<\/td>\n<\/tr>\n<\/tbody>\n<\/table>\n<\/div>\n<\/div>\n<div class=\"J_module\">\n<div class=\"detail-decorate-json-renderer-container\">\n<div class=\"magic-1\">\n<div class=\"magic-5\">\n<div class=\"magic-6\">\n<div class=\"magic-7\"><span class=\"magic-10\">UCODE su registrirani za\u0161titni znakovi NXP BV i koriste se pod licencom.<\/span><\/div>\n<div><\/div>\n<\/div>\n<div>\n<div class=\"auto-hide-last-sibling-br paragraph_1252f paragraph-element\">Modni artikli kao \u0161to su odjevni predmeti podlo\u017eni su raznim \u010dimbenicima koji mogu utjecati na prodaju, uklju\u010duju\u0107i sezonske varijacije, zemljopisni polo\u017eaj, preferencije kupaca, modne trendove i cijene. Uloga RFID naljepnica za njegu ovdje postaje klju\u010dna jer omogu\u0107uju tvrtkama koje se bave proizvodnjom odje\u0107e da prate dinamiku prodaje u stvarnom vremenu.<\/div>\n<p><br class=\"container_e695a wrapper_ad07b undefined\" \/><\/p>\n<div class=\"auto-hide-last-sibling-br paragraph_1252f paragraph-element\">\n<div class=\"auto-hide-last-sibling-br paragraph_1252f paragraph-element\"><strong>Zna\u010dajke najlonske RFID oznake za pranje odje\u0107e:<\/strong><\/div>\n<p><br class=\"container_e695a wrapper_ad07b undefined\" \/><\/p>\n<ol class=\"auto-hide-last-sibling-br\">\n<li>\n<div class=\"auto-hide-last-sibling-br paragraph_1252f paragraph-element\"><strong>Materijal:<\/strong>\u00a0Naljepnica je izra\u0111ena od najlona, sna\u017enog i izdr\u017eljivog materijala koji mo\u017ee izdr\u017eati visoke temperature, pritisak i grubo rukovanje, osiguravaju\u0107i netaknutu naljepnicu bez obzira na prirodu rukovanja odje\u0107om i postupka pranja.<\/div>\n<\/li>\n<li>\n<div class=\"auto-hide-last-sibling-br paragraph_1252f paragraph-element\"><strong>Pra\u0107enje podataka:<\/strong>\u00a0Omogu\u0107ena RFID tehnologijom, omogu\u0107uje pra\u0107enje u stvarnom vremenu i prikupljanje relevantnih podataka kao \u0161to su povijest proizvoda, lokacija i status, pru\u017eaju\u0107i vrijedne uvide tvrtkama koje se bave proizvodnjom odje\u0107e.<\/div>\n<\/li>\n<li>\n<div class=\"auto-hide-last-sibling-br paragraph_1252f paragraph-element\"><strong>Funkcionalnost:<\/strong>\u00a0RFID naljepnica funkcionira u razli\u010ditim te\u0161kim okru\u017eenjima i tako\u0111er mo\u017ee identificirati vi\u0161e oznaka istovremeno, \u010dak i na predmetima koji se brzo kre\u0107u.<\/div>\n<\/li>\n<li>\n<div class=\"auto-hide-last-sibling-br paragraph_1252f paragraph-element\"><strong>Upornost:<\/strong>\u00a0Za razliku od tradicionalnih vje\u0161alica, RFID naljepnice obi\u010dno su u\u0161ivene ili izblije\u0111ene u odje\u0107u, \u0161to rezultira smanjenim izgledima da otpadnu tijekom transporta ili rukovanja.<\/div>\n<\/li>\n<li>\n<div class=\"auto-hide-last-sibling-br paragraph_1252f paragraph-element\"><strong>Zeleno i sigurno:<\/strong>\u00a0Naljepnice su zelene i sigurne jer imaju najmanji utjecaj na okoli\u0161 nakon odlaganja.<\/div>\n<\/li>\n<\/ol>\n<p><br class=\"container_e695a wrapper_ad07b undefined\" \/><\/p>\n<div class=\"auto-hide-last-sibling-br paragraph_1252f paragraph-element\"><strong>Primjene najlonske RFID oznake za pranje odje\u0107e:<\/strong><\/div>\n<p><br class=\"container_e695a wrapper_ad07b undefined\" \/><\/p>\n<ol class=\"auto-hide-last-sibling-br\">\n<li>\n<div class=\"auto-hide-last-sibling-br paragraph_1252f paragraph-element\"><strong>Upravljanje zalihama:<\/strong>\u00a0Oznake poma\u017eu u pra\u0107enju inventara u stvarnom vremenu, \u010dine\u0107i proces upravljanja zalihama u\u010dinkovitijim za tvrtke.<\/div>\n<\/li>\n<li>\n<div class=\"auto-hide-last-sibling-br paragraph_1252f paragraph-element\"><strong>Lanac opskrbe:<\/strong>\u00a0Poma\u017eu u optimizaciji cijelog opskrbnog lanca, od pojednostavljenja proizvodnih procesa do u\u010dinkovitijeg skladi\u0161tenja i logistike.<\/div>\n<\/li>\n<li>\n<div class=\"auto-hide-last-sibling-br paragraph_1252f paragraph-element\"><strong>Upravljanje maloprodajom:<\/strong>\u00a0U postavkama maloprodaje, ove naljepnice pobolj\u0161avaju proces odjave ubrzavaju\u0107i proces skeniranja i smanjuju\u0107i redove.<\/div>\n<\/li>\n<li>\n<div class=\"auto-hide-last-sibling-br paragraph_1252f paragraph-element\"><strong>Za\u0161tita od kra\u0111e:<\/strong>\u00a0Kada su ugra\u0111eni u sigurnosni sustav u trgovinama, mogu poslu\u017eiti kao alati protiv kra\u0111e.<\/div>\n<\/li>\n<li>\n<div class=\"auto-hide-last-sibling-br paragraph_1252f paragraph-element\"><strong>Autenti\u010dnost proizvoda:<\/strong>\u00a0Oznake se mogu koristiti za osiguranje i provjeru autenti\u010dnosti proizvoda, \u010dime se sprje\u010dava krivotvorenje.<\/div>\n<\/li>\n<li>\n<div class=\"auto-hide-last-sibling-br paragraph_1252f paragraph-element\"><strong>Potro\u0161a\u010dka upotreba:<\/strong>\u00a0Za krajnjeg potro\u0161a\u010da ove naljepnice sadr\u017ee vrijedne informacije o proizvodu i njezi. Tako\u0111er, \u010dinjenica da etiketa ostaje na odjevnom predmetu cijeli \u017eivotni vijek omogu\u0107uje bolje pra\u0107enje nakon prodaje.<\/div>\n<\/li>\n<\/ol>\n<p><br class=\"container_e695a wrapper_ad07b undefined\" \/><\/p>\n<div class=\"auto-hide-last-sibling-br paragraph_1252f paragraph-element\">Ove oznake revolucioniraju na\u010din na koji se odje\u0107om rukuje od proizvodnog pogona do maloprodaje i zatim do krajnjeg potro\u0161a\u010da, \u010dime postaju sastavni dio industrije odje\u0107e.<\/div>\n<\/div>\n<\/div>\n<div class=\"magic-6\">\n<div><\/div>\n<\/div>\n<\/div>\n<\/div>\n<\/div>\n<\/div>","protected":false},"excerpt":{"rendered":"<p>Nylon RFID Wash Care Label je revolucionarni napredak u industriji tekstila i odje\u0107e. RFID, jedno od tehnolo\u0161kih dostignu\u0107a koja najvi\u0161e obe\u0107avaju, olak\u0161ava brojne primjene u ovom sektoru. Ima klju\u010dnu ulogu u proizvodnim procesima, odr\u017eavanju kontrole zaliha, upravljanju skladi\u0161tima, racionalizaciji distribucije i logistike, omogu\u0107avanju automatskog pra\u0107enja objekata i optimiziranju upravljanja opskrbnim lancem. Ovaj inovativni pristup zna\u010dajno je pove\u0107ao u\u010dinkovitost i produktivnost u podru\u010dju tekstila i odje\u0107e.<\/p>","protected":false},"featured_media":177,"template":"","meta":{"_kad_post_transparent":"default","_kad_post_title":"","_kad_post_layout":"default","_kad_post_sidebar_id":"","_kad_post_content_style":"default","_kad_post_vertical_padding":"default","_kad_post_feature":"","_kad_post_feature_position":"","_kad_post_header":false,"_kad_post_footer":false,"_kad_post_classname":""},"product_brand":[],"product_cat":[81],"product_tag":[84,82,83],"class_list":{"0":"post-176","1":"product","2":"type-product","3":"status-publish","4":"has-post-thumbnail","6":"product_cat-rfid-wash-care-clothing-label","7":"product_tag-heat-transfer-laundry-rfid-wash-care-label","8":"product_tag-rfid-wash-care-clothing-label","9":"product_tag-rfid-wash-care-label","11":"first","12":"instock","13":"shipping-taxable","14":"product-type-simple","15":"entry","16":"content-bg","17":"loop-entry"},"_links":{"self":[{"href":"https:\/\/rfid-laundry-tag.com\/hr\/wp-json\/wp\/v2\/product\/176","targetHints":{"allow":["GET"]}}],"collection":[{"href":"https:\/\/rfid-laundry-tag.com\/hr\/wp-json\/wp\/v2\/product"}],"about":[{"href":"https:\/\/rfid-laundry-tag.com\/hr\/wp-json\/wp\/v2\/types\/product"}],"version-history":[{"count":0,"href":"https:\/\/rfid-laundry-tag.com\/hr\/wp-json\/wp\/v2\/product\/176\/revisions"}],"wp:featuredmedia":[{"embeddable":true,"href":"https:\/\/rfid-laundry-tag.com\/hr\/wp-json\/wp\/v2\/media\/177"}],"wp:attachment":[{"href":"https:\/\/rfid-laundry-tag.com\/hr\/wp-json\/wp\/v2\/media?parent=176"}],"wp:term":[{"taxonomy":"product_brand","embeddable":true,"href":"https:\/\/rfid-laundry-tag.com\/hr\/wp-json\/wp\/v2\/product_brand?post=176"},{"taxonomy":"product_cat","embeddable":true,"href":"https:\/\/rfid-laundry-tag.com\/hr\/wp-json\/wp\/v2\/product_cat?post=176"},{"taxonomy":"product_tag","embeddable":true,"href":"https:\/\/rfid-laundry-tag.com\/hr\/wp-json\/wp\/v2\/product_tag?post=176"}],"curies":[{"name":"radni list","href":"https:\/\/api.w.org\/{rel}","templated":true}]}}