{"id":171,"date":"2024-06-15T13:49:12","date_gmt":"2024-06-15T13:49:12","guid":{"rendered":"https:\/\/rfid-laundry-tag.com\/?post_type=product&#038;p=171"},"modified":"2024-06-15T14:14:22","modified_gmt":"2024-06-15T14:14:22","slug":"uhf-rfid-silicone-washing-labels","status":"publish","type":"product","link":"https:\/\/rfid-laundry-tag.com\/hr\/uhf-rfid-silicone-washing-labels\/","title":{"rendered":"UHF RFID silikonske naljepnice za pranje"},"content":{"rendered":"<table style=\"border-collapse: collapse; width: 711px; height: 751px;\" border=\"0\" width=\"537\" cellspacing=\"0\" cellpadding=\"0\">\n<tbody>\n<tr style=\"height: 14.40pt;\">\n<td class=\"et2\" style=\"height: 14.40pt; width: 136.80pt;\" width=\"228\" height=\"24\">Materijal<\/td>\n<td class=\"et2\" style=\"width: 185.40pt;\" width=\"309\">Silikon<\/td>\n<\/tr>\n<tr style=\"height: 14.40pt;\">\n<td class=\"et3\" style=\"height: 14.40pt; width: 136.80pt;\" width=\"228\" height=\"24\">Veli\u010dina<\/td>\n<td class=\"et3\" style=\"width: 185.40pt;\" width=\"309\">55x12mm, 56x20mm, 85x27mm<\/td>\n<\/tr>\n<tr style=\"height: 14.40pt;\">\n<td class=\"et3\" style=\"height: 14.40pt; width: 136.80pt;\" width=\"228\" height=\"24\">Frekvencija<\/td>\n<td class=\"et3\" style=\"width: 185.40pt;\" width=\"309\">860-960 mhz<\/td>\n<\/tr>\n<tr style=\"height: 27.60pt;\">\n<td class=\"et3\" style=\"height: 27.60pt; width: 136.80pt;\" width=\"228\" height=\"46\">Vrsta IC-a (\u010dip)<\/td>\n<td class=\"et3\" style=\"width: 185.40pt;\" width=\"309\">U7\/U8 (dostupni su Alien H3 i Impinj Monza R6)<\/td>\n<\/tr>\n<tr style=\"height: 27.60pt;\">\n<td class=\"et3\" style=\"height: 27.60pt; width: 136.80pt;\" width=\"228\" height=\"46\">Protokol<\/td>\n<td class=\"et3\" style=\"width: 185.40pt;\" width=\"309\">EPC Global Class 1 Gen2 &amp; ISO18000-6C<\/td>\n<\/tr>\n<tr style=\"height: 14.40pt;\">\n<td class=\"et3\" style=\"height: 14.40pt; width: 136.80pt;\" width=\"228\" height=\"24\">Memorija<\/td>\n<td class=\"et3\" style=\"width: 185.40pt;\" width=\"309\">128 bita<\/td>\n<\/tr>\n<tr style=\"height: 14.40pt;\">\n<td class=\"et3\" style=\"height: 14.40pt; width: 136.80pt;\" width=\"228\" height=\"24\">Faktor oblika oznake<\/td>\n<td class=\"et3\" style=\"width: 185.40pt;\" width=\"309\">Fleksibilno<\/td>\n<\/tr>\n<tr style=\"height: 14.40pt;\">\n<td class=\"et3\" style=\"height: 14.40pt; width: 136.80pt;\" width=\"228\" height=\"24\">Za\u0161tita od sudara<\/td>\n<td class=\"et3\" style=\"width: 185.40pt;\" width=\"309\">Da<\/td>\n<\/tr>\n<tr style=\"height: 14.40pt;\">\n<td class=\"et3\" style=\"height: 14.40pt; width: 136.80pt;\" width=\"228\" height=\"24\">Radna temperatura<\/td>\n<td class=\"et3\" style=\"width: 185.40pt;\" width=\"309\">-25 \u00b0C \/ +200 \u00b0C<\/td>\n<\/tr>\n<tr style=\"height: 14.40pt;\">\n<td class=\"et3\" style=\"height: 14.40pt; width: 136.80pt;\" width=\"228\" height=\"24\">Pro\u010ditajte Udaljenost<\/td>\n<td class=\"et3\" style=\"width: 185.40pt;\" width=\"309\">1-7m<\/td>\n<\/tr>\n<tr style=\"height: 14.40pt;\">\n<td class=\"et3\" style=\"height: 14.40pt; width: 136.80pt;\" width=\"228\" height=\"24\">Dodaci Za<\/td>\n<td class=\"et3\" style=\"width: 185.40pt;\" width=\"309\">Posteljina i odje\u0107a<\/td>\n<\/tr>\n<tr style=\"height: 14.40pt;\">\n<td class=\"et3\" style=\"height: 14.40pt; width: 136.80pt;\" width=\"228\" height=\"24\">IP ocjena<\/td>\n<td class=\"et3\" style=\"width: 185.40pt;\" width=\"309\">IP68<\/td>\n<\/tr>\n<tr style=\"height: 14.40pt;\">\n<td class=\"et3\" style=\"height: 14.40pt; width: 136.80pt;\" width=\"228\" height=\"24\">Boja<\/td>\n<td class=\"et3\" style=\"width: 185.40pt;\" width=\"309\">Bijelo\/plavo ili prilago\u0111eno<\/td>\n<\/tr>\n<tr style=\"height: 17.40pt;\">\n<td class=\"et4\" style=\"height: 17.40pt; width: 322.20pt;\" colspan=\"2\" width=\"537\" height=\"29\">Pranje<\/td>\n<\/tr>\n<tr style=\"height: 27.60pt;\">\n<td class=\"et3\" style=\"height: 27.60pt; width: 136.80pt;\" width=\"228\" height=\"46\">Otporan na izlaganje<\/td>\n<td class=\"et3\" style=\"width: 185.40pt;\" width=\"309\">vode i svih kemikalija uobi\u010dajenih za komercijalne praonice rublja i kemijsko \u010di\u0161\u0107enje<\/td>\n<\/tr>\n<tr style=\"height: 14.40pt;\">\n<td class=\"et3\" style=\"height: 14.40pt; width: 136.80pt;\" width=\"228\" height=\"24\">Ciklusi pranja<\/td>\n<td class=\"et3\" style=\"width: 185.40pt;\" width=\"309\">Do 200 komercijalnih ciklusa pranja<\/td>\n<\/tr>\n<tr style=\"height: 27.60pt;\">\n<td class=\"et3\" style=\"height: 27.60pt; width: 136.80pt;\" width=\"228\" height=\"46\">Pranje<\/td>\n<td class=\"et3\" style=\"width: 185.40pt;\" width=\"309\">150 \u00baC 15-20 minuta \u2013 150 ciklusa<\/td>\n<\/tr>\n<tr style=\"height: 27.60pt;\">\n<td class=\"et3\" style=\"height: 27.60pt; width: 136.80pt;\" width=\"228\" height=\"46\">Su\u0161enje<\/td>\n<td class=\"et3\" style=\"width: 185.40pt;\" width=\"309\">95\u00b0C (do 60 min.), 130\u00b0C (do 30 min.)<\/td>\n<\/tr>\n<tr style=\"height: 14.40pt;\">\n<td class=\"et3\" style=\"height: 14.40pt; width: 136.80pt;\" width=\"228\" height=\"24\">Zavr\u0161iva\u010d tunela<\/td>\n<td class=\"et3\" style=\"width: 185.40pt;\" width=\"309\">200\u00b0C 30 min<\/td>\n<\/tr>\n<tr style=\"height: 14.40pt;\">\n<td class=\"et3\" style=\"height: 14.40pt; width: 136.80pt;\" width=\"228\" height=\"24\">Peglanje<\/td>\n<td class=\"et3\" style=\"width: 185.40pt;\" width=\"309\">250\u00b0C (do 60 sekundi)<\/td>\n<\/tr>\n<\/tbody>\n<\/table>\n<div><\/div>\n<div><\/div>\n<div class=\"auto-hide-last-sibling-br paragraph_1252f paragraph-element\"><strong>UHF RFID silikonske naljepnice za pranje nude sljede\u0107e klju\u010dne zna\u010dajke:<\/strong><\/div>\n<ol class=\"auto-hide-last-sibling-br\">\n<li>\n<div class=\"auto-hide-last-sibling-br paragraph_1252f paragraph-element\">Tanak, mekan i fleksibilan: njegov lagani i savitljivi dizajn osigurava udobno pristajanje na bilo koji tekstilni materijal.<\/div>\n<\/li>\n<li>\n<div class=\"auto-hide-last-sibling-br paragraph_1252f paragraph-element\">Otporne: oznake su vodootporne i otporne na kemijska rje\u0161enja, \u0161to osigurava da \u0107e zadr\u017eati svoju funkcionalnost bez obzira na okru\u017eenja kojima su izlo\u017eene.<\/div>\n<\/li>\n<li>\n<div class=\"auto-hide-last-sibling-br paragraph_1252f paragraph-element\">Dugotrajno: Nudi izdr\u017eljivost do 200 ciklusa pranja, su\u0161enja, \u010di\u0161\u0107enja i gla\u010danja, pru\u017eaju\u0107i dosljednu izvedbu.<\/div>\n<\/li>\n<li>\n<div class=\"auto-hide-last-sibling-br paragraph_1252f paragraph-element\">Izuzetna otpornost: podnosi visoke temperature i o\u0161tra okru\u017eenja. RFID oznaka za pranje rublja, koja radi u frekvencijskom rasponu od 860~960MHz, posebno je dizajnirana da izdr\u017ei procese \u010di\u0161\u0107enja pod visokim pritiskom i temperaturom.<\/div>\n<\/li>\n<li>\n<div class=\"auto-hide-last-sibling-br paragraph_1252f paragraph-element\">\u0160iroka primjena: Idealno za upotrebu u izazovnim uvjetima koji zahtijevaju visoku otpornost na toplinu, koroziju i habanje, kao \u0161to su praonice i industrijske praonice.<\/div>\n<\/li>\n<li>\n<div class=\"auto-hide-last-sibling-br paragraph_1252f paragraph-element\">Jednostavna integracija: Lako se ugra\u0111uje u razli\u010dite tekstile, uklju\u010duju\u0107i ko\u0161ulje, radnu odje\u0107u, posteljinu i druge tekstilne proizvode.<\/div>\n<\/li>\n<li>\n<div class=\"auto-hide-last-sibling-br paragraph_1252f paragraph-element\">Raznolikost izbora: Nudi niz RFID oznaka za rublje, uklju\u010duju\u0107i RFID PPS oznake za rublje, RFID silikonske oznake za rublje i RFID tkanine za rublje.<\/div>\n<\/li>\n<li>\n<div class=\"auto-hide-last-sibling-br paragraph_1252f paragraph-element\">\u0160iroka upotreba: Opse\u017eno se koristi u maloprodaji odje\u0107e, hotelskim plahtama, medicinskim uniformama za kemijsko \u010di\u0161\u0107enje i industrijskim praonicama rublja.<\/div>\n<\/li>\n<li>\n<div class=\"auto-hide-last-sibling-br paragraph_1252f paragraph-element\">U\u010dinkovito upravljanje: RFID tehnologija pokazuje vrhunske performanse u u\u010dinkovitom upravljanju, optimizaciji inventara i smanjenju ljudskih pogre\u0161aka tijekom procesa pranja i naplate.<\/div>\n<\/li>\n<\/ol>\n<div class=\"auto-hide-last-sibling-br paragraph_1252f paragraph-element\">Ukratko, ove oznake su skrojene za zahtjevne uvjete pranja rublja, nude\u0107i trajnost, u\u010dinkovitost i \u0161iroku lepezu primjena. Oni pru\u017eaju pametno rje\u0161enje za u\u010dinkovito upravljanje i pra\u0107enje rublja u razli\u010ditim sektorima.<\/div>\n<div><\/div>\n<p data-spm-anchor-id=\"a2700.details.0.i116.60201a70jOXdOd\"><strong>Primjena:<\/strong><\/p>\n<ul>\n<li>Upravljanje pra\u0107enjem hotelske posteljine<\/li>\n<li>Tvornica\/skladi\u0161te\/hotel\/bolnica\/zabavni park<\/li>\n<li data-spm-anchor-id=\"a2700.details.0.i115.60201a70jOXdOd\"><span data-spm-anchor-id=\"a2700.details.0.i120.60201a70jOXdOd\">Bolni\u010dke uniforme<\/span><\/li>\n<li data-spm-anchor-id=\"a2700.details.0.i118.60201a70jOXdOd\">Posteljina\/ palete\/ platnene vre\u0107e<\/li>\n<li>Kemijske \u010distionice<\/li>\n<li>Upotreba u hotelskoj plahti\/ pri\u010dvr\u0161\u0107enoj na tekstil\/ radnoj odje\u0107i.<\/li>\n<li>Tvornica konfekcije, Tvornica tkanina.<\/li>\n<\/ul>\n<p>&nbsp;<\/p>","protected":false},"excerpt":{"rendered":"<p>UHF RFID silikonske naljepnice za pranje ekskluzivnog su dizajna naljepnica koje mogu izdr\u017eati rigorozne metode pranja. Posebno su prikladni za odje\u0107u i tkanine koje se redovito \u010diste. Ove su naljepnice izra\u0111ene od \u010dvrstog silikona, \u0161to osigurava njihovu trajnost. \u0160tovi\u0161e, oni uklju\u010duju UHF (ultra visoke frekvencije) RFID \u010dip, koji se mo\u017ee programirati s odgovaraju\u0107im podacima o odje\u0107i ili tekstilu. To ove naljepnice \u010dini prakti\u010dnom i u\u010dinkovitom opcijom za upravljanje i pra\u0107enje rublja.<\/p>","protected":false},"featured_media":173,"template":"","meta":{"_kad_post_transparent":"default","_kad_post_title":"","_kad_post_layout":"default","_kad_post_sidebar_id":"","_kad_post_content_style":"default","_kad_post_vertical_padding":"default","_kad_post_feature":"","_kad_post_feature_position":"","_kad_post_header":false,"_kad_post_footer":false,"_kad_post_classname":""},"product_brand":[],"product_cat":[20,16],"product_tag":[63,62,61,79],"class_list":{"0":"post-171","1":"product","2":"type-product","3":"status-publish","4":"has-post-thumbnail","6":"product_cat-silicone-rfid-laundry-tag","7":"product_cat-uhf-rfid-laundry-tags","8":"product_tag-rfid-washing-tag","9":"product_tag-silicone-rfid-laundry-tag","10":"product_tag-silicone-washable-rfid-laundry-tag","11":"product_tag-uhf-rfid-silicone-washing-labels","13":"first","14":"instock","15":"shipping-taxable","16":"product-type-simple","17":"entry","18":"content-bg","19":"loop-entry"},"_links":{"self":[{"href":"https:\/\/rfid-laundry-tag.com\/hr\/wp-json\/wp\/v2\/product\/171","targetHints":{"allow":["GET"]}}],"collection":[{"href":"https:\/\/rfid-laundry-tag.com\/hr\/wp-json\/wp\/v2\/product"}],"about":[{"href":"https:\/\/rfid-laundry-tag.com\/hr\/wp-json\/wp\/v2\/types\/product"}],"version-history":[{"count":0,"href":"https:\/\/rfid-laundry-tag.com\/hr\/wp-json\/wp\/v2\/product\/171\/revisions"}],"wp:featuredmedia":[{"embeddable":true,"href":"https:\/\/rfid-laundry-tag.com\/hr\/wp-json\/wp\/v2\/media\/173"}],"wp:attachment":[{"href":"https:\/\/rfid-laundry-tag.com\/hr\/wp-json\/wp\/v2\/media?parent=171"}],"wp:term":[{"taxonomy":"product_brand","embeddable":true,"href":"https:\/\/rfid-laundry-tag.com\/hr\/wp-json\/wp\/v2\/product_brand?post=171"},{"taxonomy":"product_cat","embeddable":true,"href":"https:\/\/rfid-laundry-tag.com\/hr\/wp-json\/wp\/v2\/product_cat?post=171"},{"taxonomy":"product_tag","embeddable":true,"href":"https:\/\/rfid-laundry-tag.com\/hr\/wp-json\/wp\/v2\/product_tag?post=171"}],"curies":[{"name":"radni list","href":"https:\/\/api.w.org\/{rel}","templated":true}]}}