{"id":167,"date":"2024-06-15T13:14:42","date_gmt":"2024-06-15T13:14:42","guid":{"rendered":"https:\/\/rfid-laundry-tag.com\/?post_type=product&#038;p=167"},"modified":"2024-09-26T03:38:23","modified_gmt":"2024-09-26T03:38:23","slug":"textile-uhf-rfid-linen-tags","status":"publish","type":"product","link":"https:\/\/rfid-laundry-tag.com\/hr\/textile-uhf-rfid-linen-tags\/","title":{"rendered":"Tekstilne UHF RFID lanene oznake"},"content":{"rendered":"<div>\n<div class=\"auto-hide-last-sibling-br paragraph_1252f paragraph-element\">\n<table width=\"637\">\n<tbody>\n<tr>\n<td width=\"328\">Ime proizvoda:<\/td>\n<td width=\"309\"><strong>Tekstilne UHF RFID lanene oznake<\/strong><\/td>\n<\/tr>\n<tr>\n<td width=\"328\">RFID standard:<\/td>\n<td width=\"309\">ISO\/IEC 18000-6 TypeC (EPC Gen2)<\/td>\n<\/tr>\n<tr>\n<td width=\"328\">Veli\u010dina i te\u017eina:<\/td>\n<td width=\"309\">70\u00d715 mm, 0,6g<\/td>\n<\/tr>\n<tr>\n<td width=\"328\">Vrsta \u010dipa:<\/td>\n<td width=\"309\">Impinj Monza 4QT,NXP U KOD 9<\/td>\n<\/tr>\n<tr>\n<td width=\"328\">EPC memorija:<\/td>\n<td width=\"309\">128 bita<\/td>\n<\/tr>\n<tr>\n<td width=\"328\">Korisni\u010dka memorija:<\/td>\n<td width=\"309\">512 bita<\/td>\n<\/tr>\n<tr>\n<td width=\"328\">Raspon o\u010ditanja (2W ERP FCC):<\/td>\n<td width=\"309\">8m<\/td>\n<\/tr>\n<tr>\n<td width=\"328\">Raspon o\u010ditanja (2W ERP ETSI):<\/td>\n<td width=\"309\">8m<\/td>\n<\/tr>\n<tr>\n<td width=\"328\">Ozna\u010davanje:<\/td>\n<td width=\"309\">\u0160ivanje, Ljepilo za vru\u0107e \u017eigosanje<\/td>\n<\/tr>\n<tr>\n<td width=\"328\">Procijenjeni \u017eivotni vijek:<\/td>\n<td width=\"309\">200 ciklusa pranja ili 3 godine, \u0161to god nastupi prije<\/td>\n<\/tr>\n<tr>\n<td width=\"328\">Metoda pranja:<\/td>\n<td width=\"309\">Praonica rublja, Kemijsko \u010di\u0161\u0107enje<\/td>\n<\/tr>\n<tr>\n<td width=\"328\">Tlak ekstrakcije vode:<\/td>\n<td width=\"309\">60 bara<\/td>\n<\/tr>\n<tr>\n<td width=\"328\">Otpornost na vodu:<\/td>\n<td width=\"309\">Otporan na vodu<\/td>\n<\/tr>\n<tr>\n<td width=\"328\">Kemijska otpornost:<\/td>\n<td width=\"309\">Deterd\u017eent, omek\u0161iva\u010d, izbjeljiva\u010d (kisik\/ klor), lu\u017eina<\/td>\n<\/tr>\n<tr>\n<td width=\"328\">Prethodno su\u0161enje u posudi:<\/td>\n<td width=\"309\">125 \u00baC 15-20 minuta<\/td>\n<\/tr>\n<tr>\n<td width=\"328\">Temperatura sterilizacije:<\/td>\n<td width=\"309\">135\u00b0C 15-20 minuta<\/td>\n<\/tr>\n<tr>\n<td width=\"328\">Temperatura pranja:<\/td>\n<td width=\"309\">90\u00b0C, do 15 min.<\/td>\n<\/tr>\n<tr>\n<td width=\"328\">Radna vla\u017enost\/temperatura:<\/td>\n<td width=\"309\">-20 do 110\u00b0C, 8 do 95%RH<\/td>\n<\/tr>\n<tr>\n<td width=\"328\">Vla\u017enost\/temperatura-Skladi\u0161tenje:<\/td>\n<td width=\"309\">-40 do 110\u00b0C, 8 do 95%RH<\/td>\n<\/tr>\n<\/tbody>\n<\/table>\n<\/div>\n<\/div>\n<div class=\"auto-hide-last-sibling-br paragraph_1252f paragraph-element\"><\/div>\n<div>\n<div class=\"auto-hide-last-sibling-br paragraph_1252f paragraph-element\">\n<h3>Glavne zna\u010dajke UHF RFID etiketa za posteljinu<\/h3>\n<ul>\n<li><strong>Izdr\u017eljivost<\/strong>: Oznake su izra\u0111ene da izdr\u017ee industrijske procese pranja rublja. S kapacitetom da izdr\u017ee ekstremne temperature, deterd\u017eente i uvjete su\u0161enja, dizajnirani su za te\u0161ke uvjete rada.<\/li>\n<li><strong>Periva priroda<\/strong>: Ove\u00a0<strong>RFID oznake koje se mogu prati<\/strong>\u00a0zadr\u017eavaju svoj integritet \u010dak i nakon ponovljenih pranja, \u0161to ih \u010dini idealnim za svaki sustav upravljanja tekstilom. Mogu podnijeti do\u00a0<strong>200 ciklusa pranja<\/strong>\u00a0bez gubitka funkcionalnosti.<\/li>\n<li><strong>RFID visokih performansi<\/strong>: Kori\u0161tenje najsuvremenijeg\u00a0<strong>UHF tehnologija<\/strong>, ove oznake pru\u017eaju robusnu udaljenost \u010ditanja, olak\u0161avaju\u0107i u\u010dinkovito pra\u0107enje i upravljanje tekstilom.<\/li>\n<\/ul>\n<\/div>\n<h3>Klju\u010dne prednosti RFID platnenih oznaka<\/h3>\n<p>Jedna od istaknutih prednosti tekstila\u00a0<strong>RFID oznake za posteljinu<\/strong>\u00a0je njihova sposobnost da pobolj\u0161aju to\u010dnost upravljanja zalihama. Automatiziranjem procesa pra\u0107enja, tvrtke mogu zna\u010dajno smanjiti rizik od nestalih ili zagubljenih stavki. \u0160tovi\u0161e, ove oznake pobolj\u0161avaju vidljivost imovine, omogu\u0107uju\u0107i praonicama rublja da zadr\u017ee transparentnost u svom radu.<\/p>\n<p>Jo\u0161 jedna kriti\u010dna prednost je potencijal u\u0161tede. Uz automatizirano pra\u0107enje, tro\u0161kovi rada povezani s ru\u010dnim provjerama inventara zna\u010dajno se smanjuju. Dugoro\u010dna pouzdanost ovih oznaka tako\u0111er dodaje vrijednost, jer se mogu ponovno koristiti u vi\u0161e ciklusa pranja rublja, osiguravaju\u0107i tvrtkama maksimiziranje ulaganja.<\/p>\n<\/div>\n<div class=\"auto-hide-last-sibling-br paragraph_1252f paragraph-element\">\n<div data-spm-anchor-id=\"a2700.details.0.i57.23b419c7xXORP0\">Ova impresivna izdr\u017eljivost dolazi s jamstvom odr\u017eavanja izvanrednih svojstava pra\u0107enja i inventara tijekom \u017eivotnog vijeka posteljine, odje\u0107e i drugih tekstilnih predmeta. Stoga slu\u017ee kao u\u010dinkovit i pouzdan alat za osiguravanje besprijekornog pra\u0107enja, pravovremenog odr\u017eavanja i u\u010dinkovitog upravljanja zalihama raznih tkanina u razli\u010ditim okru\u017eenjima, maksimiziraju\u0107i njihov \u017eivotni ciklus i olak\u0161avaju\u0107i nesmetan rad.<\/div>\n<\/div>\n<div data-spm-anchor-id=\"a2700.details.0.i57.23b419c7xXORP0\">\n<h3>Trajnost i mogu\u0107nost pranja RFID oznaka<\/h3>\n<p>Kad je rije\u010d o\u00a0<strong>izdr\u017eljivost<\/strong>, RFID oznake mogu se pohvaliti robusnim dizajnom koji mo\u017ee izdr\u017eati izazove koje postavlja komercijalno pranje rublja. Uz mogu\u0107nost podno\u0161enja visokih temperatura i agresivnih kemijskih izlaganja, kao \u0161to su izbjeljiva\u010d i omek\u0161iva\u010di, optimizirani su za procese pranja i su\u0161enja.<\/p>\n<p>The\u00a0<strong>periva priroda<\/strong>\u00a0ovih oznaka zna\u010di da se mogu neprimjetno integrirati u va\u0161e postoje\u0107e rublje. Ova prilagodljivost omogu\u0107uje jednostavno pri\u010dvr\u0161\u0107ivanje na odje\u0107u i posteljinu putem \u0161ivanja ili nano\u0161enja ljepila, \u010dime se izbjegavaju bilo kakvi poreme\u0107aji u funkcionalnosti ili izgledu va\u0161ih tekstilnih predmeta.<\/p>\n<\/div>\n<div data-spm-anchor-id=\"a2700.details.0.i57.23b419c7xXORP0\"><\/div>\n<h3 class=\"wp-block-heading\">Monta\u017ea<\/h3>\n<p><strong>Ozna\u010davanje \u0161avova<\/strong>: Za u\u0161ivanje u porub tkanine. Za\u0161ijte oznaku za rublje dalje od linija presavijanja.<br \/>\n<strong>Toplinsko brtvljenje<\/strong>: Toplinsko zavarivanje izravno na tekstil na +200\u00b0C (392\u00b0F), 12~14s.<br \/>\n<strong>U vre\u0107ici<\/strong>: Za\u0161iti se kao standardna naljepnica za odr\u017eavanje. Za\u0161ijte oznaku za rublje dalje od linija presavijanja.<\/p>\n<div class=\"auto-hide-last-sibling-br paragraph_1252f paragraph-element\">\n<h2 class=\"auto-hide-last-sibling-br paragraph_1252f paragraph-element\"><strong>Upotreba tekstilne perive UHF RFID oznake za rublje<\/strong><\/h2>\n<ol class=\"auto-hide-last-sibling-br\">\n<li>Industrijska praonica rublja: Pojednostavlja procese \u010di\u0161\u0107enja i logistiku distribucije uniformnog rublja.<\/li>\n<li>Ugostiteljski sektor: Pobolj\u0161ava upravljanje sustavima za pranje hotelskog namje\u0161taja i ru\u010dnika.<\/li>\n<li>Zdravstvena industrija: Poma\u017ee u organizaciji i odr\u017eavanju bolni\u010dke i zdravstvene odje\u0107e.<\/li>\n<\/ol>\n<h3>Razmatranja okoli\u0161a<\/h3>\n<p>Kori\u0161tenje\u00a0<strong>RFID oznake za posteljinu<\/strong>\u00a0tako\u0111er doprinosi odr\u017eivosti okoli\u0161a. Sposobnost ponovne upotrebe i pra\u0107enja posteljine poma\u017ee u smanjenju otpada, osiguravaju\u0107i da se predmeti u\u010dinkovito koriste tijekom svog \u017eivotnog ciklusa. \u0160tovi\u0161e, trajnost ovih oznaka zna\u010di manje zamjena, \u0161to smanjuje utjecaj na okoli\u0161 povezan sa stalnom proizvodnjom i odlaganjem.<\/p>\n<h3>\u010cesto postavljana pitanja o RFID oznakama za posteljinu<\/h3>\n<p><strong>P: Koliko ciklusa pranja oznake mogu izdr\u017eati?<\/strong><br \/>\nO: Na\u0161\u00a0<strong>RFID oznake za posteljinu<\/strong>\u00a0dizajnirani su za odr\u017eavanje funkcionalnosti \u010dak i nakon\u00a0<strong>200 ciklusa pranja<\/strong>, \u0161to ih \u010dini vrlo izdr\u017eljivima za dugotrajnu upotrebu.<\/p>\n<p><strong>P: Mogu li se oznake u\u0161iti u bilo koju tkaninu?<\/strong><br \/>\nO: Da, oznake se mogu neprimjetno integrirati s razli\u010ditim tekstilnim materijalima, osiguravaju\u0107i da ostanu pri\u010dvr\u0161\u0107ene tijekom vi\u0161estrukih procesa pranja rublja.<\/p>\n<p><strong>P: Je li RFID tehnologija pouzdana za pra\u0107enje posteljine?<\/strong><br \/>\nO: Apsolutno! RFID oznake nude neusporedivu to\u010dnost pra\u0107enja, minimiziraju\u0107i gubitke i poma\u017eu\u0107i u u\u010dinkovitom upravljanju inventarom.<\/p>\n<h3>Zaklju\u010dak<\/h3>\n<p>Zaklju\u010dno,\u00a0<strong>Tekstilne UHF RFID lanene oznake<\/strong>\u00a0predstavljaju budu\u0107nost upravljanja praonicama rublja. Pobolj\u0161anjem u\u010dinkovitosti pra\u0107enja, trajnosti i isplativosti, slu\u017ee kao vitalni alati za svako poslovanje koje se oslanja na posteljinu i odje\u0107u. Uz naprednu tehnologiju i robusnu izvedbu, ove RFID oznake dizajnirane su kako bi zadovoljile zahtjeve modernih praonica rublja.<\/p>\n<\/div>","protected":false},"excerpt":{"rendered":"<p>Tekstilne UHF RFID oznake za rublje tako\u0111er se mogu nazvati RAIN RFID tekstilnim oznakama za pranje rublja, koje su pomno dizajnirane da dosljedno rade u te\u0161kim uvjetima obrade rublja, kao \u0161to su sterilizacija, izlaganje toplini, \u010di\u0161\u0107enje, su\u0161enje i gla\u010danje. Ove oznake ne samo da mogu izdr\u017eati stotine ciklusa pranja, ve\u0107 tako\u0111er odr\u017eavaju izvrsne i dosljedne performanse RFID-a \u010dak i nakon nebrojenih krugova pranja.<\/p>","protected":false},"featured_media":168,"template":"","meta":{"_kad_post_transparent":"default","_kad_post_title":"","_kad_post_layout":"default","_kad_post_sidebar_id":"","_kad_post_content_style":"default","_kad_post_vertical_padding":"default","_kad_post_feature":"","_kad_post_feature_position":"","_kad_post_header":false,"_kad_post_footer":false,"_kad_post_classname":""},"product_brand":[],"product_cat":[19],"product_tag":[31,312,65,30],"class_list":{"0":"post-167","1":"product","2":"type-product","3":"status-publish","4":"has-post-thumbnail","6":"product_cat-textile-rfid-laundry-tag","7":"product_tag-rfid-tag-for-linen-laundry","8":"product_tag-rfid-tags","9":"product_tag-textile-rfid-laundry-tags","10":"product_tag-uhf-rfid-laundry-tag","12":"first","13":"instock","14":"featured","15":"shipping-taxable","16":"product-type-simple","17":"entry","18":"content-bg","19":"loop-entry"},"_links":{"self":[{"href":"https:\/\/rfid-laundry-tag.com\/hr\/wp-json\/wp\/v2\/product\/167","targetHints":{"allow":["GET"]}}],"collection":[{"href":"https:\/\/rfid-laundry-tag.com\/hr\/wp-json\/wp\/v2\/product"}],"about":[{"href":"https:\/\/rfid-laundry-tag.com\/hr\/wp-json\/wp\/v2\/types\/product"}],"version-history":[{"count":3,"href":"https:\/\/rfid-laundry-tag.com\/hr\/wp-json\/wp\/v2\/product\/167\/revisions"}],"predecessor-version":[{"id":2680,"href":"https:\/\/rfid-laundry-tag.com\/hr\/wp-json\/wp\/v2\/product\/167\/revisions\/2680"}],"wp:featuredmedia":[{"embeddable":true,"href":"https:\/\/rfid-laundry-tag.com\/hr\/wp-json\/wp\/v2\/media\/168"}],"wp:attachment":[{"href":"https:\/\/rfid-laundry-tag.com\/hr\/wp-json\/wp\/v2\/media?parent=167"}],"wp:term":[{"taxonomy":"product_brand","embeddable":true,"href":"https:\/\/rfid-laundry-tag.com\/hr\/wp-json\/wp\/v2\/product_brand?post=167"},{"taxonomy":"product_cat","embeddable":true,"href":"https:\/\/rfid-laundry-tag.com\/hr\/wp-json\/wp\/v2\/product_cat?post=167"},{"taxonomy":"product_tag","embeddable":true,"href":"https:\/\/rfid-laundry-tag.com\/hr\/wp-json\/wp\/v2\/product_tag?post=167"}],"curies":[{"name":"radni list","href":"https:\/\/api.w.org\/{rel}","templated":true}]}}