{"id":163,"date":"2024-06-15T11:55:44","date_gmt":"2024-06-15T11:55:44","guid":{"rendered":"https:\/\/rfid-laundry-tag.com\/?post_type=product&#038;p=163"},"modified":"2024-06-15T12:33:50","modified_gmt":"2024-06-15T12:33:50","slug":"laundry-tag-rfid-silicon","status":"publish","type":"product","link":"https:\/\/rfid-laundry-tag.com\/hr\/laundry-tag-rfid-silicon\/","title":{"rendered":"Oznaka za pranje RFID silikona"},"content":{"rendered":"<table style=\"font-family: var(--global-body-font-family);\" width=\"537\">\n<tbody>\n<tr>\n<td width=\"228\">Ime<\/td>\n<td width=\"309\">Oznaka za pranje RFID silikona<\/td>\n<\/tr>\n<tr>\n<td width=\"228\">Na\u010din rada<\/td>\n<td width=\"309\">SL-01<\/td>\n<\/tr>\n<tr>\n<td width=\"228\">Materijal<\/td>\n<td width=\"309\">Silikon<\/td>\n<\/tr>\n<tr>\n<td width=\"228\">Boja<\/td>\n<td width=\"309\">Bijela (ili prilago\u0111ena)<\/td>\n<\/tr>\n<tr>\n<td width=\"228\">Veli\u010dina<\/td>\n<td width=\"309\">55mm*12mm, 2,5mm debljine<\/td>\n<\/tr>\n<tr>\n<td width=\"228\">\u010cip<\/td>\n<td width=\"309\">915Mhz NXP U kod 9, Alien H3, H9 itd<\/td>\n<\/tr>\n<tr>\n<td width=\"228\">Radna temperatura<\/td>\n<td width=\"309\">\u2013 25\u00baC do +75\u00baC<\/td>\n<\/tr>\n<tr>\n<td width=\"228\">Ciklus pranja<\/td>\n<td width=\"309\">200 puta<\/td>\n<\/tr>\n<tr>\n<td width=\"228\">Vodootporan<\/td>\n<td width=\"309\">Da<\/td>\n<\/tr>\n<tr>\n<td width=\"228\">Otpornost na kemikalije<\/td>\n<td width=\"309\">Da<\/td>\n<\/tr>\n<\/tbody>\n<\/table>\n<p data-spm-anchor-id=\"a2700.details.0.i116.60201a70jOXdOd\">\n<p data-spm-anchor-id=\"a2700.details.0.i116.60201a70jOXdOd\"><strong>Primjena:<\/strong><\/p>\n<ol class=\"auto-hide-last-sibling-br\">\n<li>\n<div class=\"auto-hide-last-sibling-br paragraph_1252f paragraph-element\">Perive i vi\u0161ekratne: Ove oznake napravljene su da izdr\u017ee vi\u0161estruke cikluse pranja, \u0161to ih \u010dini isplativim rje\u0161enjem za dugotrajnu upotrebu.<\/div>\n<\/li>\n<li>\n<div class=\"auto-hide-last-sibling-br paragraph_1252f paragraph-element\">Napravljeni za te\u0161ke uvjete pranja rublja: Posebno su dizajnirani da izdr\u017ee te\u0161ke uvjete u kojima se odvija pranje rublja.<\/div>\n<\/li>\n<li>\n<div class=\"auto-hide-last-sibling-br paragraph_1252f paragraph-element\">Otporna svojstva: Ove oznake su otporne na vlagu, mogu tolerirati visoke temperature i otporne su na razne kemikalije, osiguravaju\u0107i nesmetano funkcioniranje u razli\u010ditim uvjetima.<\/div>\n<\/li>\n<li>\n<div class=\"auto-hide-last-sibling-br paragraph_1252f paragraph-element\">Ekolo\u0161ki prihvatljiv silikonski materijal: Izra\u0111ene od ekolo\u0161ki prihvatljivog silikona, ove oznake su bezopasne za ljudsko tijelo i okoli\u0161, u skladu sa svjesnom potro\u0161njom i odr\u017eivim praksama.<\/div>\n<\/li>\n<li>\n<div class=\"auto-hide-last-sibling-br paragraph_1252f paragraph-element\">\u0160iroke primjene: Ove se oznake mogu prakti\u010dno koristiti za upravljanje odje\u0107om, pobolj\u0161anje sigurnosnih kontrola i optimiziranje operacija u praonicama rublja (uklju\u010duju\u0107i industrijske praonice rublja), pru\u017eaju\u0107i vrhunsku u\u010dinkovitost i kontrolu.<\/div>\n<\/li>\n<\/ol>\n<div class=\"auto-hide-last-sibling-br paragraph_1252f paragraph-element\">Silikonska RFID oznaka za pranje rublja, koja radi u frekvencijskom rasponu od 860~960MHz, posebno je projektirana da izdr\u017ei visoke temperature i jake pritiske tipi\u010dne za procese \u010di\u0161\u0107enja. Njegova \u0161iroka upotreba mo\u017ee se prona\u0107i u rigoroznim okru\u017eenjima koja zahtijevaju otpornost na visoke razine topline, koroziju i habanje, osobito u praonicama rublja, operacijama industrijskog \u010di\u0161\u0107enja i drugima.<\/div>\n<p>&nbsp;<\/p>\n<div class=\"auto-hide-last-sibling-br paragraph_1252f paragraph-element\">Ove RFID oznake za pranje rublja imaju jedinstvenu mogu\u0107nost neprimjetne integracije u razne tekstilne predmete, uklju\u010duju\u0107i ko\u0161ulje, radne uniforme, posteljinu i druge proizvode na bazi tkanina. Kao takvi, oni nude sna\u017eno i u\u010dinkovito rje\u0161enje za pra\u0107enje i upravljanje \u0161irokom paletom tekstilnih proizvoda u raznim industrijama.<\/div>\n<p>&nbsp;<\/p>","protected":false},"excerpt":{"rendered":"<p>RFID silicijske oznake za pranje rublja obi\u010dno se koriste u operacijama visokog intenziteta kao \u0161to su industrijski procesi pranja rublja, upravljanje hotelskom posteljinom i pra\u0107enje medicinskih uniformi. Ove oznake poznate su po svojoj fleksibilnosti i otpornosti na visoke temperature, dizajnirane da izdr\u017ee vi\u0161e od 200 ciklusa pranja, osiguravaju\u0107i pouzdan rad \u010dak i pod najzahtjevnijim uvjetima.<\/p>","protected":false},"featured_media":164,"template":"","meta":{"_kad_post_transparent":"default","_kad_post_title":"","_kad_post_layout":"default","_kad_post_sidebar_id":"","_kad_post_content_style":"default","_kad_post_vertical_padding":"default","_kad_post_feature":"","_kad_post_feature_position":"","_kad_post_header":false,"_kad_post_footer":false,"_kad_post_classname":""},"product_brand":[],"product_cat":[20,16],"product_tag":[76,62,61],"class_list":{"0":"post-163","1":"product","2":"type-product","3":"status-publish","4":"has-post-thumbnail","6":"product_cat-silicone-rfid-laundry-tag","7":"product_cat-uhf-rfid-laundry-tags","8":"product_tag-laundry-tag-rfid-silicon","9":"product_tag-silicone-rfid-laundry-tag","10":"product_tag-silicone-washable-rfid-laundry-tag","12":"first","13":"instock","14":"shipping-taxable","15":"product-type-simple","16":"entry","17":"content-bg","18":"loop-entry"},"_links":{"self":[{"href":"https:\/\/rfid-laundry-tag.com\/hr\/wp-json\/wp\/v2\/product\/163","targetHints":{"allow":["GET"]}}],"collection":[{"href":"https:\/\/rfid-laundry-tag.com\/hr\/wp-json\/wp\/v2\/product"}],"about":[{"href":"https:\/\/rfid-laundry-tag.com\/hr\/wp-json\/wp\/v2\/types\/product"}],"version-history":[{"count":0,"href":"https:\/\/rfid-laundry-tag.com\/hr\/wp-json\/wp\/v2\/product\/163\/revisions"}],"wp:featuredmedia":[{"embeddable":true,"href":"https:\/\/rfid-laundry-tag.com\/hr\/wp-json\/wp\/v2\/media\/164"}],"wp:attachment":[{"href":"https:\/\/rfid-laundry-tag.com\/hr\/wp-json\/wp\/v2\/media?parent=163"}],"wp:term":[{"taxonomy":"product_brand","embeddable":true,"href":"https:\/\/rfid-laundry-tag.com\/hr\/wp-json\/wp\/v2\/product_brand?post=163"},{"taxonomy":"product_cat","embeddable":true,"href":"https:\/\/rfid-laundry-tag.com\/hr\/wp-json\/wp\/v2\/product_cat?post=163"},{"taxonomy":"product_tag","embeddable":true,"href":"https:\/\/rfid-laundry-tag.com\/hr\/wp-json\/wp\/v2\/product_tag?post=163"}],"curies":[{"name":"radni list","href":"https:\/\/api.w.org\/{rel}","templated":true}]}}