{"id":159,"date":"2024-06-15T08:13:31","date_gmt":"2024-06-15T08:13:31","guid":{"rendered":"https:\/\/rfid-laundry-tag.com\/?post_type=product&#038;p=159"},"modified":"2024-08-14T16:18:47","modified_gmt":"2024-08-14T16:18:47","slug":"nfc-laundry-token-ntag216","status":"publish","type":"product","link":"https:\/\/rfid-laundry-tag.com\/hr\/nfc-laundry-token-ntag216\/","title":{"rendered":"NFC token za pranje rublja-NTAG216"},"content":{"rendered":"<div class=\"J_module\">\n<div class=\"ife-detail-decorate-table\">\n<table class=\"has-title all magic-6\">\n<tbody>\n<tr>\n<td colspan=\"1\" rowspan=\"1\">\n<div class=\"magic-7\" data-spm-anchor-id=\"a2700.details.0.i45.77607d98vZbcDU\"><span class=\"magic-8\" style=\"color: #363535;\">Ime proizvoda<\/span><\/div>\n<\/td>\n<td colspan=\"1\" rowspan=\"1\">\n<div class=\"magic-9\">NFC token za pranje rublja \u2013 NTAG216<\/div>\n<\/td>\n<\/tr>\n<tr>\n<td colspan=\"1\" rowspan=\"1\">\n<div class=\"magic-7\"><span class=\"magic-10\" data-spm-anchor-id=\"a2700.pc-decorate.0.i10.28d333330XLbTD\"><span class=\"magic-8\">Materijal<\/span><\/span><\/div>\n<\/td>\n<td colspan=\"1\" rowspan=\"1\">\n<div class=\"magic-9\"><span class=\"magic-8\">PPS<\/span><\/div>\n<\/td>\n<\/tr>\n<tr>\n<td colspan=\"1\" rowspan=\"1\">\n<div class=\"magic-7\"><span class=\"magic-8\">Boja<\/span><\/div>\n<\/td>\n<td colspan=\"1\" rowspan=\"1\">\n<div class=\"magic-9\"><span class=\"magic-8\">Crna, \u017euta itd<\/span><\/div>\n<\/td>\n<\/tr>\n<tr>\n<td colspan=\"1\" rowspan=\"1\">MOQ<\/td>\n<td colspan=\"1\" rowspan=\"1\">500kom<\/td>\n<\/tr>\n<tr>\n<td colspan=\"1\" rowspan=\"1\">\n<div class=\"magic-7\"><span class=\"magic-8\">Proizvo\u0111a\u010d\/\u010dip<\/span><\/div>\n<\/td>\n<td colspan=\"1\" rowspan=\"1\">\n<div class=\"magic-9\"><span class=\"magic-8\">NXP Ntag213, Ntag215, Ntag216, Mifare Ultralight ev1 itd<\/span><\/div>\n<\/td>\n<\/tr>\n<tr>\n<td colspan=\"1\" rowspan=\"1\">\n<div class=\"magic-7\"><span class=\"magic-8\">Frekvencija<\/span><\/div>\n<\/td>\n<td colspan=\"1\" rowspan=\"1\">\n<div class=\"magic-9\"><span class=\"magic-8\">13,56MHz<\/span><\/div>\n<\/td>\n<\/tr>\n<tr>\n<td colspan=\"1\" rowspan=\"1\">\n<div class=\"magic-7\"><span class=\"magic-8\">Memorija<\/span><\/div>\n<\/td>\n<td colspan=\"1\" rowspan=\"1\">\n<div class=\"magic-9\"><span class=\"magic-8\">144 bajta, 504 bajta, 888 bajta, 64 bajta itd<\/span><\/div>\n<\/td>\n<\/tr>\n<tr>\n<td colspan=\"1\" rowspan=\"1\">\n<div class=\"magic-7\"><span class=\"magic-8\">Pro\u010ditajte Udaljenost<\/span><\/div>\n<\/td>\n<td colspan=\"1\" rowspan=\"1\">\n<div class=\"magic-9\"><span class=\"magic-8\">1~5 cm<\/span><\/div>\n<\/td>\n<\/tr>\n<tr>\n<td colspan=\"1\" rowspan=\"1\">\n<div class=\"magic-7\"><span class=\"magic-8\">Na\u010din rada<\/span><\/div>\n<\/td>\n<td colspan=\"1\" rowspan=\"1\">\n<div class=\"magic-9\"><span class=\"magic-8\">pasivno<\/span><\/div>\n<\/td>\n<\/tr>\n<tr>\n<td colspan=\"1\" rowspan=\"1\">\n<div class=\"magic-7\"><span class=\"magic-8\">Radna temperatura<\/span><\/div>\n<\/td>\n<td colspan=\"1\" rowspan=\"1\">\n<div class=\"magic-9\"><span class=\"magic-8\">-25\u2103~+110\u2103<\/span><\/div>\n<\/td>\n<\/tr>\n<tr>\n<td colspan=\"1\" rowspan=\"1\">\n<div class=\"magic-7\"><span class=\"magic-8\">Temperatura skladi\u0161tenja<\/span><\/div>\n<\/td>\n<td colspan=\"1\" rowspan=\"1\">\n<div class=\"magic-9\"><span class=\"magic-8\">-40\u2103~+85\u2103<\/span><\/div>\n<\/td>\n<\/tr>\n<tr>\n<td colspan=\"1\" rowspan=\"1\">\n<div class=\"magic-7\">\n<div><span class=\"magic-8\">\u00a0<\/span><\/div>\n<p><span class=\"magic-8\">Kratkotrajna temperaturna otpornost<\/span><\/p>\n<\/div>\n<\/td>\n<td colspan=\"1\" rowspan=\"1\">\n<div class=\"magic-9\"><span class=\"magic-8\">pranje: 90\u2103, 15 minuta; predsu\u0161enje pretvara\u010da: 180 \u2103, 30 minuta, 200 puta; gla\u010danje: 180 \u2103, 10 sekundi, 200 puta; visoka<br \/>\ntemperatura sterilizacije: 135 \u2103, 20 minuta<\/span><\/div>\n<\/td>\n<\/tr>\n<tr>\n<td colspan=\"1\" rowspan=\"1\">\n<div class=\"magic-7\"><span class=\"magic-8\">Zna\u010dajke<\/span><\/div>\n<\/td>\n<td colspan=\"1\" rowspan=\"1\">\n<div class=\"magic-9\"><span class=\"magic-8\">vodootporan, periv, otporan na visoke temperature<\/span><\/div>\n<\/td>\n<\/tr>\n<tr>\n<td colspan=\"1\" rowspan=\"1\">\n<div class=\"magic-7\"><span class=\"magic-8\">\u017divot<\/span><\/div>\n<\/td>\n<td colspan=\"1\" rowspan=\"1\">\n<div class=\"magic-9\"><span class=\"magic-8\">pranje 200 puta ili 3 godine<\/span><\/div>\n<\/td>\n<\/tr>\n<tr>\n<td colspan=\"1\" rowspan=\"1\">\n<div class=\"magic-7\"><span class=\"magic-8\">Prijave<\/span><\/div>\n<\/td>\n<td colspan=\"1\" rowspan=\"1\">\n<div class=\"magic-9\"><span class=\"magic-8\">upravljanje praonicama i pra\u0107enje<\/span><\/div>\n<\/td>\n<\/tr>\n<\/tbody>\n<\/table>\n<\/div>\n<\/div>\n<div class=\"J_module\">\n<div class=\"detail-decorate-json-renderer-container\">\n<div class=\"magic-1\">\n<div>\n<div><\/div>\n<\/div>\n<div class=\"magic-2\">\n<div class=\"auto-hide-last-sibling-br paragraph_1252f paragraph-element\">\n<div class=\"auto-hide-last-sibling-br paragraph_1252f paragraph-element\">\n<p>NTAG 213, NTAG 215 i NTAG 216 razvio je NXP<sup>\u00ae<\/sup>\u00a0Poluvodi\u010di kao standardni NFC tag IC-ovi koji se koriste u aplikacijama masovnog tr\u017ei\u0161ta kao \u0161to su maloprodaja, igre i potro\u0161a\u010dka elektronika, u kombinaciji s NFC ure\u0111ajima ili NFC-kompatibilnim ure\u0111ajima za blizinsko spajanje. NTAG 213, NTAG 215 i NTAG 216 (od sada, op\u0107enito zvani NTAG 21x) dizajnirani su za potpunu uskla\u0111enost s NFC Forum Type 2 Tag i ISO\/IEC14443 Type A specifikacijama.<\/p>\n<p>Ciljane aplikacije uklju\u010duju pametno ogla\u0161avanje izvan doma i tiskanih medija, SoLoMo aplikacije, autentifikaciju proizvoda, NFC oznake na policama i oznake mobilnih pratitelja.<\/p>\n<p>Slu\u010dajevi ciljane upotrebe uklju\u010duju pametno ogla\u0161avanje izvan ku\u0107e, autentifikaciju proizvoda, mobilne prate\u0107e oznake, Bluetooth<sup>\u00ae<\/sup>\u00a0ili Wi-Fi uparivanje, elektroni\u010dke oznake na policama i posjetnice. NTAG 21x memorija tako\u0111er se mo\u017ee segmentirati za implementaciju vi\u0161e aplikacija u isto vrijeme.<\/p>\n<p>Zahvaljuju\u0107i visokom ulaznom kapacitetu, NTAG 21x tag ICs su posebno skrojeni za aplikacije koje zahtijevaju male povr\u0161ine, bez kompromisa u performansama. Male NFC oznake mogu se lak\u0161e ugraditi u npr. oznake proizvoda ili elektroni\u010dke ure\u0111aje.<\/p>\n<p>Mehani\u010dke i elektri\u010dne specifikacije NTAG 21x prilago\u0111ene su zahtjevima proizvo\u0111a\u010da inleja i oznaka.<\/p>\n<h3>Beskontaktni prijenos energije i podataka<\/h3>\n<p>Komunikacija s NTAG 21x mo\u017ee se uspostaviti samo kada je IC spojen na antenu.<\/p>\n<p>Kada je NTAG 21x pozicioniran u RF polju, RF komunikacijsko su\u010delje velike brzine omogu\u0107uje prijenos podataka brzinom prijenosa od 106 kbit\/s.<\/p>\n<h3>Jednostavna implementacija i pogodnost za korisnika<\/h3>\n<p>NTAG 21x nudi specifi\u010dne zna\u010dajke osmi\u0161ljene za pobolj\u0161anje integracije i korisni\u010dke pogodnosti:<\/p>\n<ul>\n<li>Mogu\u0107nost brzog \u010ditanja omogu\u0107uje skeniranje cijele NDEF poruke sa samo jednom naredbom FAST_READ, \u010dime se smanjuje optere\u0107enje u proizvodnim okru\u017eenjima visoke propusnosti<\/li>\n<li>Pobolj\u0161ana RF izvedba omogu\u0107uje ve\u0107u fleksibilnost u izboru oblika, dimenzija i materijala<\/li>\n<li>Opcija za debljinu IC od 75 \u03bcm omogu\u0107uje proizvodnju ultratankih oznaka za prakti\u010dniju integraciju u npr. \u010dasopise ili kartice za igranje<\/li>\n<\/ul>\n<h3>Sigurnost<\/h3>\n<ul>\n<li>Proizvo\u0111a\u010d je programirao 7-bajtni UID za svaki ure\u0111aj<\/li>\n<li>Spremnik unaprijed programiranih mogu\u0107nosti s jednokratno programabilnim bitovima<\/li>\n<li>Programabilna funkcija zaklju\u010davanja samo za \u010ditanje<\/li>\n<li>Potpis izvornosti temeljen na ECC-u<\/li>\n<li>32-bitna za\u0161tita lozinkom za sprje\u010davanje neovla\u0161tenih operacija memorije<\/li>\n<\/ul>\n<h3>Sukladnost tipa NFC Forum Tag 2<\/h3>\n<p>NTAG 21x IC pru\u017ea potpunu uskla\u0111enost s tehni\u010dkom specifikacijom tipa NFC Forum Tag 2 i omogu\u0107uje konfiguracije NDEF strukture podataka.<\/p>\n<h3>Za\u0161tita od sudara<\/h3>\n<p>Inteligentna funkcija protiv sudara omogu\u0107uje rad s vi\u0161e od jedne oznake u polju istovremeno. Algoritam protiv kolizije odabire svaku oznaku pojedina\u010dno i osigurava da se izvr\u0161enje transakcije s odabranom oznakom izvodi ispravno bez ometanja druge oznake u polju.<\/p>\n<h3>Zna\u010dajke<\/h3>\n<div id=\"featuresXsp\" class=\"features-list toggle-opacity in\">\n<div class=\"features-xsp\">\n<div class=\"collapse-mobile ste-list-ul\">\n<ul class=\"boxes\">\n<li>Beskontaktni prijenos podataka i opskrba energijom<\/li>\n<li>Radna frekvencija od 13,56 MHz<\/li>\n<li>Prijenos podataka od 106 kbit\/s<\/li>\n<li>Cjelovitost podataka 16-bitnog CRC-a, paritet, kodiranje bitova, brojanje bitova<\/li>\n<li>Radna udaljenost do 100 mm (ovisno o razli\u010ditim parametrima kao \u0161to su npr. jakost polja i geometrija antene)<\/li>\n<li>7-bajtni serijski broj (kaskadna razina 2 prema ISO\/IEC 14443-3)<\/li>\n<li>UID ASCII zrcalo za automatsku serijalizaciju NDEF poruka<\/li>\n<li>Automatski NFC broja\u010d aktiviran naredbom za \u010ditanje<\/li>\n<li>ASCII zrcalo NFC broja\u010da za automatsko dodavanje vrijednosti NFC broja\u010da u NDEF poruku<\/li>\n<li>Potpis izvornosti temeljen na ECC-u<\/li>\n<li>Naredba za brzo \u010ditanje<\/li>\n<li>Prava za\u0161tita od sudara<\/li>\n<li>50 pF ulaznog kapaciteta<\/li>\n<\/ul>\n<\/div>\n<div class=\"collapse-mobile ste-list-ul\">\n<ul class=\"boxes\">\n<li>180, 540 ili 924 bajta organiziranih u 45, 135 ili 231 stranice s 4 bajta po stranici<\/li>\n<li>144, 504 ili 888 bajtova slobodno dostupno korisni\u010dko podru\u010dje za \u010ditanje\/pisanje (36, 126 ili 222 stranice)<\/li>\n<li>Spremnik inicijaliziranih mogu\u0107nosti od 4 bajta s jednokratnim programabilnim pristupnim bitovima<\/li>\n<li>Programabilna funkcija zaklju\u010davanja samo za \u010ditanje po stranici za prvih 16 stranica<\/li>\n<li>Programabilna funkcija zaklju\u010davanja samo za \u010ditanje iznad prvih 16 stranica po dvostrukoj stranici za NTAG 213 ili po 16 stranica za NTAG 215 i NTAG 216<\/li>\n<li>Podesiva za\u0161tita lozinkom s opcijskim ograni\u010denjem neuspje\u0161nih poku\u0161aja<\/li>\n<li>Potpora protiv kidanja za spremnik kapaciteta (CC) i nastavke za zaklju\u010davanje<\/li>\n<li>ECC podr\u017eana provjera izvornosti<\/li>\n<li>Vrijeme \u010duvanja podataka 10 godina<\/li>\n<li>Napi\u0161ite izdr\u017eljivost 100 000 ciklusa<\/li>\n<\/ul>\n<\/div>\n<\/div>\n<\/div>\n<\/div>\n<p>&nbsp;<\/p>\n<div class=\"auto-hide-last-sibling-br paragraph_1252f paragraph-element\"><\/div>\n<div class=\"auto-hide-last-sibling-br paragraph_1252f paragraph-element\"><\/div>\n<\/div>\n<\/div>\n<\/div>\n<\/div>\n<\/div>","protected":false},"excerpt":{"rendered":"<p>NFC Laundry Token-NTAG216, poznat i kao PPS perive NFC oznake, izra\u0111ene su za situacije koje zahtijevaju robusnu oznaku sposobnu za rukovanje te\u0161kim radnim okru\u017eenjima.<\/p>","protected":false},"featured_media":160,"template":"","meta":{"_kad_post_transparent":"default","_kad_post_title":"","_kad_post_layout":"default","_kad_post_sidebar_id":"","_kad_post_content_style":"default","_kad_post_vertical_padding":"default","_kad_post_feature":"","_kad_post_feature_position":"","_kad_post_header":false,"_kad_post_footer":false,"_kad_post_classname":""},"product_brand":[],"product_cat":[21,17],"product_tag":[37,74,42,45],"class_list":{"0":"post-159","1":"product","2":"type-product","3":"status-publish","4":"has-post-thumbnail","6":"product_cat-pps-rfid-laundry-tag","7":"product_cat-nfc-rfid-laundry-tag","8":"product_tag-nfc-button","9":"product_tag-nfc-laundry-token-ntag216","10":"product_tag-pps-nfc-laundry-tag","11":"product_tag-pps-washable-nfc-tags","13":"first","14":"instock","15":"shipping-taxable","16":"product-type-simple","17":"entry","18":"content-bg","19":"loop-entry"},"_links":{"self":[{"href":"https:\/\/rfid-laundry-tag.com\/hr\/wp-json\/wp\/v2\/product\/159","targetHints":{"allow":["GET"]}}],"collection":[{"href":"https:\/\/rfid-laundry-tag.com\/hr\/wp-json\/wp\/v2\/product"}],"about":[{"href":"https:\/\/rfid-laundry-tag.com\/hr\/wp-json\/wp\/v2\/types\/product"}],"version-history":[{"count":1,"href":"https:\/\/rfid-laundry-tag.com\/hr\/wp-json\/wp\/v2\/product\/159\/revisions"}],"predecessor-version":[{"id":1317,"href":"https:\/\/rfid-laundry-tag.com\/hr\/wp-json\/wp\/v2\/product\/159\/revisions\/1317"}],"wp:featuredmedia":[{"embeddable":true,"href":"https:\/\/rfid-laundry-tag.com\/hr\/wp-json\/wp\/v2\/media\/160"}],"wp:attachment":[{"href":"https:\/\/rfid-laundry-tag.com\/hr\/wp-json\/wp\/v2\/media?parent=159"}],"wp:term":[{"taxonomy":"product_brand","embeddable":true,"href":"https:\/\/rfid-laundry-tag.com\/hr\/wp-json\/wp\/v2\/product_brand?post=159"},{"taxonomy":"product_cat","embeddable":true,"href":"https:\/\/rfid-laundry-tag.com\/hr\/wp-json\/wp\/v2\/product_cat?post=159"},{"taxonomy":"product_tag","embeddable":true,"href":"https:\/\/rfid-laundry-tag.com\/hr\/wp-json\/wp\/v2\/product_tag?post=159"}],"curies":[{"name":"radni list","href":"https:\/\/api.w.org\/{rel}","templated":true}]}}