{"id":148,"date":"2024-06-14T13:17:06","date_gmt":"2024-06-14T13:17:06","guid":{"rendered":"https:\/\/rfid-laundry-tag.com\/?post_type=product&#038;p=148"},"modified":"2024-06-14T13:36:44","modified_gmt":"2024-06-14T13:36:44","slug":"uhf-rfid-laundry-tag-button","status":"publish","type":"product","link":"https:\/\/rfid-laundry-tag.com\/hr\/uhf-rfid-laundry-tag-button\/","title":{"rendered":"UHF RFID gumb za oznaku rublja"},"content":{"rendered":"<div class=\"J_module\">\n<div class=\"ife-detail-decorate-table\">\n<table class=\"has-title all magic-6\">\n<tbody>\n<tr>\n<td colspan=\"1\" rowspan=\"1\">\n<div class=\"magic-7\" data-spm-anchor-id=\"a2700.details.0.i45.77607d98vZbcDU\"><span class=\"magic-8\" style=\"color: #363535;\">Ime proizvoda<\/span><\/div>\n<\/td>\n<td colspan=\"1\" rowspan=\"1\">\n<div class=\"magic-9\"><strong><span class=\"magic-8\">UHF RFID gumb za oznaku rublja<\/span><\/strong><\/div>\n<\/td>\n<\/tr>\n<tr>\n<td colspan=\"1\" rowspan=\"1\">\n<div class=\"magic-7\"><span class=\"magic-10\" data-spm-anchor-id=\"a2700.pc-decorate.0.i10.28d333330XLbTD\"><span class=\"magic-8\">Materijal<\/span><\/span><\/div>\n<\/td>\n<td colspan=\"1\" rowspan=\"1\">\n<div class=\"magic-9\"><span class=\"magic-8\">PPS<\/span><\/div>\n<\/td>\n<\/tr>\n<tr>\n<td colspan=\"1\" rowspan=\"1\">\n<div class=\"magic-7\"><span class=\"magic-8\">Boja<\/span><\/div>\n<\/td>\n<td colspan=\"1\" rowspan=\"1\">\n<div class=\"magic-9\"><span class=\"magic-8\">Crno<\/span><\/div>\n<\/td>\n<\/tr>\n<tr>\n<td colspan=\"1\" rowspan=\"1\">MOQ<\/td>\n<td colspan=\"1\" rowspan=\"1\">500kom<\/td>\n<\/tr>\n<tr>\n<td colspan=\"1\" rowspan=\"1\">\n<div class=\"magic-7\"><span class=\"magic-8\">Proizvo\u0111a\u010d\/\u010dip<\/span><\/div>\n<\/td>\n<td colspan=\"1\" rowspan=\"1\">\n<div class=\"magic-9\"><span class=\"magic-8\">NXP UCODE 8, UCODE 9, Alien Higgs 9<\/span><\/div>\n<\/td>\n<\/tr>\n<tr>\n<td colspan=\"1\" rowspan=\"1\">\n<div class=\"magic-7\"><span class=\"magic-8\">Frekvencija<\/span><\/div>\n<\/td>\n<td colspan=\"1\" rowspan=\"1\">\n<div class=\"magic-9\"><span class=\"magic-8\">860-960MHz\/<\/span><\/div>\n<\/td>\n<\/tr>\n<tr>\n<td colspan=\"1\" rowspan=\"1\">\n<div class=\"magic-7\"><span class=\"magic-8\">Memorija<\/span><\/div>\n<\/td>\n<td colspan=\"1\" rowspan=\"1\">\n<div class=\"magic-9\"><span class=\"magic-8\">96 bita\/128 bita<\/span><\/div>\n<\/td>\n<\/tr>\n<tr>\n<td colspan=\"1\" rowspan=\"1\">\n<div class=\"magic-7\"><span class=\"magic-8\">Pro\u010ditajte Udaljenost<\/span><\/div>\n<\/td>\n<td colspan=\"1\" rowspan=\"1\">\n<div class=\"magic-9\"><span class=\"magic-8\">1-6m<\/span><\/div>\n<\/td>\n<\/tr>\n<tr>\n<td colspan=\"1\" rowspan=\"1\">\n<div class=\"magic-7\"><span class=\"magic-8\">Na\u010din rada<\/span><\/div>\n<\/td>\n<td colspan=\"1\" rowspan=\"1\">\n<div class=\"magic-9\"><span class=\"magic-8\">pasivno<\/span><\/div>\n<\/td>\n<\/tr>\n<tr>\n<td colspan=\"1\" rowspan=\"1\">\n<div class=\"magic-7\"><span class=\"magic-8\">Radna temperatura<\/span><\/div>\n<\/td>\n<td colspan=\"1\" rowspan=\"1\">\n<div class=\"magic-9\"><span class=\"magic-8\">-25\u2103~+110\u2103<\/span><\/div>\n<\/td>\n<\/tr>\n<tr>\n<td colspan=\"1\" rowspan=\"1\">\n<div class=\"magic-7\"><span class=\"magic-8\">Temperatura skladi\u0161tenja<\/span><\/div>\n<\/td>\n<td colspan=\"1\" rowspan=\"1\">\n<div class=\"magic-9\"><span class=\"magic-8\">-40\u2103~+85\u2103<\/span><\/div>\n<\/td>\n<\/tr>\n<tr>\n<td colspan=\"1\" rowspan=\"1\">\n<div class=\"magic-7\">\n<div><span class=\"magic-8\">\u00a0<\/span><\/div>\n<p><span class=\"magic-8\">Kratkotrajna temperaturna otpornost<\/span><\/p>\n<\/div>\n<\/td>\n<td colspan=\"1\" rowspan=\"1\">\n<div class=\"magic-9\"><span class=\"magic-8\">pranje: 90\u2103, 15 minuta; predsu\u0161enje pretvara\u010da: 180 \u2103, 30 minuta, 200 puta; gla\u010danje: 180 \u2103, 10 sekundi, 200 puta; visoka<br \/>\ntemperatura sterilizacije: 135 \u2103, 20 minuta<\/span><\/div>\n<\/td>\n<\/tr>\n<tr>\n<td colspan=\"1\" rowspan=\"1\">\n<div class=\"magic-7\"><span class=\"magic-8\">Zna\u010dajke<\/span><\/div>\n<\/td>\n<td colspan=\"1\" rowspan=\"1\">\n<div class=\"magic-9\"><span class=\"magic-8\">vodootporan, periv, otporan na visoke temperature<\/span><\/div>\n<\/td>\n<\/tr>\n<tr>\n<td colspan=\"1\" rowspan=\"1\">\n<div class=\"magic-7\"><span class=\"magic-8\">\u017divot<\/span><\/div>\n<\/td>\n<td colspan=\"1\" rowspan=\"1\">\n<div class=\"magic-9\"><span class=\"magic-8\">pranje 200 puta ili 3 godine<\/span><\/div>\n<\/td>\n<\/tr>\n<tr>\n<td colspan=\"1\" rowspan=\"1\">\n<div class=\"magic-7\"><span class=\"magic-8\">Prijave<\/span><\/div>\n<\/td>\n<td colspan=\"1\" rowspan=\"1\">\n<div class=\"magic-9\"><span class=\"magic-8\">upravljanje praonicama i pra\u0107enje<\/span><\/div>\n<\/td>\n<\/tr>\n<\/tbody>\n<\/table>\n<\/div>\n<\/div>\n<div class=\"J_module\">\n<div class=\"detail-decorate-json-renderer-container\">\n<div class=\"magic-1\">\n<div class=\"magic-2\">\n<div class=\"magic-3\">\n<div><\/div>\n<div class=\"magic-4\">\n<div><strong>RFID oznaka gumba<\/strong><\/div>\n<div><\/div>\n<\/div>\n<\/div>\n<div>\n<div class=\"auto-hide-last-sibling-br paragraph_1252f paragraph-element\">PPS oznake za pranje rublja otporne na visoke temperature slu\u017ee kao izvrsno rje\u0161enje za pra\u0107enje u komercijalnim okru\u017eenjima kao \u0161to su kantine i restorani gdje se stalno rukuje velikim koli\u010dinama posu\u0111a.<\/div>\n<\/div>\n<div>\n<div><\/div>\n<\/div>\n<\/div>\n<p><strong>Mogu\u0107nosti \u010dipa:<\/strong><\/p>\n<p><strong>NXP-ov UCODE 8<\/strong> i UCODE 8m IC proizvodi su UCODE obitelji. UCODE 8\/8m nudi visoke performanse i zna\u010dajke za kori\u0161tenje u najzahtjevnijim RFID aplikacijama za ozna\u010davanje.<\/p>\n<p>Osobito prikladan za aplikacije upravljanja zalihama, kao \u0161to su npr. maloprodaja i moda, sa svojim dokazanim RF performansama za bilo koji dani faktor oblika, UCODE 8\/8m omogu\u0107uje veliku udaljenost \u010ditanja i brzi inventar guste populacije RFID oznaka. Sa svojim \u0161irokopojasnim dizajnom, nudi mogu\u0107nost proizvodnje prave globalne RFID naljepnice s visokim performansama u odnosu na svjetske propise.<\/p>\n<p>Ure\u0111aj tako\u0111er nudi zna\u010dajku samopode\u0161avanja, oznaku statusa proizvoda za aplikaciju Electronic Art Surveillance (EAS), pre-serializirani 96-bitni EPC, identifikator marke i naredbu EPC Gen2v2 za \u017ealbu bez mogu\u0107nosti pra\u0107enja.<\/p>\n<div id=\"featuresXsp\" class=\"features-list toggle-opacity in\">\n<div class=\"features-xsp\">\n<div class=\"collapse-mobile ste-list\">\n<h3>Klju\u010dne zna\u010dajke<\/h3>\n<ul class=\"boxes\">\n<li>Osjetljivost o\u010ditanja -23dBm<\/li>\n<li>Osjetljivost pisanja -18dBm<\/li>\n<li>Inovativna funkcionalnost\n<ul>\n<li>Samopode\u0161avanje<\/li>\n<li>Za\u0161tita memorije<\/li>\n<li>Ne mo\u017ee se u\u0107i u trag<\/li>\n<li>Predserijalizacija za 96-bitni EPC<\/li>\n<li>Integrirana zastavica statusa proizvoda (PSF)<\/li>\n<\/ul>\n<\/li>\n<li>Kompatibilan s antenom s jednim prorezom<\/li>\n<li>Do 128-bitni EPC<\/li>\n<li>96-bitni Unique Tag Identifier (TID) tvorni\u010dki zaklju\u010dan, uklju\u010duju\u0107i 48-bitni jedinstveni serijski broj<\/li>\n<li>EPC Gen2v2<\/li>\n<\/ul>\n<\/div>\n<div class=\"collapse-mobile ste-list\">\n<h3>Memorija<\/h3>\n<ul class=\"boxes\">\n<li>128-bit\/96-bit (UCODE 8\/UCODE 8m) EPC memorije<\/li>\n<li>Podr\u017eava predserijalizaciju za 96-bitni EPC<\/li>\n<li>96-bitni Tag IDentifier (TID) tvorni\u010dki zaklju\u010dan<\/li>\n<li>48-bitni jedinstveni serijski broj tvorni\u010dki kodiran u TID<\/li>\n<li>0-bitna\/32-bitna (UCODE 8\/UCODE 8m) korisni\u010dka memorija<\/li>\n<li>32-bitna lozinka za uklanjanje za trajno onemogu\u0107avanje oznake<\/li>\n<li>32-bitna pristupna lozinka<\/li>\n<li>\u0160irok raspon radnih temperatura: -40\u00a0<sup>\u00b0<\/sup>C do +85\u00a0<sup>\u00b0<\/sup>C<\/li>\n<li>EPC Gen2v2<\/li>\n<\/ul>\n<p><strong>NXP-ov UCODE 9<\/strong><\/p>\n<p>Uz UCODE 9, zahtjevne RAIN RFID aplikacije za ozna\u010davanje dobivaju poticaj, tako da trgovci na malo i pametne logisti\u010dke tvrtke mogu ubrzati svoje usvajanje IoT-a.<\/p>\n<p>Sa svojim pove\u0107anim performansama, UCODE 9 omogu\u0107uje u\u010dinkovitije brojanje inventara. Dodatno, UCODE 9 dopu\u0161ta ponovnu upotrebu postoje\u0107ih dizajna antena s ulo\u0161kom UCODE 8, \u0161to nudi jednostavan put migracije s UCODE 8 na UCODE 9.<\/p>\n<p>Njegova ve\u0107a izvedba \u010dipa omogu\u0107uje manje dizajne umetaka \u0161to poma\u017ee u smanjenju upotrebe plastike i aluminija promi\u010du\u0107i time odr\u017eivost okoli\u0161a.<\/p>\n<div class=\"collapse-mobile ste-list\">\n<h3>Klju\u010dne zna\u010dajke<\/h3>\n<ul class=\"boxes\">\n<li>Osjetljivost o\u010ditanja: -24 dBm<\/li>\n<li>Osjetljivost pisanja: -22 dBm<\/li>\n<li>Brzina kodiranja: 32 bita u 0,96 ms<\/li>\n<li>Zamjena antene za UCODE 8<\/li>\n<li>Samopode\u0161avanje<\/li>\n<li>Za\u0161tita memorije<\/li>\n<li>Predserijalizacija 96-bitnog EPC-a<\/li>\n<\/ul>\n<\/div>\n<div class=\"collapse-mobile ste-list\">\n<h3>Memorija<\/h3>\n<ul class=\"boxes\">\n<li>96-bitna EPC memorija<\/li>\n<li>Podr\u017eava predserijalizaciju 96-bitnog EPC-a<\/li>\n<li>96-bitni Tag IDentifier (TID) tvorni\u010dki zaklju\u010dan<\/li>\n<li>48-bitni jedinstveni serijski broj tvorni\u010dki kodiran u TID<\/li>\n<li>32-bitna lozinka za uklanjanje za trajno onemogu\u0107avanje oznake<\/li>\n<li>\u0160irok raspon radnih temperatura: -40 \u00b0C do +85 \u00b0C<\/li>\n<li>Izdr\u017eljivost ciklusa pisanja od 100k<\/li>\n<li>20 godina \u010duvanja podataka<\/li>\n<\/ul>\n<\/div>\n<\/div>\n<\/div>\n<\/div>\n<div class=\"magic-2\">\n<div>\n<div class=\"auto-hide-last-sibling-br paragraph_1252f paragraph-element\">\n<h2>Vanzemaljac Higgs<span class=\"sup\">\u2122<\/span>\u00a09<\/h2>\n<p>RFID oznaka velikog kapaciteta GS1 klase 1 Gen 2<\/p>\n<h4 class=\"alternative\">Izdvajamo<\/h4>\n<ul>\n<li>Sukladno GS1 Class 1 Gen 2 i ISO\/IEC 18000-6C<\/li>\n<li>Rad \u0161irom svijeta u RFID UHF pojasevima (840-960 MHz)<\/li>\n<li>1024-bitna NVM\/RAM memorija<\/li>\n<li>Do 496-EPC bita (nominalno 96 bita)<\/li>\n<li>Do 688 korisni\u010dkih bitova<\/li>\n<li>48-bitni jedinstveni TID<\/li>\n<li>32-bitni pristup i 32-bitni Kill Pass-<br \/>\nrije\u010di<\/li>\n<li>Unaprijed programiran s jedinstvenim, nepromjenjivim<br \/>\nmogu\u0107 48-bitni serijski broj<\/li>\n<li>Korisni\u010dka memorija mo\u017ee se trajno blokirati<br \/>\nZaklju\u010dano, kao i \u010ditanje lozinke pro-<br \/>\nza\u0161ti\u0107eno u 256 bitnim blokovima<\/li>\n<li>Rad male snage za \u010ditanje i<br \/>\nprogram<\/li>\n<li>QuickWrite\u2122 \/ BlastWrite\u2122 \u2013 Velika brzina<br \/>\nprogramiranje \u010dipova i mase<\/li>\n<li>Dynamic AuthenticationTM protiv kloniranja \/<br \/>\ntehnologija protiv krivotvorina<\/li>\n<li>Izuzetan radni domet, do 13m<br \/>\ns odgovaraju\u0107om antenom.<\/li>\n<\/ul>\n<\/div>\n<div class=\"auto-hide-last-sibling-br paragraph_1252f paragraph-element\">UHF RFID PPS Button Oznake za rublje su kompaktni, pero lagani identifikatori dizajnirani za potrebe pra\u0107enja posteljine. Mogu se pri\u010dvrstiti na razne tekstilne predmete kao \u0161to su \u010darape, ko\u0161ulje i ru\u010dnici, a UHF RFID skeneri mogu ih otkriti s udaljenosti od nekoliko metara. Ne samo da ove oznake osiguravaju u\u010dinkovito pra\u0107enje i minimiziraju gubitak predmeta u praonici rublja, ve\u0107 njihov jedinstveni stil gumba olak\u0161ava njihovo pri\u010dvr\u0161\u0107ivanje na odje\u0107u.<\/div>\n<div class=\"auto-hide-last-sibling-br paragraph_1252f paragraph-element\"><\/div>\n<\/div>\n<\/div>\n<\/div>\n<\/div>\n<\/div>","protected":false},"excerpt":{"rendered":"<p>UHF RFID tipka za oznaku rublja radi na 865-867 MHz. Ove oznake su male, lagane i dizajnirane izri\u010dito za pra\u0107enje predmeta za pranje rublja, \u0161to ih \u010dini prikladnima za upravljanje odje\u0107om. Oznake imaju raspon \u010ditanja do 3 m, kako je specificirano.<\/p>","protected":false},"featured_media":149,"template":"","meta":{"_kad_post_transparent":"default","_kad_post_title":"","_kad_post_layout":"default","_kad_post_sidebar_id":"","_kad_post_content_style":"default","_kad_post_vertical_padding":"default","_kad_post_feature":"","_kad_post_feature_position":"","_kad_post_header":false,"_kad_post_footer":false,"_kad_post_classname":""},"product_brand":[],"product_cat":[21,16],"product_tag":[41,35,33,30],"class_list":{"0":"post-148","1":"product","2":"type-product","3":"status-publish","4":"has-post-thumbnail","6":"product_cat-pps-rfid-laundry-tag","7":"product_cat-uhf-rfid-laundry-tags","8":"product_tag-pps-uhf-rfid-laundry-tag","9":"product_tag-rfid-button","10":"product_tag-rfid-laundry-tag-button","11":"product_tag-uhf-rfid-laundry-tag","13":"first","14":"instock","15":"shipping-taxable","16":"product-type-simple","17":"entry","18":"content-bg","19":"loop-entry"},"_links":{"self":[{"href":"https:\/\/rfid-laundry-tag.com\/hr\/wp-json\/wp\/v2\/product\/148","targetHints":{"allow":["GET"]}}],"collection":[{"href":"https:\/\/rfid-laundry-tag.com\/hr\/wp-json\/wp\/v2\/product"}],"about":[{"href":"https:\/\/rfid-laundry-tag.com\/hr\/wp-json\/wp\/v2\/types\/product"}],"version-history":[{"count":0,"href":"https:\/\/rfid-laundry-tag.com\/hr\/wp-json\/wp\/v2\/product\/148\/revisions"}],"wp:featuredmedia":[{"embeddable":true,"href":"https:\/\/rfid-laundry-tag.com\/hr\/wp-json\/wp\/v2\/media\/149"}],"wp:attachment":[{"href":"https:\/\/rfid-laundry-tag.com\/hr\/wp-json\/wp\/v2\/media?parent=148"}],"wp:term":[{"taxonomy":"product_brand","embeddable":true,"href":"https:\/\/rfid-laundry-tag.com\/hr\/wp-json\/wp\/v2\/product_brand?post=148"},{"taxonomy":"product_cat","embeddable":true,"href":"https:\/\/rfid-laundry-tag.com\/hr\/wp-json\/wp\/v2\/product_cat?post=148"},{"taxonomy":"product_tag","embeddable":true,"href":"https:\/\/rfid-laundry-tag.com\/hr\/wp-json\/wp\/v2\/product_tag?post=148"}],"curies":[{"name":"radni list","href":"https:\/\/api.w.org\/{rel}","templated":true}]}}