{"id":145,"date":"2024-06-14T10:04:26","date_gmt":"2024-06-14T10:04:26","guid":{"rendered":"https:\/\/rfid-laundry-tag.com\/?post_type=product&#038;p=145"},"modified":"2024-09-08T04:26:06","modified_gmt":"2024-09-08T04:26:06","slug":"uhf-rfid-textile-label","status":"publish","type":"product","link":"https:\/\/rfid-laundry-tag.com\/hr\/uhf-rfid-textile-label\/","title":{"rendered":"UHF RFID tekstilna naljepnica"},"content":{"rendered":"<div>\n<div class=\"auto-hide-last-sibling-br paragraph_1252f paragraph-element\">\n<table width=\"637\">\n<tbody>\n<tr>\n<td width=\"328\">Ime proizvoda:<\/td>\n<td width=\"309\">UHF RFID tekstilna naljepnica<\/td>\n<\/tr>\n<tr>\n<td width=\"328\">RFID standard:<\/td>\n<td width=\"309\">ISO\/IEC 18000-6 TypeC (EPC Gen2)<\/td>\n<\/tr>\n<tr>\n<td width=\"328\">Veli\u010dina i te\u017eina:<\/td>\n<td width=\"309\">70\u00d715 mm, 0,6g<\/td>\n<\/tr>\n<tr>\n<td width=\"328\">Vrsta \u010dipa:<\/td>\n<td width=\"309\">Impinj Monza 4QT,NXP U KOD 8\uff0cNXP U KOD 9<\/td>\n<\/tr>\n<tr>\n<td width=\"328\">EPC memorija:<\/td>\n<td width=\"309\">128 bita<\/td>\n<\/tr>\n<tr>\n<td width=\"328\">Korisni\u010dka memorija:<\/td>\n<td width=\"309\">512 bita<\/td>\n<\/tr>\n<tr>\n<td width=\"328\">Raspon o\u010ditanja (2W ERP FCC):<\/td>\n<td width=\"309\">8m<\/td>\n<\/tr>\n<tr>\n<td width=\"328\">Raspon o\u010ditanja (2W ERP ETSI):<\/td>\n<td width=\"309\">8m<\/td>\n<\/tr>\n<tr>\n<td width=\"328\">Ozna\u010davanje:<\/td>\n<td width=\"309\">\u0160ivanje, Ljepilo za vru\u0107e \u017eigosanje<\/td>\n<\/tr>\n<tr>\n<td width=\"328\">Procijenjeni \u017eivotni vijek:<\/td>\n<td width=\"309\">200 ciklusa pranja ili 3 godine, \u0161to god nastupi prije<\/td>\n<\/tr>\n<tr>\n<td width=\"328\">Metoda pranja:<\/td>\n<td width=\"309\">Praonica rublja, Kemijsko \u010di\u0161\u0107enje<\/td>\n<\/tr>\n<tr>\n<td width=\"328\">Tlak ekstrakcije vode:<\/td>\n<td width=\"309\">60 bara<\/td>\n<\/tr>\n<tr>\n<td width=\"328\">Otpornost na vodu:<\/td>\n<td width=\"309\">Otporan na vodu<\/td>\n<\/tr>\n<tr>\n<td width=\"328\">Kemijska otpornost:<\/td>\n<td width=\"309\">Deterd\u017eent, omek\u0161iva\u010d, izbjeljiva\u010d (kisik\/ klor), lu\u017eina<\/td>\n<\/tr>\n<tr>\n<td width=\"328\">Prethodno su\u0161enje u posudi:<\/td>\n<td width=\"309\">125 \u00baC 15-20 minuta<\/td>\n<\/tr>\n<tr>\n<td width=\"328\">Temperatura sterilizacije:<\/td>\n<td width=\"309\">135\u00b0C 15-20 minuta<\/td>\n<\/tr>\n<tr>\n<td width=\"328\">Temperatura pranja:<\/td>\n<td width=\"309\">90\u00b0C, do 15 min.<\/td>\n<\/tr>\n<tr>\n<td width=\"328\">Radna vla\u017enost\/temperatura:<\/td>\n<td width=\"309\">-20 do 110\u00b0C, 8 do 95%RH<\/td>\n<\/tr>\n<tr>\n<td width=\"328\">Vla\u017enost\/temperatura-Skladi\u0161tenje:<\/td>\n<td width=\"309\">-40 do 110\u00b0C, 8 do 95%RH<\/td>\n<\/tr>\n<\/tbody>\n<\/table>\n<\/div>\n<div class=\"auto-hide-last-sibling-br paragraph_1252f paragraph-element\"><\/div>\n<\/div>\n<div class=\"auto-hide-last-sibling-br paragraph_1252f paragraph-element\">\n<div data-spm-anchor-id=\"a2700.details.0.i57.23b419c7xXORP0\"><span data-spm-anchor-id=\"a2700.details.0.i75.23b419c7xXORP0\"><b>Zna\u010dajka:<\/b><br \/>\n1) UHF tehnologija za \u010ditanje stotina oznaka istovremeno.<br \/>\n2) Udaljenost za \u010ditanje ve\u0107a od 8 stopa.<br \/>\n3) Novi mehani\u010dki dizajn za pobolj\u0161ane performanse za ravnu posteljinu.<br \/>\n4) Prikladno za visokotla\u010dne ekstraktore do 60 bara.<br \/>\n5) Prikladno za sterilizaciju u autoklavu.<br \/>\n6) Mali, mekani, fleksibilni materijal idealan za tekstil, posteljinu, odje\u0107u i dodatke.<\/span><\/div>\n<\/div>\n<div data-spm-anchor-id=\"a2700.details.0.i57.23b419c7xXORP0\"><\/div>\n<div data-spm-anchor-id=\"a2700.details.0.i57.23b419c7xXORP0\">\n<p><img fetchpriority=\"high\" decoding=\"async\" class=\"wp-image-55\" src=\"https:\/\/rfid-laundry-tag.com\/wp-content\/uploads\/2024\/06\/4-300x275.png\" alt=\"RFID Tag for linen laundry\" width=\"605\" height=\"555\" srcset=\"https:\/\/rfid-laundry-tag.com\/wp-content\/uploads\/2024\/06\/4-300x275.png 300w, https:\/\/rfid-laundry-tag.com\/wp-content\/uploads\/2024\/06\/4-600x550.png 600w, https:\/\/rfid-laundry-tag.com\/wp-content\/uploads\/2024\/06\/4-13x12.png 13w, https:\/\/rfid-laundry-tag.com\/wp-content\/uploads\/2024\/06\/4.png 750w\" sizes=\"(max-width: 605px) 100vw, 605px\" \/><\/p>\n<\/div>\n<h3 class=\"wp-block-heading\">Monta\u017ea<\/h3>\n<p><strong>Ozna\u010davanje \u0161avova<\/strong>: Za u\u0161ivanje u porub tkanine. Za\u0161ijte oznaku za rublje dalje od linija presavijanja.<br \/>\n<strong>Toplinsko brtvljenje<\/strong>: Toplinsko zavarivanje izravno na tekstil na +200\u00b0C (392\u00b0F), 12~14s.<br \/>\n<strong>U vre\u0107ici<\/strong>: Za\u0161iti se kao standardna naljepnica za odr\u017eavanje. Za\u0161ijte oznaku za rublje dalje od linija presavijanja.<\/p>\n<div class=\"auto-hide-last-sibling-br paragraph_1252f paragraph-element\">\n<div class=\"auto-hide-last-sibling-br paragraph_1252f paragraph-element\">RFID tekstilne oznake za odore za pranje rublja nezamjenjive su u bezbroj industrija, klju\u010dno poti\u010du u\u010dinkovito pra\u0107enje imovine, upravljanje inventarom i pove\u0107avaju ukupnu operativnu u\u010dinkovitost. Evo kratkog pregleda njihove primjene u razli\u010ditim sektorima:<\/div>\n<\/div>\n<h1 id=\"hero-title\" class=\"sp-hero-title\">UCODE 9xe: UCODE 9 s vi\u0161e EPC memorije<\/h1>\n<p>Nude\u0107i 128 bita EPC memorije, ova varijanta UCODE 9 mo\u017ee pohraniti va\u017ene atribute, poput datuma isteka ili proizvodnih informacija, izravno na IC. To omogu\u0107uje IoT aplikacijama da budu jo\u0161 pametnije nego prije.<\/p>\n<p>Dizajniran kao zamjena za UCODE 9 visokih performansi, UCODE 9xe nudi isti skup zna\u010dajki, RF performanse i kompatibilnost s Auburn ARC certificiranim antenama kao UCODE 9, ali sa 128 bita elektroni\u010dkog koda proizvoda (EPC) memorije za podr\u0161ku \u0161ireg raspona slu\u010dajeva kori\u0161tenja IoT-a. Rezultat je RAIN RFID oznaka koja podjednako koristi vlasnicima marki, trgovcima i potro\u0161a\u010dima.<\/p>\n<h3>Zna\u010dajke<\/h3>\n<div id=\"featuresXsp\" class=\"features-list\">\n<div class=\"features-xsp\">\n<div class=\"collapse-mobile ste-list-ul\">\n<ul class=\"boxes\">\n<li>Osjetljivost o\u010ditavanja: 24 dBm<\/li>\n<li>Osjetljivost pisanja: 22 dBm<\/li>\n<li>128-bitna EPC memorija<\/li>\n<li>Zamjena za UCODE 9 \/ UCODE 8<\/li>\n<li>Samopode\u0161avanje<\/li>\n<li>Za\u0161tita memorije<\/li>\n<li>Predserijalizacija 96-bitnog EPC-a<\/li>\n<\/ul>\n<\/div>\n<\/div>\n<\/div>\n<div class=\"auto-hide-last-sibling-br paragraph_1252f paragraph-element\">\n<p>&nbsp;<\/p>\n<\/div>","protected":false},"excerpt":{"rendered":"<p>UHF RFID tekstilne naljepnice projektirane su da besprijekorno funkcioniraju usprkos grubim postupcima pranja rublja, uklju\u010duju\u0107i sterilizaciju, pranje na visokoj temperaturi, pro\u010di\u0161\u0107avanje, su\u0161enje i pre\u0161anje.<\/p>","protected":false},"featured_media":146,"template":"","meta":{"_kad_post_transparent":"default","_kad_post_title":"","_kad_post_layout":"default","_kad_post_sidebar_id":"","_kad_post_content_style":"default","_kad_post_vertical_padding":"default","_kad_post_feature":"","_kad_post_feature_position":"","_kad_post_header":false,"_kad_post_footer":false,"_kad_post_classname":""},"product_brand":[],"product_cat":[19,16],"product_tag":[65,30,68],"class_list":{"0":"post-145","1":"product","2":"type-product","3":"status-publish","4":"has-post-thumbnail","6":"product_cat-textile-rfid-laundry-tag","7":"product_cat-uhf-rfid-laundry-tags","8":"product_tag-textile-rfid-laundry-tags","9":"product_tag-uhf-rfid-laundry-tag","10":"product_tag-uhf-rfid-textile-label","12":"first","13":"instock","14":"featured","15":"shipping-taxable","16":"product-type-simple","17":"entry","18":"content-bg","19":"loop-entry"},"_links":{"self":[{"href":"https:\/\/rfid-laundry-tag.com\/hr\/wp-json\/wp\/v2\/product\/145","targetHints":{"allow":["GET"]}}],"collection":[{"href":"https:\/\/rfid-laundry-tag.com\/hr\/wp-json\/wp\/v2\/product"}],"about":[{"href":"https:\/\/rfid-laundry-tag.com\/hr\/wp-json\/wp\/v2\/types\/product"}],"version-history":[{"count":1,"href":"https:\/\/rfid-laundry-tag.com\/hr\/wp-json\/wp\/v2\/product\/145\/revisions"}],"predecessor-version":[{"id":1299,"href":"https:\/\/rfid-laundry-tag.com\/hr\/wp-json\/wp\/v2\/product\/145\/revisions\/1299"}],"wp:featuredmedia":[{"embeddable":true,"href":"https:\/\/rfid-laundry-tag.com\/hr\/wp-json\/wp\/v2\/media\/146"}],"wp:attachment":[{"href":"https:\/\/rfid-laundry-tag.com\/hr\/wp-json\/wp\/v2\/media?parent=145"}],"wp:term":[{"taxonomy":"product_brand","embeddable":true,"href":"https:\/\/rfid-laundry-tag.com\/hr\/wp-json\/wp\/v2\/product_brand?post=145"},{"taxonomy":"product_cat","embeddable":true,"href":"https:\/\/rfid-laundry-tag.com\/hr\/wp-json\/wp\/v2\/product_cat?post=145"},{"taxonomy":"product_tag","embeddable":true,"href":"https:\/\/rfid-laundry-tag.com\/hr\/wp-json\/wp\/v2\/product_tag?post=145"}],"curies":[{"name":"radni list","href":"https:\/\/api.w.org\/{rel}","templated":true}]}}