{"id":143,"date":"2024-06-14T09:55:34","date_gmt":"2024-06-14T09:55:34","guid":{"rendered":"https:\/\/rfid-laundry-tag.com\/?post_type=product&#038;p=143"},"modified":"2024-09-26T04:10:00","modified_gmt":"2024-09-26T04:10:00","slug":"textile-rfid-tags-for-laundry","status":"publish","type":"product","link":"https:\/\/rfid-laundry-tag.com\/hr\/textile-rfid-tags-for-laundry\/","title":{"rendered":"Tekstilne RFID oznake za pranje rublja"},"content":{"rendered":"<div>\n<div class=\"auto-hide-last-sibling-br paragraph_1252f paragraph-element\">\n<h1>Tekstilne RFID oznake za pranje rublja<\/h1>\n<table width=\"593\">\n<tbody>\n<tr>\n<td width=\"233\">RF zra\u010dni protokol<\/td>\n<td colspan=\"4\" width=\"360\">EPC Global Class 1 Gen2 ISO18000-6C<\/td>\n<\/tr>\n<tr>\n<td width=\"233\">Radna frekvencija<\/td>\n<td colspan=\"4\" width=\"360\">UHF 866-868 MHz (ETSI) \/UHF 902-928 MHz (FCC)<\/td>\n<\/tr>\n<tr>\n<td width=\"233\">Kompatibilnost s okoli\u0161em<\/td>\n<td colspan=\"4\" width=\"360\">Optimizirano u zraku<\/td>\n<\/tr>\n<tr>\n<td width=\"233\">Razdoblje \u010duvanja podataka<\/td>\n<td colspan=\"4\" width=\"360\">50 godina<\/td>\n<\/tr>\n<tr>\n<td width=\"233\">Opseg \u010ditanja<\/td>\n<td colspan=\"4\" width=\"360\">Do 5,5 m (od metala)<\/td>\n<\/tr>\n<tr>\n<td width=\"233\">Polarizacija<\/td>\n<td colspan=\"4\" width=\"360\">Linearno<\/td>\n<\/tr>\n<tr>\n<td width=\"233\">Vrsta IC<\/td>\n<td colspan=\"4\" width=\"360\">NXP U \u0160IFRA 8, U \u0160IFRA 9 itd<\/td>\n<\/tr>\n<tr>\n<td width=\"233\">Konfiguracija memorije<\/td>\n<td colspan=\"4\" width=\"360\">EPC 128-bitni TID 96-bitni korisni\u010dki 32-bitni<\/td>\n<\/tr>\n<tr>\n<td colspan=\"5\" width=\"593\">Mehani\u010dke sekifikacije<\/td>\n<\/tr>\n<tr>\n<td width=\"233\">Povr\u0161inski materijali<\/td>\n<td colspan=\"4\" width=\"360\">Tekstil<\/td>\n<\/tr>\n<tr>\n<td width=\"233\">Dimenzije (mm)<\/td>\n<td colspan=\"4\" width=\"360\">15*70*1,5 mm<\/td>\n<\/tr>\n<tr>\n<td width=\"233\">Te\u017eina (g)<\/td>\n<td colspan=\"4\" width=\"360\">0,7 g<\/td>\n<\/tr>\n<tr>\n<td rowspan=\"2\" width=\"233\">Prilog<\/td>\n<td colspan=\"4\" width=\"360\">U\u0161ijte porub ili tkanu etiketu<\/td>\n<\/tr>\n<tr>\n<td colspan=\"4\" width=\"360\">Toplinsko zatvaranje na 215 \u2103 @ 15 sekundi i 4 bara<\/td>\n<\/tr>\n<tr>\n<td width=\"233\">Boja<\/td>\n<td colspan=\"4\" width=\"360\">Bijela<\/td>\n<\/tr>\n<tr>\n<td colspan=\"5\" width=\"593\">Secifikacije okoli\u0161a<\/td>\n<\/tr>\n<tr>\n<td width=\"233\">Radna temperatura<\/td>\n<td colspan=\"4\" width=\"360\">-30\u00b0C do +85\u00b0C<\/td>\n<\/tr>\n<tr>\n<td width=\"233\">Temperatura okoline<\/td>\n<td colspan=\"4\" width=\"360\">-30\u00b0C do +100\u00b0C<\/td>\n<\/tr>\n<tr>\n<td width=\"233\">Mehani\u010dka otpornost<\/td>\n<td colspan=\"4\" width=\"360\">60 barova<\/td>\n<\/tr>\n<tr>\n<td width=\"233\">Otpornost na kemikalije<\/td>\n<td colspan=\"4\" width=\"360\">Uobi\u010dajene uobi\u010dajene kemikalije u postupcima pranja<\/td>\n<\/tr>\n<tr>\n<td rowspan=\"4\" width=\"233\">Otpornost na toplinu<\/td>\n<td colspan=\"4\" width=\"360\">Pranje: 90\u2103, 15 minuta, 200 ciklusa<\/td>\n<\/tr>\n<tr>\n<td colspan=\"4\" width=\"360\">Predsu\u0161enje: 180\u2103, 30 min<\/td>\n<\/tr>\n<tr>\n<td colspan=\"4\" width=\"360\">Peglanje: 180 \u2103, 10 sekundi, 200 ciklusa<\/td>\n<\/tr>\n<tr>\n<td colspan=\"4\" width=\"360\">Sterilizacija: 135\u2103, 20 min<\/td>\n<\/tr>\n<tr>\n<td width=\"233\">IP klasifikacija<\/td>\n<td colspan=\"4\" width=\"360\">IP68<\/td>\n<\/tr>\n<tr>\n<td width=\"233\">Jamstvo<\/td>\n<td colspan=\"4\" width=\"360\">2 godine ili 200 puta pranja<\/td>\n<\/tr>\n<\/tbody>\n<\/table>\n<\/div>\n<\/div>\n<div>\n<div>\n<h2>Prednosti UHF RFID oznaka za pranje rublja<\/h2>\n<p>Ulaganje u\u00a0<strong>UHF RFID oznake za rublje<\/strong>\u00a0je pametna odluka za bilo koju praonicu rublja koja \u017eeli pove\u0107ati produktivnost i to\u010dnost. Evo nekoliko uvjerljivih prednosti:<\/p>\n<ul>\n<li><strong>Pobolj\u0161ano pra\u0107enje<\/strong>: S RFID tehnologijom mo\u017eete pratiti svaki komad rublja tijekom njegovog putovanja, od pranja do isporuke. To osigurava da se nijedan predmet ne izgubi u procesu.<\/li>\n<li><strong>Izdr\u017eljivost<\/strong>: Na\u0161e oznake su dizajnirane da izdr\u017ee visoke temperature, vi\u0161estruka pranja, pa \u010dak i surovost industrijskih praonica, \u0161to ih \u010dini idealnim za dugotrajnu upotrebu.<\/li>\n<li><strong>Isplativo<\/strong>: Smanjenjem gubitaka i pobolj\u0161anjem upravljanja zalihama, RFID oznake za pranje rublja u kona\u010dnici omogu\u0107uju zna\u010dajne u\u0161tede tro\u0161kova.<\/li>\n<\/ul>\n<h2>Klju\u010dne zna\u010dajke UHF RFID oznaka za pranje rublja<\/h2>\n<h3>1.\u00a0<strong>Dizajn koji se mo\u017ee prati za dugovje\u010dnost<\/strong><\/h3>\n<p>Na\u0161e\u00a0<strong>RFID platnene oznake za rublje<\/strong>\u00a0projektirani su da izdr\u017ee vi\u0161e od 200 ciklusa pranja, osiguravaju\u0107i pouzdanost i trajnost. Ove oznake su posebno dizajnirane da izdr\u017ee ekstremne uvjete pranja bez smanjenja performansi. Mogu izdr\u017eati \u010dak i visoke temperature bez gubitka sposobnosti pra\u0107enja, \u0161to ih \u010dini savr\u0161enima za bilo koju komercijalnu praonicu rublja.<\/p>\n<h3>2.\u00a0<strong>Svestranost u primjeni<\/strong><\/h3>\n<p>ove\u00a0<strong>tekstilne RFID oznake<\/strong>\u00a0su svestrani i mogu se koristiti za razli\u010dite primjene \u2014 od pra\u0107enja odje\u0107e u hotelima do upravljanja posteljinom u zdravstvenim ustanovama. Njihov robustan dizajn omogu\u0107uje im rukovanje razli\u010ditim okru\u017eenjima za pranje rublja, a istovremeno osigurava dosljednu izvedbu.<\/p>\n<h3>3.\u00a0<strong>Jednostavnost integracije<\/strong><\/h3>\n<p>Integriranje\u00a0<strong>UHF RFID oznake za rublje<\/strong>\u00a0u va\u0161e postoje\u0107e sustave pra\u0107enja je jednostavan. Oznake mogu besprijekorno raditi s RFID \u010dita\u010dima, nude\u0107i uvid u va\u0161 inventar rublja u stvarnom vremenu. To zna\u010di pojednostavljene procese, pobolj\u0161anu to\u010dnost i bolje upravljanje imovinom, idealno za upravljanje velikim koli\u010dinama tekstilnih predmeta.<\/p>\n<h3>4.\u00a0<strong>Otporan na vodu i temperaturu<\/strong><\/h3>\n<p>Osmi\u0161ljene da izdr\u017ee zahtjeve industrijskih praonica rublja, ove oznake su i vodootporne i otporne na visoke temperature. Ova izdr\u017eljivost osigurava dugotrajnost, dopu\u0161taju\u0107i im da zadr\u017ee funkcionalnost tijekom brojnih agresivnih ciklusa pranja i su\u0161enja uobi\u010dajenih u komercijalnim praonicama.<\/p>\n<h3>5.\u00a0<strong>Precizno upravljanje zalihama<\/strong><\/h3>\n<p>S\u00a0<strong>RFID pra\u0107enje rublja<\/strong>, upravljanje va\u0161im zalihama postaje povjetarac. Svaka oznaka sadr\u017ei jedinstveni identifikator koji omogu\u0107uje automatizirano pra\u0107enje svakog komada rublja, eliminiraju\u0107i ru\u010dni postupak prijave\/odjave. Ova zna\u010dajka pove\u0107ava u\u010dinkovitost, osiguravaju\u0107i da uvijek znate gdje se nalazi va\u0161a imovina.<\/p>\n<h3>6.\u00a0<strong>Utjecaj na okoli\u0161<\/strong><\/h3>\n<p>Promicanje odr\u017eivog pristupa, na\u0161\u00a0<strong>RFID oznake koje se mogu prati<\/strong>\u00a0dizajnirani su s ekolo\u0161kom prihvatljivo\u0161\u0107u. Mogu se ponovno koristiti i izra\u0111ene su od materijala koji smanjuju koli\u010dinu otpada u usporedbi s jednokratnim naljepnicama. Ovaj aspekt odr\u017eivosti klju\u010dan je jer organizacije sve vi\u0161e daju prioritet odgovornosti prema okoli\u0161u.<\/p>\n<\/div>\n<div><\/div>\n<div>\n<h2>Upute za kori\u0161tenje<\/h2>\n<ol>\n<li><strong>Priprema<\/strong>: Prije nano\u0161enja etiketa na tekstil, provjerite je li povr\u0161ina \u010dista i suha.<\/li>\n<li><strong>Primjena<\/strong>: Oznake se mogu u\u0161iti u odje\u0107u ili zalijepiti na lan prema va\u0161im zahtjevima.<\/li>\n<li><strong>Inicijalizacija<\/strong>: Programirajte svaku oznaku pomo\u0107u RFID \u010dita\u010da da dodijelite jedinstveni identifikator svakom komadu rublja.<\/li>\n<li><strong>Pra\u0107enje<\/strong>: Koristite RFID \u010dita\u010d za neprimjetan nadzor i pra\u0107enje rublja kroz cikluse pranja i isporuke.<\/li>\n<\/ol>\n<\/div>\n<div><\/div>\n<div class=\"auto-hide-last-sibling-br paragraph_1252f paragraph-element\"><strong>Tekstilne RFID oznake za pranje rublja<\/strong> slu\u017ee kao koristan alat za ustanove kojima je potrebna stalna opskrba \u010distom posteljinom, radnim uniformama, medicinskom opremom ili materijalima za \u010di\u0161\u0107enje, omogu\u0107uju\u0107i automatiziranim sustavima rukovanje velikim koli\u010dinama pojedina\u010dnih artikala na brz i precizan na\u010din.<\/div>\n<p>&nbsp;<\/p>\n<\/div>\n<div>\n<div class=\"auto-hide-last-sibling-br paragraph_1252f paragraph-element\"><strong>RFID tekstilne naljepnice<\/strong> funkcionirati pomo\u0107u specijaliziranog procesa. Svaka naljepnica opremljena je RFID \u010dipom koji sadr\u017ei zna\u010dajne pojedinosti o proizvodu, kao \u0161to su njegove proizvodne karakteristike, jedinstveni identifikator, izvor, sastav materijala i tako dalje.<\/div>\n<div class=\"auto-hide-last-sibling-br paragraph_1252f paragraph-element\">Mehanizam izdvajanja ovih ugra\u0111enih informacija uklju\u010duje alat poznat kao RFID oda\u0161ilja\u010d ili \u010de\u0161\u0107e \u010dita\u010d. Ovaj ure\u0111aj oda\u0161ilje radiofrekventne valove koji uspostavljaju vezu s RFID \u010dipom koji se nalazi unutar naljepnice. Ova interakcija olak\u0161ava \u010dita\u010du pristup podacima koji su pohranjeni na \u010dipu.<\/div>\n<\/div>\n<div><\/div>\n<div><\/div>\n<div>\n<div class=\"auto-hide-last-sibling-br paragraph_1252f paragraph-element\"><span style=\"font-family: inherit; font-size: 24px; font-weight: bold;\">Monta\u017ea<\/span><\/div>\n<\/div>\n<p><strong>Ozna\u010davanje \u0161avova<\/strong>: Za u\u0161ivanje u porub tkanine. Za\u0161ijte oznaku za rublje dalje od linija presavijanja.<br \/>\n<strong>Toplinsko brtvljenje<\/strong>: Toplinsko zavarivanje izravno na tekstil na +200\u00b0C (392\u00b0F), 12~14s.<br \/>\n<strong>U vre\u0107ici<\/strong>: Za\u0161iti se kao standardna naljepnica za odr\u017eavanje. Za\u0161ijte oznaku za rublje dalje od linija presavijanja.<\/p>\n<div class=\"auto-hide-last-sibling-br paragraph_1252f paragraph-element\">\n<div class=\"auto-hide-last-sibling-br paragraph_1252f paragraph-element\"><\/div>\n<p style=\"font-weight: 400;\"><span style=\"font-style: inherit; font-weight: inherit;\" data-spm-anchor-id=\"a2700.details.0.i52.7e74253fSAfL7T\">Kako <\/span><b><strong style=\"font-style: inherit;\">JAKO<\/strong><\/b><span style=\"font-style: inherit; font-weight: inherit;\"> oni su ?<\/span><\/p>\n<p><b><strong>\u2460<\/strong><\/b>.Mogu li se RFID \u010dipovi o\u0161tetiti pod visokim temperaturama?<span style=\"font-style: inherit; font-weight: inherit;\"> \u2013<\/span><b><strong>\u2714 Na\u0161a RFID tekstilna oznaka za pranje rublja dizajnirana je za kori\u0161tenje na 200 \u00b0C<\/strong><\/b><span style=\"font-style: inherit; font-weight: inherit;\">.<\/span><\/p>\n<p style=\"font-weight: 400;\"><b><strong>\u2461<\/strong><\/b>Koliko puta smijemo prati etikete koje su pri\u010dvr\u0161\u0107ene na tekstilne proizvode uniformi? <b><strong>\u2013\u2714Na\u0161a RFID tekstilna oznaka za pranje rublja mo\u017ee se prati vi\u0161e od 200 puta zajam\u010deno 2 godine nakon slanja.<\/strong><\/b><\/p>\n<p style=\"font-weight: 400;\"><b><strong>\u2462<\/strong><\/b>Ho\u0107emo li potro\u0161iti presti\u017ene uniforme na tekstilne proizvode, nastaviti raditi u slu\u010daju smrskavanja \u010dipova? <b><strong>\u2013\u2714Dizajnirali smo na\u0161u tekstilnu oznaku za pranje rublja da izdr\u017ei pritisak od 60 bara u procesu pre\u0161anja va\u0161ih tekstilnih proizvoda.<\/strong><\/b><\/p>\n<p style=\"font-weight: 400;\"><b><strong>\u2463<\/strong><\/b>Gdje stavljate RFID tekstilne oznake za pranje rublja na tekstil za uniforme? <b><strong>\u2013 \u2714RFID tekstilne oznake za pranje rublja postavljaju se prema raspolo\u017eivosti uniformi.<\/strong><\/b><\/p>\n<h2>\u010cesto postavljana pitanja (FAQ)<\/h2>\n<h3>1.\u00a0<strong>Mogu li se RFID oznake za rublje doista prati?<\/strong><\/h3>\n<p>Da, na\u0161e RFID oznake za pranje rublja dizajnirane su da izdr\u017ee vi\u0161e od 200 ciklusa pranja uz zadr\u017eavanje svoje u\u010dinkovitosti.<\/p>\n<h3>2.\u00a0<strong>Mogu li se ove oznake koristiti u okru\u017eenjima s visokim temperaturama?<\/strong><\/h3>\n<p>Apsolutno! Na\u0161e oznake su otporne na toplinu i mogu izdr\u017eati temperature do 85\u00b0C bez gubitka funkcionalnosti.<\/p>\n<h3>3.\u00a0<strong>Koliko je lako integrirati te oznake u postoje\u0107e sustave?<\/strong><\/h3>\n<p>Integracija je jednostavna jer su ove oznake kompatibilne s ve\u0107inom RFID \u010dita\u010da dostupnih na tr\u017ei\u0161tu, osiguravaju\u0107i besprijekornu implementaciju.<\/p>\n<h3>4.\u00a0<strong>Koji se materijali koriste u ovim oznakama?<\/strong><\/h3>\n<p>Oznake su izra\u0111ene od izdr\u017eljive tekstilne tkanine koja pru\u017ea snagu i fleksibilnost.<\/p>\n<h2>Zaklju\u010dak<\/h2>\n<p>Ulaganje u\u00a0<strong>UHF RFID oznake za rublje<\/strong>\u00a0ne radi se samo o pobolj\u0161anju operativne u\u010dinkovitosti; radi se o za\u0161titi va\u0161ih procesa pranja rublja od izazova u pra\u0107enju, upravljanju zalihama i odr\u017eivosti. S inovativnim dizajnom koji podnosi industrijsko pranje rublja i jednostavno\u0161\u0107u kori\u0161tenja koja se jednostavno ne mo\u017ee mjeriti, ove oznake su klju\u010dne za svaku organizaciju koja se bavi uslugama pranja rublja. Ako ste spremni revolucionirati svoje sustave upravljanja tekstilom,\u00a0<strong>kupujte RFID oznake za rublje danas i ispunite na\u0161 obrazac za upit za vi\u0161e informacija o cijenama i uzorcima!<\/strong><\/p>\n<\/div>","protected":false},"excerpt":{"rendered":"<p>Pratite rublje bez napora s izdr\u017eljivim tekstilnim RFID oznakama! Perivo i dizajnirano za industrijsku upotrebu, optimizirajte svoje pranje rublja ve\u0107 danas!<\/p>","protected":false},"featured_media":144,"template":"","meta":{"_kad_post_transparent":"default","_kad_post_title":"","_kad_post_layout":"default","_kad_post_sidebar_id":"","_kad_post_content_style":"default","_kad_post_vertical_padding":"default","_kad_post_feature":"","_kad_post_feature_position":"","_kad_post_header":false,"_kad_post_footer":false,"_kad_post_classname":""},"product_brand":[],"product_cat":[19],"product_tag":[67,31,312,65],"class_list":{"0":"post-143","1":"product","2":"type-product","3":"status-publish","4":"has-post-thumbnail","6":"product_cat-textile-rfid-laundry-tag","7":"product_tag-heating-seal-uhf-rfid-laundry-tags","8":"product_tag-rfid-tag-for-linen-laundry","9":"product_tag-rfid-tags","10":"product_tag-textile-rfid-laundry-tags","12":"first","13":"instock","14":"shipping-taxable","15":"product-type-simple","16":"entry","17":"content-bg","18":"loop-entry"},"_links":{"self":[{"href":"https:\/\/rfid-laundry-tag.com\/hr\/wp-json\/wp\/v2\/product\/143","targetHints":{"allow":["GET"]}}],"collection":[{"href":"https:\/\/rfid-laundry-tag.com\/hr\/wp-json\/wp\/v2\/product"}],"about":[{"href":"https:\/\/rfid-laundry-tag.com\/hr\/wp-json\/wp\/v2\/types\/product"}],"version-history":[{"count":3,"href":"https:\/\/rfid-laundry-tag.com\/hr\/wp-json\/wp\/v2\/product\/143\/revisions"}],"predecessor-version":[{"id":2682,"href":"https:\/\/rfid-laundry-tag.com\/hr\/wp-json\/wp\/v2\/product\/143\/revisions\/2682"}],"wp:featuredmedia":[{"embeddable":true,"href":"https:\/\/rfid-laundry-tag.com\/hr\/wp-json\/wp\/v2\/media\/144"}],"wp:attachment":[{"href":"https:\/\/rfid-laundry-tag.com\/hr\/wp-json\/wp\/v2\/media?parent=143"}],"wp:term":[{"taxonomy":"product_brand","embeddable":true,"href":"https:\/\/rfid-laundry-tag.com\/hr\/wp-json\/wp\/v2\/product_brand?post=143"},{"taxonomy":"product_cat","embeddable":true,"href":"https:\/\/rfid-laundry-tag.com\/hr\/wp-json\/wp\/v2\/product_cat?post=143"},{"taxonomy":"product_tag","embeddable":true,"href":"https:\/\/rfid-laundry-tag.com\/hr\/wp-json\/wp\/v2\/product_tag?post=143"}],"curies":[{"name":"radni list","href":"https:\/\/api.w.org\/{rel}","templated":true}]}}