{"id":122,"date":"2024-06-12T06:05:12","date_gmt":"2024-06-12T06:05:12","guid":{"rendered":"https:\/\/rfid-laundry-tag.com\/?post_type=product&#038;p=122"},"modified":"2024-06-12T06:05:12","modified_gmt":"2024-06-12T06:05:12","slug":"silicone-washable-rfid-laundry-tag","status":"publish","type":"product","link":"https:\/\/rfid-laundry-tag.com\/hr\/silicone-washable-rfid-laundry-tag\/","title":{"rendered":"Silikonska periva RFID oznaka za rublje"},"content":{"rendered":"<table style=\"font-family: var(--global-body-font-family);\" width=\"537\">\n<tbody>\n<tr>\n<td width=\"228\">Ime<\/td>\n<td width=\"309\">Silikonska periva RFID oznaka za rublje<\/td>\n<\/tr>\n<tr>\n<td width=\"228\">Na\u010din rada<\/td>\n<td width=\"309\">SL-01<\/td>\n<\/tr>\n<tr>\n<td width=\"228\">Materijal<\/td>\n<td width=\"309\">Silikon<\/td>\n<\/tr>\n<tr>\n<td width=\"228\">Boja<\/td>\n<td width=\"309\">Bijela (ili prilago\u0111ena)<\/td>\n<\/tr>\n<tr>\n<td width=\"228\">Veli\u010dina<\/td>\n<td width=\"309\">55mm*12mm, 2,5mm debljine<\/td>\n<\/tr>\n<tr>\n<td width=\"228\">\u010cip<\/td>\n<td width=\"309\">915Mhz NXP U kod 9, Alien H3, H9 itd<\/td>\n<\/tr>\n<tr>\n<td width=\"228\">Radna temperatura<\/td>\n<td width=\"309\">\u2013 25\u00baC do +75\u00baC<\/td>\n<\/tr>\n<tr>\n<td width=\"228\">Ciklus pranja<\/td>\n<td width=\"309\">200 puta<\/td>\n<\/tr>\n<tr>\n<td width=\"228\">Vodootporan<\/td>\n<td width=\"309\">Da<\/td>\n<\/tr>\n<tr>\n<td width=\"228\">Otpornost na kemikalije<\/td>\n<td width=\"309\">Da<\/td>\n<\/tr>\n<\/tbody>\n<\/table>\n<p data-spm-anchor-id=\"a2700.details.0.i116.60201a70jOXdOd\">\n<p data-spm-anchor-id=\"a2700.details.0.i116.60201a70jOXdOd\"><strong>Primjena:<\/strong><\/p>\n<ul>\n<li>Upravljanje pra\u0107enjem hotelske posteljine<\/li>\n<li>Tvornica\/skladi\u0161te\/hotel\/bolnica\/zabavni park<\/li>\n<li data-spm-anchor-id=\"a2700.details.0.i115.60201a70jOXdOd\"><span data-spm-anchor-id=\"a2700.details.0.i120.60201a70jOXdOd\">Bolni\u010dke uniforme<\/span><\/li>\n<li data-spm-anchor-id=\"a2700.details.0.i118.60201a70jOXdOd\">Posteljina\/ palete\/ platnene vre\u0107e<\/li>\n<li>Kemijske \u010distionice<\/li>\n<li>Upotreba u hotelskoj plahti\/ pri\u010dvr\u0161\u0107enoj na tekstil\/ radnoj odje\u0107i.<\/li>\n<li>Tvornica konfekcije, Tvornica tkanina.<\/li>\n<\/ul>\n<p>&nbsp;<\/p>","protected":false},"excerpt":{"rendered":"<p>RFID silikonska oznaka za pranje rublja predstavlja vrhunsku tehnologiju za automatsko pra\u0107enje i upravljanje zalihama u operacijama praonice rublja. Ove RFID oznake, tanke, fleksibilne i meke, dizajnirane su da budu otporne na kemikalije, toplinu i fizi\u010dke pritiske. Opremljeni robusnim RFID transponderima, napravljeni su da izdr\u017ee vi\u0161e od 200 pranja u bubnju i ciklusa su\u0161enja s grijanjem, da ne spominjemo \u010di\u0161\u0107enje i gla\u010danje. Obi\u010dno se koriste u pra\u0107enju pranja rublja velikih razmjera, na\u0161e silikonske RFID oznake za pranje rublja mogu se bez napora ugraditi na \u0161irok izbor tekstilnih materijala, kao \u0161to su posteljina, bluze, ru\u010dnici i medicinska odje\u0107a.<\/p>","protected":false},"featured_media":123,"template":"","meta":{"_kad_post_transparent":"default","_kad_post_title":"","_kad_post_layout":"default","_kad_post_sidebar_id":"","_kad_post_content_style":"default","_kad_post_vertical_padding":"default","_kad_post_feature":"","_kad_post_feature_position":"","_kad_post_header":false,"_kad_post_footer":false,"_kad_post_classname":""},"product_brand":[],"product_cat":[20],"product_tag":[62,61],"class_list":{"0":"post-122","1":"product","2":"type-product","3":"status-publish","4":"has-post-thumbnail","6":"product_cat-silicone-rfid-laundry-tag","7":"product_tag-silicone-rfid-laundry-tag","8":"product_tag-silicone-washable-rfid-laundry-tag","10":"first","11":"instock","12":"shipping-taxable","13":"product-type-simple","14":"entry","15":"content-bg","16":"loop-entry"},"_links":{"self":[{"href":"https:\/\/rfid-laundry-tag.com\/hr\/wp-json\/wp\/v2\/product\/122","targetHints":{"allow":["GET"]}}],"collection":[{"href":"https:\/\/rfid-laundry-tag.com\/hr\/wp-json\/wp\/v2\/product"}],"about":[{"href":"https:\/\/rfid-laundry-tag.com\/hr\/wp-json\/wp\/v2\/types\/product"}],"version-history":[{"count":0,"href":"https:\/\/rfid-laundry-tag.com\/hr\/wp-json\/wp\/v2\/product\/122\/revisions"}],"wp:featuredmedia":[{"embeddable":true,"href":"https:\/\/rfid-laundry-tag.com\/hr\/wp-json\/wp\/v2\/media\/123"}],"wp:attachment":[{"href":"https:\/\/rfid-laundry-tag.com\/hr\/wp-json\/wp\/v2\/media?parent=122"}],"wp:term":[{"taxonomy":"product_brand","embeddable":true,"href":"https:\/\/rfid-laundry-tag.com\/hr\/wp-json\/wp\/v2\/product_brand?post=122"},{"taxonomy":"product_cat","embeddable":true,"href":"https:\/\/rfid-laundry-tag.com\/hr\/wp-json\/wp\/v2\/product_cat?post=122"},{"taxonomy":"product_tag","embeddable":true,"href":"https:\/\/rfid-laundry-tag.com\/hr\/wp-json\/wp\/v2\/product_tag?post=122"}],"curies":[{"name":"radni list","href":"https:\/\/api.w.org\/{rel}","templated":true}]}}