{"id":120,"date":"2024-06-12T05:14:47","date_gmt":"2024-06-12T05:14:47","guid":{"rendered":"https:\/\/rfid-laundry-tag.com\/?post_type=product&#038;p=120"},"modified":"2024-06-12T06:14:46","modified_gmt":"2024-06-12T06:14:46","slug":"pps-13-56mhz-rfid-laundry-clothes-tag","status":"publish","type":"product","link":"https:\/\/rfid-laundry-tag.com\/hr\/pps-13-56mhz-rfid-laundry-clothes-tag\/","title":{"rendered":"PPS 13.56MHZ RFID PRAONICA rublja Oznaka za odje\u0107u"},"content":{"rendered":"<div class=\"J_module\">\n<div class=\"ife-detail-decorate-table\">\n<table class=\"has-title all magic-6\">\n<tbody>\n<tr>\n<td colspan=\"1\" rowspan=\"1\">\n<div class=\"magic-7\" data-spm-anchor-id=\"a2700.details.0.i45.77607d98vZbcDU\"><span class=\"magic-8\" style=\"color: #363535;\">Ime proizvoda<\/span><\/div>\n<\/td>\n<td colspan=\"1\" rowspan=\"1\">\n<div class=\"magic-9\">PPS 13.56MHZ RFID PRAONICA rublja Oznaka za odje\u0107u<\/div>\n<\/td>\n<\/tr>\n<tr>\n<td colspan=\"1\" rowspan=\"1\">\n<div class=\"magic-7\"><span class=\"magic-10\" data-spm-anchor-id=\"a2700.pc-decorate.0.i10.28d333330XLbTD\"><span class=\"magic-8\">Materijal<\/span><\/span><\/div>\n<\/td>\n<td colspan=\"1\" rowspan=\"1\">\n<div class=\"magic-9\"><span class=\"magic-8\">PPS<\/span><\/div>\n<\/td>\n<\/tr>\n<tr>\n<td colspan=\"1\" rowspan=\"1\">\n<div class=\"magic-7\"><span class=\"magic-8\">Boja<\/span><\/div>\n<\/td>\n<td colspan=\"1\" rowspan=\"1\">\n<div class=\"magic-9\"><span class=\"magic-8\">Crno itd<\/span><\/div>\n<\/td>\n<\/tr>\n<tr>\n<td colspan=\"1\" rowspan=\"1\">MOQ<\/td>\n<td colspan=\"1\" rowspan=\"1\">500kom<\/td>\n<\/tr>\n<tr>\n<td colspan=\"1\" rowspan=\"1\">\n<div class=\"magic-7\"><span class=\"magic-8\">Proizvo\u0111a\u010d\/\u010dip<\/span><\/div>\n<\/td>\n<td colspan=\"1\" rowspan=\"1\">\n<div class=\"magic-9\"><span class=\"magic-8\">ISO15693 :NXP I kod Slix ; ISO14443A:Ntag213,Ntag215,Ntag216,Mifare Ultralight ev1 itd<\/span><\/div>\n<\/td>\n<\/tr>\n<tr>\n<td colspan=\"1\" rowspan=\"1\">\n<div class=\"magic-7\"><span class=\"magic-8\">Frekvencija<\/span><\/div>\n<\/td>\n<td colspan=\"1\" rowspan=\"1\">\n<div class=\"magic-9\"><span class=\"magic-8\">13,56MHz<\/span><\/div>\n<\/td>\n<\/tr>\n<tr>\n<td colspan=\"1\" rowspan=\"1\">\n<div class=\"magic-7\"><span class=\"magic-8\">Memorija<\/span><\/div>\n<\/td>\n<td colspan=\"1\" rowspan=\"1\">\n<div class=\"magic-9\"><span class=\"magic-8\">NXP I Code Slix je 1k bajta; memorija drugog \u010dipa: 144 bajta, 504 bajta, 888 bajta, 64 bajta itd.<\/span><\/div>\n<\/td>\n<\/tr>\n<tr>\n<td colspan=\"1\" rowspan=\"1\">\n<div class=\"magic-7\"><span class=\"magic-8\">Pro\u010ditajte Udaljenost<\/span><\/div>\n<\/td>\n<td colspan=\"1\" rowspan=\"1\">\n<div class=\"magic-9\"><span class=\"magic-8\">1~5 cm<\/span><\/div>\n<\/td>\n<\/tr>\n<tr>\n<td colspan=\"1\" rowspan=\"1\">\n<div class=\"magic-7\"><span class=\"magic-8\">Na\u010din rada<\/span><\/div>\n<\/td>\n<td colspan=\"1\" rowspan=\"1\">\n<div class=\"magic-9\"><span class=\"magic-8\">pasivno<\/span><\/div>\n<\/td>\n<\/tr>\n<tr>\n<td colspan=\"1\" rowspan=\"1\">\n<div class=\"magic-7\"><span class=\"magic-8\">Radna temperatura<\/span><\/div>\n<\/td>\n<td colspan=\"1\" rowspan=\"1\">\n<div class=\"magic-9\"><span class=\"magic-8\">-25\u2103~+110\u2103<\/span><\/div>\n<\/td>\n<\/tr>\n<tr>\n<td colspan=\"1\" rowspan=\"1\">\n<div class=\"magic-7\"><span class=\"magic-8\">Temperatura skladi\u0161tenja<\/span><\/div>\n<\/td>\n<td colspan=\"1\" rowspan=\"1\">\n<div class=\"magic-9\"><span class=\"magic-8\">-40\u2103~+85\u2103<\/span><\/div>\n<\/td>\n<\/tr>\n<tr>\n<td colspan=\"1\" rowspan=\"1\">\n<div class=\"magic-7\">\n<div><span class=\"magic-8\">\u00a0<\/span><\/div>\n<p><span class=\"magic-8\">Kratkotrajna temperaturna otpornost<\/span><\/p>\n<\/div>\n<\/td>\n<td colspan=\"1\" rowspan=\"1\">\n<div class=\"magic-9\"><span class=\"magic-8\">pranje: 90\u2103, 15 minuta; predsu\u0161enje pretvara\u010da: 180 \u2103, 30 minuta, 200 puta; gla\u010danje: 180 \u2103, 10 sekundi, 200 puta; visoka<br \/>\ntemperatura sterilizacije: 135 \u2103, 20 minuta<\/span><\/div>\n<\/td>\n<\/tr>\n<tr>\n<td colspan=\"1\" rowspan=\"1\">\n<div class=\"magic-7\"><span class=\"magic-8\">Zna\u010dajke<\/span><\/div>\n<\/td>\n<td colspan=\"1\" rowspan=\"1\">\n<div class=\"magic-9\"><span class=\"magic-8\">vodootporan, periv, otporan na visoke temperature<\/span><\/div>\n<\/td>\n<\/tr>\n<tr>\n<td colspan=\"1\" rowspan=\"1\">\n<div class=\"magic-7\">Protokol<\/div>\n<\/td>\n<td colspan=\"1\" rowspan=\"1\">\n<div class=\"magic-9\"><span class=\"magic-8\">ISO14443A\/15693<\/span><\/div>\n<\/td>\n<\/tr>\n<tr>\n<td colspan=\"1\" rowspan=\"1\">\n<div class=\"magic-7\"><span class=\"magic-8\">Prijave<\/span><\/div>\n<\/td>\n<td colspan=\"1\" rowspan=\"1\">\n<div class=\"magic-9\"><span class=\"magic-8\">upravljanje praonicama i pra\u0107enje<\/span><\/div>\n<\/td>\n<\/tr>\n<\/tbody>\n<\/table>\n<\/div>\n<\/div>\n<div class=\"J_module\">\n<div class=\"detail-decorate-json-renderer-container\">\n<div class=\"magic-1\">\n<div class=\"magic-2\">\n<div class=\"auto-hide-last-sibling-br paragraph_1252f paragraph-element\">\n<div class=\"auto-hide-last-sibling-br paragraph_1252f paragraph-element\"><\/div>\n<div class=\"auto-hide-last-sibling-br paragraph_1252f paragraph-element\">\n<p><b>Primjena\u00a0<\/b><br \/>\n\u2013 Industrijsko pranje.<br \/>\n\u2013 Upravljanje uniformama.<br \/>\n\u2013 Upravljanje medicinskom odje\u0107om.<br \/>\n\u2013 Upravljanje odje\u0107om OZO.<br \/>\n\u2013 Upravljanje personalnom ophodnjom.<br \/>\n\u2013 Upravljanje vatrogasnom opremom.<br \/>\n\u2013 Upravljanje skija\u0161kom opremom.<\/p>\n<\/div>\n<div><\/div>\n<\/div>\n<\/div>\n<div>\n<p>The <strong>ICODE SLIX IC<\/strong> je namjenski \u010dip za aplikacije inteligentnih naljepnica kao \u0161to su knji\u017enice, provjera autenti\u010dnosti proizvoda u razli\u010ditim industrijama kao \u0161to su farmaceutska industrija, industrija medicinskih ure\u0111aja i alkohola, kao i upravljanje proizvodnjom u razli\u010ditim podru\u010djima industrije. Ovaj IC je tre\u0107a generacija proizvoda obitelji IC-ova s pametnim naljepnicama temeljen na ISO standardima ISO\/IEC 15693 i ISO\/IEC 18000-3, produ\u017euju\u0107i uspje\u0161nu pri\u010du NXP-a<sup>\u00ae<\/sup>\u00a0u podru\u010dju sustava za identifikaciju okoline.<\/p>\n<h3>Beskontaktni prijenos energije i podataka<\/h3>\n<p>Kad god je spojen na vrlo jednostavnu i laku za proizvodnju vrstu antene (kao rezultat nosive frekvencije od 13,56 MHz) napravljenu od nekoliko namotaja tiskanih, namotanih, ugraviranih ili izbu\u0161enih zavojnica, ICODE SLIX IC mo\u017ee raditi bez linija vidljivosti do udaljenosti od 1,5 m (\u0161irina vrata). Baterija nije potrebna. Kada se pametna naljepnica postavi u polje ispitiva\u010dke antene, RF komunikacijsko su\u010delje velike brzine omogu\u0107uje prijenos podataka do 53 kbit\/s.<\/p>\n<h3>Za\u0161tita od sudara<\/h3>\n<p>Inteligentna funkcija protiv sudara omogu\u0107uje da nekoliko oznaka istovremeno radi na terenu. Algoritam protiv sudara odabire svaku oznaku pojedina\u010dno i osigurava da se izvr\u0161enje transakcije s odabranom oznakom izvodi ispravno bez o\u0161te\u0107enja podataka koje proizlazi iz drugih oznaka u polju.<\/p>\n<h3>Zna\u010dajke<\/h3>\n<div id=\"featuresXsp\" class=\"features-list\">\n<div class=\"features-xsp\">\n<div class=\"collapse-mobile ste-list\">\n<h3>ICODE SLIX RF su\u010delje (ISO\/IEC 15693)<\/h3>\n<ul class=\"boxes\">\n<li>Beskontaktni prijenos podataka i opskrba energijom (nije potrebna baterija)<\/li>\n<li>Radna udaljenost: do 1,5 m (ovisno o geometriji antene)<\/li>\n<li>Radna frekvencija: 13,56 MHz (ISM, besplatna licenca za cijeli svijet)<\/li>\n<li>Brzi prijenos podataka: do 53 kbit\/s<\/li>\n<li>Visoki integritet podataka: 16-bitni CRC, okvir<\/li>\n<li>Prava za\u0161tita od sudara<\/li>\n<li>Elektroni\u010dki nadzor proizvoda (EAS) za\u0161ti\u0107en lozinkom<\/li>\n<li>Identifikator obitelji aplikacija (AFI) za\u0161ti\u0107en lozinkom<\/li>\n<li>IDentifikator formata pohrane podataka (DSFID)<\/li>\n<li>Dodatno brzo o\u010ditavanje protiv sudara<\/li>\n<li>Udaljenost pisanja jednaka je udaljenosti \u010ditanja<\/li>\n<\/ul>\n<\/div>\n<div class=\"collapse-mobile ste-list\">\n<h3>EEPROM<\/h3>\n<ul class=\"boxes\">\n<li>1024 bita, organiziranih u 32 bloka od po 4 bajta<\/li>\n<li>50 godina \u010duvanja podataka<\/li>\n<li>Napi\u0161ite izdr\u017eljivost od 100 000 ciklusa<\/li>\n<\/ul>\n<\/div>\n<div class=\"collapse-mobile ste-list\">\n<h3>Sigurnost<\/h3>\n<ul class=\"boxes\">\n<li>Jedinstveni identifikator za svaki ure\u0111aj<\/li>\n<li>Mehanizam zaklju\u010davanja za svaki blok korisni\u010dke memorije (za\u0161tita od pisanja)<\/li>\n<li>Mehanizam zaklju\u010davanja za DSFID, AFI, EAS<\/li>\n<li>Funkcionalnost EAS i AFI za\u0161ti\u0107ena lozinkom (32-bitna).<\/li>\n<\/ul>\n<h1 id=\"hero-title\" class=\"sp-hero-title\">NTAG<sup>\u00ae<\/sup>\u00a0213\/215\/216: NFC Forum Type 2 Tag kompatibilan IC sa 144\/504\/888 bajta korisni\u010dke memorije<\/h1>\n<\/div>\n<\/div>\n<\/div>\n<\/div>\n<div class=\"magic-2\">\n<div class=\"auto-hide-last-sibling-br paragraph_1252f paragraph-element\">\n<p>NTAG 213, NTAG 215 i NTAG 216 razvio je NXP<sup>\u00ae<\/sup>\u00a0Poluvodi\u010di kao standardni NFC tag IC-ovi koji se koriste u aplikacijama masovnog tr\u017ei\u0161ta kao \u0161to su maloprodaja, igre i potro\u0161a\u010dka elektronika, u kombinaciji s NFC ure\u0111ajima ili NFC-kompatibilnim ure\u0111ajima za blizinsko spajanje. NTAG 213, NTAG 215 i NTAG 216 (od sada, op\u0107enito zvani NTAG 21x) dizajnirani su za potpunu uskla\u0111enost s NFC Forum Type 2 Tag i ISO\/IEC14443 Type A specifikacijama.<\/p>\n<p>Ciljane aplikacije uklju\u010duju pametno ogla\u0161avanje izvan doma i tiskanih medija, SoLoMo aplikacije, autentifikaciju proizvoda, NFC oznake na policama i oznake mobilnih pratitelja.<\/p>\n<p>Slu\u010dajevi ciljane upotrebe uklju\u010duju pametno ogla\u0161avanje izvan ku\u0107e, autentifikaciju proizvoda, mobilne prate\u0107e oznake, Bluetooth<sup>\u00ae<\/sup>\u00a0ili Wi-Fi uparivanje, elektroni\u010dke oznake na policama i posjetnice. NTAG 21x memorija tako\u0111er se mo\u017ee segmentirati za implementaciju vi\u0161e aplikacija u isto vrijeme.<\/p>\n<p>Zahvaljuju\u0107i visokom ulaznom kapacitetu, NTAG 21x tag ICs su posebno skrojeni za aplikacije koje zahtijevaju male povr\u0161ine, bez kompromisa u performansama. Male NFC oznake mogu se lak\u0161e ugraditi u npr. oznake proizvoda ili elektroni\u010dke ure\u0111aje.<\/p>\n<p>Mehani\u010dke i elektri\u010dne specifikacije NTAG 21x prilago\u0111ene su zahtjevima proizvo\u0111a\u010da inleja i oznaka.<\/p>\n<h3>Beskontaktni prijenos energije i podataka<\/h3>\n<p>Komunikacija s NTAG 21x mo\u017ee se uspostaviti samo kada je IC spojen na antenu.<\/p>\n<p>Kada je NTAG 21x pozicioniran u RF polju, RF komunikacijsko su\u010delje velike brzine omogu\u0107uje prijenos podataka brzinom prijenosa od 106 kbit\/s.<\/p>\n<h3>Jednostavna implementacija i pogodnost za korisnika<\/h3>\n<p>NTAG 21x nudi specifi\u010dne zna\u010dajke osmi\u0161ljene za pobolj\u0161anje integracije i korisni\u010dke pogodnosti:<\/p>\n<ul>\n<li>Mogu\u0107nost brzog \u010ditanja omogu\u0107uje skeniranje cijele NDEF poruke sa samo jednom naredbom FAST_READ, \u010dime se smanjuje optere\u0107enje u proizvodnim okru\u017eenjima visoke propusnosti<\/li>\n<li>Pobolj\u0161ana RF izvedba omogu\u0107uje ve\u0107u fleksibilnost u izboru oblika, dimenzija i materijala<\/li>\n<li>Opcija za debljinu IC od 75 \u03bcm omogu\u0107uje proizvodnju ultratankih oznaka za prakti\u010dniju integraciju u npr. \u010dasopise ili kartice za igranje<\/li>\n<\/ul>\n<h3>Sigurnost<\/h3>\n<ul>\n<li>Proizvo\u0111a\u010d je programirao 7-bajtni UID za svaki ure\u0111aj<\/li>\n<li>Spremnik unaprijed programiranih mogu\u0107nosti s jednokratno programabilnim bitovima<\/li>\n<li>Programabilna funkcija zaklju\u010davanja samo za \u010ditanje<\/li>\n<li>Potpis izvornosti temeljen na ECC-u<\/li>\n<li>32-bitna za\u0161tita lozinkom za sprje\u010davanje neovla\u0161tenih operacija memorije<\/li>\n<\/ul>\n<h3>Sukladnost tipa NFC Forum Tag 2<\/h3>\n<p>NTAG 21x IC pru\u017ea potpunu uskla\u0111enost s tehni\u010dkom specifikacijom tipa NFC Forum Tag 2 i omogu\u0107uje konfiguracije NDEF strukture podataka.<\/p>\n<h3>Za\u0161tita od sudara<\/h3>\n<p>Inteligentna funkcija protiv sudara omogu\u0107uje rad s vi\u0161e od jedne oznake u polju istovremeno. Algoritam protiv kolizije odabire svaku oznaku pojedina\u010dno i osigurava da se izvr\u0161enje transakcije s odabranom oznakom izvodi ispravno bez ometanja druge oznake u polju.<\/p>\n<div class=\"auto-hide-last-sibling-br paragraph_1252f paragraph-element\"><\/div>\n<div class=\"auto-hide-last-sibling-br paragraph_1252f paragraph-element\"><\/div>\n<\/div>\n<\/div>\n<\/div>\n<\/div>\n<\/div>","protected":false},"excerpt":{"rendered":"<p>PPS 13,56MHz RFID oznake za odje\u0107u za pranje rublja su genijalno izra\u0111ene za integraciju ili pri\u010dvr\u0161\u0107ivanje na posteljinu, ru\u010dnike i glavnu medicinsku opremu ili uniforme za koje je potrebna \u010dvrsta RFID oznaka malog promjera. Oznaka se mo\u017ee pohvaliti PPS + epoksidnom konstrukcijom koja jam\u010di otpornost pod intenzivnim pritiskom i uvjetima visoke temperature, \u0161to je \u010dini posebno izdr\u017eljivom za rigorozne industrije. Osim toga, nudimo oznake opremljene i ISO 15693 i 14443 NFC memorijskim \u010dipovima, \u0161to ih \u010dini prilagodljivima razli\u010ditim potrebama.<\/p>","protected":false},"featured_media":121,"template":"","meta":{"_kad_post_transparent":"default","_kad_post_title":"","_kad_post_layout":"default","_kad_post_sidebar_id":"","_kad_post_content_style":"default","_kad_post_vertical_padding":"default","_kad_post_feature":"","_kad_post_feature_position":"","_kad_post_header":false,"_kad_post_footer":false,"_kad_post_classname":""},"product_brand":[],"product_cat":[21,17,53],"product_tag":[39,60,57,45],"class_list":{"0":"post-120","1":"product","2":"type-product","3":"status-publish","4":"has-post-thumbnail","6":"product_cat-pps-rfid-laundry-tag","7":"product_cat-nfc-rfid-laundry-tag","8":"product_cat-rfid-clothes-tag","9":"product_tag-nfc-laundry-tag","10":"product_tag-pps-13-56mhz-rfid-laundry-clothes-tag","11":"product_tag-pps-rfid-laundry-tags","12":"product_tag-pps-washable-nfc-tags","14":"first","15":"instock","16":"shipping-taxable","17":"product-type-simple","18":"entry","19":"content-bg","20":"loop-entry"},"_links":{"self":[{"href":"https:\/\/rfid-laundry-tag.com\/hr\/wp-json\/wp\/v2\/product\/120","targetHints":{"allow":["GET"]}}],"collection":[{"href":"https:\/\/rfid-laundry-tag.com\/hr\/wp-json\/wp\/v2\/product"}],"about":[{"href":"https:\/\/rfid-laundry-tag.com\/hr\/wp-json\/wp\/v2\/types\/product"}],"version-history":[{"count":0,"href":"https:\/\/rfid-laundry-tag.com\/hr\/wp-json\/wp\/v2\/product\/120\/revisions"}],"wp:featuredmedia":[{"embeddable":true,"href":"https:\/\/rfid-laundry-tag.com\/hr\/wp-json\/wp\/v2\/media\/121"}],"wp:attachment":[{"href":"https:\/\/rfid-laundry-tag.com\/hr\/wp-json\/wp\/v2\/media?parent=120"}],"wp:term":[{"taxonomy":"product_brand","embeddable":true,"href":"https:\/\/rfid-laundry-tag.com\/hr\/wp-json\/wp\/v2\/product_brand?post=120"},{"taxonomy":"product_cat","embeddable":true,"href":"https:\/\/rfid-laundry-tag.com\/hr\/wp-json\/wp\/v2\/product_cat?post=120"},{"taxonomy":"product_tag","embeddable":true,"href":"https:\/\/rfid-laundry-tag.com\/hr\/wp-json\/wp\/v2\/product_tag?post=120"}],"curies":[{"name":"radni list","href":"https:\/\/api.w.org\/{rel}","templated":true}]}}